{"id":8934,"date":"2023-07-09T18:24:56","date_gmt":"2023-07-09T16:24:56","guid":{"rendered":"https:\/\/renaud-reynek.com\/catalogue-editorial\/uncategorized\/suzanne-renaud-lettres-a-ses-amis-tcheques-tcheques-dopisy-ceskym-pratelum-eva-florianova-jaroslav-pojer-zdenek-reznicek-1934-1963\/"},"modified":"2023-07-10T18:38:20","modified_gmt":"2023-07-10T16:38:20","slug":"suzanne-renaud-lettres-a-ses-amis-tcheques-tcheques-dopisy-ceskym-pratelum-eva-florianova-jaroslav-pojer-zdenek-reznicek-1934-1963","status":"publish","type":"product","link":"https:\/\/renaud-reynek.com\/en\/catalogue-editorial\/suzanne-renaud-en\/suzanne-renaud-lettres-a-ses-amis-tcheques-tcheques-dopisy-ceskym-pratelum-eva-florianova-jaroslav-pojer-zdenek-reznicek-1934-1963\/","title":{"rendered":"Suzanne RENAUD : <i>Lettres \u00e0 ses amis tch\u00e8ques  [Letters to Czech Friends] \/ Dopisy \u010desk\u00fdm p\u0159\u00e1tel\u016fm. Eva Florianov\u00e1, Jaroslav Pojer, Zden\u011bk \u0158ezn\u00ed\u010dek. (1934-1963)<\/i>"},"content":{"rendered":"<p>Published by Romarin, Meylan 2023<br \/>\nBilingual edition in French and Czech.<br \/>\nTranslated from French by Dagmar Halasov\u00e1, Franti\u0161ek Halas, Petr \u0158ezn\u00ed\u010dek.<br \/>\nNotes, chronologies, bibliographies.<br \/>\nColor illustrations: drawings and etchings by Bohuslav Reynek.<br \/>\nBlack and white illustrations within the text: photographs by Daniel Reynek.<br \/>\nEdition established by Annick Auzimour and Magdalena Hroz\u00ednkov\u00e1.<br \/>\nPublished with support from the Ministry of Foreign Affairs<br \/>\nand the Ministry of Culture of the Czech Republic<br \/>\nand the Renaud-Reynek Endowment Fund (France).<\/p>\n<p><em><strong>Format: 15 x 21 cm.<br \/>\n372 pages. Softbound, illustrated cover.<br \/>\nISBN : 2\u2013910544\u201321\u20134<\/strong><\/em><\/p>\n<p><em>Excerpts<\/em><\/p>\n<p style=\"text-align: justify; text-justify: inter-ideograph;\">You can count on us. Consider our house your home if terrible events force you to leave your lovely town of Znojmo. It is true that we are living in nerve-wracking times. We are overwhelmed by a sense of danger and even more by the horror of seeing hypocritical brutality triumph and crudely humiliate a proud people and an ancient culture. (Suzanne Renaud to Zden\u011bk \u0158ezn\u00ed\u010dek, Petrkov, September 10, 1938).<\/p>\n<p style=\"text-align: justify; text-justify: inter-ideograph;\">My husband has been in Petrkov for 15 days. He found the house and garden intact (the Krauts wanted to blow it up, but they didn&#8217;t have the time!). The property was returned to us without any problems, but it was a lot of trouble and work to get everything back in order. Romanian workers and soldiers were housed everywhere, bombs were set off and so on. (Suzanne Renaud to Jaroslav Pojer, Star\u00e1 \u0158\u00ed\u0161e, June 11, 1945).<\/p>\n<p style=\"text-align: justify; text-justify: inter-ideograph;\">I think of you while admiring our old trees, which I&#8217;d like to show you in their frosty robes, golden mantles and turbans of pearls, solemn and kind like the Wise Men. Sometimes a squirrel scampers by like a flame streaking through clouds of white. Sometimes the setting sun suddenly falls on our forest like the bloody head of a martyr in a silver reliquary. (Suzanne Renaud to Eva Florianov\u00e1, Petrkov, December 21, 1952).<\/p>\n","protected":false},"excerpt":{"rendered":"<p>Published by Romarin, Meylan 2023 Bilingual edition in French and Czech. Translated from French by Dagmar Halasov\u00e1, Franti\u0161ek Halas, Petr \u0158ezn\u00ed\u010dek. Notes, chronologies, bibliographies. Color illustrations: drawings and etchings by Bohuslav Reynek. Black and white illustrations within the text: photographs by Daniel Reynek. Edition established by Annick Auzimour and Magdalena Hroz\u00ednkov\u00e1. Published with support from [&#8230;]<\/p>\n","protected":false},"featured_media":8937,"comment_status":"open","ping_status":"closed","template":"","meta":{"_acf_changed":false},"product_brand":[],"product_cat":[208],"product_tag":[],"class_list":{"0":"post-8934","1":"product","2":"type-product","3":"status-publish","4":"has-post-thumbnail","6":"product_cat-suzanne-renaud-en","8":"first","9":"instock","10":"shipping-taxable","11":"purchasable","12":"product-type-simple"},"acf":[],"yoast_head":"<!-- This site is optimized with the Yoast SEO plugin v27.4 - https:\/\/yoast.com\/product\/yoast-seo-wordpress\/ -->\n<title>Association Romarin - Suzanne RENAUD : Lettres \u00e0 ses amis tch\u00e8ques [Letters to Czech Friends] \/ Dopisy \u010desk\u00fdm p\u0159\u00e1tel\u016fm. Eva Florianov\u00e1, Jaroslav Pojer, Zden\u011bk \u0158ezn\u00ed\u010dek. (1934-1963)<\/title>\n<meta name=\"description\" content=\"Site de l&#039;Association Romarin. D\u00e9couvrez les \u0153uvres du graveur tch\u00e8que Bohuslav Reynek et de Suzanne Renaud, po\u00e8te, son \u00e9pouse grenobloise.\" \/>\n<meta name=\"robots\" content=\"index, follow, max-snippet:-1, max-image-preview:large, max-video-preview:-1\" \/>\n<link rel=\"canonical\" href=\"https:\/\/renaud-reynek.com\/en\/catalogue-editorial\/suzanne-renaud-en\/suzanne-renaud-lettres-a-ses-amis-tcheques-tcheques-dopisy-ceskym-pratelum-eva-florianova-jaroslav-pojer-zdenek-reznicek-1934-1963\/\" \/>\n<meta property=\"og:locale\" content=\"en_US\" \/>\n<meta property=\"og:type\" content=\"article\" \/>\n<meta property=\"og:title\" content=\"Association Romarin - Suzanne RENAUD : Lettres \u00e0 ses amis tch\u00e8ques [Letters to Czech Friends] \/ Dopisy \u010desk\u00fdm p\u0159\u00e1tel\u016fm. Eva Florianov\u00e1, Jaroslav Pojer, Zden\u011bk \u0158ezn\u00ed\u010dek. (1934-1963)\" \/>\n<meta property=\"og:description\" content=\"Site de l&#039;Association Romarin. D\u00e9couvrez les \u0153uvres du graveur tch\u00e8que Bohuslav Reynek et de Suzanne Renaud, po\u00e8te, son \u00e9pouse grenobloise.\" \/>\n<meta property=\"og:url\" content=\"https:\/\/renaud-reynek.com\/en\/catalogue-editorial\/suzanne-renaud-en\/suzanne-renaud-lettres-a-ses-amis-tcheques-tcheques-dopisy-ceskym-pratelum-eva-florianova-jaroslav-pojer-zdenek-reznicek-1934-1963\/\" \/>\n<meta property=\"og:site_name\" content=\"Association Romarin\" \/>\n<meta property=\"article:modified_time\" content=\"2023-07-10T16:38:20+00:00\" \/>\n<meta property=\"og:image\" content=\"https:\/\/renaud-reynek.com\/wp-content\/uploads\/2023\/07\/SR_AmisTch.jpg\" \/>\n\t<meta property=\"og:image:width\" content=\"1734\" \/>\n\t<meta property=\"og:image:height\" content=\"2453\" \/>\n\t<meta property=\"og:image:type\" content=\"image\/jpeg\" \/>\n<meta name=\"twitter:card\" content=\"summary_large_image\" \/>\n<meta name=\"twitter:label1\" content=\"Est. reading time\" \/>\n\t<meta name=\"twitter:data1\" content=\"2 minutes\" \/>\n<script type=\"application\/ld+json\" class=\"yoast-schema-graph\">{\"@context\":\"https:\\\/\\\/schema.org\",\"@graph\":[{\"@type\":\"WebPage\",\"@id\":\"https:\\\/\\\/renaud-reynek.com\\\/en\\\/catalogue-editorial\\\/suzanne-renaud-en\\\/suzanne-renaud-lettres-a-ses-amis-tcheques-tcheques-dopisy-ceskym-pratelum-eva-florianova-jaroslav-pojer-zdenek-reznicek-1934-1963\\\/\",\"url\":\"https:\\\/\\\/renaud-reynek.com\\\/en\\\/catalogue-editorial\\\/suzanne-renaud-en\\\/suzanne-renaud-lettres-a-ses-amis-tcheques-tcheques-dopisy-ceskym-pratelum-eva-florianova-jaroslav-pojer-zdenek-reznicek-1934-1963\\\/\",\"name\":\"Association Romarin - Suzanne RENAUD : Lettres \u00e0 ses amis tch\u00e8ques [Letters to Czech Friends] \\\/ Dopisy \u010desk\u00fdm p\u0159\u00e1tel\u016fm. Eva Florianov\u00e1, Jaroslav Pojer, Zden\u011bk \u0158ezn\u00ed\u010dek. (1934-1963)\",\"isPartOf\":{\"@id\":\"https:\\\/\\\/renaud-reynek.com\\\/en\\\/#website\"},\"primaryImageOfPage\":{\"@id\":\"https:\\\/\\\/renaud-reynek.com\\\/en\\\/catalogue-editorial\\\/suzanne-renaud-en\\\/suzanne-renaud-lettres-a-ses-amis-tcheques-tcheques-dopisy-ceskym-pratelum-eva-florianova-jaroslav-pojer-zdenek-reznicek-1934-1963\\\/#primaryimage\"},\"image\":{\"@id\":\"https:\\\/\\\/renaud-reynek.com\\\/en\\\/catalogue-editorial\\\/suzanne-renaud-en\\\/suzanne-renaud-lettres-a-ses-amis-tcheques-tcheques-dopisy-ceskym-pratelum-eva-florianova-jaroslav-pojer-zdenek-reznicek-1934-1963\\\/#primaryimage\"},\"thumbnailUrl\":\"https:\\\/\\\/renaud-reynek.com\\\/wp-content\\\/uploads\\\/2023\\\/07\\\/SR_AmisTch.jpg\",\"datePublished\":\"2023-07-09T16:24:56+00:00\",\"dateModified\":\"2023-07-10T16:38:20+00:00\",\"description\":\"Site de l'Association Romarin. D\u00e9couvrez les \u0153uvres du graveur tch\u00e8que Bohuslav Reynek et de Suzanne Renaud, po\u00e8te, son \u00e9pouse grenobloise.\",\"breadcrumb\":{\"@id\":\"https:\\\/\\\/renaud-reynek.com\\\/en\\\/catalogue-editorial\\\/suzanne-renaud-en\\\/suzanne-renaud-lettres-a-ses-amis-tcheques-tcheques-dopisy-ceskym-pratelum-eva-florianova-jaroslav-pojer-zdenek-reznicek-1934-1963\\\/#breadcrumb\"},\"inLanguage\":\"en-US\",\"potentialAction\":[{\"@type\":\"ReadAction\",\"target\":[\"https:\\\/\\\/renaud-reynek.com\\\/en\\\/catalogue-editorial\\\/suzanne-renaud-en\\\/suzanne-renaud-lettres-a-ses-amis-tcheques-tcheques-dopisy-ceskym-pratelum-eva-florianova-jaroslav-pojer-zdenek-reznicek-1934-1963\\\/\"]}]},{\"@type\":\"ImageObject\",\"inLanguage\":\"en-US\",\"@id\":\"https:\\\/\\\/renaud-reynek.com\\\/en\\\/catalogue-editorial\\\/suzanne-renaud-en\\\/suzanne-renaud-lettres-a-ses-amis-tcheques-tcheques-dopisy-ceskym-pratelum-eva-florianova-jaroslav-pojer-zdenek-reznicek-1934-1963\\\/#primaryimage\",\"url\":\"https:\\\/\\\/renaud-reynek.com\\\/wp-content\\\/uploads\\\/2023\\\/07\\\/SR_AmisTch.jpg\",\"contentUrl\":\"https:\\\/\\\/renaud-reynek.com\\\/wp-content\\\/uploads\\\/2023\\\/07\\\/SR_AmisTch.jpg\",\"width\":1734,\"height\":2453},{\"@type\":\"BreadcrumbList\",\"@id\":\"https:\\\/\\\/renaud-reynek.com\\\/en\\\/catalogue-editorial\\\/suzanne-renaud-en\\\/suzanne-renaud-lettres-a-ses-amis-tcheques-tcheques-dopisy-ceskym-pratelum-eva-florianova-jaroslav-pojer-zdenek-reznicek-1934-1963\\\/#breadcrumb\",\"itemListElement\":[{\"@type\":\"ListItem\",\"position\":1,\"name\":\"Accueil\",\"item\":\"https:\\\/\\\/renaud-reynek.com\\\/en\\\/\"},{\"@type\":\"ListItem\",\"position\":2,\"name\":\"Products\",\"item\":\"https:\\\/\\\/renaud-reynek.com\\\/en\\\/shop\\\/\"},{\"@type\":\"ListItem\",\"position\":3,\"name\":\"Suzanne RENAUD : Lettres \u00e0 ses amis tch\u00e8ques [Letters to Czech Friends] \\\/ Dopisy \u010desk\u00fdm p\u0159\u00e1tel\u016fm. Eva Florianov\u00e1, Jaroslav Pojer, Zden\u011bk \u0158ezn\u00ed\u010dek. (1934-1963)\"}]},{\"@type\":\"WebSite\",\"@id\":\"https:\\\/\\\/renaud-reynek.com\\\/en\\\/#website\",\"url\":\"https:\\\/\\\/renaud-reynek.com\\\/en\\\/\",\"name\":\"Association Romarin\",\"description\":\"Les Amis de Suzanne Renaud et Bohuslav Reynek\",\"potentialAction\":[{\"@type\":\"SearchAction\",\"target\":{\"@type\":\"EntryPoint\",\"urlTemplate\":\"https:\\\/\\\/renaud-reynek.com\\\/en\\\/?s={search_term_string}\"},\"query-input\":{\"@type\":\"PropertyValueSpecification\",\"valueRequired\":true,\"valueName\":\"search_term_string\"}}],\"inLanguage\":\"en-US\"}]}<\/script>\n<!-- \/ Yoast SEO plugin. -->","yoast_head_json":{"title":"Association Romarin - Suzanne RENAUD : Lettres \u00e0 ses amis tch\u00e8ques [Letters to Czech Friends] \/ Dopisy \u010desk\u00fdm p\u0159\u00e1tel\u016fm. Eva Florianov\u00e1, Jaroslav Pojer, Zden\u011bk \u0158ezn\u00ed\u010dek. (1934-1963)","description":"Site de l'Association Romarin. D\u00e9couvrez les \u0153uvres du graveur tch\u00e8que Bohuslav Reynek et de Suzanne Renaud, po\u00e8te, son \u00e9pouse grenobloise.","robots":{"index":"index","follow":"follow","max-snippet":"max-snippet:-1","max-image-preview":"max-image-preview:large","max-video-preview":"max-video-preview:-1"},"canonical":"https:\/\/renaud-reynek.com\/en\/catalogue-editorial\/suzanne-renaud-en\/suzanne-renaud-lettres-a-ses-amis-tcheques-tcheques-dopisy-ceskym-pratelum-eva-florianova-jaroslav-pojer-zdenek-reznicek-1934-1963\/","og_locale":"en_US","og_type":"article","og_title":"Association Romarin - Suzanne RENAUD : Lettres \u00e0 ses amis tch\u00e8ques [Letters to Czech Friends] \/ Dopisy \u010desk\u00fdm p\u0159\u00e1tel\u016fm. Eva Florianov\u00e1, Jaroslav Pojer, Zden\u011bk \u0158ezn\u00ed\u010dek. (1934-1963)","og_description":"Site de l'Association Romarin. D\u00e9couvrez les \u0153uvres du graveur tch\u00e8que Bohuslav Reynek et de Suzanne Renaud, po\u00e8te, son \u00e9pouse grenobloise.","og_url":"https:\/\/renaud-reynek.com\/en\/catalogue-editorial\/suzanne-renaud-en\/suzanne-renaud-lettres-a-ses-amis-tcheques-tcheques-dopisy-ceskym-pratelum-eva-florianova-jaroslav-pojer-zdenek-reznicek-1934-1963\/","og_site_name":"Association Romarin","article_modified_time":"2023-07-10T16:38:20+00:00","og_image":[{"width":1734,"height":2453,"url":"https:\/\/renaud-reynek.com\/wp-content\/uploads\/2023\/07\/SR_AmisTch.jpg","type":"image\/jpeg"}],"twitter_card":"summary_large_image","twitter_misc":{"Est. reading time":"2 minutes"},"schema":{"@context":"https:\/\/schema.org","@graph":[{"@type":"WebPage","@id":"https:\/\/renaud-reynek.com\/en\/catalogue-editorial\/suzanne-renaud-en\/suzanne-renaud-lettres-a-ses-amis-tcheques-tcheques-dopisy-ceskym-pratelum-eva-florianova-jaroslav-pojer-zdenek-reznicek-1934-1963\/","url":"https:\/\/renaud-reynek.com\/en\/catalogue-editorial\/suzanne-renaud-en\/suzanne-renaud-lettres-a-ses-amis-tcheques-tcheques-dopisy-ceskym-pratelum-eva-florianova-jaroslav-pojer-zdenek-reznicek-1934-1963\/","name":"Association Romarin - Suzanne RENAUD : Lettres \u00e0 ses amis tch\u00e8ques [Letters to Czech Friends] \/ Dopisy \u010desk\u00fdm p\u0159\u00e1tel\u016fm. Eva Florianov\u00e1, Jaroslav Pojer, Zden\u011bk \u0158ezn\u00ed\u010dek. (1934-1963)","isPartOf":{"@id":"https:\/\/renaud-reynek.com\/en\/#website"},"primaryImageOfPage":{"@id":"https:\/\/renaud-reynek.com\/en\/catalogue-editorial\/suzanne-renaud-en\/suzanne-renaud-lettres-a-ses-amis-tcheques-tcheques-dopisy-ceskym-pratelum-eva-florianova-jaroslav-pojer-zdenek-reznicek-1934-1963\/#primaryimage"},"image":{"@id":"https:\/\/renaud-reynek.com\/en\/catalogue-editorial\/suzanne-renaud-en\/suzanne-renaud-lettres-a-ses-amis-tcheques-tcheques-dopisy-ceskym-pratelum-eva-florianova-jaroslav-pojer-zdenek-reznicek-1934-1963\/#primaryimage"},"thumbnailUrl":"https:\/\/renaud-reynek.com\/wp-content\/uploads\/2023\/07\/SR_AmisTch.jpg","datePublished":"2023-07-09T16:24:56+00:00","dateModified":"2023-07-10T16:38:20+00:00","description":"Site de l'Association Romarin. D\u00e9couvrez les \u0153uvres du graveur tch\u00e8que Bohuslav Reynek et de Suzanne Renaud, po\u00e8te, son \u00e9pouse grenobloise.","breadcrumb":{"@id":"https:\/\/renaud-reynek.com\/en\/catalogue-editorial\/suzanne-renaud-en\/suzanne-renaud-lettres-a-ses-amis-tcheques-tcheques-dopisy-ceskym-pratelum-eva-florianova-jaroslav-pojer-zdenek-reznicek-1934-1963\/#breadcrumb"},"inLanguage":"en-US","potentialAction":[{"@type":"ReadAction","target":["https:\/\/renaud-reynek.com\/en\/catalogue-editorial\/suzanne-renaud-en\/suzanne-renaud-lettres-a-ses-amis-tcheques-tcheques-dopisy-ceskym-pratelum-eva-florianova-jaroslav-pojer-zdenek-reznicek-1934-1963\/"]}]},{"@type":"ImageObject","inLanguage":"en-US","@id":"https:\/\/renaud-reynek.com\/en\/catalogue-editorial\/suzanne-renaud-en\/suzanne-renaud-lettres-a-ses-amis-tcheques-tcheques-dopisy-ceskym-pratelum-eva-florianova-jaroslav-pojer-zdenek-reznicek-1934-1963\/#primaryimage","url":"https:\/\/renaud-reynek.com\/wp-content\/uploads\/2023\/07\/SR_AmisTch.jpg","contentUrl":"https:\/\/renaud-reynek.com\/wp-content\/uploads\/2023\/07\/SR_AmisTch.jpg","width":1734,"height":2453},{"@type":"BreadcrumbList","@id":"https:\/\/renaud-reynek.com\/en\/catalogue-editorial\/suzanne-renaud-en\/suzanne-renaud-lettres-a-ses-amis-tcheques-tcheques-dopisy-ceskym-pratelum-eva-florianova-jaroslav-pojer-zdenek-reznicek-1934-1963\/#breadcrumb","itemListElement":[{"@type":"ListItem","position":1,"name":"Accueil","item":"https:\/\/renaud-reynek.com\/en\/"},{"@type":"ListItem","position":2,"name":"Products","item":"https:\/\/renaud-reynek.com\/en\/shop\/"},{"@type":"ListItem","position":3,"name":"Suzanne RENAUD : Lettres \u00e0 ses amis tch\u00e8ques [Letters to Czech Friends] \/ Dopisy \u010desk\u00fdm p\u0159\u00e1tel\u016fm. Eva Florianov\u00e1, Jaroslav Pojer, Zden\u011bk \u0158ezn\u00ed\u010dek. (1934-1963)"}]},{"@type":"WebSite","@id":"https:\/\/renaud-reynek.com\/en\/#website","url":"https:\/\/renaud-reynek.com\/en\/","name":"Association Romarin","description":"Les Amis de Suzanne Renaud et Bohuslav Reynek","potentialAction":[{"@type":"SearchAction","target":{"@type":"EntryPoint","urlTemplate":"https:\/\/renaud-reynek.com\/en\/?s={search_term_string}"},"query-input":{"@type":"PropertyValueSpecification","valueRequired":true,"valueName":"search_term_string"}}],"inLanguage":"en-US"}]}},"_links":{"self":[{"href":"https:\/\/renaud-reynek.com\/en\/wp-json\/wp\/v2\/product\/8934","targetHints":{"allow":["GET"]}}],"collection":[{"href":"https:\/\/renaud-reynek.com\/en\/wp-json\/wp\/v2\/product"}],"about":[{"href":"https:\/\/renaud-reynek.com\/en\/wp-json\/wp\/v2\/types\/product"}],"replies":[{"embeddable":true,"href":"https:\/\/renaud-reynek.com\/en\/wp-json\/wp\/v2\/comments?post=8934"}],"wp:featuredmedia":[{"embeddable":true,"href":"https:\/\/renaud-reynek.com\/en\/wp-json\/wp\/v2\/media\/8937"}],"wp:attachment":[{"href":"https:\/\/renaud-reynek.com\/en\/wp-json\/wp\/v2\/media?parent=8934"}],"wp:term":[{"taxonomy":"product_brand","embeddable":true,"href":"https:\/\/renaud-reynek.com\/en\/wp-json\/wp\/v2\/product_brand?post=8934"},{"taxonomy":"product_cat","embeddable":true,"href":"https:\/\/renaud-reynek.com\/en\/wp-json\/wp\/v2\/product_cat?post=8934"},{"taxonomy":"product_tag","embeddable":true,"href":"https:\/\/renaud-reynek.com\/en\/wp-json\/wp\/v2\/product_tag?post=8934"}],"curies":[{"name":"wp","href":"https:\/\/api.w.org\/{rel}","templated":true}]}}