{"id":7942,"date":"2021-10-03T17:49:13","date_gmt":"2021-10-03T15:49:13","guid":{"rendered":"https:\/\/renaud-reynek.com\/catalogue-editorial\/uncategorized\/suzanne-renaud-bohuslav-reynek-lettres-a-annette-dopisy-annette-letters-to-annette\/"},"modified":"2023-07-16T17:05:32","modified_gmt":"2023-07-16T15:05:32","slug":"suzanne-renaud-bohuslav-reynek-lettres-a-annette-dopisy-annette-letters-to-annette","status":"publish","type":"product","link":"https:\/\/renaud-reynek.com\/en\/catalogue-editorial\/suzanne-renaud-en\/suzanne-renaud-bohuslav-reynek-lettres-a-annette-dopisy-annette-letters-to-annette\/","title":{"rendered":"Suzanne RENAUD, Bohuslav REYNEK : <i>Lettres \u00e0 Annette \/ Dopisy Annette<\/i> (<i>Letters to Annette<\/i>) (1963-1971)<\/i>)"},"content":{"rendered":"<p>Published by Romarin, Meylan 2021<br \/>\nBilingual critical edition in French and Czech.<br \/>\nTranslated from the French by Dagmar and Franti\u0161ek Halas.<br \/>\nForeword by Annick Auzimour.<br \/>\nColor illustrations: two workss by Bohuslav Reynek, photographies.<br \/>\nBlack and white illustrations within the text: photographies<br \/>\nby Daniel Reynek, Ji\u0159\u00ed \u0160koch, Pavel Jasansk\u00fd,<br \/>\nPavel \u0160indel\u00e1\u0159, Annick Roy.<br \/>\nPublished with support of the Czech Republic\u2019s Ministry of Foreign Affairs and the Renaud-Reynek Endowment Fund (France).<\/p>\n<p><strong>Format 12,5 x 19 cm.<br \/>\n260 pages. Softbound, illustrated cover.<br \/>\nISBN 2\u2013910544-20-6<br \/>\nPrice 10 \u20ac<\/strong><\/p>\n<p style=\"text-align: justify;\">In the 1960s, after a period of destitution and isolation on their Petrkov farmstead, which had become a kolkhoz, Suzanne Renaud and Bohuslav Reynek welcomed many visitors who had come to see the engraver\u2019s art. Faithful friends they had met in Dauphin\u00e9 between the wars came from France. In 1963 \u201cAnnette\u201d, a young woman from Grenoble, spent the month of September in Petrkov. \u201cThe impulse that made her drive across so many kilometres did not only please the poet; for his wife it was a drop of living water that fell from the sky. [\u2026] [Thirty years later] she founded the \u2018Romarin\u2013Les Amis de Suzanne Renaud et Bohuslav Reynek\u2019 association in Grenoble.\u201d (Ji\u0159\u00ed \u0160er\u00fdch, <em>Il y a bien longtemps<\/em>).<\/p>\n","protected":false},"excerpt":{"rendered":"<p>Published by Romarin, Meylan 2021 Bilingual critical edition in French and Czech. Translated from the French by Dagmar and Franti\u0161ek Halas. Foreword by Annick Auzimour. Color illustrations: two workss by Bohuslav Reynek, photographies. Black and white illustrations within the text: photographies by Daniel Reynek, Ji\u0159\u00ed \u0160koch, Pavel Jasansk\u00fd, Pavel \u0160indel\u00e1\u0159, Annick Roy. Published with support [&#8230;]<\/p>\n","protected":false},"featured_media":7648,"comment_status":"open","ping_status":"closed","template":"","meta":{"_acf_changed":false},"product_brand":[],"product_cat":[209,208],"product_tag":[],"class_list":{"0":"post-7942","1":"product","2":"type-product","3":"status-publish","4":"has-post-thumbnail","6":"product_cat-bohuslav-reynek-en","7":"product_cat-suzanne-renaud-en","9":"first","10":"instock","11":"shipping-taxable","12":"purchasable","13":"product-type-simple"},"acf":[],"yoast_head":"<!-- This site is optimized with the Yoast SEO plugin v27.4 - https:\/\/yoast.com\/product\/yoast-seo-wordpress\/ -->\n<title>Association Romarin - Suzanne RENAUD, Bohuslav REYNEK : Lettres \u00e0 Annette \/ Dopisy Annette (Letters to Annette) (1963-1971))<\/title>\n<meta name=\"description\" content=\"Site de l&#039;Association Romarin. D\u00e9couvrez les \u0153uvres du graveur tch\u00e8que Bohuslav Reynek et de Suzanne Renaud, po\u00e8te, son \u00e9pouse grenobloise.\" \/>\n<meta name=\"robots\" content=\"index, follow, max-snippet:-1, max-image-preview:large, max-video-preview:-1\" \/>\n<link rel=\"canonical\" href=\"https:\/\/renaud-reynek.com\/en\/catalogue-editorial\/suzanne-renaud-en\/suzanne-renaud-bohuslav-reynek-lettres-a-annette-dopisy-annette-letters-to-annette\/\" \/>\n<meta property=\"og:locale\" content=\"en_US\" \/>\n<meta property=\"og:type\" content=\"article\" \/>\n<meta property=\"og:title\" content=\"Association Romarin - Suzanne RENAUD, Bohuslav REYNEK : Lettres \u00e0 Annette \/ Dopisy Annette (Letters to Annette) (1963-1971))\" \/>\n<meta property=\"og:description\" content=\"Site de l&#039;Association Romarin. D\u00e9couvrez les \u0153uvres du graveur tch\u00e8que Bohuslav Reynek et de Suzanne Renaud, po\u00e8te, son \u00e9pouse grenobloise.\" \/>\n<meta property=\"og:url\" content=\"https:\/\/renaud-reynek.com\/en\/catalogue-editorial\/suzanne-renaud-en\/suzanne-renaud-bohuslav-reynek-lettres-a-annette-dopisy-annette-letters-to-annette\/\" \/>\n<meta property=\"og:site_name\" content=\"Association Romarin\" \/>\n<meta property=\"article:modified_time\" content=\"2023-07-16T15:05:32+00:00\" \/>\n<meta property=\"og:image\" content=\"https:\/\/renaud-reynek.com\/wp-content\/uploads\/2021\/06\/Couv_Annette-1.jpg\" \/>\n\t<meta property=\"og:image:width\" content=\"1460\" \/>\n\t<meta property=\"og:image:height\" content=\"2229\" \/>\n\t<meta property=\"og:image:type\" content=\"image\/jpeg\" \/>\n<meta name=\"twitter:card\" content=\"summary_large_image\" \/>\n<meta name=\"twitter:label1\" content=\"Est. reading time\" \/>\n\t<meta name=\"twitter:data1\" content=\"2 minutes\" \/>\n<script type=\"application\/ld+json\" class=\"yoast-schema-graph\">{\"@context\":\"https:\\\/\\\/schema.org\",\"@graph\":[{\"@type\":\"WebPage\",\"@id\":\"https:\\\/\\\/renaud-reynek.com\\\/en\\\/catalogue-editorial\\\/suzanne-renaud-en\\\/suzanne-renaud-bohuslav-reynek-lettres-a-annette-dopisy-annette-letters-to-annette\\\/\",\"url\":\"https:\\\/\\\/renaud-reynek.com\\\/en\\\/catalogue-editorial\\\/suzanne-renaud-en\\\/suzanne-renaud-bohuslav-reynek-lettres-a-annette-dopisy-annette-letters-to-annette\\\/\",\"name\":\"Association Romarin - Suzanne RENAUD, Bohuslav REYNEK : Lettres \u00e0 Annette \\\/ Dopisy Annette (Letters to Annette) (1963-1971))\",\"isPartOf\":{\"@id\":\"https:\\\/\\\/renaud-reynek.com\\\/en\\\/#website\"},\"primaryImageOfPage\":{\"@id\":\"https:\\\/\\\/renaud-reynek.com\\\/en\\\/catalogue-editorial\\\/suzanne-renaud-en\\\/suzanne-renaud-bohuslav-reynek-lettres-a-annette-dopisy-annette-letters-to-annette\\\/#primaryimage\"},\"image\":{\"@id\":\"https:\\\/\\\/renaud-reynek.com\\\/en\\\/catalogue-editorial\\\/suzanne-renaud-en\\\/suzanne-renaud-bohuslav-reynek-lettres-a-annette-dopisy-annette-letters-to-annette\\\/#primaryimage\"},\"thumbnailUrl\":\"https:\\\/\\\/renaud-reynek.com\\\/wp-content\\\/uploads\\\/2021\\\/06\\\/Couv_Annette-1.jpg\",\"datePublished\":\"2021-10-03T15:49:13+00:00\",\"dateModified\":\"2023-07-16T15:05:32+00:00\",\"description\":\"Site de l'Association Romarin. D\u00e9couvrez les \u0153uvres du graveur tch\u00e8que Bohuslav Reynek et de Suzanne Renaud, po\u00e8te, son \u00e9pouse grenobloise.\",\"breadcrumb\":{\"@id\":\"https:\\\/\\\/renaud-reynek.com\\\/en\\\/catalogue-editorial\\\/suzanne-renaud-en\\\/suzanne-renaud-bohuslav-reynek-lettres-a-annette-dopisy-annette-letters-to-annette\\\/#breadcrumb\"},\"inLanguage\":\"en-US\",\"potentialAction\":[{\"@type\":\"ReadAction\",\"target\":[\"https:\\\/\\\/renaud-reynek.com\\\/en\\\/catalogue-editorial\\\/suzanne-renaud-en\\\/suzanne-renaud-bohuslav-reynek-lettres-a-annette-dopisy-annette-letters-to-annette\\\/\"]}]},{\"@type\":\"ImageObject\",\"inLanguage\":\"en-US\",\"@id\":\"https:\\\/\\\/renaud-reynek.com\\\/en\\\/catalogue-editorial\\\/suzanne-renaud-en\\\/suzanne-renaud-bohuslav-reynek-lettres-a-annette-dopisy-annette-letters-to-annette\\\/#primaryimage\",\"url\":\"https:\\\/\\\/renaud-reynek.com\\\/wp-content\\\/uploads\\\/2021\\\/06\\\/Couv_Annette-1.jpg\",\"contentUrl\":\"https:\\\/\\\/renaud-reynek.com\\\/wp-content\\\/uploads\\\/2021\\\/06\\\/Couv_Annette-1.jpg\",\"width\":1460,\"height\":2229},{\"@type\":\"BreadcrumbList\",\"@id\":\"https:\\\/\\\/renaud-reynek.com\\\/en\\\/catalogue-editorial\\\/suzanne-renaud-en\\\/suzanne-renaud-bohuslav-reynek-lettres-a-annette-dopisy-annette-letters-to-annette\\\/#breadcrumb\",\"itemListElement\":[{\"@type\":\"ListItem\",\"position\":1,\"name\":\"Accueil\",\"item\":\"https:\\\/\\\/renaud-reynek.com\\\/en\\\/\"},{\"@type\":\"ListItem\",\"position\":2,\"name\":\"Products\",\"item\":\"https:\\\/\\\/renaud-reynek.com\\\/en\\\/shop\\\/\"},{\"@type\":\"ListItem\",\"position\":3,\"name\":\"Suzanne RENAUD, Bohuslav REYNEK : Lettres \u00e0 Annette \\\/ Dopisy Annette (Letters to Annette) (1963-1971))\"}]},{\"@type\":\"WebSite\",\"@id\":\"https:\\\/\\\/renaud-reynek.com\\\/en\\\/#website\",\"url\":\"https:\\\/\\\/renaud-reynek.com\\\/en\\\/\",\"name\":\"Association Romarin\",\"description\":\"Les Amis de Suzanne Renaud et Bohuslav Reynek\",\"potentialAction\":[{\"@type\":\"SearchAction\",\"target\":{\"@type\":\"EntryPoint\",\"urlTemplate\":\"https:\\\/\\\/renaud-reynek.com\\\/en\\\/?s={search_term_string}\"},\"query-input\":{\"@type\":\"PropertyValueSpecification\",\"valueRequired\":true,\"valueName\":\"search_term_string\"}}],\"inLanguage\":\"en-US\"}]}<\/script>\n<!-- \/ Yoast SEO plugin. -->","yoast_head_json":{"title":"Association Romarin - Suzanne RENAUD, Bohuslav REYNEK : Lettres \u00e0 Annette \/ Dopisy Annette (Letters to Annette) (1963-1971))","description":"Site de l'Association Romarin. D\u00e9couvrez les \u0153uvres du graveur tch\u00e8que Bohuslav Reynek et de Suzanne Renaud, po\u00e8te, son \u00e9pouse grenobloise.","robots":{"index":"index","follow":"follow","max-snippet":"max-snippet:-1","max-image-preview":"max-image-preview:large","max-video-preview":"max-video-preview:-1"},"canonical":"https:\/\/renaud-reynek.com\/en\/catalogue-editorial\/suzanne-renaud-en\/suzanne-renaud-bohuslav-reynek-lettres-a-annette-dopisy-annette-letters-to-annette\/","og_locale":"en_US","og_type":"article","og_title":"Association Romarin - Suzanne RENAUD, Bohuslav REYNEK : Lettres \u00e0 Annette \/ Dopisy Annette (Letters to Annette) (1963-1971))","og_description":"Site de l'Association Romarin. D\u00e9couvrez les \u0153uvres du graveur tch\u00e8que Bohuslav Reynek et de Suzanne Renaud, po\u00e8te, son \u00e9pouse grenobloise.","og_url":"https:\/\/renaud-reynek.com\/en\/catalogue-editorial\/suzanne-renaud-en\/suzanne-renaud-bohuslav-reynek-lettres-a-annette-dopisy-annette-letters-to-annette\/","og_site_name":"Association Romarin","article_modified_time":"2023-07-16T15:05:32+00:00","og_image":[{"width":1460,"height":2229,"url":"https:\/\/renaud-reynek.com\/wp-content\/uploads\/2021\/06\/Couv_Annette-1.jpg","type":"image\/jpeg"}],"twitter_card":"summary_large_image","twitter_misc":{"Est. reading time":"2 minutes"},"schema":{"@context":"https:\/\/schema.org","@graph":[{"@type":"WebPage","@id":"https:\/\/renaud-reynek.com\/en\/catalogue-editorial\/suzanne-renaud-en\/suzanne-renaud-bohuslav-reynek-lettres-a-annette-dopisy-annette-letters-to-annette\/","url":"https:\/\/renaud-reynek.com\/en\/catalogue-editorial\/suzanne-renaud-en\/suzanne-renaud-bohuslav-reynek-lettres-a-annette-dopisy-annette-letters-to-annette\/","name":"Association Romarin - Suzanne RENAUD, Bohuslav REYNEK : Lettres \u00e0 Annette \/ Dopisy Annette (Letters to Annette) (1963-1971))","isPartOf":{"@id":"https:\/\/renaud-reynek.com\/en\/#website"},"primaryImageOfPage":{"@id":"https:\/\/renaud-reynek.com\/en\/catalogue-editorial\/suzanne-renaud-en\/suzanne-renaud-bohuslav-reynek-lettres-a-annette-dopisy-annette-letters-to-annette\/#primaryimage"},"image":{"@id":"https:\/\/renaud-reynek.com\/en\/catalogue-editorial\/suzanne-renaud-en\/suzanne-renaud-bohuslav-reynek-lettres-a-annette-dopisy-annette-letters-to-annette\/#primaryimage"},"thumbnailUrl":"https:\/\/renaud-reynek.com\/wp-content\/uploads\/2021\/06\/Couv_Annette-1.jpg","datePublished":"2021-10-03T15:49:13+00:00","dateModified":"2023-07-16T15:05:32+00:00","description":"Site de l'Association Romarin. D\u00e9couvrez les \u0153uvres du graveur tch\u00e8que Bohuslav Reynek et de Suzanne Renaud, po\u00e8te, son \u00e9pouse grenobloise.","breadcrumb":{"@id":"https:\/\/renaud-reynek.com\/en\/catalogue-editorial\/suzanne-renaud-en\/suzanne-renaud-bohuslav-reynek-lettres-a-annette-dopisy-annette-letters-to-annette\/#breadcrumb"},"inLanguage":"en-US","potentialAction":[{"@type":"ReadAction","target":["https:\/\/renaud-reynek.com\/en\/catalogue-editorial\/suzanne-renaud-en\/suzanne-renaud-bohuslav-reynek-lettres-a-annette-dopisy-annette-letters-to-annette\/"]}]},{"@type":"ImageObject","inLanguage":"en-US","@id":"https:\/\/renaud-reynek.com\/en\/catalogue-editorial\/suzanne-renaud-en\/suzanne-renaud-bohuslav-reynek-lettres-a-annette-dopisy-annette-letters-to-annette\/#primaryimage","url":"https:\/\/renaud-reynek.com\/wp-content\/uploads\/2021\/06\/Couv_Annette-1.jpg","contentUrl":"https:\/\/renaud-reynek.com\/wp-content\/uploads\/2021\/06\/Couv_Annette-1.jpg","width":1460,"height":2229},{"@type":"BreadcrumbList","@id":"https:\/\/renaud-reynek.com\/en\/catalogue-editorial\/suzanne-renaud-en\/suzanne-renaud-bohuslav-reynek-lettres-a-annette-dopisy-annette-letters-to-annette\/#breadcrumb","itemListElement":[{"@type":"ListItem","position":1,"name":"Accueil","item":"https:\/\/renaud-reynek.com\/en\/"},{"@type":"ListItem","position":2,"name":"Products","item":"https:\/\/renaud-reynek.com\/en\/shop\/"},{"@type":"ListItem","position":3,"name":"Suzanne RENAUD, Bohuslav REYNEK : Lettres \u00e0 Annette \/ Dopisy Annette (Letters to Annette) (1963-1971))"}]},{"@type":"WebSite","@id":"https:\/\/renaud-reynek.com\/en\/#website","url":"https:\/\/renaud-reynek.com\/en\/","name":"Association Romarin","description":"Les Amis de Suzanne Renaud et Bohuslav Reynek","potentialAction":[{"@type":"SearchAction","target":{"@type":"EntryPoint","urlTemplate":"https:\/\/renaud-reynek.com\/en\/?s={search_term_string}"},"query-input":{"@type":"PropertyValueSpecification","valueRequired":true,"valueName":"search_term_string"}}],"inLanguage":"en-US"}]}},"_links":{"self":[{"href":"https:\/\/renaud-reynek.com\/en\/wp-json\/wp\/v2\/product\/7942","targetHints":{"allow":["GET"]}}],"collection":[{"href":"https:\/\/renaud-reynek.com\/en\/wp-json\/wp\/v2\/product"}],"about":[{"href":"https:\/\/renaud-reynek.com\/en\/wp-json\/wp\/v2\/types\/product"}],"replies":[{"embeddable":true,"href":"https:\/\/renaud-reynek.com\/en\/wp-json\/wp\/v2\/comments?post=7942"}],"wp:featuredmedia":[{"embeddable":true,"href":"https:\/\/renaud-reynek.com\/en\/wp-json\/wp\/v2\/media\/7648"}],"wp:attachment":[{"href":"https:\/\/renaud-reynek.com\/en\/wp-json\/wp\/v2\/media?parent=7942"}],"wp:term":[{"taxonomy":"product_brand","embeddable":true,"href":"https:\/\/renaud-reynek.com\/en\/wp-json\/wp\/v2\/product_brand?post=7942"},{"taxonomy":"product_cat","embeddable":true,"href":"https:\/\/renaud-reynek.com\/en\/wp-json\/wp\/v2\/product_cat?post=7942"},{"taxonomy":"product_tag","embeddable":true,"href":"https:\/\/renaud-reynek.com\/en\/wp-json\/wp\/v2\/product_tag?post=7942"}],"curies":[{"name":"wp","href":"https:\/\/api.w.org\/{rel}","templated":true}]}}