{"id":6598,"date":"2020-01-09T22:46:29","date_gmt":"2020-01-09T21:46:29","guid":{"rendered":"https:\/\/renaud-reynek.com\/catalogue-editorial\/uncategorized\/annick-auzimour-henriette-groll-grand-peintre-et-femme-1997\/"},"modified":"2021-02-15T05:22:04","modified_gmt":"2021-02-15T04:22:04","slug":"annick-auzimour-henriette-groll-grand-peintre-et-femme-1997","status":"publish","type":"product","link":"https:\/\/renaud-reynek.com\/en\/catalogue-editorial\/suzanne-renaud-en\/annick-auzimour-henriette-groll-grand-peintre-et-femme-1997\/","title":{"rendered":"Annick AUZIMOUR: <br><i>Henriette Gr\u00f6ll. Grand peintre. <br>Et femme<\/i>.<br>[<i>Henriette Gr\u00f6ll. A Great Painter. And Woman<\/i>].<br>1997"},"content":{"rendered":"<p><strong><em>Format 12,5 x 19 cm.<br \/>\n<\/em><\/strong><strong><em>144 pages. Illustrated hardcover.<br \/>\n<\/em><\/strong><strong><em>ISBN : 2\u2013910544\u201303\u20136<\/em><\/strong><\/p>\n<p>Published by Romarin, Grenoble 1997.<br \/>\nLanguage: French.<br \/>\nBiographical text.<br \/>\nLetters of Henriette Gr\u00f6ll and Suzanne Renaud.<br \/>\nPreface by Paul Dreyfus. Notes, chronologies.<br \/>\nIllustrations: eight oil on canvas in color of Henriette Gr\u00f6ll<br \/>\nand thirteen of his black and white drawings, three photographs of the artist and his house in Sassenage,<br \/>\ntwo dry tips by Andr\u00e9 Dunoyer de Segonzac.<\/p>\n","protected":false},"excerpt":{"rendered":"<p>The author was very close to Henriette Gr\u00f6ll (1906-1996) in her final years. She wrote a biography of the painter, who was Parisian yet at the same time from the Dauphin\u00e9. Gr\u00f6ll led an exciting life dominated by her strong personality. She was close to most of the 20th century\u2019s great writers and poets, from Andr\u00e9 Malraux to Saint-Exup\u00e9ry. A figurative painter whose work went beyond fashion, Gr\u00f6ll was quickly recognized as one of the few women artists, with Suzanne Valadon and Marie Laurencin. Her talent marked contemporary painting. She left behind a considerable body of work (portraits, landscapes and still lifes), now scattered in private collections and museums in France and abroad. At the end of the book, a few letters between the artist and Renaud recall the relationship between these two great women.<\/p>\n","protected":false},"featured_media":3895,"comment_status":"open","ping_status":"closed","template":"","meta":{"_acf_changed":false},"product_brand":[],"product_cat":[246,208],"product_tag":[],"class_list":{"0":"post-6598","1":"product","2":"type-product","3":"status-publish","4":"has-post-thumbnail","6":"product_cat-annick-auzimour-en","7":"product_cat-suzanne-renaud-en","9":"first","10":"instock","11":"shipping-taxable","12":"purchasable","13":"product-type-simple"},"acf":[],"yoast_head":"<!-- This site is optimized with the Yoast SEO plugin v27.3 - https:\/\/yoast.com\/product\/yoast-seo-wordpress\/ -->\n<title>Association Romarin - Annick AUZIMOUR: Henriette Gr\u00f6ll. Grand peintre. Et femme.[Henriette Gr\u00f6ll. A Great Painter. And Woman].1997<\/title>\n<meta name=\"description\" content=\"Site de l&#039;Association Romarin. D\u00e9couvrez les \u0153uvres du graveur tch\u00e8que Bohuslav Reynek et de Suzanne Renaud, po\u00e8te, son \u00e9pouse grenobloise.\" \/>\n<meta name=\"robots\" content=\"index, follow, max-snippet:-1, max-image-preview:large, max-video-preview:-1\" \/>\n<link rel=\"canonical\" href=\"https:\/\/renaud-reynek.com\/en\/catalogue-editorial\/suzanne-renaud-en\/annick-auzimour-henriette-groll-grand-peintre-et-femme-1997\/\" \/>\n<meta property=\"og:locale\" content=\"en_US\" \/>\n<meta property=\"og:type\" content=\"article\" \/>\n<meta property=\"og:title\" content=\"Association Romarin - Annick AUZIMOUR: Henriette Gr\u00f6ll. Grand peintre. Et femme.[Henriette Gr\u00f6ll. A Great Painter. And Woman].1997\" \/>\n<meta property=\"og:description\" content=\"Site de l&#039;Association Romarin. D\u00e9couvrez les \u0153uvres du graveur tch\u00e8que Bohuslav Reynek et de Suzanne Renaud, po\u00e8te, son \u00e9pouse grenobloise.\" \/>\n<meta property=\"og:url\" content=\"https:\/\/renaud-reynek.com\/en\/catalogue-editorial\/suzanne-renaud-en\/annick-auzimour-henriette-groll-grand-peintre-et-femme-1997\/\" \/>\n<meta property=\"og:site_name\" content=\"Association Romarin\" \/>\n<meta property=\"article:modified_time\" content=\"2021-02-15T04:22:04+00:00\" \/>\n<meta property=\"og:image\" content=\"https:\/\/renaud-reynek.com\/wp-content\/uploads\/2020\/02\/AAuzimour_HGroll1997.jpg\" \/>\n\t<meta property=\"og:image:width\" content=\"1505\" \/>\n\t<meta property=\"og:image:height\" content=\"2275\" \/>\n\t<meta property=\"og:image:type\" content=\"image\/jpeg\" \/>\n<meta name=\"twitter:card\" content=\"summary_large_image\" \/>\n<script type=\"application\/ld+json\" class=\"yoast-schema-graph\">{\"@context\":\"https:\\\/\\\/schema.org\",\"@graph\":[{\"@type\":\"WebPage\",\"@id\":\"https:\\\/\\\/renaud-reynek.com\\\/en\\\/catalogue-editorial\\\/suzanne-renaud-en\\\/annick-auzimour-henriette-groll-grand-peintre-et-femme-1997\\\/\",\"url\":\"https:\\\/\\\/renaud-reynek.com\\\/en\\\/catalogue-editorial\\\/suzanne-renaud-en\\\/annick-auzimour-henriette-groll-grand-peintre-et-femme-1997\\\/\",\"name\":\"Association Romarin - Annick AUZIMOUR: Henriette Gr\u00f6ll. Grand peintre. Et femme. [Henriette Gr\u00f6ll. A Great Painter. And Woman]. 1997\",\"isPartOf\":{\"@id\":\"https:\\\/\\\/renaud-reynek.com\\\/en\\\/#website\"},\"primaryImageOfPage\":{\"@id\":\"https:\\\/\\\/renaud-reynek.com\\\/en\\\/catalogue-editorial\\\/suzanne-renaud-en\\\/annick-auzimour-henriette-groll-grand-peintre-et-femme-1997\\\/#primaryimage\"},\"image\":{\"@id\":\"https:\\\/\\\/renaud-reynek.com\\\/en\\\/catalogue-editorial\\\/suzanne-renaud-en\\\/annick-auzimour-henriette-groll-grand-peintre-et-femme-1997\\\/#primaryimage\"},\"thumbnailUrl\":\"https:\\\/\\\/renaud-reynek.com\\\/wp-content\\\/uploads\\\/2020\\\/02\\\/AAuzimour_HGroll1997.jpg\",\"datePublished\":\"2020-01-09T21:46:29+00:00\",\"dateModified\":\"2021-02-15T04:22:04+00:00\",\"description\":\"Site de l'Association Romarin. D\u00e9couvrez les \u0153uvres du graveur tch\u00e8que Bohuslav Reynek et de Suzanne Renaud, po\u00e8te, son \u00e9pouse grenobloise.\",\"breadcrumb\":{\"@id\":\"https:\\\/\\\/renaud-reynek.com\\\/en\\\/catalogue-editorial\\\/suzanne-renaud-en\\\/annick-auzimour-henriette-groll-grand-peintre-et-femme-1997\\\/#breadcrumb\"},\"inLanguage\":\"en-US\",\"potentialAction\":[{\"@type\":\"ReadAction\",\"target\":[\"https:\\\/\\\/renaud-reynek.com\\\/en\\\/catalogue-editorial\\\/suzanne-renaud-en\\\/annick-auzimour-henriette-groll-grand-peintre-et-femme-1997\\\/\"]}]},{\"@type\":\"ImageObject\",\"inLanguage\":\"en-US\",\"@id\":\"https:\\\/\\\/renaud-reynek.com\\\/en\\\/catalogue-editorial\\\/suzanne-renaud-en\\\/annick-auzimour-henriette-groll-grand-peintre-et-femme-1997\\\/#primaryimage\",\"url\":\"https:\\\/\\\/renaud-reynek.com\\\/wp-content\\\/uploads\\\/2020\\\/02\\\/AAuzimour_HGroll1997.jpg\",\"contentUrl\":\"https:\\\/\\\/renaud-reynek.com\\\/wp-content\\\/uploads\\\/2020\\\/02\\\/AAuzimour_HGroll1997.jpg\",\"width\":1505,\"height\":2275},{\"@type\":\"BreadcrumbList\",\"@id\":\"https:\\\/\\\/renaud-reynek.com\\\/en\\\/catalogue-editorial\\\/suzanne-renaud-en\\\/annick-auzimour-henriette-groll-grand-peintre-et-femme-1997\\\/#breadcrumb\",\"itemListElement\":[{\"@type\":\"ListItem\",\"position\":1,\"name\":\"Accueil\",\"item\":\"https:\\\/\\\/renaud-reynek.com\\\/en\\\/\"},{\"@type\":\"ListItem\",\"position\":2,\"name\":\"Products\",\"item\":\"https:\\\/\\\/renaud-reynek.com\\\/en\\\/shop\\\/\"},{\"@type\":\"ListItem\",\"position\":3,\"name\":\"Annick AUZIMOUR: Henriette Gr\u00f6ll. Grand peintre. Et femme.[Henriette Gr\u00f6ll. A Great Painter. And Woman].1997\"}]},{\"@type\":\"WebSite\",\"@id\":\"https:\\\/\\\/renaud-reynek.com\\\/en\\\/#website\",\"url\":\"https:\\\/\\\/renaud-reynek.com\\\/en\\\/\",\"name\":\"Association Romarin\",\"description\":\"Les Amis de Suzanne Renaud et Bohuslav Reynek\",\"potentialAction\":[{\"@type\":\"SearchAction\",\"target\":{\"@type\":\"EntryPoint\",\"urlTemplate\":\"https:\\\/\\\/renaud-reynek.com\\\/en\\\/?s={search_term_string}\"},\"query-input\":{\"@type\":\"PropertyValueSpecification\",\"valueRequired\":true,\"valueName\":\"search_term_string\"}}],\"inLanguage\":\"en-US\"}]}<\/script>\n<!-- \/ Yoast SEO plugin. -->","yoast_head_json":{"title":"Association Romarin - Annick AUZIMOUR: Henriette Gr\u00f6ll. Grand peintre. Et femme.[Henriette Gr\u00f6ll. A Great Painter. And Woman].1997","description":"Site de l'Association Romarin. D\u00e9couvrez les \u0153uvres du graveur tch\u00e8que Bohuslav Reynek et de Suzanne Renaud, po\u00e8te, son \u00e9pouse grenobloise.","robots":{"index":"index","follow":"follow","max-snippet":"max-snippet:-1","max-image-preview":"max-image-preview:large","max-video-preview":"max-video-preview:-1"},"canonical":"https:\/\/renaud-reynek.com\/en\/catalogue-editorial\/suzanne-renaud-en\/annick-auzimour-henriette-groll-grand-peintre-et-femme-1997\/","og_locale":"en_US","og_type":"article","og_title":"Association Romarin - Annick AUZIMOUR: Henriette Gr\u00f6ll. Grand peintre. Et femme.[Henriette Gr\u00f6ll. A Great Painter. And Woman].1997","og_description":"Site de l'Association Romarin. D\u00e9couvrez les \u0153uvres du graveur tch\u00e8que Bohuslav Reynek et de Suzanne Renaud, po\u00e8te, son \u00e9pouse grenobloise.","og_url":"https:\/\/renaud-reynek.com\/en\/catalogue-editorial\/suzanne-renaud-en\/annick-auzimour-henriette-groll-grand-peintre-et-femme-1997\/","og_site_name":"Association Romarin","article_modified_time":"2021-02-15T04:22:04+00:00","og_image":[{"width":1505,"height":2275,"url":"https:\/\/renaud-reynek.com\/wp-content\/uploads\/2020\/02\/AAuzimour_HGroll1997.jpg","type":"image\/jpeg"}],"twitter_card":"summary_large_image","schema":{"@context":"https:\/\/schema.org","@graph":[{"@type":"WebPage","@id":"https:\/\/renaud-reynek.com\/en\/catalogue-editorial\/suzanne-renaud-en\/annick-auzimour-henriette-groll-grand-peintre-et-femme-1997\/","url":"https:\/\/renaud-reynek.com\/en\/catalogue-editorial\/suzanne-renaud-en\/annick-auzimour-henriette-groll-grand-peintre-et-femme-1997\/","name":"Association Romarin - Annick AUZIMOUR: Henriette Gr\u00f6ll. Grand peintre. Et femme. [Henriette Gr\u00f6ll. A Great Painter. And Woman]. 1997","isPartOf":{"@id":"https:\/\/renaud-reynek.com\/en\/#website"},"primaryImageOfPage":{"@id":"https:\/\/renaud-reynek.com\/en\/catalogue-editorial\/suzanne-renaud-en\/annick-auzimour-henriette-groll-grand-peintre-et-femme-1997\/#primaryimage"},"image":{"@id":"https:\/\/renaud-reynek.com\/en\/catalogue-editorial\/suzanne-renaud-en\/annick-auzimour-henriette-groll-grand-peintre-et-femme-1997\/#primaryimage"},"thumbnailUrl":"https:\/\/renaud-reynek.com\/wp-content\/uploads\/2020\/02\/AAuzimour_HGroll1997.jpg","datePublished":"2020-01-09T21:46:29+00:00","dateModified":"2021-02-15T04:22:04+00:00","description":"Site de l'Association Romarin. D\u00e9couvrez les \u0153uvres du graveur tch\u00e8que Bohuslav Reynek et de Suzanne Renaud, po\u00e8te, son \u00e9pouse grenobloise.","breadcrumb":{"@id":"https:\/\/renaud-reynek.com\/en\/catalogue-editorial\/suzanne-renaud-en\/annick-auzimour-henriette-groll-grand-peintre-et-femme-1997\/#breadcrumb"},"inLanguage":"en-US","potentialAction":[{"@type":"ReadAction","target":["https:\/\/renaud-reynek.com\/en\/catalogue-editorial\/suzanne-renaud-en\/annick-auzimour-henriette-groll-grand-peintre-et-femme-1997\/"]}]},{"@type":"ImageObject","inLanguage":"en-US","@id":"https:\/\/renaud-reynek.com\/en\/catalogue-editorial\/suzanne-renaud-en\/annick-auzimour-henriette-groll-grand-peintre-et-femme-1997\/#primaryimage","url":"https:\/\/renaud-reynek.com\/wp-content\/uploads\/2020\/02\/AAuzimour_HGroll1997.jpg","contentUrl":"https:\/\/renaud-reynek.com\/wp-content\/uploads\/2020\/02\/AAuzimour_HGroll1997.jpg","width":1505,"height":2275},{"@type":"BreadcrumbList","@id":"https:\/\/renaud-reynek.com\/en\/catalogue-editorial\/suzanne-renaud-en\/annick-auzimour-henriette-groll-grand-peintre-et-femme-1997\/#breadcrumb","itemListElement":[{"@type":"ListItem","position":1,"name":"Accueil","item":"https:\/\/renaud-reynek.com\/en\/"},{"@type":"ListItem","position":2,"name":"Products","item":"https:\/\/renaud-reynek.com\/en\/shop\/"},{"@type":"ListItem","position":3,"name":"Annick AUZIMOUR: Henriette Gr\u00f6ll. Grand peintre. Et femme.[Henriette Gr\u00f6ll. A Great Painter. And Woman].1997"}]},{"@type":"WebSite","@id":"https:\/\/renaud-reynek.com\/en\/#website","url":"https:\/\/renaud-reynek.com\/en\/","name":"Association Romarin","description":"Les Amis de Suzanne Renaud et Bohuslav Reynek","potentialAction":[{"@type":"SearchAction","target":{"@type":"EntryPoint","urlTemplate":"https:\/\/renaud-reynek.com\/en\/?s={search_term_string}"},"query-input":{"@type":"PropertyValueSpecification","valueRequired":true,"valueName":"search_term_string"}}],"inLanguage":"en-US"}]}},"_links":{"self":[{"href":"https:\/\/renaud-reynek.com\/en\/wp-json\/wp\/v2\/product\/6598","targetHints":{"allow":["GET"]}}],"collection":[{"href":"https:\/\/renaud-reynek.com\/en\/wp-json\/wp\/v2\/product"}],"about":[{"href":"https:\/\/renaud-reynek.com\/en\/wp-json\/wp\/v2\/types\/product"}],"replies":[{"embeddable":true,"href":"https:\/\/renaud-reynek.com\/en\/wp-json\/wp\/v2\/comments?post=6598"}],"wp:featuredmedia":[{"embeddable":true,"href":"https:\/\/renaud-reynek.com\/en\/wp-json\/wp\/v2\/media\/3895"}],"wp:attachment":[{"href":"https:\/\/renaud-reynek.com\/en\/wp-json\/wp\/v2\/media?parent=6598"}],"wp:term":[{"taxonomy":"product_brand","embeddable":true,"href":"https:\/\/renaud-reynek.com\/en\/wp-json\/wp\/v2\/product_brand?post=6598"},{"taxonomy":"product_cat","embeddable":true,"href":"https:\/\/renaud-reynek.com\/en\/wp-json\/wp\/v2\/product_cat?post=6598"},{"taxonomy":"product_tag","embeddable":true,"href":"https:\/\/renaud-reynek.com\/en\/wp-json\/wp\/v2\/product_tag?post=6598"}],"curies":[{"name":"wp","href":"https:\/\/api.w.org\/{rel}","templated":true}]}}