{"id":6596,"date":"2020-01-09T22:47:41","date_gmt":"2020-01-09T21:47:41","guid":{"rendered":"https:\/\/renaud-reynek.com\/catalogue-editorial\/uncategorized\/oeuvres-dilo-tome-i-1995\/"},"modified":"2022-02-04T19:26:18","modified_gmt":"2022-02-04T18:26:18","slug":"oeuvres-dilo-tome-i-1995","status":"publish","type":"product","link":"https:\/\/renaud-reynek.com\/en\/catalogue-editorial\/suzanne-renaud-en\/oeuvres-dilo-tome-i-1995\/","title":{"rendered":"Suzanne RENAUD : <br><i>\u0152uvres \u2013 D\u00edlo<\/i> (volume I)<br><i>L\u2019\u0153uvre po\u00e9tique traduite par Bohuslav Reynek.<\/i><br>[<i>The poetic works translated <br>by Bohuslav Reynek<\/i>].<br>1995<br><p style=\"padding-top: 10px; margin-bottom: 5px; font-family: lora; font-size: 15px; color:#A26C46;\">Out of print<\/p>"},"content":{"rendered":"<p><strong><em>Format 12,5 x 19 cm.<br \/>\n<\/em><\/strong><strong><em>430 pages.Illustrated hardcover.<br \/>\n<\/em><\/strong><strong><em>ISBN : 2\u2013910544\u201301\u2013X<\/em><\/strong><\/p>\n<p>Published by Romarin, Grenoble 1995.<br \/>\nBilingual critical edition in French and Czech of Suzanne Renaud&#8217;s poems translated by Bohuslav Reynek.<br \/>\nForeword by V\u00e1clav Jamek. Preface by Michel (Ji\u0159\u00ed) Reynek.<br \/>\nPostfaces by Claude Kastler and d\u2019Ale\u0161 Pohorsk\u00fd.<br \/>\nNotes, chronologies, bibliography.<br \/>\nIllustrations: seventeen photographs by Daniel Reynek, eleven color reproductions of the frontispieces of the original editions.<br \/>\nEdition established by Annick Auzimour and Barbora Bukovinsk\u00e1.<br \/>\nPublished with the support of the Ministry of Foreign Affairs of the Czech Republic, the French Institute in Prague and the Centre national du livre in Paris.<\/p>\n","protected":false},"excerpt":{"rendered":"<p>In 1926 Dauphin\u00e9 resident Suzanne Renaud (1889-1964) married Czech poet and engraver Bohuslav Reynek in Grenoble and, shortly before the 1938 Anschluss, moved to Czechoslovakia, where her poetry was admired thanks to Bohuslav Reynek but remained little known in France in its original language. This first volume of a critical edition of her <em>\u0152uvre po\u00e9tique<\/em> [<em>Poetic Work<\/em>] at last gives her work its place in French literature. \u201cIt is time for Suzanne Renaud to find her place among her own: poets in her language, the French language, but also the Czech poets whose conditions and torments she chose to share. It is time for her to find her place among the poets of her kind, the poets of disquietude, anguish and faith, those for whom splendour lies at the bottom of things, with their secret light and substance behind it, even if it is too much trouble to see it.\u201d (V\u00e1clav Jamek, preface).<\/p>\n","protected":false},"featured_media":1931,"comment_status":"open","ping_status":"closed","template":"","meta":{"_acf_changed":false},"product_brand":[],"product_cat":[209,208],"product_tag":[],"class_list":{"0":"post-6596","1":"product","2":"type-product","3":"status-publish","4":"has-post-thumbnail","6":"product_cat-bohuslav-reynek-en","7":"product_cat-suzanne-renaud-en","9":"first","10":"outofstock","11":"shipping-taxable","12":"product-type-simple"},"acf":[],"yoast_head":"<!-- This site is optimized with the Yoast SEO plugin v27.4 - https:\/\/yoast.com\/product\/yoast-seo-wordpress\/ -->\n<title>Association Romarin - Suzanne RENAUD : \u0152uvres \u2013 D\u00edlo (volume I)L\u2019\u0153uvre po\u00e9tique traduite par Bohuslav Reynek.[The poetic works translated by Bohuslav Reynek].1995Out of print<\/title>\n<meta name=\"description\" content=\"Site de l&#039;Association Romarin. D\u00e9couvrez les \u0153uvres du graveur tch\u00e8que Bohuslav Reynek et de Suzanne Renaud, po\u00e8te, son \u00e9pouse grenobloise.\" \/>\n<meta name=\"robots\" content=\"index, follow, max-snippet:-1, max-image-preview:large, max-video-preview:-1\" \/>\n<link rel=\"canonical\" href=\"https:\/\/renaud-reynek.com\/en\/catalogue-editorial\/suzanne-renaud-en\/oeuvres-dilo-tome-i-1995\/\" \/>\n<meta property=\"og:locale\" content=\"en_US\" \/>\n<meta property=\"og:type\" content=\"article\" \/>\n<meta property=\"og:title\" content=\"Association Romarin - Suzanne RENAUD : \u0152uvres \u2013 D\u00edlo (volume I)L\u2019\u0153uvre po\u00e9tique traduite par Bohuslav Reynek.[The poetic works translated by Bohuslav Reynek].1995Out of print\" \/>\n<meta property=\"og:description\" content=\"Site de l&#039;Association Romarin. D\u00e9couvrez les \u0153uvres du graveur tch\u00e8que Bohuslav Reynek et de Suzanne Renaud, po\u00e8te, son \u00e9pouse grenobloise.\" \/>\n<meta property=\"og:url\" content=\"https:\/\/renaud-reynek.com\/en\/catalogue-editorial\/suzanne-renaud-en\/oeuvres-dilo-tome-i-1995\/\" \/>\n<meta property=\"og:site_name\" content=\"Association Romarin\" \/>\n<meta property=\"article:modified_time\" content=\"2022-02-04T18:26:18+00:00\" \/>\n<meta property=\"og:image\" content=\"https:\/\/renaud-reynek.com\/wp-content\/uploads\/2020\/01\/SR_Dilo1995-1.jpg\" \/>\n\t<meta property=\"og:image:width\" content=\"991\" \/>\n\t<meta property=\"og:image:height\" content=\"1504\" \/>\n\t<meta property=\"og:image:type\" content=\"image\/jpeg\" \/>\n<meta name=\"twitter:card\" content=\"summary_large_image\" \/>\n<script type=\"application\/ld+json\" class=\"yoast-schema-graph\">{\"@context\":\"https:\\\/\\\/schema.org\",\"@graph\":[{\"@type\":\"WebPage\",\"@id\":\"https:\\\/\\\/renaud-reynek.com\\\/en\\\/catalogue-editorial\\\/suzanne-renaud-en\\\/oeuvres-dilo-tome-i-1995\\\/\",\"url\":\"https:\\\/\\\/renaud-reynek.com\\\/en\\\/catalogue-editorial\\\/suzanne-renaud-en\\\/oeuvres-dilo-tome-i-1995\\\/\",\"name\":\"Association Romarin - Suzanne RENAUD : \u0152uvres \u2013 D\u00edlo (volume I) L\u2019\u0153uvre po\u00e9tique traduite par Bohuslav Reynek. [The poetic works translated by Bohuslav Reynek]. 1995 Out of print\",\"isPartOf\":{\"@id\":\"https:\\\/\\\/renaud-reynek.com\\\/en\\\/#website\"},\"primaryImageOfPage\":{\"@id\":\"https:\\\/\\\/renaud-reynek.com\\\/en\\\/catalogue-editorial\\\/suzanne-renaud-en\\\/oeuvres-dilo-tome-i-1995\\\/#primaryimage\"},\"image\":{\"@id\":\"https:\\\/\\\/renaud-reynek.com\\\/en\\\/catalogue-editorial\\\/suzanne-renaud-en\\\/oeuvres-dilo-tome-i-1995\\\/#primaryimage\"},\"thumbnailUrl\":\"https:\\\/\\\/renaud-reynek.com\\\/wp-content\\\/uploads\\\/2020\\\/01\\\/SR_Dilo1995-1.jpg\",\"datePublished\":\"2020-01-09T21:47:41+00:00\",\"dateModified\":\"2022-02-04T18:26:18+00:00\",\"description\":\"Site de l'Association Romarin. D\u00e9couvrez les \u0153uvres du graveur tch\u00e8que Bohuslav Reynek et de Suzanne Renaud, po\u00e8te, son \u00e9pouse grenobloise.\",\"breadcrumb\":{\"@id\":\"https:\\\/\\\/renaud-reynek.com\\\/en\\\/catalogue-editorial\\\/suzanne-renaud-en\\\/oeuvres-dilo-tome-i-1995\\\/#breadcrumb\"},\"inLanguage\":\"en-US\",\"potentialAction\":[{\"@type\":\"ReadAction\",\"target\":[\"https:\\\/\\\/renaud-reynek.com\\\/en\\\/catalogue-editorial\\\/suzanne-renaud-en\\\/oeuvres-dilo-tome-i-1995\\\/\"]}]},{\"@type\":\"ImageObject\",\"inLanguage\":\"en-US\",\"@id\":\"https:\\\/\\\/renaud-reynek.com\\\/en\\\/catalogue-editorial\\\/suzanne-renaud-en\\\/oeuvres-dilo-tome-i-1995\\\/#primaryimage\",\"url\":\"https:\\\/\\\/renaud-reynek.com\\\/wp-content\\\/uploads\\\/2020\\\/01\\\/SR_Dilo1995-1.jpg\",\"contentUrl\":\"https:\\\/\\\/renaud-reynek.com\\\/wp-content\\\/uploads\\\/2020\\\/01\\\/SR_Dilo1995-1.jpg\",\"width\":991,\"height\":1504,\"caption\":\"Compressed by jpeg-recompress\"},{\"@type\":\"BreadcrumbList\",\"@id\":\"https:\\\/\\\/renaud-reynek.com\\\/en\\\/catalogue-editorial\\\/suzanne-renaud-en\\\/oeuvres-dilo-tome-i-1995\\\/#breadcrumb\",\"itemListElement\":[{\"@type\":\"ListItem\",\"position\":1,\"name\":\"Accueil\",\"item\":\"https:\\\/\\\/renaud-reynek.com\\\/en\\\/\"},{\"@type\":\"ListItem\",\"position\":2,\"name\":\"Products\",\"item\":\"https:\\\/\\\/renaud-reynek.com\\\/en\\\/shop\\\/\"},{\"@type\":\"ListItem\",\"position\":3,\"name\":\"Suzanne RENAUD : \u0152uvres \u2013 D\u00edlo (volume I)L\u2019\u0153uvre po\u00e9tique traduite par Bohuslav Reynek.[The poetic works translated by Bohuslav Reynek].1995Out of print\"}]},{\"@type\":\"WebSite\",\"@id\":\"https:\\\/\\\/renaud-reynek.com\\\/en\\\/#website\",\"url\":\"https:\\\/\\\/renaud-reynek.com\\\/en\\\/\",\"name\":\"Association Romarin\",\"description\":\"Les Amis de Suzanne Renaud et Bohuslav Reynek\",\"potentialAction\":[{\"@type\":\"SearchAction\",\"target\":{\"@type\":\"EntryPoint\",\"urlTemplate\":\"https:\\\/\\\/renaud-reynek.com\\\/en\\\/?s={search_term_string}\"},\"query-input\":{\"@type\":\"PropertyValueSpecification\",\"valueRequired\":true,\"valueName\":\"search_term_string\"}}],\"inLanguage\":\"en-US\"}]}<\/script>\n<!-- \/ Yoast SEO plugin. -->","yoast_head_json":{"title":"Association Romarin - Suzanne RENAUD : \u0152uvres \u2013 D\u00edlo (volume I)L\u2019\u0153uvre po\u00e9tique traduite par Bohuslav Reynek.[The poetic works translated by Bohuslav Reynek].1995Out of print","description":"Site de l'Association Romarin. D\u00e9couvrez les \u0153uvres du graveur tch\u00e8que Bohuslav Reynek et de Suzanne Renaud, po\u00e8te, son \u00e9pouse grenobloise.","robots":{"index":"index","follow":"follow","max-snippet":"max-snippet:-1","max-image-preview":"max-image-preview:large","max-video-preview":"max-video-preview:-1"},"canonical":"https:\/\/renaud-reynek.com\/en\/catalogue-editorial\/suzanne-renaud-en\/oeuvres-dilo-tome-i-1995\/","og_locale":"en_US","og_type":"article","og_title":"Association Romarin - Suzanne RENAUD : \u0152uvres \u2013 D\u00edlo (volume I)L\u2019\u0153uvre po\u00e9tique traduite par Bohuslav Reynek.[The poetic works translated by Bohuslav Reynek].1995Out of print","og_description":"Site de l'Association Romarin. D\u00e9couvrez les \u0153uvres du graveur tch\u00e8que Bohuslav Reynek et de Suzanne Renaud, po\u00e8te, son \u00e9pouse grenobloise.","og_url":"https:\/\/renaud-reynek.com\/en\/catalogue-editorial\/suzanne-renaud-en\/oeuvres-dilo-tome-i-1995\/","og_site_name":"Association Romarin","article_modified_time":"2022-02-04T18:26:18+00:00","og_image":[{"width":991,"height":1504,"url":"https:\/\/renaud-reynek.com\/wp-content\/uploads\/2020\/01\/SR_Dilo1995-1.jpg","type":"image\/jpeg"}],"twitter_card":"summary_large_image","schema":{"@context":"https:\/\/schema.org","@graph":[{"@type":"WebPage","@id":"https:\/\/renaud-reynek.com\/en\/catalogue-editorial\/suzanne-renaud-en\/oeuvres-dilo-tome-i-1995\/","url":"https:\/\/renaud-reynek.com\/en\/catalogue-editorial\/suzanne-renaud-en\/oeuvres-dilo-tome-i-1995\/","name":"Association Romarin - Suzanne RENAUD : \u0152uvres \u2013 D\u00edlo (volume I) L\u2019\u0153uvre po\u00e9tique traduite par Bohuslav Reynek. [The poetic works translated by Bohuslav Reynek]. 1995 Out of print","isPartOf":{"@id":"https:\/\/renaud-reynek.com\/en\/#website"},"primaryImageOfPage":{"@id":"https:\/\/renaud-reynek.com\/en\/catalogue-editorial\/suzanne-renaud-en\/oeuvres-dilo-tome-i-1995\/#primaryimage"},"image":{"@id":"https:\/\/renaud-reynek.com\/en\/catalogue-editorial\/suzanne-renaud-en\/oeuvres-dilo-tome-i-1995\/#primaryimage"},"thumbnailUrl":"https:\/\/renaud-reynek.com\/wp-content\/uploads\/2020\/01\/SR_Dilo1995-1.jpg","datePublished":"2020-01-09T21:47:41+00:00","dateModified":"2022-02-04T18:26:18+00:00","description":"Site de l'Association Romarin. D\u00e9couvrez les \u0153uvres du graveur tch\u00e8que Bohuslav Reynek et de Suzanne Renaud, po\u00e8te, son \u00e9pouse grenobloise.","breadcrumb":{"@id":"https:\/\/renaud-reynek.com\/en\/catalogue-editorial\/suzanne-renaud-en\/oeuvres-dilo-tome-i-1995\/#breadcrumb"},"inLanguage":"en-US","potentialAction":[{"@type":"ReadAction","target":["https:\/\/renaud-reynek.com\/en\/catalogue-editorial\/suzanne-renaud-en\/oeuvres-dilo-tome-i-1995\/"]}]},{"@type":"ImageObject","inLanguage":"en-US","@id":"https:\/\/renaud-reynek.com\/en\/catalogue-editorial\/suzanne-renaud-en\/oeuvres-dilo-tome-i-1995\/#primaryimage","url":"https:\/\/renaud-reynek.com\/wp-content\/uploads\/2020\/01\/SR_Dilo1995-1.jpg","contentUrl":"https:\/\/renaud-reynek.com\/wp-content\/uploads\/2020\/01\/SR_Dilo1995-1.jpg","width":991,"height":1504,"caption":"Compressed by jpeg-recompress"},{"@type":"BreadcrumbList","@id":"https:\/\/renaud-reynek.com\/en\/catalogue-editorial\/suzanne-renaud-en\/oeuvres-dilo-tome-i-1995\/#breadcrumb","itemListElement":[{"@type":"ListItem","position":1,"name":"Accueil","item":"https:\/\/renaud-reynek.com\/en\/"},{"@type":"ListItem","position":2,"name":"Products","item":"https:\/\/renaud-reynek.com\/en\/shop\/"},{"@type":"ListItem","position":3,"name":"Suzanne RENAUD : \u0152uvres \u2013 D\u00edlo (volume I)L\u2019\u0153uvre po\u00e9tique traduite par Bohuslav Reynek.[The poetic works translated by Bohuslav Reynek].1995Out of print"}]},{"@type":"WebSite","@id":"https:\/\/renaud-reynek.com\/en\/#website","url":"https:\/\/renaud-reynek.com\/en\/","name":"Association Romarin","description":"Les Amis de Suzanne Renaud et Bohuslav Reynek","potentialAction":[{"@type":"SearchAction","target":{"@type":"EntryPoint","urlTemplate":"https:\/\/renaud-reynek.com\/en\/?s={search_term_string}"},"query-input":{"@type":"PropertyValueSpecification","valueRequired":true,"valueName":"search_term_string"}}],"inLanguage":"en-US"}]}},"_links":{"self":[{"href":"https:\/\/renaud-reynek.com\/en\/wp-json\/wp\/v2\/product\/6596","targetHints":{"allow":["GET"]}}],"collection":[{"href":"https:\/\/renaud-reynek.com\/en\/wp-json\/wp\/v2\/product"}],"about":[{"href":"https:\/\/renaud-reynek.com\/en\/wp-json\/wp\/v2\/types\/product"}],"replies":[{"embeddable":true,"href":"https:\/\/renaud-reynek.com\/en\/wp-json\/wp\/v2\/comments?post=6596"}],"wp:featuredmedia":[{"embeddable":true,"href":"https:\/\/renaud-reynek.com\/en\/wp-json\/wp\/v2\/media\/1931"}],"wp:attachment":[{"href":"https:\/\/renaud-reynek.com\/en\/wp-json\/wp\/v2\/media?parent=6596"}],"wp:term":[{"taxonomy":"product_brand","embeddable":true,"href":"https:\/\/renaud-reynek.com\/en\/wp-json\/wp\/v2\/product_brand?post=6596"},{"taxonomy":"product_cat","embeddable":true,"href":"https:\/\/renaud-reynek.com\/en\/wp-json\/wp\/v2\/product_cat?post=6596"},{"taxonomy":"product_tag","embeddable":true,"href":"https:\/\/renaud-reynek.com\/en\/wp-json\/wp\/v2\/product_tag?post=6596"}],"curies":[{"name":"wp","href":"https:\/\/api.w.org\/{rel}","templated":true}]}}