{"id":6595,"date":"2020-01-09T23:47:34","date_gmt":"2020-01-09T22:47:34","guid":{"rendered":"https:\/\/renaud-reynek.com\/catalogue-editorial\/uncategorized\/suzanne-renaud-oeuvres-les-gonds-du-silence-volume-ii-works-the-hinges-of-silence-volume-ii-1999\/"},"modified":"2021-02-19T18:41:36","modified_gmt":"2021-02-19T17:41:36","slug":"suzanne-renaud-oeuvres-les-gonds-du-silence-volume-ii-works-the-hinges-of-silence-volume-ii-1999","status":"publish","type":"product","link":"https:\/\/renaud-reynek.com\/en\/catalogue-editorial\/suzanne-renaud-en\/suzanne-renaud-oeuvres-les-gonds-du-silence-volume-ii-works-the-hinges-of-silence-volume-ii-1999\/","title":{"rendered":"Suzanne RENAUD: <br><i>\u0152uvres. Les gonds <br>du silence<\/i> (volume II).<\/i><br>[<i>Works. The Hinges of Silence<\/i>].<br>1999"},"content":{"rendered":"<p><strong><em>Format 12,5 x 19 cm.<\/em><\/strong><br \/>\n<strong><em>340 pages. Illustrated hardcover.<\/em><\/strong><br \/>\n<strong><em>ISBN : 2-910544-07-9<\/em><\/strong><br \/>\nPublished by Romarin, Grenoble 1999.<br \/>\nSecond volume of the critical edition of the poetic work of Suzanne Renaud.<br \/>\nLanguage: French.<br \/>\nNotes, chronology, bibliography.<br \/>\nBiographical text by A. Auzimour, translated into Czech by Michel Reynek.<br \/>\nIllustrations: frontispice by Bohuslav Reynek, twenty-five photographs in color and black and white by Daniel Reynek, two photographs by Pavel \u0160indel\u00e1\u0159.<br \/>\nEdition established by Annick Auzimour and Barbora Bukovinsk\u00e1.<br \/>\nPublished with the support of the Ministry of Foreign Affairs of the Czech Republic and the Centre national du livre in Paris.<\/p>\n","protected":false},"excerpt":{"rendered":"<p>The second and last volume of the critical edition of Suzanne Renaud&#8217;s complete poetic works, <em>Les gonds du silence<\/em> [<em>The Hinges of Silence<\/em>], comes after the bilingual edition of the author&#8217;s collections translated by Reynek, <em>\u0152uvres-D\u00edlo<\/em> (Volume I) [<em>Works-D\u00edlo<\/em> (Volume I]. The new book brings together the original version of 120 poems by Renaud unpublished in France. They include poems of maturity, later poems, with short, spare verses: the author&#8217;s last poetic testament. Renaud\u2019s poetry is now available in a complete edition in her native tongue.<\/p>\n","protected":false},"featured_media":1308,"comment_status":"open","ping_status":"closed","template":"","meta":{"_acf_changed":false},"product_brand":[],"product_cat":[208],"product_tag":[],"class_list":{"0":"post-6595","1":"product","2":"type-product","3":"status-publish","4":"has-post-thumbnail","6":"product_cat-suzanne-renaud-en","8":"first","9":"instock","10":"shipping-taxable","11":"purchasable","12":"product-type-simple"},"acf":[],"yoast_head":"<!-- This site is optimized with the Yoast SEO plugin v27.4 - https:\/\/yoast.com\/product\/yoast-seo-wordpress\/ -->\n<title>Association Romarin - Suzanne RENAUD: \u0152uvres. Les gonds du silence (volume II).[Works. The Hinges of Silence].1999<\/title>\n<meta name=\"description\" content=\"Site de l&#039;Association Romarin. D\u00e9couvrez les \u0153uvres du graveur tch\u00e8que Bohuslav Reynek et de Suzanne Renaud, po\u00e8te, son \u00e9pouse grenobloise.\" \/>\n<meta name=\"robots\" content=\"index, follow, max-snippet:-1, max-image-preview:large, max-video-preview:-1\" \/>\n<link rel=\"canonical\" href=\"https:\/\/renaud-reynek.com\/en\/catalogue-editorial\/suzanne-renaud-en\/suzanne-renaud-oeuvres-les-gonds-du-silence-volume-ii-works-the-hinges-of-silence-volume-ii-1999\/\" \/>\n<meta property=\"og:locale\" content=\"en_US\" \/>\n<meta property=\"og:type\" content=\"article\" \/>\n<meta property=\"og:title\" content=\"Association Romarin - Suzanne RENAUD: \u0152uvres. Les gonds du silence (volume II).[Works. The Hinges of Silence].1999\" \/>\n<meta property=\"og:description\" content=\"Site de l&#039;Association Romarin. D\u00e9couvrez les \u0153uvres du graveur tch\u00e8que Bohuslav Reynek et de Suzanne Renaud, po\u00e8te, son \u00e9pouse grenobloise.\" \/>\n<meta property=\"og:url\" content=\"https:\/\/renaud-reynek.com\/en\/catalogue-editorial\/suzanne-renaud-en\/suzanne-renaud-oeuvres-les-gonds-du-silence-volume-ii-works-the-hinges-of-silence-volume-ii-1999\/\" \/>\n<meta property=\"og:site_name\" content=\"Association Romarin\" \/>\n<meta property=\"article:modified_time\" content=\"2021-02-19T17:41:36+00:00\" \/>\n<meta property=\"og:image\" content=\"https:\/\/renaud-reynek.com\/wp-content\/uploads\/2020\/01\/SR_LesGonds1999.jpg\" \/>\n\t<meta property=\"og:image:width\" content=\"1000\" \/>\n\t<meta property=\"og:image:height\" content=\"1532\" \/>\n\t<meta property=\"og:image:type\" content=\"image\/jpeg\" \/>\n<meta name=\"twitter:card\" content=\"summary_large_image\" \/>\n<script type=\"application\/ld+json\" class=\"yoast-schema-graph\">{\"@context\":\"https:\\\/\\\/schema.org\",\"@graph\":[{\"@type\":\"WebPage\",\"@id\":\"https:\\\/\\\/renaud-reynek.com\\\/en\\\/catalogue-editorial\\\/suzanne-renaud-en\\\/suzanne-renaud-oeuvres-les-gonds-du-silence-volume-ii-works-the-hinges-of-silence-volume-ii-1999\\\/\",\"url\":\"https:\\\/\\\/renaud-reynek.com\\\/en\\\/catalogue-editorial\\\/suzanne-renaud-en\\\/suzanne-renaud-oeuvres-les-gonds-du-silence-volume-ii-works-the-hinges-of-silence-volume-ii-1999\\\/\",\"name\":\"Association Romarin - Suzanne RENAUD: \u0152uvres. Les gonds du silence (volume II). [Works. The Hinges of Silence]. 1999\",\"isPartOf\":{\"@id\":\"https:\\\/\\\/renaud-reynek.com\\\/en\\\/#website\"},\"primaryImageOfPage\":{\"@id\":\"https:\\\/\\\/renaud-reynek.com\\\/en\\\/catalogue-editorial\\\/suzanne-renaud-en\\\/suzanne-renaud-oeuvres-les-gonds-du-silence-volume-ii-works-the-hinges-of-silence-volume-ii-1999\\\/#primaryimage\"},\"image\":{\"@id\":\"https:\\\/\\\/renaud-reynek.com\\\/en\\\/catalogue-editorial\\\/suzanne-renaud-en\\\/suzanne-renaud-oeuvres-les-gonds-du-silence-volume-ii-works-the-hinges-of-silence-volume-ii-1999\\\/#primaryimage\"},\"thumbnailUrl\":\"https:\\\/\\\/renaud-reynek.com\\\/wp-content\\\/uploads\\\/2020\\\/01\\\/SR_LesGonds1999.jpg\",\"datePublished\":\"2020-01-09T22:47:34+00:00\",\"dateModified\":\"2021-02-19T17:41:36+00:00\",\"description\":\"Site de l'Association Romarin. D\u00e9couvrez les \u0153uvres du graveur tch\u00e8que Bohuslav Reynek et de Suzanne Renaud, po\u00e8te, son \u00e9pouse grenobloise.\",\"breadcrumb\":{\"@id\":\"https:\\\/\\\/renaud-reynek.com\\\/en\\\/catalogue-editorial\\\/suzanne-renaud-en\\\/suzanne-renaud-oeuvres-les-gonds-du-silence-volume-ii-works-the-hinges-of-silence-volume-ii-1999\\\/#breadcrumb\"},\"inLanguage\":\"en-US\",\"potentialAction\":[{\"@type\":\"ReadAction\",\"target\":[\"https:\\\/\\\/renaud-reynek.com\\\/en\\\/catalogue-editorial\\\/suzanne-renaud-en\\\/suzanne-renaud-oeuvres-les-gonds-du-silence-volume-ii-works-the-hinges-of-silence-volume-ii-1999\\\/\"]}]},{\"@type\":\"ImageObject\",\"inLanguage\":\"en-US\",\"@id\":\"https:\\\/\\\/renaud-reynek.com\\\/en\\\/catalogue-editorial\\\/suzanne-renaud-en\\\/suzanne-renaud-oeuvres-les-gonds-du-silence-volume-ii-works-the-hinges-of-silence-volume-ii-1999\\\/#primaryimage\",\"url\":\"https:\\\/\\\/renaud-reynek.com\\\/wp-content\\\/uploads\\\/2020\\\/01\\\/SR_LesGonds1999.jpg\",\"contentUrl\":\"https:\\\/\\\/renaud-reynek.com\\\/wp-content\\\/uploads\\\/2020\\\/01\\\/SR_LesGonds1999.jpg\",\"width\":1000,\"height\":1532},{\"@type\":\"BreadcrumbList\",\"@id\":\"https:\\\/\\\/renaud-reynek.com\\\/en\\\/catalogue-editorial\\\/suzanne-renaud-en\\\/suzanne-renaud-oeuvres-les-gonds-du-silence-volume-ii-works-the-hinges-of-silence-volume-ii-1999\\\/#breadcrumb\",\"itemListElement\":[{\"@type\":\"ListItem\",\"position\":1,\"name\":\"Accueil\",\"item\":\"https:\\\/\\\/renaud-reynek.com\\\/en\\\/\"},{\"@type\":\"ListItem\",\"position\":2,\"name\":\"Products\",\"item\":\"https:\\\/\\\/renaud-reynek.com\\\/en\\\/shop\\\/\"},{\"@type\":\"ListItem\",\"position\":3,\"name\":\"Suzanne RENAUD: \u0152uvres. Les gonds du silence (volume II).[Works. The Hinges of Silence].1999\"}]},{\"@type\":\"WebSite\",\"@id\":\"https:\\\/\\\/renaud-reynek.com\\\/en\\\/#website\",\"url\":\"https:\\\/\\\/renaud-reynek.com\\\/en\\\/\",\"name\":\"Association Romarin\",\"description\":\"Les Amis de Suzanne Renaud et Bohuslav Reynek\",\"potentialAction\":[{\"@type\":\"SearchAction\",\"target\":{\"@type\":\"EntryPoint\",\"urlTemplate\":\"https:\\\/\\\/renaud-reynek.com\\\/en\\\/?s={search_term_string}\"},\"query-input\":{\"@type\":\"PropertyValueSpecification\",\"valueRequired\":true,\"valueName\":\"search_term_string\"}}],\"inLanguage\":\"en-US\"}]}<\/script>\n<!-- \/ Yoast SEO plugin. -->","yoast_head_json":{"title":"Association Romarin - Suzanne RENAUD: \u0152uvres. Les gonds du silence (volume II).[Works. The Hinges of Silence].1999","description":"Site de l'Association Romarin. D\u00e9couvrez les \u0153uvres du graveur tch\u00e8que Bohuslav Reynek et de Suzanne Renaud, po\u00e8te, son \u00e9pouse grenobloise.","robots":{"index":"index","follow":"follow","max-snippet":"max-snippet:-1","max-image-preview":"max-image-preview:large","max-video-preview":"max-video-preview:-1"},"canonical":"https:\/\/renaud-reynek.com\/en\/catalogue-editorial\/suzanne-renaud-en\/suzanne-renaud-oeuvres-les-gonds-du-silence-volume-ii-works-the-hinges-of-silence-volume-ii-1999\/","og_locale":"en_US","og_type":"article","og_title":"Association Romarin - Suzanne RENAUD: \u0152uvres. Les gonds du silence (volume II).[Works. The Hinges of Silence].1999","og_description":"Site de l'Association Romarin. D\u00e9couvrez les \u0153uvres du graveur tch\u00e8que Bohuslav Reynek et de Suzanne Renaud, po\u00e8te, son \u00e9pouse grenobloise.","og_url":"https:\/\/renaud-reynek.com\/en\/catalogue-editorial\/suzanne-renaud-en\/suzanne-renaud-oeuvres-les-gonds-du-silence-volume-ii-works-the-hinges-of-silence-volume-ii-1999\/","og_site_name":"Association Romarin","article_modified_time":"2021-02-19T17:41:36+00:00","og_image":[{"width":1000,"height":1532,"url":"https:\/\/renaud-reynek.com\/wp-content\/uploads\/2020\/01\/SR_LesGonds1999.jpg","type":"image\/jpeg"}],"twitter_card":"summary_large_image","schema":{"@context":"https:\/\/schema.org","@graph":[{"@type":"WebPage","@id":"https:\/\/renaud-reynek.com\/en\/catalogue-editorial\/suzanne-renaud-en\/suzanne-renaud-oeuvres-les-gonds-du-silence-volume-ii-works-the-hinges-of-silence-volume-ii-1999\/","url":"https:\/\/renaud-reynek.com\/en\/catalogue-editorial\/suzanne-renaud-en\/suzanne-renaud-oeuvres-les-gonds-du-silence-volume-ii-works-the-hinges-of-silence-volume-ii-1999\/","name":"Association Romarin - Suzanne RENAUD: \u0152uvres. Les gonds du silence (volume II). [Works. The Hinges of Silence]. 1999","isPartOf":{"@id":"https:\/\/renaud-reynek.com\/en\/#website"},"primaryImageOfPage":{"@id":"https:\/\/renaud-reynek.com\/en\/catalogue-editorial\/suzanne-renaud-en\/suzanne-renaud-oeuvres-les-gonds-du-silence-volume-ii-works-the-hinges-of-silence-volume-ii-1999\/#primaryimage"},"image":{"@id":"https:\/\/renaud-reynek.com\/en\/catalogue-editorial\/suzanne-renaud-en\/suzanne-renaud-oeuvres-les-gonds-du-silence-volume-ii-works-the-hinges-of-silence-volume-ii-1999\/#primaryimage"},"thumbnailUrl":"https:\/\/renaud-reynek.com\/wp-content\/uploads\/2020\/01\/SR_LesGonds1999.jpg","datePublished":"2020-01-09T22:47:34+00:00","dateModified":"2021-02-19T17:41:36+00:00","description":"Site de l'Association Romarin. D\u00e9couvrez les \u0153uvres du graveur tch\u00e8que Bohuslav Reynek et de Suzanne Renaud, po\u00e8te, son \u00e9pouse grenobloise.","breadcrumb":{"@id":"https:\/\/renaud-reynek.com\/en\/catalogue-editorial\/suzanne-renaud-en\/suzanne-renaud-oeuvres-les-gonds-du-silence-volume-ii-works-the-hinges-of-silence-volume-ii-1999\/#breadcrumb"},"inLanguage":"en-US","potentialAction":[{"@type":"ReadAction","target":["https:\/\/renaud-reynek.com\/en\/catalogue-editorial\/suzanne-renaud-en\/suzanne-renaud-oeuvres-les-gonds-du-silence-volume-ii-works-the-hinges-of-silence-volume-ii-1999\/"]}]},{"@type":"ImageObject","inLanguage":"en-US","@id":"https:\/\/renaud-reynek.com\/en\/catalogue-editorial\/suzanne-renaud-en\/suzanne-renaud-oeuvres-les-gonds-du-silence-volume-ii-works-the-hinges-of-silence-volume-ii-1999\/#primaryimage","url":"https:\/\/renaud-reynek.com\/wp-content\/uploads\/2020\/01\/SR_LesGonds1999.jpg","contentUrl":"https:\/\/renaud-reynek.com\/wp-content\/uploads\/2020\/01\/SR_LesGonds1999.jpg","width":1000,"height":1532},{"@type":"BreadcrumbList","@id":"https:\/\/renaud-reynek.com\/en\/catalogue-editorial\/suzanne-renaud-en\/suzanne-renaud-oeuvres-les-gonds-du-silence-volume-ii-works-the-hinges-of-silence-volume-ii-1999\/#breadcrumb","itemListElement":[{"@type":"ListItem","position":1,"name":"Accueil","item":"https:\/\/renaud-reynek.com\/en\/"},{"@type":"ListItem","position":2,"name":"Products","item":"https:\/\/renaud-reynek.com\/en\/shop\/"},{"@type":"ListItem","position":3,"name":"Suzanne RENAUD: \u0152uvres. Les gonds du silence (volume II).[Works. The Hinges of Silence].1999"}]},{"@type":"WebSite","@id":"https:\/\/renaud-reynek.com\/en\/#website","url":"https:\/\/renaud-reynek.com\/en\/","name":"Association Romarin","description":"Les Amis de Suzanne Renaud et Bohuslav Reynek","potentialAction":[{"@type":"SearchAction","target":{"@type":"EntryPoint","urlTemplate":"https:\/\/renaud-reynek.com\/en\/?s={search_term_string}"},"query-input":{"@type":"PropertyValueSpecification","valueRequired":true,"valueName":"search_term_string"}}],"inLanguage":"en-US"}]}},"_links":{"self":[{"href":"https:\/\/renaud-reynek.com\/en\/wp-json\/wp\/v2\/product\/6595","targetHints":{"allow":["GET"]}}],"collection":[{"href":"https:\/\/renaud-reynek.com\/en\/wp-json\/wp\/v2\/product"}],"about":[{"href":"https:\/\/renaud-reynek.com\/en\/wp-json\/wp\/v2\/types\/product"}],"replies":[{"embeddable":true,"href":"https:\/\/renaud-reynek.com\/en\/wp-json\/wp\/v2\/comments?post=6595"}],"wp:featuredmedia":[{"embeddable":true,"href":"https:\/\/renaud-reynek.com\/en\/wp-json\/wp\/v2\/media\/1308"}],"wp:attachment":[{"href":"https:\/\/renaud-reynek.com\/en\/wp-json\/wp\/v2\/media?parent=6595"}],"wp:term":[{"taxonomy":"product_brand","embeddable":true,"href":"https:\/\/renaud-reynek.com\/en\/wp-json\/wp\/v2\/product_brand?post=6595"},{"taxonomy":"product_cat","embeddable":true,"href":"https:\/\/renaud-reynek.com\/en\/wp-json\/wp\/v2\/product_cat?post=6595"},{"taxonomy":"product_tag","embeddable":true,"href":"https:\/\/renaud-reynek.com\/en\/wp-json\/wp\/v2\/product_tag?post=6595"}],"curies":[{"name":"wp","href":"https:\/\/api.w.org\/{rel}","templated":true}]}}