{"id":6594,"date":"2020-01-09T23:53:08","date_gmt":"2020-01-09T22:53:08","guid":{"rendered":"https:\/\/renaud-reynek.com\/catalogue-editorial\/uncategorized\/bohuslav-reynek-had-na-snehu-le-serpent-sur-la-neige-the-snake-on-the-snow-1997epuise\/"},"modified":"2022-02-04T19:24:02","modified_gmt":"2022-02-04T18:24:02","slug":"bohuslav-reynek-had-na-snehu-le-serpent-sur-la-neige-the-snake-on-the-snow-1997epuise","status":"publish","type":"product","link":"https:\/\/renaud-reynek.com\/en\/catalogue-editorial\/bohuslav-reynek-en\/bohuslav-reynek-had-na-snehu-le-serpent-sur-la-neige-the-snake-on-the-snow-1997epuise\/","title":{"rendered":"Bohuslav REYNEK: <br><i>Had na sn\u011bhu \u2013<br>Le serpent sur la neige<\/i>.<br>[<i>The Snake on the Snow<\/i>].<br>1997<br><p style=\"padding-top: 10px; margin-bottom: 5px; font-family: lora; font-size: 15px; color:#A26C46;\">Out of print<\/p>"},"content":{"rendered":"<p><strong><em>Format 12,5 x 19 cm.<br \/>\n<\/em><\/strong><strong><em>256 pages. Illustrated hardcover.<br \/>\n<\/em><\/strong><strong><em>ISBN : 2\u2013910544\u201302\u20138<\/em><\/strong><\/p>\n<p>Published by Romarin, Grenoble 1997.<br \/>\nBilingual edition in French and Czech of a collection of prose poems by Bohuslav Reynek published in 1924.<br \/>\nTranslated from the Czech by Xavier Galmiche.<br \/>\nPreface by Sylvie Germain.<br \/>\nNotes, chronology, bibliography.<br \/>\nIllustrations: twenty-seven linocuts by Bohuslav Reynek, including eight in color, and facsimile reproduction of the cover of the original 1924 edition (linocut by Josef \u010capek).<br \/>\nPublished with the support of the Centre national du livre, Paris.<\/p>\n","protected":false},"excerpt":{"rendered":"<p><em>Had na sn\u011bhu<\/em> [<em>The Snake on the Snow<\/em>] is the first French translation of poems by Czech poet and graphic artist Bohuslav Reynek (1892-1971). In 1924 he authored 120 copies of forty prose poems written around 1922 and illustrated with linocuts by Josef \u010capek. It belongs to the history of Czech Expressionist books, a series of few works published from around 1915 to 1925 and illustrated by Hofman, \u010capek or \u0160p\u00e1la. The French edition of <em>The Snake on the Snow<\/em> features linocuts by the author from 1920. \u201cEverything is pure in the work contemplated, reflected upon and translated by Reynek \u2014 not that men are na\u00efvely perceived without flaws corruption, for Reynek fully recognizes and accepts the evil that haunts and erodes the world, but everything is weighed, the good as well as the bad, [\u2026] and set down here, in the second light of language, with sure, lucid and incisive writing.\u201d (Sylvie Germain, preface).<\/p>\n","protected":false},"featured_media":1314,"comment_status":"open","ping_status":"closed","template":"","meta":{"_acf_changed":false},"product_brand":[],"product_cat":[209],"product_tag":[],"class_list":{"0":"post-6594","1":"product","2":"type-product","3":"status-publish","4":"has-post-thumbnail","6":"product_cat-bohuslav-reynek-en","8":"first","9":"outofstock","10":"shipping-taxable","11":"product-type-simple"},"acf":[],"yoast_head":"<!-- This site is optimized with the Yoast SEO plugin v27.4 - https:\/\/yoast.com\/product\/yoast-seo-wordpress\/ -->\n<title>Association Romarin - Bohuslav REYNEK: Had na sn\u011bhu \u2013Le serpent sur la neige.[The Snake on the Snow].1997Out of print<\/title>\n<meta name=\"description\" content=\"Site de l&#039;Association Romarin. D\u00e9couvrez les \u0153uvres du graveur tch\u00e8que Bohuslav Reynek et de Suzanne Renaud, po\u00e8te, son \u00e9pouse grenobloise.\" \/>\n<meta name=\"robots\" content=\"index, follow, max-snippet:-1, max-image-preview:large, max-video-preview:-1\" \/>\n<link rel=\"canonical\" href=\"https:\/\/renaud-reynek.com\/en\/catalogue-editorial\/bohuslav-reynek-en\/bohuslav-reynek-had-na-snehu-le-serpent-sur-la-neige-the-snake-on-the-snow-1997epuise\/\" \/>\n<meta property=\"og:locale\" content=\"en_US\" \/>\n<meta property=\"og:type\" content=\"article\" \/>\n<meta property=\"og:title\" content=\"Association Romarin - Bohuslav REYNEK: Had na sn\u011bhu \u2013Le serpent sur la neige.[The Snake on the Snow].1997Out of print\" \/>\n<meta property=\"og:description\" content=\"Site de l&#039;Association Romarin. D\u00e9couvrez les \u0153uvres du graveur tch\u00e8que Bohuslav Reynek et de Suzanne Renaud, po\u00e8te, son \u00e9pouse grenobloise.\" \/>\n<meta property=\"og:url\" content=\"https:\/\/renaud-reynek.com\/en\/catalogue-editorial\/bohuslav-reynek-en\/bohuslav-reynek-had-na-snehu-le-serpent-sur-la-neige-the-snake-on-the-snow-1997epuise\/\" \/>\n<meta property=\"og:site_name\" content=\"Association Romarin\" \/>\n<meta property=\"article:modified_time\" content=\"2022-02-04T18:24:02+00:00\" \/>\n<meta property=\"og:image\" content=\"https:\/\/renaud-reynek.com\/wp-content\/uploads\/2020\/01\/BR_SerpentNeige1997.jpg\" \/>\n\t<meta property=\"og:image:width\" content=\"1000\" \/>\n\t<meta property=\"og:image:height\" content=\"1523\" \/>\n\t<meta property=\"og:image:type\" content=\"image\/jpeg\" \/>\n<meta name=\"twitter:card\" content=\"summary_large_image\" \/>\n<script type=\"application\/ld+json\" class=\"yoast-schema-graph\">{\"@context\":\"https:\\\/\\\/schema.org\",\"@graph\":[{\"@type\":\"WebPage\",\"@id\":\"https:\\\/\\\/renaud-reynek.com\\\/en\\\/catalogue-editorial\\\/bohuslav-reynek-en\\\/bohuslav-reynek-had-na-snehu-le-serpent-sur-la-neige-the-snake-on-the-snow-1997epuise\\\/\",\"url\":\"https:\\\/\\\/renaud-reynek.com\\\/en\\\/catalogue-editorial\\\/bohuslav-reynek-en\\\/bohuslav-reynek-had-na-snehu-le-serpent-sur-la-neige-the-snake-on-the-snow-1997epuise\\\/\",\"name\":\"Association Romarin - Bohuslav REYNEK: Had na sn\u011bhu \u2013 Le serpent sur la neige. [The Snake on the Snow]. 1997 Out of print\",\"isPartOf\":{\"@id\":\"https:\\\/\\\/renaud-reynek.com\\\/en\\\/#website\"},\"primaryImageOfPage\":{\"@id\":\"https:\\\/\\\/renaud-reynek.com\\\/en\\\/catalogue-editorial\\\/bohuslav-reynek-en\\\/bohuslav-reynek-had-na-snehu-le-serpent-sur-la-neige-the-snake-on-the-snow-1997epuise\\\/#primaryimage\"},\"image\":{\"@id\":\"https:\\\/\\\/renaud-reynek.com\\\/en\\\/catalogue-editorial\\\/bohuslav-reynek-en\\\/bohuslav-reynek-had-na-snehu-le-serpent-sur-la-neige-the-snake-on-the-snow-1997epuise\\\/#primaryimage\"},\"thumbnailUrl\":\"https:\\\/\\\/renaud-reynek.com\\\/wp-content\\\/uploads\\\/2020\\\/01\\\/BR_SerpentNeige1997.jpg\",\"datePublished\":\"2020-01-09T22:53:08+00:00\",\"dateModified\":\"2022-02-04T18:24:02+00:00\",\"description\":\"Site de l'Association Romarin. D\u00e9couvrez les \u0153uvres du graveur tch\u00e8que Bohuslav Reynek et de Suzanne Renaud, po\u00e8te, son \u00e9pouse grenobloise.\",\"breadcrumb\":{\"@id\":\"https:\\\/\\\/renaud-reynek.com\\\/en\\\/catalogue-editorial\\\/bohuslav-reynek-en\\\/bohuslav-reynek-had-na-snehu-le-serpent-sur-la-neige-the-snake-on-the-snow-1997epuise\\\/#breadcrumb\"},\"inLanguage\":\"en-US\",\"potentialAction\":[{\"@type\":\"ReadAction\",\"target\":[\"https:\\\/\\\/renaud-reynek.com\\\/en\\\/catalogue-editorial\\\/bohuslav-reynek-en\\\/bohuslav-reynek-had-na-snehu-le-serpent-sur-la-neige-the-snake-on-the-snow-1997epuise\\\/\"]}]},{\"@type\":\"ImageObject\",\"inLanguage\":\"en-US\",\"@id\":\"https:\\\/\\\/renaud-reynek.com\\\/en\\\/catalogue-editorial\\\/bohuslav-reynek-en\\\/bohuslav-reynek-had-na-snehu-le-serpent-sur-la-neige-the-snake-on-the-snow-1997epuise\\\/#primaryimage\",\"url\":\"https:\\\/\\\/renaud-reynek.com\\\/wp-content\\\/uploads\\\/2020\\\/01\\\/BR_SerpentNeige1997.jpg\",\"contentUrl\":\"https:\\\/\\\/renaud-reynek.com\\\/wp-content\\\/uploads\\\/2020\\\/01\\\/BR_SerpentNeige1997.jpg\",\"width\":1000,\"height\":1523},{\"@type\":\"BreadcrumbList\",\"@id\":\"https:\\\/\\\/renaud-reynek.com\\\/en\\\/catalogue-editorial\\\/bohuslav-reynek-en\\\/bohuslav-reynek-had-na-snehu-le-serpent-sur-la-neige-the-snake-on-the-snow-1997epuise\\\/#breadcrumb\",\"itemListElement\":[{\"@type\":\"ListItem\",\"position\":1,\"name\":\"Accueil\",\"item\":\"https:\\\/\\\/renaud-reynek.com\\\/en\\\/\"},{\"@type\":\"ListItem\",\"position\":2,\"name\":\"Products\",\"item\":\"https:\\\/\\\/renaud-reynek.com\\\/en\\\/shop\\\/\"},{\"@type\":\"ListItem\",\"position\":3,\"name\":\"Bohuslav REYNEK: Had na sn\u011bhu \u2013Le serpent sur la neige.[The Snake on the Snow].1997Out of print\"}]},{\"@type\":\"WebSite\",\"@id\":\"https:\\\/\\\/renaud-reynek.com\\\/en\\\/#website\",\"url\":\"https:\\\/\\\/renaud-reynek.com\\\/en\\\/\",\"name\":\"Association Romarin\",\"description\":\"Les Amis de Suzanne Renaud et Bohuslav Reynek\",\"potentialAction\":[{\"@type\":\"SearchAction\",\"target\":{\"@type\":\"EntryPoint\",\"urlTemplate\":\"https:\\\/\\\/renaud-reynek.com\\\/en\\\/?s={search_term_string}\"},\"query-input\":{\"@type\":\"PropertyValueSpecification\",\"valueRequired\":true,\"valueName\":\"search_term_string\"}}],\"inLanguage\":\"en-US\"}]}<\/script>\n<!-- \/ Yoast SEO plugin. -->","yoast_head_json":{"title":"Association Romarin - Bohuslav REYNEK: Had na sn\u011bhu \u2013Le serpent sur la neige.[The Snake on the Snow].1997Out of print","description":"Site de l'Association Romarin. D\u00e9couvrez les \u0153uvres du graveur tch\u00e8que Bohuslav Reynek et de Suzanne Renaud, po\u00e8te, son \u00e9pouse grenobloise.","robots":{"index":"index","follow":"follow","max-snippet":"max-snippet:-1","max-image-preview":"max-image-preview:large","max-video-preview":"max-video-preview:-1"},"canonical":"https:\/\/renaud-reynek.com\/en\/catalogue-editorial\/bohuslav-reynek-en\/bohuslav-reynek-had-na-snehu-le-serpent-sur-la-neige-the-snake-on-the-snow-1997epuise\/","og_locale":"en_US","og_type":"article","og_title":"Association Romarin - Bohuslav REYNEK: Had na sn\u011bhu \u2013Le serpent sur la neige.[The Snake on the Snow].1997Out of print","og_description":"Site de l'Association Romarin. D\u00e9couvrez les \u0153uvres du graveur tch\u00e8que Bohuslav Reynek et de Suzanne Renaud, po\u00e8te, son \u00e9pouse grenobloise.","og_url":"https:\/\/renaud-reynek.com\/en\/catalogue-editorial\/bohuslav-reynek-en\/bohuslav-reynek-had-na-snehu-le-serpent-sur-la-neige-the-snake-on-the-snow-1997epuise\/","og_site_name":"Association Romarin","article_modified_time":"2022-02-04T18:24:02+00:00","og_image":[{"width":1000,"height":1523,"url":"https:\/\/renaud-reynek.com\/wp-content\/uploads\/2020\/01\/BR_SerpentNeige1997.jpg","type":"image\/jpeg"}],"twitter_card":"summary_large_image","schema":{"@context":"https:\/\/schema.org","@graph":[{"@type":"WebPage","@id":"https:\/\/renaud-reynek.com\/en\/catalogue-editorial\/bohuslav-reynek-en\/bohuslav-reynek-had-na-snehu-le-serpent-sur-la-neige-the-snake-on-the-snow-1997epuise\/","url":"https:\/\/renaud-reynek.com\/en\/catalogue-editorial\/bohuslav-reynek-en\/bohuslav-reynek-had-na-snehu-le-serpent-sur-la-neige-the-snake-on-the-snow-1997epuise\/","name":"Association Romarin - Bohuslav REYNEK: Had na sn\u011bhu \u2013 Le serpent sur la neige. [The Snake on the Snow]. 1997 Out of print","isPartOf":{"@id":"https:\/\/renaud-reynek.com\/en\/#website"},"primaryImageOfPage":{"@id":"https:\/\/renaud-reynek.com\/en\/catalogue-editorial\/bohuslav-reynek-en\/bohuslav-reynek-had-na-snehu-le-serpent-sur-la-neige-the-snake-on-the-snow-1997epuise\/#primaryimage"},"image":{"@id":"https:\/\/renaud-reynek.com\/en\/catalogue-editorial\/bohuslav-reynek-en\/bohuslav-reynek-had-na-snehu-le-serpent-sur-la-neige-the-snake-on-the-snow-1997epuise\/#primaryimage"},"thumbnailUrl":"https:\/\/renaud-reynek.com\/wp-content\/uploads\/2020\/01\/BR_SerpentNeige1997.jpg","datePublished":"2020-01-09T22:53:08+00:00","dateModified":"2022-02-04T18:24:02+00:00","description":"Site de l'Association Romarin. D\u00e9couvrez les \u0153uvres du graveur tch\u00e8que Bohuslav Reynek et de Suzanne Renaud, po\u00e8te, son \u00e9pouse grenobloise.","breadcrumb":{"@id":"https:\/\/renaud-reynek.com\/en\/catalogue-editorial\/bohuslav-reynek-en\/bohuslav-reynek-had-na-snehu-le-serpent-sur-la-neige-the-snake-on-the-snow-1997epuise\/#breadcrumb"},"inLanguage":"en-US","potentialAction":[{"@type":"ReadAction","target":["https:\/\/renaud-reynek.com\/en\/catalogue-editorial\/bohuslav-reynek-en\/bohuslav-reynek-had-na-snehu-le-serpent-sur-la-neige-the-snake-on-the-snow-1997epuise\/"]}]},{"@type":"ImageObject","inLanguage":"en-US","@id":"https:\/\/renaud-reynek.com\/en\/catalogue-editorial\/bohuslav-reynek-en\/bohuslav-reynek-had-na-snehu-le-serpent-sur-la-neige-the-snake-on-the-snow-1997epuise\/#primaryimage","url":"https:\/\/renaud-reynek.com\/wp-content\/uploads\/2020\/01\/BR_SerpentNeige1997.jpg","contentUrl":"https:\/\/renaud-reynek.com\/wp-content\/uploads\/2020\/01\/BR_SerpentNeige1997.jpg","width":1000,"height":1523},{"@type":"BreadcrumbList","@id":"https:\/\/renaud-reynek.com\/en\/catalogue-editorial\/bohuslav-reynek-en\/bohuslav-reynek-had-na-snehu-le-serpent-sur-la-neige-the-snake-on-the-snow-1997epuise\/#breadcrumb","itemListElement":[{"@type":"ListItem","position":1,"name":"Accueil","item":"https:\/\/renaud-reynek.com\/en\/"},{"@type":"ListItem","position":2,"name":"Products","item":"https:\/\/renaud-reynek.com\/en\/shop\/"},{"@type":"ListItem","position":3,"name":"Bohuslav REYNEK: Had na sn\u011bhu \u2013Le serpent sur la neige.[The Snake on the Snow].1997Out of print"}]},{"@type":"WebSite","@id":"https:\/\/renaud-reynek.com\/en\/#website","url":"https:\/\/renaud-reynek.com\/en\/","name":"Association Romarin","description":"Les Amis de Suzanne Renaud et Bohuslav Reynek","potentialAction":[{"@type":"SearchAction","target":{"@type":"EntryPoint","urlTemplate":"https:\/\/renaud-reynek.com\/en\/?s={search_term_string}"},"query-input":{"@type":"PropertyValueSpecification","valueRequired":true,"valueName":"search_term_string"}}],"inLanguage":"en-US"}]}},"_links":{"self":[{"href":"https:\/\/renaud-reynek.com\/en\/wp-json\/wp\/v2\/product\/6594","targetHints":{"allow":["GET"]}}],"collection":[{"href":"https:\/\/renaud-reynek.com\/en\/wp-json\/wp\/v2\/product"}],"about":[{"href":"https:\/\/renaud-reynek.com\/en\/wp-json\/wp\/v2\/types\/product"}],"replies":[{"embeddable":true,"href":"https:\/\/renaud-reynek.com\/en\/wp-json\/wp\/v2\/comments?post=6594"}],"wp:featuredmedia":[{"embeddable":true,"href":"https:\/\/renaud-reynek.com\/en\/wp-json\/wp\/v2\/media\/1314"}],"wp:attachment":[{"href":"https:\/\/renaud-reynek.com\/en\/wp-json\/wp\/v2\/media?parent=6594"}],"wp:term":[{"taxonomy":"product_brand","embeddable":true,"href":"https:\/\/renaud-reynek.com\/en\/wp-json\/wp\/v2\/product_brand?post=6594"},{"taxonomy":"product_cat","embeddable":true,"href":"https:\/\/renaud-reynek.com\/en\/wp-json\/wp\/v2\/product_cat?post=6594"},{"taxonomy":"product_tag","embeddable":true,"href":"https:\/\/renaud-reynek.com\/en\/wp-json\/wp\/v2\/product_tag?post=6594"}],"curies":[{"name":"wp","href":"https:\/\/api.w.org\/{rel}","templated":true}]}}