{"id":6592,"date":"2020-01-10T00:16:04","date_gmt":"2020-01-09T23:16:04","guid":{"rendered":"https:\/\/renaud-reynek.com\/catalogue-editorial\/uncategorized\/annick-auzimour-bohuslav-reynek-regards-du-dauphine-1998\/"},"modified":"2021-02-14T21:05:01","modified_gmt":"2021-02-14T20:05:01","slug":"annick-auzimour-bohuslav-reynek-regards-du-dauphine-1998","status":"publish","type":"product","link":"https:\/\/renaud-reynek.com\/en\/catalogue-editorial\/bohuslav-reynek-en\/annick-auzimour-bohuslav-reynek-regards-du-dauphine-1998\/","title":{"rendered":"Annick AUZIMOUR: <br><i>Bohuslav Reynek.<br>Regards du Dauphin\u00e9<\/i>.<br>[<i>Scenes from the Dauphin\u00e9<\/i>].<br>1998"},"content":{"rendered":"<p><strong><em>Format 21 x 21 cm.<br \/>\n<\/em><\/strong><strong><em>36 pages. Softbound, illustrated cover.<br \/>\n<\/em><\/strong><strong><em>ISBN : 2\u2013910544\u201306\u20130<\/em><\/strong><\/p>\n<p>Published by Romarin, Grenoble 1998.<br \/>\nBiographical text in French.<br \/>\nCatalogue of the exhibition <em>Bohuslav Reynek<\/em> at the Mus\u00e9e de Grenoble (30.11.1997-26.01.1998).<br \/>\nList of exhibited works.<br \/>\nBlack and white illustrations: eleven works by Bohuslav Reynek, two photographs.<\/p>\n","protected":false},"excerpt":{"rendered":"<p>Published for the Bohuslav Reynek exhibition at the Mus\u00e9e de Grenoble, this booklet complements the collective work <em>Bohuslav Reynek.<\/em> <em>L\u2019image dans l\u2019\u0153uvre po\u00e9tique et graphique<\/em> with a biography of Reynek that sheds light on his links with the Dauphin\u00e9, Suzanne Renaud\u2019s homeland. It also includes texts on the artist\u2019s work and technique as well as a \u201cguided tour\u201d of the show. The many exhibitions in the Dauphin\u00e9 devoted to Reynek from 1927 to the present showcase a precious heritage of works on paper \u2014 pastels, charcoal drawings and engravings \u2014 in local private collections. The Biblioth\u00e8que municipale d\u2019\u00c9tude et du Patrimoine de Grenoble has also recently acquired an important public collection of his drawings and engravings, now the most important public collection in France.<\/p>\n","protected":false},"featured_media":1325,"comment_status":"open","ping_status":"closed","template":"","meta":{"_acf_changed":false},"product_brand":[],"product_cat":[246,209],"product_tag":[],"class_list":{"0":"post-6592","1":"product","2":"type-product","3":"status-publish","4":"has-post-thumbnail","6":"product_cat-annick-auzimour-en","7":"product_cat-bohuslav-reynek-en","9":"first","10":"instock","11":"shipping-taxable","12":"purchasable","13":"product-type-simple"},"acf":[],"yoast_head":"<!-- This site is optimized with the Yoast SEO plugin v27.4 - https:\/\/yoast.com\/product\/yoast-seo-wordpress\/ -->\n<title>Association Romarin - Annick AUZIMOUR: Bohuslav Reynek.Regards du Dauphin\u00e9.[Scenes from the Dauphin\u00e9].1998<\/title>\n<meta name=\"description\" content=\"Site de l&#039;Association Romarin. D\u00e9couvrez les \u0153uvres du graveur tch\u00e8que Bohuslav Reynek et de Suzanne Renaud, po\u00e8te, son \u00e9pouse grenobloise.\" \/>\n<meta name=\"robots\" content=\"index, follow, max-snippet:-1, max-image-preview:large, max-video-preview:-1\" \/>\n<link rel=\"canonical\" href=\"https:\/\/renaud-reynek.com\/en\/catalogue-editorial\/bohuslav-reynek-en\/annick-auzimour-bohuslav-reynek-regards-du-dauphine-1998\/\" \/>\n<meta property=\"og:locale\" content=\"en_US\" \/>\n<meta property=\"og:type\" content=\"article\" \/>\n<meta property=\"og:title\" content=\"Association Romarin - Annick AUZIMOUR: Bohuslav Reynek.Regards du Dauphin\u00e9.[Scenes from the Dauphin\u00e9].1998\" \/>\n<meta property=\"og:description\" content=\"Site de l&#039;Association Romarin. D\u00e9couvrez les \u0153uvres du graveur tch\u00e8que Bohuslav Reynek et de Suzanne Renaud, po\u00e8te, son \u00e9pouse grenobloise.\" \/>\n<meta property=\"og:url\" content=\"https:\/\/renaud-reynek.com\/en\/catalogue-editorial\/bohuslav-reynek-en\/annick-auzimour-bohuslav-reynek-regards-du-dauphine-1998\/\" \/>\n<meta property=\"og:site_name\" content=\"Association Romarin\" \/>\n<meta property=\"article:modified_time\" content=\"2021-02-14T20:05:01+00:00\" \/>\n<meta property=\"og:image\" content=\"https:\/\/renaud-reynek.com\/wp-content\/uploads\/2020\/01\/AAuzimour_Regards1998.jpg\" \/>\n\t<meta property=\"og:image:width\" content=\"1000\" \/>\n\t<meta property=\"og:image:height\" content=\"984\" \/>\n\t<meta property=\"og:image:type\" content=\"image\/jpeg\" \/>\n<meta name=\"twitter:card\" content=\"summary_large_image\" \/>\n<script type=\"application\/ld+json\" class=\"yoast-schema-graph\">{\"@context\":\"https:\\\/\\\/schema.org\",\"@graph\":[{\"@type\":\"WebPage\",\"@id\":\"https:\\\/\\\/renaud-reynek.com\\\/en\\\/catalogue-editorial\\\/bohuslav-reynek-en\\\/annick-auzimour-bohuslav-reynek-regards-du-dauphine-1998\\\/\",\"url\":\"https:\\\/\\\/renaud-reynek.com\\\/en\\\/catalogue-editorial\\\/bohuslav-reynek-en\\\/annick-auzimour-bohuslav-reynek-regards-du-dauphine-1998\\\/\",\"name\":\"Association Romarin - Annick AUZIMOUR: Bohuslav Reynek. Regards du Dauphin\u00e9. [Scenes from the Dauphin\u00e9]. 1998\",\"isPartOf\":{\"@id\":\"https:\\\/\\\/renaud-reynek.com\\\/en\\\/#website\"},\"primaryImageOfPage\":{\"@id\":\"https:\\\/\\\/renaud-reynek.com\\\/en\\\/catalogue-editorial\\\/bohuslav-reynek-en\\\/annick-auzimour-bohuslav-reynek-regards-du-dauphine-1998\\\/#primaryimage\"},\"image\":{\"@id\":\"https:\\\/\\\/renaud-reynek.com\\\/en\\\/catalogue-editorial\\\/bohuslav-reynek-en\\\/annick-auzimour-bohuslav-reynek-regards-du-dauphine-1998\\\/#primaryimage\"},\"thumbnailUrl\":\"https:\\\/\\\/renaud-reynek.com\\\/wp-content\\\/uploads\\\/2020\\\/01\\\/AAuzimour_Regards1998.jpg\",\"datePublished\":\"2020-01-09T23:16:04+00:00\",\"dateModified\":\"2021-02-14T20:05:01+00:00\",\"description\":\"Site de l'Association Romarin. D\u00e9couvrez les \u0153uvres du graveur tch\u00e8que Bohuslav Reynek et de Suzanne Renaud, po\u00e8te, son \u00e9pouse grenobloise.\",\"breadcrumb\":{\"@id\":\"https:\\\/\\\/renaud-reynek.com\\\/en\\\/catalogue-editorial\\\/bohuslav-reynek-en\\\/annick-auzimour-bohuslav-reynek-regards-du-dauphine-1998\\\/#breadcrumb\"},\"inLanguage\":\"en-US\",\"potentialAction\":[{\"@type\":\"ReadAction\",\"target\":[\"https:\\\/\\\/renaud-reynek.com\\\/en\\\/catalogue-editorial\\\/bohuslav-reynek-en\\\/annick-auzimour-bohuslav-reynek-regards-du-dauphine-1998\\\/\"]}]},{\"@type\":\"ImageObject\",\"inLanguage\":\"en-US\",\"@id\":\"https:\\\/\\\/renaud-reynek.com\\\/en\\\/catalogue-editorial\\\/bohuslav-reynek-en\\\/annick-auzimour-bohuslav-reynek-regards-du-dauphine-1998\\\/#primaryimage\",\"url\":\"https:\\\/\\\/renaud-reynek.com\\\/wp-content\\\/uploads\\\/2020\\\/01\\\/AAuzimour_Regards1998.jpg\",\"contentUrl\":\"https:\\\/\\\/renaud-reynek.com\\\/wp-content\\\/uploads\\\/2020\\\/01\\\/AAuzimour_Regards1998.jpg\",\"width\":1000,\"height\":984},{\"@type\":\"BreadcrumbList\",\"@id\":\"https:\\\/\\\/renaud-reynek.com\\\/en\\\/catalogue-editorial\\\/bohuslav-reynek-en\\\/annick-auzimour-bohuslav-reynek-regards-du-dauphine-1998\\\/#breadcrumb\",\"itemListElement\":[{\"@type\":\"ListItem\",\"position\":1,\"name\":\"Accueil\",\"item\":\"https:\\\/\\\/renaud-reynek.com\\\/en\\\/\"},{\"@type\":\"ListItem\",\"position\":2,\"name\":\"Products\",\"item\":\"https:\\\/\\\/renaud-reynek.com\\\/en\\\/shop\\\/\"},{\"@type\":\"ListItem\",\"position\":3,\"name\":\"Annick AUZIMOUR: Bohuslav Reynek.Regards du Dauphin\u00e9.[Scenes from the Dauphin\u00e9].1998\"}]},{\"@type\":\"WebSite\",\"@id\":\"https:\\\/\\\/renaud-reynek.com\\\/en\\\/#website\",\"url\":\"https:\\\/\\\/renaud-reynek.com\\\/en\\\/\",\"name\":\"Association Romarin\",\"description\":\"Les Amis de Suzanne Renaud et Bohuslav Reynek\",\"potentialAction\":[{\"@type\":\"SearchAction\",\"target\":{\"@type\":\"EntryPoint\",\"urlTemplate\":\"https:\\\/\\\/renaud-reynek.com\\\/en\\\/?s={search_term_string}\"},\"query-input\":{\"@type\":\"PropertyValueSpecification\",\"valueRequired\":true,\"valueName\":\"search_term_string\"}}],\"inLanguage\":\"en-US\"}]}<\/script>\n<!-- \/ Yoast SEO plugin. -->","yoast_head_json":{"title":"Association Romarin - Annick AUZIMOUR: Bohuslav Reynek.Regards du Dauphin\u00e9.[Scenes from the Dauphin\u00e9].1998","description":"Site de l'Association Romarin. D\u00e9couvrez les \u0153uvres du graveur tch\u00e8que Bohuslav Reynek et de Suzanne Renaud, po\u00e8te, son \u00e9pouse grenobloise.","robots":{"index":"index","follow":"follow","max-snippet":"max-snippet:-1","max-image-preview":"max-image-preview:large","max-video-preview":"max-video-preview:-1"},"canonical":"https:\/\/renaud-reynek.com\/en\/catalogue-editorial\/bohuslav-reynek-en\/annick-auzimour-bohuslav-reynek-regards-du-dauphine-1998\/","og_locale":"en_US","og_type":"article","og_title":"Association Romarin - Annick AUZIMOUR: Bohuslav Reynek.Regards du Dauphin\u00e9.[Scenes from the Dauphin\u00e9].1998","og_description":"Site de l'Association Romarin. D\u00e9couvrez les \u0153uvres du graveur tch\u00e8que Bohuslav Reynek et de Suzanne Renaud, po\u00e8te, son \u00e9pouse grenobloise.","og_url":"https:\/\/renaud-reynek.com\/en\/catalogue-editorial\/bohuslav-reynek-en\/annick-auzimour-bohuslav-reynek-regards-du-dauphine-1998\/","og_site_name":"Association Romarin","article_modified_time":"2021-02-14T20:05:01+00:00","og_image":[{"width":1000,"height":984,"url":"https:\/\/renaud-reynek.com\/wp-content\/uploads\/2020\/01\/AAuzimour_Regards1998.jpg","type":"image\/jpeg"}],"twitter_card":"summary_large_image","schema":{"@context":"https:\/\/schema.org","@graph":[{"@type":"WebPage","@id":"https:\/\/renaud-reynek.com\/en\/catalogue-editorial\/bohuslav-reynek-en\/annick-auzimour-bohuslav-reynek-regards-du-dauphine-1998\/","url":"https:\/\/renaud-reynek.com\/en\/catalogue-editorial\/bohuslav-reynek-en\/annick-auzimour-bohuslav-reynek-regards-du-dauphine-1998\/","name":"Association Romarin - Annick AUZIMOUR: Bohuslav Reynek. Regards du Dauphin\u00e9. [Scenes from the Dauphin\u00e9]. 1998","isPartOf":{"@id":"https:\/\/renaud-reynek.com\/en\/#website"},"primaryImageOfPage":{"@id":"https:\/\/renaud-reynek.com\/en\/catalogue-editorial\/bohuslav-reynek-en\/annick-auzimour-bohuslav-reynek-regards-du-dauphine-1998\/#primaryimage"},"image":{"@id":"https:\/\/renaud-reynek.com\/en\/catalogue-editorial\/bohuslav-reynek-en\/annick-auzimour-bohuslav-reynek-regards-du-dauphine-1998\/#primaryimage"},"thumbnailUrl":"https:\/\/renaud-reynek.com\/wp-content\/uploads\/2020\/01\/AAuzimour_Regards1998.jpg","datePublished":"2020-01-09T23:16:04+00:00","dateModified":"2021-02-14T20:05:01+00:00","description":"Site de l'Association Romarin. D\u00e9couvrez les \u0153uvres du graveur tch\u00e8que Bohuslav Reynek et de Suzanne Renaud, po\u00e8te, son \u00e9pouse grenobloise.","breadcrumb":{"@id":"https:\/\/renaud-reynek.com\/en\/catalogue-editorial\/bohuslav-reynek-en\/annick-auzimour-bohuslav-reynek-regards-du-dauphine-1998\/#breadcrumb"},"inLanguage":"en-US","potentialAction":[{"@type":"ReadAction","target":["https:\/\/renaud-reynek.com\/en\/catalogue-editorial\/bohuslav-reynek-en\/annick-auzimour-bohuslav-reynek-regards-du-dauphine-1998\/"]}]},{"@type":"ImageObject","inLanguage":"en-US","@id":"https:\/\/renaud-reynek.com\/en\/catalogue-editorial\/bohuslav-reynek-en\/annick-auzimour-bohuslav-reynek-regards-du-dauphine-1998\/#primaryimage","url":"https:\/\/renaud-reynek.com\/wp-content\/uploads\/2020\/01\/AAuzimour_Regards1998.jpg","contentUrl":"https:\/\/renaud-reynek.com\/wp-content\/uploads\/2020\/01\/AAuzimour_Regards1998.jpg","width":1000,"height":984},{"@type":"BreadcrumbList","@id":"https:\/\/renaud-reynek.com\/en\/catalogue-editorial\/bohuslav-reynek-en\/annick-auzimour-bohuslav-reynek-regards-du-dauphine-1998\/#breadcrumb","itemListElement":[{"@type":"ListItem","position":1,"name":"Accueil","item":"https:\/\/renaud-reynek.com\/en\/"},{"@type":"ListItem","position":2,"name":"Products","item":"https:\/\/renaud-reynek.com\/en\/shop\/"},{"@type":"ListItem","position":3,"name":"Annick AUZIMOUR: Bohuslav Reynek.Regards du Dauphin\u00e9.[Scenes from the Dauphin\u00e9].1998"}]},{"@type":"WebSite","@id":"https:\/\/renaud-reynek.com\/en\/#website","url":"https:\/\/renaud-reynek.com\/en\/","name":"Association Romarin","description":"Les Amis de Suzanne Renaud et Bohuslav Reynek","potentialAction":[{"@type":"SearchAction","target":{"@type":"EntryPoint","urlTemplate":"https:\/\/renaud-reynek.com\/en\/?s={search_term_string}"},"query-input":{"@type":"PropertyValueSpecification","valueRequired":true,"valueName":"search_term_string"}}],"inLanguage":"en-US"}]}},"_links":{"self":[{"href":"https:\/\/renaud-reynek.com\/en\/wp-json\/wp\/v2\/product\/6592","targetHints":{"allow":["GET"]}}],"collection":[{"href":"https:\/\/renaud-reynek.com\/en\/wp-json\/wp\/v2\/product"}],"about":[{"href":"https:\/\/renaud-reynek.com\/en\/wp-json\/wp\/v2\/types\/product"}],"replies":[{"embeddable":true,"href":"https:\/\/renaud-reynek.com\/en\/wp-json\/wp\/v2\/comments?post=6592"}],"wp:featuredmedia":[{"embeddable":true,"href":"https:\/\/renaud-reynek.com\/en\/wp-json\/wp\/v2\/media\/1325"}],"wp:attachment":[{"href":"https:\/\/renaud-reynek.com\/en\/wp-json\/wp\/v2\/media?parent=6592"}],"wp:term":[{"taxonomy":"product_brand","embeddable":true,"href":"https:\/\/renaud-reynek.com\/en\/wp-json\/wp\/v2\/product_brand?post=6592"},{"taxonomy":"product_cat","embeddable":true,"href":"https:\/\/renaud-reynek.com\/en\/wp-json\/wp\/v2\/product_cat?post=6592"},{"taxonomy":"product_tag","embeddable":true,"href":"https:\/\/renaud-reynek.com\/en\/wp-json\/wp\/v2\/product_tag?post=6592"}],"curies":[{"name":"wp","href":"https:\/\/api.w.org\/{rel}","templated":true}]}}