{"id":6591,"date":"2020-01-10T00:17:01","date_gmt":"2020-01-09T23:17:01","guid":{"rendered":"https:\/\/renaud-reynek.com\/catalogue-editorial\/uncategorized\/frantisek-halas-detem-un-poete-parle-aux-enfants-1998\/"},"modified":"2021-02-15T10:37:43","modified_gmt":"2021-02-15T09:37:43","slug":"frantisek-halas-detem-un-poete-parle-aux-enfants-1998","status":"publish","type":"product","link":"https:\/\/renaud-reynek.com\/en\/catalogue-editorial\/suzanne-renaud-en\/frantisek-halas-detem-un-poete-parle-aux-enfants-1998\/","title":{"rendered":"Franti\u0161ek HALAS: <br><i>D\u011btem \u2013 Un po\u00e8te parle <br>aux enfants<\/i>.<br>[<i>A Poet speaks to Children<\/i>].<br>1998"},"content":{"rendered":"<p><strong><em>Format 18,7 x 15,3 cm.<br \/>\n<\/em><\/strong><strong><em>80 pages. Color illustrated hardcover.<br \/>\n<\/em><\/strong><strong><em>ISBN : 2\u2013910544\u201305\u20132<\/em><\/strong><\/p>\n<p>Published by Romarin, Grenoble 1998.<br \/>\nBilingual edition in French and Czech of a collection of twenty-five poems written for children.<br \/>\nTranslated from the Czech by Suzanne Renaud.<br \/>\nNotices on Franti\u0161ek Halas, Josef \u010capek, Suzanne Renaud.<br \/>\nBlack and white illustrations: sixteen works by Josef \u010capek.<br \/>\nPublished with the support of the Centre national du livre, Paris.<\/p>\n","protected":false},"excerpt":{"rendered":"<p>Franti\u0161ek Halas, a Czech poet and Suzanne Renaud and Bohuslav Reynek\u2019s contemporary, wrote this verse for his two little boys, Jan and Franti\u0161ek. Unpublished in French until now, Renaud translated them for her nieces, Suzanne and Magali, often with a certain amount of freedom in order to preserve their musicality. They appear opposite the original text in a typographical composition that establishes a lively correspondence between the two languages, Czech and French. The illustrations were chosen from among the works of Czech artist Josef \u010capek, a friend of Renaud and Reynek\u2019s. At the end of the book, another poem by Halas, <em>Star\u00e9 \u017eeny<\/em> [<em>Old Women<\/em>], adapted by Renaud, tells the grandchildren of their grandmother\u2019s presence in the evening at bedtime.<\/p>\n","protected":false},"featured_media":1329,"comment_status":"open","ping_status":"closed","template":"","meta":{"_acf_changed":false},"product_brand":[],"product_cat":[208],"product_tag":[],"class_list":{"0":"post-6591","1":"product","2":"type-product","3":"status-publish","4":"has-post-thumbnail","6":"product_cat-suzanne-renaud-en","8":"first","9":"instock","10":"shipping-taxable","11":"purchasable","12":"product-type-simple"},"acf":[],"yoast_head":"<!-- This site is optimized with the Yoast SEO plugin v27.4 - https:\/\/yoast.com\/product\/yoast-seo-wordpress\/ -->\n<title>Association Romarin - Franti\u0161ek HALAS: D\u011btem \u2013 Un po\u00e8te parle aux enfants.[A Poet speaks to Children].1998<\/title>\n<meta name=\"description\" content=\"Site de l&#039;Association Romarin. D\u00e9couvrez les \u0153uvres du graveur tch\u00e8que Bohuslav Reynek et de Suzanne Renaud, po\u00e8te, son \u00e9pouse grenobloise.\" \/>\n<meta name=\"robots\" content=\"index, follow, max-snippet:-1, max-image-preview:large, max-video-preview:-1\" \/>\n<link rel=\"canonical\" href=\"https:\/\/renaud-reynek.com\/en\/catalogue-editorial\/suzanne-renaud-en\/frantisek-halas-detem-un-poete-parle-aux-enfants-1998\/\" \/>\n<meta property=\"og:locale\" content=\"en_US\" \/>\n<meta property=\"og:type\" content=\"article\" \/>\n<meta property=\"og:title\" content=\"Association Romarin - Franti\u0161ek HALAS: D\u011btem \u2013 Un po\u00e8te parle aux enfants.[A Poet speaks to Children].1998\" \/>\n<meta property=\"og:description\" content=\"Site de l&#039;Association Romarin. D\u00e9couvrez les \u0153uvres du graveur tch\u00e8que Bohuslav Reynek et de Suzanne Renaud, po\u00e8te, son \u00e9pouse grenobloise.\" \/>\n<meta property=\"og:url\" content=\"https:\/\/renaud-reynek.com\/en\/catalogue-editorial\/suzanne-renaud-en\/frantisek-halas-detem-un-poete-parle-aux-enfants-1998\/\" \/>\n<meta property=\"og:site_name\" content=\"Association Romarin\" \/>\n<meta property=\"article:modified_time\" content=\"2021-02-15T09:37:43+00:00\" \/>\n<meta property=\"og:image\" content=\"https:\/\/renaud-reynek.com\/wp-content\/uploads\/2020\/01\/Halas_Detem1998.jpg\" \/>\n\t<meta property=\"og:image:width\" content=\"1000\" \/>\n\t<meta property=\"og:image:height\" content=\"1265\" \/>\n\t<meta property=\"og:image:type\" content=\"image\/jpeg\" \/>\n<meta name=\"twitter:card\" content=\"summary_large_image\" \/>\n<script type=\"application\/ld+json\" class=\"yoast-schema-graph\">{\"@context\":\"https:\\\/\\\/schema.org\",\"@graph\":[{\"@type\":\"WebPage\",\"@id\":\"https:\\\/\\\/renaud-reynek.com\\\/en\\\/catalogue-editorial\\\/suzanne-renaud-en\\\/frantisek-halas-detem-un-poete-parle-aux-enfants-1998\\\/\",\"url\":\"https:\\\/\\\/renaud-reynek.com\\\/en\\\/catalogue-editorial\\\/suzanne-renaud-en\\\/frantisek-halas-detem-un-poete-parle-aux-enfants-1998\\\/\",\"name\":\"Association Romarin - Franti\u0161ek HALAS: D\u011btem \u2013 Un po\u00e8te parle aux enfants. [A Poet speaks to Children]. 1998\",\"isPartOf\":{\"@id\":\"https:\\\/\\\/renaud-reynek.com\\\/en\\\/#website\"},\"primaryImageOfPage\":{\"@id\":\"https:\\\/\\\/renaud-reynek.com\\\/en\\\/catalogue-editorial\\\/suzanne-renaud-en\\\/frantisek-halas-detem-un-poete-parle-aux-enfants-1998\\\/#primaryimage\"},\"image\":{\"@id\":\"https:\\\/\\\/renaud-reynek.com\\\/en\\\/catalogue-editorial\\\/suzanne-renaud-en\\\/frantisek-halas-detem-un-poete-parle-aux-enfants-1998\\\/#primaryimage\"},\"thumbnailUrl\":\"https:\\\/\\\/renaud-reynek.com\\\/wp-content\\\/uploads\\\/2020\\\/01\\\/Halas_Detem1998.jpg\",\"datePublished\":\"2020-01-09T23:17:01+00:00\",\"dateModified\":\"2021-02-15T09:37:43+00:00\",\"description\":\"Site de l'Association Romarin. D\u00e9couvrez les \u0153uvres du graveur tch\u00e8que Bohuslav Reynek et de Suzanne Renaud, po\u00e8te, son \u00e9pouse grenobloise.\",\"breadcrumb\":{\"@id\":\"https:\\\/\\\/renaud-reynek.com\\\/en\\\/catalogue-editorial\\\/suzanne-renaud-en\\\/frantisek-halas-detem-un-poete-parle-aux-enfants-1998\\\/#breadcrumb\"},\"inLanguage\":\"en-US\",\"potentialAction\":[{\"@type\":\"ReadAction\",\"target\":[\"https:\\\/\\\/renaud-reynek.com\\\/en\\\/catalogue-editorial\\\/suzanne-renaud-en\\\/frantisek-halas-detem-un-poete-parle-aux-enfants-1998\\\/\"]}]},{\"@type\":\"ImageObject\",\"inLanguage\":\"en-US\",\"@id\":\"https:\\\/\\\/renaud-reynek.com\\\/en\\\/catalogue-editorial\\\/suzanne-renaud-en\\\/frantisek-halas-detem-un-poete-parle-aux-enfants-1998\\\/#primaryimage\",\"url\":\"https:\\\/\\\/renaud-reynek.com\\\/wp-content\\\/uploads\\\/2020\\\/01\\\/Halas_Detem1998.jpg\",\"contentUrl\":\"https:\\\/\\\/renaud-reynek.com\\\/wp-content\\\/uploads\\\/2020\\\/01\\\/Halas_Detem1998.jpg\",\"width\":1000,\"height\":1265},{\"@type\":\"BreadcrumbList\",\"@id\":\"https:\\\/\\\/renaud-reynek.com\\\/en\\\/catalogue-editorial\\\/suzanne-renaud-en\\\/frantisek-halas-detem-un-poete-parle-aux-enfants-1998\\\/#breadcrumb\",\"itemListElement\":[{\"@type\":\"ListItem\",\"position\":1,\"name\":\"Accueil\",\"item\":\"https:\\\/\\\/renaud-reynek.com\\\/en\\\/\"},{\"@type\":\"ListItem\",\"position\":2,\"name\":\"Products\",\"item\":\"https:\\\/\\\/renaud-reynek.com\\\/en\\\/shop\\\/\"},{\"@type\":\"ListItem\",\"position\":3,\"name\":\"Franti\u0161ek HALAS: D\u011btem \u2013 Un po\u00e8te parle aux enfants.[A Poet speaks to Children].1998\"}]},{\"@type\":\"WebSite\",\"@id\":\"https:\\\/\\\/renaud-reynek.com\\\/en\\\/#website\",\"url\":\"https:\\\/\\\/renaud-reynek.com\\\/en\\\/\",\"name\":\"Association Romarin\",\"description\":\"Les Amis de Suzanne Renaud et Bohuslav Reynek\",\"potentialAction\":[{\"@type\":\"SearchAction\",\"target\":{\"@type\":\"EntryPoint\",\"urlTemplate\":\"https:\\\/\\\/renaud-reynek.com\\\/en\\\/?s={search_term_string}\"},\"query-input\":{\"@type\":\"PropertyValueSpecification\",\"valueRequired\":true,\"valueName\":\"search_term_string\"}}],\"inLanguage\":\"en-US\"}]}<\/script>\n<!-- \/ Yoast SEO plugin. -->","yoast_head_json":{"title":"Association Romarin - Franti\u0161ek HALAS: D\u011btem \u2013 Un po\u00e8te parle aux enfants.[A Poet speaks to Children].1998","description":"Site de l'Association Romarin. D\u00e9couvrez les \u0153uvres du graveur tch\u00e8que Bohuslav Reynek et de Suzanne Renaud, po\u00e8te, son \u00e9pouse grenobloise.","robots":{"index":"index","follow":"follow","max-snippet":"max-snippet:-1","max-image-preview":"max-image-preview:large","max-video-preview":"max-video-preview:-1"},"canonical":"https:\/\/renaud-reynek.com\/en\/catalogue-editorial\/suzanne-renaud-en\/frantisek-halas-detem-un-poete-parle-aux-enfants-1998\/","og_locale":"en_US","og_type":"article","og_title":"Association Romarin - Franti\u0161ek HALAS: D\u011btem \u2013 Un po\u00e8te parle aux enfants.[A Poet speaks to Children].1998","og_description":"Site de l'Association Romarin. D\u00e9couvrez les \u0153uvres du graveur tch\u00e8que Bohuslav Reynek et de Suzanne Renaud, po\u00e8te, son \u00e9pouse grenobloise.","og_url":"https:\/\/renaud-reynek.com\/en\/catalogue-editorial\/suzanne-renaud-en\/frantisek-halas-detem-un-poete-parle-aux-enfants-1998\/","og_site_name":"Association Romarin","article_modified_time":"2021-02-15T09:37:43+00:00","og_image":[{"width":1000,"height":1265,"url":"https:\/\/renaud-reynek.com\/wp-content\/uploads\/2020\/01\/Halas_Detem1998.jpg","type":"image\/jpeg"}],"twitter_card":"summary_large_image","schema":{"@context":"https:\/\/schema.org","@graph":[{"@type":"WebPage","@id":"https:\/\/renaud-reynek.com\/en\/catalogue-editorial\/suzanne-renaud-en\/frantisek-halas-detem-un-poete-parle-aux-enfants-1998\/","url":"https:\/\/renaud-reynek.com\/en\/catalogue-editorial\/suzanne-renaud-en\/frantisek-halas-detem-un-poete-parle-aux-enfants-1998\/","name":"Association Romarin - Franti\u0161ek HALAS: D\u011btem \u2013 Un po\u00e8te parle aux enfants. [A Poet speaks to Children]. 1998","isPartOf":{"@id":"https:\/\/renaud-reynek.com\/en\/#website"},"primaryImageOfPage":{"@id":"https:\/\/renaud-reynek.com\/en\/catalogue-editorial\/suzanne-renaud-en\/frantisek-halas-detem-un-poete-parle-aux-enfants-1998\/#primaryimage"},"image":{"@id":"https:\/\/renaud-reynek.com\/en\/catalogue-editorial\/suzanne-renaud-en\/frantisek-halas-detem-un-poete-parle-aux-enfants-1998\/#primaryimage"},"thumbnailUrl":"https:\/\/renaud-reynek.com\/wp-content\/uploads\/2020\/01\/Halas_Detem1998.jpg","datePublished":"2020-01-09T23:17:01+00:00","dateModified":"2021-02-15T09:37:43+00:00","description":"Site de l'Association Romarin. D\u00e9couvrez les \u0153uvres du graveur tch\u00e8que Bohuslav Reynek et de Suzanne Renaud, po\u00e8te, son \u00e9pouse grenobloise.","breadcrumb":{"@id":"https:\/\/renaud-reynek.com\/en\/catalogue-editorial\/suzanne-renaud-en\/frantisek-halas-detem-un-poete-parle-aux-enfants-1998\/#breadcrumb"},"inLanguage":"en-US","potentialAction":[{"@type":"ReadAction","target":["https:\/\/renaud-reynek.com\/en\/catalogue-editorial\/suzanne-renaud-en\/frantisek-halas-detem-un-poete-parle-aux-enfants-1998\/"]}]},{"@type":"ImageObject","inLanguage":"en-US","@id":"https:\/\/renaud-reynek.com\/en\/catalogue-editorial\/suzanne-renaud-en\/frantisek-halas-detem-un-poete-parle-aux-enfants-1998\/#primaryimage","url":"https:\/\/renaud-reynek.com\/wp-content\/uploads\/2020\/01\/Halas_Detem1998.jpg","contentUrl":"https:\/\/renaud-reynek.com\/wp-content\/uploads\/2020\/01\/Halas_Detem1998.jpg","width":1000,"height":1265},{"@type":"BreadcrumbList","@id":"https:\/\/renaud-reynek.com\/en\/catalogue-editorial\/suzanne-renaud-en\/frantisek-halas-detem-un-poete-parle-aux-enfants-1998\/#breadcrumb","itemListElement":[{"@type":"ListItem","position":1,"name":"Accueil","item":"https:\/\/renaud-reynek.com\/en\/"},{"@type":"ListItem","position":2,"name":"Products","item":"https:\/\/renaud-reynek.com\/en\/shop\/"},{"@type":"ListItem","position":3,"name":"Franti\u0161ek HALAS: D\u011btem \u2013 Un po\u00e8te parle aux enfants.[A Poet speaks to Children].1998"}]},{"@type":"WebSite","@id":"https:\/\/renaud-reynek.com\/en\/#website","url":"https:\/\/renaud-reynek.com\/en\/","name":"Association Romarin","description":"Les Amis de Suzanne Renaud et Bohuslav Reynek","potentialAction":[{"@type":"SearchAction","target":{"@type":"EntryPoint","urlTemplate":"https:\/\/renaud-reynek.com\/en\/?s={search_term_string}"},"query-input":{"@type":"PropertyValueSpecification","valueRequired":true,"valueName":"search_term_string"}}],"inLanguage":"en-US"}]}},"_links":{"self":[{"href":"https:\/\/renaud-reynek.com\/en\/wp-json\/wp\/v2\/product\/6591","targetHints":{"allow":["GET"]}}],"collection":[{"href":"https:\/\/renaud-reynek.com\/en\/wp-json\/wp\/v2\/product"}],"about":[{"href":"https:\/\/renaud-reynek.com\/en\/wp-json\/wp\/v2\/types\/product"}],"replies":[{"embeddable":true,"href":"https:\/\/renaud-reynek.com\/en\/wp-json\/wp\/v2\/comments?post=6591"}],"wp:featuredmedia":[{"embeddable":true,"href":"https:\/\/renaud-reynek.com\/en\/wp-json\/wp\/v2\/media\/1329"}],"wp:attachment":[{"href":"https:\/\/renaud-reynek.com\/en\/wp-json\/wp\/v2\/media?parent=6591"}],"wp:term":[{"taxonomy":"product_brand","embeddable":true,"href":"https:\/\/renaud-reynek.com\/en\/wp-json\/wp\/v2\/product_brand?post=6591"},{"taxonomy":"product_cat","embeddable":true,"href":"https:\/\/renaud-reynek.com\/en\/wp-json\/wp\/v2\/product_cat?post=6591"},{"taxonomy":"product_tag","embeddable":true,"href":"https:\/\/renaud-reynek.com\/en\/wp-json\/wp\/v2\/product_tag?post=6591"}],"curies":[{"name":"wp","href":"https:\/\/api.w.org\/{rel}","templated":true}]}}