{"id":6590,"date":"2020-01-10T00:56:44","date_gmt":"2020-01-09T23:56:44","guid":{"rendered":"https:\/\/renaud-reynek.com\/catalogue-editorial\/uncategorized\/collective-loeuvre-de-bohuslav-reynek-une-eclaircie-au-loin-2000\/"},"modified":"2021-02-20T17:35:44","modified_gmt":"2021-02-20T16:35:44","slug":"collective-loeuvre-de-bohuslav-reynek-une-eclaircie-au-loin-2000","status":"publish","type":"product","link":"https:\/\/renaud-reynek.com\/en\/catalogue-editorial\/bohuslav-reynek-en\/collective-loeuvre-de-bohuslav-reynek-une-eclaircie-au-loin-2000\/","title":{"rendered":"Collective <br><i>L\u2019\u0153uvre de Bohuslav Reynek.<br>Une \u00e9claircie au loin&#8230;<\/i><br>[<i>A Clearing in the Distance<\/i>].<br>2000<br><p style=\"padding-top: 10px; margin-bottom: 5px; font-family: lora; font-size: 15px; color:#A26C46;\">Out of print<\/p>"},"content":{"rendered":"<p><strong><em>Format 14,5 x 21\u202fcm.<br \/>\n<\/em><\/strong><strong><em>236 pages. Softbound, illustrated cover.<br \/>\n<\/em><\/strong><strong><em>ISSN\u202f: 1247\u2013013<\/em><\/strong><\/p>\n<p><em>Essais sur le discours de l\u2019Europe \u00e9clat\u00e9e<\/em>, N\u00b0\u202f16.<br \/>\nCo-published by the Stendhal Universityand Romarin, Grenoble 2000.<br \/>\nPartly bilingual work. Texts by I. Divi\u0161, L. Froul\u00edkov\u00e1,<br \/>\nX. Galmiche, S. Germainov\u00e1, Z. Hejda, V. Jirousov\u00e1, C. Kastler,<br \/>\nK. K\u0159epelka, J. Mlejnek, M. C. Putna, J. \u0160er\u00fdch, Z. Stavinohov\u00e1,<br \/>\nJ. Topol, J. Vladislav.<br \/>\nBibliography and chronologies.<br \/>\nIllustrations: nine works by Bohuslav Reynek, photographs.<br \/>\nEdition established by Annick Auzimour and Lenka Froul\u00edkov\u00e1.<br \/>\nPublished with the support of the Ministry of Foreign Affairs of the Czech Republic, the General Council of Is\u00e8re and the French Institute in Prague.<\/p>\n","protected":false},"excerpt":{"rendered":"<p>French and Czech poets, writers and academics worked together on this book featuring in-depth studies of Czech engraver and poet Bohuslav Reynek\u2019s work. The mostly unpublished texts, ranging from simple testimony or recollections to essays and criticism, shed light on aspects of art nurtured by things of the spirit and on a man attractive because of the clarity of his convictions. Reynek&#8217;s work, a cultural bridge between the Czech lands and France, embodies the unity to which our contemporaries aspire.<\/p>\n","protected":false},"featured_media":6708,"comment_status":"open","ping_status":"closed","template":"","meta":{"_acf_changed":false},"product_brand":[],"product_cat":[209,248],"product_tag":[],"class_list":{"0":"post-6590","1":"product","2":"type-product","3":"status-publish","4":"has-post-thumbnail","6":"product_cat-bohuslav-reynek-en","7":"product_cat-collective-en","9":"first","10":"instock","11":"shipping-taxable","12":"product-type-simple"},"acf":[],"yoast_head":"<!-- This site is optimized with the Yoast SEO plugin v27.5 - https:\/\/yoast.com\/product\/yoast-seo-wordpress\/ -->\n<title>Association Romarin - Collective L\u2019\u0153uvre de Bohuslav Reynek.Une \u00e9claircie au loin...[A Clearing in the Distance].2000Out of print<\/title>\n<meta name=\"description\" content=\"Site de l&#039;Association Romarin. D\u00e9couvrez les \u0153uvres du graveur tch\u00e8que Bohuslav Reynek et de Suzanne Renaud, po\u00e8te, son \u00e9pouse grenobloise.\" \/>\n<meta name=\"robots\" content=\"index, follow, max-snippet:-1, max-image-preview:large, max-video-preview:-1\" \/>\n<link rel=\"canonical\" href=\"https:\/\/renaud-reynek.com\/en\/catalogue-editorial\/bohuslav-reynek-en\/collective-loeuvre-de-bohuslav-reynek-une-eclaircie-au-loin-2000\/\" \/>\n<meta property=\"og:locale\" content=\"en_US\" \/>\n<meta property=\"og:type\" content=\"article\" \/>\n<meta property=\"og:title\" content=\"Association Romarin - Collective L\u2019\u0153uvre de Bohuslav Reynek.Une \u00e9claircie au loin...[A Clearing in the Distance].2000Out of print\" \/>\n<meta property=\"og:description\" content=\"Site de l&#039;Association Romarin. D\u00e9couvrez les \u0153uvres du graveur tch\u00e8que Bohuslav Reynek et de Suzanne Renaud, po\u00e8te, son \u00e9pouse grenobloise.\" \/>\n<meta property=\"og:url\" content=\"https:\/\/renaud-reynek.com\/en\/catalogue-editorial\/bohuslav-reynek-en\/collective-loeuvre-de-bohuslav-reynek-une-eclaircie-au-loin-2000\/\" \/>\n<meta property=\"og:site_name\" content=\"Association Romarin\" \/>\n<meta property=\"article:modified_time\" content=\"2021-02-20T16:35:44+00:00\" \/>\n<meta property=\"og:image\" content=\"https:\/\/renaud-reynek.com\/wp-content\/uploads\/2021\/02\/ReynekUneEclaircie2000-e1613632823389.jpg\" \/>\n\t<meta property=\"og:image:width\" content=\"1731\" \/>\n\t<meta property=\"og:image:height\" content=\"2428\" \/>\n\t<meta property=\"og:image:type\" content=\"image\/jpeg\" \/>\n<meta name=\"twitter:card\" content=\"summary_large_image\" \/>\n<meta name=\"twitter:label1\" content=\"Est. reading time\" \/>\n\t<meta name=\"twitter:data1\" content=\"1 minute\" \/>\n<script type=\"application\/ld+json\" class=\"yoast-schema-graph\">{\"@context\":\"https:\\\/\\\/schema.org\",\"@graph\":[{\"@type\":\"WebPage\",\"@id\":\"https:\\\/\\\/renaud-reynek.com\\\/en\\\/catalogue-editorial\\\/bohuslav-reynek-en\\\/collective-loeuvre-de-bohuslav-reynek-une-eclaircie-au-loin-2000\\\/\",\"url\":\"https:\\\/\\\/renaud-reynek.com\\\/en\\\/catalogue-editorial\\\/bohuslav-reynek-en\\\/collective-loeuvre-de-bohuslav-reynek-une-eclaircie-au-loin-2000\\\/\",\"name\":\"Association Romarin - Collective L\u2019\u0153uvre de Bohuslav Reynek. Une \u00e9claircie au loin... [A Clearing in the Distance]. 2000 Out of print\",\"isPartOf\":{\"@id\":\"https:\\\/\\\/renaud-reynek.com\\\/en\\\/#website\"},\"primaryImageOfPage\":{\"@id\":\"https:\\\/\\\/renaud-reynek.com\\\/en\\\/catalogue-editorial\\\/bohuslav-reynek-en\\\/collective-loeuvre-de-bohuslav-reynek-une-eclaircie-au-loin-2000\\\/#primaryimage\"},\"image\":{\"@id\":\"https:\\\/\\\/renaud-reynek.com\\\/en\\\/catalogue-editorial\\\/bohuslav-reynek-en\\\/collective-loeuvre-de-bohuslav-reynek-une-eclaircie-au-loin-2000\\\/#primaryimage\"},\"thumbnailUrl\":\"https:\\\/\\\/renaud-reynek.com\\\/wp-content\\\/uploads\\\/2021\\\/02\\\/ReynekUneEclaircie2000-e1613632823389.jpg\",\"datePublished\":\"2020-01-09T23:56:44+00:00\",\"dateModified\":\"2021-02-20T16:35:44+00:00\",\"description\":\"Site de l'Association Romarin. D\u00e9couvrez les \u0153uvres du graveur tch\u00e8que Bohuslav Reynek et de Suzanne Renaud, po\u00e8te, son \u00e9pouse grenobloise.\",\"breadcrumb\":{\"@id\":\"https:\\\/\\\/renaud-reynek.com\\\/en\\\/catalogue-editorial\\\/bohuslav-reynek-en\\\/collective-loeuvre-de-bohuslav-reynek-une-eclaircie-au-loin-2000\\\/#breadcrumb\"},\"inLanguage\":\"en-US\",\"potentialAction\":[{\"@type\":\"ReadAction\",\"target\":[\"https:\\\/\\\/renaud-reynek.com\\\/en\\\/catalogue-editorial\\\/bohuslav-reynek-en\\\/collective-loeuvre-de-bohuslav-reynek-une-eclaircie-au-loin-2000\\\/\"]}]},{\"@type\":\"ImageObject\",\"inLanguage\":\"en-US\",\"@id\":\"https:\\\/\\\/renaud-reynek.com\\\/en\\\/catalogue-editorial\\\/bohuslav-reynek-en\\\/collective-loeuvre-de-bohuslav-reynek-une-eclaircie-au-loin-2000\\\/#primaryimage\",\"url\":\"https:\\\/\\\/renaud-reynek.com\\\/wp-content\\\/uploads\\\/2021\\\/02\\\/ReynekUneEclaircie2000-e1613632823389.jpg\",\"contentUrl\":\"https:\\\/\\\/renaud-reynek.com\\\/wp-content\\\/uploads\\\/2021\\\/02\\\/ReynekUneEclaircie2000-e1613632823389.jpg\",\"width\":1731,\"height\":2428},{\"@type\":\"BreadcrumbList\",\"@id\":\"https:\\\/\\\/renaud-reynek.com\\\/en\\\/catalogue-editorial\\\/bohuslav-reynek-en\\\/collective-loeuvre-de-bohuslav-reynek-une-eclaircie-au-loin-2000\\\/#breadcrumb\",\"itemListElement\":[{\"@type\":\"ListItem\",\"position\":1,\"name\":\"Accueil\",\"item\":\"https:\\\/\\\/renaud-reynek.com\\\/en\\\/\"},{\"@type\":\"ListItem\",\"position\":2,\"name\":\"Products\",\"item\":\"https:\\\/\\\/renaud-reynek.com\\\/en\\\/shop\\\/\"},{\"@type\":\"ListItem\",\"position\":3,\"name\":\"Collective L\u2019\u0153uvre de Bohuslav Reynek.Une \u00e9claircie au loin&#8230;[A Clearing in the Distance].2000Out of print\"}]},{\"@type\":\"WebSite\",\"@id\":\"https:\\\/\\\/renaud-reynek.com\\\/en\\\/#website\",\"url\":\"https:\\\/\\\/renaud-reynek.com\\\/en\\\/\",\"name\":\"Association Romarin\",\"description\":\"Les Amis de Suzanne Renaud et Bohuslav Reynek\",\"potentialAction\":[{\"@type\":\"SearchAction\",\"target\":{\"@type\":\"EntryPoint\",\"urlTemplate\":\"https:\\\/\\\/renaud-reynek.com\\\/en\\\/?s={search_term_string}\"},\"query-input\":{\"@type\":\"PropertyValueSpecification\",\"valueRequired\":true,\"valueName\":\"search_term_string\"}}],\"inLanguage\":\"en-US\"}]}<\/script>\n<!-- \/ Yoast SEO plugin. -->","yoast_head_json":{"title":"Association Romarin - Collective L\u2019\u0153uvre de Bohuslav Reynek.Une \u00e9claircie au loin...[A Clearing in the Distance].2000Out of print","description":"Site de l'Association Romarin. D\u00e9couvrez les \u0153uvres du graveur tch\u00e8que Bohuslav Reynek et de Suzanne Renaud, po\u00e8te, son \u00e9pouse grenobloise.","robots":{"index":"index","follow":"follow","max-snippet":"max-snippet:-1","max-image-preview":"max-image-preview:large","max-video-preview":"max-video-preview:-1"},"canonical":"https:\/\/renaud-reynek.com\/en\/catalogue-editorial\/bohuslav-reynek-en\/collective-loeuvre-de-bohuslav-reynek-une-eclaircie-au-loin-2000\/","og_locale":"en_US","og_type":"article","og_title":"Association Romarin - Collective L\u2019\u0153uvre de Bohuslav Reynek.Une \u00e9claircie au loin...[A Clearing in the Distance].2000Out of print","og_description":"Site de l'Association Romarin. D\u00e9couvrez les \u0153uvres du graveur tch\u00e8que Bohuslav Reynek et de Suzanne Renaud, po\u00e8te, son \u00e9pouse grenobloise.","og_url":"https:\/\/renaud-reynek.com\/en\/catalogue-editorial\/bohuslav-reynek-en\/collective-loeuvre-de-bohuslav-reynek-une-eclaircie-au-loin-2000\/","og_site_name":"Association Romarin","article_modified_time":"2021-02-20T16:35:44+00:00","og_image":[{"width":1731,"height":2428,"url":"https:\/\/renaud-reynek.com\/wp-content\/uploads\/2021\/02\/ReynekUneEclaircie2000-e1613632823389.jpg","type":"image\/jpeg"}],"twitter_card":"summary_large_image","twitter_misc":{"Est. reading time":"1 minute"},"schema":{"@context":"https:\/\/schema.org","@graph":[{"@type":"WebPage","@id":"https:\/\/renaud-reynek.com\/en\/catalogue-editorial\/bohuslav-reynek-en\/collective-loeuvre-de-bohuslav-reynek-une-eclaircie-au-loin-2000\/","url":"https:\/\/renaud-reynek.com\/en\/catalogue-editorial\/bohuslav-reynek-en\/collective-loeuvre-de-bohuslav-reynek-une-eclaircie-au-loin-2000\/","name":"Association Romarin - Collective L\u2019\u0153uvre de Bohuslav Reynek. Une \u00e9claircie au loin... [A Clearing in the Distance]. 2000 Out of print","isPartOf":{"@id":"https:\/\/renaud-reynek.com\/en\/#website"},"primaryImageOfPage":{"@id":"https:\/\/renaud-reynek.com\/en\/catalogue-editorial\/bohuslav-reynek-en\/collective-loeuvre-de-bohuslav-reynek-une-eclaircie-au-loin-2000\/#primaryimage"},"image":{"@id":"https:\/\/renaud-reynek.com\/en\/catalogue-editorial\/bohuslav-reynek-en\/collective-loeuvre-de-bohuslav-reynek-une-eclaircie-au-loin-2000\/#primaryimage"},"thumbnailUrl":"https:\/\/renaud-reynek.com\/wp-content\/uploads\/2021\/02\/ReynekUneEclaircie2000-e1613632823389.jpg","datePublished":"2020-01-09T23:56:44+00:00","dateModified":"2021-02-20T16:35:44+00:00","description":"Site de l'Association Romarin. D\u00e9couvrez les \u0153uvres du graveur tch\u00e8que Bohuslav Reynek et de Suzanne Renaud, po\u00e8te, son \u00e9pouse grenobloise.","breadcrumb":{"@id":"https:\/\/renaud-reynek.com\/en\/catalogue-editorial\/bohuslav-reynek-en\/collective-loeuvre-de-bohuslav-reynek-une-eclaircie-au-loin-2000\/#breadcrumb"},"inLanguage":"en-US","potentialAction":[{"@type":"ReadAction","target":["https:\/\/renaud-reynek.com\/en\/catalogue-editorial\/bohuslav-reynek-en\/collective-loeuvre-de-bohuslav-reynek-une-eclaircie-au-loin-2000\/"]}]},{"@type":"ImageObject","inLanguage":"en-US","@id":"https:\/\/renaud-reynek.com\/en\/catalogue-editorial\/bohuslav-reynek-en\/collective-loeuvre-de-bohuslav-reynek-une-eclaircie-au-loin-2000\/#primaryimage","url":"https:\/\/renaud-reynek.com\/wp-content\/uploads\/2021\/02\/ReynekUneEclaircie2000-e1613632823389.jpg","contentUrl":"https:\/\/renaud-reynek.com\/wp-content\/uploads\/2021\/02\/ReynekUneEclaircie2000-e1613632823389.jpg","width":1731,"height":2428},{"@type":"BreadcrumbList","@id":"https:\/\/renaud-reynek.com\/en\/catalogue-editorial\/bohuslav-reynek-en\/collective-loeuvre-de-bohuslav-reynek-une-eclaircie-au-loin-2000\/#breadcrumb","itemListElement":[{"@type":"ListItem","position":1,"name":"Accueil","item":"https:\/\/renaud-reynek.com\/en\/"},{"@type":"ListItem","position":2,"name":"Products","item":"https:\/\/renaud-reynek.com\/en\/shop\/"},{"@type":"ListItem","position":3,"name":"Collective L\u2019\u0153uvre de Bohuslav Reynek.Une \u00e9claircie au loin&#8230;[A Clearing in the Distance].2000Out of print"}]},{"@type":"WebSite","@id":"https:\/\/renaud-reynek.com\/en\/#website","url":"https:\/\/renaud-reynek.com\/en\/","name":"Association Romarin","description":"Les Amis de Suzanne Renaud et Bohuslav Reynek","potentialAction":[{"@type":"SearchAction","target":{"@type":"EntryPoint","urlTemplate":"https:\/\/renaud-reynek.com\/en\/?s={search_term_string}"},"query-input":{"@type":"PropertyValueSpecification","valueRequired":true,"valueName":"search_term_string"}}],"inLanguage":"en-US"}]}},"_links":{"self":[{"href":"https:\/\/renaud-reynek.com\/en\/wp-json\/wp\/v2\/product\/6590","targetHints":{"allow":["GET"]}}],"collection":[{"href":"https:\/\/renaud-reynek.com\/en\/wp-json\/wp\/v2\/product"}],"about":[{"href":"https:\/\/renaud-reynek.com\/en\/wp-json\/wp\/v2\/types\/product"}],"replies":[{"embeddable":true,"href":"https:\/\/renaud-reynek.com\/en\/wp-json\/wp\/v2\/comments?post=6590"}],"wp:featuredmedia":[{"embeddable":true,"href":"https:\/\/renaud-reynek.com\/en\/wp-json\/wp\/v2\/media\/6708"}],"wp:attachment":[{"href":"https:\/\/renaud-reynek.com\/en\/wp-json\/wp\/v2\/media?parent=6590"}],"wp:term":[{"taxonomy":"product_brand","embeddable":true,"href":"https:\/\/renaud-reynek.com\/en\/wp-json\/wp\/v2\/product_brand?post=6590"},{"taxonomy":"product_cat","embeddable":true,"href":"https:\/\/renaud-reynek.com\/en\/wp-json\/wp\/v2\/product_cat?post=6590"},{"taxonomy":"product_tag","embeddable":true,"href":"https:\/\/renaud-reynek.com\/en\/wp-json\/wp\/v2\/product_tag?post=6590"}],"curies":[{"name":"wp","href":"https:\/\/api.w.org\/{rel}","templated":true}]}}