{"id":6589,"date":"2020-01-10T00:58:17","date_gmt":"2020-01-09T23:58:17","guid":{"rendered":"https:\/\/renaud-reynek.com\/catalogue-editorial\/uncategorized\/suzanne-renaud-henri-pourrat-correspondance-1947-1959-2001\/"},"modified":"2021-02-14T21:21:32","modified_gmt":"2021-02-14T20:21:32","slug":"suzanne-renaud-henri-pourrat-correspondance-1947-1959-2001","status":"publish","type":"product","link":"https:\/\/renaud-reynek.com\/en\/catalogue-editorial\/suzanne-renaud-en\/suzanne-renaud-henri-pourrat-correspondance-1947-1959-2001\/","title":{"rendered":"Suzanne RENAUD,<br>Henri POURRAT:<br><i>Correspondance (1947-1959)<\/i>.<br>2001"},"content":{"rendered":"<p><strong><em>Format 12,5 x 19 cm.<br \/>\n<\/em><\/strong><strong><em>256 pages. Softbound, illustrated cover.<br \/>\n<\/em><\/strong><strong><em>ISBN\u202f: 2-910544-08-7 <\/em><\/strong><\/p>\n<p>Published by Romarin, Grenoble 2001.<br \/>\nLanguage: French.<br \/>\nPreface byAnnette Pourrat.<br \/>\nIllustrations: five drypoints by B. Reynek, four facsimiles of manuscripts by S. Renaud, one facsimile by B. Reynek, four facsimiles of manuscripts by H. Pourrat, twelve photographs. Reproductions of works by M. Ale\u0161, J. Lada, F. Angeli, M. Florian, W. Wessel, J. Trnka.<br \/>\nEdition presented and annotated byAnnick Auzimour et Annette Pourrat.<br \/>\nPublished with the support of the Soci\u00e9t\u00e9 des Amis d\u2019Henri Pourrat.<\/p>\n","protected":false},"excerpt":{"rendered":"<p>This book includes all the correspondence between writer Henri Pourrat and Suzanne Renaud and Bohuslav Reynek: forty-four letters from Pourrat, forty-four from Renaud and two from Reynek. It begins in the aftermath of a war that led to the separation of the authors\u2019 homelands, France and Czechoslovakia, by the Iron Curtain and ends with Pourrat\u2019s death. The letters attest to a long-distance epistolary friendship between the Reyneks in Petrkov, Bohemia and Pourrat in Ambert, Auvergne under the best and worst circumstances. Far from literary life, in their houses open to nature, the authors wrote about their emotions. \u201cWhat emerges is a sort of deeply felt and expressed poetry of places that provides a glimpse into what Henri Pourrat calls \u2018the true homeland\u2019, where they found common ground.\u201d (Annette Pourrat, preface).<\/p>\n","protected":false},"featured_media":1345,"comment_status":"open","ping_status":"closed","template":"","meta":{"_acf_changed":false},"product_brand":[],"product_cat":[208],"product_tag":[],"class_list":{"0":"post-6589","1":"product","2":"type-product","3":"status-publish","4":"has-post-thumbnail","6":"product_cat-suzanne-renaud-en","8":"first","9":"instock","10":"shipping-taxable","11":"purchasable","12":"product-type-simple"},"acf":[],"yoast_head":"<!-- This site is optimized with the Yoast SEO plugin v27.4 - https:\/\/yoast.com\/product\/yoast-seo-wordpress\/ -->\n<title>Association Romarin - Suzanne RENAUD,Henri POURRAT:Correspondance (1947-1959).2001<\/title>\n<meta name=\"description\" content=\"Site de l&#039;Association Romarin. D\u00e9couvrez les \u0153uvres du graveur tch\u00e8que Bohuslav Reynek et de Suzanne Renaud, po\u00e8te, son \u00e9pouse grenobloise.\" \/>\n<meta name=\"robots\" content=\"index, follow, max-snippet:-1, max-image-preview:large, max-video-preview:-1\" \/>\n<link rel=\"canonical\" href=\"https:\/\/renaud-reynek.com\/en\/catalogue-editorial\/suzanne-renaud-en\/suzanne-renaud-henri-pourrat-correspondance-1947-1959-2001\/\" \/>\n<meta property=\"og:locale\" content=\"en_US\" \/>\n<meta property=\"og:type\" content=\"article\" \/>\n<meta property=\"og:title\" content=\"Association Romarin - Suzanne RENAUD,Henri POURRAT:Correspondance (1947-1959).2001\" \/>\n<meta property=\"og:description\" content=\"Site de l&#039;Association Romarin. D\u00e9couvrez les \u0153uvres du graveur tch\u00e8que Bohuslav Reynek et de Suzanne Renaud, po\u00e8te, son \u00e9pouse grenobloise.\" \/>\n<meta property=\"og:url\" content=\"https:\/\/renaud-reynek.com\/en\/catalogue-editorial\/suzanne-renaud-en\/suzanne-renaud-henri-pourrat-correspondance-1947-1959-2001\/\" \/>\n<meta property=\"og:site_name\" content=\"Association Romarin\" \/>\n<meta property=\"article:modified_time\" content=\"2021-02-14T20:21:32+00:00\" \/>\n<meta property=\"og:image\" content=\"https:\/\/renaud-reynek.com\/wp-content\/uploads\/2020\/01\/SR_CorrespPourrat2001.jpg\" \/>\n\t<meta property=\"og:image:width\" content=\"1000\" \/>\n\t<meta property=\"og:image:height\" content=\"1544\" \/>\n\t<meta property=\"og:image:type\" content=\"image\/jpeg\" \/>\n<meta name=\"twitter:card\" content=\"summary_large_image\" \/>\n<script type=\"application\/ld+json\" class=\"yoast-schema-graph\">{\"@context\":\"https:\\\/\\\/schema.org\",\"@graph\":[{\"@type\":\"WebPage\",\"@id\":\"https:\\\/\\\/renaud-reynek.com\\\/en\\\/catalogue-editorial\\\/suzanne-renaud-en\\\/suzanne-renaud-henri-pourrat-correspondance-1947-1959-2001\\\/\",\"url\":\"https:\\\/\\\/renaud-reynek.com\\\/en\\\/catalogue-editorial\\\/suzanne-renaud-en\\\/suzanne-renaud-henri-pourrat-correspondance-1947-1959-2001\\\/\",\"name\":\"Association Romarin - Suzanne RENAUD, Henri POURRAT: Correspondance (1947-1959). 2001\",\"isPartOf\":{\"@id\":\"https:\\\/\\\/renaud-reynek.com\\\/en\\\/#website\"},\"primaryImageOfPage\":{\"@id\":\"https:\\\/\\\/renaud-reynek.com\\\/en\\\/catalogue-editorial\\\/suzanne-renaud-en\\\/suzanne-renaud-henri-pourrat-correspondance-1947-1959-2001\\\/#primaryimage\"},\"image\":{\"@id\":\"https:\\\/\\\/renaud-reynek.com\\\/en\\\/catalogue-editorial\\\/suzanne-renaud-en\\\/suzanne-renaud-henri-pourrat-correspondance-1947-1959-2001\\\/#primaryimage\"},\"thumbnailUrl\":\"https:\\\/\\\/renaud-reynek.com\\\/wp-content\\\/uploads\\\/2020\\\/01\\\/SR_CorrespPourrat2001.jpg\",\"datePublished\":\"2020-01-09T23:58:17+00:00\",\"dateModified\":\"2021-02-14T20:21:32+00:00\",\"description\":\"Site de l'Association Romarin. D\u00e9couvrez les \u0153uvres du graveur tch\u00e8que Bohuslav Reynek et de Suzanne Renaud, po\u00e8te, son \u00e9pouse grenobloise.\",\"breadcrumb\":{\"@id\":\"https:\\\/\\\/renaud-reynek.com\\\/en\\\/catalogue-editorial\\\/suzanne-renaud-en\\\/suzanne-renaud-henri-pourrat-correspondance-1947-1959-2001\\\/#breadcrumb\"},\"inLanguage\":\"en-US\",\"potentialAction\":[{\"@type\":\"ReadAction\",\"target\":[\"https:\\\/\\\/renaud-reynek.com\\\/en\\\/catalogue-editorial\\\/suzanne-renaud-en\\\/suzanne-renaud-henri-pourrat-correspondance-1947-1959-2001\\\/\"]}]},{\"@type\":\"ImageObject\",\"inLanguage\":\"en-US\",\"@id\":\"https:\\\/\\\/renaud-reynek.com\\\/en\\\/catalogue-editorial\\\/suzanne-renaud-en\\\/suzanne-renaud-henri-pourrat-correspondance-1947-1959-2001\\\/#primaryimage\",\"url\":\"https:\\\/\\\/renaud-reynek.com\\\/wp-content\\\/uploads\\\/2020\\\/01\\\/SR_CorrespPourrat2001.jpg\",\"contentUrl\":\"https:\\\/\\\/renaud-reynek.com\\\/wp-content\\\/uploads\\\/2020\\\/01\\\/SR_CorrespPourrat2001.jpg\",\"width\":1000,\"height\":1544},{\"@type\":\"BreadcrumbList\",\"@id\":\"https:\\\/\\\/renaud-reynek.com\\\/en\\\/catalogue-editorial\\\/suzanne-renaud-en\\\/suzanne-renaud-henri-pourrat-correspondance-1947-1959-2001\\\/#breadcrumb\",\"itemListElement\":[{\"@type\":\"ListItem\",\"position\":1,\"name\":\"Accueil\",\"item\":\"https:\\\/\\\/renaud-reynek.com\\\/en\\\/\"},{\"@type\":\"ListItem\",\"position\":2,\"name\":\"Products\",\"item\":\"https:\\\/\\\/renaud-reynek.com\\\/en\\\/shop\\\/\"},{\"@type\":\"ListItem\",\"position\":3,\"name\":\"Suzanne RENAUD,Henri POURRAT:Correspondance (1947-1959).2001\"}]},{\"@type\":\"WebSite\",\"@id\":\"https:\\\/\\\/renaud-reynek.com\\\/en\\\/#website\",\"url\":\"https:\\\/\\\/renaud-reynek.com\\\/en\\\/\",\"name\":\"Association Romarin\",\"description\":\"Les Amis de Suzanne Renaud et Bohuslav Reynek\",\"potentialAction\":[{\"@type\":\"SearchAction\",\"target\":{\"@type\":\"EntryPoint\",\"urlTemplate\":\"https:\\\/\\\/renaud-reynek.com\\\/en\\\/?s={search_term_string}\"},\"query-input\":{\"@type\":\"PropertyValueSpecification\",\"valueRequired\":true,\"valueName\":\"search_term_string\"}}],\"inLanguage\":\"en-US\"}]}<\/script>\n<!-- \/ Yoast SEO plugin. -->","yoast_head_json":{"title":"Association Romarin - Suzanne RENAUD,Henri POURRAT:Correspondance (1947-1959).2001","description":"Site de l'Association Romarin. D\u00e9couvrez les \u0153uvres du graveur tch\u00e8que Bohuslav Reynek et de Suzanne Renaud, po\u00e8te, son \u00e9pouse grenobloise.","robots":{"index":"index","follow":"follow","max-snippet":"max-snippet:-1","max-image-preview":"max-image-preview:large","max-video-preview":"max-video-preview:-1"},"canonical":"https:\/\/renaud-reynek.com\/en\/catalogue-editorial\/suzanne-renaud-en\/suzanne-renaud-henri-pourrat-correspondance-1947-1959-2001\/","og_locale":"en_US","og_type":"article","og_title":"Association Romarin - Suzanne RENAUD,Henri POURRAT:Correspondance (1947-1959).2001","og_description":"Site de l'Association Romarin. D\u00e9couvrez les \u0153uvres du graveur tch\u00e8que Bohuslav Reynek et de Suzanne Renaud, po\u00e8te, son \u00e9pouse grenobloise.","og_url":"https:\/\/renaud-reynek.com\/en\/catalogue-editorial\/suzanne-renaud-en\/suzanne-renaud-henri-pourrat-correspondance-1947-1959-2001\/","og_site_name":"Association Romarin","article_modified_time":"2021-02-14T20:21:32+00:00","og_image":[{"width":1000,"height":1544,"url":"https:\/\/renaud-reynek.com\/wp-content\/uploads\/2020\/01\/SR_CorrespPourrat2001.jpg","type":"image\/jpeg"}],"twitter_card":"summary_large_image","schema":{"@context":"https:\/\/schema.org","@graph":[{"@type":"WebPage","@id":"https:\/\/renaud-reynek.com\/en\/catalogue-editorial\/suzanne-renaud-en\/suzanne-renaud-henri-pourrat-correspondance-1947-1959-2001\/","url":"https:\/\/renaud-reynek.com\/en\/catalogue-editorial\/suzanne-renaud-en\/suzanne-renaud-henri-pourrat-correspondance-1947-1959-2001\/","name":"Association Romarin - Suzanne RENAUD, Henri POURRAT: Correspondance (1947-1959). 2001","isPartOf":{"@id":"https:\/\/renaud-reynek.com\/en\/#website"},"primaryImageOfPage":{"@id":"https:\/\/renaud-reynek.com\/en\/catalogue-editorial\/suzanne-renaud-en\/suzanne-renaud-henri-pourrat-correspondance-1947-1959-2001\/#primaryimage"},"image":{"@id":"https:\/\/renaud-reynek.com\/en\/catalogue-editorial\/suzanne-renaud-en\/suzanne-renaud-henri-pourrat-correspondance-1947-1959-2001\/#primaryimage"},"thumbnailUrl":"https:\/\/renaud-reynek.com\/wp-content\/uploads\/2020\/01\/SR_CorrespPourrat2001.jpg","datePublished":"2020-01-09T23:58:17+00:00","dateModified":"2021-02-14T20:21:32+00:00","description":"Site de l'Association Romarin. D\u00e9couvrez les \u0153uvres du graveur tch\u00e8que Bohuslav Reynek et de Suzanne Renaud, po\u00e8te, son \u00e9pouse grenobloise.","breadcrumb":{"@id":"https:\/\/renaud-reynek.com\/en\/catalogue-editorial\/suzanne-renaud-en\/suzanne-renaud-henri-pourrat-correspondance-1947-1959-2001\/#breadcrumb"},"inLanguage":"en-US","potentialAction":[{"@type":"ReadAction","target":["https:\/\/renaud-reynek.com\/en\/catalogue-editorial\/suzanne-renaud-en\/suzanne-renaud-henri-pourrat-correspondance-1947-1959-2001\/"]}]},{"@type":"ImageObject","inLanguage":"en-US","@id":"https:\/\/renaud-reynek.com\/en\/catalogue-editorial\/suzanne-renaud-en\/suzanne-renaud-henri-pourrat-correspondance-1947-1959-2001\/#primaryimage","url":"https:\/\/renaud-reynek.com\/wp-content\/uploads\/2020\/01\/SR_CorrespPourrat2001.jpg","contentUrl":"https:\/\/renaud-reynek.com\/wp-content\/uploads\/2020\/01\/SR_CorrespPourrat2001.jpg","width":1000,"height":1544},{"@type":"BreadcrumbList","@id":"https:\/\/renaud-reynek.com\/en\/catalogue-editorial\/suzanne-renaud-en\/suzanne-renaud-henri-pourrat-correspondance-1947-1959-2001\/#breadcrumb","itemListElement":[{"@type":"ListItem","position":1,"name":"Accueil","item":"https:\/\/renaud-reynek.com\/en\/"},{"@type":"ListItem","position":2,"name":"Products","item":"https:\/\/renaud-reynek.com\/en\/shop\/"},{"@type":"ListItem","position":3,"name":"Suzanne RENAUD,Henri POURRAT:Correspondance (1947-1959).2001"}]},{"@type":"WebSite","@id":"https:\/\/renaud-reynek.com\/en\/#website","url":"https:\/\/renaud-reynek.com\/en\/","name":"Association Romarin","description":"Les Amis de Suzanne Renaud et Bohuslav Reynek","potentialAction":[{"@type":"SearchAction","target":{"@type":"EntryPoint","urlTemplate":"https:\/\/renaud-reynek.com\/en\/?s={search_term_string}"},"query-input":{"@type":"PropertyValueSpecification","valueRequired":true,"valueName":"search_term_string"}}],"inLanguage":"en-US"}]}},"_links":{"self":[{"href":"https:\/\/renaud-reynek.com\/en\/wp-json\/wp\/v2\/product\/6589","targetHints":{"allow":["GET"]}}],"collection":[{"href":"https:\/\/renaud-reynek.com\/en\/wp-json\/wp\/v2\/product"}],"about":[{"href":"https:\/\/renaud-reynek.com\/en\/wp-json\/wp\/v2\/types\/product"}],"replies":[{"embeddable":true,"href":"https:\/\/renaud-reynek.com\/en\/wp-json\/wp\/v2\/comments?post=6589"}],"wp:featuredmedia":[{"embeddable":true,"href":"https:\/\/renaud-reynek.com\/en\/wp-json\/wp\/v2\/media\/1345"}],"wp:attachment":[{"href":"https:\/\/renaud-reynek.com\/en\/wp-json\/wp\/v2\/media?parent=6589"}],"wp:term":[{"taxonomy":"product_brand","embeddable":true,"href":"https:\/\/renaud-reynek.com\/en\/wp-json\/wp\/v2\/product_brand?post=6589"},{"taxonomy":"product_cat","embeddable":true,"href":"https:\/\/renaud-reynek.com\/en\/wp-json\/wp\/v2\/product_cat?post=6589"},{"taxonomy":"product_tag","embeddable":true,"href":"https:\/\/renaud-reynek.com\/en\/wp-json\/wp\/v2\/product_tag?post=6589"}],"curies":[{"name":"wp","href":"https:\/\/api.w.org\/{rel}","templated":true}]}}