{"id":6588,"date":"2020-01-10T00:59:02","date_gmt":"2020-01-09T23:59:02","guid":{"rendered":"https:\/\/renaud-reynek.com\/catalogue-editorial\/uncategorized\/vladimir-holan-quelques-poemes-basne-some-poems-2002\/"},"modified":"2021-02-14T20:17:14","modified_gmt":"2021-02-14T19:17:14","slug":"vladimir-holan-quelques-poemes-basne-some-poems-2002","status":"publish","type":"product","link":"https:\/\/renaud-reynek.com\/en\/catalogue-editorial\/vladimir-holan-en-2\/vladimir-holan-quelques-poemes-basne-some-poems-2002\/","title":{"rendered":"Vladim\u00edr HOLAN: <br><i>Quelques po\u00e8mes \u2013 B\u00e1sn\u011b<\/i>.<br>[<i>Some poems<\/i>].<br>2002"},"content":{"rendered":"<p><strong><em>Format 12 x 17,5 cm.<br \/>\n<\/em><\/strong><strong><em>54 pages. Color hardcover.<br \/>\nI<\/em><\/strong><strong><em>SBN Liter\u00e1rn\u00ed \u010dajovna Suzanne Renaud\u202f: 80-902231-7-6<br \/>\n<\/em><\/strong><strong><em>ISBN Romarin\u202f: 2\u2013910544\u201309\u20135<\/em><\/strong><\/p>\n<p>Co-published by Romarin and Liter\u00e1rn\u00ed \u010dajovna Suzanne Renaud, Grenoble and Havl\u00ed\u010dk\u016fv Brod 2002.<br \/>\nBilingual edition in French and Czech of original translations of poems by Vladim\u00edr Holan by Suzanne Renaud and Bohuslav Reynek.<br \/>\nPostface by Jan Vladislav.<br \/>\nIllustrations: four drypoints by B. Reynek, four facsimiles of manuscripts by S. Renaud, S. Renaud et V. Holan.<\/p>\n","protected":false},"excerpt":{"rendered":"<p>Before and during the Second World War, Vladim\u00edr Holan published many collections that were banned until the early 1960s. Suzanne Renaud and Bohuslav Reynek translated some verses by this great poet for their own and their friends\u2019 enjoyment. These free, spontaneous, unpublished translations were drafts on tiny, disparate cards. Sometimes they became simple missives, like the first four poems addressed to a friend in France. This collection is the first edition. Reynek and Holan\u2019s friendship belongs to those \u201clong-distance relationships\u201d allowed by poetry, \u201cwhich defy time and death. [\u2026] Holan liked Reynek\u2019s translations, poems and engravings and admired the man. \u2018When your wife came to see us once at Kampa,\u2019 he wrote to Reynek on his seventy-fifth birthday, \u2018I said to myself: a princess! I have long known that you are a rare being, a poet, a singular artist and a translator-explorer\u2019.\u201d (Jan Vladislav, postface).<\/p>\n","protected":false},"featured_media":1349,"comment_status":"open","ping_status":"closed","template":"","meta":{"_acf_changed":false},"product_brand":[],"product_cat":[249],"product_tag":[],"class_list":{"0":"post-6588","1":"product","2":"type-product","3":"status-publish","4":"has-post-thumbnail","6":"product_cat-vladimir-holan-en-2","8":"first","9":"instock","10":"shipping-taxable","11":"product-type-simple"},"acf":[],"yoast_head":"<!-- This site is optimized with the Yoast SEO plugin v27.4 - https:\/\/yoast.com\/product\/yoast-seo-wordpress\/ -->\n<title>Association Romarin - Vladim\u00edr HOLAN: Quelques po\u00e8mes \u2013 B\u00e1sn\u011b.[Some poems].2002<\/title>\n<meta name=\"description\" content=\"Site de l&#039;Association Romarin. D\u00e9couvrez les \u0153uvres du graveur tch\u00e8que Bohuslav Reynek et de Suzanne Renaud, po\u00e8te, son \u00e9pouse grenobloise.\" \/>\n<meta name=\"robots\" content=\"index, follow, max-snippet:-1, max-image-preview:large, max-video-preview:-1\" \/>\n<link rel=\"canonical\" href=\"https:\/\/renaud-reynek.com\/en\/catalogue-editorial\/vladimir-holan-en-2\/vladimir-holan-quelques-poemes-basne-some-poems-2002\/\" \/>\n<meta property=\"og:locale\" content=\"en_US\" \/>\n<meta property=\"og:type\" content=\"article\" \/>\n<meta property=\"og:title\" content=\"Association Romarin - Vladim\u00edr HOLAN: Quelques po\u00e8mes \u2013 B\u00e1sn\u011b.[Some poems].2002\" \/>\n<meta property=\"og:description\" content=\"Site de l&#039;Association Romarin. D\u00e9couvrez les \u0153uvres du graveur tch\u00e8que Bohuslav Reynek et de Suzanne Renaud, po\u00e8te, son \u00e9pouse grenobloise.\" \/>\n<meta property=\"og:url\" content=\"https:\/\/renaud-reynek.com\/en\/catalogue-editorial\/vladimir-holan-en-2\/vladimir-holan-quelques-poemes-basne-some-poems-2002\/\" \/>\n<meta property=\"og:site_name\" content=\"Association Romarin\" \/>\n<meta property=\"article:modified_time\" content=\"2021-02-14T19:17:14+00:00\" \/>\n<meta property=\"og:image\" content=\"https:\/\/renaud-reynek.com\/wp-content\/uploads\/2020\/01\/Holan_QuelquesPoemes2002.jpg\" \/>\n\t<meta property=\"og:image:width\" content=\"1000\" \/>\n\t<meta property=\"og:image:height\" content=\"1429\" \/>\n\t<meta property=\"og:image:type\" content=\"image\/jpeg\" \/>\n<meta name=\"twitter:card\" content=\"summary_large_image\" \/>\n<script type=\"application\/ld+json\" class=\"yoast-schema-graph\">{\"@context\":\"https:\\\/\\\/schema.org\",\"@graph\":[{\"@type\":\"WebPage\",\"@id\":\"https:\\\/\\\/renaud-reynek.com\\\/en\\\/catalogue-editorial\\\/vladimir-holan-en-2\\\/vladimir-holan-quelques-poemes-basne-some-poems-2002\\\/\",\"url\":\"https:\\\/\\\/renaud-reynek.com\\\/en\\\/catalogue-editorial\\\/vladimir-holan-en-2\\\/vladimir-holan-quelques-poemes-basne-some-poems-2002\\\/\",\"name\":\"Association Romarin - Vladim\u00edr HOLAN: Quelques po\u00e8mes \u2013 B\u00e1sn\u011b. [Some poems]. 2002\",\"isPartOf\":{\"@id\":\"https:\\\/\\\/renaud-reynek.com\\\/en\\\/#website\"},\"primaryImageOfPage\":{\"@id\":\"https:\\\/\\\/renaud-reynek.com\\\/en\\\/catalogue-editorial\\\/vladimir-holan-en-2\\\/vladimir-holan-quelques-poemes-basne-some-poems-2002\\\/#primaryimage\"},\"image\":{\"@id\":\"https:\\\/\\\/renaud-reynek.com\\\/en\\\/catalogue-editorial\\\/vladimir-holan-en-2\\\/vladimir-holan-quelques-poemes-basne-some-poems-2002\\\/#primaryimage\"},\"thumbnailUrl\":\"https:\\\/\\\/renaud-reynek.com\\\/wp-content\\\/uploads\\\/2020\\\/01\\\/Holan_QuelquesPoemes2002.jpg\",\"datePublished\":\"2020-01-09T23:59:02+00:00\",\"dateModified\":\"2021-02-14T19:17:14+00:00\",\"description\":\"Site de l'Association Romarin. D\u00e9couvrez les \u0153uvres du graveur tch\u00e8que Bohuslav Reynek et de Suzanne Renaud, po\u00e8te, son \u00e9pouse grenobloise.\",\"breadcrumb\":{\"@id\":\"https:\\\/\\\/renaud-reynek.com\\\/en\\\/catalogue-editorial\\\/vladimir-holan-en-2\\\/vladimir-holan-quelques-poemes-basne-some-poems-2002\\\/#breadcrumb\"},\"inLanguage\":\"en-US\",\"potentialAction\":[{\"@type\":\"ReadAction\",\"target\":[\"https:\\\/\\\/renaud-reynek.com\\\/en\\\/catalogue-editorial\\\/vladimir-holan-en-2\\\/vladimir-holan-quelques-poemes-basne-some-poems-2002\\\/\"]}]},{\"@type\":\"ImageObject\",\"inLanguage\":\"en-US\",\"@id\":\"https:\\\/\\\/renaud-reynek.com\\\/en\\\/catalogue-editorial\\\/vladimir-holan-en-2\\\/vladimir-holan-quelques-poemes-basne-some-poems-2002\\\/#primaryimage\",\"url\":\"https:\\\/\\\/renaud-reynek.com\\\/wp-content\\\/uploads\\\/2020\\\/01\\\/Holan_QuelquesPoemes2002.jpg\",\"contentUrl\":\"https:\\\/\\\/renaud-reynek.com\\\/wp-content\\\/uploads\\\/2020\\\/01\\\/Holan_QuelquesPoemes2002.jpg\",\"width\":1000,\"height\":1429},{\"@type\":\"BreadcrumbList\",\"@id\":\"https:\\\/\\\/renaud-reynek.com\\\/en\\\/catalogue-editorial\\\/vladimir-holan-en-2\\\/vladimir-holan-quelques-poemes-basne-some-poems-2002\\\/#breadcrumb\",\"itemListElement\":[{\"@type\":\"ListItem\",\"position\":1,\"name\":\"Accueil\",\"item\":\"https:\\\/\\\/renaud-reynek.com\\\/en\\\/\"},{\"@type\":\"ListItem\",\"position\":2,\"name\":\"Products\",\"item\":\"https:\\\/\\\/renaud-reynek.com\\\/en\\\/shop\\\/\"},{\"@type\":\"ListItem\",\"position\":3,\"name\":\"Vladim\u00edr HOLAN: Quelques po\u00e8mes \u2013 B\u00e1sn\u011b.[Some poems].2002\"}]},{\"@type\":\"WebSite\",\"@id\":\"https:\\\/\\\/renaud-reynek.com\\\/en\\\/#website\",\"url\":\"https:\\\/\\\/renaud-reynek.com\\\/en\\\/\",\"name\":\"Association Romarin\",\"description\":\"Les Amis de Suzanne Renaud et Bohuslav Reynek\",\"potentialAction\":[{\"@type\":\"SearchAction\",\"target\":{\"@type\":\"EntryPoint\",\"urlTemplate\":\"https:\\\/\\\/renaud-reynek.com\\\/en\\\/?s={search_term_string}\"},\"query-input\":{\"@type\":\"PropertyValueSpecification\",\"valueRequired\":true,\"valueName\":\"search_term_string\"}}],\"inLanguage\":\"en-US\"}]}<\/script>\n<!-- \/ Yoast SEO plugin. -->","yoast_head_json":{"title":"Association Romarin - Vladim\u00edr HOLAN: Quelques po\u00e8mes \u2013 B\u00e1sn\u011b.[Some poems].2002","description":"Site de l'Association Romarin. D\u00e9couvrez les \u0153uvres du graveur tch\u00e8que Bohuslav Reynek et de Suzanne Renaud, po\u00e8te, son \u00e9pouse grenobloise.","robots":{"index":"index","follow":"follow","max-snippet":"max-snippet:-1","max-image-preview":"max-image-preview:large","max-video-preview":"max-video-preview:-1"},"canonical":"https:\/\/renaud-reynek.com\/en\/catalogue-editorial\/vladimir-holan-en-2\/vladimir-holan-quelques-poemes-basne-some-poems-2002\/","og_locale":"en_US","og_type":"article","og_title":"Association Romarin - Vladim\u00edr HOLAN: Quelques po\u00e8mes \u2013 B\u00e1sn\u011b.[Some poems].2002","og_description":"Site de l'Association Romarin. D\u00e9couvrez les \u0153uvres du graveur tch\u00e8que Bohuslav Reynek et de Suzanne Renaud, po\u00e8te, son \u00e9pouse grenobloise.","og_url":"https:\/\/renaud-reynek.com\/en\/catalogue-editorial\/vladimir-holan-en-2\/vladimir-holan-quelques-poemes-basne-some-poems-2002\/","og_site_name":"Association Romarin","article_modified_time":"2021-02-14T19:17:14+00:00","og_image":[{"width":1000,"height":1429,"url":"https:\/\/renaud-reynek.com\/wp-content\/uploads\/2020\/01\/Holan_QuelquesPoemes2002.jpg","type":"image\/jpeg"}],"twitter_card":"summary_large_image","schema":{"@context":"https:\/\/schema.org","@graph":[{"@type":"WebPage","@id":"https:\/\/renaud-reynek.com\/en\/catalogue-editorial\/vladimir-holan-en-2\/vladimir-holan-quelques-poemes-basne-some-poems-2002\/","url":"https:\/\/renaud-reynek.com\/en\/catalogue-editorial\/vladimir-holan-en-2\/vladimir-holan-quelques-poemes-basne-some-poems-2002\/","name":"Association Romarin - Vladim\u00edr HOLAN: Quelques po\u00e8mes \u2013 B\u00e1sn\u011b. [Some poems]. 2002","isPartOf":{"@id":"https:\/\/renaud-reynek.com\/en\/#website"},"primaryImageOfPage":{"@id":"https:\/\/renaud-reynek.com\/en\/catalogue-editorial\/vladimir-holan-en-2\/vladimir-holan-quelques-poemes-basne-some-poems-2002\/#primaryimage"},"image":{"@id":"https:\/\/renaud-reynek.com\/en\/catalogue-editorial\/vladimir-holan-en-2\/vladimir-holan-quelques-poemes-basne-some-poems-2002\/#primaryimage"},"thumbnailUrl":"https:\/\/renaud-reynek.com\/wp-content\/uploads\/2020\/01\/Holan_QuelquesPoemes2002.jpg","datePublished":"2020-01-09T23:59:02+00:00","dateModified":"2021-02-14T19:17:14+00:00","description":"Site de l'Association Romarin. D\u00e9couvrez les \u0153uvres du graveur tch\u00e8que Bohuslav Reynek et de Suzanne Renaud, po\u00e8te, son \u00e9pouse grenobloise.","breadcrumb":{"@id":"https:\/\/renaud-reynek.com\/en\/catalogue-editorial\/vladimir-holan-en-2\/vladimir-holan-quelques-poemes-basne-some-poems-2002\/#breadcrumb"},"inLanguage":"en-US","potentialAction":[{"@type":"ReadAction","target":["https:\/\/renaud-reynek.com\/en\/catalogue-editorial\/vladimir-holan-en-2\/vladimir-holan-quelques-poemes-basne-some-poems-2002\/"]}]},{"@type":"ImageObject","inLanguage":"en-US","@id":"https:\/\/renaud-reynek.com\/en\/catalogue-editorial\/vladimir-holan-en-2\/vladimir-holan-quelques-poemes-basne-some-poems-2002\/#primaryimage","url":"https:\/\/renaud-reynek.com\/wp-content\/uploads\/2020\/01\/Holan_QuelquesPoemes2002.jpg","contentUrl":"https:\/\/renaud-reynek.com\/wp-content\/uploads\/2020\/01\/Holan_QuelquesPoemes2002.jpg","width":1000,"height":1429},{"@type":"BreadcrumbList","@id":"https:\/\/renaud-reynek.com\/en\/catalogue-editorial\/vladimir-holan-en-2\/vladimir-holan-quelques-poemes-basne-some-poems-2002\/#breadcrumb","itemListElement":[{"@type":"ListItem","position":1,"name":"Accueil","item":"https:\/\/renaud-reynek.com\/en\/"},{"@type":"ListItem","position":2,"name":"Products","item":"https:\/\/renaud-reynek.com\/en\/shop\/"},{"@type":"ListItem","position":3,"name":"Vladim\u00edr HOLAN: Quelques po\u00e8mes \u2013 B\u00e1sn\u011b.[Some poems].2002"}]},{"@type":"WebSite","@id":"https:\/\/renaud-reynek.com\/en\/#website","url":"https:\/\/renaud-reynek.com\/en\/","name":"Association Romarin","description":"Les Amis de Suzanne Renaud et Bohuslav Reynek","potentialAction":[{"@type":"SearchAction","target":{"@type":"EntryPoint","urlTemplate":"https:\/\/renaud-reynek.com\/en\/?s={search_term_string}"},"query-input":{"@type":"PropertyValueSpecification","valueRequired":true,"valueName":"search_term_string"}}],"inLanguage":"en-US"}]}},"_links":{"self":[{"href":"https:\/\/renaud-reynek.com\/en\/wp-json\/wp\/v2\/product\/6588","targetHints":{"allow":["GET"]}}],"collection":[{"href":"https:\/\/renaud-reynek.com\/en\/wp-json\/wp\/v2\/product"}],"about":[{"href":"https:\/\/renaud-reynek.com\/en\/wp-json\/wp\/v2\/types\/product"}],"replies":[{"embeddable":true,"href":"https:\/\/renaud-reynek.com\/en\/wp-json\/wp\/v2\/comments?post=6588"}],"wp:featuredmedia":[{"embeddable":true,"href":"https:\/\/renaud-reynek.com\/en\/wp-json\/wp\/v2\/media\/1349"}],"wp:attachment":[{"href":"https:\/\/renaud-reynek.com\/en\/wp-json\/wp\/v2\/media?parent=6588"}],"wp:term":[{"taxonomy":"product_brand","embeddable":true,"href":"https:\/\/renaud-reynek.com\/en\/wp-json\/wp\/v2\/product_brand?post=6588"},{"taxonomy":"product_cat","embeddable":true,"href":"https:\/\/renaud-reynek.com\/en\/wp-json\/wp\/v2\/product_cat?post=6588"},{"taxonomy":"product_tag","embeddable":true,"href":"https:\/\/renaud-reynek.com\/en\/wp-json\/wp\/v2\/product_tag?post=6588"}],"curies":[{"name":"wp","href":"https:\/\/api.w.org\/{rel}","templated":true}]}}