{"id":6587,"date":"2020-01-10T00:59:58","date_gmt":"2020-01-09T23:59:58","guid":{"rendered":"https:\/\/renaud-reynek.com\/catalogue-editorial\/uncategorized\/romarin-ou-annette-et-jean-ballades-et-poesies-populaires-tcheques-et-moraves-2002-traduites-par-suzanne-renaud\/"},"modified":"2021-02-15T07:10:52","modified_gmt":"2021-02-15T06:10:52","slug":"romarin-ou-annette-et-jean-ballades-et-poesies-populaires-tcheques-et-moraves-2002-traduites-par-suzanne-renaud","status":"publish","type":"product","link":"https:\/\/renaud-reynek.com\/en\/catalogue-editorial\/suzanne-renaud-en\/romarin-ou-annette-et-jean-ballades-et-poesies-populaires-tcheques-et-moraves-2002-traduites-par-suzanne-renaud\/","title":{"rendered":"Collective<br><i>Romarin ou Annette et Jean. <br>Ballades et po\u00e9sies populaires tch\u00e8ques et moraves<\/i>.<br>[<i>Czech and Moravian Folk <br>Ballads and Poems<\/i>].<br>Translated by Suzanne Renaud.<br>2002"},"content":{"rendered":"<p><strong><em>Format 15 x 21 cm.<br \/>\n<\/em><\/strong><strong><em>320 pages. Color hardcover.<br \/>\n<\/em><\/strong><strong><em>ISBN : 2\u2013910544\u201310\u20139<\/em><\/strong><\/p>\n<p>Published by Romarin, Grenoble 2002.<br \/>\nBilingual edition in French and Czech.<br \/>\nTranslation and preface by Suzanne Renaud. Postface by Annette Pourrat.<br \/>\nIllustrations: four works by Josef M\u00e1nes, four facsimiles of manuscripts by S. Renaud. Notes and bibliographie.<br \/>\nEdition established by Annick Auzimour, Barbora Bukovinsk\u00e1 and Petr Turek in collaboration with V\u011bra Tho\u0159ov\u00e1.<br \/>\nPublished with the support of the Ministry of Foreign Affairs of the Czech Republic, the Centre national du livre, Paris, and the General Council of Is\u00e8re.<\/p>\n","protected":false},"excerpt":{"rendered":"<p>Suzanne Renaud wrote these adaptations just after the war, basing them on Bohemian sources collected in the nineteenth century by writer, historian and linguist K.\u202fJ.\u202fErben (1811-1870), who brought together many Czech or Slav songs, proverbs and tales in three collections published around 1840, which F.\u202fSu\u0161il and F. Barto\u0161 later enriched. As their letters attest, <em>Correspondance (1947-1959)<\/em>, around 1952 Renaud and Henri Pourrat prepared an edition of these adaptations, but it was not published. This edition, whose second part includes the original collection in Czech, follows Pourrat\u2019s classification. Renaud, a poet but also a musician, was able to translate rhyming songs that make no sense unless accompanied by their melodies, into poems sounding close to the originals. \u201cAs I loved them, so I picked them. If they lacked the music that accompanied them like a shadow, like the wind or the buzzing bees, perhaps they have not lost too much rhythm and colour to the breath of a foreign language. I put them in a jug full of cool water on the window sill, and there they are now waking up, facing the familiar horizon.\u201d (Suzanne Renaud, preface).<\/p>\n","protected":false},"featured_media":1353,"comment_status":"open","ping_status":"closed","template":"","meta":{"_acf_changed":false},"product_brand":[],"product_cat":[248,208],"product_tag":[],"class_list":{"0":"post-6587","1":"product","2":"type-product","3":"status-publish","4":"has-post-thumbnail","6":"product_cat-collective-en","7":"product_cat-suzanne-renaud-en","9":"first","10":"instock","11":"shipping-taxable","12":"purchasable","13":"product-type-simple"},"acf":[],"yoast_head":"<!-- This site is optimized with the Yoast SEO plugin v27.5 - https:\/\/yoast.com\/product\/yoast-seo-wordpress\/ -->\n<title>Association Romarin - CollectiveRomarin ou Annette et Jean. Ballades et po\u00e9sies populaires tch\u00e8ques et moraves.[Czech and Moravian Folk Ballads and Poems].Translated by Suzanne Renaud.2002<\/title>\n<meta name=\"description\" content=\"Site de l&#039;Association Romarin. D\u00e9couvrez les \u0153uvres du graveur tch\u00e8que Bohuslav Reynek et de Suzanne Renaud, po\u00e8te, son \u00e9pouse grenobloise.\" \/>\n<meta name=\"robots\" content=\"index, follow, max-snippet:-1, max-image-preview:large, max-video-preview:-1\" \/>\n<link rel=\"canonical\" href=\"https:\/\/renaud-reynek.com\/en\/catalogue-editorial\/suzanne-renaud-en\/romarin-ou-annette-et-jean-ballades-et-poesies-populaires-tcheques-et-moraves-2002-traduites-par-suzanne-renaud\/\" \/>\n<meta property=\"og:locale\" content=\"en_US\" \/>\n<meta property=\"og:type\" content=\"article\" \/>\n<meta property=\"og:title\" content=\"Association Romarin - CollectiveRomarin ou Annette et Jean. Ballades et po\u00e9sies populaires tch\u00e8ques et moraves.[Czech and Moravian Folk Ballads and Poems].Translated by Suzanne Renaud.2002\" \/>\n<meta property=\"og:description\" content=\"Site de l&#039;Association Romarin. D\u00e9couvrez les \u0153uvres du graveur tch\u00e8que Bohuslav Reynek et de Suzanne Renaud, po\u00e8te, son \u00e9pouse grenobloise.\" \/>\n<meta property=\"og:url\" content=\"https:\/\/renaud-reynek.com\/en\/catalogue-editorial\/suzanne-renaud-en\/romarin-ou-annette-et-jean-ballades-et-poesies-populaires-tcheques-et-moraves-2002-traduites-par-suzanne-renaud\/\" \/>\n<meta property=\"og:site_name\" content=\"Association Romarin\" \/>\n<meta property=\"article:modified_time\" content=\"2021-02-15T06:10:52+00:00\" \/>\n<meta property=\"og:image\" content=\"https:\/\/renaud-reynek.com\/wp-content\/uploads\/2020\/01\/RomarinOuAnnette2002.jpg\" \/>\n\t<meta property=\"og:image:width\" content=\"1000\" \/>\n\t<meta property=\"og:image:height\" content=\"1357\" \/>\n\t<meta property=\"og:image:type\" content=\"image\/jpeg\" \/>\n<meta name=\"twitter:card\" content=\"summary_large_image\" \/>\n<script type=\"application\/ld+json\" class=\"yoast-schema-graph\">{\"@context\":\"https:\\\/\\\/schema.org\",\"@graph\":[{\"@type\":\"WebPage\",\"@id\":\"https:\\\/\\\/renaud-reynek.com\\\/en\\\/catalogue-editorial\\\/suzanne-renaud-en\\\/romarin-ou-annette-et-jean-ballades-et-poesies-populaires-tcheques-et-moraves-2002-traduites-par-suzanne-renaud\\\/\",\"url\":\"https:\\\/\\\/renaud-reynek.com\\\/en\\\/catalogue-editorial\\\/suzanne-renaud-en\\\/romarin-ou-annette-et-jean-ballades-et-poesies-populaires-tcheques-et-moraves-2002-traduites-par-suzanne-renaud\\\/\",\"name\":\"Association Romarin - Collective Romarin ou Annette et Jean. Ballades et po\u00e9sies populaires tch\u00e8ques et moraves. [Czech and Moravian Folk Ballads and Poems]. Translated by Suzanne Renaud. 2002\",\"isPartOf\":{\"@id\":\"https:\\\/\\\/renaud-reynek.com\\\/en\\\/#website\"},\"primaryImageOfPage\":{\"@id\":\"https:\\\/\\\/renaud-reynek.com\\\/en\\\/catalogue-editorial\\\/suzanne-renaud-en\\\/romarin-ou-annette-et-jean-ballades-et-poesies-populaires-tcheques-et-moraves-2002-traduites-par-suzanne-renaud\\\/#primaryimage\"},\"image\":{\"@id\":\"https:\\\/\\\/renaud-reynek.com\\\/en\\\/catalogue-editorial\\\/suzanne-renaud-en\\\/romarin-ou-annette-et-jean-ballades-et-poesies-populaires-tcheques-et-moraves-2002-traduites-par-suzanne-renaud\\\/#primaryimage\"},\"thumbnailUrl\":\"https:\\\/\\\/renaud-reynek.com\\\/wp-content\\\/uploads\\\/2020\\\/01\\\/RomarinOuAnnette2002.jpg\",\"datePublished\":\"2020-01-09T23:59:58+00:00\",\"dateModified\":\"2021-02-15T06:10:52+00:00\",\"description\":\"Site de l'Association Romarin. D\u00e9couvrez les \u0153uvres du graveur tch\u00e8que Bohuslav Reynek et de Suzanne Renaud, po\u00e8te, son \u00e9pouse grenobloise.\",\"breadcrumb\":{\"@id\":\"https:\\\/\\\/renaud-reynek.com\\\/en\\\/catalogue-editorial\\\/suzanne-renaud-en\\\/romarin-ou-annette-et-jean-ballades-et-poesies-populaires-tcheques-et-moraves-2002-traduites-par-suzanne-renaud\\\/#breadcrumb\"},\"inLanguage\":\"en-US\",\"potentialAction\":[{\"@type\":\"ReadAction\",\"target\":[\"https:\\\/\\\/renaud-reynek.com\\\/en\\\/catalogue-editorial\\\/suzanne-renaud-en\\\/romarin-ou-annette-et-jean-ballades-et-poesies-populaires-tcheques-et-moraves-2002-traduites-par-suzanne-renaud\\\/\"]}]},{\"@type\":\"ImageObject\",\"inLanguage\":\"en-US\",\"@id\":\"https:\\\/\\\/renaud-reynek.com\\\/en\\\/catalogue-editorial\\\/suzanne-renaud-en\\\/romarin-ou-annette-et-jean-ballades-et-poesies-populaires-tcheques-et-moraves-2002-traduites-par-suzanne-renaud\\\/#primaryimage\",\"url\":\"https:\\\/\\\/renaud-reynek.com\\\/wp-content\\\/uploads\\\/2020\\\/01\\\/RomarinOuAnnette2002.jpg\",\"contentUrl\":\"https:\\\/\\\/renaud-reynek.com\\\/wp-content\\\/uploads\\\/2020\\\/01\\\/RomarinOuAnnette2002.jpg\",\"width\":1000,\"height\":1357},{\"@type\":\"BreadcrumbList\",\"@id\":\"https:\\\/\\\/renaud-reynek.com\\\/en\\\/catalogue-editorial\\\/suzanne-renaud-en\\\/romarin-ou-annette-et-jean-ballades-et-poesies-populaires-tcheques-et-moraves-2002-traduites-par-suzanne-renaud\\\/#breadcrumb\",\"itemListElement\":[{\"@type\":\"ListItem\",\"position\":1,\"name\":\"Accueil\",\"item\":\"https:\\\/\\\/renaud-reynek.com\\\/en\\\/\"},{\"@type\":\"ListItem\",\"position\":2,\"name\":\"Products\",\"item\":\"https:\\\/\\\/renaud-reynek.com\\\/en\\\/shop\\\/\"},{\"@type\":\"ListItem\",\"position\":3,\"name\":\"CollectiveRomarin ou Annette et Jean. Ballades et po\u00e9sies populaires tch\u00e8ques et moraves.[Czech and Moravian Folk Ballads and Poems].Translated by Suzanne Renaud.2002\"}]},{\"@type\":\"WebSite\",\"@id\":\"https:\\\/\\\/renaud-reynek.com\\\/en\\\/#website\",\"url\":\"https:\\\/\\\/renaud-reynek.com\\\/en\\\/\",\"name\":\"Association Romarin\",\"description\":\"Les Amis de Suzanne Renaud et Bohuslav Reynek\",\"potentialAction\":[{\"@type\":\"SearchAction\",\"target\":{\"@type\":\"EntryPoint\",\"urlTemplate\":\"https:\\\/\\\/renaud-reynek.com\\\/en\\\/?s={search_term_string}\"},\"query-input\":{\"@type\":\"PropertyValueSpecification\",\"valueRequired\":true,\"valueName\":\"search_term_string\"}}],\"inLanguage\":\"en-US\"}]}<\/script>\n<!-- \/ Yoast SEO plugin. -->","yoast_head_json":{"title":"Association Romarin - CollectiveRomarin ou Annette et Jean. Ballades et po\u00e9sies populaires tch\u00e8ques et moraves.[Czech and Moravian Folk Ballads and Poems].Translated by Suzanne Renaud.2002","description":"Site de l'Association Romarin. D\u00e9couvrez les \u0153uvres du graveur tch\u00e8que Bohuslav Reynek et de Suzanne Renaud, po\u00e8te, son \u00e9pouse grenobloise.","robots":{"index":"index","follow":"follow","max-snippet":"max-snippet:-1","max-image-preview":"max-image-preview:large","max-video-preview":"max-video-preview:-1"},"canonical":"https:\/\/renaud-reynek.com\/en\/catalogue-editorial\/suzanne-renaud-en\/romarin-ou-annette-et-jean-ballades-et-poesies-populaires-tcheques-et-moraves-2002-traduites-par-suzanne-renaud\/","og_locale":"en_US","og_type":"article","og_title":"Association Romarin - CollectiveRomarin ou Annette et Jean. Ballades et po\u00e9sies populaires tch\u00e8ques et moraves.[Czech and Moravian Folk Ballads and Poems].Translated by Suzanne Renaud.2002","og_description":"Site de l'Association Romarin. D\u00e9couvrez les \u0153uvres du graveur tch\u00e8que Bohuslav Reynek et de Suzanne Renaud, po\u00e8te, son \u00e9pouse grenobloise.","og_url":"https:\/\/renaud-reynek.com\/en\/catalogue-editorial\/suzanne-renaud-en\/romarin-ou-annette-et-jean-ballades-et-poesies-populaires-tcheques-et-moraves-2002-traduites-par-suzanne-renaud\/","og_site_name":"Association Romarin","article_modified_time":"2021-02-15T06:10:52+00:00","og_image":[{"width":1000,"height":1357,"url":"https:\/\/renaud-reynek.com\/wp-content\/uploads\/2020\/01\/RomarinOuAnnette2002.jpg","type":"image\/jpeg"}],"twitter_card":"summary_large_image","schema":{"@context":"https:\/\/schema.org","@graph":[{"@type":"WebPage","@id":"https:\/\/renaud-reynek.com\/en\/catalogue-editorial\/suzanne-renaud-en\/romarin-ou-annette-et-jean-ballades-et-poesies-populaires-tcheques-et-moraves-2002-traduites-par-suzanne-renaud\/","url":"https:\/\/renaud-reynek.com\/en\/catalogue-editorial\/suzanne-renaud-en\/romarin-ou-annette-et-jean-ballades-et-poesies-populaires-tcheques-et-moraves-2002-traduites-par-suzanne-renaud\/","name":"Association Romarin - Collective Romarin ou Annette et Jean. Ballades et po\u00e9sies populaires tch\u00e8ques et moraves. [Czech and Moravian Folk Ballads and Poems]. Translated by Suzanne Renaud. 2002","isPartOf":{"@id":"https:\/\/renaud-reynek.com\/en\/#website"},"primaryImageOfPage":{"@id":"https:\/\/renaud-reynek.com\/en\/catalogue-editorial\/suzanne-renaud-en\/romarin-ou-annette-et-jean-ballades-et-poesies-populaires-tcheques-et-moraves-2002-traduites-par-suzanne-renaud\/#primaryimage"},"image":{"@id":"https:\/\/renaud-reynek.com\/en\/catalogue-editorial\/suzanne-renaud-en\/romarin-ou-annette-et-jean-ballades-et-poesies-populaires-tcheques-et-moraves-2002-traduites-par-suzanne-renaud\/#primaryimage"},"thumbnailUrl":"https:\/\/renaud-reynek.com\/wp-content\/uploads\/2020\/01\/RomarinOuAnnette2002.jpg","datePublished":"2020-01-09T23:59:58+00:00","dateModified":"2021-02-15T06:10:52+00:00","description":"Site de l'Association Romarin. D\u00e9couvrez les \u0153uvres du graveur tch\u00e8que Bohuslav Reynek et de Suzanne Renaud, po\u00e8te, son \u00e9pouse grenobloise.","breadcrumb":{"@id":"https:\/\/renaud-reynek.com\/en\/catalogue-editorial\/suzanne-renaud-en\/romarin-ou-annette-et-jean-ballades-et-poesies-populaires-tcheques-et-moraves-2002-traduites-par-suzanne-renaud\/#breadcrumb"},"inLanguage":"en-US","potentialAction":[{"@type":"ReadAction","target":["https:\/\/renaud-reynek.com\/en\/catalogue-editorial\/suzanne-renaud-en\/romarin-ou-annette-et-jean-ballades-et-poesies-populaires-tcheques-et-moraves-2002-traduites-par-suzanne-renaud\/"]}]},{"@type":"ImageObject","inLanguage":"en-US","@id":"https:\/\/renaud-reynek.com\/en\/catalogue-editorial\/suzanne-renaud-en\/romarin-ou-annette-et-jean-ballades-et-poesies-populaires-tcheques-et-moraves-2002-traduites-par-suzanne-renaud\/#primaryimage","url":"https:\/\/renaud-reynek.com\/wp-content\/uploads\/2020\/01\/RomarinOuAnnette2002.jpg","contentUrl":"https:\/\/renaud-reynek.com\/wp-content\/uploads\/2020\/01\/RomarinOuAnnette2002.jpg","width":1000,"height":1357},{"@type":"BreadcrumbList","@id":"https:\/\/renaud-reynek.com\/en\/catalogue-editorial\/suzanne-renaud-en\/romarin-ou-annette-et-jean-ballades-et-poesies-populaires-tcheques-et-moraves-2002-traduites-par-suzanne-renaud\/#breadcrumb","itemListElement":[{"@type":"ListItem","position":1,"name":"Accueil","item":"https:\/\/renaud-reynek.com\/en\/"},{"@type":"ListItem","position":2,"name":"Products","item":"https:\/\/renaud-reynek.com\/en\/shop\/"},{"@type":"ListItem","position":3,"name":"CollectiveRomarin ou Annette et Jean. Ballades et po\u00e9sies populaires tch\u00e8ques et moraves.[Czech and Moravian Folk Ballads and Poems].Translated by Suzanne Renaud.2002"}]},{"@type":"WebSite","@id":"https:\/\/renaud-reynek.com\/en\/#website","url":"https:\/\/renaud-reynek.com\/en\/","name":"Association Romarin","description":"Les Amis de Suzanne Renaud et Bohuslav Reynek","potentialAction":[{"@type":"SearchAction","target":{"@type":"EntryPoint","urlTemplate":"https:\/\/renaud-reynek.com\/en\/?s={search_term_string}"},"query-input":{"@type":"PropertyValueSpecification","valueRequired":true,"valueName":"search_term_string"}}],"inLanguage":"en-US"}]}},"_links":{"self":[{"href":"https:\/\/renaud-reynek.com\/en\/wp-json\/wp\/v2\/product\/6587","targetHints":{"allow":["GET"]}}],"collection":[{"href":"https:\/\/renaud-reynek.com\/en\/wp-json\/wp\/v2\/product"}],"about":[{"href":"https:\/\/renaud-reynek.com\/en\/wp-json\/wp\/v2\/types\/product"}],"replies":[{"embeddable":true,"href":"https:\/\/renaud-reynek.com\/en\/wp-json\/wp\/v2\/comments?post=6587"}],"wp:featuredmedia":[{"embeddable":true,"href":"https:\/\/renaud-reynek.com\/en\/wp-json\/wp\/v2\/media\/1353"}],"wp:attachment":[{"href":"https:\/\/renaud-reynek.com\/en\/wp-json\/wp\/v2\/media?parent=6587"}],"wp:term":[{"taxonomy":"product_brand","embeddable":true,"href":"https:\/\/renaud-reynek.com\/en\/wp-json\/wp\/v2\/product_brand?post=6587"},{"taxonomy":"product_cat","embeddable":true,"href":"https:\/\/renaud-reynek.com\/en\/wp-json\/wp\/v2\/product_cat?post=6587"},{"taxonomy":"product_tag","embeddable":true,"href":"https:\/\/renaud-reynek.com\/en\/wp-json\/wp\/v2\/product_tag?post=6587"}],"curies":[{"name":"wp","href":"https:\/\/api.w.org\/{rel}","templated":true}]}}