{"id":6586,"date":"2020-01-10T01:02:27","date_gmt":"2020-01-10T00:02:27","guid":{"rendered":"https:\/\/renaud-reynek.com\/catalogue-editorial\/uncategorized\/bohuslav-reynek-la-lune-et-le-givre-mesic-a-jini-2004\/"},"modified":"2022-02-04T19:33:30","modified_gmt":"2022-02-04T18:33:30","slug":"bohuslav-reynek-la-lune-et-le-givre-mesic-a-jini-2004","status":"publish","type":"product","link":"https:\/\/renaud-reynek.com\/en\/catalogue-editorial\/bohuslav-reynek-en\/bohuslav-reynek-la-lune-et-le-givre-mesic-a-jini-2004\/","title":{"rendered":"Bohuslav REYNEK: <br><i>La lune et le givre \u2013 M\u011bs\u00edc a j\u00edn\u00ed<\/i>.<br>[<i>The Moon and the Frost<\/i>].<br>2004 <p style=\"padding-top: 10px; margin-bottom: 5px; font-family: lora; font-size: 15px; color:#A26C46;\">Out ofprint<\/p>"},"content":{"rendered":"<p><strong><em>Format 14,5 x 17,5 cm.<br \/>\n<\/em><\/strong><strong><em>76 pages. Illustrated hardcover.<br \/>\n<\/em><\/strong><strong><em>ISBN Liter\u00e1rn\u00ed \u010dajovna Suzanne Renaud<\/em><\/strong>\u202f<strong><em> : 80-86653-02-1<br \/>\n<\/em><\/strong><strong><em>ISBN Romarin\u202f: 2\u2013910544\u201311\u20137<\/em><\/strong><\/p>\n<p>Co-publishing Romarin and Liter\u00e1rn\u00ed \u010dajovna Suzanne Renaud,<br \/>\nGrenoble and Havl\u00ed\u010dk\u016fv Brod 2004.<br \/>\nBilingual edition in French and Czech of translations of poems of Bohuslav Reynek by Fr\u00e8re \u00c9lie, X. Galmiche, P. Kr\u00e1l,<br \/>\nS. Renaud, B. Reynek, Michel (Ji\u0159\u00ed) Reynek.<br \/>\nIllustrations: ten clich\u00e9s-verre by Bohuslav Reynek.<br \/>\nPublished with the support of the Centre national du livre, Paris, and the Conseil g\u00e9n\u00e9ral de l\u2019Is\u00e8re.<\/p>\n","protected":false},"excerpt":{"rendered":"<p>Bohuslav Reynek wrote thirteen poetry collections, all of which were published in his lifetime except the last, <em>Odlet vla\u0161tovek<\/em> [<em>The Swallows\u2019 Departure<\/em>]. His crystalline poems, whose brief verses are hard to translate into our language, are unknown in France. A few isolated translations appeared here and there in bibliophile editions or anthologies of Czech poetry, with the exception of <em>Had na sn\u011bhu<\/em> [<em>The Snake on the Snow<\/em>], a collection of prose poems that Romarin published in a complete bilingual version with translations by Xavier Galmiche (1997). The present edition includes twenty-three poems whose translations into French by various translators close to the poet have never been published. Some glass-plate photographs Bohuslav Reynek took in 1952 punctuate this handful of poems.<\/p>\n","protected":false},"featured_media":1361,"comment_status":"open","ping_status":"closed","template":"","meta":{"_acf_changed":false},"product_brand":[],"product_cat":[209],"product_tag":[],"class_list":{"0":"post-6586","1":"product","2":"type-product","3":"status-publish","4":"has-post-thumbnail","6":"product_cat-bohuslav-reynek-en","8":"first","9":"outofstock","10":"shipping-taxable","11":"product-type-simple"},"acf":[],"yoast_head":"<!-- This site is optimized with the Yoast SEO plugin v27.4 - https:\/\/yoast.com\/product\/yoast-seo-wordpress\/ -->\n<title>Association Romarin - Bohuslav REYNEK: La lune et le givre \u2013 M\u011bs\u00edc a j\u00edn\u00ed.[The Moon and the Frost].2004 Out ofprint<\/title>\n<meta name=\"description\" content=\"Site de l&#039;Association Romarin. D\u00e9couvrez les \u0153uvres du graveur tch\u00e8que Bohuslav Reynek et de Suzanne Renaud, po\u00e8te, son \u00e9pouse grenobloise.\" \/>\n<meta name=\"robots\" content=\"index, follow, max-snippet:-1, max-image-preview:large, max-video-preview:-1\" \/>\n<link rel=\"canonical\" href=\"https:\/\/renaud-reynek.com\/en\/catalogue-editorial\/bohuslav-reynek-en\/bohuslav-reynek-la-lune-et-le-givre-mesic-a-jini-2004\/\" \/>\n<meta property=\"og:locale\" content=\"en_US\" \/>\n<meta property=\"og:type\" content=\"article\" \/>\n<meta property=\"og:title\" content=\"Association Romarin - Bohuslav REYNEK: La lune et le givre \u2013 M\u011bs\u00edc a j\u00edn\u00ed.[The Moon and the Frost].2004 Out ofprint\" \/>\n<meta property=\"og:description\" content=\"Site de l&#039;Association Romarin. D\u00e9couvrez les \u0153uvres du graveur tch\u00e8que Bohuslav Reynek et de Suzanne Renaud, po\u00e8te, son \u00e9pouse grenobloise.\" \/>\n<meta property=\"og:url\" content=\"https:\/\/renaud-reynek.com\/en\/catalogue-editorial\/bohuslav-reynek-en\/bohuslav-reynek-la-lune-et-le-givre-mesic-a-jini-2004\/\" \/>\n<meta property=\"og:site_name\" content=\"Association Romarin\" \/>\n<meta property=\"article:modified_time\" content=\"2022-02-04T18:33:30+00:00\" \/>\n<meta property=\"og:image\" content=\"https:\/\/renaud-reynek.com\/wp-content\/uploads\/2020\/01\/BR_LaLune2004.jpg\" \/>\n\t<meta property=\"og:image:width\" content=\"1000\" \/>\n\t<meta property=\"og:image:height\" content=\"1219\" \/>\n\t<meta property=\"og:image:type\" content=\"image\/jpeg\" \/>\n<meta name=\"twitter:card\" content=\"summary_large_image\" \/>\n<script type=\"application\/ld+json\" class=\"yoast-schema-graph\">{\"@context\":\"https:\\\/\\\/schema.org\",\"@graph\":[{\"@type\":\"WebPage\",\"@id\":\"https:\\\/\\\/renaud-reynek.com\\\/en\\\/catalogue-editorial\\\/bohuslav-reynek-en\\\/bohuslav-reynek-la-lune-et-le-givre-mesic-a-jini-2004\\\/\",\"url\":\"https:\\\/\\\/renaud-reynek.com\\\/en\\\/catalogue-editorial\\\/bohuslav-reynek-en\\\/bohuslav-reynek-la-lune-et-le-givre-mesic-a-jini-2004\\\/\",\"name\":\"Association Romarin - Bohuslav REYNEK: La lune et le givre \u2013 M\u011bs\u00edc a j\u00edn\u00ed. [The Moon and the Frost]. 2004 Out ofprint\",\"isPartOf\":{\"@id\":\"https:\\\/\\\/renaud-reynek.com\\\/en\\\/#website\"},\"primaryImageOfPage\":{\"@id\":\"https:\\\/\\\/renaud-reynek.com\\\/en\\\/catalogue-editorial\\\/bohuslav-reynek-en\\\/bohuslav-reynek-la-lune-et-le-givre-mesic-a-jini-2004\\\/#primaryimage\"},\"image\":{\"@id\":\"https:\\\/\\\/renaud-reynek.com\\\/en\\\/catalogue-editorial\\\/bohuslav-reynek-en\\\/bohuslav-reynek-la-lune-et-le-givre-mesic-a-jini-2004\\\/#primaryimage\"},\"thumbnailUrl\":\"https:\\\/\\\/renaud-reynek.com\\\/wp-content\\\/uploads\\\/2020\\\/01\\\/BR_LaLune2004.jpg\",\"datePublished\":\"2020-01-10T00:02:27+00:00\",\"dateModified\":\"2022-02-04T18:33:30+00:00\",\"description\":\"Site de l'Association Romarin. D\u00e9couvrez les \u0153uvres du graveur tch\u00e8que Bohuslav Reynek et de Suzanne Renaud, po\u00e8te, son \u00e9pouse grenobloise.\",\"breadcrumb\":{\"@id\":\"https:\\\/\\\/renaud-reynek.com\\\/en\\\/catalogue-editorial\\\/bohuslav-reynek-en\\\/bohuslav-reynek-la-lune-et-le-givre-mesic-a-jini-2004\\\/#breadcrumb\"},\"inLanguage\":\"en-US\",\"potentialAction\":[{\"@type\":\"ReadAction\",\"target\":[\"https:\\\/\\\/renaud-reynek.com\\\/en\\\/catalogue-editorial\\\/bohuslav-reynek-en\\\/bohuslav-reynek-la-lune-et-le-givre-mesic-a-jini-2004\\\/\"]}]},{\"@type\":\"ImageObject\",\"inLanguage\":\"en-US\",\"@id\":\"https:\\\/\\\/renaud-reynek.com\\\/en\\\/catalogue-editorial\\\/bohuslav-reynek-en\\\/bohuslav-reynek-la-lune-et-le-givre-mesic-a-jini-2004\\\/#primaryimage\",\"url\":\"https:\\\/\\\/renaud-reynek.com\\\/wp-content\\\/uploads\\\/2020\\\/01\\\/BR_LaLune2004.jpg\",\"contentUrl\":\"https:\\\/\\\/renaud-reynek.com\\\/wp-content\\\/uploads\\\/2020\\\/01\\\/BR_LaLune2004.jpg\",\"width\":1000,\"height\":1219},{\"@type\":\"BreadcrumbList\",\"@id\":\"https:\\\/\\\/renaud-reynek.com\\\/en\\\/catalogue-editorial\\\/bohuslav-reynek-en\\\/bohuslav-reynek-la-lune-et-le-givre-mesic-a-jini-2004\\\/#breadcrumb\",\"itemListElement\":[{\"@type\":\"ListItem\",\"position\":1,\"name\":\"Accueil\",\"item\":\"https:\\\/\\\/renaud-reynek.com\\\/en\\\/\"},{\"@type\":\"ListItem\",\"position\":2,\"name\":\"Products\",\"item\":\"https:\\\/\\\/renaud-reynek.com\\\/en\\\/shop\\\/\"},{\"@type\":\"ListItem\",\"position\":3,\"name\":\"Bohuslav REYNEK: La lune et le givre \u2013 M\u011bs\u00edc a j\u00edn\u00ed.[The Moon and the Frost].2004 Out ofprint\"}]},{\"@type\":\"WebSite\",\"@id\":\"https:\\\/\\\/renaud-reynek.com\\\/en\\\/#website\",\"url\":\"https:\\\/\\\/renaud-reynek.com\\\/en\\\/\",\"name\":\"Association Romarin\",\"description\":\"Les Amis de Suzanne Renaud et Bohuslav Reynek\",\"potentialAction\":[{\"@type\":\"SearchAction\",\"target\":{\"@type\":\"EntryPoint\",\"urlTemplate\":\"https:\\\/\\\/renaud-reynek.com\\\/en\\\/?s={search_term_string}\"},\"query-input\":{\"@type\":\"PropertyValueSpecification\",\"valueRequired\":true,\"valueName\":\"search_term_string\"}}],\"inLanguage\":\"en-US\"}]}<\/script>\n<!-- \/ Yoast SEO plugin. -->","yoast_head_json":{"title":"Association Romarin - Bohuslav REYNEK: La lune et le givre \u2013 M\u011bs\u00edc a j\u00edn\u00ed.[The Moon and the Frost].2004 Out ofprint","description":"Site de l'Association Romarin. D\u00e9couvrez les \u0153uvres du graveur tch\u00e8que Bohuslav Reynek et de Suzanne Renaud, po\u00e8te, son \u00e9pouse grenobloise.","robots":{"index":"index","follow":"follow","max-snippet":"max-snippet:-1","max-image-preview":"max-image-preview:large","max-video-preview":"max-video-preview:-1"},"canonical":"https:\/\/renaud-reynek.com\/en\/catalogue-editorial\/bohuslav-reynek-en\/bohuslav-reynek-la-lune-et-le-givre-mesic-a-jini-2004\/","og_locale":"en_US","og_type":"article","og_title":"Association Romarin - Bohuslav REYNEK: La lune et le givre \u2013 M\u011bs\u00edc a j\u00edn\u00ed.[The Moon and the Frost].2004 Out ofprint","og_description":"Site de l'Association Romarin. D\u00e9couvrez les \u0153uvres du graveur tch\u00e8que Bohuslav Reynek et de Suzanne Renaud, po\u00e8te, son \u00e9pouse grenobloise.","og_url":"https:\/\/renaud-reynek.com\/en\/catalogue-editorial\/bohuslav-reynek-en\/bohuslav-reynek-la-lune-et-le-givre-mesic-a-jini-2004\/","og_site_name":"Association Romarin","article_modified_time":"2022-02-04T18:33:30+00:00","og_image":[{"width":1000,"height":1219,"url":"https:\/\/renaud-reynek.com\/wp-content\/uploads\/2020\/01\/BR_LaLune2004.jpg","type":"image\/jpeg"}],"twitter_card":"summary_large_image","schema":{"@context":"https:\/\/schema.org","@graph":[{"@type":"WebPage","@id":"https:\/\/renaud-reynek.com\/en\/catalogue-editorial\/bohuslav-reynek-en\/bohuslav-reynek-la-lune-et-le-givre-mesic-a-jini-2004\/","url":"https:\/\/renaud-reynek.com\/en\/catalogue-editorial\/bohuslav-reynek-en\/bohuslav-reynek-la-lune-et-le-givre-mesic-a-jini-2004\/","name":"Association Romarin - Bohuslav REYNEK: La lune et le givre \u2013 M\u011bs\u00edc a j\u00edn\u00ed. [The Moon and the Frost]. 2004 Out ofprint","isPartOf":{"@id":"https:\/\/renaud-reynek.com\/en\/#website"},"primaryImageOfPage":{"@id":"https:\/\/renaud-reynek.com\/en\/catalogue-editorial\/bohuslav-reynek-en\/bohuslav-reynek-la-lune-et-le-givre-mesic-a-jini-2004\/#primaryimage"},"image":{"@id":"https:\/\/renaud-reynek.com\/en\/catalogue-editorial\/bohuslav-reynek-en\/bohuslav-reynek-la-lune-et-le-givre-mesic-a-jini-2004\/#primaryimage"},"thumbnailUrl":"https:\/\/renaud-reynek.com\/wp-content\/uploads\/2020\/01\/BR_LaLune2004.jpg","datePublished":"2020-01-10T00:02:27+00:00","dateModified":"2022-02-04T18:33:30+00:00","description":"Site de l'Association Romarin. D\u00e9couvrez les \u0153uvres du graveur tch\u00e8que Bohuslav Reynek et de Suzanne Renaud, po\u00e8te, son \u00e9pouse grenobloise.","breadcrumb":{"@id":"https:\/\/renaud-reynek.com\/en\/catalogue-editorial\/bohuslav-reynek-en\/bohuslav-reynek-la-lune-et-le-givre-mesic-a-jini-2004\/#breadcrumb"},"inLanguage":"en-US","potentialAction":[{"@type":"ReadAction","target":["https:\/\/renaud-reynek.com\/en\/catalogue-editorial\/bohuslav-reynek-en\/bohuslav-reynek-la-lune-et-le-givre-mesic-a-jini-2004\/"]}]},{"@type":"ImageObject","inLanguage":"en-US","@id":"https:\/\/renaud-reynek.com\/en\/catalogue-editorial\/bohuslav-reynek-en\/bohuslav-reynek-la-lune-et-le-givre-mesic-a-jini-2004\/#primaryimage","url":"https:\/\/renaud-reynek.com\/wp-content\/uploads\/2020\/01\/BR_LaLune2004.jpg","contentUrl":"https:\/\/renaud-reynek.com\/wp-content\/uploads\/2020\/01\/BR_LaLune2004.jpg","width":1000,"height":1219},{"@type":"BreadcrumbList","@id":"https:\/\/renaud-reynek.com\/en\/catalogue-editorial\/bohuslav-reynek-en\/bohuslav-reynek-la-lune-et-le-givre-mesic-a-jini-2004\/#breadcrumb","itemListElement":[{"@type":"ListItem","position":1,"name":"Accueil","item":"https:\/\/renaud-reynek.com\/en\/"},{"@type":"ListItem","position":2,"name":"Products","item":"https:\/\/renaud-reynek.com\/en\/shop\/"},{"@type":"ListItem","position":3,"name":"Bohuslav REYNEK: La lune et le givre \u2013 M\u011bs\u00edc a j\u00edn\u00ed.[The Moon and the Frost].2004 Out ofprint"}]},{"@type":"WebSite","@id":"https:\/\/renaud-reynek.com\/en\/#website","url":"https:\/\/renaud-reynek.com\/en\/","name":"Association Romarin","description":"Les Amis de Suzanne Renaud et Bohuslav Reynek","potentialAction":[{"@type":"SearchAction","target":{"@type":"EntryPoint","urlTemplate":"https:\/\/renaud-reynek.com\/en\/?s={search_term_string}"},"query-input":{"@type":"PropertyValueSpecification","valueRequired":true,"valueName":"search_term_string"}}],"inLanguage":"en-US"}]}},"_links":{"self":[{"href":"https:\/\/renaud-reynek.com\/en\/wp-json\/wp\/v2\/product\/6586","targetHints":{"allow":["GET"]}}],"collection":[{"href":"https:\/\/renaud-reynek.com\/en\/wp-json\/wp\/v2\/product"}],"about":[{"href":"https:\/\/renaud-reynek.com\/en\/wp-json\/wp\/v2\/types\/product"}],"replies":[{"embeddable":true,"href":"https:\/\/renaud-reynek.com\/en\/wp-json\/wp\/v2\/comments?post=6586"}],"wp:featuredmedia":[{"embeddable":true,"href":"https:\/\/renaud-reynek.com\/en\/wp-json\/wp\/v2\/media\/1361"}],"wp:attachment":[{"href":"https:\/\/renaud-reynek.com\/en\/wp-json\/wp\/v2\/media?parent=6586"}],"wp:term":[{"taxonomy":"product_brand","embeddable":true,"href":"https:\/\/renaud-reynek.com\/en\/wp-json\/wp\/v2\/product_brand?post=6586"},{"taxonomy":"product_cat","embeddable":true,"href":"https:\/\/renaud-reynek.com\/en\/wp-json\/wp\/v2\/product_cat?post=6586"},{"taxonomy":"product_tag","embeddable":true,"href":"https:\/\/renaud-reynek.com\/en\/wp-json\/wp\/v2\/product_tag?post=6586"}],"curies":[{"name":"wp","href":"https:\/\/api.w.org\/{rel}","templated":true}]}}