{"id":6585,"date":"2020-01-10T01:03:14","date_gmt":"2020-01-10T00:03:14","guid":{"rendered":"https:\/\/renaud-reynek.com\/catalogue-editorial\/uncategorized\/collective-bohuslav-reynek-1892-1971estampes-des-annees-cinquante-catalogue-dexposition-2013\/"},"modified":"2021-02-15T05:57:39","modified_gmt":"2021-02-15T04:57:39","slug":"collective-bohuslav-reynek-1892-1971estampes-des-annees-cinquante-catalogue-dexposition-2013","status":"publish","type":"product","link":"https:\/\/renaud-reynek.com\/en\/catalogue-editorial\/bohuslav-reynek-en\/collective-bohuslav-reynek-1892-1971estampes-des-annees-cinquante-catalogue-dexposition-2013\/","title":{"rendered":"Collective <br><i>Bohuslav Reynek (1892-1971)<br>Estampes des ann\u00e9es cinquante<\/i>.<br>[<i>Engravings from the 1950s<\/i>].<br>2013"},"content":{"rendered":"<p><strong><em>Format 21 x 21 cm.<br \/>\n<\/em><\/strong><strong><em>64 pages. Softbound, illustrated cover.<br \/>\n<\/em><\/strong><strong><em>ISBN : 2\u2013910544\u201312\u20135<\/em><\/strong><\/p>\n<p>Published by Romarin, Grenoble 2013.<br \/>\nCatalog of the exhibition Bohuslav Reynek at Saint-Martin d\u2019Uriage, 1.02-10.03.2013.<br \/>\nLanguage: French.<br \/>\nTexts of A. Auzimour, N. Servonnat-Favier, O. F\u00e9lix- Faure.<br \/>\nLetters from Suzanne Renaud to Gabrielle F\u00e9lix-Faure.<br \/>\nInterview with \u00c9lizabeth F\u00e9lix-Faure.<br \/>\nChronologies. List of exhibited works. The technique of the engraver.<br \/>\nColor illustrations: twenty-six works by Bohuslav Reynek.<br \/>\nEdition established by Annick Auzimour and Nathalie Servonnat-Favier.<\/p>\n","protected":false},"excerpt":{"rendered":"<p>It was in interwar France that, for the first time, Reynek drew recognition from a cultivated public that discovered the delicate art of the \u201cCzech from Grenoble\u201d at exhibitions of his drawings. At post-war shows in 1950, 1953 and 1960, he revealed his talent as an engraver. The exhibition catalogue focuses on a specific period of his work, the 1950s, when art historian Nathalie Servonnat-Favier conducted painstaking research, which she summarised in an article entitled <em>Reynek en France, de Job \u00e0 Don Quichotte<\/em> [<em>Reynek in France, from Job to Don Quixote<\/em>]. She analysed the artist\u2019s development through his landscapes and Biblical scenes and traced his path to using colour with the monotype technique in engravings. An account by one of the artist\u2019s oldest friends, \u00c9lizabeth F\u00e9lix-Faure, who recalled Reynek\u2019s \u201cFrench\u201d period, which is little known outside Dauphin\u00e9, follows this in-depth study.<\/p>\n","protected":false},"featured_media":1365,"comment_status":"open","ping_status":"closed","template":"","meta":{"_acf_changed":false},"product_brand":[],"product_cat":[209,248],"product_tag":[],"class_list":{"0":"post-6585","1":"product","2":"type-product","3":"status-publish","4":"has-post-thumbnail","6":"product_cat-bohuslav-reynek-en","7":"product_cat-collective-en","9":"first","10":"instock","11":"shipping-taxable","12":"purchasable","13":"product-type-simple"},"acf":[],"yoast_head":"<!-- This site is optimized with the Yoast SEO plugin v27.4 - https:\/\/yoast.com\/product\/yoast-seo-wordpress\/ -->\n<title>Association Romarin - Collective Bohuslav Reynek (1892-1971)Estampes des ann\u00e9es cinquante.[Engravings from the 1950s].2013<\/title>\n<meta name=\"description\" content=\"Site de l&#039;Association Romarin. D\u00e9couvrez les \u0153uvres du graveur tch\u00e8que Bohuslav Reynek et de Suzanne Renaud, po\u00e8te, son \u00e9pouse grenobloise.\" \/>\n<meta name=\"robots\" content=\"index, follow, max-snippet:-1, max-image-preview:large, max-video-preview:-1\" \/>\n<link rel=\"canonical\" href=\"https:\/\/renaud-reynek.com\/en\/catalogue-editorial\/bohuslav-reynek-en\/collective-bohuslav-reynek-1892-1971estampes-des-annees-cinquante-catalogue-dexposition-2013\/\" \/>\n<meta property=\"og:locale\" content=\"en_US\" \/>\n<meta property=\"og:type\" content=\"article\" \/>\n<meta property=\"og:title\" content=\"Association Romarin - Collective Bohuslav Reynek (1892-1971)Estampes des ann\u00e9es cinquante.[Engravings from the 1950s].2013\" \/>\n<meta property=\"og:description\" content=\"Site de l&#039;Association Romarin. D\u00e9couvrez les \u0153uvres du graveur tch\u00e8que Bohuslav Reynek et de Suzanne Renaud, po\u00e8te, son \u00e9pouse grenobloise.\" \/>\n<meta property=\"og:url\" content=\"https:\/\/renaud-reynek.com\/en\/catalogue-editorial\/bohuslav-reynek-en\/collective-bohuslav-reynek-1892-1971estampes-des-annees-cinquante-catalogue-dexposition-2013\/\" \/>\n<meta property=\"og:site_name\" content=\"Association Romarin\" \/>\n<meta property=\"article:modified_time\" content=\"2021-02-15T04:57:39+00:00\" \/>\n<meta property=\"og:image\" content=\"https:\/\/renaud-reynek.com\/wp-content\/uploads\/2020\/01\/EstampesCinquante2013.jpg\" \/>\n\t<meta property=\"og:image:width\" content=\"1000\" \/>\n\t<meta property=\"og:image:height\" content=\"999\" \/>\n\t<meta property=\"og:image:type\" content=\"image\/jpeg\" \/>\n<meta name=\"twitter:card\" content=\"summary_large_image\" \/>\n<script type=\"application\/ld+json\" class=\"yoast-schema-graph\">{\"@context\":\"https:\\\/\\\/schema.org\",\"@graph\":[{\"@type\":\"WebPage\",\"@id\":\"https:\\\/\\\/renaud-reynek.com\\\/en\\\/catalogue-editorial\\\/bohuslav-reynek-en\\\/collective-bohuslav-reynek-1892-1971estampes-des-annees-cinquante-catalogue-dexposition-2013\\\/\",\"url\":\"https:\\\/\\\/renaud-reynek.com\\\/en\\\/catalogue-editorial\\\/bohuslav-reynek-en\\\/collective-bohuslav-reynek-1892-1971estampes-des-annees-cinquante-catalogue-dexposition-2013\\\/\",\"name\":\"Association Romarin - Collective Bohuslav Reynek (1892-1971) Estampes des ann\u00e9es cinquante. [Engravings from the 1950s]. 2013\",\"isPartOf\":{\"@id\":\"https:\\\/\\\/renaud-reynek.com\\\/en\\\/#website\"},\"primaryImageOfPage\":{\"@id\":\"https:\\\/\\\/renaud-reynek.com\\\/en\\\/catalogue-editorial\\\/bohuslav-reynek-en\\\/collective-bohuslav-reynek-1892-1971estampes-des-annees-cinquante-catalogue-dexposition-2013\\\/#primaryimage\"},\"image\":{\"@id\":\"https:\\\/\\\/renaud-reynek.com\\\/en\\\/catalogue-editorial\\\/bohuslav-reynek-en\\\/collective-bohuslav-reynek-1892-1971estampes-des-annees-cinquante-catalogue-dexposition-2013\\\/#primaryimage\"},\"thumbnailUrl\":\"https:\\\/\\\/renaud-reynek.com\\\/wp-content\\\/uploads\\\/2020\\\/01\\\/EstampesCinquante2013.jpg\",\"datePublished\":\"2020-01-10T00:03:14+00:00\",\"dateModified\":\"2021-02-15T04:57:39+00:00\",\"description\":\"Site de l'Association Romarin. D\u00e9couvrez les \u0153uvres du graveur tch\u00e8que Bohuslav Reynek et de Suzanne Renaud, po\u00e8te, son \u00e9pouse grenobloise.\",\"breadcrumb\":{\"@id\":\"https:\\\/\\\/renaud-reynek.com\\\/en\\\/catalogue-editorial\\\/bohuslav-reynek-en\\\/collective-bohuslav-reynek-1892-1971estampes-des-annees-cinquante-catalogue-dexposition-2013\\\/#breadcrumb\"},\"inLanguage\":\"en-US\",\"potentialAction\":[{\"@type\":\"ReadAction\",\"target\":[\"https:\\\/\\\/renaud-reynek.com\\\/en\\\/catalogue-editorial\\\/bohuslav-reynek-en\\\/collective-bohuslav-reynek-1892-1971estampes-des-annees-cinquante-catalogue-dexposition-2013\\\/\"]}]},{\"@type\":\"ImageObject\",\"inLanguage\":\"en-US\",\"@id\":\"https:\\\/\\\/renaud-reynek.com\\\/en\\\/catalogue-editorial\\\/bohuslav-reynek-en\\\/collective-bohuslav-reynek-1892-1971estampes-des-annees-cinquante-catalogue-dexposition-2013\\\/#primaryimage\",\"url\":\"https:\\\/\\\/renaud-reynek.com\\\/wp-content\\\/uploads\\\/2020\\\/01\\\/EstampesCinquante2013.jpg\",\"contentUrl\":\"https:\\\/\\\/renaud-reynek.com\\\/wp-content\\\/uploads\\\/2020\\\/01\\\/EstampesCinquante2013.jpg\",\"width\":1000,\"height\":999},{\"@type\":\"BreadcrumbList\",\"@id\":\"https:\\\/\\\/renaud-reynek.com\\\/en\\\/catalogue-editorial\\\/bohuslav-reynek-en\\\/collective-bohuslav-reynek-1892-1971estampes-des-annees-cinquante-catalogue-dexposition-2013\\\/#breadcrumb\",\"itemListElement\":[{\"@type\":\"ListItem\",\"position\":1,\"name\":\"Accueil\",\"item\":\"https:\\\/\\\/renaud-reynek.com\\\/en\\\/\"},{\"@type\":\"ListItem\",\"position\":2,\"name\":\"Products\",\"item\":\"https:\\\/\\\/renaud-reynek.com\\\/en\\\/shop\\\/\"},{\"@type\":\"ListItem\",\"position\":3,\"name\":\"Collective Bohuslav Reynek (1892-1971)Estampes des ann\u00e9es cinquante.[Engravings from the 1950s].2013\"}]},{\"@type\":\"WebSite\",\"@id\":\"https:\\\/\\\/renaud-reynek.com\\\/en\\\/#website\",\"url\":\"https:\\\/\\\/renaud-reynek.com\\\/en\\\/\",\"name\":\"Association Romarin\",\"description\":\"Les Amis de Suzanne Renaud et Bohuslav Reynek\",\"potentialAction\":[{\"@type\":\"SearchAction\",\"target\":{\"@type\":\"EntryPoint\",\"urlTemplate\":\"https:\\\/\\\/renaud-reynek.com\\\/en\\\/?s={search_term_string}\"},\"query-input\":{\"@type\":\"PropertyValueSpecification\",\"valueRequired\":true,\"valueName\":\"search_term_string\"}}],\"inLanguage\":\"en-US\"}]}<\/script>\n<!-- \/ Yoast SEO plugin. -->","yoast_head_json":{"title":"Association Romarin - Collective Bohuslav Reynek (1892-1971)Estampes des ann\u00e9es cinquante.[Engravings from the 1950s].2013","description":"Site de l'Association Romarin. D\u00e9couvrez les \u0153uvres du graveur tch\u00e8que Bohuslav Reynek et de Suzanne Renaud, po\u00e8te, son \u00e9pouse grenobloise.","robots":{"index":"index","follow":"follow","max-snippet":"max-snippet:-1","max-image-preview":"max-image-preview:large","max-video-preview":"max-video-preview:-1"},"canonical":"https:\/\/renaud-reynek.com\/en\/catalogue-editorial\/bohuslav-reynek-en\/collective-bohuslav-reynek-1892-1971estampes-des-annees-cinquante-catalogue-dexposition-2013\/","og_locale":"en_US","og_type":"article","og_title":"Association Romarin - Collective Bohuslav Reynek (1892-1971)Estampes des ann\u00e9es cinquante.[Engravings from the 1950s].2013","og_description":"Site de l'Association Romarin. D\u00e9couvrez les \u0153uvres du graveur tch\u00e8que Bohuslav Reynek et de Suzanne Renaud, po\u00e8te, son \u00e9pouse grenobloise.","og_url":"https:\/\/renaud-reynek.com\/en\/catalogue-editorial\/bohuslav-reynek-en\/collective-bohuslav-reynek-1892-1971estampes-des-annees-cinquante-catalogue-dexposition-2013\/","og_site_name":"Association Romarin","article_modified_time":"2021-02-15T04:57:39+00:00","og_image":[{"width":1000,"height":999,"url":"https:\/\/renaud-reynek.com\/wp-content\/uploads\/2020\/01\/EstampesCinquante2013.jpg","type":"image\/jpeg"}],"twitter_card":"summary_large_image","schema":{"@context":"https:\/\/schema.org","@graph":[{"@type":"WebPage","@id":"https:\/\/renaud-reynek.com\/en\/catalogue-editorial\/bohuslav-reynek-en\/collective-bohuslav-reynek-1892-1971estampes-des-annees-cinquante-catalogue-dexposition-2013\/","url":"https:\/\/renaud-reynek.com\/en\/catalogue-editorial\/bohuslav-reynek-en\/collective-bohuslav-reynek-1892-1971estampes-des-annees-cinquante-catalogue-dexposition-2013\/","name":"Association Romarin - Collective Bohuslav Reynek (1892-1971) Estampes des ann\u00e9es cinquante. [Engravings from the 1950s]. 2013","isPartOf":{"@id":"https:\/\/renaud-reynek.com\/en\/#website"},"primaryImageOfPage":{"@id":"https:\/\/renaud-reynek.com\/en\/catalogue-editorial\/bohuslav-reynek-en\/collective-bohuslav-reynek-1892-1971estampes-des-annees-cinquante-catalogue-dexposition-2013\/#primaryimage"},"image":{"@id":"https:\/\/renaud-reynek.com\/en\/catalogue-editorial\/bohuslav-reynek-en\/collective-bohuslav-reynek-1892-1971estampes-des-annees-cinquante-catalogue-dexposition-2013\/#primaryimage"},"thumbnailUrl":"https:\/\/renaud-reynek.com\/wp-content\/uploads\/2020\/01\/EstampesCinquante2013.jpg","datePublished":"2020-01-10T00:03:14+00:00","dateModified":"2021-02-15T04:57:39+00:00","description":"Site de l'Association Romarin. D\u00e9couvrez les \u0153uvres du graveur tch\u00e8que Bohuslav Reynek et de Suzanne Renaud, po\u00e8te, son \u00e9pouse grenobloise.","breadcrumb":{"@id":"https:\/\/renaud-reynek.com\/en\/catalogue-editorial\/bohuslav-reynek-en\/collective-bohuslav-reynek-1892-1971estampes-des-annees-cinquante-catalogue-dexposition-2013\/#breadcrumb"},"inLanguage":"en-US","potentialAction":[{"@type":"ReadAction","target":["https:\/\/renaud-reynek.com\/en\/catalogue-editorial\/bohuslav-reynek-en\/collective-bohuslav-reynek-1892-1971estampes-des-annees-cinquante-catalogue-dexposition-2013\/"]}]},{"@type":"ImageObject","inLanguage":"en-US","@id":"https:\/\/renaud-reynek.com\/en\/catalogue-editorial\/bohuslav-reynek-en\/collective-bohuslav-reynek-1892-1971estampes-des-annees-cinquante-catalogue-dexposition-2013\/#primaryimage","url":"https:\/\/renaud-reynek.com\/wp-content\/uploads\/2020\/01\/EstampesCinquante2013.jpg","contentUrl":"https:\/\/renaud-reynek.com\/wp-content\/uploads\/2020\/01\/EstampesCinquante2013.jpg","width":1000,"height":999},{"@type":"BreadcrumbList","@id":"https:\/\/renaud-reynek.com\/en\/catalogue-editorial\/bohuslav-reynek-en\/collective-bohuslav-reynek-1892-1971estampes-des-annees-cinquante-catalogue-dexposition-2013\/#breadcrumb","itemListElement":[{"@type":"ListItem","position":1,"name":"Accueil","item":"https:\/\/renaud-reynek.com\/en\/"},{"@type":"ListItem","position":2,"name":"Products","item":"https:\/\/renaud-reynek.com\/en\/shop\/"},{"@type":"ListItem","position":3,"name":"Collective Bohuslav Reynek (1892-1971)Estampes des ann\u00e9es cinquante.[Engravings from the 1950s].2013"}]},{"@type":"WebSite","@id":"https:\/\/renaud-reynek.com\/en\/#website","url":"https:\/\/renaud-reynek.com\/en\/","name":"Association Romarin","description":"Les Amis de Suzanne Renaud et Bohuslav Reynek","potentialAction":[{"@type":"SearchAction","target":{"@type":"EntryPoint","urlTemplate":"https:\/\/renaud-reynek.com\/en\/?s={search_term_string}"},"query-input":{"@type":"PropertyValueSpecification","valueRequired":true,"valueName":"search_term_string"}}],"inLanguage":"en-US"}]}},"_links":{"self":[{"href":"https:\/\/renaud-reynek.com\/en\/wp-json\/wp\/v2\/product\/6585","targetHints":{"allow":["GET"]}}],"collection":[{"href":"https:\/\/renaud-reynek.com\/en\/wp-json\/wp\/v2\/product"}],"about":[{"href":"https:\/\/renaud-reynek.com\/en\/wp-json\/wp\/v2\/types\/product"}],"replies":[{"embeddable":true,"href":"https:\/\/renaud-reynek.com\/en\/wp-json\/wp\/v2\/comments?post=6585"}],"wp:featuredmedia":[{"embeddable":true,"href":"https:\/\/renaud-reynek.com\/en\/wp-json\/wp\/v2\/media\/1365"}],"wp:attachment":[{"href":"https:\/\/renaud-reynek.com\/en\/wp-json\/wp\/v2\/media?parent=6585"}],"wp:term":[{"taxonomy":"product_brand","embeddable":true,"href":"https:\/\/renaud-reynek.com\/en\/wp-json\/wp\/v2\/product_brand?post=6585"},{"taxonomy":"product_cat","embeddable":true,"href":"https:\/\/renaud-reynek.com\/en\/wp-json\/wp\/v2\/product_cat?post=6585"},{"taxonomy":"product_tag","embeddable":true,"href":"https:\/\/renaud-reynek.com\/en\/wp-json\/wp\/v2\/product_tag?post=6585"}],"curies":[{"name":"wp","href":"https:\/\/api.w.org\/{rel}","templated":true}]}}