{"id":6493,"date":"2020-01-10T01:04:47","date_gmt":"2020-01-10T00:04:47","guid":{"rendered":"https:\/\/renaud-reynek.com\/catalogue-editorial\/uncategorized\/annick-auzimour-jiri-serych-le-don-quichotte-de-reynek-reynkuv-don-quijote-suivi-de-il-y-a-bien-longtemps-je-to-uz-davno-2016\/"},"modified":"2021-02-15T10:41:59","modified_gmt":"2021-02-15T09:41:59","slug":"annick-auzimour-jiri-serych-le-don-quichotte-de-reynek-reynkuv-don-quijote-suivi-de-il-y-a-bien-longtemps-je-to-uz-davno-2016","status":"publish","type":"product","link":"https:\/\/renaud-reynek.com\/en\/catalogue-editorial\/annick-auzimour-en\/annick-auzimour-jiri-serych-le-don-quichotte-de-reynek-reynkuv-don-quijote-suivi-de-il-y-a-bien-longtemps-je-to-uz-davno-2016\/","title":{"rendered":"Annick AUZIMOUR, Ji\u0159\u00ed \u0160ER\u00ddCH: <br><i>Le Don Quichotte de Reynek \u2013 Reynk\u016fv Don Quijote<\/i>,<br>followed by <br><i>Il y a bien longtemps \u2013 <br>Je to u\u017e d\u00e1vno<\/i>.<br>2016"},"content":{"rendered":"<p><strong><em>Format 21 x 21 cm.<br \/>\n<\/em><\/strong><strong><em>144 pages. softbound, illustrated cover.<br \/>\n<\/em><\/strong><strong><em>ISBN : 2\u2013910544\u201316\u20134<\/em><\/strong><\/p>\n<p>Published by Romarin, Grenoble 2016.<br \/>\nBilingual edition in French and Czech.<br \/>\nTexts by Annick Auzimour and by Ji\u0159\u00ed \u0160er\u00fdch<br \/>\nTranslated from the French by Petr Turek and from the Czech by Beno\u00eet Meunier.<br \/>\nColour illustrations: two sections outside the text, 16 and 32 pages, and 34 reproductions within the text.<br \/>\nAs a supplement of the bool, six-page insert: <em>Ma tante Suzanne Renaud<\/em>, text by Magali Robert.<br \/>\nPublished with assistance from the Czech Republic\u2019s Ministry of Foreign Affairs and the Renaud-Reynek Endowment Fund (France).<\/p>\n","protected":false},"excerpt":{"rendered":"<p style=\"text-align: justify; text-justify: inter-ideograph;\">The public first saw the <i>Don Quichotte<\/i> album by Bohuslav Reynek (1892-1971) at the opening of an exhibition at the Jean Damien bookshop in Grenoble on 7 November 1960. The Czech engraver, who dreamed of arid, fragrant southern landscapes all his life, had long been interested in the epic tale about Cervantes\u2019 hero. This set of 14 prints dedicated to the Knight of the Sorrowful Countenance, the artist\u2019s only work based on a literary theme, attained its most accomplished form and definitive composition in the <em>Don Quichotte<\/em> series. Czechs saw it for the first time on 2 April 1965 at the opening of an exhibition in Brno attesting to the creativity of the artist, who was unknown to the general public until then.<br \/>\nIn this book, two authors who were close to the artist during his lifetime and know his work recount the genesis of Reynek\u2019s <em><span style=\"font-family: Times;\">Don Quichotte<\/span><\/em>. Its scenes spring to life in Petrkov, the village in the Bohemian-Moravian Highlands where the artist lived and set his visions in the snowy landscapes of Central Europe. Today we are presenting these previously unpublished texts, illustrated with Reynek\u2019s prints and plates and supplemented by art historian Ji\u0159\u00ed \u0160er\u00fdch\u2019s moving recollections, <em>Je to u\u017e d\u00e1vno \u2013 Il y a bien longtemps<\/em>.<\/p>\n","protected":false},"featured_media":1373,"comment_status":"open","ping_status":"closed","template":"","meta":{"_acf_changed":false},"product_brand":[],"product_cat":[246,247],"product_tag":[],"class_list":{"0":"post-6493","1":"product","2":"type-product","3":"status-publish","4":"has-post-thumbnail","6":"product_cat-annick-auzimour-en","7":"product_cat-jiri-serych-en-2","9":"first","10":"instock","11":"shipping-taxable","12":"purchasable","13":"product-type-simple"},"acf":[],"yoast_head":"<!-- This site is optimized with the Yoast SEO plugin v27.4 - https:\/\/yoast.com\/product\/yoast-seo-wordpress\/ -->\n<title>Association Romarin - Annick AUZIMOUR, Ji\u0159\u00ed \u0160ER\u00ddCH: Le Don Quichotte de Reynek \u2013 Reynk\u016fv Don Quijote,followed by Il y a bien longtemps \u2013 Je to u\u017e d\u00e1vno.2016<\/title>\n<meta name=\"description\" content=\"Site de l&#039;Association Romarin. D\u00e9couvrez les \u0153uvres du graveur tch\u00e8que Bohuslav Reynek et de Suzanne Renaud, po\u00e8te, son \u00e9pouse grenobloise.\" \/>\n<meta name=\"robots\" content=\"index, follow, max-snippet:-1, max-image-preview:large, max-video-preview:-1\" \/>\n<link rel=\"canonical\" href=\"https:\/\/renaud-reynek.com\/en\/catalogue-editorial\/annick-auzimour-en\/annick-auzimour-jiri-serych-le-don-quichotte-de-reynek-reynkuv-don-quijote-suivi-de-il-y-a-bien-longtemps-je-to-uz-davno-2016\/\" \/>\n<meta property=\"og:locale\" content=\"en_US\" \/>\n<meta property=\"og:type\" content=\"article\" \/>\n<meta property=\"og:title\" content=\"Association Romarin - Annick AUZIMOUR, Ji\u0159\u00ed \u0160ER\u00ddCH: Le Don Quichotte de Reynek \u2013 Reynk\u016fv Don Quijote,followed by Il y a bien longtemps \u2013 Je to u\u017e d\u00e1vno.2016\" \/>\n<meta property=\"og:description\" content=\"Site de l&#039;Association Romarin. D\u00e9couvrez les \u0153uvres du graveur tch\u00e8que Bohuslav Reynek et de Suzanne Renaud, po\u00e8te, son \u00e9pouse grenobloise.\" \/>\n<meta property=\"og:url\" content=\"https:\/\/renaud-reynek.com\/en\/catalogue-editorial\/annick-auzimour-en\/annick-auzimour-jiri-serych-le-don-quichotte-de-reynek-reynkuv-don-quijote-suivi-de-il-y-a-bien-longtemps-je-to-uz-davno-2016\/\" \/>\n<meta property=\"og:site_name\" content=\"Association Romarin\" \/>\n<meta property=\"article:modified_time\" content=\"2021-02-15T09:41:59+00:00\" \/>\n<meta property=\"og:image\" content=\"https:\/\/renaud-reynek.com\/wp-content\/uploads\/2020\/01\/AAJS_Don-Quichotte2016.jpg\" \/>\n\t<meta property=\"og:image:width\" content=\"1000\" \/>\n\t<meta property=\"og:image:height\" content=\"997\" \/>\n\t<meta property=\"og:image:type\" content=\"image\/jpeg\" \/>\n<meta name=\"twitter:card\" content=\"summary_large_image\" \/>\n<script type=\"application\/ld+json\" class=\"yoast-schema-graph\">{\"@context\":\"https:\\\/\\\/schema.org\",\"@graph\":[{\"@type\":\"WebPage\",\"@id\":\"https:\\\/\\\/renaud-reynek.com\\\/en\\\/catalogue-editorial\\\/annick-auzimour-en\\\/annick-auzimour-jiri-serych-le-don-quichotte-de-reynek-reynkuv-don-quijote-suivi-de-il-y-a-bien-longtemps-je-to-uz-davno-2016\\\/\",\"url\":\"https:\\\/\\\/renaud-reynek.com\\\/en\\\/catalogue-editorial\\\/annick-auzimour-en\\\/annick-auzimour-jiri-serych-le-don-quichotte-de-reynek-reynkuv-don-quijote-suivi-de-il-y-a-bien-longtemps-je-to-uz-davno-2016\\\/\",\"name\":\"Association Romarin - Annick AUZIMOUR, Ji\u0159\u00ed \u0160ER\u00ddCH: Le Don Quichotte de Reynek \u2013 Reynk\u016fv Don Quijote, followed by Il y a bien longtemps \u2013 Je to u\u017e d\u00e1vno. 2016\",\"isPartOf\":{\"@id\":\"https:\\\/\\\/renaud-reynek.com\\\/en\\\/#website\"},\"primaryImageOfPage\":{\"@id\":\"https:\\\/\\\/renaud-reynek.com\\\/en\\\/catalogue-editorial\\\/annick-auzimour-en\\\/annick-auzimour-jiri-serych-le-don-quichotte-de-reynek-reynkuv-don-quijote-suivi-de-il-y-a-bien-longtemps-je-to-uz-davno-2016\\\/#primaryimage\"},\"image\":{\"@id\":\"https:\\\/\\\/renaud-reynek.com\\\/en\\\/catalogue-editorial\\\/annick-auzimour-en\\\/annick-auzimour-jiri-serych-le-don-quichotte-de-reynek-reynkuv-don-quijote-suivi-de-il-y-a-bien-longtemps-je-to-uz-davno-2016\\\/#primaryimage\"},\"thumbnailUrl\":\"https:\\\/\\\/renaud-reynek.com\\\/wp-content\\\/uploads\\\/2020\\\/01\\\/AAJS_Don-Quichotte2016.jpg\",\"datePublished\":\"2020-01-10T00:04:47+00:00\",\"dateModified\":\"2021-02-15T09:41:59+00:00\",\"description\":\"Site de l'Association Romarin. D\u00e9couvrez les \u0153uvres du graveur tch\u00e8que Bohuslav Reynek et de Suzanne Renaud, po\u00e8te, son \u00e9pouse grenobloise.\",\"breadcrumb\":{\"@id\":\"https:\\\/\\\/renaud-reynek.com\\\/en\\\/catalogue-editorial\\\/annick-auzimour-en\\\/annick-auzimour-jiri-serych-le-don-quichotte-de-reynek-reynkuv-don-quijote-suivi-de-il-y-a-bien-longtemps-je-to-uz-davno-2016\\\/#breadcrumb\"},\"inLanguage\":\"en-US\",\"potentialAction\":[{\"@type\":\"ReadAction\",\"target\":[\"https:\\\/\\\/renaud-reynek.com\\\/en\\\/catalogue-editorial\\\/annick-auzimour-en\\\/annick-auzimour-jiri-serych-le-don-quichotte-de-reynek-reynkuv-don-quijote-suivi-de-il-y-a-bien-longtemps-je-to-uz-davno-2016\\\/\"]}]},{\"@type\":\"ImageObject\",\"inLanguage\":\"en-US\",\"@id\":\"https:\\\/\\\/renaud-reynek.com\\\/en\\\/catalogue-editorial\\\/annick-auzimour-en\\\/annick-auzimour-jiri-serych-le-don-quichotte-de-reynek-reynkuv-don-quijote-suivi-de-il-y-a-bien-longtemps-je-to-uz-davno-2016\\\/#primaryimage\",\"url\":\"https:\\\/\\\/renaud-reynek.com\\\/wp-content\\\/uploads\\\/2020\\\/01\\\/AAJS_Don-Quichotte2016.jpg\",\"contentUrl\":\"https:\\\/\\\/renaud-reynek.com\\\/wp-content\\\/uploads\\\/2020\\\/01\\\/AAJS_Don-Quichotte2016.jpg\",\"width\":1000,\"height\":997},{\"@type\":\"BreadcrumbList\",\"@id\":\"https:\\\/\\\/renaud-reynek.com\\\/en\\\/catalogue-editorial\\\/annick-auzimour-en\\\/annick-auzimour-jiri-serych-le-don-quichotte-de-reynek-reynkuv-don-quijote-suivi-de-il-y-a-bien-longtemps-je-to-uz-davno-2016\\\/#breadcrumb\",\"itemListElement\":[{\"@type\":\"ListItem\",\"position\":1,\"name\":\"Accueil\",\"item\":\"https:\\\/\\\/renaud-reynek.com\\\/en\\\/\"},{\"@type\":\"ListItem\",\"position\":2,\"name\":\"Products\",\"item\":\"https:\\\/\\\/renaud-reynek.com\\\/en\\\/shop\\\/\"},{\"@type\":\"ListItem\",\"position\":3,\"name\":\"Annick AUZIMOUR, Ji\u0159\u00ed \u0160ER\u00ddCH: Le Don Quichotte de Reynek \u2013 Reynk\u016fv Don Quijote,followed by Il y a bien longtemps \u2013 Je to u\u017e d\u00e1vno.2016\"}]},{\"@type\":\"WebSite\",\"@id\":\"https:\\\/\\\/renaud-reynek.com\\\/en\\\/#website\",\"url\":\"https:\\\/\\\/renaud-reynek.com\\\/en\\\/\",\"name\":\"Association Romarin\",\"description\":\"Les Amis de Suzanne Renaud et Bohuslav Reynek\",\"potentialAction\":[{\"@type\":\"SearchAction\",\"target\":{\"@type\":\"EntryPoint\",\"urlTemplate\":\"https:\\\/\\\/renaud-reynek.com\\\/en\\\/?s={search_term_string}\"},\"query-input\":{\"@type\":\"PropertyValueSpecification\",\"valueRequired\":true,\"valueName\":\"search_term_string\"}}],\"inLanguage\":\"en-US\"}]}<\/script>\n<!-- \/ Yoast SEO plugin. -->","yoast_head_json":{"title":"Association Romarin - Annick AUZIMOUR, Ji\u0159\u00ed \u0160ER\u00ddCH: Le Don Quichotte de Reynek \u2013 Reynk\u016fv Don Quijote,followed by Il y a bien longtemps \u2013 Je to u\u017e d\u00e1vno.2016","description":"Site de l'Association Romarin. D\u00e9couvrez les \u0153uvres du graveur tch\u00e8que Bohuslav Reynek et de Suzanne Renaud, po\u00e8te, son \u00e9pouse grenobloise.","robots":{"index":"index","follow":"follow","max-snippet":"max-snippet:-1","max-image-preview":"max-image-preview:large","max-video-preview":"max-video-preview:-1"},"canonical":"https:\/\/renaud-reynek.com\/en\/catalogue-editorial\/annick-auzimour-en\/annick-auzimour-jiri-serych-le-don-quichotte-de-reynek-reynkuv-don-quijote-suivi-de-il-y-a-bien-longtemps-je-to-uz-davno-2016\/","og_locale":"en_US","og_type":"article","og_title":"Association Romarin - Annick AUZIMOUR, Ji\u0159\u00ed \u0160ER\u00ddCH: Le Don Quichotte de Reynek \u2013 Reynk\u016fv Don Quijote,followed by Il y a bien longtemps \u2013 Je to u\u017e d\u00e1vno.2016","og_description":"Site de l'Association Romarin. D\u00e9couvrez les \u0153uvres du graveur tch\u00e8que Bohuslav Reynek et de Suzanne Renaud, po\u00e8te, son \u00e9pouse grenobloise.","og_url":"https:\/\/renaud-reynek.com\/en\/catalogue-editorial\/annick-auzimour-en\/annick-auzimour-jiri-serych-le-don-quichotte-de-reynek-reynkuv-don-quijote-suivi-de-il-y-a-bien-longtemps-je-to-uz-davno-2016\/","og_site_name":"Association Romarin","article_modified_time":"2021-02-15T09:41:59+00:00","og_image":[{"width":1000,"height":997,"url":"https:\/\/renaud-reynek.com\/wp-content\/uploads\/2020\/01\/AAJS_Don-Quichotte2016.jpg","type":"image\/jpeg"}],"twitter_card":"summary_large_image","schema":{"@context":"https:\/\/schema.org","@graph":[{"@type":"WebPage","@id":"https:\/\/renaud-reynek.com\/en\/catalogue-editorial\/annick-auzimour-en\/annick-auzimour-jiri-serych-le-don-quichotte-de-reynek-reynkuv-don-quijote-suivi-de-il-y-a-bien-longtemps-je-to-uz-davno-2016\/","url":"https:\/\/renaud-reynek.com\/en\/catalogue-editorial\/annick-auzimour-en\/annick-auzimour-jiri-serych-le-don-quichotte-de-reynek-reynkuv-don-quijote-suivi-de-il-y-a-bien-longtemps-je-to-uz-davno-2016\/","name":"Association Romarin - Annick AUZIMOUR, Ji\u0159\u00ed \u0160ER\u00ddCH: Le Don Quichotte de Reynek \u2013 Reynk\u016fv Don Quijote, followed by Il y a bien longtemps \u2013 Je to u\u017e d\u00e1vno. 2016","isPartOf":{"@id":"https:\/\/renaud-reynek.com\/en\/#website"},"primaryImageOfPage":{"@id":"https:\/\/renaud-reynek.com\/en\/catalogue-editorial\/annick-auzimour-en\/annick-auzimour-jiri-serych-le-don-quichotte-de-reynek-reynkuv-don-quijote-suivi-de-il-y-a-bien-longtemps-je-to-uz-davno-2016\/#primaryimage"},"image":{"@id":"https:\/\/renaud-reynek.com\/en\/catalogue-editorial\/annick-auzimour-en\/annick-auzimour-jiri-serych-le-don-quichotte-de-reynek-reynkuv-don-quijote-suivi-de-il-y-a-bien-longtemps-je-to-uz-davno-2016\/#primaryimage"},"thumbnailUrl":"https:\/\/renaud-reynek.com\/wp-content\/uploads\/2020\/01\/AAJS_Don-Quichotte2016.jpg","datePublished":"2020-01-10T00:04:47+00:00","dateModified":"2021-02-15T09:41:59+00:00","description":"Site de l'Association Romarin. D\u00e9couvrez les \u0153uvres du graveur tch\u00e8que Bohuslav Reynek et de Suzanne Renaud, po\u00e8te, son \u00e9pouse grenobloise.","breadcrumb":{"@id":"https:\/\/renaud-reynek.com\/en\/catalogue-editorial\/annick-auzimour-en\/annick-auzimour-jiri-serych-le-don-quichotte-de-reynek-reynkuv-don-quijote-suivi-de-il-y-a-bien-longtemps-je-to-uz-davno-2016\/#breadcrumb"},"inLanguage":"en-US","potentialAction":[{"@type":"ReadAction","target":["https:\/\/renaud-reynek.com\/en\/catalogue-editorial\/annick-auzimour-en\/annick-auzimour-jiri-serych-le-don-quichotte-de-reynek-reynkuv-don-quijote-suivi-de-il-y-a-bien-longtemps-je-to-uz-davno-2016\/"]}]},{"@type":"ImageObject","inLanguage":"en-US","@id":"https:\/\/renaud-reynek.com\/en\/catalogue-editorial\/annick-auzimour-en\/annick-auzimour-jiri-serych-le-don-quichotte-de-reynek-reynkuv-don-quijote-suivi-de-il-y-a-bien-longtemps-je-to-uz-davno-2016\/#primaryimage","url":"https:\/\/renaud-reynek.com\/wp-content\/uploads\/2020\/01\/AAJS_Don-Quichotte2016.jpg","contentUrl":"https:\/\/renaud-reynek.com\/wp-content\/uploads\/2020\/01\/AAJS_Don-Quichotte2016.jpg","width":1000,"height":997},{"@type":"BreadcrumbList","@id":"https:\/\/renaud-reynek.com\/en\/catalogue-editorial\/annick-auzimour-en\/annick-auzimour-jiri-serych-le-don-quichotte-de-reynek-reynkuv-don-quijote-suivi-de-il-y-a-bien-longtemps-je-to-uz-davno-2016\/#breadcrumb","itemListElement":[{"@type":"ListItem","position":1,"name":"Accueil","item":"https:\/\/renaud-reynek.com\/en\/"},{"@type":"ListItem","position":2,"name":"Products","item":"https:\/\/renaud-reynek.com\/en\/shop\/"},{"@type":"ListItem","position":3,"name":"Annick AUZIMOUR, Ji\u0159\u00ed \u0160ER\u00ddCH: Le Don Quichotte de Reynek \u2013 Reynk\u016fv Don Quijote,followed by Il y a bien longtemps \u2013 Je to u\u017e d\u00e1vno.2016"}]},{"@type":"WebSite","@id":"https:\/\/renaud-reynek.com\/en\/#website","url":"https:\/\/renaud-reynek.com\/en\/","name":"Association Romarin","description":"Les Amis de Suzanne Renaud et Bohuslav Reynek","potentialAction":[{"@type":"SearchAction","target":{"@type":"EntryPoint","urlTemplate":"https:\/\/renaud-reynek.com\/en\/?s={search_term_string}"},"query-input":{"@type":"PropertyValueSpecification","valueRequired":true,"valueName":"search_term_string"}}],"inLanguage":"en-US"}]}},"_links":{"self":[{"href":"https:\/\/renaud-reynek.com\/en\/wp-json\/wp\/v2\/product\/6493","targetHints":{"allow":["GET"]}}],"collection":[{"href":"https:\/\/renaud-reynek.com\/en\/wp-json\/wp\/v2\/product"}],"about":[{"href":"https:\/\/renaud-reynek.com\/en\/wp-json\/wp\/v2\/types\/product"}],"replies":[{"embeddable":true,"href":"https:\/\/renaud-reynek.com\/en\/wp-json\/wp\/v2\/comments?post=6493"}],"wp:featuredmedia":[{"embeddable":true,"href":"https:\/\/renaud-reynek.com\/en\/wp-json\/wp\/v2\/media\/1373"}],"wp:attachment":[{"href":"https:\/\/renaud-reynek.com\/en\/wp-json\/wp\/v2\/media?parent=6493"}],"wp:term":[{"taxonomy":"product_brand","embeddable":true,"href":"https:\/\/renaud-reynek.com\/en\/wp-json\/wp\/v2\/product_brand?post=6493"},{"taxonomy":"product_cat","embeddable":true,"href":"https:\/\/renaud-reynek.com\/en\/wp-json\/wp\/v2\/product_cat?post=6493"},{"taxonomy":"product_tag","embeddable":true,"href":"https:\/\/renaud-reynek.com\/en\/wp-json\/wp\/v2\/product_tag?post=6493"}],"curies":[{"name":"wp","href":"https:\/\/api.w.org\/{rel}","templated":true}]}}