{"id":6490,"date":"2020-01-10T01:05:35","date_gmt":"2020-01-10T00:05:35","guid":{"rendered":"https:\/\/renaud-reynek.com\/catalogue-editorial\/uncategorized\/bohuslav-reynek-lettres-a-bohumila-dopisy-bohumile-1921-2017\/"},"modified":"2021-02-14T11:14:14","modified_gmt":"2021-02-14T10:14:14","slug":"bohuslav-reynek-lettres-a-bohumila-dopisy-bohumile-1921-2017","status":"publish","type":"product","link":"https:\/\/renaud-reynek.com\/en\/catalogue-editorial\/bohuslav-reynek-en\/bohuslav-reynek-lettres-a-bohumila-dopisy-bohumile-1921-2017\/","title":{"rendered":"Bohuslav REYNEK: <br><i>Lettres \u00e0 Bohumila \u2013 <br>Dopisy Bohumile. 1921.<\/i><br>[<i>Letters to Bohumila<\/i>].<br>2017"},"content":{"rendered":"<p><strong><em>Format 12,5 x 19 cm.<br \/>\n<\/em><\/strong><strong><em>112 pages. Softbound, illustrated cover.<br \/>\n<\/em><\/strong><strong><em>ISBN : 2\u2013910544\u201317\u20136<\/em><\/strong><\/p>\n<p>Published by Romarin, Grenoble 2017.<br \/>\nBilingual edition in French and Czech.<br \/>\nTranslated from the Czech by Dagmar Halasov\u00e1.<br \/>\nPostface by Dagmar Halasov\u00e1.<br \/>\nColor illustrations en couleur: onze dessins et linogravures de B.\u00a0Reynek.<br \/>\nPublished with assistance from the Czech Republic\u2019s Ministry of Foreign Affairs and Ministry of Culture, and the Renaud-Reynek Endowment Fund (France).<\/p>\n","protected":false},"excerpt":{"rendered":"<p>The handful of letters Bohuslav Reynek wrote in 1921 to Bohumila Pojerov\u00e1, publisher Jan V. Pojer\u2019s sister, have remained in private family hands until now. That year, Bohuslav was twenty-nine, Bohumila nineteen. In addition to recalling encounters, readings and small events reflecting the budding friendship between two young people whose respective families had destined for one another, these brief letters shed light on the future great artist\u2019s personality. Sincerity, lucidity, honesty and keen judgement \u2014 strong qualities that, despite the vicissitudes of his time, unfailingly forged Reynek\u2019s destiny as a man and his mission as an artist \u2014 could already be seen in his concise, sharp, finely chiselled sentences. A few years later the young poet took flight and married poet Suzanne Renaud in Grenoble. He translated her work, which came out in Czechoslovakia but remained unknown in France until Romarin published the complete critical edition of her poems (I. 1995, II. 1999). My aim in publishing these few letters is to recall bygone times, the snows of yesteryear perhaps, and to introduce Bohuslav Reynek, the man in all his integrity and honesty before life, before his neighbour and before God. I am doing this in order to ensure that his portrait, sketched against the background of a reserved friendship, cannot be forgotten and irreparably damaged. (Dagmar Halasov\u00e1, postface).<\/p>\n","protected":false},"featured_media":1377,"comment_status":"open","ping_status":"closed","template":"","meta":{"_acf_changed":false},"product_brand":[],"product_cat":[209],"product_tag":[],"class_list":{"0":"post-6490","1":"product","2":"type-product","3":"status-publish","4":"has-post-thumbnail","6":"product_cat-bohuslav-reynek-en","8":"first","9":"instock","10":"shipping-taxable","11":"purchasable","12":"product-type-simple"},"acf":[],"yoast_head":"<!-- This site is optimized with the Yoast SEO plugin v27.4 - https:\/\/yoast.com\/product\/yoast-seo-wordpress\/ -->\n<title>Association Romarin - Bohuslav REYNEK: Lettres \u00e0 Bohumila \u2013 Dopisy Bohumile. 1921.[Letters to Bohumila].2017<\/title>\n<meta name=\"description\" content=\"Site de l&#039;Association Romarin. D\u00e9couvrez les \u0153uvres du graveur tch\u00e8que Bohuslav Reynek et de Suzanne Renaud, po\u00e8te, son \u00e9pouse grenobloise.\" \/>\n<meta name=\"robots\" content=\"index, follow, max-snippet:-1, max-image-preview:large, max-video-preview:-1\" \/>\n<link rel=\"canonical\" href=\"https:\/\/renaud-reynek.com\/en\/catalogue-editorial\/bohuslav-reynek-en\/bohuslav-reynek-lettres-a-bohumila-dopisy-bohumile-1921-2017\/\" \/>\n<meta property=\"og:locale\" content=\"en_US\" \/>\n<meta property=\"og:type\" content=\"article\" \/>\n<meta property=\"og:title\" content=\"Association Romarin - Bohuslav REYNEK: Lettres \u00e0 Bohumila \u2013 Dopisy Bohumile. 1921.[Letters to Bohumila].2017\" \/>\n<meta property=\"og:description\" content=\"Site de l&#039;Association Romarin. D\u00e9couvrez les \u0153uvres du graveur tch\u00e8que Bohuslav Reynek et de Suzanne Renaud, po\u00e8te, son \u00e9pouse grenobloise.\" \/>\n<meta property=\"og:url\" content=\"https:\/\/renaud-reynek.com\/en\/catalogue-editorial\/bohuslav-reynek-en\/bohuslav-reynek-lettres-a-bohumila-dopisy-bohumile-1921-2017\/\" \/>\n<meta property=\"og:site_name\" content=\"Association Romarin\" \/>\n<meta property=\"article:modified_time\" content=\"2021-02-14T10:14:14+00:00\" \/>\n<meta property=\"og:image\" content=\"https:\/\/renaud-reynek.com\/wp-content\/uploads\/2020\/01\/BR_Bohumila2017.jpg\" \/>\n\t<meta property=\"og:image:width\" content=\"1000\" \/>\n\t<meta property=\"og:image:height\" content=\"1471\" \/>\n\t<meta property=\"og:image:type\" content=\"image\/jpeg\" \/>\n<meta name=\"twitter:card\" content=\"summary_large_image\" \/>\n<script type=\"application\/ld+json\" class=\"yoast-schema-graph\">{\"@context\":\"https:\\\/\\\/schema.org\",\"@graph\":[{\"@type\":\"WebPage\",\"@id\":\"https:\\\/\\\/renaud-reynek.com\\\/en\\\/catalogue-editorial\\\/bohuslav-reynek-en\\\/bohuslav-reynek-lettres-a-bohumila-dopisy-bohumile-1921-2017\\\/\",\"url\":\"https:\\\/\\\/renaud-reynek.com\\\/en\\\/catalogue-editorial\\\/bohuslav-reynek-en\\\/bohuslav-reynek-lettres-a-bohumila-dopisy-bohumile-1921-2017\\\/\",\"name\":\"Association Romarin - Bohuslav REYNEK: Lettres \u00e0 Bohumila \u2013 Dopisy Bohumile. 1921. [Letters to Bohumila]. 2017\",\"isPartOf\":{\"@id\":\"https:\\\/\\\/renaud-reynek.com\\\/en\\\/#website\"},\"primaryImageOfPage\":{\"@id\":\"https:\\\/\\\/renaud-reynek.com\\\/en\\\/catalogue-editorial\\\/bohuslav-reynek-en\\\/bohuslav-reynek-lettres-a-bohumila-dopisy-bohumile-1921-2017\\\/#primaryimage\"},\"image\":{\"@id\":\"https:\\\/\\\/renaud-reynek.com\\\/en\\\/catalogue-editorial\\\/bohuslav-reynek-en\\\/bohuslav-reynek-lettres-a-bohumila-dopisy-bohumile-1921-2017\\\/#primaryimage\"},\"thumbnailUrl\":\"https:\\\/\\\/renaud-reynek.com\\\/wp-content\\\/uploads\\\/2020\\\/01\\\/BR_Bohumila2017.jpg\",\"datePublished\":\"2020-01-10T00:05:35+00:00\",\"dateModified\":\"2021-02-14T10:14:14+00:00\",\"description\":\"Site de l'Association Romarin. D\u00e9couvrez les \u0153uvres du graveur tch\u00e8que Bohuslav Reynek et de Suzanne Renaud, po\u00e8te, son \u00e9pouse grenobloise.\",\"breadcrumb\":{\"@id\":\"https:\\\/\\\/renaud-reynek.com\\\/en\\\/catalogue-editorial\\\/bohuslav-reynek-en\\\/bohuslav-reynek-lettres-a-bohumila-dopisy-bohumile-1921-2017\\\/#breadcrumb\"},\"inLanguage\":\"en-US\",\"potentialAction\":[{\"@type\":\"ReadAction\",\"target\":[\"https:\\\/\\\/renaud-reynek.com\\\/en\\\/catalogue-editorial\\\/bohuslav-reynek-en\\\/bohuslav-reynek-lettres-a-bohumila-dopisy-bohumile-1921-2017\\\/\"]}]},{\"@type\":\"ImageObject\",\"inLanguage\":\"en-US\",\"@id\":\"https:\\\/\\\/renaud-reynek.com\\\/en\\\/catalogue-editorial\\\/bohuslav-reynek-en\\\/bohuslav-reynek-lettres-a-bohumila-dopisy-bohumile-1921-2017\\\/#primaryimage\",\"url\":\"https:\\\/\\\/renaud-reynek.com\\\/wp-content\\\/uploads\\\/2020\\\/01\\\/BR_Bohumila2017.jpg\",\"contentUrl\":\"https:\\\/\\\/renaud-reynek.com\\\/wp-content\\\/uploads\\\/2020\\\/01\\\/BR_Bohumila2017.jpg\",\"width\":1000,\"height\":1471},{\"@type\":\"BreadcrumbList\",\"@id\":\"https:\\\/\\\/renaud-reynek.com\\\/en\\\/catalogue-editorial\\\/bohuslav-reynek-en\\\/bohuslav-reynek-lettres-a-bohumila-dopisy-bohumile-1921-2017\\\/#breadcrumb\",\"itemListElement\":[{\"@type\":\"ListItem\",\"position\":1,\"name\":\"Accueil\",\"item\":\"https:\\\/\\\/renaud-reynek.com\\\/en\\\/\"},{\"@type\":\"ListItem\",\"position\":2,\"name\":\"Products\",\"item\":\"https:\\\/\\\/renaud-reynek.com\\\/en\\\/shop\\\/\"},{\"@type\":\"ListItem\",\"position\":3,\"name\":\"Bohuslav REYNEK: Lettres \u00e0 Bohumila \u2013 Dopisy Bohumile. 1921.[Letters to Bohumila].2017\"}]},{\"@type\":\"WebSite\",\"@id\":\"https:\\\/\\\/renaud-reynek.com\\\/en\\\/#website\",\"url\":\"https:\\\/\\\/renaud-reynek.com\\\/en\\\/\",\"name\":\"Association Romarin\",\"description\":\"Les Amis de Suzanne Renaud et Bohuslav Reynek\",\"potentialAction\":[{\"@type\":\"SearchAction\",\"target\":{\"@type\":\"EntryPoint\",\"urlTemplate\":\"https:\\\/\\\/renaud-reynek.com\\\/en\\\/?s={search_term_string}\"},\"query-input\":{\"@type\":\"PropertyValueSpecification\",\"valueRequired\":true,\"valueName\":\"search_term_string\"}}],\"inLanguage\":\"en-US\"}]}<\/script>\n<!-- \/ Yoast SEO plugin. -->","yoast_head_json":{"title":"Association Romarin - Bohuslav REYNEK: Lettres \u00e0 Bohumila \u2013 Dopisy Bohumile. 1921.[Letters to Bohumila].2017","description":"Site de l'Association Romarin. D\u00e9couvrez les \u0153uvres du graveur tch\u00e8que Bohuslav Reynek et de Suzanne Renaud, po\u00e8te, son \u00e9pouse grenobloise.","robots":{"index":"index","follow":"follow","max-snippet":"max-snippet:-1","max-image-preview":"max-image-preview:large","max-video-preview":"max-video-preview:-1"},"canonical":"https:\/\/renaud-reynek.com\/en\/catalogue-editorial\/bohuslav-reynek-en\/bohuslav-reynek-lettres-a-bohumila-dopisy-bohumile-1921-2017\/","og_locale":"en_US","og_type":"article","og_title":"Association Romarin - Bohuslav REYNEK: Lettres \u00e0 Bohumila \u2013 Dopisy Bohumile. 1921.[Letters to Bohumila].2017","og_description":"Site de l'Association Romarin. D\u00e9couvrez les \u0153uvres du graveur tch\u00e8que Bohuslav Reynek et de Suzanne Renaud, po\u00e8te, son \u00e9pouse grenobloise.","og_url":"https:\/\/renaud-reynek.com\/en\/catalogue-editorial\/bohuslav-reynek-en\/bohuslav-reynek-lettres-a-bohumila-dopisy-bohumile-1921-2017\/","og_site_name":"Association Romarin","article_modified_time":"2021-02-14T10:14:14+00:00","og_image":[{"width":1000,"height":1471,"url":"https:\/\/renaud-reynek.com\/wp-content\/uploads\/2020\/01\/BR_Bohumila2017.jpg","type":"image\/jpeg"}],"twitter_card":"summary_large_image","schema":{"@context":"https:\/\/schema.org","@graph":[{"@type":"WebPage","@id":"https:\/\/renaud-reynek.com\/en\/catalogue-editorial\/bohuslav-reynek-en\/bohuslav-reynek-lettres-a-bohumila-dopisy-bohumile-1921-2017\/","url":"https:\/\/renaud-reynek.com\/en\/catalogue-editorial\/bohuslav-reynek-en\/bohuslav-reynek-lettres-a-bohumila-dopisy-bohumile-1921-2017\/","name":"Association Romarin - Bohuslav REYNEK: Lettres \u00e0 Bohumila \u2013 Dopisy Bohumile. 1921. [Letters to Bohumila]. 2017","isPartOf":{"@id":"https:\/\/renaud-reynek.com\/en\/#website"},"primaryImageOfPage":{"@id":"https:\/\/renaud-reynek.com\/en\/catalogue-editorial\/bohuslav-reynek-en\/bohuslav-reynek-lettres-a-bohumila-dopisy-bohumile-1921-2017\/#primaryimage"},"image":{"@id":"https:\/\/renaud-reynek.com\/en\/catalogue-editorial\/bohuslav-reynek-en\/bohuslav-reynek-lettres-a-bohumila-dopisy-bohumile-1921-2017\/#primaryimage"},"thumbnailUrl":"https:\/\/renaud-reynek.com\/wp-content\/uploads\/2020\/01\/BR_Bohumila2017.jpg","datePublished":"2020-01-10T00:05:35+00:00","dateModified":"2021-02-14T10:14:14+00:00","description":"Site de l'Association Romarin. D\u00e9couvrez les \u0153uvres du graveur tch\u00e8que Bohuslav Reynek et de Suzanne Renaud, po\u00e8te, son \u00e9pouse grenobloise.","breadcrumb":{"@id":"https:\/\/renaud-reynek.com\/en\/catalogue-editorial\/bohuslav-reynek-en\/bohuslav-reynek-lettres-a-bohumila-dopisy-bohumile-1921-2017\/#breadcrumb"},"inLanguage":"en-US","potentialAction":[{"@type":"ReadAction","target":["https:\/\/renaud-reynek.com\/en\/catalogue-editorial\/bohuslav-reynek-en\/bohuslav-reynek-lettres-a-bohumila-dopisy-bohumile-1921-2017\/"]}]},{"@type":"ImageObject","inLanguage":"en-US","@id":"https:\/\/renaud-reynek.com\/en\/catalogue-editorial\/bohuslav-reynek-en\/bohuslav-reynek-lettres-a-bohumila-dopisy-bohumile-1921-2017\/#primaryimage","url":"https:\/\/renaud-reynek.com\/wp-content\/uploads\/2020\/01\/BR_Bohumila2017.jpg","contentUrl":"https:\/\/renaud-reynek.com\/wp-content\/uploads\/2020\/01\/BR_Bohumila2017.jpg","width":1000,"height":1471},{"@type":"BreadcrumbList","@id":"https:\/\/renaud-reynek.com\/en\/catalogue-editorial\/bohuslav-reynek-en\/bohuslav-reynek-lettres-a-bohumila-dopisy-bohumile-1921-2017\/#breadcrumb","itemListElement":[{"@type":"ListItem","position":1,"name":"Accueil","item":"https:\/\/renaud-reynek.com\/en\/"},{"@type":"ListItem","position":2,"name":"Products","item":"https:\/\/renaud-reynek.com\/en\/shop\/"},{"@type":"ListItem","position":3,"name":"Bohuslav REYNEK: Lettres \u00e0 Bohumila \u2013 Dopisy Bohumile. 1921.[Letters to Bohumila].2017"}]},{"@type":"WebSite","@id":"https:\/\/renaud-reynek.com\/en\/#website","url":"https:\/\/renaud-reynek.com\/en\/","name":"Association Romarin","description":"Les Amis de Suzanne Renaud et Bohuslav Reynek","potentialAction":[{"@type":"SearchAction","target":{"@type":"EntryPoint","urlTemplate":"https:\/\/renaud-reynek.com\/en\/?s={search_term_string}"},"query-input":{"@type":"PropertyValueSpecification","valueRequired":true,"valueName":"search_term_string"}}],"inLanguage":"en-US"}]}},"_links":{"self":[{"href":"https:\/\/renaud-reynek.com\/en\/wp-json\/wp\/v2\/product\/6490","targetHints":{"allow":["GET"]}}],"collection":[{"href":"https:\/\/renaud-reynek.com\/en\/wp-json\/wp\/v2\/product"}],"about":[{"href":"https:\/\/renaud-reynek.com\/en\/wp-json\/wp\/v2\/types\/product"}],"replies":[{"embeddable":true,"href":"https:\/\/renaud-reynek.com\/en\/wp-json\/wp\/v2\/comments?post=6490"}],"wp:featuredmedia":[{"embeddable":true,"href":"https:\/\/renaud-reynek.com\/en\/wp-json\/wp\/v2\/media\/1377"}],"wp:attachment":[{"href":"https:\/\/renaud-reynek.com\/en\/wp-json\/wp\/v2\/media?parent=6490"}],"wp:term":[{"taxonomy":"product_brand","embeddable":true,"href":"https:\/\/renaud-reynek.com\/en\/wp-json\/wp\/v2\/product_brand?post=6490"},{"taxonomy":"product_cat","embeddable":true,"href":"https:\/\/renaud-reynek.com\/en\/wp-json\/wp\/v2\/product_cat?post=6490"},{"taxonomy":"product_tag","embeddable":true,"href":"https:\/\/renaud-reynek.com\/en\/wp-json\/wp\/v2\/product_tag?post=6490"}],"curies":[{"name":"wp","href":"https:\/\/api.w.org\/{rel}","templated":true}]}}