{"id":6487,"date":"2020-01-10T01:06:20","date_gmt":"2020-01-10T00:06:20","guid":{"rendered":"https:\/\/renaud-reynek.com\/catalogue-editorial\/uncategorized\/bohuslav-reynek-podzimni-motyli-papillons-dautomne-2018\/"},"modified":"2021-02-15T04:42:39","modified_gmt":"2021-02-15T03:42:39","slug":"bohuslav-reynek-podzimni-motyli-papillons-dautomne-2018","status":"publish","type":"product","link":"https:\/\/renaud-reynek.com\/en\/catalogue-editorial\/bohuslav-reynek-en\/bohuslav-reynek-podzimni-motyli-papillons-dautomne-2018\/","title":{"rendered":"Bohuslav REYNEK:<br><i>Podzimn\u00ed moty\u0301li \u2013 <br>Papillons d\u2019automne<\/i>.<br>[<i>Autumn Butterflies<\/i>].<br>2018"},"content":{"rendered":"<p><strong><em>Format 12,5 x 19 cm.<br \/>\n<\/em><\/strong><strong><em>96 pages. Softbound, illustrated cover.<br \/>\n<\/em><\/strong><strong><em>ISBN : 2\u2013910544\u201318\u20134<\/em><\/strong><\/p>\n<p>Published by Romarin, Grenoble 2018.<br \/>\nBilingual edition in French and Czech.<br \/>\nTranslated from the Czech by Beno\u00eet Meunier.<br \/>\nPostface by Beno\u00eet Meunier.<br \/>\nColor illustrations: eleven engravings by B. Reynek.<br \/>\nPublished with support from the Ministry of Foreign Affairs and the Ministry of Culture of the Czech Republic and the Renaud-Reynek Endowment Fund (France).<\/p>\n","protected":false},"excerpt":{"rendered":"<p>In 1946 Czech publisher Zden\u011bk \u0158ezn\u00ed\u010dek came out with <em>Podzimn\u00ed mot\u00fdli<\/em>, a collection that remained untranslated into French until now. Beno\u00eet Meunier is meeting the challenge of revealing the world of sounds, rhythm and images of these rhyming verses locked up in Reynek\u2019s native language. \u201cFollowing these <em>Autumn butterflies<\/em>, the reader does not just witness the metamorphosis of an autumnal landscape. The signs are revelatory: buckets, crimson, sacrifice and the lamb, blood and death are omnipresent\u2026 the butterflies of September, wind and fog of October, memories and fading sunlight gradually give way to the first frosts of November, to cemeteries, to the dead, to the litanies of the saints: the entire collection converges on the deafening din of the Apocalypse in the Last <em>Judgement ending<\/em>, in calm and silence, in a single, light <em>Trace<\/em> left by a bird on the snow: the bird has flown away, the promise of a Return.\u201d (Beno\u00eet Meunier, postface).<\/p>\n","protected":false},"featured_media":1381,"comment_status":"open","ping_status":"closed","template":"","meta":{"_acf_changed":false},"product_brand":[],"product_cat":[209],"product_tag":[],"class_list":{"0":"post-6487","1":"product","2":"type-product","3":"status-publish","4":"has-post-thumbnail","6":"product_cat-bohuslav-reynek-en","8":"first","9":"outofstock","10":"shipping-taxable","11":"purchasable","12":"product-type-simple"},"acf":[],"yoast_head":"<!-- This site is optimized with the Yoast SEO plugin v27.4 - https:\/\/yoast.com\/product\/yoast-seo-wordpress\/ -->\n<title>Association Romarin - Bohuslav REYNEK:Podzimn\u00ed moty\u0301li \u2013 Papillons d\u2019automne.[Autumn Butterflies].2018<\/title>\n<meta name=\"description\" content=\"Site de l&#039;Association Romarin. D\u00e9couvrez les \u0153uvres du graveur tch\u00e8que Bohuslav Reynek et de Suzanne Renaud, po\u00e8te, son \u00e9pouse grenobloise.\" \/>\n<meta name=\"robots\" content=\"index, follow, max-snippet:-1, max-image-preview:large, max-video-preview:-1\" \/>\n<link rel=\"canonical\" href=\"https:\/\/renaud-reynek.com\/en\/catalogue-editorial\/bohuslav-reynek-en\/bohuslav-reynek-podzimni-motyli-papillons-dautomne-2018\/\" \/>\n<meta property=\"og:locale\" content=\"en_US\" \/>\n<meta property=\"og:type\" content=\"article\" \/>\n<meta property=\"og:title\" content=\"Association Romarin - Bohuslav REYNEK:Podzimn\u00ed moty\u0301li \u2013 Papillons d\u2019automne.[Autumn Butterflies].2018\" \/>\n<meta property=\"og:description\" content=\"Site de l&#039;Association Romarin. D\u00e9couvrez les \u0153uvres du graveur tch\u00e8que Bohuslav Reynek et de Suzanne Renaud, po\u00e8te, son \u00e9pouse grenobloise.\" \/>\n<meta property=\"og:url\" content=\"https:\/\/renaud-reynek.com\/en\/catalogue-editorial\/bohuslav-reynek-en\/bohuslav-reynek-podzimni-motyli-papillons-dautomne-2018\/\" \/>\n<meta property=\"og:site_name\" content=\"Association Romarin\" \/>\n<meta property=\"article:modified_time\" content=\"2021-02-15T03:42:39+00:00\" \/>\n<meta property=\"og:image\" content=\"https:\/\/renaud-reynek.com\/wp-content\/uploads\/2020\/01\/BR_Papillons2018.jpg\" \/>\n\t<meta property=\"og:image:width\" content=\"1000\" \/>\n\t<meta property=\"og:image:height\" content=\"1549\" \/>\n\t<meta property=\"og:image:type\" content=\"image\/jpeg\" \/>\n<meta name=\"twitter:card\" content=\"summary_large_image\" \/>\n<script type=\"application\/ld+json\" class=\"yoast-schema-graph\">{\"@context\":\"https:\\\/\\\/schema.org\",\"@graph\":[{\"@type\":\"WebPage\",\"@id\":\"https:\\\/\\\/renaud-reynek.com\\\/en\\\/catalogue-editorial\\\/bohuslav-reynek-en\\\/bohuslav-reynek-podzimni-motyli-papillons-dautomne-2018\\\/\",\"url\":\"https:\\\/\\\/renaud-reynek.com\\\/en\\\/catalogue-editorial\\\/bohuslav-reynek-en\\\/bohuslav-reynek-podzimni-motyli-papillons-dautomne-2018\\\/\",\"name\":\"Association Romarin - Bohuslav REYNEK: Podzimn\u00ed moty\u0301li \u2013 Papillons d\u2019automne. [Autumn Butterflies]. 2018\",\"isPartOf\":{\"@id\":\"https:\\\/\\\/renaud-reynek.com\\\/en\\\/#website\"},\"primaryImageOfPage\":{\"@id\":\"https:\\\/\\\/renaud-reynek.com\\\/en\\\/catalogue-editorial\\\/bohuslav-reynek-en\\\/bohuslav-reynek-podzimni-motyli-papillons-dautomne-2018\\\/#primaryimage\"},\"image\":{\"@id\":\"https:\\\/\\\/renaud-reynek.com\\\/en\\\/catalogue-editorial\\\/bohuslav-reynek-en\\\/bohuslav-reynek-podzimni-motyli-papillons-dautomne-2018\\\/#primaryimage\"},\"thumbnailUrl\":\"https:\\\/\\\/renaud-reynek.com\\\/wp-content\\\/uploads\\\/2020\\\/01\\\/BR_Papillons2018.jpg\",\"datePublished\":\"2020-01-10T00:06:20+00:00\",\"dateModified\":\"2021-02-15T03:42:39+00:00\",\"description\":\"Site de l'Association Romarin. D\u00e9couvrez les \u0153uvres du graveur tch\u00e8que Bohuslav Reynek et de Suzanne Renaud, po\u00e8te, son \u00e9pouse grenobloise.\",\"breadcrumb\":{\"@id\":\"https:\\\/\\\/renaud-reynek.com\\\/en\\\/catalogue-editorial\\\/bohuslav-reynek-en\\\/bohuslav-reynek-podzimni-motyli-papillons-dautomne-2018\\\/#breadcrumb\"},\"inLanguage\":\"en-US\",\"potentialAction\":[{\"@type\":\"ReadAction\",\"target\":[\"https:\\\/\\\/renaud-reynek.com\\\/en\\\/catalogue-editorial\\\/bohuslav-reynek-en\\\/bohuslav-reynek-podzimni-motyli-papillons-dautomne-2018\\\/\"]}]},{\"@type\":\"ImageObject\",\"inLanguage\":\"en-US\",\"@id\":\"https:\\\/\\\/renaud-reynek.com\\\/en\\\/catalogue-editorial\\\/bohuslav-reynek-en\\\/bohuslav-reynek-podzimni-motyli-papillons-dautomne-2018\\\/#primaryimage\",\"url\":\"https:\\\/\\\/renaud-reynek.com\\\/wp-content\\\/uploads\\\/2020\\\/01\\\/BR_Papillons2018.jpg\",\"contentUrl\":\"https:\\\/\\\/renaud-reynek.com\\\/wp-content\\\/uploads\\\/2020\\\/01\\\/BR_Papillons2018.jpg\",\"width\":1000,\"height\":1549},{\"@type\":\"BreadcrumbList\",\"@id\":\"https:\\\/\\\/renaud-reynek.com\\\/en\\\/catalogue-editorial\\\/bohuslav-reynek-en\\\/bohuslav-reynek-podzimni-motyli-papillons-dautomne-2018\\\/#breadcrumb\",\"itemListElement\":[{\"@type\":\"ListItem\",\"position\":1,\"name\":\"Accueil\",\"item\":\"https:\\\/\\\/renaud-reynek.com\\\/en\\\/\"},{\"@type\":\"ListItem\",\"position\":2,\"name\":\"Products\",\"item\":\"https:\\\/\\\/renaud-reynek.com\\\/en\\\/shop\\\/\"},{\"@type\":\"ListItem\",\"position\":3,\"name\":\"Bohuslav REYNEK:Podzimn\u00ed moty\u0301li \u2013 Papillons d\u2019automne.[Autumn Butterflies].2018\"}]},{\"@type\":\"WebSite\",\"@id\":\"https:\\\/\\\/renaud-reynek.com\\\/en\\\/#website\",\"url\":\"https:\\\/\\\/renaud-reynek.com\\\/en\\\/\",\"name\":\"Association Romarin\",\"description\":\"Les Amis de Suzanne Renaud et Bohuslav Reynek\",\"potentialAction\":[{\"@type\":\"SearchAction\",\"target\":{\"@type\":\"EntryPoint\",\"urlTemplate\":\"https:\\\/\\\/renaud-reynek.com\\\/en\\\/?s={search_term_string}\"},\"query-input\":{\"@type\":\"PropertyValueSpecification\",\"valueRequired\":true,\"valueName\":\"search_term_string\"}}],\"inLanguage\":\"en-US\"}]}<\/script>\n<!-- \/ Yoast SEO plugin. -->","yoast_head_json":{"title":"Association Romarin - Bohuslav REYNEK:Podzimn\u00ed moty\u0301li \u2013 Papillons d\u2019automne.[Autumn Butterflies].2018","description":"Site de l'Association Romarin. D\u00e9couvrez les \u0153uvres du graveur tch\u00e8que Bohuslav Reynek et de Suzanne Renaud, po\u00e8te, son \u00e9pouse grenobloise.","robots":{"index":"index","follow":"follow","max-snippet":"max-snippet:-1","max-image-preview":"max-image-preview:large","max-video-preview":"max-video-preview:-1"},"canonical":"https:\/\/renaud-reynek.com\/en\/catalogue-editorial\/bohuslav-reynek-en\/bohuslav-reynek-podzimni-motyli-papillons-dautomne-2018\/","og_locale":"en_US","og_type":"article","og_title":"Association Romarin - Bohuslav REYNEK:Podzimn\u00ed moty\u0301li \u2013 Papillons d\u2019automne.[Autumn Butterflies].2018","og_description":"Site de l'Association Romarin. D\u00e9couvrez les \u0153uvres du graveur tch\u00e8que Bohuslav Reynek et de Suzanne Renaud, po\u00e8te, son \u00e9pouse grenobloise.","og_url":"https:\/\/renaud-reynek.com\/en\/catalogue-editorial\/bohuslav-reynek-en\/bohuslav-reynek-podzimni-motyli-papillons-dautomne-2018\/","og_site_name":"Association Romarin","article_modified_time":"2021-02-15T03:42:39+00:00","og_image":[{"width":1000,"height":1549,"url":"https:\/\/renaud-reynek.com\/wp-content\/uploads\/2020\/01\/BR_Papillons2018.jpg","type":"image\/jpeg"}],"twitter_card":"summary_large_image","schema":{"@context":"https:\/\/schema.org","@graph":[{"@type":"WebPage","@id":"https:\/\/renaud-reynek.com\/en\/catalogue-editorial\/bohuslav-reynek-en\/bohuslav-reynek-podzimni-motyli-papillons-dautomne-2018\/","url":"https:\/\/renaud-reynek.com\/en\/catalogue-editorial\/bohuslav-reynek-en\/bohuslav-reynek-podzimni-motyli-papillons-dautomne-2018\/","name":"Association Romarin - Bohuslav REYNEK: Podzimn\u00ed moty\u0301li \u2013 Papillons d\u2019automne. [Autumn Butterflies]. 2018","isPartOf":{"@id":"https:\/\/renaud-reynek.com\/en\/#website"},"primaryImageOfPage":{"@id":"https:\/\/renaud-reynek.com\/en\/catalogue-editorial\/bohuslav-reynek-en\/bohuslav-reynek-podzimni-motyli-papillons-dautomne-2018\/#primaryimage"},"image":{"@id":"https:\/\/renaud-reynek.com\/en\/catalogue-editorial\/bohuslav-reynek-en\/bohuslav-reynek-podzimni-motyli-papillons-dautomne-2018\/#primaryimage"},"thumbnailUrl":"https:\/\/renaud-reynek.com\/wp-content\/uploads\/2020\/01\/BR_Papillons2018.jpg","datePublished":"2020-01-10T00:06:20+00:00","dateModified":"2021-02-15T03:42:39+00:00","description":"Site de l'Association Romarin. D\u00e9couvrez les \u0153uvres du graveur tch\u00e8que Bohuslav Reynek et de Suzanne Renaud, po\u00e8te, son \u00e9pouse grenobloise.","breadcrumb":{"@id":"https:\/\/renaud-reynek.com\/en\/catalogue-editorial\/bohuslav-reynek-en\/bohuslav-reynek-podzimni-motyli-papillons-dautomne-2018\/#breadcrumb"},"inLanguage":"en-US","potentialAction":[{"@type":"ReadAction","target":["https:\/\/renaud-reynek.com\/en\/catalogue-editorial\/bohuslav-reynek-en\/bohuslav-reynek-podzimni-motyli-papillons-dautomne-2018\/"]}]},{"@type":"ImageObject","inLanguage":"en-US","@id":"https:\/\/renaud-reynek.com\/en\/catalogue-editorial\/bohuslav-reynek-en\/bohuslav-reynek-podzimni-motyli-papillons-dautomne-2018\/#primaryimage","url":"https:\/\/renaud-reynek.com\/wp-content\/uploads\/2020\/01\/BR_Papillons2018.jpg","contentUrl":"https:\/\/renaud-reynek.com\/wp-content\/uploads\/2020\/01\/BR_Papillons2018.jpg","width":1000,"height":1549},{"@type":"BreadcrumbList","@id":"https:\/\/renaud-reynek.com\/en\/catalogue-editorial\/bohuslav-reynek-en\/bohuslav-reynek-podzimni-motyli-papillons-dautomne-2018\/#breadcrumb","itemListElement":[{"@type":"ListItem","position":1,"name":"Accueil","item":"https:\/\/renaud-reynek.com\/en\/"},{"@type":"ListItem","position":2,"name":"Products","item":"https:\/\/renaud-reynek.com\/en\/shop\/"},{"@type":"ListItem","position":3,"name":"Bohuslav REYNEK:Podzimn\u00ed moty\u0301li \u2013 Papillons d\u2019automne.[Autumn Butterflies].2018"}]},{"@type":"WebSite","@id":"https:\/\/renaud-reynek.com\/en\/#website","url":"https:\/\/renaud-reynek.com\/en\/","name":"Association Romarin","description":"Les Amis de Suzanne Renaud et Bohuslav Reynek","potentialAction":[{"@type":"SearchAction","target":{"@type":"EntryPoint","urlTemplate":"https:\/\/renaud-reynek.com\/en\/?s={search_term_string}"},"query-input":{"@type":"PropertyValueSpecification","valueRequired":true,"valueName":"search_term_string"}}],"inLanguage":"en-US"}]}},"_links":{"self":[{"href":"https:\/\/renaud-reynek.com\/en\/wp-json\/wp\/v2\/product\/6487","targetHints":{"allow":["GET"]}}],"collection":[{"href":"https:\/\/renaud-reynek.com\/en\/wp-json\/wp\/v2\/product"}],"about":[{"href":"https:\/\/renaud-reynek.com\/en\/wp-json\/wp\/v2\/types\/product"}],"replies":[{"embeddable":true,"href":"https:\/\/renaud-reynek.com\/en\/wp-json\/wp\/v2\/comments?post=6487"}],"wp:featuredmedia":[{"embeddable":true,"href":"https:\/\/renaud-reynek.com\/en\/wp-json\/wp\/v2\/media\/1381"}],"wp:attachment":[{"href":"https:\/\/renaud-reynek.com\/en\/wp-json\/wp\/v2\/media?parent=6487"}],"wp:term":[{"taxonomy":"product_brand","embeddable":true,"href":"https:\/\/renaud-reynek.com\/en\/wp-json\/wp\/v2\/product_brand?post=6487"},{"taxonomy":"product_cat","embeddable":true,"href":"https:\/\/renaud-reynek.com\/en\/wp-json\/wp\/v2\/product_cat?post=6487"},{"taxonomy":"product_tag","embeddable":true,"href":"https:\/\/renaud-reynek.com\/en\/wp-json\/wp\/v2\/product_tag?post=6487"}],"curies":[{"name":"wp","href":"https:\/\/api.w.org\/{rel}","templated":true}]}}