{"id":6195,"date":"2020-01-10T01:07:04","date_gmt":"2020-01-10T00:07:04","guid":{"rendered":"https:\/\/renaud-reynek.com\/catalogue-editorial\/uncategorized\/en-bohuslav-reynek-suzanne-renaud-jean-lebrau-andree-appercelle-correspondance-korespondence-2019\/"},"modified":"2021-02-20T17:13:43","modified_gmt":"2021-02-20T16:13:43","slug":"bohuslav-reynek-suzanne-renaud-jean-lebrau-andree-appercelle-correspondance-korespondence-2019","status":"publish","type":"product","link":"https:\/\/renaud-reynek.com\/en\/catalogue-editorial\/suzanne-renaud-en\/bohuslav-reynek-suzanne-renaud-jean-lebrau-andree-appercelle-correspondance-korespondence-2019\/","title":{"rendered":"Bohuslav REYNEK, <br>Suzanne RENAUD, Jean LEBRAU, <br>Andr\u00e9e APPERCELLE: <i>Correspondance \u2013 Korespondence<\/i>.<br>2019"},"content":{"rendered":"<p><strong><em>Format 12,5 x 19 cm.<br \/>\n<\/em><\/strong><strong><em>248 pages. Softbound, illustrated cover.<br \/>\n<\/em><\/strong><strong><em>ISBN : 2\u2013910544\u201319\u20132<\/em><\/strong><\/p>\n<p>Published by Romarin, Grenoble 2019.<br \/>\nBilingual edition in French and Czech.<br \/>\nTranslated from the French by Petr \u0158ezn\u00ed\u010dek.<br \/>\nNotes, chronologies, bibliographies.<br \/>\nColor illustrations: eleven works by B. Reynek.<br \/>\nBlack and white illustration within the text: photographs, facsimiles.<br \/>\nPublished with support from the Ministry of Foreign Affairs<br \/>\nand the Ministry of Culture of the Czech Republic<br \/>\nand the Renaud-Reynek Endowment Fund (France).<\/p>\n","protected":false},"excerpt":{"rendered":"<p>Czech poet and printmaker Bohuslav Reynek (1892-1971) and his wife, poet Suzanne Renaud (1889-1964), wrote many letters to their friends in France from their home in Petrkov, Czechoslovakia. After the Second World War, Renaud and Reynek began corresponding with Jean Lebrau (1891-1983), who was born and died in Moux, and Andr\u00e9e Appercelle, who was born in Grenoble, where she lives. Both poets, one lived in a winemaking village in the Aude, a dry and fragrant region, the other in a city nestling in high, snow-capped mountains. Lebrau, a poet\u2013winemaker and a fervent Catholic, enjoyed visiting the monks at En-Calcat Abbey. Appercelle loves animals, supports communism and travelled to Czechoslovakia in the post-Stalin years. United by their art and sense of beauty, the four poets shared their love of nature and humble creatures, their faith in the human soul and their hope for a better world.<\/p>\n","protected":false},"featured_media":1385,"comment_status":"open","ping_status":"closed","template":"","meta":{"_acf_changed":false},"product_brand":[],"product_cat":[251,209,250,208],"product_tag":[],"class_list":{"0":"post-6195","1":"product","2":"type-product","3":"status-publish","4":"has-post-thumbnail","6":"product_cat-andree-appercelle-en-2","7":"product_cat-bohuslav-reynek-en","8":"product_cat-jean-lebrau-en-2","9":"product_cat-suzanne-renaud-en","11":"first","12":"instock","13":"shipping-taxable","14":"purchasable","15":"product-type-simple"},"acf":[],"yoast_head":"<!-- This site is optimized with the Yoast SEO plugin v27.4 - https:\/\/yoast.com\/product\/yoast-seo-wordpress\/ -->\n<title>Association Romarin - Bohuslav REYNEK, Suzanne RENAUD, Jean LEBRAU, Andr\u00e9e APPERCELLE: Correspondance \u2013 Korespondence.2019<\/title>\n<meta name=\"description\" content=\"Site de l&#039;Association Romarin. D\u00e9couvrez les \u0153uvres du graveur tch\u00e8que Bohuslav Reynek et de Suzanne Renaud, po\u00e8te, son \u00e9pouse grenobloise.\" \/>\n<meta name=\"robots\" content=\"index, follow, max-snippet:-1, max-image-preview:large, max-video-preview:-1\" \/>\n<link rel=\"canonical\" href=\"https:\/\/renaud-reynek.com\/en\/catalogue-editorial\/suzanne-renaud-en\/bohuslav-reynek-suzanne-renaud-jean-lebrau-andree-appercelle-correspondance-korespondence-2019\/\" \/>\n<meta property=\"og:locale\" content=\"en_US\" \/>\n<meta property=\"og:type\" content=\"article\" \/>\n<meta property=\"og:title\" content=\"Association Romarin - Bohuslav REYNEK, Suzanne RENAUD, Jean LEBRAU, Andr\u00e9e APPERCELLE: Correspondance \u2013 Korespondence.2019\" \/>\n<meta property=\"og:description\" content=\"Site de l&#039;Association Romarin. D\u00e9couvrez les \u0153uvres du graveur tch\u00e8que Bohuslav Reynek et de Suzanne Renaud, po\u00e8te, son \u00e9pouse grenobloise.\" \/>\n<meta property=\"og:url\" content=\"https:\/\/renaud-reynek.com\/en\/catalogue-editorial\/suzanne-renaud-en\/bohuslav-reynek-suzanne-renaud-jean-lebrau-andree-appercelle-correspondance-korespondence-2019\/\" \/>\n<meta property=\"og:site_name\" content=\"Association Romarin\" \/>\n<meta property=\"article:modified_time\" content=\"2021-02-20T16:13:43+00:00\" \/>\n<meta property=\"og:image\" content=\"https:\/\/renaud-reynek.com\/wp-content\/uploads\/2020\/01\/BR_Lebrau2019.jpg\" \/>\n\t<meta property=\"og:image:width\" content=\"1000\" \/>\n\t<meta property=\"og:image:height\" content=\"1527\" \/>\n\t<meta property=\"og:image:type\" content=\"image\/jpeg\" \/>\n<meta name=\"twitter:card\" content=\"summary_large_image\" \/>\n<script type=\"application\/ld+json\" class=\"yoast-schema-graph\">{\"@context\":\"https:\\\/\\\/schema.org\",\"@graph\":[{\"@type\":\"WebPage\",\"@id\":\"https:\\\/\\\/renaud-reynek.com\\\/en\\\/catalogue-editorial\\\/suzanne-renaud-en\\\/bohuslav-reynek-suzanne-renaud-jean-lebrau-andree-appercelle-correspondance-korespondence-2019\\\/\",\"url\":\"https:\\\/\\\/renaud-reynek.com\\\/en\\\/catalogue-editorial\\\/suzanne-renaud-en\\\/bohuslav-reynek-suzanne-renaud-jean-lebrau-andree-appercelle-correspondance-korespondence-2019\\\/\",\"name\":\"Association Romarin - Bohuslav REYNEK, Suzanne RENAUD, Jean LEBRAU, Andr\u00e9e APPERCELLE: Correspondance \u2013 Korespondence. 2019\",\"isPartOf\":{\"@id\":\"https:\\\/\\\/renaud-reynek.com\\\/en\\\/#website\"},\"primaryImageOfPage\":{\"@id\":\"https:\\\/\\\/renaud-reynek.com\\\/en\\\/catalogue-editorial\\\/suzanne-renaud-en\\\/bohuslav-reynek-suzanne-renaud-jean-lebrau-andree-appercelle-correspondance-korespondence-2019\\\/#primaryimage\"},\"image\":{\"@id\":\"https:\\\/\\\/renaud-reynek.com\\\/en\\\/catalogue-editorial\\\/suzanne-renaud-en\\\/bohuslav-reynek-suzanne-renaud-jean-lebrau-andree-appercelle-correspondance-korespondence-2019\\\/#primaryimage\"},\"thumbnailUrl\":\"https:\\\/\\\/renaud-reynek.com\\\/wp-content\\\/uploads\\\/2020\\\/01\\\/BR_Lebrau2019.jpg\",\"datePublished\":\"2020-01-10T00:07:04+00:00\",\"dateModified\":\"2021-02-20T16:13:43+00:00\",\"description\":\"Site de l'Association Romarin. D\u00e9couvrez les \u0153uvres du graveur tch\u00e8que Bohuslav Reynek et de Suzanne Renaud, po\u00e8te, son \u00e9pouse grenobloise.\",\"breadcrumb\":{\"@id\":\"https:\\\/\\\/renaud-reynek.com\\\/en\\\/catalogue-editorial\\\/suzanne-renaud-en\\\/bohuslav-reynek-suzanne-renaud-jean-lebrau-andree-appercelle-correspondance-korespondence-2019\\\/#breadcrumb\"},\"inLanguage\":\"en-US\",\"potentialAction\":[{\"@type\":\"ReadAction\",\"target\":[\"https:\\\/\\\/renaud-reynek.com\\\/en\\\/catalogue-editorial\\\/suzanne-renaud-en\\\/bohuslav-reynek-suzanne-renaud-jean-lebrau-andree-appercelle-correspondance-korespondence-2019\\\/\"]}]},{\"@type\":\"ImageObject\",\"inLanguage\":\"en-US\",\"@id\":\"https:\\\/\\\/renaud-reynek.com\\\/en\\\/catalogue-editorial\\\/suzanne-renaud-en\\\/bohuslav-reynek-suzanne-renaud-jean-lebrau-andree-appercelle-correspondance-korespondence-2019\\\/#primaryimage\",\"url\":\"https:\\\/\\\/renaud-reynek.com\\\/wp-content\\\/uploads\\\/2020\\\/01\\\/BR_Lebrau2019.jpg\",\"contentUrl\":\"https:\\\/\\\/renaud-reynek.com\\\/wp-content\\\/uploads\\\/2020\\\/01\\\/BR_Lebrau2019.jpg\",\"width\":1000,\"height\":1527},{\"@type\":\"BreadcrumbList\",\"@id\":\"https:\\\/\\\/renaud-reynek.com\\\/en\\\/catalogue-editorial\\\/suzanne-renaud-en\\\/bohuslav-reynek-suzanne-renaud-jean-lebrau-andree-appercelle-correspondance-korespondence-2019\\\/#breadcrumb\",\"itemListElement\":[{\"@type\":\"ListItem\",\"position\":1,\"name\":\"Accueil\",\"item\":\"https:\\\/\\\/renaud-reynek.com\\\/en\\\/\"},{\"@type\":\"ListItem\",\"position\":2,\"name\":\"Products\",\"item\":\"https:\\\/\\\/renaud-reynek.com\\\/en\\\/shop\\\/\"},{\"@type\":\"ListItem\",\"position\":3,\"name\":\"Bohuslav REYNEK, Suzanne RENAUD, Jean LEBRAU, Andr\u00e9e APPERCELLE: Correspondance \u2013 Korespondence.2019\"}]},{\"@type\":\"WebSite\",\"@id\":\"https:\\\/\\\/renaud-reynek.com\\\/en\\\/#website\",\"url\":\"https:\\\/\\\/renaud-reynek.com\\\/en\\\/\",\"name\":\"Association Romarin\",\"description\":\"Les Amis de Suzanne Renaud et Bohuslav Reynek\",\"potentialAction\":[{\"@type\":\"SearchAction\",\"target\":{\"@type\":\"EntryPoint\",\"urlTemplate\":\"https:\\\/\\\/renaud-reynek.com\\\/en\\\/?s={search_term_string}\"},\"query-input\":{\"@type\":\"PropertyValueSpecification\",\"valueRequired\":true,\"valueName\":\"search_term_string\"}}],\"inLanguage\":\"en-US\"}]}<\/script>\n<!-- \/ Yoast SEO plugin. -->","yoast_head_json":{"title":"Association Romarin - Bohuslav REYNEK, Suzanne RENAUD, Jean LEBRAU, Andr\u00e9e APPERCELLE: Correspondance \u2013 Korespondence.2019","description":"Site de l'Association Romarin. D\u00e9couvrez les \u0153uvres du graveur tch\u00e8que Bohuslav Reynek et de Suzanne Renaud, po\u00e8te, son \u00e9pouse grenobloise.","robots":{"index":"index","follow":"follow","max-snippet":"max-snippet:-1","max-image-preview":"max-image-preview:large","max-video-preview":"max-video-preview:-1"},"canonical":"https:\/\/renaud-reynek.com\/en\/catalogue-editorial\/suzanne-renaud-en\/bohuslav-reynek-suzanne-renaud-jean-lebrau-andree-appercelle-correspondance-korespondence-2019\/","og_locale":"en_US","og_type":"article","og_title":"Association Romarin - Bohuslav REYNEK, Suzanne RENAUD, Jean LEBRAU, Andr\u00e9e APPERCELLE: Correspondance \u2013 Korespondence.2019","og_description":"Site de l'Association Romarin. D\u00e9couvrez les \u0153uvres du graveur tch\u00e8que Bohuslav Reynek et de Suzanne Renaud, po\u00e8te, son \u00e9pouse grenobloise.","og_url":"https:\/\/renaud-reynek.com\/en\/catalogue-editorial\/suzanne-renaud-en\/bohuslav-reynek-suzanne-renaud-jean-lebrau-andree-appercelle-correspondance-korespondence-2019\/","og_site_name":"Association Romarin","article_modified_time":"2021-02-20T16:13:43+00:00","og_image":[{"width":1000,"height":1527,"url":"https:\/\/renaud-reynek.com\/wp-content\/uploads\/2020\/01\/BR_Lebrau2019.jpg","type":"image\/jpeg"}],"twitter_card":"summary_large_image","schema":{"@context":"https:\/\/schema.org","@graph":[{"@type":"WebPage","@id":"https:\/\/renaud-reynek.com\/en\/catalogue-editorial\/suzanne-renaud-en\/bohuslav-reynek-suzanne-renaud-jean-lebrau-andree-appercelle-correspondance-korespondence-2019\/","url":"https:\/\/renaud-reynek.com\/en\/catalogue-editorial\/suzanne-renaud-en\/bohuslav-reynek-suzanne-renaud-jean-lebrau-andree-appercelle-correspondance-korespondence-2019\/","name":"Association Romarin - Bohuslav REYNEK, Suzanne RENAUD, Jean LEBRAU, Andr\u00e9e APPERCELLE: Correspondance \u2013 Korespondence. 2019","isPartOf":{"@id":"https:\/\/renaud-reynek.com\/en\/#website"},"primaryImageOfPage":{"@id":"https:\/\/renaud-reynek.com\/en\/catalogue-editorial\/suzanne-renaud-en\/bohuslav-reynek-suzanne-renaud-jean-lebrau-andree-appercelle-correspondance-korespondence-2019\/#primaryimage"},"image":{"@id":"https:\/\/renaud-reynek.com\/en\/catalogue-editorial\/suzanne-renaud-en\/bohuslav-reynek-suzanne-renaud-jean-lebrau-andree-appercelle-correspondance-korespondence-2019\/#primaryimage"},"thumbnailUrl":"https:\/\/renaud-reynek.com\/wp-content\/uploads\/2020\/01\/BR_Lebrau2019.jpg","datePublished":"2020-01-10T00:07:04+00:00","dateModified":"2021-02-20T16:13:43+00:00","description":"Site de l'Association Romarin. D\u00e9couvrez les \u0153uvres du graveur tch\u00e8que Bohuslav Reynek et de Suzanne Renaud, po\u00e8te, son \u00e9pouse grenobloise.","breadcrumb":{"@id":"https:\/\/renaud-reynek.com\/en\/catalogue-editorial\/suzanne-renaud-en\/bohuslav-reynek-suzanne-renaud-jean-lebrau-andree-appercelle-correspondance-korespondence-2019\/#breadcrumb"},"inLanguage":"en-US","potentialAction":[{"@type":"ReadAction","target":["https:\/\/renaud-reynek.com\/en\/catalogue-editorial\/suzanne-renaud-en\/bohuslav-reynek-suzanne-renaud-jean-lebrau-andree-appercelle-correspondance-korespondence-2019\/"]}]},{"@type":"ImageObject","inLanguage":"en-US","@id":"https:\/\/renaud-reynek.com\/en\/catalogue-editorial\/suzanne-renaud-en\/bohuslav-reynek-suzanne-renaud-jean-lebrau-andree-appercelle-correspondance-korespondence-2019\/#primaryimage","url":"https:\/\/renaud-reynek.com\/wp-content\/uploads\/2020\/01\/BR_Lebrau2019.jpg","contentUrl":"https:\/\/renaud-reynek.com\/wp-content\/uploads\/2020\/01\/BR_Lebrau2019.jpg","width":1000,"height":1527},{"@type":"BreadcrumbList","@id":"https:\/\/renaud-reynek.com\/en\/catalogue-editorial\/suzanne-renaud-en\/bohuslav-reynek-suzanne-renaud-jean-lebrau-andree-appercelle-correspondance-korespondence-2019\/#breadcrumb","itemListElement":[{"@type":"ListItem","position":1,"name":"Accueil","item":"https:\/\/renaud-reynek.com\/en\/"},{"@type":"ListItem","position":2,"name":"Products","item":"https:\/\/renaud-reynek.com\/en\/shop\/"},{"@type":"ListItem","position":3,"name":"Bohuslav REYNEK, Suzanne RENAUD, Jean LEBRAU, Andr\u00e9e APPERCELLE: Correspondance \u2013 Korespondence.2019"}]},{"@type":"WebSite","@id":"https:\/\/renaud-reynek.com\/en\/#website","url":"https:\/\/renaud-reynek.com\/en\/","name":"Association Romarin","description":"Les Amis de Suzanne Renaud et Bohuslav Reynek","potentialAction":[{"@type":"SearchAction","target":{"@type":"EntryPoint","urlTemplate":"https:\/\/renaud-reynek.com\/en\/?s={search_term_string}"},"query-input":{"@type":"PropertyValueSpecification","valueRequired":true,"valueName":"search_term_string"}}],"inLanguage":"en-US"}]}},"_links":{"self":[{"href":"https:\/\/renaud-reynek.com\/en\/wp-json\/wp\/v2\/product\/6195","targetHints":{"allow":["GET"]}}],"collection":[{"href":"https:\/\/renaud-reynek.com\/en\/wp-json\/wp\/v2\/product"}],"about":[{"href":"https:\/\/renaud-reynek.com\/en\/wp-json\/wp\/v2\/types\/product"}],"replies":[{"embeddable":true,"href":"https:\/\/renaud-reynek.com\/en\/wp-json\/wp\/v2\/comments?post=6195"}],"wp:featuredmedia":[{"embeddable":true,"href":"https:\/\/renaud-reynek.com\/en\/wp-json\/wp\/v2\/media\/1385"}],"wp:attachment":[{"href":"https:\/\/renaud-reynek.com\/en\/wp-json\/wp\/v2\/media?parent=6195"}],"wp:term":[{"taxonomy":"product_brand","embeddable":true,"href":"https:\/\/renaud-reynek.com\/en\/wp-json\/wp\/v2\/product_brand?post=6195"},{"taxonomy":"product_cat","embeddable":true,"href":"https:\/\/renaud-reynek.com\/en\/wp-json\/wp\/v2\/product_cat?post=6195"},{"taxonomy":"product_tag","embeddable":true,"href":"https:\/\/renaud-reynek.com\/en\/wp-json\/wp\/v2\/product_tag?post=6195"}],"curies":[{"name":"wp","href":"https:\/\/api.w.org\/{rel}","templated":true}]}}