{"id":7582,"date":"2021-06-13T15:51:24","date_gmt":"2021-06-13T13:51:24","guid":{"rendered":"https:\/\/renaud-reynek.com\/?page_id=7582"},"modified":"2021-06-13T15:51:25","modified_gmt":"2021-06-13T13:51:25","slug":"forthcoming","status":"publish","type":"page","link":"https:\/\/renaud-reynek.com\/en\/news\/forthcoming\/","title":{"rendered":"Forthcoming"},"content":{"rendered":"\t\t<div data-elementor-type=\"wp-page\" data-elementor-id=\"7582\" class=\"elementor elementor-7582 elementor-7580\" data-elementor-post-type=\"page\">\n\t\t\t\t\t\t<section class=\"elementor-section elementor-top-section elementor-element elementor-element-81fe89a elementor-section-height-min-height elementor-section-boxed elementor-section-height-default elementor-section-items-middle\" data-id=\"81fe89a\" data-element_type=\"section\" data-e-type=\"section\" data-settings=\"{&quot;background_background&quot;:&quot;classic&quot;}\">\n\t\t\t\t\t\t<div class=\"elementor-container elementor-column-gap-default\">\n\t\t\t\t\t<div class=\"elementor-column elementor-col-100 elementor-top-column elementor-element elementor-element-d2f7328\" data-id=\"d2f7328\" data-element_type=\"column\" data-e-type=\"column\">\n\t\t\t<div class=\"elementor-widget-wrap elementor-element-populated\">\n\t\t\t\t\t\t<div class=\"elementor-element elementor-element-5f00180 elementor-align-left elementor-widget elementor-widget-breadcrumbs\" data-id=\"5f00180\" data-element_type=\"widget\" data-e-type=\"widget\" data-widget_type=\"breadcrumbs.default\">\n\t\t\t\t<div class=\"elementor-widget-container\">\n\t\t\t\t\t<p id=\"breadcrumbs\">\tVous \u00eates ici :\n<span><span><a href=\"https:\/\/renaud-reynek.com\/en\/\">Accueil<\/a><\/span><\/span><\/p>\t\t\t\t<\/div>\n\t\t\t\t<\/div>\n\t\t\t\t<div class=\"elementor-element elementor-element-16fd92a elementor-widget elementor-widget-heading\" data-id=\"16fd92a\" data-element_type=\"widget\" data-e-type=\"widget\" data-widget_type=\"heading.default\">\n\t\t\t\t<div class=\"elementor-widget-container\">\n\t\t\t\t\t<h2 class=\"elementor-heading-title elementor-size-default\">News<\/h2>\t\t\t\t<\/div>\n\t\t\t\t<\/div>\n\t\t\t\t<div class=\"elementor-element elementor-element-3ea4f6d elementor-widget elementor-widget-heading\" data-id=\"3ea4f6d\" data-element_type=\"widget\" data-e-type=\"widget\" data-widget_type=\"heading.default\">\n\t\t\t\t<div class=\"elementor-widget-container\">\n\t\t\t\t\t<h3 class=\"elementor-heading-title elementor-size-default\">The Friends of Suzanne Renaud and Bohuslav Reynek<\/h3>\t\t\t\t<\/div>\n\t\t\t\t<\/div>\n\t\t\t\t\t<\/div>\n\t\t<\/div>\n\t\t\t\t\t<\/div>\n\t\t<\/section>\n\t\t\t\t<section class=\"elementor-section elementor-top-section elementor-element elementor-element-115e6ca elementor-section-boxed elementor-section-height-default elementor-section-height-default\" data-id=\"115e6ca\" data-element_type=\"section\" data-e-type=\"section\">\n\t\t\t\t\t\t<div class=\"elementor-container elementor-column-gap-default\">\n\t\t\t\t\t<div class=\"elementor-column elementor-col-50 elementor-top-column elementor-element elementor-element-ca13fb7\" data-id=\"ca13fb7\" data-element_type=\"column\" data-e-type=\"column\" id=\"sticky\">\n\t\t\t<div class=\"elementor-widget-wrap elementor-element-populated\">\n\t\t\t\t\t\t<div class=\"elementor-element elementor-element-978dac6 elementor-widget elementor-widget-global elementor-global-1129 elementor-widget-wp-widget-nav_menu\" data-id=\"978dac6\" data-element_type=\"widget\" data-e-type=\"widget\" data-widget_type=\"wp-widget-nav_menu.default\">\n\t\t\t\t<div class=\"elementor-widget-container\">\n\t\t\t\t\t<nav class=\"menu-menu-sidebar-anglais-container\" aria-label=\"Menu\"><ul id=\"menu-menu-sidebar-anglais\" class=\"menu\"><li id=\"menu-item-4429\" class=\"menu-item menu-item-type-post_type menu-item-object-page menu-item-has-children menu-item-4429\"><a href=\"https:\/\/renaud-reynek.com\/en\/suzanne-renaud\/\"><span style=\"text-decoration: underline; color: #191970\">Suzanne RENAUD<\/span><\/a>\n<ul class=\"sub-menu\">\n\t<li id=\"menu-item-5345\" class=\"menu-item menu-item-type-post_type menu-item-object-page menu-item-5345\"><a href=\"https:\/\/renaud-reynek.com\/en\/suzanne-renaud\/suzanne-renaud-key-dates\/\">Key dates<\/a><\/li>\n\t<li id=\"menu-item-5445\" class=\"menu-item menu-item-type-post_type menu-item-object-page menu-item-5445\"><a href=\"https:\/\/renaud-reynek.com\/en\/suzanne-renaud\/suzanne-renaud-the-literary-work\/\">The literary work<\/a><\/li>\n\t<li id=\"menu-item-5545\" class=\"menu-item menu-item-type-post_type menu-item-object-page menu-item-5545\"><a href=\"https:\/\/renaud-reynek.com\/en\/suzanne-renaud\/suzanne-renaud-poems\/\">Poems<\/a><\/li>\n<\/ul>\n<\/li>\n<li id=\"menu-item-4430\" class=\"sidebar-titre menu-item menu-item-type-post_type menu-item-object-page menu-item-has-children menu-item-4430\"><a href=\"https:\/\/renaud-reynek.com\/en\/bohuslav-reynek\/\"><span style=\"text-decoration: underline; color: #191970\">Bohuslav Reynek<\/span><\/a>\n<ul class=\"sub-menu\">\n\t<li id=\"menu-item-5346\" class=\"menu-item menu-item-type-post_type menu-item-object-page menu-item-5346\"><a href=\"https:\/\/renaud-reynek.com\/en\/bohuslav-reynek\/key-dates\/\">Key dates<\/a><\/li>\n\t<li id=\"menu-item-5614\" class=\"menu-item menu-item-type-post_type menu-item-object-page menu-item-5614\"><a href=\"https:\/\/renaud-reynek.com\/en\/bohuslav-reynek\/bohuslav-reynek-the-literary-work\/\">The literary work<\/a><\/li>\n\t<li id=\"menu-item-5645\" class=\"menu-item menu-item-type-post_type menu-item-object-page menu-item-5645\"><a href=\"https:\/\/renaud-reynek.com\/en\/bohuslav-reynek\/bohuslav-reynek-poems\/\">Poems<\/a><\/li>\n\t<li id=\"menu-item-4431\" class=\"menu-item menu-item-type-post_type menu-item-object-page menu-item-4431\"><a href=\"https:\/\/renaud-reynek.com\/en\/bohuslav-reynek\/bohuslav-reynek-the-graphic-work\/\">The Graphic Work<\/a><\/li>\n\t<li id=\"menu-item-4432\" class=\"menu-item menu-item-type-post_type menu-item-object-page menu-item-4432\"><a href=\"https:\/\/renaud-reynek.com\/en\/bohuslav-reynek\/bohuslav-reynek-catalogue-raisonne\/\">Catalogue raisonn\u00e9<\/a><\/li>\n<\/ul>\n<\/li>\n<li id=\"menu-item-6143\" class=\"menu-item menu-item-type-post_type menu-item-object-page menu-item-6143\"><a href=\"https:\/\/renaud-reynek.com\/en\/catalogue-of-publications\/\"><span style=\"text-decoration: underline; color: #191970\">Catalogue of publications<\/span><\/a><\/li>\n<li id=\"menu-item-4440\" class=\"sidebar-titre menu-item menu-item-type-post_type menu-item-object-page menu-item-has-children menu-item-4440\"><a href=\"https:\/\/renaud-reynek.com\/en\/news\/\"><span style=\"text-decoration: underline; color: #191970\">News<\/span><\/a>\n<ul class=\"sub-menu\">\n\t<li id=\"menu-item-7712\" class=\"menu-item menu-item-type-post_type menu-item-object-page menu-item-7712\"><a href=\"https:\/\/renaud-reynek.com\/en\/news\/forthcoming\/\">Forthcoming<\/a><\/li>\n\t<li id=\"menu-item-7713\" class=\"menu-item menu-item-type-post_type menu-item-object-page menu-item-7713\"><a href=\"https:\/\/renaud-reynek.com\/en\/news\/news\/\">News<\/a><\/li>\n<\/ul>\n<\/li>\n<li id=\"menu-item-4433\" class=\"sidebar-titre menu-item menu-item-type-post_type menu-item-object-page menu-item-has-children menu-item-4433\"><a href=\"https:\/\/renaud-reynek.com\/en\/association-romarin\/\"><span style=\"text-decoration: underline; color: #191970\">Association Romarin<\/span><\/a>\n<ul class=\"sub-menu\">\n\t<li id=\"menu-item-4434\" class=\"menu-item menu-item-type-post_type menu-item-object-page menu-item-4434\"><a href=\"https:\/\/renaud-reynek.com\/en\/association-romarin\/online-publications\/\">Online Publications<\/a><\/li>\n\t<li id=\"menu-item-5659\" class=\"menu-item menu-item-type-post_type menu-item-object-page menu-item-5659\"><a href=\"https:\/\/renaud-reynek.com\/en\/association-romarin\/archives\/\">Romarin &#8211; Archives<\/a><\/li>\n\t<li id=\"menu-item-4435\" class=\"bulletin-adhesion menu-item menu-item-type-custom menu-item-object-custom menu-item-4435\"><a>Become a member<\/a><\/li>\n<\/ul>\n<\/li>\n<li id=\"menu-item-4436\" class=\"sidebar-titre menu-item menu-item-type-post_type menu-item-object-page menu-item-has-children menu-item-4436\"><a href=\"https:\/\/renaud-reynek.com\/en\/renaud-reynek-dotation-fund\/\"><span style=\"text-decoration: underline; color: #191970\">Renaud Reynek Dotation Fund<\/span><\/a>\n<ul class=\"sub-menu\">\n\t<li id=\"menu-item-4437\" class=\"menu-item menu-item-type-post_type menu-item-object-page menu-item-4437\"><a href=\"https:\/\/renaud-reynek.com\/en\/renaud-reynek-dotation-fund\/renaud-reynek-dotation-fund-exhibitions-drr\/\">DRR Exhibitions<\/a><\/li>\n\t<li id=\"menu-item-4438\" class=\"menu-item menu-item-type-post_type menu-item-object-page menu-item-4438\"><a href=\"https:\/\/renaud-reynek.com\/en\/renaud-reynek-dotation-fund\/renaud-reynek-dotation-fund-bibliotheque-drr\/\">DRR Library<\/a><\/li>\n\t<li id=\"menu-item-4439\" class=\"menu-item menu-item-type-post_type menu-item-object-page menu-item-4439\"><a href=\"https:\/\/renaud-reynek.com\/en\/renaud-reynek-dotation-fund\/renaud-reynek-dotation-fund-phototheque-drr\/\">DRR Photo library<\/a><\/li>\n<\/ul>\n<\/li>\n<li id=\"menu-item-4441\" class=\"sidebar-titre menu-item menu-item-type-post_type menu-item-object-page menu-item-4441\"><a href=\"https:\/\/renaud-reynek.com\/en\/contact\/\"><span style=\"text-decoration: underline; color: #191970\">Contact<\/span><\/a><\/li>\n<li id=\"menu-item-4442\" class=\"sidebar-titre menu-item menu-item-type-custom menu-item-object-custom menu-item-4442\"><a><a style=\"text-decoration: underline; color: #191970;\" href=\"http:\/\/catalogue-bohuslavreynek.com\/fmi\/iwp\/cgi?dbpath=%2Ffmi%2Fiwp%2Fcgi%3F-db%3DCatalogue_Reynek%26-startsession&#038;acct=account&#038;name=Web&#038;password=Web&#038;login=Login&#038;-authdb\" target=\"_blank\" rel=\"noopener noreferrer\">Catalogue raisonn\u00e9 Reynek (direct access)<\/a><\/a><\/li>\n<\/ul><\/nav>\t\t\t\t<\/div>\n\t\t\t\t<\/div>\n\t\t\t\t\t<\/div>\n\t\t<\/div>\n\t\t\t\t<div class=\"elementor-column elementor-col-50 elementor-top-column elementor-element elementor-element-9ed03c8\" data-id=\"9ed03c8\" data-element_type=\"column\" data-e-type=\"column\">\n\t\t\t<div class=\"elementor-widget-wrap elementor-element-populated\">\n\t\t\t\t\t\t<section class=\"elementor-section elementor-inner-section elementor-element elementor-element-288c20e elementor-section-boxed elementor-section-height-default elementor-section-height-default\" data-id=\"288c20e\" data-element_type=\"section\" data-e-type=\"section\" id=\"publications-en-ligne\">\n\t\t\t\t\t\t<div class=\"elementor-container elementor-column-gap-default\">\n\t\t\t\t\t<div class=\"elementor-column elementor-col-100 elementor-inner-column elementor-element elementor-element-6e6c394\" data-id=\"6e6c394\" data-element_type=\"column\" data-e-type=\"column\">\n\t\t\t<div class=\"elementor-widget-wrap elementor-element-populated\">\n\t\t\t\t\t\t<div class=\"elementor-element elementor-element-e2d7f8d elementor-widget__width-auto elementor-widget elementor-widget-heading\" data-id=\"e2d7f8d\" data-element_type=\"widget\" data-e-type=\"widget\" data-widget_type=\"heading.default\">\n\t\t\t\t<div class=\"elementor-widget-container\">\n\t\t\t\t\t<h2 class=\"elementor-heading-title elementor-size-default\">Forthcoming<\/h2>\t\t\t\t<\/div>\n\t\t\t\t<\/div>\n\t\t\t\t<div class=\"elementor-element elementor-element-17d7be8 elementor-widget-divider--view-line elementor-widget elementor-widget-divider\" data-id=\"17d7be8\" data-element_type=\"widget\" data-e-type=\"widget\" data-widget_type=\"divider.default\">\n\t\t\t\t<div class=\"elementor-widget-container\">\n\t\t\t\t\t\t\t<div class=\"elementor-divider\">\n\t\t\t<span class=\"elementor-divider-separator\">\n\t\t\t\t\t\t<\/span>\n\t\t<\/div>\n\t\t\t\t\t\t<\/div>\n\t\t\t\t<\/div>\n\t\t\t\t\t<\/div>\n\t\t<\/div>\n\t\t\t\t\t<\/div>\n\t\t<\/section>\n\t\t\t\t<section class=\"elementor-section elementor-inner-section elementor-element elementor-element-b6d28e2 elementor-section-boxed elementor-section-height-default elementor-section-height-default\" data-id=\"b6d28e2\" data-element_type=\"section\" data-e-type=\"section\">\n\t\t\t\t\t\t<div class=\"elementor-container elementor-column-gap-default\">\n\t\t\t\t\t<div class=\"elementor-column elementor-col-100 elementor-inner-column elementor-element elementor-element-c1d6368\" data-id=\"c1d6368\" data-element_type=\"column\" data-e-type=\"column\">\n\t\t\t<div class=\"elementor-widget-wrap elementor-element-populated\">\n\t\t\t\t\t\t\t<\/div>\n\t\t<\/div>\n\t\t\t\t\t<\/div>\n\t\t<\/section>\n\t\t\t\t<section class=\"elementor-section elementor-inner-section elementor-element elementor-element-ac89fe9 elementor-section-boxed elementor-section-height-default elementor-section-height-default\" data-id=\"ac89fe9\" data-element_type=\"section\" data-e-type=\"section\">\n\t\t\t\t\t\t<div class=\"elementor-container elementor-column-gap-default\">\n\t\t\t\t\t<div class=\"elementor-column elementor-col-100 elementor-inner-column elementor-element elementor-element-83e286c\" data-id=\"83e286c\" data-element_type=\"column\" data-e-type=\"column\">\n\t\t\t<div class=\"elementor-widget-wrap elementor-element-populated\">\n\t\t\t\t\t\t<div class=\"elementor-element elementor-element-1063587 elementor-widget elementor-widget-spacer\" data-id=\"1063587\" data-element_type=\"widget\" data-e-type=\"widget\" data-widget_type=\"spacer.default\">\n\t\t\t\t<div class=\"elementor-widget-container\">\n\t\t\t\t\t\t\t<div class=\"elementor-spacer\">\n\t\t\t<div class=\"elementor-spacer-inner\"><\/div>\n\t\t<\/div>\n\t\t\t\t\t\t<\/div>\n\t\t\t\t<\/div>\n\t\t\t\t\t<\/div>\n\t\t<\/div>\n\t\t\t\t\t<\/div>\n\t\t<\/section>\n\t\t\t\t\t<\/div>\n\t\t<\/div>\n\t\t\t\t\t<\/div>\n\t\t<\/section>\n\t\t\t\t<\/div>\n\t\t","protected":false},"excerpt":{"rendered":"<p>News The Friends of Suzanne Renaud and Bohuslav Reynek Forthcoming<\/p>\n","protected":false},"author":1,"featured_media":0,"parent":4391,"menu_order":0,"comment_status":"closed","ping_status":"closed","template":"","meta":{"_acf_changed":false,"footnotes":""},"class_list":["post-7582","page","type-page","status-publish","hentry"],"acf":[],"yoast_head":"<!-- This site is optimized with the Yoast SEO plugin v27.3 - https:\/\/yoast.com\/product\/yoast-seo-wordpress\/ -->\n<title>Les Amis de Suzanne Renaud &amp; Bohuslav Reynek - Forthcoming<\/title>\n<meta name=\"description\" content=\"Site de l&#039;Association Romarin. D\u00e9couvrez les \u0153uvres du graveur tch\u00e8que Bohuslav Reynek et de Suzanne Renaud, po\u00e8te, son \u00e9pouse grenobloise.\" \/>\n<meta name=\"robots\" content=\"index, follow, max-snippet:-1, max-image-preview:large, max-video-preview:-1\" \/>\n<link rel=\"canonical\" href=\"https:\/\/renaud-reynek.com\/en\/news\/forthcoming\/\" \/>\n<meta property=\"og:locale\" content=\"en_US\" \/>\n<meta property=\"og:type\" content=\"article\" \/>\n<meta property=\"og:title\" content=\"Les Amis de Suzanne Renaud &amp; Bohuslav Reynek - Forthcoming\" \/>\n<meta property=\"og:description\" content=\"Site de l&#039;Association Romarin. D\u00e9couvrez les \u0153uvres du graveur tch\u00e8que Bohuslav Reynek et de Suzanne Renaud, po\u00e8te, son \u00e9pouse grenobloise.\" \/>\n<meta property=\"og:url\" content=\"https:\/\/renaud-reynek.com\/en\/news\/forthcoming\/\" \/>\n<meta property=\"og:site_name\" content=\"Association Romarin\" \/>\n<meta property=\"article:modified_time\" content=\"2021-06-13T13:51:25+00:00\" \/>\n<meta name=\"twitter:card\" content=\"summary_large_image\" \/>\n<meta name=\"twitter:label1\" content=\"Est. reading time\" \/>\n\t<meta name=\"twitter:data1\" content=\"1 minute\" \/>\n<script type=\"application\/ld+json\" class=\"yoast-schema-graph\">{\"@context\":\"https:\\\/\\\/schema.org\",\"@graph\":[{\"@type\":\"WebPage\",\"@id\":\"https:\\\/\\\/renaud-reynek.com\\\/en\\\/news\\\/forthcoming\\\/\",\"url\":\"https:\\\/\\\/renaud-reynek.com\\\/en\\\/news\\\/forthcoming\\\/\",\"name\":\"Les Amis de Suzanne Renaud & Bohuslav Reynek - Forthcoming\",\"isPartOf\":{\"@id\":\"https:\\\/\\\/renaud-reynek.com\\\/en\\\/#website\"},\"datePublished\":\"2021-06-13T13:51:24+00:00\",\"dateModified\":\"2021-06-13T13:51:25+00:00\",\"description\":\"Site de l'Association Romarin. D\u00e9couvrez les \u0153uvres du graveur tch\u00e8que Bohuslav Reynek et de Suzanne Renaud, po\u00e8te, son \u00e9pouse grenobloise.\",\"breadcrumb\":{\"@id\":\"https:\\\/\\\/renaud-reynek.com\\\/en\\\/news\\\/forthcoming\\\/#breadcrumb\"},\"inLanguage\":\"en-US\",\"potentialAction\":[{\"@type\":\"ReadAction\",\"target\":[\"https:\\\/\\\/renaud-reynek.com\\\/en\\\/news\\\/forthcoming\\\/\"]}]},{\"@type\":\"BreadcrumbList\",\"@id\":\"https:\\\/\\\/renaud-reynek.com\\\/en\\\/news\\\/forthcoming\\\/#breadcrumb\",\"itemListElement\":[{\"@type\":\"ListItem\",\"position\":1,\"name\":\"Accueil\",\"item\":\"https:\\\/\\\/renaud-reynek.com\\\/en\\\/\"},{\"@type\":\"ListItem\",\"position\":2,\"name\":\"News\",\"item\":\"https:\\\/\\\/renaud-reynek.com\\\/en\\\/news\\\/\"},{\"@type\":\"ListItem\",\"position\":3,\"name\":\"Forthcoming\"}]},{\"@type\":\"WebSite\",\"@id\":\"https:\\\/\\\/renaud-reynek.com\\\/en\\\/#website\",\"url\":\"https:\\\/\\\/renaud-reynek.com\\\/en\\\/\",\"name\":\"Association Romarin\",\"description\":\"Les Amis de Suzanne Renaud et Bohuslav Reynek\",\"potentialAction\":[{\"@type\":\"SearchAction\",\"target\":{\"@type\":\"EntryPoint\",\"urlTemplate\":\"https:\\\/\\\/renaud-reynek.com\\\/en\\\/?s={search_term_string}\"},\"query-input\":{\"@type\":\"PropertyValueSpecification\",\"valueRequired\":true,\"valueName\":\"search_term_string\"}}],\"inLanguage\":\"en-US\"}]}<\/script>\n<!-- \/ Yoast SEO plugin. -->","yoast_head_json":{"title":"Les Amis de Suzanne Renaud & Bohuslav Reynek - Forthcoming","description":"Site de l'Association Romarin. D\u00e9couvrez les \u0153uvres du graveur tch\u00e8que Bohuslav Reynek et de Suzanne Renaud, po\u00e8te, son \u00e9pouse grenobloise.","robots":{"index":"index","follow":"follow","max-snippet":"max-snippet:-1","max-image-preview":"max-image-preview:large","max-video-preview":"max-video-preview:-1"},"canonical":"https:\/\/renaud-reynek.com\/en\/news\/forthcoming\/","og_locale":"en_US","og_type":"article","og_title":"Les Amis de Suzanne Renaud & Bohuslav Reynek - Forthcoming","og_description":"Site de l'Association Romarin. D\u00e9couvrez les \u0153uvres du graveur tch\u00e8que Bohuslav Reynek et de Suzanne Renaud, po\u00e8te, son \u00e9pouse grenobloise.","og_url":"https:\/\/renaud-reynek.com\/en\/news\/forthcoming\/","og_site_name":"Association Romarin","article_modified_time":"2021-06-13T13:51:25+00:00","twitter_card":"summary_large_image","twitter_misc":{"Est. reading time":"1 minute"},"schema":{"@context":"https:\/\/schema.org","@graph":[{"@type":"WebPage","@id":"https:\/\/renaud-reynek.com\/en\/news\/forthcoming\/","url":"https:\/\/renaud-reynek.com\/en\/news\/forthcoming\/","name":"Les Amis de Suzanne Renaud & Bohuslav Reynek - Forthcoming","isPartOf":{"@id":"https:\/\/renaud-reynek.com\/en\/#website"},"datePublished":"2021-06-13T13:51:24+00:00","dateModified":"2021-06-13T13:51:25+00:00","description":"Site de l'Association Romarin. D\u00e9couvrez les \u0153uvres du graveur tch\u00e8que Bohuslav Reynek et de Suzanne Renaud, po\u00e8te, son \u00e9pouse grenobloise.","breadcrumb":{"@id":"https:\/\/renaud-reynek.com\/en\/news\/forthcoming\/#breadcrumb"},"inLanguage":"en-US","potentialAction":[{"@type":"ReadAction","target":["https:\/\/renaud-reynek.com\/en\/news\/forthcoming\/"]}]},{"@type":"BreadcrumbList","@id":"https:\/\/renaud-reynek.com\/en\/news\/forthcoming\/#breadcrumb","itemListElement":[{"@type":"ListItem","position":1,"name":"Accueil","item":"https:\/\/renaud-reynek.com\/en\/"},{"@type":"ListItem","position":2,"name":"News","item":"https:\/\/renaud-reynek.com\/en\/news\/"},{"@type":"ListItem","position":3,"name":"Forthcoming"}]},{"@type":"WebSite","@id":"https:\/\/renaud-reynek.com\/en\/#website","url":"https:\/\/renaud-reynek.com\/en\/","name":"Association Romarin","description":"Les Amis de Suzanne Renaud et Bohuslav Reynek","potentialAction":[{"@type":"SearchAction","target":{"@type":"EntryPoint","urlTemplate":"https:\/\/renaud-reynek.com\/en\/?s={search_term_string}"},"query-input":{"@type":"PropertyValueSpecification","valueRequired":true,"valueName":"search_term_string"}}],"inLanguage":"en-US"}]}},"_links":{"self":[{"href":"https:\/\/renaud-reynek.com\/en\/wp-json\/wp\/v2\/pages\/7582","targetHints":{"allow":["GET"]}}],"collection":[{"href":"https:\/\/renaud-reynek.com\/en\/wp-json\/wp\/v2\/pages"}],"about":[{"href":"https:\/\/renaud-reynek.com\/en\/wp-json\/wp\/v2\/types\/page"}],"author":[{"embeddable":true,"href":"https:\/\/renaud-reynek.com\/en\/wp-json\/wp\/v2\/users\/1"}],"replies":[{"embeddable":true,"href":"https:\/\/renaud-reynek.com\/en\/wp-json\/wp\/v2\/comments?post=7582"}],"version-history":[{"count":0,"href":"https:\/\/renaud-reynek.com\/en\/wp-json\/wp\/v2\/pages\/7582\/revisions"}],"up":[{"embeddable":true,"href":"https:\/\/renaud-reynek.com\/en\/wp-json\/wp\/v2\/pages\/4391"}],"wp:attachment":[{"href":"https:\/\/renaud-reynek.com\/en\/wp-json\/wp\/v2\/media?parent=7582"}],"curies":[{"name":"wp","href":"https:\/\/api.w.org\/{rel}","templated":true}]}}