{"id":4395,"date":"2020-08-07T16:32:22","date_gmt":"2020-08-07T14:32:22","guid":{"rendered":"https:\/\/renaud-reynek.com\/association-romarin\/online-publications\/"},"modified":"2021-02-04T05:16:51","modified_gmt":"2021-02-04T04:16:51","slug":"online-publications","status":"publish","type":"page","link":"https:\/\/renaud-reynek.com\/en\/association-romarin\/online-publications\/","title":{"rendered":"Online Publications"},"content":{"rendered":"\t\t<div data-elementor-type=\"wp-page\" data-elementor-id=\"4395\" class=\"elementor elementor-4395 elementor-1697\" data-elementor-post-type=\"page\">\n\t\t\t\t\t\t<section class=\"elementor-section elementor-top-section elementor-element elementor-element-8c3418d elementor-section-height-min-height elementor-section-boxed elementor-section-height-default elementor-section-items-middle\" data-id=\"8c3418d\" data-element_type=\"section\" data-e-type=\"section\" data-settings=\"{&quot;background_background&quot;:&quot;classic&quot;}\">\n\t\t\t\t\t\t<div class=\"elementor-container elementor-column-gap-default\">\n\t\t\t\t\t<div class=\"elementor-column elementor-col-100 elementor-top-column elementor-element elementor-element-af5530b\" data-id=\"af5530b\" data-element_type=\"column\" data-e-type=\"column\">\n\t\t\t<div class=\"elementor-widget-wrap elementor-element-populated\">\n\t\t\t\t\t\t<div class=\"elementor-element elementor-element-012b144 elementor-align-left elementor-widget elementor-widget-breadcrumbs\" data-id=\"012b144\" data-element_type=\"widget\" data-e-type=\"widget\" data-widget_type=\"breadcrumbs.default\">\n\t\t\t\t<div class=\"elementor-widget-container\">\n\t\t\t\t\t<p id=\"breadcrumbs\">\tVous \u00eates ici :\n<span><span><a href=\"https:\/\/renaud-reynek.com\/en\/\">Accueil<\/a><\/span><\/span><\/p>\t\t\t\t<\/div>\n\t\t\t\t<\/div>\n\t\t\t\t<div class=\"elementor-element elementor-element-96809c7 elementor-widget elementor-widget-heading\" data-id=\"96809c7\" data-element_type=\"widget\" data-e-type=\"widget\" data-widget_type=\"heading.default\">\n\t\t\t\t<div class=\"elementor-widget-container\">\n\t\t\t\t\t<h2 class=\"elementor-heading-title elementor-size-default\">Association Romarin<\/h2>\t\t\t\t<\/div>\n\t\t\t\t<\/div>\n\t\t\t\t<div class=\"elementor-element elementor-element-156aa30 elementor-widget elementor-widget-heading\" data-id=\"156aa30\" data-element_type=\"widget\" data-e-type=\"widget\" data-widget_type=\"heading.default\">\n\t\t\t\t<div class=\"elementor-widget-container\">\n\t\t\t\t\t<h3 class=\"elementor-heading-title elementor-size-default\">The Friends of Suzanne Renaud and Bohuslav Reynek<\/h3>\t\t\t\t<\/div>\n\t\t\t\t<\/div>\n\t\t\t\t\t<\/div>\n\t\t<\/div>\n\t\t\t\t\t<\/div>\n\t\t<\/section>\n\t\t\t\t<section class=\"elementor-section elementor-top-section elementor-element elementor-element-115e6ca elementor-section-boxed elementor-section-height-default elementor-section-height-default\" data-id=\"115e6ca\" data-element_type=\"section\" data-e-type=\"section\">\n\t\t\t\t\t\t<div class=\"elementor-container elementor-column-gap-default\">\n\t\t\t\t\t<div class=\"elementor-column elementor-col-50 elementor-top-column elementor-element elementor-element-ca13fb7\" data-id=\"ca13fb7\" data-element_type=\"column\" data-e-type=\"column\" id=\"sticky\">\n\t\t\t<div class=\"elementor-widget-wrap elementor-element-populated\">\n\t\t\t\t\t\t<div class=\"elementor-element elementor-element-3bd0c07 elementor-widget elementor-widget-global elementor-global-1129 elementor-widget-wp-widget-nav_menu\" data-id=\"3bd0c07\" data-element_type=\"widget\" data-e-type=\"widget\" data-widget_type=\"wp-widget-nav_menu.default\">\n\t\t\t\t<div class=\"elementor-widget-container\">\n\t\t\t\t\t<nav class=\"menu-menu-sidebar-anglais-container\" aria-label=\"Menu\"><ul id=\"menu-menu-sidebar-anglais\" class=\"menu\"><li id=\"menu-item-4429\" class=\"menu-item menu-item-type-post_type menu-item-object-page menu-item-has-children menu-item-4429\"><a href=\"https:\/\/renaud-reynek.com\/en\/suzanne-renaud\/\"><span style=\"text-decoration: underline; color: #191970\">Suzanne RENAUD<\/span><\/a>\n<ul class=\"sub-menu\">\n\t<li id=\"menu-item-5345\" class=\"menu-item menu-item-type-post_type menu-item-object-page menu-item-5345\"><a href=\"https:\/\/renaud-reynek.com\/en\/suzanne-renaud\/suzanne-renaud-key-dates\/\">Key dates<\/a><\/li>\n\t<li id=\"menu-item-5445\" class=\"menu-item menu-item-type-post_type menu-item-object-page menu-item-5445\"><a href=\"https:\/\/renaud-reynek.com\/en\/suzanne-renaud\/suzanne-renaud-the-literary-work\/\">The literary work<\/a><\/li>\n\t<li id=\"menu-item-5545\" class=\"menu-item menu-item-type-post_type menu-item-object-page menu-item-5545\"><a href=\"https:\/\/renaud-reynek.com\/en\/suzanne-renaud\/suzanne-renaud-poems\/\">Poems<\/a><\/li>\n<\/ul>\n<\/li>\n<li id=\"menu-item-4430\" class=\"sidebar-titre menu-item menu-item-type-post_type menu-item-object-page menu-item-has-children menu-item-4430\"><a href=\"https:\/\/renaud-reynek.com\/en\/bohuslav-reynek\/\"><span style=\"text-decoration: underline; color: #191970\">Bohuslav Reynek<\/span><\/a>\n<ul class=\"sub-menu\">\n\t<li id=\"menu-item-5346\" class=\"menu-item menu-item-type-post_type menu-item-object-page menu-item-5346\"><a href=\"https:\/\/renaud-reynek.com\/en\/bohuslav-reynek\/key-dates\/\">Key dates<\/a><\/li>\n\t<li id=\"menu-item-5614\" class=\"menu-item menu-item-type-post_type menu-item-object-page menu-item-5614\"><a href=\"https:\/\/renaud-reynek.com\/en\/bohuslav-reynek\/bohuslav-reynek-the-literary-work\/\">The literary work<\/a><\/li>\n\t<li id=\"menu-item-5645\" class=\"menu-item menu-item-type-post_type menu-item-object-page menu-item-5645\"><a href=\"https:\/\/renaud-reynek.com\/en\/bohuslav-reynek\/bohuslav-reynek-poems\/\">Poems<\/a><\/li>\n\t<li id=\"menu-item-4431\" class=\"menu-item menu-item-type-post_type menu-item-object-page menu-item-4431\"><a href=\"https:\/\/renaud-reynek.com\/en\/bohuslav-reynek\/bohuslav-reynek-the-graphic-work\/\">The Graphic Work<\/a><\/li>\n\t<li id=\"menu-item-4432\" class=\"menu-item menu-item-type-post_type menu-item-object-page menu-item-4432\"><a href=\"https:\/\/renaud-reynek.com\/en\/bohuslav-reynek\/bohuslav-reynek-catalogue-raisonne\/\">Catalogue raisonn\u00e9<\/a><\/li>\n<\/ul>\n<\/li>\n<li id=\"menu-item-6143\" class=\"menu-item menu-item-type-post_type menu-item-object-page menu-item-6143\"><a href=\"https:\/\/renaud-reynek.com\/en\/catalogue-of-publications\/\"><span style=\"text-decoration: underline; color: #191970\">Catalogue of publications<\/span><\/a><\/li>\n<li id=\"menu-item-4440\" class=\"sidebar-titre menu-item menu-item-type-post_type menu-item-object-page menu-item-has-children menu-item-4440\"><a href=\"https:\/\/renaud-reynek.com\/en\/news\/\"><span style=\"text-decoration: underline; color: #191970\">News<\/span><\/a>\n<ul class=\"sub-menu\">\n\t<li id=\"menu-item-7712\" class=\"menu-item menu-item-type-post_type menu-item-object-page menu-item-7712\"><a href=\"https:\/\/renaud-reynek.com\/en\/news\/forthcoming\/\">Forthcoming<\/a><\/li>\n\t<li id=\"menu-item-7713\" class=\"menu-item menu-item-type-post_type menu-item-object-page menu-item-7713\"><a href=\"https:\/\/renaud-reynek.com\/en\/news\/news\/\">News<\/a><\/li>\n<\/ul>\n<\/li>\n<li id=\"menu-item-4433\" class=\"sidebar-titre menu-item menu-item-type-post_type menu-item-object-page menu-item-has-children menu-item-4433\"><a href=\"https:\/\/renaud-reynek.com\/en\/association-romarin\/\"><span style=\"text-decoration: underline; color: #191970\">Association Romarin<\/span><\/a>\n<ul class=\"sub-menu\">\n\t<li id=\"menu-item-4434\" class=\"menu-item menu-item-type-post_type menu-item-object-page menu-item-4434\"><a href=\"https:\/\/renaud-reynek.com\/en\/association-romarin\/online-publications\/\">Online Publications<\/a><\/li>\n\t<li id=\"menu-item-5659\" class=\"menu-item menu-item-type-post_type menu-item-object-page menu-item-5659\"><a href=\"https:\/\/renaud-reynek.com\/en\/association-romarin\/archives\/\">Romarin &#8211; Archives<\/a><\/li>\n\t<li id=\"menu-item-4435\" class=\"bulletin-adhesion menu-item menu-item-type-custom menu-item-object-custom menu-item-4435\"><a>Become a member<\/a><\/li>\n<\/ul>\n<\/li>\n<li id=\"menu-item-4436\" class=\"sidebar-titre menu-item menu-item-type-post_type menu-item-object-page menu-item-has-children menu-item-4436\"><a href=\"https:\/\/renaud-reynek.com\/en\/renaud-reynek-dotation-fund\/\"><span style=\"text-decoration: underline; color: #191970\">Renaud Reynek Dotation Fund<\/span><\/a>\n<ul class=\"sub-menu\">\n\t<li id=\"menu-item-4437\" class=\"menu-item menu-item-type-post_type menu-item-object-page menu-item-4437\"><a href=\"https:\/\/renaud-reynek.com\/en\/renaud-reynek-dotation-fund\/renaud-reynek-dotation-fund-exhibitions-drr\/\">DRR Exhibitions<\/a><\/li>\n\t<li id=\"menu-item-4438\" class=\"menu-item menu-item-type-post_type menu-item-object-page menu-item-4438\"><a href=\"https:\/\/renaud-reynek.com\/en\/renaud-reynek-dotation-fund\/renaud-reynek-dotation-fund-bibliotheque-drr\/\">DRR Library<\/a><\/li>\n\t<li id=\"menu-item-4439\" class=\"menu-item menu-item-type-post_type menu-item-object-page menu-item-4439\"><a href=\"https:\/\/renaud-reynek.com\/en\/renaud-reynek-dotation-fund\/renaud-reynek-dotation-fund-phototheque-drr\/\">DRR Photo library<\/a><\/li>\n<\/ul>\n<\/li>\n<li id=\"menu-item-4441\" class=\"sidebar-titre menu-item menu-item-type-post_type menu-item-object-page menu-item-4441\"><a href=\"https:\/\/renaud-reynek.com\/en\/contact\/\"><span style=\"text-decoration: underline; color: #191970\">Contact<\/span><\/a><\/li>\n<li id=\"menu-item-4442\" class=\"sidebar-titre menu-item menu-item-type-custom menu-item-object-custom menu-item-4442\"><a><a style=\"text-decoration: underline; color: #191970;\" href=\"http:\/\/catalogue-bohuslavreynek.com\/fmi\/iwp\/cgi?dbpath=%2Ffmi%2Fiwp%2Fcgi%3F-db%3DCatalogue_Reynek%26-startsession&#038;acct=account&#038;name=Web&#038;password=Web&#038;login=Login&#038;-authdb\" target=\"_blank\" rel=\"noopener noreferrer\">Catalogue raisonn\u00e9 Reynek (direct access)<\/a><\/a><\/li>\n<\/ul><\/nav>\t\t\t\t<\/div>\n\t\t\t\t<\/div>\n\t\t\t\t\t<\/div>\n\t\t<\/div>\n\t\t\t\t<div class=\"elementor-column elementor-col-50 elementor-top-column elementor-element elementor-element-9ed03c8\" data-id=\"9ed03c8\" data-element_type=\"column\" data-e-type=\"column\">\n\t\t\t<div class=\"elementor-widget-wrap elementor-element-populated\">\n\t\t\t\t\t\t<section class=\"elementor-section elementor-inner-section elementor-element elementor-element-288c20e elementor-section-boxed elementor-section-height-default elementor-section-height-default\" data-id=\"288c20e\" data-element_type=\"section\" data-e-type=\"section\" id=\"publications-en-ligne\">\n\t\t\t\t\t\t<div class=\"elementor-container elementor-column-gap-default\">\n\t\t\t\t\t<div class=\"elementor-column elementor-col-100 elementor-inner-column elementor-element elementor-element-6e6c394\" data-id=\"6e6c394\" data-element_type=\"column\" data-e-type=\"column\">\n\t\t\t<div class=\"elementor-widget-wrap elementor-element-populated\">\n\t\t\t\t\t\t<div class=\"elementor-element elementor-element-e2d7f8d elementor-widget__width-auto elementor-widget elementor-widget-heading\" data-id=\"e2d7f8d\" data-element_type=\"widget\" data-e-type=\"widget\" data-widget_type=\"heading.default\">\n\t\t\t\t<div class=\"elementor-widget-container\">\n\t\t\t\t\t<h2 class=\"elementor-heading-title elementor-size-default\">Online Publications<\/h2>\t\t\t\t<\/div>\n\t\t\t\t<\/div>\n\t\t\t\t<div class=\"elementor-element elementor-element-17d7be8 elementor-widget-divider--view-line elementor-widget elementor-widget-divider\" data-id=\"17d7be8\" data-element_type=\"widget\" data-e-type=\"widget\" data-widget_type=\"divider.default\">\n\t\t\t\t<div class=\"elementor-widget-container\">\n\t\t\t\t\t\t\t<div class=\"elementor-divider\">\n\t\t\t<span class=\"elementor-divider-separator\">\n\t\t\t\t\t\t<\/span>\n\t\t<\/div>\n\t\t\t\t\t\t<\/div>\n\t\t\t\t<\/div>\n\t\t\t\t\t<\/div>\n\t\t<\/div>\n\t\t\t\t\t<\/div>\n\t\t<\/section>\n\t\t\t\t<section class=\"elementor-section elementor-inner-section elementor-element elementor-element-b6d28e2 elementor-section-boxed elementor-section-height-default elementor-section-height-default\" data-id=\"b6d28e2\" data-element_type=\"section\" data-e-type=\"section\">\n\t\t\t\t\t\t<div class=\"elementor-container elementor-column-gap-default\">\n\t\t\t\t\t<div class=\"elementor-column elementor-col-100 elementor-inner-column elementor-element elementor-element-c1d6368\" data-id=\"c1d6368\" data-element_type=\"column\" data-e-type=\"column\">\n\t\t\t<div class=\"elementor-widget-wrap elementor-element-populated\">\n\t\t\t\t\t\t\t<\/div>\n\t\t<\/div>\n\t\t\t\t\t<\/div>\n\t\t<\/section>\n\t\t\t\t<section class=\"elementor-section elementor-inner-section elementor-element elementor-element-ca06716 elementor-section-boxed elementor-section-height-default elementor-section-height-default\" data-id=\"ca06716\" data-element_type=\"section\" data-e-type=\"section\">\n\t\t\t\t\t\t<div class=\"elementor-container elementor-column-gap-default\">\n\t\t\t\t\t<div class=\"elementor-column elementor-col-100 elementor-inner-column elementor-element elementor-element-3527d81\" data-id=\"3527d81\" data-element_type=\"column\" data-e-type=\"column\">\n\t\t\t<div class=\"elementor-widget-wrap elementor-element-populated\">\n\t\t\t\t\t\t<div class=\"elementor-element elementor-element-87d9c2f elementor-widget elementor-widget-spacer\" data-id=\"87d9c2f\" data-element_type=\"widget\" data-e-type=\"widget\" data-widget_type=\"spacer.default\">\n\t\t\t\t<div class=\"elementor-widget-container\">\n\t\t\t\t\t\t\t<div class=\"elementor-spacer\">\n\t\t\t<div class=\"elementor-spacer-inner\"><\/div>\n\t\t<\/div>\n\t\t\t\t\t\t<\/div>\n\t\t\t\t<\/div>\n\t\t\t\t\t<\/div>\n\t\t<\/div>\n\t\t\t\t\t<\/div>\n\t\t<\/section>\n\t\t\t\t\t<\/div>\n\t\t<\/div>\n\t\t\t\t\t<\/div>\n\t\t<\/section>\n\t\t\t\t<\/div>\n\t\t","protected":false},"excerpt":{"rendered":"<p>Association Romarin The Friends of Suzanne Renaud and Bohuslav Reynek Online Publications<\/p>\n","protected":false},"author":1,"featured_media":0,"parent":4363,"menu_order":0,"comment_status":"closed","ping_status":"closed","template":"","meta":{"_acf_changed":false,"footnotes":""},"class_list":["post-4395","page","type-page","status-publish","hentry"],"acf":[],"yoast_head":"<!-- This site is optimized with the Yoast SEO plugin v27.3 - https:\/\/yoast.com\/product\/yoast-seo-wordpress\/ -->\n<title>Les Amis de Suzanne Renaud &amp; Bohuslav Reynek - Online Publications<\/title>\n<meta name=\"description\" content=\"Site de l&#039;Association Romarin. D\u00e9couvrez les \u0153uvres du graveur tch\u00e8que Bohuslav Reynek et de Suzanne Renaud, po\u00e8te, son \u00e9pouse grenobloise.\" \/>\n<meta name=\"robots\" content=\"index, follow, max-snippet:-1, max-image-preview:large, max-video-preview:-1\" \/>\n<link rel=\"canonical\" href=\"https:\/\/renaud-reynek.com\/en\/association-romarin\/online-publications\/\" \/>\n<meta property=\"og:locale\" content=\"en_US\" \/>\n<meta property=\"og:type\" content=\"article\" \/>\n<meta property=\"og:title\" content=\"Les Amis de Suzanne Renaud &amp; Bohuslav Reynek - Online Publications\" \/>\n<meta property=\"og:description\" content=\"Site de l&#039;Association Romarin. D\u00e9couvrez les \u0153uvres du graveur tch\u00e8que Bohuslav Reynek et de Suzanne Renaud, po\u00e8te, son \u00e9pouse grenobloise.\" \/>\n<meta property=\"og:url\" content=\"https:\/\/renaud-reynek.com\/en\/association-romarin\/online-publications\/\" \/>\n<meta property=\"og:site_name\" content=\"Association Romarin\" \/>\n<meta property=\"article:modified_time\" content=\"2021-02-04T04:16:51+00:00\" \/>\n<meta name=\"twitter:card\" content=\"summary_large_image\" \/>\n<script type=\"application\/ld+json\" class=\"yoast-schema-graph\">{\"@context\":\"https:\\\/\\\/schema.org\",\"@graph\":[{\"@type\":\"WebPage\",\"@id\":\"https:\\\/\\\/renaud-reynek.com\\\/en\\\/association-romarin\\\/online-publications\\\/\",\"url\":\"https:\\\/\\\/renaud-reynek.com\\\/en\\\/association-romarin\\\/online-publications\\\/\",\"name\":\"Les Amis de Suzanne Renaud & Bohuslav Reynek - Online Publications\",\"isPartOf\":{\"@id\":\"https:\\\/\\\/renaud-reynek.com\\\/en\\\/#website\"},\"datePublished\":\"2020-08-07T14:32:22+00:00\",\"dateModified\":\"2021-02-04T04:16:51+00:00\",\"description\":\"Site de l'Association Romarin. D\u00e9couvrez les \u0153uvres du graveur tch\u00e8que Bohuslav Reynek et de Suzanne Renaud, po\u00e8te, son \u00e9pouse grenobloise.\",\"breadcrumb\":{\"@id\":\"https:\\\/\\\/renaud-reynek.com\\\/en\\\/association-romarin\\\/online-publications\\\/#breadcrumb\"},\"inLanguage\":\"en-US\",\"potentialAction\":[{\"@type\":\"ReadAction\",\"target\":[\"https:\\\/\\\/renaud-reynek.com\\\/en\\\/association-romarin\\\/online-publications\\\/\"]}]},{\"@type\":\"BreadcrumbList\",\"@id\":\"https:\\\/\\\/renaud-reynek.com\\\/en\\\/association-romarin\\\/online-publications\\\/#breadcrumb\",\"itemListElement\":[{\"@type\":\"ListItem\",\"position\":1,\"name\":\"Accueil\",\"item\":\"https:\\\/\\\/renaud-reynek.com\\\/en\\\/\"},{\"@type\":\"ListItem\",\"position\":2,\"name\":\"Association Romarin\",\"item\":\"https:\\\/\\\/renaud-reynek.com\\\/en\\\/association-romarin\\\/\"},{\"@type\":\"ListItem\",\"position\":3,\"name\":\"Online Publications\"}]},{\"@type\":\"WebSite\",\"@id\":\"https:\\\/\\\/renaud-reynek.com\\\/en\\\/#website\",\"url\":\"https:\\\/\\\/renaud-reynek.com\\\/en\\\/\",\"name\":\"Association Romarin\",\"description\":\"Les Amis de Suzanne Renaud et Bohuslav Reynek\",\"potentialAction\":[{\"@type\":\"SearchAction\",\"target\":{\"@type\":\"EntryPoint\",\"urlTemplate\":\"https:\\\/\\\/renaud-reynek.com\\\/en\\\/?s={search_term_string}\"},\"query-input\":{\"@type\":\"PropertyValueSpecification\",\"valueRequired\":true,\"valueName\":\"search_term_string\"}}],\"inLanguage\":\"en-US\"}]}<\/script>\n<!-- \/ Yoast SEO plugin. -->","yoast_head_json":{"title":"Les Amis de Suzanne Renaud & Bohuslav Reynek - Online Publications","description":"Site de l'Association Romarin. D\u00e9couvrez les \u0153uvres du graveur tch\u00e8que Bohuslav Reynek et de Suzanne Renaud, po\u00e8te, son \u00e9pouse grenobloise.","robots":{"index":"index","follow":"follow","max-snippet":"max-snippet:-1","max-image-preview":"max-image-preview:large","max-video-preview":"max-video-preview:-1"},"canonical":"https:\/\/renaud-reynek.com\/en\/association-romarin\/online-publications\/","og_locale":"en_US","og_type":"article","og_title":"Les Amis de Suzanne Renaud & Bohuslav Reynek - Online Publications","og_description":"Site de l'Association Romarin. D\u00e9couvrez les \u0153uvres du graveur tch\u00e8que Bohuslav Reynek et de Suzanne Renaud, po\u00e8te, son \u00e9pouse grenobloise.","og_url":"https:\/\/renaud-reynek.com\/en\/association-romarin\/online-publications\/","og_site_name":"Association Romarin","article_modified_time":"2021-02-04T04:16:51+00:00","twitter_card":"summary_large_image","schema":{"@context":"https:\/\/schema.org","@graph":[{"@type":"WebPage","@id":"https:\/\/renaud-reynek.com\/en\/association-romarin\/online-publications\/","url":"https:\/\/renaud-reynek.com\/en\/association-romarin\/online-publications\/","name":"Les Amis de Suzanne Renaud & Bohuslav Reynek - Online Publications","isPartOf":{"@id":"https:\/\/renaud-reynek.com\/en\/#website"},"datePublished":"2020-08-07T14:32:22+00:00","dateModified":"2021-02-04T04:16:51+00:00","description":"Site de l'Association Romarin. D\u00e9couvrez les \u0153uvres du graveur tch\u00e8que Bohuslav Reynek et de Suzanne Renaud, po\u00e8te, son \u00e9pouse grenobloise.","breadcrumb":{"@id":"https:\/\/renaud-reynek.com\/en\/association-romarin\/online-publications\/#breadcrumb"},"inLanguage":"en-US","potentialAction":[{"@type":"ReadAction","target":["https:\/\/renaud-reynek.com\/en\/association-romarin\/online-publications\/"]}]},{"@type":"BreadcrumbList","@id":"https:\/\/renaud-reynek.com\/en\/association-romarin\/online-publications\/#breadcrumb","itemListElement":[{"@type":"ListItem","position":1,"name":"Accueil","item":"https:\/\/renaud-reynek.com\/en\/"},{"@type":"ListItem","position":2,"name":"Association Romarin","item":"https:\/\/renaud-reynek.com\/en\/association-romarin\/"},{"@type":"ListItem","position":3,"name":"Online Publications"}]},{"@type":"WebSite","@id":"https:\/\/renaud-reynek.com\/en\/#website","url":"https:\/\/renaud-reynek.com\/en\/","name":"Association Romarin","description":"Les Amis de Suzanne Renaud et Bohuslav Reynek","potentialAction":[{"@type":"SearchAction","target":{"@type":"EntryPoint","urlTemplate":"https:\/\/renaud-reynek.com\/en\/?s={search_term_string}"},"query-input":{"@type":"PropertyValueSpecification","valueRequired":true,"valueName":"search_term_string"}}],"inLanguage":"en-US"}]}},"_links":{"self":[{"href":"https:\/\/renaud-reynek.com\/en\/wp-json\/wp\/v2\/pages\/4395","targetHints":{"allow":["GET"]}}],"collection":[{"href":"https:\/\/renaud-reynek.com\/en\/wp-json\/wp\/v2\/pages"}],"about":[{"href":"https:\/\/renaud-reynek.com\/en\/wp-json\/wp\/v2\/types\/page"}],"author":[{"embeddable":true,"href":"https:\/\/renaud-reynek.com\/en\/wp-json\/wp\/v2\/users\/1"}],"replies":[{"embeddable":true,"href":"https:\/\/renaud-reynek.com\/en\/wp-json\/wp\/v2\/comments?post=4395"}],"version-history":[{"count":0,"href":"https:\/\/renaud-reynek.com\/en\/wp-json\/wp\/v2\/pages\/4395\/revisions"}],"up":[{"embeddable":true,"href":"https:\/\/renaud-reynek.com\/en\/wp-json\/wp\/v2\/pages\/4363"}],"wp:attachment":[{"href":"https:\/\/renaud-reynek.com\/en\/wp-json\/wp\/v2\/media?parent=4395"}],"curies":[{"name":"wp","href":"https:\/\/api.w.org\/{rel}","templated":true}]}}