{"id":4367,"date":"2020-01-07T22:06:13","date_gmt":"2020-01-07T21:06:13","guid":{"rendered":"https:\/\/renaud-reynek.com\/renaud-reynek-dotation-fund\/"},"modified":"2024-09-17T14:04:37","modified_gmt":"2024-09-17T12:04:37","slug":"renaud-reynek-dotation-fund","status":"publish","type":"page","link":"https:\/\/renaud-reynek.com\/en\/renaud-reynek-dotation-fund\/","title":{"rendered":"Renaud Reynek Dotation Fund"},"content":{"rendered":"\t\t<div data-elementor-type=\"wp-page\" data-elementor-id=\"4367\" class=\"elementor elementor-4367 elementor-707\" data-elementor-post-type=\"page\">\n\t\t\t\t\t\t<section class=\"elementor-section elementor-top-section elementor-element elementor-element-81fe89a elementor-section-height-min-height elementor-section-boxed elementor-section-height-default elementor-section-items-middle\" data-id=\"81fe89a\" data-element_type=\"section\" data-e-type=\"section\" data-settings=\"{&quot;background_background&quot;:&quot;classic&quot;}\">\n\t\t\t\t\t\t<div class=\"elementor-container elementor-column-gap-default\">\n\t\t\t\t\t<div class=\"elementor-column elementor-col-100 elementor-top-column elementor-element elementor-element-d2f7328\" data-id=\"d2f7328\" data-element_type=\"column\" data-e-type=\"column\">\n\t\t\t<div class=\"elementor-widget-wrap elementor-element-populated\">\n\t\t\t\t\t\t<div class=\"elementor-element elementor-element-5f00180 elementor-align-left elementor-widget elementor-widget-breadcrumbs\" data-id=\"5f00180\" data-element_type=\"widget\" data-e-type=\"widget\" data-widget_type=\"breadcrumbs.default\">\n\t\t\t\t<div class=\"elementor-widget-container\">\n\t\t\t\t\t<p id=\"breadcrumbs\">\tVous \u00eates ici :\n<span><span><a href=\"https:\/\/renaud-reynek.com\/en\/\">Accueil<\/a><\/span><\/span><\/p>\t\t\t\t<\/div>\n\t\t\t\t<\/div>\n\t\t\t\t<div class=\"elementor-element elementor-element-16fd92a elementor-widget elementor-widget-heading\" data-id=\"16fd92a\" data-element_type=\"widget\" data-e-type=\"widget\" data-widget_type=\"heading.default\">\n\t\t\t\t<div class=\"elementor-widget-container\">\n\t\t\t\t\t<h2 class=\"elementor-heading-title elementor-size-default\">Renaud Reynek Dotation Fund<\/h2>\t\t\t\t<\/div>\n\t\t\t\t<\/div>\n\t\t\t\t<div class=\"elementor-element elementor-element-3ea4f6d elementor-widget elementor-widget-heading\" data-id=\"3ea4f6d\" data-element_type=\"widget\" data-e-type=\"widget\" data-widget_type=\"heading.default\">\n\t\t\t\t<div class=\"elementor-widget-container\">\n\t\t\t\t\t<h3 class=\"elementor-heading-title elementor-size-default\">DRR<\/h3>\t\t\t\t<\/div>\n\t\t\t\t<\/div>\n\t\t\t\t\t<\/div>\n\t\t<\/div>\n\t\t\t\t\t<\/div>\n\t\t<\/section>\n\t\t\t\t<section class=\"elementor-section elementor-top-section elementor-element elementor-element-97f212c elementor-section-boxed elementor-section-height-default elementor-section-height-default\" data-id=\"97f212c\" data-element_type=\"section\" data-e-type=\"section\">\n\t\t\t\t\t\t<div class=\"elementor-container elementor-column-gap-default\">\n\t\t\t\t\t<div class=\"elementor-column elementor-col-50 elementor-top-column elementor-element elementor-element-505068f\" data-id=\"505068f\" data-element_type=\"column\" data-e-type=\"column\">\n\t\t\t<div class=\"elementor-widget-wrap elementor-element-populated\">\n\t\t\t\t\t\t<div class=\"elementor-element elementor-element-d324a42 elementor-widget elementor-widget-global elementor-global-1129 elementor-widget-wp-widget-nav_menu\" data-id=\"d324a42\" data-element_type=\"widget\" data-e-type=\"widget\" data-widget_type=\"wp-widget-nav_menu.default\">\n\t\t\t\t<div class=\"elementor-widget-container\">\n\t\t\t\t\t<nav class=\"menu-menu-sidebar-anglais-container\" aria-label=\"Menu\"><ul id=\"menu-menu-sidebar-anglais\" class=\"menu\"><li id=\"menu-item-4429\" class=\"menu-item menu-item-type-post_type menu-item-object-page menu-item-has-children menu-item-4429\"><a href=\"https:\/\/renaud-reynek.com\/en\/suzanne-renaud\/\"><span style=\"text-decoration: underline; color: #191970\">Suzanne RENAUD<\/span><\/a>\n<ul class=\"sub-menu\">\n\t<li id=\"menu-item-5345\" class=\"menu-item menu-item-type-post_type menu-item-object-page menu-item-5345\"><a href=\"https:\/\/renaud-reynek.com\/en\/suzanne-renaud\/suzanne-renaud-key-dates\/\">Key dates<\/a><\/li>\n\t<li id=\"menu-item-5445\" class=\"menu-item menu-item-type-post_type menu-item-object-page menu-item-5445\"><a href=\"https:\/\/renaud-reynek.com\/en\/suzanne-renaud\/suzanne-renaud-the-literary-work\/\">The literary work<\/a><\/li>\n\t<li id=\"menu-item-5545\" class=\"menu-item menu-item-type-post_type menu-item-object-page menu-item-5545\"><a href=\"https:\/\/renaud-reynek.com\/en\/suzanne-renaud\/suzanne-renaud-poems\/\">Poems<\/a><\/li>\n<\/ul>\n<\/li>\n<li id=\"menu-item-4430\" class=\"sidebar-titre menu-item menu-item-type-post_type menu-item-object-page menu-item-has-children menu-item-4430\"><a href=\"https:\/\/renaud-reynek.com\/en\/bohuslav-reynek\/\"><span style=\"text-decoration: underline; color: #191970\">Bohuslav Reynek<\/span><\/a>\n<ul class=\"sub-menu\">\n\t<li id=\"menu-item-5346\" class=\"menu-item menu-item-type-post_type menu-item-object-page menu-item-5346\"><a href=\"https:\/\/renaud-reynek.com\/en\/bohuslav-reynek\/key-dates\/\">Key dates<\/a><\/li>\n\t<li id=\"menu-item-5614\" class=\"menu-item menu-item-type-post_type menu-item-object-page menu-item-5614\"><a href=\"https:\/\/renaud-reynek.com\/en\/bohuslav-reynek\/bohuslav-reynek-the-literary-work\/\">The literary work<\/a><\/li>\n\t<li id=\"menu-item-5645\" class=\"menu-item menu-item-type-post_type menu-item-object-page menu-item-5645\"><a href=\"https:\/\/renaud-reynek.com\/en\/bohuslav-reynek\/bohuslav-reynek-poems\/\">Poems<\/a><\/li>\n\t<li id=\"menu-item-4431\" class=\"menu-item menu-item-type-post_type menu-item-object-page menu-item-4431\"><a href=\"https:\/\/renaud-reynek.com\/en\/bohuslav-reynek\/bohuslav-reynek-the-graphic-work\/\">The Graphic Work<\/a><\/li>\n\t<li id=\"menu-item-4432\" class=\"menu-item menu-item-type-post_type menu-item-object-page menu-item-4432\"><a href=\"https:\/\/renaud-reynek.com\/en\/bohuslav-reynek\/bohuslav-reynek-catalogue-raisonne\/\">Catalogue raisonn\u00e9<\/a><\/li>\n<\/ul>\n<\/li>\n<li id=\"menu-item-6143\" class=\"menu-item menu-item-type-post_type menu-item-object-page menu-item-6143\"><a href=\"https:\/\/renaud-reynek.com\/en\/catalogue-of-publications\/\"><span style=\"text-decoration: underline; color: #191970\">Catalogue of publications<\/span><\/a><\/li>\n<li id=\"menu-item-4440\" class=\"sidebar-titre menu-item menu-item-type-post_type menu-item-object-page menu-item-has-children menu-item-4440\"><a href=\"https:\/\/renaud-reynek.com\/en\/news\/\"><span style=\"text-decoration: underline; color: #191970\">News<\/span><\/a>\n<ul class=\"sub-menu\">\n\t<li id=\"menu-item-7712\" class=\"menu-item menu-item-type-post_type menu-item-object-page menu-item-7712\"><a href=\"https:\/\/renaud-reynek.com\/en\/news\/forthcoming\/\">Forthcoming<\/a><\/li>\n\t<li id=\"menu-item-7713\" class=\"menu-item menu-item-type-post_type menu-item-object-page menu-item-7713\"><a href=\"https:\/\/renaud-reynek.com\/en\/news\/news\/\">News<\/a><\/li>\n<\/ul>\n<\/li>\n<li id=\"menu-item-4433\" class=\"sidebar-titre menu-item menu-item-type-post_type menu-item-object-page menu-item-has-children menu-item-4433\"><a href=\"https:\/\/renaud-reynek.com\/en\/association-romarin\/\"><span style=\"text-decoration: underline; color: #191970\">Association Romarin<\/span><\/a>\n<ul class=\"sub-menu\">\n\t<li id=\"menu-item-4434\" class=\"menu-item menu-item-type-post_type menu-item-object-page menu-item-4434\"><a href=\"https:\/\/renaud-reynek.com\/en\/association-romarin\/online-publications\/\">Online Publications<\/a><\/li>\n\t<li id=\"menu-item-5659\" class=\"menu-item menu-item-type-post_type menu-item-object-page menu-item-5659\"><a href=\"https:\/\/renaud-reynek.com\/en\/association-romarin\/archives\/\">Romarin &#8211; Archives<\/a><\/li>\n\t<li id=\"menu-item-4435\" class=\"bulletin-adhesion menu-item menu-item-type-custom menu-item-object-custom menu-item-4435\"><a>Become a member<\/a><\/li>\n<\/ul>\n<\/li>\n<li id=\"menu-item-4436\" class=\"sidebar-titre menu-item menu-item-type-post_type menu-item-object-page menu-item-has-children menu-item-4436\"><a href=\"https:\/\/renaud-reynek.com\/en\/renaud-reynek-dotation-fund\/\"><span style=\"text-decoration: underline; color: #191970\">Renaud Reynek Dotation Fund<\/span><\/a>\n<ul class=\"sub-menu\">\n\t<li id=\"menu-item-4437\" class=\"menu-item menu-item-type-post_type menu-item-object-page menu-item-4437\"><a href=\"https:\/\/renaud-reynek.com\/en\/renaud-reynek-dotation-fund\/renaud-reynek-dotation-fund-exhibitions-drr\/\">DRR Exhibitions<\/a><\/li>\n\t<li id=\"menu-item-4438\" class=\"menu-item menu-item-type-post_type menu-item-object-page menu-item-4438\"><a href=\"https:\/\/renaud-reynek.com\/en\/renaud-reynek-dotation-fund\/renaud-reynek-dotation-fund-bibliotheque-drr\/\">DRR Library<\/a><\/li>\n\t<li id=\"menu-item-4439\" class=\"menu-item menu-item-type-post_type menu-item-object-page menu-item-4439\"><a href=\"https:\/\/renaud-reynek.com\/en\/renaud-reynek-dotation-fund\/renaud-reynek-dotation-fund-phototheque-drr\/\">DRR Photo library<\/a><\/li>\n<\/ul>\n<\/li>\n<li id=\"menu-item-4441\" class=\"sidebar-titre menu-item menu-item-type-post_type menu-item-object-page menu-item-4441\"><a href=\"https:\/\/renaud-reynek.com\/en\/contact\/\"><span style=\"text-decoration: underline; color: #191970\">Contact<\/span><\/a><\/li>\n<li id=\"menu-item-4442\" class=\"sidebar-titre menu-item menu-item-type-custom menu-item-object-custom menu-item-4442\"><a><a style=\"text-decoration: underline; color: #191970;\" href=\"http:\/\/catalogue-bohuslavreynek.com\/fmi\/iwp\/cgi?dbpath=%2Ffmi%2Fiwp%2Fcgi%3F-db%3DCatalogue_Reynek%26-startsession&#038;acct=account&#038;name=Web&#038;password=Web&#038;login=Login&#038;-authdb\" target=\"_blank\" rel=\"noopener noreferrer\">Catalogue raisonn\u00e9 Reynek (direct access)<\/a><\/a><\/li>\n<\/ul><\/nav>\t\t\t\t<\/div>\n\t\t\t\t<\/div>\n\t\t\t\t\t<\/div>\n\t\t<\/div>\n\t\t\t\t<div class=\"elementor-column elementor-col-50 elementor-top-column elementor-element elementor-element-24f3614\" data-id=\"24f3614\" data-element_type=\"column\" data-e-type=\"column\">\n\t\t\t<div class=\"elementor-widget-wrap elementor-element-populated\">\n\t\t\t\t\t\t<section class=\"elementor-section elementor-inner-section elementor-element elementor-element-de4c225 elementor-section-boxed elementor-section-height-default elementor-section-height-default\" data-id=\"de4c225\" data-element_type=\"section\" data-e-type=\"section\">\n\t\t\t\t\t\t<div class=\"elementor-container elementor-column-gap-default\">\n\t\t\t\t\t<div class=\"elementor-column elementor-col-50 elementor-inner-column elementor-element elementor-element-066a17f\" data-id=\"066a17f\" data-element_type=\"column\" data-e-type=\"column\">\n\t\t\t<div class=\"elementor-widget-wrap elementor-element-populated\">\n\t\t\t\t\t\t<div class=\"elementor-element elementor-element-d3eb401 elementor-widget elementor-widget-text-editor\" data-id=\"d3eb401\" data-element_type=\"widget\" data-e-type=\"widget\" data-widget_type=\"text-editor.default\">\n\t\t\t\t<div class=\"elementor-widget-container\">\n\t\t\t\t\t\t\t\t\t<p>The endowment fund called the Dotation Renaud Reynek (DRR) is a legal structure governed by law no. 2008-776 of 4 August 2008, known as the LME Act. It was created in Meylan (France) on 3 December 2014 (<em>JO<\/em>\u00a0no.\u00a02242).Founder Annick Auzimour (<em>photo<\/em>). Governed under private law, DRR is a non-profit legal person with the mission of cultural patronage in the public interest. It hosts an important, inalienable and indivisible collection of works by the Czech engraver Bohuslav Reynek and his wife, the French poet Suzanne Renaud. The Dotation Renaud Reynek enables the signing of contracts with public and private partners in order to encourage the promotion and conservation of the artists\u2019 work, particularly in partnership with the Romarin organisation, which has been bringing it to the public\u2019s attention in France for over 20 years.<\/p>\n\t\t\t\t\t\t\t\t<\/div>\n\t\t\t\t<\/div>\n\t\t\t\t\t<\/div>\n\t\t<\/div>\n\t\t\t\t<div class=\"elementor-column elementor-col-50 elementor-inner-column elementor-element elementor-element-0242e3a\" data-id=\"0242e3a\" data-element_type=\"column\" data-e-type=\"column\">\n\t\t\t<div class=\"elementor-widget-wrap elementor-element-populated\">\n\t\t\t\t\t\t<div class=\"elementor-element elementor-element-5d448b1 elementor-widget elementor-widget-image\" data-id=\"5d448b1\" data-element_type=\"widget\" data-e-type=\"widget\" data-widget_type=\"image.default\">\n\t\t\t\t<div class=\"elementor-widget-container\">\n\t\t\t\t\t\t\t\t\t\t\t\t\t\t\t<img fetchpriority=\"high\" decoding=\"async\" width=\"800\" height=\"863\" src=\"https:\/\/renaud-reynek.com\/wp-content\/uploads\/2024\/09\/Portrait-2017-2-site-949x1024.jpg\" class=\"attachment-large size-large wp-image-10396\" alt=\"\" srcset=\"https:\/\/renaud-reynek.com\/wp-content\/uploads\/2024\/09\/Portrait-2017-2-site-949x1024.jpg 949w, https:\/\/renaud-reynek.com\/wp-content\/uploads\/2024\/09\/Portrait-2017-2-site-278x300.jpg 278w, https:\/\/renaud-reynek.com\/wp-content\/uploads\/2024\/09\/Portrait-2017-2-site-768x828.jpg 768w, https:\/\/renaud-reynek.com\/wp-content\/uploads\/2024\/09\/Portrait-2017-2-site-1424x1536.jpg 1424w, https:\/\/renaud-reynek.com\/wp-content\/uploads\/2024\/09\/Portrait-2017-2-site-1899x2048.jpg 1899w, https:\/\/renaud-reynek.com\/wp-content\/uploads\/2024\/09\/Portrait-2017-2-site-600x647.jpg 600w\" sizes=\"(max-width: 800px) 100vw, 800px\" \/>\t\t\t\t\t\t\t\t\t\t\t\t\t\t\t<\/div>\n\t\t\t\t<\/div>\n\t\t\t\t\t<\/div>\n\t\t<\/div>\n\t\t\t\t\t<\/div>\n\t\t<\/section>\n\t\t\t\t<section class=\"elementor-section elementor-inner-section elementor-element elementor-element-cac90f9 elementor-section-boxed elementor-section-height-default elementor-section-height-default\" data-id=\"cac90f9\" data-element_type=\"section\" data-e-type=\"section\">\n\t\t\t\t\t\t<div class=\"elementor-container elementor-column-gap-default\">\n\t\t\t\t\t<div class=\"elementor-column elementor-col-100 elementor-inner-column elementor-element elementor-element-b0289e4\" data-id=\"b0289e4\" data-element_type=\"column\" data-e-type=\"column\">\n\t\t\t<div class=\"elementor-widget-wrap elementor-element-populated\">\n\t\t\t\t\t\t<div class=\"elementor-element elementor-element-440a1ae elementor-icon-list--layout-traditional elementor-list-item-link-full_width elementor-widget elementor-widget-icon-list\" data-id=\"440a1ae\" data-element_type=\"widget\" data-e-type=\"widget\" data-widget_type=\"icon-list.default\">\n\t\t\t\t<div class=\"elementor-widget-container\">\n\t\t\t\t\t\t\t<ul class=\"elementor-icon-list-items\">\n\t\t\t\t\t\t\t<li class=\"elementor-icon-list-item\">\n\t\t\t\t\t\t\t\t\t\t\t<a href=\"https:\/\/auzimour.com\/wp-content\/uploads\/2020\/01\/DRR-statuts-extrait.pdf\" target=\"_blank\">\n\n\t\t\t\t\t\t\t\t\t\t\t<span class=\"elementor-icon-list-text\">Excerpts from the DRR fund\u2019s statutes (untranslated)<\/span>\n\t\t\t\t\t\t\t\t\t\t\t<\/a>\n\t\t\t\t\t\t\t\t\t<\/li>\n\t\t\t\t\t\t<\/ul>\n\t\t\t\t\t\t<\/div>\n\t\t\t\t<\/div>\n\t\t\t\t\t<\/div>\n\t\t<\/div>\n\t\t\t\t\t<\/div>\n\t\t<\/section>\n\t\t\t\t<section class=\"elementor-section elementor-inner-section elementor-element elementor-element-a183a6a elementor-section-boxed elementor-section-height-default elementor-section-height-default\" data-id=\"a183a6a\" data-element_type=\"section\" data-e-type=\"section\">\n\t\t\t\t\t\t<div class=\"elementor-container elementor-column-gap-default\">\n\t\t\t\t\t<div class=\"elementor-column elementor-col-100 elementor-inner-column elementor-element elementor-element-bfc248b\" data-id=\"bfc248b\" data-element_type=\"column\" data-e-type=\"column\">\n\t\t\t<div class=\"elementor-widget-wrap elementor-element-populated\">\n\t\t\t\t\t\t<div class=\"elementor-element elementor-element-0f09722 elementor-widget elementor-widget-spacer\" data-id=\"0f09722\" data-element_type=\"widget\" data-e-type=\"widget\" data-widget_type=\"spacer.default\">\n\t\t\t\t<div class=\"elementor-widget-container\">\n\t\t\t\t\t\t\t<div class=\"elementor-spacer\">\n\t\t\t<div class=\"elementor-spacer-inner\"><\/div>\n\t\t<\/div>\n\t\t\t\t\t\t<\/div>\n\t\t\t\t<\/div>\n\t\t\t\t\t<\/div>\n\t\t<\/div>\n\t\t\t\t\t<\/div>\n\t\t<\/section>\n\t\t\t\t\t<\/div>\n\t\t<\/div>\n\t\t\t\t\t<\/div>\n\t\t<\/section>\n\t\t\t\t<\/div>\n\t\t","protected":false},"excerpt":{"rendered":"<p>Renaud Reynek Dotation Fund DRR The endowment fund called the Dotation Renaud Reynek (DRR) is a legal structure governed by law no. 2008-776 of 4 August 2008, known as the LME Act. It was created in Meylan (France) on 3 December 2014 (JO\u00a0no.\u00a02242).Founder Annick Auzimour (photo). Governed under private law, DRR is a non-profit legal [&#8230;]<\/p>\n","protected":false},"author":1,"featured_media":0,"parent":0,"menu_order":0,"comment_status":"closed","ping_status":"closed","template":"","meta":{"_acf_changed":false,"footnotes":""},"class_list":["post-4367","page","type-page","status-publish","hentry"],"acf":[],"yoast_head":"<!-- This site is optimized with the Yoast SEO plugin v27.2 - https:\/\/yoast.com\/product\/yoast-seo-wordpress\/ -->\n<title>Les Amis de Suzanne Renaud &amp; Bohuslav Reynek - Renaud Reynek Dotation Fund<\/title>\n<meta name=\"description\" content=\"Site de l&#039;Association Romarin. D\u00e9couvrez les \u0153uvres du graveur tch\u00e8que Bohuslav Reynek et de Suzanne Renaud, po\u00e8te, son \u00e9pouse grenobloise.\" \/>\n<meta name=\"robots\" content=\"index, follow, max-snippet:-1, max-image-preview:large, max-video-preview:-1\" \/>\n<link rel=\"canonical\" href=\"https:\/\/renaud-reynek.com\/en\/renaud-reynek-dotation-fund\/\" \/>\n<meta property=\"og:locale\" content=\"en_US\" \/>\n<meta property=\"og:type\" content=\"article\" \/>\n<meta property=\"og:title\" content=\"Les Amis de Suzanne Renaud &amp; Bohuslav Reynek - Renaud Reynek Dotation Fund\" \/>\n<meta property=\"og:description\" content=\"Site de l&#039;Association Romarin. D\u00e9couvrez les \u0153uvres du graveur tch\u00e8que Bohuslav Reynek et de Suzanne Renaud, po\u00e8te, son \u00e9pouse grenobloise.\" \/>\n<meta property=\"og:url\" content=\"https:\/\/renaud-reynek.com\/en\/renaud-reynek-dotation-fund\/\" \/>\n<meta property=\"og:site_name\" content=\"Association Romarin\" \/>\n<meta property=\"article:modified_time\" content=\"2024-09-17T12:04:37+00:00\" \/>\n<meta property=\"og:image\" content=\"https:\/\/renaud-reynek.com\/wp-content\/uploads\/2024\/09\/Portrait-2017-2-site-949x1024.jpg\" \/>\n<meta name=\"twitter:card\" content=\"summary_large_image\" \/>\n<meta name=\"twitter:label1\" content=\"Est. reading time\" \/>\n\t<meta name=\"twitter:data1\" content=\"1 minute\" \/>\n<script type=\"application\/ld+json\" class=\"yoast-schema-graph\">{\"@context\":\"https:\/\/schema.org\",\"@graph\":[{\"@type\":\"WebPage\",\"@id\":\"https:\/\/renaud-reynek.com\/en\/renaud-reynek-dotation-fund\/\",\"url\":\"https:\/\/renaud-reynek.com\/en\/renaud-reynek-dotation-fund\/\",\"name\":\"Les Amis de Suzanne Renaud & Bohuslav Reynek - Renaud Reynek Dotation Fund\",\"isPartOf\":{\"@id\":\"https:\/\/renaud-reynek.com\/en\/#website\"},\"primaryImageOfPage\":{\"@id\":\"https:\/\/renaud-reynek.com\/en\/renaud-reynek-dotation-fund\/#primaryimage\"},\"image\":{\"@id\":\"https:\/\/renaud-reynek.com\/en\/renaud-reynek-dotation-fund\/#primaryimage\"},\"thumbnailUrl\":\"https:\/\/renaud-reynek.com\/wp-content\/uploads\/2024\/09\/Portrait-2017-2-site-949x1024.jpg\",\"datePublished\":\"2020-01-07T21:06:13+00:00\",\"dateModified\":\"2024-09-17T12:04:37+00:00\",\"description\":\"Site de l'Association Romarin. D\u00e9couvrez les \u0153uvres du graveur tch\u00e8que Bohuslav Reynek et de Suzanne Renaud, po\u00e8te, son \u00e9pouse grenobloise.\",\"breadcrumb\":{\"@id\":\"https:\/\/renaud-reynek.com\/en\/renaud-reynek-dotation-fund\/#breadcrumb\"},\"inLanguage\":\"en-US\",\"potentialAction\":[{\"@type\":\"ReadAction\",\"target\":[\"https:\/\/renaud-reynek.com\/en\/renaud-reynek-dotation-fund\/\"]}]},{\"@type\":\"ImageObject\",\"inLanguage\":\"en-US\",\"@id\":\"https:\/\/renaud-reynek.com\/en\/renaud-reynek-dotation-fund\/#primaryimage\",\"url\":\"https:\/\/renaud-reynek.com\/wp-content\/uploads\/2024\/09\/Portrait-2017-2-site-949x1024.jpg\",\"contentUrl\":\"https:\/\/renaud-reynek.com\/wp-content\/uploads\/2024\/09\/Portrait-2017-2-site-949x1024.jpg\"},{\"@type\":\"BreadcrumbList\",\"@id\":\"https:\/\/renaud-reynek.com\/en\/renaud-reynek-dotation-fund\/#breadcrumb\",\"itemListElement\":[{\"@type\":\"ListItem\",\"position\":1,\"name\":\"Accueil\",\"item\":\"https:\/\/renaud-reynek.com\/en\/\"},{\"@type\":\"ListItem\",\"position\":2,\"name\":\"Renaud Reynek Dotation Fund\"}]},{\"@type\":\"WebSite\",\"@id\":\"https:\/\/renaud-reynek.com\/en\/#website\",\"url\":\"https:\/\/renaud-reynek.com\/en\/\",\"name\":\"Association Romarin\",\"description\":\"Les Amis de Suzanne Renaud et Bohuslav Reynek\",\"potentialAction\":[{\"@type\":\"SearchAction\",\"target\":{\"@type\":\"EntryPoint\",\"urlTemplate\":\"https:\/\/renaud-reynek.com\/en\/?s={search_term_string}\"},\"query-input\":{\"@type\":\"PropertyValueSpecification\",\"valueRequired\":true,\"valueName\":\"search_term_string\"}}],\"inLanguage\":\"en-US\"}]}<\/script>\n<!-- \/ Yoast SEO plugin. -->","yoast_head_json":{"title":"Les Amis de Suzanne Renaud & Bohuslav Reynek - Renaud Reynek Dotation Fund","description":"Site de l'Association Romarin. D\u00e9couvrez les \u0153uvres du graveur tch\u00e8que Bohuslav Reynek et de Suzanne Renaud, po\u00e8te, son \u00e9pouse grenobloise.","robots":{"index":"index","follow":"follow","max-snippet":"max-snippet:-1","max-image-preview":"max-image-preview:large","max-video-preview":"max-video-preview:-1"},"canonical":"https:\/\/renaud-reynek.com\/en\/renaud-reynek-dotation-fund\/","og_locale":"en_US","og_type":"article","og_title":"Les Amis de Suzanne Renaud & Bohuslav Reynek - Renaud Reynek Dotation Fund","og_description":"Site de l'Association Romarin. D\u00e9couvrez les \u0153uvres du graveur tch\u00e8que Bohuslav Reynek et de Suzanne Renaud, po\u00e8te, son \u00e9pouse grenobloise.","og_url":"https:\/\/renaud-reynek.com\/en\/renaud-reynek-dotation-fund\/","og_site_name":"Association Romarin","article_modified_time":"2024-09-17T12:04:37+00:00","og_image":[{"url":"https:\/\/renaud-reynek.com\/wp-content\/uploads\/2024\/09\/Portrait-2017-2-site-949x1024.jpg","type":"","width":"","height":""}],"twitter_card":"summary_large_image","twitter_misc":{"Est. reading time":"1 minute"},"schema":{"@context":"https:\/\/schema.org","@graph":[{"@type":"WebPage","@id":"https:\/\/renaud-reynek.com\/en\/renaud-reynek-dotation-fund\/","url":"https:\/\/renaud-reynek.com\/en\/renaud-reynek-dotation-fund\/","name":"Les Amis de Suzanne Renaud & Bohuslav Reynek - Renaud Reynek Dotation Fund","isPartOf":{"@id":"https:\/\/renaud-reynek.com\/en\/#website"},"primaryImageOfPage":{"@id":"https:\/\/renaud-reynek.com\/en\/renaud-reynek-dotation-fund\/#primaryimage"},"image":{"@id":"https:\/\/renaud-reynek.com\/en\/renaud-reynek-dotation-fund\/#primaryimage"},"thumbnailUrl":"https:\/\/renaud-reynek.com\/wp-content\/uploads\/2024\/09\/Portrait-2017-2-site-949x1024.jpg","datePublished":"2020-01-07T21:06:13+00:00","dateModified":"2024-09-17T12:04:37+00:00","description":"Site de l'Association Romarin. D\u00e9couvrez les \u0153uvres du graveur tch\u00e8que Bohuslav Reynek et de Suzanne Renaud, po\u00e8te, son \u00e9pouse grenobloise.","breadcrumb":{"@id":"https:\/\/renaud-reynek.com\/en\/renaud-reynek-dotation-fund\/#breadcrumb"},"inLanguage":"en-US","potentialAction":[{"@type":"ReadAction","target":["https:\/\/renaud-reynek.com\/en\/renaud-reynek-dotation-fund\/"]}]},{"@type":"ImageObject","inLanguage":"en-US","@id":"https:\/\/renaud-reynek.com\/en\/renaud-reynek-dotation-fund\/#primaryimage","url":"https:\/\/renaud-reynek.com\/wp-content\/uploads\/2024\/09\/Portrait-2017-2-site-949x1024.jpg","contentUrl":"https:\/\/renaud-reynek.com\/wp-content\/uploads\/2024\/09\/Portrait-2017-2-site-949x1024.jpg"},{"@type":"BreadcrumbList","@id":"https:\/\/renaud-reynek.com\/en\/renaud-reynek-dotation-fund\/#breadcrumb","itemListElement":[{"@type":"ListItem","position":1,"name":"Accueil","item":"https:\/\/renaud-reynek.com\/en\/"},{"@type":"ListItem","position":2,"name":"Renaud Reynek Dotation Fund"}]},{"@type":"WebSite","@id":"https:\/\/renaud-reynek.com\/en\/#website","url":"https:\/\/renaud-reynek.com\/en\/","name":"Association Romarin","description":"Les Amis de Suzanne Renaud et Bohuslav Reynek","potentialAction":[{"@type":"SearchAction","target":{"@type":"EntryPoint","urlTemplate":"https:\/\/renaud-reynek.com\/en\/?s={search_term_string}"},"query-input":{"@type":"PropertyValueSpecification","valueRequired":true,"valueName":"search_term_string"}}],"inLanguage":"en-US"}]}},"_links":{"self":[{"href":"https:\/\/renaud-reynek.com\/en\/wp-json\/wp\/v2\/pages\/4367","targetHints":{"allow":["GET"]}}],"collection":[{"href":"https:\/\/renaud-reynek.com\/en\/wp-json\/wp\/v2\/pages"}],"about":[{"href":"https:\/\/renaud-reynek.com\/en\/wp-json\/wp\/v2\/types\/page"}],"author":[{"embeddable":true,"href":"https:\/\/renaud-reynek.com\/en\/wp-json\/wp\/v2\/users\/1"}],"replies":[{"embeddable":true,"href":"https:\/\/renaud-reynek.com\/en\/wp-json\/wp\/v2\/comments?post=4367"}],"version-history":[{"count":5,"href":"https:\/\/renaud-reynek.com\/en\/wp-json\/wp\/v2\/pages\/4367\/revisions"}],"predecessor-version":[{"id":10401,"href":"https:\/\/renaud-reynek.com\/en\/wp-json\/wp\/v2\/pages\/4367\/revisions\/10401"}],"wp:attachment":[{"href":"https:\/\/renaud-reynek.com\/en\/wp-json\/wp\/v2\/media?parent=4367"}],"curies":[{"name":"wp","href":"https:\/\/api.w.org\/{rel}","templated":true}]}}