{"id":4363,"date":"2020-01-07T12:26:39","date_gmt":"2020-01-07T11:26:39","guid":{"rendered":"https:\/\/renaud-reynek.com\/association-romarin\/"},"modified":"2024-03-18T20:04:59","modified_gmt":"2024-03-18T19:04:59","slug":"association-romarin","status":"publish","type":"page","link":"https:\/\/renaud-reynek.com\/en\/association-romarin\/","title":{"rendered":"Association Romarin"},"content":{"rendered":"\t\t<div data-elementor-type=\"wp-page\" data-elementor-id=\"4363\" class=\"elementor elementor-4363 elementor-597\" data-elementor-post-type=\"page\">\n\t\t\t\t\t\t<section class=\"elementor-section elementor-top-section elementor-element elementor-element-81fe89a elementor-section-height-min-height elementor-section-boxed elementor-section-height-default elementor-section-items-middle\" data-id=\"81fe89a\" data-element_type=\"section\" data-e-type=\"section\" data-settings=\"{&quot;background_background&quot;:&quot;classic&quot;}\">\n\t\t\t\t\t\t<div class=\"elementor-container elementor-column-gap-default\">\n\t\t\t\t\t<div class=\"elementor-column elementor-col-100 elementor-top-column elementor-element elementor-element-d2f7328\" data-id=\"d2f7328\" data-element_type=\"column\" data-e-type=\"column\">\n\t\t\t<div class=\"elementor-widget-wrap elementor-element-populated\">\n\t\t\t\t\t\t<div class=\"elementor-element elementor-element-5f00180 elementor-align-left elementor-widget elementor-widget-breadcrumbs\" data-id=\"5f00180\" data-element_type=\"widget\" data-e-type=\"widget\" data-widget_type=\"breadcrumbs.default\">\n\t\t\t\t<div class=\"elementor-widget-container\">\n\t\t\t\t\t<p id=\"breadcrumbs\">\tVous \u00eates ici :\n<span><span><a href=\"https:\/\/renaud-reynek.com\/en\/\">Accueil<\/a><\/span><\/span><\/p>\t\t\t\t<\/div>\n\t\t\t\t<\/div>\n\t\t\t\t<div class=\"elementor-element elementor-element-16fd92a elementor-widget elementor-widget-heading\" data-id=\"16fd92a\" data-element_type=\"widget\" data-e-type=\"widget\" data-widget_type=\"heading.default\">\n\t\t\t\t<div class=\"elementor-widget-container\">\n\t\t\t\t\t<h2 class=\"elementor-heading-title elementor-size-default\">Association Romarin<\/h2>\t\t\t\t<\/div>\n\t\t\t\t<\/div>\n\t\t\t\t<div class=\"elementor-element elementor-element-3ea4f6d elementor-widget elementor-widget-heading\" data-id=\"3ea4f6d\" data-element_type=\"widget\" data-e-type=\"widget\" data-widget_type=\"heading.default\">\n\t\t\t\t<div class=\"elementor-widget-container\">\n\t\t\t\t\t<h3 class=\"elementor-heading-title elementor-size-default\">The Friends of Suzanne Renaud and Bohuslav Reynek<\/h3>\t\t\t\t<\/div>\n\t\t\t\t<\/div>\n\t\t\t\t\t<\/div>\n\t\t<\/div>\n\t\t\t\t\t<\/div>\n\t\t<\/section>\n\t\t\t\t<section class=\"elementor-section elementor-top-section elementor-element elementor-element-115e6ca elementor-section-boxed elementor-section-height-default elementor-section-height-default\" data-id=\"115e6ca\" data-element_type=\"section\" data-e-type=\"section\">\n\t\t\t\t\t\t<div class=\"elementor-container elementor-column-gap-default\">\n\t\t\t\t\t<div class=\"elementor-column elementor-col-50 elementor-top-column elementor-element elementor-element-ca13fb7\" data-id=\"ca13fb7\" data-element_type=\"column\" data-e-type=\"column\" id=\"sticky\">\n\t\t\t<div class=\"elementor-widget-wrap elementor-element-populated\">\n\t\t\t\t\t\t<div class=\"elementor-element elementor-element-3bd0c07 elementor-widget elementor-widget-global elementor-global-1129 elementor-widget-wp-widget-nav_menu\" data-id=\"3bd0c07\" data-element_type=\"widget\" data-e-type=\"widget\" data-widget_type=\"wp-widget-nav_menu.default\">\n\t\t\t\t<div class=\"elementor-widget-container\">\n\t\t\t\t\t<nav class=\"menu-menu-sidebar-anglais-container\" aria-label=\"Menu\"><ul id=\"menu-menu-sidebar-anglais\" class=\"menu\"><li id=\"menu-item-4429\" class=\"menu-item menu-item-type-post_type menu-item-object-page menu-item-has-children menu-item-4429\"><a href=\"https:\/\/renaud-reynek.com\/en\/suzanne-renaud\/\"><span style=\"text-decoration: underline; color: #191970\">Suzanne RENAUD<\/span><\/a>\n<ul class=\"sub-menu\">\n\t<li id=\"menu-item-5345\" class=\"menu-item menu-item-type-post_type menu-item-object-page menu-item-5345\"><a href=\"https:\/\/renaud-reynek.com\/en\/suzanne-renaud\/suzanne-renaud-key-dates\/\">Key dates<\/a><\/li>\n\t<li id=\"menu-item-5445\" class=\"menu-item menu-item-type-post_type menu-item-object-page menu-item-5445\"><a href=\"https:\/\/renaud-reynek.com\/en\/suzanne-renaud\/suzanne-renaud-the-literary-work\/\">The literary work<\/a><\/li>\n\t<li id=\"menu-item-5545\" class=\"menu-item menu-item-type-post_type menu-item-object-page menu-item-5545\"><a href=\"https:\/\/renaud-reynek.com\/en\/suzanne-renaud\/suzanne-renaud-poems\/\">Poems<\/a><\/li>\n<\/ul>\n<\/li>\n<li id=\"menu-item-4430\" class=\"sidebar-titre menu-item menu-item-type-post_type menu-item-object-page menu-item-has-children menu-item-4430\"><a href=\"https:\/\/renaud-reynek.com\/en\/bohuslav-reynek\/\"><span style=\"text-decoration: underline; color: #191970\">Bohuslav Reynek<\/span><\/a>\n<ul class=\"sub-menu\">\n\t<li id=\"menu-item-5346\" class=\"menu-item menu-item-type-post_type menu-item-object-page menu-item-5346\"><a href=\"https:\/\/renaud-reynek.com\/en\/bohuslav-reynek\/key-dates\/\">Key dates<\/a><\/li>\n\t<li id=\"menu-item-5614\" class=\"menu-item menu-item-type-post_type menu-item-object-page menu-item-5614\"><a href=\"https:\/\/renaud-reynek.com\/en\/bohuslav-reynek\/bohuslav-reynek-the-literary-work\/\">The literary work<\/a><\/li>\n\t<li id=\"menu-item-5645\" class=\"menu-item menu-item-type-post_type menu-item-object-page menu-item-5645\"><a href=\"https:\/\/renaud-reynek.com\/en\/bohuslav-reynek\/bohuslav-reynek-poems\/\">Poems<\/a><\/li>\n\t<li id=\"menu-item-4431\" class=\"menu-item menu-item-type-post_type menu-item-object-page menu-item-4431\"><a href=\"https:\/\/renaud-reynek.com\/en\/bohuslav-reynek\/bohuslav-reynek-the-graphic-work\/\">The Graphic Work<\/a><\/li>\n\t<li id=\"menu-item-4432\" class=\"menu-item menu-item-type-post_type menu-item-object-page menu-item-4432\"><a href=\"https:\/\/renaud-reynek.com\/en\/bohuslav-reynek\/bohuslav-reynek-catalogue-raisonne\/\">Catalogue raisonn\u00e9<\/a><\/li>\n<\/ul>\n<\/li>\n<li id=\"menu-item-6143\" class=\"menu-item menu-item-type-post_type menu-item-object-page menu-item-6143\"><a href=\"https:\/\/renaud-reynek.com\/en\/catalogue-of-publications\/\"><span style=\"text-decoration: underline; color: #191970\">Catalogue of publications<\/span><\/a><\/li>\n<li id=\"menu-item-4440\" class=\"sidebar-titre menu-item menu-item-type-post_type menu-item-object-page menu-item-has-children menu-item-4440\"><a href=\"https:\/\/renaud-reynek.com\/en\/news\/\"><span style=\"text-decoration: underline; color: #191970\">News<\/span><\/a>\n<ul class=\"sub-menu\">\n\t<li id=\"menu-item-7712\" class=\"menu-item menu-item-type-post_type menu-item-object-page menu-item-7712\"><a href=\"https:\/\/renaud-reynek.com\/en\/news\/forthcoming\/\">Forthcoming<\/a><\/li>\n\t<li id=\"menu-item-7713\" class=\"menu-item menu-item-type-post_type menu-item-object-page menu-item-7713\"><a href=\"https:\/\/renaud-reynek.com\/en\/news\/news\/\">News<\/a><\/li>\n<\/ul>\n<\/li>\n<li id=\"menu-item-4433\" class=\"sidebar-titre menu-item menu-item-type-post_type menu-item-object-page menu-item-has-children menu-item-4433\"><a href=\"https:\/\/renaud-reynek.com\/en\/association-romarin\/\"><span style=\"text-decoration: underline; color: #191970\">Association Romarin<\/span><\/a>\n<ul class=\"sub-menu\">\n\t<li id=\"menu-item-4434\" class=\"menu-item menu-item-type-post_type menu-item-object-page menu-item-4434\"><a href=\"https:\/\/renaud-reynek.com\/en\/association-romarin\/online-publications\/\">Online Publications<\/a><\/li>\n\t<li id=\"menu-item-5659\" class=\"menu-item menu-item-type-post_type menu-item-object-page menu-item-5659\"><a href=\"https:\/\/renaud-reynek.com\/en\/association-romarin\/archives\/\">Romarin &#8211; Archives<\/a><\/li>\n\t<li id=\"menu-item-4435\" class=\"bulletin-adhesion menu-item menu-item-type-custom menu-item-object-custom menu-item-4435\"><a>Become a member<\/a><\/li>\n<\/ul>\n<\/li>\n<li id=\"menu-item-4436\" class=\"sidebar-titre menu-item menu-item-type-post_type menu-item-object-page menu-item-has-children menu-item-4436\"><a href=\"https:\/\/renaud-reynek.com\/en\/renaud-reynek-dotation-fund\/\"><span style=\"text-decoration: underline; color: #191970\">Renaud Reynek Dotation Fund<\/span><\/a>\n<ul class=\"sub-menu\">\n\t<li id=\"menu-item-4437\" class=\"menu-item menu-item-type-post_type menu-item-object-page menu-item-4437\"><a href=\"https:\/\/renaud-reynek.com\/en\/renaud-reynek-dotation-fund\/renaud-reynek-dotation-fund-exhibitions-drr\/\">DRR Exhibitions<\/a><\/li>\n\t<li id=\"menu-item-4438\" class=\"menu-item menu-item-type-post_type menu-item-object-page menu-item-4438\"><a href=\"https:\/\/renaud-reynek.com\/en\/renaud-reynek-dotation-fund\/renaud-reynek-dotation-fund-bibliotheque-drr\/\">DRR Library<\/a><\/li>\n\t<li id=\"menu-item-4439\" class=\"menu-item menu-item-type-post_type menu-item-object-page menu-item-4439\"><a href=\"https:\/\/renaud-reynek.com\/en\/renaud-reynek-dotation-fund\/renaud-reynek-dotation-fund-phototheque-drr\/\">DRR Photo library<\/a><\/li>\n<\/ul>\n<\/li>\n<li id=\"menu-item-4441\" class=\"sidebar-titre menu-item menu-item-type-post_type menu-item-object-page menu-item-4441\"><a href=\"https:\/\/renaud-reynek.com\/en\/contact\/\"><span style=\"text-decoration: underline; color: #191970\">Contact<\/span><\/a><\/li>\n<li id=\"menu-item-4442\" class=\"sidebar-titre menu-item menu-item-type-custom menu-item-object-custom menu-item-4442\"><a><a style=\"text-decoration: underline; color: #191970;\" href=\"http:\/\/catalogue-bohuslavreynek.com\/fmi\/iwp\/cgi?dbpath=%2Ffmi%2Fiwp%2Fcgi%3F-db%3DCatalogue_Reynek%26-startsession&#038;acct=account&#038;name=Web&#038;password=Web&#038;login=Login&#038;-authdb\" target=\"_blank\" rel=\"noopener noreferrer\">Catalogue raisonn\u00e9 Reynek (direct access)<\/a><\/a><\/li>\n<\/ul><\/nav>\t\t\t\t<\/div>\n\t\t\t\t<\/div>\n\t\t\t\t\t<\/div>\n\t\t<\/div>\n\t\t\t\t<div class=\"elementor-column elementor-col-50 elementor-top-column elementor-element elementor-element-9ed03c8\" data-id=\"9ed03c8\" data-element_type=\"column\" data-e-type=\"column\">\n\t\t\t<div class=\"elementor-widget-wrap elementor-element-populated\">\n\t\t\t\t\t\t<section class=\"elementor-section elementor-inner-section elementor-element elementor-element-b0ab09d elementor-section-boxed elementor-section-height-default elementor-section-height-default\" data-id=\"b0ab09d\" data-element_type=\"section\" data-e-type=\"section\">\n\t\t\t\t\t\t<div class=\"elementor-container elementor-column-gap-default\">\n\t\t\t\t\t<div class=\"elementor-column elementor-col-50 elementor-inner-column elementor-element elementor-element-b8fffb5\" data-id=\"b8fffb5\" data-element_type=\"column\" data-e-type=\"column\">\n\t\t\t<div class=\"elementor-widget-wrap elementor-element-populated\">\n\t\t\t\t\t\t<div class=\"elementor-element elementor-element-e363f8c elementor-widget elementor-widget-text-editor\" data-id=\"e363f8c\" data-element_type=\"widget\" data-e-type=\"widget\" data-widget_type=\"text-editor.default\">\n\t\t\t\t<div class=\"elementor-widget-container\">\n\t\t\t\t\t\t\t\t\t<p>Romarin, a non-profit organisation founded in Grenoble in December 1993, preserves, promotes and calls attention to the poetry and graphic work of the Czech engraver Bohuslav Reynek and Suzanne Renaud, his Grenoble wife.<\/p>\n<p>Romarin brings collectors and researchers together and fosters exchanges and study with all the people and institutions interested in the two artists\u2019 works.<\/p>\n<p>In the framework of its main activity, publishing, Romarin has come out with:<br \/>\n\u2022 a two-volume critical edition of the complete poems of Suzanne Renaud;<br \/>\n\u2022 the online Catalogue raisonn\u00e9 of Bohuslav Reynek\u2019s graphic works.<\/p>\n<p>Romarin also organises exhibitions, lectures and literary evenings with the participation of institutional partners.<\/p>\n\t\t\t\t\t\t\t\t<\/div>\n\t\t\t\t<\/div>\n\t\t\t\t\t<\/div>\n\t\t<\/div>\n\t\t\t\t<div class=\"elementor-column elementor-col-50 elementor-inner-column elementor-element elementor-element-94366f3\" data-id=\"94366f3\" data-element_type=\"column\" data-e-type=\"column\">\n\t\t\t<div class=\"elementor-widget-wrap elementor-element-populated\">\n\t\t\t\t\t\t<div class=\"elementor-element elementor-element-36af88b elementor-widget elementor-widget-image\" data-id=\"36af88b\" data-element_type=\"widget\" data-e-type=\"widget\" data-widget_type=\"image.default\">\n\t\t\t\t<div class=\"elementor-widget-container\">\n\t\t\t\t\t\t\t\t\t\t\t\t\t\t\t<img fetchpriority=\"high\" decoding=\"async\" width=\"300\" height=\"298\" src=\"https:\/\/renaud-reynek.com\/wp-content\/uploads\/2020\/01\/image-asso-romarin.jpg\" class=\"attachment-large size-large wp-image-603\" alt=\"\" srcset=\"https:\/\/renaud-reynek.com\/wp-content\/uploads\/2020\/01\/image-asso-romarin.jpg 300w, https:\/\/renaud-reynek.com\/wp-content\/uploads\/2020\/01\/image-asso-romarin-100x100.jpg 100w, https:\/\/renaud-reynek.com\/wp-content\/uploads\/2020\/01\/image-asso-romarin-150x150.jpg 150w\" sizes=\"(max-width: 300px) 100vw, 300px\" \/>\t\t\t\t\t\t\t\t\t\t\t\t\t\t\t<\/div>\n\t\t\t\t<\/div>\n\t\t\t\t<div class=\"elementor-element elementor-element-12de778 elementor-widget elementor-widget-heading\" data-id=\"12de778\" data-element_type=\"widget\" data-e-type=\"widget\" data-widget_type=\"heading.default\">\n\t\t\t\t<div class=\"elementor-widget-container\">\n\t\t\t\t\t<h4 class=\"elementor-heading-title elementor-size-default\">Petrkov is a haven<br>for mind things<\/h4>\t\t\t\t<\/div>\n\t\t\t\t<\/div>\n\t\t\t\t\t<\/div>\n\t\t<\/div>\n\t\t\t\t\t<\/div>\n\t\t<\/section>\n\t\t\t\t<section class=\"elementor-section elementor-inner-section elementor-element elementor-element-174ca2b elementor-section-boxed elementor-section-height-default elementor-section-height-default\" data-id=\"174ca2b\" data-element_type=\"section\" data-e-type=\"section\">\n\t\t\t\t\t\t<div class=\"elementor-container elementor-column-gap-default\">\n\t\t\t\t\t<div class=\"elementor-column elementor-col-100 elementor-inner-column elementor-element elementor-element-74e513e\" data-id=\"74e513e\" data-element_type=\"column\" data-e-type=\"column\">\n\t\t\t<div class=\"elementor-widget-wrap elementor-element-populated\">\n\t\t\t\t\t\t<div class=\"elementor-element elementor-element-8e57cbd elementor-widget elementor-widget-text-editor\" data-id=\"8e57cbd\" data-element_type=\"widget\" data-e-type=\"widget\" data-widget_type=\"text-editor.default\">\n\t\t\t\t<div class=\"elementor-widget-container\">\n\t\t\t\t\t\t\t\t\t<a href=\" https:\/\/renaud-reynek.com\/wp-content\/uploads\/2024\/03\/Expositions-en-France-2023-en.pdf\" target=\"_blank\" rel=\"noopener\">Exhibitions in France<\/a> \r\n<br>\r\n<a href=\" https:\/\/renaud-reynek.com\/wp-content\/uploads\/2024\/03\/Publications-en-France-2023-en.pdf\" target=\"_blank\" rel=\"noopener\">Published in France<\/a> \r\n<br>\r\n<a href=\"https:\/\/renaud-reynek.com\/wp-content\/uploads\/2024\/03\/Animations-en-France-2023-en.pdf\" target=\"_blank\" rel=\"noopener\">Animations in France<\/a><em> <\/em><br>\r\n<a href=\"https:\/\/auzimour.com\/wp-content\/uploads\/2020\/09\/STATUTS_2020.pdf\" target=\"_blank\" rel=\"noopener\">Consult the statutes of the association<\/a>\t\t\t\t\t\t\t\t<\/div>\n\t\t\t\t<\/div>\n\t\t\t\t\t<\/div>\n\t\t<\/div>\n\t\t\t\t\t<\/div>\n\t\t<\/section>\n\t\t\t\t<section class=\"elementor-section elementor-inner-section elementor-element elementor-element-ca06716 elementor-section-boxed elementor-section-height-default elementor-section-height-default\" data-id=\"ca06716\" data-element_type=\"section\" data-e-type=\"section\">\n\t\t\t\t\t\t<div class=\"elementor-container elementor-column-gap-default\">\n\t\t\t\t\t<div class=\"elementor-column elementor-col-100 elementor-inner-column elementor-element elementor-element-3527d81\" data-id=\"3527d81\" data-element_type=\"column\" data-e-type=\"column\">\n\t\t\t<div class=\"elementor-widget-wrap elementor-element-populated\">\n\t\t\t\t\t\t<div class=\"elementor-element elementor-element-87d9c2f elementor-widget elementor-widget-spacer\" data-id=\"87d9c2f\" data-element_type=\"widget\" data-e-type=\"widget\" data-widget_type=\"spacer.default\">\n\t\t\t\t<div class=\"elementor-widget-container\">\n\t\t\t\t\t\t\t<div class=\"elementor-spacer\">\n\t\t\t<div class=\"elementor-spacer-inner\"><\/div>\n\t\t<\/div>\n\t\t\t\t\t\t<\/div>\n\t\t\t\t<\/div>\n\t\t\t\t\t<\/div>\n\t\t<\/div>\n\t\t\t\t\t<\/div>\n\t\t<\/section>\n\t\t\t\t\t<\/div>\n\t\t<\/div>\n\t\t\t\t\t<\/div>\n\t\t<\/section>\n\t\t\t\t<\/div>\n\t\t","protected":false},"excerpt":{"rendered":"<p>Association Romarin The Friends of Suzanne Renaud and Bohuslav Reynek Romarin, a non-profit organisation founded in Grenoble in December 1993, preserves, promotes and calls attention to the poetry and graphic work of the Czech engraver Bohuslav Reynek and Suzanne Renaud, his Grenoble wife. Romarin brings collectors and researchers together and fosters exchanges and study with [&#8230;]<\/p>\n","protected":false},"author":1,"featured_media":0,"parent":0,"menu_order":0,"comment_status":"closed","ping_status":"closed","template":"","meta":{"_acf_changed":false,"footnotes":""},"class_list":["post-4363","page","type-page","status-publish","hentry"],"acf":[],"yoast_head":"<!-- This site is optimized with the Yoast SEO plugin v27.6 - https:\/\/yoast.com\/product\/yoast-seo-wordpress\/ -->\n<title>Les Amis de Suzanne Renaud &amp; Bohuslav Reynek - Association Romarin<\/title>\n<meta name=\"description\" content=\"Site de l&#039;Association Romarin. D\u00e9couvrez les \u0153uvres du graveur tch\u00e8que Bohuslav Reynek et de Suzanne Renaud, po\u00e8te, son \u00e9pouse grenobloise.\" \/>\n<meta name=\"robots\" content=\"index, follow, max-snippet:-1, max-image-preview:large, max-video-preview:-1\" \/>\n<link rel=\"canonical\" href=\"https:\/\/renaud-reynek.com\/en\/association-romarin\/\" \/>\n<meta property=\"og:locale\" content=\"en_US\" \/>\n<meta property=\"og:type\" content=\"article\" \/>\n<meta property=\"og:title\" content=\"Les Amis de Suzanne Renaud &amp; Bohuslav Reynek - Association Romarin\" \/>\n<meta property=\"og:description\" content=\"Site de l&#039;Association Romarin. D\u00e9couvrez les \u0153uvres du graveur tch\u00e8que Bohuslav Reynek et de Suzanne Renaud, po\u00e8te, son \u00e9pouse grenobloise.\" \/>\n<meta property=\"og:url\" content=\"https:\/\/renaud-reynek.com\/en\/association-romarin\/\" \/>\n<meta property=\"og:site_name\" content=\"Association Romarin\" \/>\n<meta property=\"article:modified_time\" content=\"2024-03-18T19:04:59+00:00\" \/>\n<meta property=\"og:image\" content=\"https:\/\/renaud-reynek.com\/wp-content\/uploads\/2020\/01\/image-asso-romarin.jpg\" \/>\n<meta name=\"twitter:card\" content=\"summary_large_image\" \/>\n<meta name=\"twitter:label1\" content=\"Est. reading time\" \/>\n\t<meta name=\"twitter:data1\" content=\"1 minute\" \/>\n<script type=\"application\/ld+json\" class=\"yoast-schema-graph\">{\"@context\":\"https:\\\/\\\/schema.org\",\"@graph\":[{\"@type\":\"WebPage\",\"@id\":\"https:\\\/\\\/renaud-reynek.com\\\/en\\\/association-romarin\\\/\",\"url\":\"https:\\\/\\\/renaud-reynek.com\\\/en\\\/association-romarin\\\/\",\"name\":\"Les Amis de Suzanne Renaud & Bohuslav Reynek - Association Romarin\",\"isPartOf\":{\"@id\":\"https:\\\/\\\/renaud-reynek.com\\\/en\\\/#website\"},\"primaryImageOfPage\":{\"@id\":\"https:\\\/\\\/renaud-reynek.com\\\/en\\\/association-romarin\\\/#primaryimage\"},\"image\":{\"@id\":\"https:\\\/\\\/renaud-reynek.com\\\/en\\\/association-romarin\\\/#primaryimage\"},\"thumbnailUrl\":\"https:\\\/\\\/renaud-reynek.com\\\/wp-content\\\/uploads\\\/2020\\\/01\\\/image-asso-romarin.jpg\",\"datePublished\":\"2020-01-07T11:26:39+00:00\",\"dateModified\":\"2024-03-18T19:04:59+00:00\",\"description\":\"Site de l'Association Romarin. D\u00e9couvrez les \u0153uvres du graveur tch\u00e8que Bohuslav Reynek et de Suzanne Renaud, po\u00e8te, son \u00e9pouse grenobloise.\",\"breadcrumb\":{\"@id\":\"https:\\\/\\\/renaud-reynek.com\\\/en\\\/association-romarin\\\/#breadcrumb\"},\"inLanguage\":\"en-US\",\"potentialAction\":[{\"@type\":\"ReadAction\",\"target\":[\"https:\\\/\\\/renaud-reynek.com\\\/en\\\/association-romarin\\\/\"]}]},{\"@type\":\"ImageObject\",\"inLanguage\":\"en-US\",\"@id\":\"https:\\\/\\\/renaud-reynek.com\\\/en\\\/association-romarin\\\/#primaryimage\",\"url\":\"https:\\\/\\\/renaud-reynek.com\\\/wp-content\\\/uploads\\\/2020\\\/01\\\/image-asso-romarin.jpg\",\"contentUrl\":\"https:\\\/\\\/renaud-reynek.com\\\/wp-content\\\/uploads\\\/2020\\\/01\\\/image-asso-romarin.jpg\"},{\"@type\":\"BreadcrumbList\",\"@id\":\"https:\\\/\\\/renaud-reynek.com\\\/en\\\/association-romarin\\\/#breadcrumb\",\"itemListElement\":[{\"@type\":\"ListItem\",\"position\":1,\"name\":\"Accueil\",\"item\":\"https:\\\/\\\/renaud-reynek.com\\\/en\\\/\"},{\"@type\":\"ListItem\",\"position\":2,\"name\":\"Association Romarin\"}]},{\"@type\":\"WebSite\",\"@id\":\"https:\\\/\\\/renaud-reynek.com\\\/en\\\/#website\",\"url\":\"https:\\\/\\\/renaud-reynek.com\\\/en\\\/\",\"name\":\"Association Romarin\",\"description\":\"Les Amis de Suzanne Renaud et Bohuslav Reynek\",\"potentialAction\":[{\"@type\":\"SearchAction\",\"target\":{\"@type\":\"EntryPoint\",\"urlTemplate\":\"https:\\\/\\\/renaud-reynek.com\\\/en\\\/?s={search_term_string}\"},\"query-input\":{\"@type\":\"PropertyValueSpecification\",\"valueRequired\":true,\"valueName\":\"search_term_string\"}}],\"inLanguage\":\"en-US\"}]}<\/script>\n<!-- \/ Yoast SEO plugin. -->","yoast_head_json":{"title":"Les Amis de Suzanne Renaud & Bohuslav Reynek - Association Romarin","description":"Site de l'Association Romarin. D\u00e9couvrez les \u0153uvres du graveur tch\u00e8que Bohuslav Reynek et de Suzanne Renaud, po\u00e8te, son \u00e9pouse grenobloise.","robots":{"index":"index","follow":"follow","max-snippet":"max-snippet:-1","max-image-preview":"max-image-preview:large","max-video-preview":"max-video-preview:-1"},"canonical":"https:\/\/renaud-reynek.com\/en\/association-romarin\/","og_locale":"en_US","og_type":"article","og_title":"Les Amis de Suzanne Renaud & Bohuslav Reynek - Association Romarin","og_description":"Site de l'Association Romarin. D\u00e9couvrez les \u0153uvres du graveur tch\u00e8que Bohuslav Reynek et de Suzanne Renaud, po\u00e8te, son \u00e9pouse grenobloise.","og_url":"https:\/\/renaud-reynek.com\/en\/association-romarin\/","og_site_name":"Association Romarin","article_modified_time":"2024-03-18T19:04:59+00:00","og_image":[{"url":"https:\/\/renaud-reynek.com\/wp-content\/uploads\/2020\/01\/image-asso-romarin.jpg","type":"","width":"","height":""}],"twitter_card":"summary_large_image","twitter_misc":{"Est. reading time":"1 minute"},"schema":{"@context":"https:\/\/schema.org","@graph":[{"@type":"WebPage","@id":"https:\/\/renaud-reynek.com\/en\/association-romarin\/","url":"https:\/\/renaud-reynek.com\/en\/association-romarin\/","name":"Les Amis de Suzanne Renaud & Bohuslav Reynek - Association Romarin","isPartOf":{"@id":"https:\/\/renaud-reynek.com\/en\/#website"},"primaryImageOfPage":{"@id":"https:\/\/renaud-reynek.com\/en\/association-romarin\/#primaryimage"},"image":{"@id":"https:\/\/renaud-reynek.com\/en\/association-romarin\/#primaryimage"},"thumbnailUrl":"https:\/\/renaud-reynek.com\/wp-content\/uploads\/2020\/01\/image-asso-romarin.jpg","datePublished":"2020-01-07T11:26:39+00:00","dateModified":"2024-03-18T19:04:59+00:00","description":"Site de l'Association Romarin. D\u00e9couvrez les \u0153uvres du graveur tch\u00e8que Bohuslav Reynek et de Suzanne Renaud, po\u00e8te, son \u00e9pouse grenobloise.","breadcrumb":{"@id":"https:\/\/renaud-reynek.com\/en\/association-romarin\/#breadcrumb"},"inLanguage":"en-US","potentialAction":[{"@type":"ReadAction","target":["https:\/\/renaud-reynek.com\/en\/association-romarin\/"]}]},{"@type":"ImageObject","inLanguage":"en-US","@id":"https:\/\/renaud-reynek.com\/en\/association-romarin\/#primaryimage","url":"https:\/\/renaud-reynek.com\/wp-content\/uploads\/2020\/01\/image-asso-romarin.jpg","contentUrl":"https:\/\/renaud-reynek.com\/wp-content\/uploads\/2020\/01\/image-asso-romarin.jpg"},{"@type":"BreadcrumbList","@id":"https:\/\/renaud-reynek.com\/en\/association-romarin\/#breadcrumb","itemListElement":[{"@type":"ListItem","position":1,"name":"Accueil","item":"https:\/\/renaud-reynek.com\/en\/"},{"@type":"ListItem","position":2,"name":"Association Romarin"}]},{"@type":"WebSite","@id":"https:\/\/renaud-reynek.com\/en\/#website","url":"https:\/\/renaud-reynek.com\/en\/","name":"Association Romarin","description":"Les Amis de Suzanne Renaud et Bohuslav Reynek","potentialAction":[{"@type":"SearchAction","target":{"@type":"EntryPoint","urlTemplate":"https:\/\/renaud-reynek.com\/en\/?s={search_term_string}"},"query-input":{"@type":"PropertyValueSpecification","valueRequired":true,"valueName":"search_term_string"}}],"inLanguage":"en-US"}]}},"_links":{"self":[{"href":"https:\/\/renaud-reynek.com\/en\/wp-json\/wp\/v2\/pages\/4363","targetHints":{"allow":["GET"]}}],"collection":[{"href":"https:\/\/renaud-reynek.com\/en\/wp-json\/wp\/v2\/pages"}],"about":[{"href":"https:\/\/renaud-reynek.com\/en\/wp-json\/wp\/v2\/types\/page"}],"author":[{"embeddable":true,"href":"https:\/\/renaud-reynek.com\/en\/wp-json\/wp\/v2\/users\/1"}],"replies":[{"embeddable":true,"href":"https:\/\/renaud-reynek.com\/en\/wp-json\/wp\/v2\/comments?post=4363"}],"version-history":[{"count":5,"href":"https:\/\/renaud-reynek.com\/en\/wp-json\/wp\/v2\/pages\/4363\/revisions"}],"predecessor-version":[{"id":10128,"href":"https:\/\/renaud-reynek.com\/en\/wp-json\/wp\/v2\/pages\/4363\/revisions\/10128"}],"wp:attachment":[{"href":"https:\/\/renaud-reynek.com\/en\/wp-json\/wp\/v2\/media?parent=4363"}],"curies":[{"name":"wp","href":"https:\/\/api.w.org\/{rel}","templated":true}]}}