{"id":7943,"date":"2021-10-03T17:49:13","date_gmt":"2021-10-03T15:49:13","guid":{"rendered":"https:\/\/renaud-reynek.com\/catalogue-editorial\/nezarazene\/suzanne-renaud-bohuslav-reynek-lettres-a-annette-dopisy-annette\/"},"modified":"2023-07-16T15:39:23","modified_gmt":"2023-07-16T13:39:23","slug":"suzanne-renaud-bohuslav-reynek-lettres-a-annette-dopisy-annette","status":"publish","type":"product","link":"https:\/\/renaud-reynek.com\/cs\/catalogue-editorial\/suzanne-renaud-cs\/suzanne-renaud-bohuslav-reynek-lettres-a-annette-dopisy-annette\/","title":{"rendered":"Suzanne RENAUD, Bohuslav REYNEK : <i>Lettres \u00e0 Annette \/ Dopisy Annette (1963-1971)<\/i>"},"content":{"rendered":"<p>Nakladatelstv\u00ed Romarin, Meylan 2021<br \/>\nDvojjazy\u010dn\u00e9 vyd\u00e1n\u00ed, ve francouz\u0161tin\u011b a v \u010de\u0161tin\u011b .<br \/>\nP\u0159eklad do francouz\u0161tiny Dagmar a Franti\u0161ek Halas.<br \/>\n\u00davod Annick Auzimourov\u00e1.<br \/>\nBarevn\u00e9 ilustrace: d\u011bl Bohuslava Reynka, fotografies.<br \/>\n\u010cernob\u00edl\u00e9 ilustrace v textu: fotografies Daniel Reynek,<br \/>\nJi\u0159\u00ed \u0160koch, Pavel Jasansk\u00fd, Pavel \u0160indel\u00e1\u0159, Annick Roy.<br \/>\nKniha vych\u00e1z\u00ed s laskavou podporou Ministerstva zahrani\u010dn\u00edch v\u011bc\u00ed a Ministerstva kultury \u010cesk\u00e9 republiky,a Nadace Fonds de Dotation Renaud Reynek (Francie).<\/p>\n<p><strong>Format 12,5 x 19 cm.<br \/>\n260 stran. Bro\u017eovan\u00e1, ilustrovan\u00e1 ob\u00e1lka.<br \/>\nISBN 2\u2013910544-20-6<br \/>\nCena 10 \u20ac<\/strong><\/p>\n<p style=\"text-align: justify;\">Na po\u010d\u00e1tku \u0161edes\u00e1t\u00fdch let, po obdob\u00ed nedostatku a izolace v dom\u011b v Petrkov\u011b, ze kter\u00e9ho se stalo JZD, se Suzanne Renaudov\u00e1 a Bohuslav Reynek mohli t\u011b\u0161it z \u0159ady setk\u00e1n\u00ed s mnoha n\u00e1v\u0161t\u011bvn\u00edky, kte\u0159\u00ed za grafikem p\u0159ij\u00ed\u017ed\u011bli. V\u011brn\u00ed p\u0159\u00e1tel\u00e9, kter\u00e9 poznali mezi v\u00e1lkami v kraji Dauphin\u00e9, p\u0159ij\u00ed\u017ed\u011bli tak\u00e9 z Francie. V roce 1963 pob\u00fdvala cel\u00e9 z\u00e1\u0159\u00ed v Petrkov\u011b \u201eAnnette\u201c, d\u00edvka z Grenoblu. \u201eOdhodl\u00e1n\u00ed, se kter\u00fdm se vydala na cestu a p\u0159ekonala tolik kilometr\u016f, neud\u011blalo radost jen b\u00e1sn\u00edkovi. Pro jeho \u017eenu bylo skute\u010dnou kapkou \u017eiv\u00e9 vody spadl\u00e9 z nebe. [\u2026] A bylo d\u00e1no, aby (o t\u0159icet let pozd\u011bji), zalo\u017eila v Grenoblu Romarin &#8211; spole\u010dnost p\u0159\u00e1tel Suzanne Renaudov\u00e9 a Bohuslava Reynka\u201c (Ji\u0159\u00ed \u0160er\u00fdch, <em>U\u017e je to d\u00e1vno<\/em>).<\/p>\n","protected":false},"excerpt":{"rendered":"<p>Nakladatelstv\u00ed Romarin, Meylan 2021 Dvojjazy\u010dn\u00e9 vyd\u00e1n\u00ed, ve francouz\u0161tin\u011b a v \u010de\u0161tin\u011b . P\u0159eklad do francouz\u0161tiny Dagmar a Franti\u0161ek Halas. \u00davod Annick Auzimourov\u00e1. Barevn\u00e9 ilustrace: d\u011bl Bohuslava Reynka, fotografies. \u010cernob\u00edl\u00e9 ilustrace v textu: fotografies Daniel Reynek, Ji\u0159\u00ed \u0160koch, Pavel Jasansk\u00fd, Pavel \u0160indel\u00e1\u0159, Annick Roy. Kniha vych\u00e1z\u00ed s laskavou podporou Ministerstva zahrani\u010dn\u00edch v\u011bc\u00ed a Ministerstva kultury \u010cesk\u00e9 [&#8230;]<\/p>\n","protected":false},"featured_media":7647,"comment_status":"open","ping_status":"closed","template":"","meta":{"_acf_changed":false},"product_brand":[],"product_cat":[211,210],"product_tag":[],"class_list":{"0":"post-7943","1":"product","2":"type-product","3":"status-publish","4":"has-post-thumbnail","6":"product_cat-bohuslav-reynek-cs","7":"product_cat-suzanne-renaud-cs","9":"first","10":"instock","11":"shipping-taxable","12":"purchasable","13":"product-type-simple"},"acf":[],"yoast_head":"<!-- This site is optimized with the Yoast SEO plugin v27.4 - https:\/\/yoast.com\/product\/yoast-seo-wordpress\/ -->\n<title>Association Romarin - Suzanne RENAUD, Bohuslav REYNEK : Lettres \u00e0 Annette \/ Dopisy Annette (1963-1971)<\/title>\n<meta name=\"description\" content=\"Site de l&#039;Association Romarin. D\u00e9couvrez les \u0153uvres du graveur tch\u00e8que Bohuslav Reynek et de Suzanne Renaud, po\u00e8te, son \u00e9pouse grenobloise.\" \/>\n<meta name=\"robots\" content=\"index, follow, max-snippet:-1, max-image-preview:large, max-video-preview:-1\" \/>\n<link rel=\"canonical\" href=\"https:\/\/renaud-reynek.com\/cs\/catalogue-editorial\/suzanne-renaud-cs\/suzanne-renaud-bohuslav-reynek-lettres-a-annette-dopisy-annette\/\" \/>\n<meta property=\"og:locale\" content=\"cs_CZ\" \/>\n<meta property=\"og:type\" content=\"article\" \/>\n<meta property=\"og:title\" content=\"Association Romarin - Suzanne RENAUD, Bohuslav REYNEK : Lettres \u00e0 Annette \/ Dopisy Annette (1963-1971)\" \/>\n<meta property=\"og:description\" content=\"Site de l&#039;Association Romarin. D\u00e9couvrez les \u0153uvres du graveur tch\u00e8que Bohuslav Reynek et de Suzanne Renaud, po\u00e8te, son \u00e9pouse grenobloise.\" \/>\n<meta property=\"og:url\" content=\"https:\/\/renaud-reynek.com\/cs\/catalogue-editorial\/suzanne-renaud-cs\/suzanne-renaud-bohuslav-reynek-lettres-a-annette-dopisy-annette\/\" \/>\n<meta property=\"og:site_name\" content=\"Association Romarin\" \/>\n<meta property=\"article:modified_time\" content=\"2023-07-16T13:39:23+00:00\" \/>\n<meta property=\"og:image\" content=\"https:\/\/renaud-reynek.com\/wp-content\/uploads\/2021\/06\/Couv_Annette-1.jpg\" \/>\n\t<meta property=\"og:image:width\" content=\"1460\" \/>\n\t<meta property=\"og:image:height\" content=\"2229\" \/>\n\t<meta property=\"og:image:type\" content=\"image\/jpeg\" \/>\n<meta name=\"twitter:card\" content=\"summary_large_image\" \/>\n<meta name=\"twitter:label1\" content=\"Odhadovan\u00e1 doba \u010dten\u00ed\" \/>\n\t<meta name=\"twitter:data1\" content=\"1 minuta\" \/>\n<script type=\"application\/ld+json\" class=\"yoast-schema-graph\">{\"@context\":\"https:\\\/\\\/schema.org\",\"@graph\":[{\"@type\":\"WebPage\",\"@id\":\"https:\\\/\\\/renaud-reynek.com\\\/cs\\\/catalogue-editorial\\\/suzanne-renaud-cs\\\/suzanne-renaud-bohuslav-reynek-lettres-a-annette-dopisy-annette\\\/\",\"url\":\"https:\\\/\\\/renaud-reynek.com\\\/cs\\\/catalogue-editorial\\\/suzanne-renaud-cs\\\/suzanne-renaud-bohuslav-reynek-lettres-a-annette-dopisy-annette\\\/\",\"name\":\"Association Romarin - Suzanne RENAUD, Bohuslav REYNEK : Lettres \u00e0 Annette \\\/ Dopisy Annette (1963-1971)\",\"isPartOf\":{\"@id\":\"https:\\\/\\\/renaud-reynek.com\\\/cs\\\/#website\"},\"primaryImageOfPage\":{\"@id\":\"https:\\\/\\\/renaud-reynek.com\\\/cs\\\/catalogue-editorial\\\/suzanne-renaud-cs\\\/suzanne-renaud-bohuslav-reynek-lettres-a-annette-dopisy-annette\\\/#primaryimage\"},\"image\":{\"@id\":\"https:\\\/\\\/renaud-reynek.com\\\/cs\\\/catalogue-editorial\\\/suzanne-renaud-cs\\\/suzanne-renaud-bohuslav-reynek-lettres-a-annette-dopisy-annette\\\/#primaryimage\"},\"thumbnailUrl\":\"https:\\\/\\\/renaud-reynek.com\\\/wp-content\\\/uploads\\\/2021\\\/06\\\/Couv_Annette-1.jpg\",\"datePublished\":\"2021-10-03T15:49:13+00:00\",\"dateModified\":\"2023-07-16T13:39:23+00:00\",\"description\":\"Site de l'Association Romarin. D\u00e9couvrez les \u0153uvres du graveur tch\u00e8que Bohuslav Reynek et de Suzanne Renaud, po\u00e8te, son \u00e9pouse grenobloise.\",\"breadcrumb\":{\"@id\":\"https:\\\/\\\/renaud-reynek.com\\\/cs\\\/catalogue-editorial\\\/suzanne-renaud-cs\\\/suzanne-renaud-bohuslav-reynek-lettres-a-annette-dopisy-annette\\\/#breadcrumb\"},\"inLanguage\":\"cs\",\"potentialAction\":[{\"@type\":\"ReadAction\",\"target\":[\"https:\\\/\\\/renaud-reynek.com\\\/cs\\\/catalogue-editorial\\\/suzanne-renaud-cs\\\/suzanne-renaud-bohuslav-reynek-lettres-a-annette-dopisy-annette\\\/\"]}]},{\"@type\":\"ImageObject\",\"inLanguage\":\"cs\",\"@id\":\"https:\\\/\\\/renaud-reynek.com\\\/cs\\\/catalogue-editorial\\\/suzanne-renaud-cs\\\/suzanne-renaud-bohuslav-reynek-lettres-a-annette-dopisy-annette\\\/#primaryimage\",\"url\":\"https:\\\/\\\/renaud-reynek.com\\\/wp-content\\\/uploads\\\/2021\\\/06\\\/Couv_Annette-1.jpg\",\"contentUrl\":\"https:\\\/\\\/renaud-reynek.com\\\/wp-content\\\/uploads\\\/2021\\\/06\\\/Couv_Annette-1.jpg\",\"width\":1460,\"height\":2229},{\"@type\":\"BreadcrumbList\",\"@id\":\"https:\\\/\\\/renaud-reynek.com\\\/cs\\\/catalogue-editorial\\\/suzanne-renaud-cs\\\/suzanne-renaud-bohuslav-reynek-lettres-a-annette-dopisy-annette\\\/#breadcrumb\",\"itemListElement\":[{\"@type\":\"ListItem\",\"position\":1,\"name\":\"Accueil\",\"item\":\"https:\\\/\\\/renaud-reynek.com\\\/cs\\\/\"},{\"@type\":\"ListItem\",\"position\":2,\"name\":\"Produkty\",\"item\":\"https:\\\/\\\/renaud-reynek.com\\\/cs\\\/shop\\\/\"},{\"@type\":\"ListItem\",\"position\":3,\"name\":\"Suzanne RENAUD, Bohuslav REYNEK : Lettres \u00e0 Annette \\\/ Dopisy Annette (1963-1971)\"}]},{\"@type\":\"WebSite\",\"@id\":\"https:\\\/\\\/renaud-reynek.com\\\/cs\\\/#website\",\"url\":\"https:\\\/\\\/renaud-reynek.com\\\/cs\\\/\",\"name\":\"Association Romarin\",\"description\":\"Les Amis de Suzanne Renaud et Bohuslav Reynek\",\"potentialAction\":[{\"@type\":\"SearchAction\",\"target\":{\"@type\":\"EntryPoint\",\"urlTemplate\":\"https:\\\/\\\/renaud-reynek.com\\\/cs\\\/?s={search_term_string}\"},\"query-input\":{\"@type\":\"PropertyValueSpecification\",\"valueRequired\":true,\"valueName\":\"search_term_string\"}}],\"inLanguage\":\"cs\"}]}<\/script>\n<!-- \/ Yoast SEO plugin. -->","yoast_head_json":{"title":"Association Romarin - Suzanne RENAUD, Bohuslav REYNEK : Lettres \u00e0 Annette \/ Dopisy Annette (1963-1971)","description":"Site de l'Association Romarin. D\u00e9couvrez les \u0153uvres du graveur tch\u00e8que Bohuslav Reynek et de Suzanne Renaud, po\u00e8te, son \u00e9pouse grenobloise.","robots":{"index":"index","follow":"follow","max-snippet":"max-snippet:-1","max-image-preview":"max-image-preview:large","max-video-preview":"max-video-preview:-1"},"canonical":"https:\/\/renaud-reynek.com\/cs\/catalogue-editorial\/suzanne-renaud-cs\/suzanne-renaud-bohuslav-reynek-lettres-a-annette-dopisy-annette\/","og_locale":"cs_CZ","og_type":"article","og_title":"Association Romarin - Suzanne RENAUD, Bohuslav REYNEK : Lettres \u00e0 Annette \/ Dopisy Annette (1963-1971)","og_description":"Site de l'Association Romarin. D\u00e9couvrez les \u0153uvres du graveur tch\u00e8que Bohuslav Reynek et de Suzanne Renaud, po\u00e8te, son \u00e9pouse grenobloise.","og_url":"https:\/\/renaud-reynek.com\/cs\/catalogue-editorial\/suzanne-renaud-cs\/suzanne-renaud-bohuslav-reynek-lettres-a-annette-dopisy-annette\/","og_site_name":"Association Romarin","article_modified_time":"2023-07-16T13:39:23+00:00","og_image":[{"width":1460,"height":2229,"url":"https:\/\/renaud-reynek.com\/wp-content\/uploads\/2021\/06\/Couv_Annette-1.jpg","type":"image\/jpeg"}],"twitter_card":"summary_large_image","twitter_misc":{"Odhadovan\u00e1 doba \u010dten\u00ed":"1 minuta"},"schema":{"@context":"https:\/\/schema.org","@graph":[{"@type":"WebPage","@id":"https:\/\/renaud-reynek.com\/cs\/catalogue-editorial\/suzanne-renaud-cs\/suzanne-renaud-bohuslav-reynek-lettres-a-annette-dopisy-annette\/","url":"https:\/\/renaud-reynek.com\/cs\/catalogue-editorial\/suzanne-renaud-cs\/suzanne-renaud-bohuslav-reynek-lettres-a-annette-dopisy-annette\/","name":"Association Romarin - Suzanne RENAUD, Bohuslav REYNEK : Lettres \u00e0 Annette \/ Dopisy Annette (1963-1971)","isPartOf":{"@id":"https:\/\/renaud-reynek.com\/cs\/#website"},"primaryImageOfPage":{"@id":"https:\/\/renaud-reynek.com\/cs\/catalogue-editorial\/suzanne-renaud-cs\/suzanne-renaud-bohuslav-reynek-lettres-a-annette-dopisy-annette\/#primaryimage"},"image":{"@id":"https:\/\/renaud-reynek.com\/cs\/catalogue-editorial\/suzanne-renaud-cs\/suzanne-renaud-bohuslav-reynek-lettres-a-annette-dopisy-annette\/#primaryimage"},"thumbnailUrl":"https:\/\/renaud-reynek.com\/wp-content\/uploads\/2021\/06\/Couv_Annette-1.jpg","datePublished":"2021-10-03T15:49:13+00:00","dateModified":"2023-07-16T13:39:23+00:00","description":"Site de l'Association Romarin. D\u00e9couvrez les \u0153uvres du graveur tch\u00e8que Bohuslav Reynek et de Suzanne Renaud, po\u00e8te, son \u00e9pouse grenobloise.","breadcrumb":{"@id":"https:\/\/renaud-reynek.com\/cs\/catalogue-editorial\/suzanne-renaud-cs\/suzanne-renaud-bohuslav-reynek-lettres-a-annette-dopisy-annette\/#breadcrumb"},"inLanguage":"cs","potentialAction":[{"@type":"ReadAction","target":["https:\/\/renaud-reynek.com\/cs\/catalogue-editorial\/suzanne-renaud-cs\/suzanne-renaud-bohuslav-reynek-lettres-a-annette-dopisy-annette\/"]}]},{"@type":"ImageObject","inLanguage":"cs","@id":"https:\/\/renaud-reynek.com\/cs\/catalogue-editorial\/suzanne-renaud-cs\/suzanne-renaud-bohuslav-reynek-lettres-a-annette-dopisy-annette\/#primaryimage","url":"https:\/\/renaud-reynek.com\/wp-content\/uploads\/2021\/06\/Couv_Annette-1.jpg","contentUrl":"https:\/\/renaud-reynek.com\/wp-content\/uploads\/2021\/06\/Couv_Annette-1.jpg","width":1460,"height":2229},{"@type":"BreadcrumbList","@id":"https:\/\/renaud-reynek.com\/cs\/catalogue-editorial\/suzanne-renaud-cs\/suzanne-renaud-bohuslav-reynek-lettres-a-annette-dopisy-annette\/#breadcrumb","itemListElement":[{"@type":"ListItem","position":1,"name":"Accueil","item":"https:\/\/renaud-reynek.com\/cs\/"},{"@type":"ListItem","position":2,"name":"Produkty","item":"https:\/\/renaud-reynek.com\/cs\/shop\/"},{"@type":"ListItem","position":3,"name":"Suzanne RENAUD, Bohuslav REYNEK : Lettres \u00e0 Annette \/ Dopisy Annette (1963-1971)"}]},{"@type":"WebSite","@id":"https:\/\/renaud-reynek.com\/cs\/#website","url":"https:\/\/renaud-reynek.com\/cs\/","name":"Association Romarin","description":"Les Amis de Suzanne Renaud et Bohuslav Reynek","potentialAction":[{"@type":"SearchAction","target":{"@type":"EntryPoint","urlTemplate":"https:\/\/renaud-reynek.com\/cs\/?s={search_term_string}"},"query-input":{"@type":"PropertyValueSpecification","valueRequired":true,"valueName":"search_term_string"}}],"inLanguage":"cs"}]}},"_links":{"self":[{"href":"https:\/\/renaud-reynek.com\/cs\/wp-json\/wp\/v2\/product\/7943","targetHints":{"allow":["GET"]}}],"collection":[{"href":"https:\/\/renaud-reynek.com\/cs\/wp-json\/wp\/v2\/product"}],"about":[{"href":"https:\/\/renaud-reynek.com\/cs\/wp-json\/wp\/v2\/types\/product"}],"replies":[{"embeddable":true,"href":"https:\/\/renaud-reynek.com\/cs\/wp-json\/wp\/v2\/comments?post=7943"}],"wp:featuredmedia":[{"embeddable":true,"href":"https:\/\/renaud-reynek.com\/cs\/wp-json\/wp\/v2\/media\/7647"}],"wp:attachment":[{"href":"https:\/\/renaud-reynek.com\/cs\/wp-json\/wp\/v2\/media?parent=7943"}],"wp:term":[{"taxonomy":"product_brand","embeddable":true,"href":"https:\/\/renaud-reynek.com\/cs\/wp-json\/wp\/v2\/product_brand?post=7943"},{"taxonomy":"product_cat","embeddable":true,"href":"https:\/\/renaud-reynek.com\/cs\/wp-json\/wp\/v2\/product_cat?post=7943"},{"taxonomy":"product_tag","embeddable":true,"href":"https:\/\/renaud-reynek.com\/cs\/wp-json\/wp\/v2\/product_tag?post=7943"}],"curies":[{"name":"wp","href":"https:\/\/api.w.org\/{rel}","templated":true}]}}