{"id":6576,"date":"2019-01-01T01:01:06","date_gmt":"2019-01-01T00:01:06","guid":{"rendered":"https:\/\/renaud-reynek.com\/catalogue-editorial\/nezarazene\/kolektivni-bohuslav-reynek-pieta-v-lodce-pieta-dans-la-barque-2002\/"},"modified":"2021-02-15T07:24:33","modified_gmt":"2021-02-15T06:24:33","slug":"kolektivni-bohuslav-reynek-pieta-v-lodce-pieta-dans-la-barque-2002","status":"publish","type":"product","link":"https:\/\/renaud-reynek.com\/cs\/catalogue-editorial\/kolektivni-cs\/kolektivni-bohuslav-reynek-pieta-v-lodce-pieta-dans-la-barque-2002\/","title":{"rendered":"Kolektiv autor\u016f <br><i>Bohuslav Reynek. Pieta v lod\u2019ce \u2013<br>Piet\u00e0 dans la barque<\/i>.<br>2002"},"content":{"rendered":"<p><strong><em>Form\u00e1t 20 x 25 cm.<br \/>\n<\/em><\/strong><strong><em>176 stran. V\u00e1zan\u00e1.<br \/>\n<\/em><\/strong><strong><em>ISBN : 80-85085-56-9<br \/>\n<\/em><\/strong><\/p>\n<p>Nakladatelstv\u00ed Pam\u00e1tnik n\u00e1rodn\u00edho p\u00edsemnictv\u00ed, Praha 2002.<br \/>\nDvojjazy\u010dn\u00e9 francouzsko-\u010desk\u00e9 vyd\u00e1n\u00ed.<br \/>\nTexty A.\u00a0Auzimour, Michel (Ji\u0159\u00ed) Reynek, Martin C.\u00a0Putna.<br \/>\nIlustrace: 43 d\u011bl B. Reynka.<br \/>\nFotografie.<\/p>\n","protected":false},"excerpt":{"rendered":"<p>Form\u00e1t 20 x 25 cm. 176 stran. V\u00e1zan\u00e1. ISBN : 80-85085-56-9 Nakladatelstv\u00ed Pam\u00e1tnik n\u00e1rodn\u00edho p\u00edsemnictv\u00ed, Praha 2002. Dvojjazy\u010dn\u00e9 francouzsko-\u010desk\u00e9 vyd\u00e1n\u00ed. Texty A.\u00a0Auzimour, Michel (Ji\u0159\u00ed) Reynek, Martin C.\u00a0Putna. Ilustrace: 43 d\u011bl B. Reynka. Fotografie.<\/p>\n","protected":false},"featured_media":1356,"comment_status":"open","ping_status":"closed","template":"","meta":{"_acf_changed":false},"product_brand":[],"product_cat":[239],"product_tag":[],"class_list":{"0":"post-6576","1":"product","2":"type-product","3":"status-publish","4":"has-post-thumbnail","6":"product_cat-kolektivni-cs","8":"first","9":"instock","10":"shipping-taxable","11":"product-type-simple"},"acf":[],"yoast_head":"<!-- This site is optimized with the Yoast SEO plugin v27.4 - https:\/\/yoast.com\/product\/yoast-seo-wordpress\/ -->\n<title>Association Romarin - Kolektiv autor\u016f Bohuslav Reynek. Pieta v lod\u2019ce \u2013Piet\u00e0 dans la barque.2002<\/title>\n<meta name=\"description\" content=\"Site de l&#039;Association Romarin. D\u00e9couvrez les \u0153uvres du graveur tch\u00e8que Bohuslav Reynek et de Suzanne Renaud, po\u00e8te, son \u00e9pouse grenobloise.\" \/>\n<meta name=\"robots\" content=\"index, follow, max-snippet:-1, max-image-preview:large, max-video-preview:-1\" \/>\n<link rel=\"canonical\" href=\"https:\/\/renaud-reynek.com\/cs\/catalogue-editorial\/kolektivni-cs\/kolektivni-bohuslav-reynek-pieta-v-lodce-pieta-dans-la-barque-2002\/\" \/>\n<meta property=\"og:locale\" content=\"cs_CZ\" \/>\n<meta property=\"og:type\" content=\"article\" \/>\n<meta property=\"og:title\" content=\"Association Romarin - Kolektiv autor\u016f Bohuslav Reynek. Pieta v lod\u2019ce \u2013Piet\u00e0 dans la barque.2002\" \/>\n<meta property=\"og:description\" content=\"Site de l&#039;Association Romarin. D\u00e9couvrez les \u0153uvres du graveur tch\u00e8que Bohuslav Reynek et de Suzanne Renaud, po\u00e8te, son \u00e9pouse grenobloise.\" \/>\n<meta property=\"og:url\" content=\"https:\/\/renaud-reynek.com\/cs\/catalogue-editorial\/kolektivni-cs\/kolektivni-bohuslav-reynek-pieta-v-lodce-pieta-dans-la-barque-2002\/\" \/>\n<meta property=\"og:site_name\" content=\"Association Romarin\" \/>\n<meta property=\"article:modified_time\" content=\"2021-02-15T06:24:33+00:00\" \/>\n<meta property=\"og:image\" content=\"https:\/\/renaud-reynek.com\/wp-content\/uploads\/2020\/01\/PietaVLodce2002.jpg\" \/>\n\t<meta property=\"og:image:width\" content=\"1000\" \/>\n\t<meta property=\"og:image:height\" content=\"1263\" \/>\n\t<meta property=\"og:image:type\" content=\"image\/jpeg\" \/>\n<meta name=\"twitter:card\" content=\"summary_large_image\" \/>\n<script type=\"application\/ld+json\" class=\"yoast-schema-graph\">{\"@context\":\"https:\\\/\\\/schema.org\",\"@graph\":[{\"@type\":\"WebPage\",\"@id\":\"https:\\\/\\\/renaud-reynek.com\\\/cs\\\/catalogue-editorial\\\/kolektivni-cs\\\/kolektivni-bohuslav-reynek-pieta-v-lodce-pieta-dans-la-barque-2002\\\/\",\"url\":\"https:\\\/\\\/renaud-reynek.com\\\/cs\\\/catalogue-editorial\\\/kolektivni-cs\\\/kolektivni-bohuslav-reynek-pieta-v-lodce-pieta-dans-la-barque-2002\\\/\",\"name\":\"Association Romarin - Kolektiv autor\u016f Bohuslav Reynek. Pieta v lod\u2019ce \u2013 Piet\u00e0 dans la barque. 2002\",\"isPartOf\":{\"@id\":\"https:\\\/\\\/renaud-reynek.com\\\/cs\\\/#website\"},\"primaryImageOfPage\":{\"@id\":\"https:\\\/\\\/renaud-reynek.com\\\/cs\\\/catalogue-editorial\\\/kolektivni-cs\\\/kolektivni-bohuslav-reynek-pieta-v-lodce-pieta-dans-la-barque-2002\\\/#primaryimage\"},\"image\":{\"@id\":\"https:\\\/\\\/renaud-reynek.com\\\/cs\\\/catalogue-editorial\\\/kolektivni-cs\\\/kolektivni-bohuslav-reynek-pieta-v-lodce-pieta-dans-la-barque-2002\\\/#primaryimage\"},\"thumbnailUrl\":\"https:\\\/\\\/renaud-reynek.com\\\/wp-content\\\/uploads\\\/2020\\\/01\\\/PietaVLodce2002.jpg\",\"datePublished\":\"2019-01-01T00:01:06+00:00\",\"dateModified\":\"2021-02-15T06:24:33+00:00\",\"description\":\"Site de l'Association Romarin. D\u00e9couvrez les \u0153uvres du graveur tch\u00e8que Bohuslav Reynek et de Suzanne Renaud, po\u00e8te, son \u00e9pouse grenobloise.\",\"breadcrumb\":{\"@id\":\"https:\\\/\\\/renaud-reynek.com\\\/cs\\\/catalogue-editorial\\\/kolektivni-cs\\\/kolektivni-bohuslav-reynek-pieta-v-lodce-pieta-dans-la-barque-2002\\\/#breadcrumb\"},\"inLanguage\":\"cs\",\"potentialAction\":[{\"@type\":\"ReadAction\",\"target\":[\"https:\\\/\\\/renaud-reynek.com\\\/cs\\\/catalogue-editorial\\\/kolektivni-cs\\\/kolektivni-bohuslav-reynek-pieta-v-lodce-pieta-dans-la-barque-2002\\\/\"]}]},{\"@type\":\"ImageObject\",\"inLanguage\":\"cs\",\"@id\":\"https:\\\/\\\/renaud-reynek.com\\\/cs\\\/catalogue-editorial\\\/kolektivni-cs\\\/kolektivni-bohuslav-reynek-pieta-v-lodce-pieta-dans-la-barque-2002\\\/#primaryimage\",\"url\":\"https:\\\/\\\/renaud-reynek.com\\\/wp-content\\\/uploads\\\/2020\\\/01\\\/PietaVLodce2002.jpg\",\"contentUrl\":\"https:\\\/\\\/renaud-reynek.com\\\/wp-content\\\/uploads\\\/2020\\\/01\\\/PietaVLodce2002.jpg\",\"width\":1000,\"height\":1263},{\"@type\":\"BreadcrumbList\",\"@id\":\"https:\\\/\\\/renaud-reynek.com\\\/cs\\\/catalogue-editorial\\\/kolektivni-cs\\\/kolektivni-bohuslav-reynek-pieta-v-lodce-pieta-dans-la-barque-2002\\\/#breadcrumb\",\"itemListElement\":[{\"@type\":\"ListItem\",\"position\":1,\"name\":\"Accueil\",\"item\":\"https:\\\/\\\/renaud-reynek.com\\\/cs\\\/\"},{\"@type\":\"ListItem\",\"position\":2,\"name\":\"Produkty\",\"item\":\"https:\\\/\\\/renaud-reynek.com\\\/cs\\\/shop\\\/\"},{\"@type\":\"ListItem\",\"position\":3,\"name\":\"Kolektiv autor\u016f Bohuslav Reynek. Pieta v lod\u2019ce \u2013Piet\u00e0 dans la barque.2002\"}]},{\"@type\":\"WebSite\",\"@id\":\"https:\\\/\\\/renaud-reynek.com\\\/cs\\\/#website\",\"url\":\"https:\\\/\\\/renaud-reynek.com\\\/cs\\\/\",\"name\":\"Association Romarin\",\"description\":\"Les Amis de Suzanne Renaud et Bohuslav Reynek\",\"potentialAction\":[{\"@type\":\"SearchAction\",\"target\":{\"@type\":\"EntryPoint\",\"urlTemplate\":\"https:\\\/\\\/renaud-reynek.com\\\/cs\\\/?s={search_term_string}\"},\"query-input\":{\"@type\":\"PropertyValueSpecification\",\"valueRequired\":true,\"valueName\":\"search_term_string\"}}],\"inLanguage\":\"cs\"}]}<\/script>\n<!-- \/ Yoast SEO plugin. -->","yoast_head_json":{"title":"Association Romarin - Kolektiv autor\u016f Bohuslav Reynek. Pieta v lod\u2019ce \u2013Piet\u00e0 dans la barque.2002","description":"Site de l'Association Romarin. D\u00e9couvrez les \u0153uvres du graveur tch\u00e8que Bohuslav Reynek et de Suzanne Renaud, po\u00e8te, son \u00e9pouse grenobloise.","robots":{"index":"index","follow":"follow","max-snippet":"max-snippet:-1","max-image-preview":"max-image-preview:large","max-video-preview":"max-video-preview:-1"},"canonical":"https:\/\/renaud-reynek.com\/cs\/catalogue-editorial\/kolektivni-cs\/kolektivni-bohuslav-reynek-pieta-v-lodce-pieta-dans-la-barque-2002\/","og_locale":"cs_CZ","og_type":"article","og_title":"Association Romarin - Kolektiv autor\u016f Bohuslav Reynek. Pieta v lod\u2019ce \u2013Piet\u00e0 dans la barque.2002","og_description":"Site de l'Association Romarin. D\u00e9couvrez les \u0153uvres du graveur tch\u00e8que Bohuslav Reynek et de Suzanne Renaud, po\u00e8te, son \u00e9pouse grenobloise.","og_url":"https:\/\/renaud-reynek.com\/cs\/catalogue-editorial\/kolektivni-cs\/kolektivni-bohuslav-reynek-pieta-v-lodce-pieta-dans-la-barque-2002\/","og_site_name":"Association Romarin","article_modified_time":"2021-02-15T06:24:33+00:00","og_image":[{"width":1000,"height":1263,"url":"https:\/\/renaud-reynek.com\/wp-content\/uploads\/2020\/01\/PietaVLodce2002.jpg","type":"image\/jpeg"}],"twitter_card":"summary_large_image","schema":{"@context":"https:\/\/schema.org","@graph":[{"@type":"WebPage","@id":"https:\/\/renaud-reynek.com\/cs\/catalogue-editorial\/kolektivni-cs\/kolektivni-bohuslav-reynek-pieta-v-lodce-pieta-dans-la-barque-2002\/","url":"https:\/\/renaud-reynek.com\/cs\/catalogue-editorial\/kolektivni-cs\/kolektivni-bohuslav-reynek-pieta-v-lodce-pieta-dans-la-barque-2002\/","name":"Association Romarin - Kolektiv autor\u016f Bohuslav Reynek. Pieta v lod\u2019ce \u2013 Piet\u00e0 dans la barque. 2002","isPartOf":{"@id":"https:\/\/renaud-reynek.com\/cs\/#website"},"primaryImageOfPage":{"@id":"https:\/\/renaud-reynek.com\/cs\/catalogue-editorial\/kolektivni-cs\/kolektivni-bohuslav-reynek-pieta-v-lodce-pieta-dans-la-barque-2002\/#primaryimage"},"image":{"@id":"https:\/\/renaud-reynek.com\/cs\/catalogue-editorial\/kolektivni-cs\/kolektivni-bohuslav-reynek-pieta-v-lodce-pieta-dans-la-barque-2002\/#primaryimage"},"thumbnailUrl":"https:\/\/renaud-reynek.com\/wp-content\/uploads\/2020\/01\/PietaVLodce2002.jpg","datePublished":"2019-01-01T00:01:06+00:00","dateModified":"2021-02-15T06:24:33+00:00","description":"Site de l'Association Romarin. D\u00e9couvrez les \u0153uvres du graveur tch\u00e8que Bohuslav Reynek et de Suzanne Renaud, po\u00e8te, son \u00e9pouse grenobloise.","breadcrumb":{"@id":"https:\/\/renaud-reynek.com\/cs\/catalogue-editorial\/kolektivni-cs\/kolektivni-bohuslav-reynek-pieta-v-lodce-pieta-dans-la-barque-2002\/#breadcrumb"},"inLanguage":"cs","potentialAction":[{"@type":"ReadAction","target":["https:\/\/renaud-reynek.com\/cs\/catalogue-editorial\/kolektivni-cs\/kolektivni-bohuslav-reynek-pieta-v-lodce-pieta-dans-la-barque-2002\/"]}]},{"@type":"ImageObject","inLanguage":"cs","@id":"https:\/\/renaud-reynek.com\/cs\/catalogue-editorial\/kolektivni-cs\/kolektivni-bohuslav-reynek-pieta-v-lodce-pieta-dans-la-barque-2002\/#primaryimage","url":"https:\/\/renaud-reynek.com\/wp-content\/uploads\/2020\/01\/PietaVLodce2002.jpg","contentUrl":"https:\/\/renaud-reynek.com\/wp-content\/uploads\/2020\/01\/PietaVLodce2002.jpg","width":1000,"height":1263},{"@type":"BreadcrumbList","@id":"https:\/\/renaud-reynek.com\/cs\/catalogue-editorial\/kolektivni-cs\/kolektivni-bohuslav-reynek-pieta-v-lodce-pieta-dans-la-barque-2002\/#breadcrumb","itemListElement":[{"@type":"ListItem","position":1,"name":"Accueil","item":"https:\/\/renaud-reynek.com\/cs\/"},{"@type":"ListItem","position":2,"name":"Produkty","item":"https:\/\/renaud-reynek.com\/cs\/shop\/"},{"@type":"ListItem","position":3,"name":"Kolektiv autor\u016f Bohuslav Reynek. Pieta v lod\u2019ce \u2013Piet\u00e0 dans la barque.2002"}]},{"@type":"WebSite","@id":"https:\/\/renaud-reynek.com\/cs\/#website","url":"https:\/\/renaud-reynek.com\/cs\/","name":"Association Romarin","description":"Les Amis de Suzanne Renaud et Bohuslav Reynek","potentialAction":[{"@type":"SearchAction","target":{"@type":"EntryPoint","urlTemplate":"https:\/\/renaud-reynek.com\/cs\/?s={search_term_string}"},"query-input":{"@type":"PropertyValueSpecification","valueRequired":true,"valueName":"search_term_string"}}],"inLanguage":"cs"}]}},"_links":{"self":[{"href":"https:\/\/renaud-reynek.com\/cs\/wp-json\/wp\/v2\/product\/6576","targetHints":{"allow":["GET"]}}],"collection":[{"href":"https:\/\/renaud-reynek.com\/cs\/wp-json\/wp\/v2\/product"}],"about":[{"href":"https:\/\/renaud-reynek.com\/cs\/wp-json\/wp\/v2\/types\/product"}],"replies":[{"embeddable":true,"href":"https:\/\/renaud-reynek.com\/cs\/wp-json\/wp\/v2\/comments?post=6576"}],"wp:featuredmedia":[{"embeddable":true,"href":"https:\/\/renaud-reynek.com\/cs\/wp-json\/wp\/v2\/media\/1356"}],"wp:attachment":[{"href":"https:\/\/renaud-reynek.com\/cs\/wp-json\/wp\/v2\/media?parent=6576"}],"wp:term":[{"taxonomy":"product_brand","embeddable":true,"href":"https:\/\/renaud-reynek.com\/cs\/wp-json\/wp\/v2\/product_brand?post=6576"},{"taxonomy":"product_cat","embeddable":true,"href":"https:\/\/renaud-reynek.com\/cs\/wp-json\/wp\/v2\/product_cat?post=6576"},{"taxonomy":"product_tag","embeddable":true,"href":"https:\/\/renaud-reynek.com\/cs\/wp-json\/wp\/v2\/product_tag?post=6576"}],"curies":[{"name":"wp","href":"https:\/\/api.w.org\/{rel}","templated":true}]}}