{"id":6575,"date":"2019-02-01T09:04:35","date_gmt":"2019-02-01T08:04:35","guid":{"rendered":"https:\/\/renaud-reynek.com\/catalogue-editorial\/nezarazene\/suzanne-renaud-s-renaud-a-b-reynek-s-renaud-b-reynkovi-dopisy-1923-1926-1996\/"},"modified":"2021-02-15T07:28:37","modified_gmt":"2021-02-15T06:28:37","slug":"suzanne-renaud-s-renaud-a-b-reynek-s-renaud-b-reynkovi-dopisy-1923-1926-1996","status":"publish","type":"product","link":"https:\/\/renaud-reynek.com\/cs\/catalogue-editorial\/suzanne-renaud-cs\/suzanne-renaud-s-renaud-a-b-reynek-s-renaud-b-reynkovi-dopisy-1923-1926-1996\/","title":{"rendered":"Suzanne RENAUD: <br><i>Suzanne Renaud <br>Bohuslava Reynkovi.<br>Dopisy (1923-1926)<\/i>.<br>1996"},"content":{"rendered":"<p><strong><em>Form\u00e1t 16,5 x 20 cm.<br \/>\n<\/em><\/strong><strong><em>128 stran. V\u00e1zan\u00e1.<br \/>\n<\/em><\/strong><strong><em>ISBN : 80-901926-2-9<\/em><\/strong><\/p>\n<p>Nakladatelstv\u00ed Archa, Zl\u00edn 1996.<br \/>\nDvojjazy\u010dn\u00e9 vyd\u00e1n\u00ed ve francouz\u0161tin\u011b a v \u010de\u0161tin\u011b.<br \/>\nP\u0159eklad a anotace Dagmar Halasov\u00e1.<\/p>\n","protected":false},"excerpt":{"rendered":"<p>Form\u00e1t 16,5 x 20 cm. 128 stran. V\u00e1zan\u00e1. ISBN : 80-901926-2-9 Nakladatelstv\u00ed Archa, Zl\u00edn 1996. Dvojjazy\u010dn\u00e9 vyd\u00e1n\u00ed ve francouz\u0161tin\u011b a v \u010de\u0161tin\u011b. P\u0159eklad a anotace Dagmar Halasov\u00e1.<\/p>\n","protected":false},"featured_media":2053,"comment_status":"open","ping_status":"closed","template":"","meta":{"_acf_changed":false},"product_brand":[],"product_cat":[210],"product_tag":[],"class_list":{"0":"post-6575","1":"product","2":"type-product","3":"status-publish","4":"has-post-thumbnail","6":"product_cat-suzanne-renaud-cs","8":"first","9":"instock","10":"shipping-taxable","11":"purchasable","12":"product-type-simple"},"acf":[],"yoast_head":"<!-- This site is optimized with the Yoast SEO plugin v27.4 - https:\/\/yoast.com\/product\/yoast-seo-wordpress\/ -->\n<title>Association Romarin - Suzanne RENAUD: Suzanne Renaud Bohuslava Reynkovi.Dopisy (1923-1926).1996<\/title>\n<meta name=\"description\" content=\"Site de l&#039;Association Romarin. D\u00e9couvrez les \u0153uvres du graveur tch\u00e8que Bohuslav Reynek et de Suzanne Renaud, po\u00e8te, son \u00e9pouse grenobloise.\" \/>\n<meta name=\"robots\" content=\"index, follow, max-snippet:-1, max-image-preview:large, max-video-preview:-1\" \/>\n<link rel=\"canonical\" href=\"https:\/\/renaud-reynek.com\/cs\/catalogue-editorial\/suzanne-renaud-cs\/suzanne-renaud-s-renaud-a-b-reynek-s-renaud-b-reynkovi-dopisy-1923-1926-1996\/\" \/>\n<meta property=\"og:locale\" content=\"cs_CZ\" \/>\n<meta property=\"og:type\" content=\"article\" \/>\n<meta property=\"og:title\" content=\"Association Romarin - Suzanne RENAUD: Suzanne Renaud Bohuslava Reynkovi.Dopisy (1923-1926).1996\" \/>\n<meta property=\"og:description\" content=\"Site de l&#039;Association Romarin. D\u00e9couvrez les \u0153uvres du graveur tch\u00e8que Bohuslav Reynek et de Suzanne Renaud, po\u00e8te, son \u00e9pouse grenobloise.\" \/>\n<meta property=\"og:url\" content=\"https:\/\/renaud-reynek.com\/cs\/catalogue-editorial\/suzanne-renaud-cs\/suzanne-renaud-s-renaud-a-b-reynek-s-renaud-b-reynkovi-dopisy-1923-1926-1996\/\" \/>\n<meta property=\"og:site_name\" content=\"Association Romarin\" \/>\n<meta property=\"article:modified_time\" content=\"2021-02-15T06:28:37+00:00\" \/>\n<meta property=\"og:image\" content=\"https:\/\/renaud-reynek.com\/wp-content\/uploads\/2020\/02\/SR_LettresBR1996.jpg\" \/>\n\t<meta property=\"og:image:width\" content=\"1000\" \/>\n\t<meta property=\"og:image:height\" content=\"1194\" \/>\n\t<meta property=\"og:image:type\" content=\"image\/jpeg\" \/>\n<meta name=\"twitter:card\" content=\"summary_large_image\" \/>\n<script type=\"application\/ld+json\" class=\"yoast-schema-graph\">{\"@context\":\"https:\\\/\\\/schema.org\",\"@graph\":[{\"@type\":\"WebPage\",\"@id\":\"https:\\\/\\\/renaud-reynek.com\\\/cs\\\/catalogue-editorial\\\/suzanne-renaud-cs\\\/suzanne-renaud-s-renaud-a-b-reynek-s-renaud-b-reynkovi-dopisy-1923-1926-1996\\\/\",\"url\":\"https:\\\/\\\/renaud-reynek.com\\\/cs\\\/catalogue-editorial\\\/suzanne-renaud-cs\\\/suzanne-renaud-s-renaud-a-b-reynek-s-renaud-b-reynkovi-dopisy-1923-1926-1996\\\/\",\"name\":\"Association Romarin - Suzanne RENAUD: Suzanne Renaud Bohuslava Reynkovi. Dopisy (1923-1926). 1996\",\"isPartOf\":{\"@id\":\"https:\\\/\\\/renaud-reynek.com\\\/cs\\\/#website\"},\"primaryImageOfPage\":{\"@id\":\"https:\\\/\\\/renaud-reynek.com\\\/cs\\\/catalogue-editorial\\\/suzanne-renaud-cs\\\/suzanne-renaud-s-renaud-a-b-reynek-s-renaud-b-reynkovi-dopisy-1923-1926-1996\\\/#primaryimage\"},\"image\":{\"@id\":\"https:\\\/\\\/renaud-reynek.com\\\/cs\\\/catalogue-editorial\\\/suzanne-renaud-cs\\\/suzanne-renaud-s-renaud-a-b-reynek-s-renaud-b-reynkovi-dopisy-1923-1926-1996\\\/#primaryimage\"},\"thumbnailUrl\":\"https:\\\/\\\/renaud-reynek.com\\\/wp-content\\\/uploads\\\/2020\\\/02\\\/SR_LettresBR1996.jpg\",\"datePublished\":\"2019-02-01T08:04:35+00:00\",\"dateModified\":\"2021-02-15T06:28:37+00:00\",\"description\":\"Site de l'Association Romarin. D\u00e9couvrez les \u0153uvres du graveur tch\u00e8que Bohuslav Reynek et de Suzanne Renaud, po\u00e8te, son \u00e9pouse grenobloise.\",\"breadcrumb\":{\"@id\":\"https:\\\/\\\/renaud-reynek.com\\\/cs\\\/catalogue-editorial\\\/suzanne-renaud-cs\\\/suzanne-renaud-s-renaud-a-b-reynek-s-renaud-b-reynkovi-dopisy-1923-1926-1996\\\/#breadcrumb\"},\"inLanguage\":\"cs\",\"potentialAction\":[{\"@type\":\"ReadAction\",\"target\":[\"https:\\\/\\\/renaud-reynek.com\\\/cs\\\/catalogue-editorial\\\/suzanne-renaud-cs\\\/suzanne-renaud-s-renaud-a-b-reynek-s-renaud-b-reynkovi-dopisy-1923-1926-1996\\\/\"]}]},{\"@type\":\"ImageObject\",\"inLanguage\":\"cs\",\"@id\":\"https:\\\/\\\/renaud-reynek.com\\\/cs\\\/catalogue-editorial\\\/suzanne-renaud-cs\\\/suzanne-renaud-s-renaud-a-b-reynek-s-renaud-b-reynkovi-dopisy-1923-1926-1996\\\/#primaryimage\",\"url\":\"https:\\\/\\\/renaud-reynek.com\\\/wp-content\\\/uploads\\\/2020\\\/02\\\/SR_LettresBR1996.jpg\",\"contentUrl\":\"https:\\\/\\\/renaud-reynek.com\\\/wp-content\\\/uploads\\\/2020\\\/02\\\/SR_LettresBR1996.jpg\",\"width\":1000,\"height\":1194},{\"@type\":\"BreadcrumbList\",\"@id\":\"https:\\\/\\\/renaud-reynek.com\\\/cs\\\/catalogue-editorial\\\/suzanne-renaud-cs\\\/suzanne-renaud-s-renaud-a-b-reynek-s-renaud-b-reynkovi-dopisy-1923-1926-1996\\\/#breadcrumb\",\"itemListElement\":[{\"@type\":\"ListItem\",\"position\":1,\"name\":\"Accueil\",\"item\":\"https:\\\/\\\/renaud-reynek.com\\\/cs\\\/\"},{\"@type\":\"ListItem\",\"position\":2,\"name\":\"Produkty\",\"item\":\"https:\\\/\\\/renaud-reynek.com\\\/cs\\\/shop\\\/\"},{\"@type\":\"ListItem\",\"position\":3,\"name\":\"Suzanne RENAUD: Suzanne Renaud Bohuslava Reynkovi.Dopisy (1923-1926).1996\"}]},{\"@type\":\"WebSite\",\"@id\":\"https:\\\/\\\/renaud-reynek.com\\\/cs\\\/#website\",\"url\":\"https:\\\/\\\/renaud-reynek.com\\\/cs\\\/\",\"name\":\"Association Romarin\",\"description\":\"Les Amis de Suzanne Renaud et Bohuslav Reynek\",\"potentialAction\":[{\"@type\":\"SearchAction\",\"target\":{\"@type\":\"EntryPoint\",\"urlTemplate\":\"https:\\\/\\\/renaud-reynek.com\\\/cs\\\/?s={search_term_string}\"},\"query-input\":{\"@type\":\"PropertyValueSpecification\",\"valueRequired\":true,\"valueName\":\"search_term_string\"}}],\"inLanguage\":\"cs\"}]}<\/script>\n<!-- \/ Yoast SEO plugin. -->","yoast_head_json":{"title":"Association Romarin - Suzanne RENAUD: Suzanne Renaud Bohuslava Reynkovi.Dopisy (1923-1926).1996","description":"Site de l'Association Romarin. D\u00e9couvrez les \u0153uvres du graveur tch\u00e8que Bohuslav Reynek et de Suzanne Renaud, po\u00e8te, son \u00e9pouse grenobloise.","robots":{"index":"index","follow":"follow","max-snippet":"max-snippet:-1","max-image-preview":"max-image-preview:large","max-video-preview":"max-video-preview:-1"},"canonical":"https:\/\/renaud-reynek.com\/cs\/catalogue-editorial\/suzanne-renaud-cs\/suzanne-renaud-s-renaud-a-b-reynek-s-renaud-b-reynkovi-dopisy-1923-1926-1996\/","og_locale":"cs_CZ","og_type":"article","og_title":"Association Romarin - Suzanne RENAUD: Suzanne Renaud Bohuslava Reynkovi.Dopisy (1923-1926).1996","og_description":"Site de l'Association Romarin. D\u00e9couvrez les \u0153uvres du graveur tch\u00e8que Bohuslav Reynek et de Suzanne Renaud, po\u00e8te, son \u00e9pouse grenobloise.","og_url":"https:\/\/renaud-reynek.com\/cs\/catalogue-editorial\/suzanne-renaud-cs\/suzanne-renaud-s-renaud-a-b-reynek-s-renaud-b-reynkovi-dopisy-1923-1926-1996\/","og_site_name":"Association Romarin","article_modified_time":"2021-02-15T06:28:37+00:00","og_image":[{"width":1000,"height":1194,"url":"https:\/\/renaud-reynek.com\/wp-content\/uploads\/2020\/02\/SR_LettresBR1996.jpg","type":"image\/jpeg"}],"twitter_card":"summary_large_image","schema":{"@context":"https:\/\/schema.org","@graph":[{"@type":"WebPage","@id":"https:\/\/renaud-reynek.com\/cs\/catalogue-editorial\/suzanne-renaud-cs\/suzanne-renaud-s-renaud-a-b-reynek-s-renaud-b-reynkovi-dopisy-1923-1926-1996\/","url":"https:\/\/renaud-reynek.com\/cs\/catalogue-editorial\/suzanne-renaud-cs\/suzanne-renaud-s-renaud-a-b-reynek-s-renaud-b-reynkovi-dopisy-1923-1926-1996\/","name":"Association Romarin - Suzanne RENAUD: Suzanne Renaud Bohuslava Reynkovi. Dopisy (1923-1926). 1996","isPartOf":{"@id":"https:\/\/renaud-reynek.com\/cs\/#website"},"primaryImageOfPage":{"@id":"https:\/\/renaud-reynek.com\/cs\/catalogue-editorial\/suzanne-renaud-cs\/suzanne-renaud-s-renaud-a-b-reynek-s-renaud-b-reynkovi-dopisy-1923-1926-1996\/#primaryimage"},"image":{"@id":"https:\/\/renaud-reynek.com\/cs\/catalogue-editorial\/suzanne-renaud-cs\/suzanne-renaud-s-renaud-a-b-reynek-s-renaud-b-reynkovi-dopisy-1923-1926-1996\/#primaryimage"},"thumbnailUrl":"https:\/\/renaud-reynek.com\/wp-content\/uploads\/2020\/02\/SR_LettresBR1996.jpg","datePublished":"2019-02-01T08:04:35+00:00","dateModified":"2021-02-15T06:28:37+00:00","description":"Site de l'Association Romarin. D\u00e9couvrez les \u0153uvres du graveur tch\u00e8que Bohuslav Reynek et de Suzanne Renaud, po\u00e8te, son \u00e9pouse grenobloise.","breadcrumb":{"@id":"https:\/\/renaud-reynek.com\/cs\/catalogue-editorial\/suzanne-renaud-cs\/suzanne-renaud-s-renaud-a-b-reynek-s-renaud-b-reynkovi-dopisy-1923-1926-1996\/#breadcrumb"},"inLanguage":"cs","potentialAction":[{"@type":"ReadAction","target":["https:\/\/renaud-reynek.com\/cs\/catalogue-editorial\/suzanne-renaud-cs\/suzanne-renaud-s-renaud-a-b-reynek-s-renaud-b-reynkovi-dopisy-1923-1926-1996\/"]}]},{"@type":"ImageObject","inLanguage":"cs","@id":"https:\/\/renaud-reynek.com\/cs\/catalogue-editorial\/suzanne-renaud-cs\/suzanne-renaud-s-renaud-a-b-reynek-s-renaud-b-reynkovi-dopisy-1923-1926-1996\/#primaryimage","url":"https:\/\/renaud-reynek.com\/wp-content\/uploads\/2020\/02\/SR_LettresBR1996.jpg","contentUrl":"https:\/\/renaud-reynek.com\/wp-content\/uploads\/2020\/02\/SR_LettresBR1996.jpg","width":1000,"height":1194},{"@type":"BreadcrumbList","@id":"https:\/\/renaud-reynek.com\/cs\/catalogue-editorial\/suzanne-renaud-cs\/suzanne-renaud-s-renaud-a-b-reynek-s-renaud-b-reynkovi-dopisy-1923-1926-1996\/#breadcrumb","itemListElement":[{"@type":"ListItem","position":1,"name":"Accueil","item":"https:\/\/renaud-reynek.com\/cs\/"},{"@type":"ListItem","position":2,"name":"Produkty","item":"https:\/\/renaud-reynek.com\/cs\/shop\/"},{"@type":"ListItem","position":3,"name":"Suzanne RENAUD: Suzanne Renaud Bohuslava Reynkovi.Dopisy (1923-1926).1996"}]},{"@type":"WebSite","@id":"https:\/\/renaud-reynek.com\/cs\/#website","url":"https:\/\/renaud-reynek.com\/cs\/","name":"Association Romarin","description":"Les Amis de Suzanne Renaud et Bohuslav Reynek","potentialAction":[{"@type":"SearchAction","target":{"@type":"EntryPoint","urlTemplate":"https:\/\/renaud-reynek.com\/cs\/?s={search_term_string}"},"query-input":{"@type":"PropertyValueSpecification","valueRequired":true,"valueName":"search_term_string"}}],"inLanguage":"cs"}]}},"_links":{"self":[{"href":"https:\/\/renaud-reynek.com\/cs\/wp-json\/wp\/v2\/product\/6575","targetHints":{"allow":["GET"]}}],"collection":[{"href":"https:\/\/renaud-reynek.com\/cs\/wp-json\/wp\/v2\/product"}],"about":[{"href":"https:\/\/renaud-reynek.com\/cs\/wp-json\/wp\/v2\/types\/product"}],"replies":[{"embeddable":true,"href":"https:\/\/renaud-reynek.com\/cs\/wp-json\/wp\/v2\/comments?post=6575"}],"wp:featuredmedia":[{"embeddable":true,"href":"https:\/\/renaud-reynek.com\/cs\/wp-json\/wp\/v2\/media\/2053"}],"wp:attachment":[{"href":"https:\/\/renaud-reynek.com\/cs\/wp-json\/wp\/v2\/media?parent=6575"}],"wp:term":[{"taxonomy":"product_brand","embeddable":true,"href":"https:\/\/renaud-reynek.com\/cs\/wp-json\/wp\/v2\/product_brand?post=6575"},{"taxonomy":"product_cat","embeddable":true,"href":"https:\/\/renaud-reynek.com\/cs\/wp-json\/wp\/v2\/product_cat?post=6575"},{"taxonomy":"product_tag","embeddable":true,"href":"https:\/\/renaud-reynek.com\/cs\/wp-json\/wp\/v2\/product_tag?post=6575"}],"curies":[{"name":"wp","href":"https:\/\/api.w.org\/{rel}","templated":true}]}}