{"id":6574,"date":"2020-01-09T22:46:29","date_gmt":"2020-01-09T21:46:29","guid":{"rendered":"https:\/\/renaud-reynek.com\/catalogue-editorial\/nezarazene\/annick-auzimour-henriette-groll-grand-peintre-et-femme-1997\/"},"modified":"2021-02-15T05:41:46","modified_gmt":"2021-02-15T04:41:46","slug":"annick-auzimour-henriette-groll-grand-peintre-et-femme-1997","status":"publish","type":"product","link":"https:\/\/renaud-reynek.com\/cs\/catalogue-editorial\/suzanne-renaud-cs\/annick-auzimour-henriette-groll-grand-peintre-et-femme-1997\/","title":{"rendered":"Annick AUZIMOUR: <br><i>Henriette Gr\u00f6ll. Grand peintre. <br>Et femme<\/i>.<br>[<i>Henriette Gr\u00f6ll. Velk\u00e9 mal\u00ed\u0159ka. <br>A \u017eena<\/i>].<br>1997"},"content":{"rendered":"<p><strong><em>Form\u00e1t 12,5 x 19 cm.<br \/>\n<\/em><\/strong><strong><em>144 stran. V\u00e1zan\u00e1, ilustrovan\u00e1 ob\u00e1lka.<br \/>\n<\/em><\/strong><strong><em>ISBN : 2\u2013910544\u201303\u20136<\/em><\/strong><\/p>\n<p>Nakladatelstv\u00ed Romarin, Grenoble 1997.<br \/>\nJazyk: francouzsk\u00fd.<br \/>\nBiografick\u00fd text.<br \/>\nDopisy Henriette Gr\u00f6llov\u00e1 a Suzanne Renaudov\u00e1.<br \/>\nP\u0159edmluva Paul Dreyfus. Pozn\u00e1mky, chronologie.<br \/>\nIlustrace: 8 olejomaleb a 13 \u010dernob\u00edl\u00fdch kreseb Henriette Gr\u00f6llov\u00e9, 3 fotografie um\u011blkyn\u011b a jej\u00edho domu v Sassenage, 2 such\u00e9 jehly Andr\u00e9 Dunoyera de Segonzac.<\/p>\n","protected":false},"excerpt":{"rendered":"<p>Autorka byla v posledn\u00edch letech \u017eivota bl\u00edzkou p\u0159\u00edtelkyn\u00ed Henriette Gr\u00f6llov\u00e9 (1906-1996), a mohla tak v\u011brn\u011b zachytit \u017eivot t\u00e9to mal\u00ed\u0159ky, Pa\u0159\u00ed\u017eanky a z\u00e1rove\u0148 \u017eeny pevn\u011b usazen\u00e9 v kraji Dauphin\u00e9. V\u00e1\u0161niv\u00fd \u017eivot t\u00e9to siln\u00e9 osobnosti, um\u011blkyn\u011b, mezi jej\u00ed\u017e bl\u00edzk\u00e9 p\u0159\u00e1tele pat\u0159ila \u0159ada velk\u00fdch spisovatel\u016f 20. stolet\u00ed od Andr\u00e9 Malrauxe a\u017e po Saint-Exup\u00e9ryho. Henriette Gr\u00f6llov\u00e1 se jako figurativn\u00ed mal\u00ed\u0159ka, nehled\u00edc\u00ed na m\u00f3dn\u00ed sm\u011bry, velmi rychle za\u0159adila po boku Suzanne Valadonov\u00e9 a Marie Laurencinov\u00e9 mezi vz\u00e1cn\u00e9 mal\u00ed\u0159ky, kter\u00e9 ovlivnily sou\u010dasn\u00e9 mal\u00ed\u0159stv\u00ed. Vytvo\u0159ila rozs\u00e1hl\u00e9 d\u00edlo (portr\u00e9ty, krajiny a z\u00e1ti\u0161\u00ed), kter\u00e9 se dnes nach\u00e1z\u00ed v soukrom\u00fdch sb\u00edrk\u00e1ch a muze\u00edch ve Francii i v zahrani\u010d\u00ed. Na konci publikace uv\u00e1d\u00edme n\u011bkolik dopis\u016f mezi um\u011blkyn\u00ed a Suzanne Renaudovou, kter\u00e9 jsou vzpom\u00ednkou na setk\u00e1n\u00ed t\u011bchtou dvou velk\u00fdch dam.<\/p>\n","protected":false},"featured_media":3894,"comment_status":"open","ping_status":"closed","template":"","meta":{"_acf_changed":false},"product_brand":[],"product_cat":[241,210],"product_tag":[],"class_list":{"0":"post-6574","1":"product","2":"type-product","3":"status-publish","4":"has-post-thumbnail","6":"product_cat-annick-auzimour-cs","7":"product_cat-suzanne-renaud-cs","9":"first","10":"instock","11":"shipping-taxable","12":"purchasable","13":"product-type-simple"},"acf":[],"yoast_head":"<!-- This site is optimized with the Yoast SEO plugin v27.5 - https:\/\/yoast.com\/product\/yoast-seo-wordpress\/ -->\n<title>Association Romarin - Annick AUZIMOUR: Henriette Gr\u00f6ll. Grand peintre. Et femme.[Henriette Gr\u00f6ll. Velk\u00e9 mal\u00ed\u0159ka. A \u017eena].1997<\/title>\n<meta name=\"description\" content=\"Site de l&#039;Association Romarin. D\u00e9couvrez les \u0153uvres du graveur tch\u00e8que Bohuslav Reynek et de Suzanne Renaud, po\u00e8te, son \u00e9pouse grenobloise.\" \/>\n<meta name=\"robots\" content=\"index, follow, max-snippet:-1, max-image-preview:large, max-video-preview:-1\" \/>\n<link rel=\"canonical\" href=\"https:\/\/renaud-reynek.com\/cs\/catalogue-editorial\/suzanne-renaud-cs\/annick-auzimour-henriette-groll-grand-peintre-et-femme-1997\/\" \/>\n<meta property=\"og:locale\" content=\"cs_CZ\" \/>\n<meta property=\"og:type\" content=\"article\" \/>\n<meta property=\"og:title\" content=\"Association Romarin - Annick AUZIMOUR: Henriette Gr\u00f6ll. Grand peintre. Et femme.[Henriette Gr\u00f6ll. Velk\u00e9 mal\u00ed\u0159ka. A \u017eena].1997\" \/>\n<meta property=\"og:description\" content=\"Site de l&#039;Association Romarin. D\u00e9couvrez les \u0153uvres du graveur tch\u00e8que Bohuslav Reynek et de Suzanne Renaud, po\u00e8te, son \u00e9pouse grenobloise.\" \/>\n<meta property=\"og:url\" content=\"https:\/\/renaud-reynek.com\/cs\/catalogue-editorial\/suzanne-renaud-cs\/annick-auzimour-henriette-groll-grand-peintre-et-femme-1997\/\" \/>\n<meta property=\"og:site_name\" content=\"Association Romarin\" \/>\n<meta property=\"article:modified_time\" content=\"2021-02-15T04:41:46+00:00\" \/>\n<meta property=\"og:image\" content=\"https:\/\/renaud-reynek.com\/wp-content\/uploads\/2020\/02\/AAuzimour_HGroll1997.jpg\" \/>\n\t<meta property=\"og:image:width\" content=\"1505\" \/>\n\t<meta property=\"og:image:height\" content=\"2275\" \/>\n\t<meta property=\"og:image:type\" content=\"image\/jpeg\" \/>\n<meta name=\"twitter:card\" content=\"summary_large_image\" \/>\n<script type=\"application\/ld+json\" class=\"yoast-schema-graph\">{\"@context\":\"https:\\\/\\\/schema.org\",\"@graph\":[{\"@type\":\"WebPage\",\"@id\":\"https:\\\/\\\/renaud-reynek.com\\\/cs\\\/catalogue-editorial\\\/suzanne-renaud-cs\\\/annick-auzimour-henriette-groll-grand-peintre-et-femme-1997\\\/\",\"url\":\"https:\\\/\\\/renaud-reynek.com\\\/cs\\\/catalogue-editorial\\\/suzanne-renaud-cs\\\/annick-auzimour-henriette-groll-grand-peintre-et-femme-1997\\\/\",\"name\":\"Association Romarin - Annick AUZIMOUR: Henriette Gr\u00f6ll. Grand peintre. Et femme. [Henriette Gr\u00f6ll. Velk\u00e9 mal\u00ed\u0159ka. A \u017eena]. 1997\",\"isPartOf\":{\"@id\":\"https:\\\/\\\/renaud-reynek.com\\\/cs\\\/#website\"},\"primaryImageOfPage\":{\"@id\":\"https:\\\/\\\/renaud-reynek.com\\\/cs\\\/catalogue-editorial\\\/suzanne-renaud-cs\\\/annick-auzimour-henriette-groll-grand-peintre-et-femme-1997\\\/#primaryimage\"},\"image\":{\"@id\":\"https:\\\/\\\/renaud-reynek.com\\\/cs\\\/catalogue-editorial\\\/suzanne-renaud-cs\\\/annick-auzimour-henriette-groll-grand-peintre-et-femme-1997\\\/#primaryimage\"},\"thumbnailUrl\":\"https:\\\/\\\/renaud-reynek.com\\\/wp-content\\\/uploads\\\/2020\\\/02\\\/AAuzimour_HGroll1997.jpg\",\"datePublished\":\"2020-01-09T21:46:29+00:00\",\"dateModified\":\"2021-02-15T04:41:46+00:00\",\"description\":\"Site de l'Association Romarin. D\u00e9couvrez les \u0153uvres du graveur tch\u00e8que Bohuslav Reynek et de Suzanne Renaud, po\u00e8te, son \u00e9pouse grenobloise.\",\"breadcrumb\":{\"@id\":\"https:\\\/\\\/renaud-reynek.com\\\/cs\\\/catalogue-editorial\\\/suzanne-renaud-cs\\\/annick-auzimour-henriette-groll-grand-peintre-et-femme-1997\\\/#breadcrumb\"},\"inLanguage\":\"cs\",\"potentialAction\":[{\"@type\":\"ReadAction\",\"target\":[\"https:\\\/\\\/renaud-reynek.com\\\/cs\\\/catalogue-editorial\\\/suzanne-renaud-cs\\\/annick-auzimour-henriette-groll-grand-peintre-et-femme-1997\\\/\"]}]},{\"@type\":\"ImageObject\",\"inLanguage\":\"cs\",\"@id\":\"https:\\\/\\\/renaud-reynek.com\\\/cs\\\/catalogue-editorial\\\/suzanne-renaud-cs\\\/annick-auzimour-henriette-groll-grand-peintre-et-femme-1997\\\/#primaryimage\",\"url\":\"https:\\\/\\\/renaud-reynek.com\\\/wp-content\\\/uploads\\\/2020\\\/02\\\/AAuzimour_HGroll1997.jpg\",\"contentUrl\":\"https:\\\/\\\/renaud-reynek.com\\\/wp-content\\\/uploads\\\/2020\\\/02\\\/AAuzimour_HGroll1997.jpg\",\"width\":1505,\"height\":2275},{\"@type\":\"BreadcrumbList\",\"@id\":\"https:\\\/\\\/renaud-reynek.com\\\/cs\\\/catalogue-editorial\\\/suzanne-renaud-cs\\\/annick-auzimour-henriette-groll-grand-peintre-et-femme-1997\\\/#breadcrumb\",\"itemListElement\":[{\"@type\":\"ListItem\",\"position\":1,\"name\":\"Accueil\",\"item\":\"https:\\\/\\\/renaud-reynek.com\\\/cs\\\/\"},{\"@type\":\"ListItem\",\"position\":2,\"name\":\"Produkty\",\"item\":\"https:\\\/\\\/renaud-reynek.com\\\/cs\\\/shop\\\/\"},{\"@type\":\"ListItem\",\"position\":3,\"name\":\"Annick AUZIMOUR: Henriette Gr\u00f6ll. Grand peintre. Et femme.[Henriette Gr\u00f6ll. Velk\u00e9 mal\u00ed\u0159ka. A \u017eena].1997\"}]},{\"@type\":\"WebSite\",\"@id\":\"https:\\\/\\\/renaud-reynek.com\\\/cs\\\/#website\",\"url\":\"https:\\\/\\\/renaud-reynek.com\\\/cs\\\/\",\"name\":\"Association Romarin\",\"description\":\"Les Amis de Suzanne Renaud et Bohuslav Reynek\",\"potentialAction\":[{\"@type\":\"SearchAction\",\"target\":{\"@type\":\"EntryPoint\",\"urlTemplate\":\"https:\\\/\\\/renaud-reynek.com\\\/cs\\\/?s={search_term_string}\"},\"query-input\":{\"@type\":\"PropertyValueSpecification\",\"valueRequired\":true,\"valueName\":\"search_term_string\"}}],\"inLanguage\":\"cs\"}]}<\/script>\n<!-- \/ Yoast SEO plugin. -->","yoast_head_json":{"title":"Association Romarin - Annick AUZIMOUR: Henriette Gr\u00f6ll. Grand peintre. Et femme.[Henriette Gr\u00f6ll. Velk\u00e9 mal\u00ed\u0159ka. A \u017eena].1997","description":"Site de l'Association Romarin. D\u00e9couvrez les \u0153uvres du graveur tch\u00e8que Bohuslav Reynek et de Suzanne Renaud, po\u00e8te, son \u00e9pouse grenobloise.","robots":{"index":"index","follow":"follow","max-snippet":"max-snippet:-1","max-image-preview":"max-image-preview:large","max-video-preview":"max-video-preview:-1"},"canonical":"https:\/\/renaud-reynek.com\/cs\/catalogue-editorial\/suzanne-renaud-cs\/annick-auzimour-henriette-groll-grand-peintre-et-femme-1997\/","og_locale":"cs_CZ","og_type":"article","og_title":"Association Romarin - Annick AUZIMOUR: Henriette Gr\u00f6ll. Grand peintre. Et femme.[Henriette Gr\u00f6ll. Velk\u00e9 mal\u00ed\u0159ka. A \u017eena].1997","og_description":"Site de l'Association Romarin. D\u00e9couvrez les \u0153uvres du graveur tch\u00e8que Bohuslav Reynek et de Suzanne Renaud, po\u00e8te, son \u00e9pouse grenobloise.","og_url":"https:\/\/renaud-reynek.com\/cs\/catalogue-editorial\/suzanne-renaud-cs\/annick-auzimour-henriette-groll-grand-peintre-et-femme-1997\/","og_site_name":"Association Romarin","article_modified_time":"2021-02-15T04:41:46+00:00","og_image":[{"width":1505,"height":2275,"url":"https:\/\/renaud-reynek.com\/wp-content\/uploads\/2020\/02\/AAuzimour_HGroll1997.jpg","type":"image\/jpeg"}],"twitter_card":"summary_large_image","schema":{"@context":"https:\/\/schema.org","@graph":[{"@type":"WebPage","@id":"https:\/\/renaud-reynek.com\/cs\/catalogue-editorial\/suzanne-renaud-cs\/annick-auzimour-henriette-groll-grand-peintre-et-femme-1997\/","url":"https:\/\/renaud-reynek.com\/cs\/catalogue-editorial\/suzanne-renaud-cs\/annick-auzimour-henriette-groll-grand-peintre-et-femme-1997\/","name":"Association Romarin - Annick AUZIMOUR: Henriette Gr\u00f6ll. Grand peintre. Et femme. [Henriette Gr\u00f6ll. Velk\u00e9 mal\u00ed\u0159ka. A \u017eena]. 1997","isPartOf":{"@id":"https:\/\/renaud-reynek.com\/cs\/#website"},"primaryImageOfPage":{"@id":"https:\/\/renaud-reynek.com\/cs\/catalogue-editorial\/suzanne-renaud-cs\/annick-auzimour-henriette-groll-grand-peintre-et-femme-1997\/#primaryimage"},"image":{"@id":"https:\/\/renaud-reynek.com\/cs\/catalogue-editorial\/suzanne-renaud-cs\/annick-auzimour-henriette-groll-grand-peintre-et-femme-1997\/#primaryimage"},"thumbnailUrl":"https:\/\/renaud-reynek.com\/wp-content\/uploads\/2020\/02\/AAuzimour_HGroll1997.jpg","datePublished":"2020-01-09T21:46:29+00:00","dateModified":"2021-02-15T04:41:46+00:00","description":"Site de l'Association Romarin. D\u00e9couvrez les \u0153uvres du graveur tch\u00e8que Bohuslav Reynek et de Suzanne Renaud, po\u00e8te, son \u00e9pouse grenobloise.","breadcrumb":{"@id":"https:\/\/renaud-reynek.com\/cs\/catalogue-editorial\/suzanne-renaud-cs\/annick-auzimour-henriette-groll-grand-peintre-et-femme-1997\/#breadcrumb"},"inLanguage":"cs","potentialAction":[{"@type":"ReadAction","target":["https:\/\/renaud-reynek.com\/cs\/catalogue-editorial\/suzanne-renaud-cs\/annick-auzimour-henriette-groll-grand-peintre-et-femme-1997\/"]}]},{"@type":"ImageObject","inLanguage":"cs","@id":"https:\/\/renaud-reynek.com\/cs\/catalogue-editorial\/suzanne-renaud-cs\/annick-auzimour-henriette-groll-grand-peintre-et-femme-1997\/#primaryimage","url":"https:\/\/renaud-reynek.com\/wp-content\/uploads\/2020\/02\/AAuzimour_HGroll1997.jpg","contentUrl":"https:\/\/renaud-reynek.com\/wp-content\/uploads\/2020\/02\/AAuzimour_HGroll1997.jpg","width":1505,"height":2275},{"@type":"BreadcrumbList","@id":"https:\/\/renaud-reynek.com\/cs\/catalogue-editorial\/suzanne-renaud-cs\/annick-auzimour-henriette-groll-grand-peintre-et-femme-1997\/#breadcrumb","itemListElement":[{"@type":"ListItem","position":1,"name":"Accueil","item":"https:\/\/renaud-reynek.com\/cs\/"},{"@type":"ListItem","position":2,"name":"Produkty","item":"https:\/\/renaud-reynek.com\/cs\/shop\/"},{"@type":"ListItem","position":3,"name":"Annick AUZIMOUR: Henriette Gr\u00f6ll. Grand peintre. Et femme.[Henriette Gr\u00f6ll. Velk\u00e9 mal\u00ed\u0159ka. A \u017eena].1997"}]},{"@type":"WebSite","@id":"https:\/\/renaud-reynek.com\/cs\/#website","url":"https:\/\/renaud-reynek.com\/cs\/","name":"Association Romarin","description":"Les Amis de Suzanne Renaud et Bohuslav Reynek","potentialAction":[{"@type":"SearchAction","target":{"@type":"EntryPoint","urlTemplate":"https:\/\/renaud-reynek.com\/cs\/?s={search_term_string}"},"query-input":{"@type":"PropertyValueSpecification","valueRequired":true,"valueName":"search_term_string"}}],"inLanguage":"cs"}]}},"_links":{"self":[{"href":"https:\/\/renaud-reynek.com\/cs\/wp-json\/wp\/v2\/product\/6574","targetHints":{"allow":["GET"]}}],"collection":[{"href":"https:\/\/renaud-reynek.com\/cs\/wp-json\/wp\/v2\/product"}],"about":[{"href":"https:\/\/renaud-reynek.com\/cs\/wp-json\/wp\/v2\/types\/product"}],"replies":[{"embeddable":true,"href":"https:\/\/renaud-reynek.com\/cs\/wp-json\/wp\/v2\/comments?post=6574"}],"wp:featuredmedia":[{"embeddable":true,"href":"https:\/\/renaud-reynek.com\/cs\/wp-json\/wp\/v2\/media\/3894"}],"wp:attachment":[{"href":"https:\/\/renaud-reynek.com\/cs\/wp-json\/wp\/v2\/media?parent=6574"}],"wp:term":[{"taxonomy":"product_brand","embeddable":true,"href":"https:\/\/renaud-reynek.com\/cs\/wp-json\/wp\/v2\/product_brand?post=6574"},{"taxonomy":"product_cat","embeddable":true,"href":"https:\/\/renaud-reynek.com\/cs\/wp-json\/wp\/v2\/product_cat?post=6574"},{"taxonomy":"product_tag","embeddable":true,"href":"https:\/\/renaud-reynek.com\/cs\/wp-json\/wp\/v2\/product_tag?post=6574"}],"curies":[{"name":"wp","href":"https:\/\/api.w.org\/{rel}","templated":true}]}}