{"id":6572,"date":"2020-01-09T23:47:34","date_gmt":"2020-01-09T22:47:34","guid":{"rendered":"https:\/\/renaud-reynek.com\/catalogue-editorial\/nezarazene\/suzanne-renaud-oeuvres-les-gonds-du-silence-tome-ii-1999\/"},"modified":"2021-02-19T18:41:13","modified_gmt":"2021-02-19T17:41:13","slug":"suzanne-renaud-oeuvres-les-gonds-du-silence-tome-ii-1999","status":"publish","type":"product","link":"https:\/\/renaud-reynek.com\/cs\/catalogue-editorial\/suzanne-renaud-cs\/suzanne-renaud-oeuvres-les-gonds-du-silence-tome-ii-1999\/","title":{"rendered":"Suzanne RENAUD: <br><i>\u0152uvres. Les gonds <br>du silence<\/i> (D\u00edl II).<br>[<i>St\u011b\u017eeje ticha<\/i>].<br>1999"},"content":{"rendered":"<p><strong><em>Form\u00e1t 12,5 x 19 cm.<\/em><\/strong><br \/>\n<strong><em>340 pages. V\u00e1zan\u00e1, ilustrovan\u00e1 ob\u00e1lka.<\/em><\/strong><br \/>\n<strong><em>ISBN : 2-910544-07-9<\/em><\/strong><\/p>\n<p>Nakladatelstv\u00ed Romarin, Grenoble 1999.<br \/>\nDruh\u00fd svazek kritick\u00e9ho vyd\u00e1n\u00ed b\u00e1sn\u00ed Suzanne Renaudov\u00e9.<br \/>\nJazyk: francouzsk\u00fd.<br \/>\nPozn\u00e1mky, chronologie, bibliographie.<br \/>\nBiografick\u00fd text Annick Auzimourov\u00e1, p\u0159eklad do \u010de\u0161tiny Ji\u0159\u00ed Reynek.<br \/>\nIlustrace: frontispice Bohuslava Reynka, 25 fotografi\u00ed barevn\u00e9 a \u010dernob\u00edl\u00e9 ilustrace Daniel Reynek, 2 fotografi\u00ed Pavel \u0160indel\u00e1\u0159.<br \/>\nVyd\u00e1n\u00ed p\u0159ipravili Annick Auzimourov\u00e1 a Barbora Bukovinsk\u00e1.<br \/>\nKniha vych\u00e1z\u00ed s laskavou podporou Ministerstva zahrani\u010dn\u00edch v\u011bc\u00ed \u010cesk\u00e9 republiky a Centre National du Livre, Pa\u0159\u00ed\u017e.<\/p>\n","protected":false},"excerpt":{"rendered":"<p>Druh\u00fd a posledn\u00ed d\u00edl kritick\u00e9ho vyd\u00e1n\u00ed kompletn\u00edho B\u00e1snick\u00e9ho d\u00edla Suzanne Renaudov\u00e9, svazek <em>Les gonds du silence<\/em> [<em>D\u00edlo<\/em>. <em>St\u011b\u017eeje ticha<\/em>], navazuje na <em>\u0152uvres \u2014 D\u00edlo<\/em> (d\u00edl I), dvoujazy\u010dn\u00e9 vyd\u00e1n\u00ed autor\u010din\u00fdch sb\u00edrek, kter\u00e9 vy\u0161ly v p\u0159ekladech Bohuslava Reynka. V tomto svazku jsou shrom\u00e1\u017ed\u011bny b\u00e1sn\u011b Suzanne Renaudov\u00e9, kter\u00e9 ve sv\u00e9 v\u011bt\u0161in\u011b ve Francii nevy\u0161ly. Jde celkem o soubor sto dvaceti b\u00e1sn\u00ed, mezi n\u011b\u017e pat\u0159\u00ed jak b\u00e1sn\u011b ran\u00e9, tak ty z pozdn\u00edho obdob\u00ed, ver\u0161e kr\u00e1tk\u00e9 a stroh\u00e9, posledn\u00ed autor\u010din b\u00e1snick\u00fd testament. T\u00edmto je b\u00e1snick\u00fd odkaz Suzanne Renaudov\u00e9 k dispozici v jej\u00edm rodn\u00e9m jazyce, a to v kompletn\u00edm vyd\u00e1n\u00ed.<\/p>\n","protected":false},"featured_media":1307,"comment_status":"open","ping_status":"closed","template":"","meta":{"_acf_changed":false},"product_brand":[],"product_cat":[210],"product_tag":[],"class_list":{"0":"post-6572","1":"product","2":"type-product","3":"status-publish","4":"has-post-thumbnail","6":"product_cat-suzanne-renaud-cs","8":"first","9":"instock","10":"shipping-taxable","11":"purchasable","12":"product-type-simple"},"acf":[],"yoast_head":"<!-- This site is optimized with the Yoast SEO plugin v27.4 - https:\/\/yoast.com\/product\/yoast-seo-wordpress\/ -->\n<title>Association Romarin - Suzanne RENAUD: \u0152uvres. Les gonds du silence (D\u00edl II).[St\u011b\u017eeje ticha].1999<\/title>\n<meta name=\"description\" content=\"Site de l&#039;Association Romarin. D\u00e9couvrez les \u0153uvres du graveur tch\u00e8que Bohuslav Reynek et de Suzanne Renaud, po\u00e8te, son \u00e9pouse grenobloise.\" \/>\n<meta name=\"robots\" content=\"index, follow, max-snippet:-1, max-image-preview:large, max-video-preview:-1\" \/>\n<link rel=\"canonical\" href=\"https:\/\/renaud-reynek.com\/cs\/catalogue-editorial\/suzanne-renaud-cs\/suzanne-renaud-oeuvres-les-gonds-du-silence-tome-ii-1999\/\" \/>\n<meta property=\"og:locale\" content=\"cs_CZ\" \/>\n<meta property=\"og:type\" content=\"article\" \/>\n<meta property=\"og:title\" content=\"Association Romarin - Suzanne RENAUD: \u0152uvres. Les gonds du silence (D\u00edl II).[St\u011b\u017eeje ticha].1999\" \/>\n<meta property=\"og:description\" content=\"Site de l&#039;Association Romarin. D\u00e9couvrez les \u0153uvres du graveur tch\u00e8que Bohuslav Reynek et de Suzanne Renaud, po\u00e8te, son \u00e9pouse grenobloise.\" \/>\n<meta property=\"og:url\" content=\"https:\/\/renaud-reynek.com\/cs\/catalogue-editorial\/suzanne-renaud-cs\/suzanne-renaud-oeuvres-les-gonds-du-silence-tome-ii-1999\/\" \/>\n<meta property=\"og:site_name\" content=\"Association Romarin\" \/>\n<meta property=\"article:modified_time\" content=\"2021-02-19T17:41:13+00:00\" \/>\n<meta property=\"og:image\" content=\"https:\/\/renaud-reynek.com\/wp-content\/uploads\/2020\/01\/SR_LesGonds1999.jpg\" \/>\n\t<meta property=\"og:image:width\" content=\"1000\" \/>\n\t<meta property=\"og:image:height\" content=\"1532\" \/>\n\t<meta property=\"og:image:type\" content=\"image\/jpeg\" \/>\n<meta name=\"twitter:card\" content=\"summary_large_image\" \/>\n<meta name=\"twitter:label1\" content=\"Odhadovan\u00e1 doba \u010dten\u00ed\" \/>\n\t<meta name=\"twitter:data1\" content=\"1 minuta\" \/>\n<script type=\"application\/ld+json\" class=\"yoast-schema-graph\">{\"@context\":\"https:\\\/\\\/schema.org\",\"@graph\":[{\"@type\":\"WebPage\",\"@id\":\"https:\\\/\\\/renaud-reynek.com\\\/cs\\\/catalogue-editorial\\\/suzanne-renaud-cs\\\/suzanne-renaud-oeuvres-les-gonds-du-silence-tome-ii-1999\\\/\",\"url\":\"https:\\\/\\\/renaud-reynek.com\\\/cs\\\/catalogue-editorial\\\/suzanne-renaud-cs\\\/suzanne-renaud-oeuvres-les-gonds-du-silence-tome-ii-1999\\\/\",\"name\":\"Association Romarin - Suzanne RENAUD: \u0152uvres. Les gonds du silence (D\u00edl II). [St\u011b\u017eeje ticha]. 1999\",\"isPartOf\":{\"@id\":\"https:\\\/\\\/renaud-reynek.com\\\/cs\\\/#website\"},\"primaryImageOfPage\":{\"@id\":\"https:\\\/\\\/renaud-reynek.com\\\/cs\\\/catalogue-editorial\\\/suzanne-renaud-cs\\\/suzanne-renaud-oeuvres-les-gonds-du-silence-tome-ii-1999\\\/#primaryimage\"},\"image\":{\"@id\":\"https:\\\/\\\/renaud-reynek.com\\\/cs\\\/catalogue-editorial\\\/suzanne-renaud-cs\\\/suzanne-renaud-oeuvres-les-gonds-du-silence-tome-ii-1999\\\/#primaryimage\"},\"thumbnailUrl\":\"https:\\\/\\\/renaud-reynek.com\\\/wp-content\\\/uploads\\\/2020\\\/01\\\/SR_LesGonds1999.jpg\",\"datePublished\":\"2020-01-09T22:47:34+00:00\",\"dateModified\":\"2021-02-19T17:41:13+00:00\",\"description\":\"Site de l'Association Romarin. D\u00e9couvrez les \u0153uvres du graveur tch\u00e8que Bohuslav Reynek et de Suzanne Renaud, po\u00e8te, son \u00e9pouse grenobloise.\",\"breadcrumb\":{\"@id\":\"https:\\\/\\\/renaud-reynek.com\\\/cs\\\/catalogue-editorial\\\/suzanne-renaud-cs\\\/suzanne-renaud-oeuvres-les-gonds-du-silence-tome-ii-1999\\\/#breadcrumb\"},\"inLanguage\":\"cs\",\"potentialAction\":[{\"@type\":\"ReadAction\",\"target\":[\"https:\\\/\\\/renaud-reynek.com\\\/cs\\\/catalogue-editorial\\\/suzanne-renaud-cs\\\/suzanne-renaud-oeuvres-les-gonds-du-silence-tome-ii-1999\\\/\"]}]},{\"@type\":\"ImageObject\",\"inLanguage\":\"cs\",\"@id\":\"https:\\\/\\\/renaud-reynek.com\\\/cs\\\/catalogue-editorial\\\/suzanne-renaud-cs\\\/suzanne-renaud-oeuvres-les-gonds-du-silence-tome-ii-1999\\\/#primaryimage\",\"url\":\"https:\\\/\\\/renaud-reynek.com\\\/wp-content\\\/uploads\\\/2020\\\/01\\\/SR_LesGonds1999.jpg\",\"contentUrl\":\"https:\\\/\\\/renaud-reynek.com\\\/wp-content\\\/uploads\\\/2020\\\/01\\\/SR_LesGonds1999.jpg\",\"width\":1000,\"height\":1532},{\"@type\":\"BreadcrumbList\",\"@id\":\"https:\\\/\\\/renaud-reynek.com\\\/cs\\\/catalogue-editorial\\\/suzanne-renaud-cs\\\/suzanne-renaud-oeuvres-les-gonds-du-silence-tome-ii-1999\\\/#breadcrumb\",\"itemListElement\":[{\"@type\":\"ListItem\",\"position\":1,\"name\":\"Accueil\",\"item\":\"https:\\\/\\\/renaud-reynek.com\\\/cs\\\/\"},{\"@type\":\"ListItem\",\"position\":2,\"name\":\"Produkty\",\"item\":\"https:\\\/\\\/renaud-reynek.com\\\/cs\\\/shop\\\/\"},{\"@type\":\"ListItem\",\"position\":3,\"name\":\"Suzanne RENAUD: \u0152uvres. Les gonds du silence (D\u00edl II).[St\u011b\u017eeje ticha].1999\"}]},{\"@type\":\"WebSite\",\"@id\":\"https:\\\/\\\/renaud-reynek.com\\\/cs\\\/#website\",\"url\":\"https:\\\/\\\/renaud-reynek.com\\\/cs\\\/\",\"name\":\"Association Romarin\",\"description\":\"Les Amis de Suzanne Renaud et Bohuslav Reynek\",\"potentialAction\":[{\"@type\":\"SearchAction\",\"target\":{\"@type\":\"EntryPoint\",\"urlTemplate\":\"https:\\\/\\\/renaud-reynek.com\\\/cs\\\/?s={search_term_string}\"},\"query-input\":{\"@type\":\"PropertyValueSpecification\",\"valueRequired\":true,\"valueName\":\"search_term_string\"}}],\"inLanguage\":\"cs\"}]}<\/script>\n<!-- \/ Yoast SEO plugin. -->","yoast_head_json":{"title":"Association Romarin - Suzanne RENAUD: \u0152uvres. Les gonds du silence (D\u00edl II).[St\u011b\u017eeje ticha].1999","description":"Site de l'Association Romarin. D\u00e9couvrez les \u0153uvres du graveur tch\u00e8que Bohuslav Reynek et de Suzanne Renaud, po\u00e8te, son \u00e9pouse grenobloise.","robots":{"index":"index","follow":"follow","max-snippet":"max-snippet:-1","max-image-preview":"max-image-preview:large","max-video-preview":"max-video-preview:-1"},"canonical":"https:\/\/renaud-reynek.com\/cs\/catalogue-editorial\/suzanne-renaud-cs\/suzanne-renaud-oeuvres-les-gonds-du-silence-tome-ii-1999\/","og_locale":"cs_CZ","og_type":"article","og_title":"Association Romarin - Suzanne RENAUD: \u0152uvres. Les gonds du silence (D\u00edl II).[St\u011b\u017eeje ticha].1999","og_description":"Site de l'Association Romarin. D\u00e9couvrez les \u0153uvres du graveur tch\u00e8que Bohuslav Reynek et de Suzanne Renaud, po\u00e8te, son \u00e9pouse grenobloise.","og_url":"https:\/\/renaud-reynek.com\/cs\/catalogue-editorial\/suzanne-renaud-cs\/suzanne-renaud-oeuvres-les-gonds-du-silence-tome-ii-1999\/","og_site_name":"Association Romarin","article_modified_time":"2021-02-19T17:41:13+00:00","og_image":[{"width":1000,"height":1532,"url":"https:\/\/renaud-reynek.com\/wp-content\/uploads\/2020\/01\/SR_LesGonds1999.jpg","type":"image\/jpeg"}],"twitter_card":"summary_large_image","twitter_misc":{"Odhadovan\u00e1 doba \u010dten\u00ed":"1 minuta"},"schema":{"@context":"https:\/\/schema.org","@graph":[{"@type":"WebPage","@id":"https:\/\/renaud-reynek.com\/cs\/catalogue-editorial\/suzanne-renaud-cs\/suzanne-renaud-oeuvres-les-gonds-du-silence-tome-ii-1999\/","url":"https:\/\/renaud-reynek.com\/cs\/catalogue-editorial\/suzanne-renaud-cs\/suzanne-renaud-oeuvres-les-gonds-du-silence-tome-ii-1999\/","name":"Association Romarin - Suzanne RENAUD: \u0152uvres. Les gonds du silence (D\u00edl II). [St\u011b\u017eeje ticha]. 1999","isPartOf":{"@id":"https:\/\/renaud-reynek.com\/cs\/#website"},"primaryImageOfPage":{"@id":"https:\/\/renaud-reynek.com\/cs\/catalogue-editorial\/suzanne-renaud-cs\/suzanne-renaud-oeuvres-les-gonds-du-silence-tome-ii-1999\/#primaryimage"},"image":{"@id":"https:\/\/renaud-reynek.com\/cs\/catalogue-editorial\/suzanne-renaud-cs\/suzanne-renaud-oeuvres-les-gonds-du-silence-tome-ii-1999\/#primaryimage"},"thumbnailUrl":"https:\/\/renaud-reynek.com\/wp-content\/uploads\/2020\/01\/SR_LesGonds1999.jpg","datePublished":"2020-01-09T22:47:34+00:00","dateModified":"2021-02-19T17:41:13+00:00","description":"Site de l'Association Romarin. D\u00e9couvrez les \u0153uvres du graveur tch\u00e8que Bohuslav Reynek et de Suzanne Renaud, po\u00e8te, son \u00e9pouse grenobloise.","breadcrumb":{"@id":"https:\/\/renaud-reynek.com\/cs\/catalogue-editorial\/suzanne-renaud-cs\/suzanne-renaud-oeuvres-les-gonds-du-silence-tome-ii-1999\/#breadcrumb"},"inLanguage":"cs","potentialAction":[{"@type":"ReadAction","target":["https:\/\/renaud-reynek.com\/cs\/catalogue-editorial\/suzanne-renaud-cs\/suzanne-renaud-oeuvres-les-gonds-du-silence-tome-ii-1999\/"]}]},{"@type":"ImageObject","inLanguage":"cs","@id":"https:\/\/renaud-reynek.com\/cs\/catalogue-editorial\/suzanne-renaud-cs\/suzanne-renaud-oeuvres-les-gonds-du-silence-tome-ii-1999\/#primaryimage","url":"https:\/\/renaud-reynek.com\/wp-content\/uploads\/2020\/01\/SR_LesGonds1999.jpg","contentUrl":"https:\/\/renaud-reynek.com\/wp-content\/uploads\/2020\/01\/SR_LesGonds1999.jpg","width":1000,"height":1532},{"@type":"BreadcrumbList","@id":"https:\/\/renaud-reynek.com\/cs\/catalogue-editorial\/suzanne-renaud-cs\/suzanne-renaud-oeuvres-les-gonds-du-silence-tome-ii-1999\/#breadcrumb","itemListElement":[{"@type":"ListItem","position":1,"name":"Accueil","item":"https:\/\/renaud-reynek.com\/cs\/"},{"@type":"ListItem","position":2,"name":"Produkty","item":"https:\/\/renaud-reynek.com\/cs\/shop\/"},{"@type":"ListItem","position":3,"name":"Suzanne RENAUD: \u0152uvres. Les gonds du silence (D\u00edl II).[St\u011b\u017eeje ticha].1999"}]},{"@type":"WebSite","@id":"https:\/\/renaud-reynek.com\/cs\/#website","url":"https:\/\/renaud-reynek.com\/cs\/","name":"Association Romarin","description":"Les Amis de Suzanne Renaud et Bohuslav Reynek","potentialAction":[{"@type":"SearchAction","target":{"@type":"EntryPoint","urlTemplate":"https:\/\/renaud-reynek.com\/cs\/?s={search_term_string}"},"query-input":{"@type":"PropertyValueSpecification","valueRequired":true,"valueName":"search_term_string"}}],"inLanguage":"cs"}]}},"_links":{"self":[{"href":"https:\/\/renaud-reynek.com\/cs\/wp-json\/wp\/v2\/product\/6572","targetHints":{"allow":["GET"]}}],"collection":[{"href":"https:\/\/renaud-reynek.com\/cs\/wp-json\/wp\/v2\/product"}],"about":[{"href":"https:\/\/renaud-reynek.com\/cs\/wp-json\/wp\/v2\/types\/product"}],"replies":[{"embeddable":true,"href":"https:\/\/renaud-reynek.com\/cs\/wp-json\/wp\/v2\/comments?post=6572"}],"wp:featuredmedia":[{"embeddable":true,"href":"https:\/\/renaud-reynek.com\/cs\/wp-json\/wp\/v2\/media\/1307"}],"wp:attachment":[{"href":"https:\/\/renaud-reynek.com\/cs\/wp-json\/wp\/v2\/media?parent=6572"}],"wp:term":[{"taxonomy":"product_brand","embeddable":true,"href":"https:\/\/renaud-reynek.com\/cs\/wp-json\/wp\/v2\/product_brand?post=6572"},{"taxonomy":"product_cat","embeddable":true,"href":"https:\/\/renaud-reynek.com\/cs\/wp-json\/wp\/v2\/product_cat?post=6572"},{"taxonomy":"product_tag","embeddable":true,"href":"https:\/\/renaud-reynek.com\/cs\/wp-json\/wp\/v2\/product_tag?post=6572"}],"curies":[{"name":"wp","href":"https:\/\/api.w.org\/{rel}","templated":true}]}}