{"id":6565,"date":"2020-01-10T00:58:17","date_gmt":"2020-01-09T23:58:17","guid":{"rendered":"https:\/\/renaud-reynek.com\/catalogue-editorial\/nezarazene\/suzanne-renaud-henri-pourrat-correspondance-1947-1959-2001\/"},"modified":"2021-02-14T10:27:06","modified_gmt":"2021-02-14T09:27:06","slug":"suzanne-renaud-henri-pourrat-correspondance-1947-1959-2001","status":"publish","type":"product","link":"https:\/\/renaud-reynek.com\/cs\/catalogue-editorial\/suzanne-renaud-cs\/suzanne-renaud-henri-pourrat-correspondance-1947-1959-2001\/","title":{"rendered":"Suzanne RENAUD,<br>Henri POURRAT:<br><i>Correspondance (1947-1959)<\/i>.<br>2001"},"content":{"rendered":"<p><strong><em>Form\u00e1t 12,5 x 19 cm.<br \/>\n<\/em><\/strong><strong><em>256 stran. Bro\u017eovan\u00e1, ilustrovan\u00e1 ob\u00e1lka.<br \/>\n<\/em><\/strong><strong><em>ISBN\u202f: 2-910544-08-7 <\/em><\/strong><\/p>\n<p>Nakladatelstv\u00ed Romarin, Grenoble 2001.<br \/>\nJazyk: francouzsk\u00fd.<br \/>\nP\u0159edmluva Annette Pourrat.<br \/>\nIlustrace: p\u011bt such\u00fdch jehel B. Reynka, \u010dty\u0159i faksimile rukopisu<br \/>\nS. Renaudov\u00e9, jedno faksimile B. Reynka, \u010dty\u0159i faksimile rukopisu<br \/>\nH. Pourrata, dvan\u00e1ct fotografi\u00ed. Reprodukce d\u011bl Mikol\u00e1\u0161e Al\u0161e,<br \/>\nJosefa Lady, Fran\u00e7oise Angeliho, Michaela Floriana, Willi Wessela,<br \/>\nJi\u0159\u00edho Trnky.<br \/>\nVyd\u00e1n\u00ed sestavily a pozn\u00e1mkov\u00fdm apar\u00e1tem opat\u0159ily Annick Auzimourov\u00e1 a Annette Pourratov\u00e1.<br \/>\nKniha vych\u00e1z\u00ed s laskavou podporou Soci\u00e9t\u00e9 des Amis d\u2019Henri Pourrat.<\/p>\n","protected":false},"excerpt":{"rendered":"<p>V t\u00e9to publikaci vych\u00e1z\u00ed kompletn\u00ed korespondence spisovatele Henriho Pourrata se Suzanne Renaudovou a Bohuslavem Reynkem, tj. t\u0159iat\u0159icet dopis\u016f Henriho Pourrata, \u010dty\u0159ia\u010dty\u0159icet dopis\u016f Suzanne Renaudov\u00e9 a dva Bohuslava Reynka. V\u00fdm\u011bna list\u016f za\u010dala po druh\u00e9 sv\u011btov\u00e9 v\u00e1lce, po kter\u00e9 n\u00e1sledovalo obdob\u00ed uzav\u0159en\u00ed \u010ceskoslovenska \u017deleznou oponou, kter\u00e9 omezilo kontakty s Franci\u00ed, a rozd\u011blilo vlasti t\u011bchto pisatel\u016f. V\u00fdm\u011bnu dopis\u016f ukon\u010dila smrt Henriho Pourrata. Epistol\u00e1rn\u00ed p\u0159\u00e1telstv\u00ed d\u00e1v\u00e1 tu\u0161it opravdov\u00e9 souzn\u011bn\u00ed na d\u00e1lku, existuj\u00edc\u00ed p\u0159es ve\u0161kerou nep\u0159\u00edze\u0148 doby mezi Petrkovem v \u010cech\u00e1ch a Ambertem v kraji Auvergne. Vzd\u00e1leni liter\u00e1rn\u00edmu \u017eivotu, uzav\u0159eni ve sv\u00fdch domovech otev\u0159en\u00fdch p\u0159\u00edrod\u011b, p\u00ed\u0161\u00ed tito auto\u0159i o sv\u00fdch emoc\u00edch. \u201eZ dopis\u016f d\u00fdch\u00e1 jist\u00e1 poezie m\u00edst, citliv\u011b vyj\u00e1d\u0159en\u00e1 a pro\u017eit\u00e1, ve kter\u00e9 tu\u0161\u00edme existenci toho, co Henri Pourrat naz\u00fdv\u00e1 \u00b8skute\u010dnou vlast\u00ed\u00b4 a kter\u00e1 byla t\u00edm prav\u00fdm m\u00edstem jejich setk\u00e1n\u00ed\u201c (Anette Pourratov\u00e1, p\u0159edmluva).<\/p>\n","protected":false},"featured_media":1344,"comment_status":"open","ping_status":"closed","template":"","meta":{"_acf_changed":false},"product_brand":[],"product_cat":[244,210],"product_tag":[],"class_list":{"0":"post-6565","1":"product","2":"type-product","3":"status-publish","4":"has-post-thumbnail","6":"product_cat-henri-pourrat-cs-2","7":"product_cat-suzanne-renaud-cs","9":"first","10":"instock","11":"shipping-taxable","12":"purchasable","13":"product-type-simple"},"acf":[],"yoast_head":"<!-- This site is optimized with the Yoast SEO plugin v27.6 - https:\/\/yoast.com\/product\/yoast-seo-wordpress\/ -->\n<title>Association Romarin - Suzanne RENAUD,Henri POURRAT:Correspondance (1947-1959).2001<\/title>\n<meta name=\"description\" content=\"Site de l&#039;Association Romarin. D\u00e9couvrez les \u0153uvres du graveur tch\u00e8que Bohuslav Reynek et de Suzanne Renaud, po\u00e8te, son \u00e9pouse grenobloise.\" \/>\n<meta name=\"robots\" content=\"index, follow, max-snippet:-1, max-image-preview:large, max-video-preview:-1\" \/>\n<link rel=\"canonical\" href=\"https:\/\/renaud-reynek.com\/cs\/catalogue-editorial\/suzanne-renaud-cs\/suzanne-renaud-henri-pourrat-correspondance-1947-1959-2001\/\" \/>\n<meta property=\"og:locale\" content=\"cs_CZ\" \/>\n<meta property=\"og:type\" content=\"article\" \/>\n<meta property=\"og:title\" content=\"Association Romarin - Suzanne RENAUD,Henri POURRAT:Correspondance (1947-1959).2001\" \/>\n<meta property=\"og:description\" content=\"Site de l&#039;Association Romarin. D\u00e9couvrez les \u0153uvres du graveur tch\u00e8que Bohuslav Reynek et de Suzanne Renaud, po\u00e8te, son \u00e9pouse grenobloise.\" \/>\n<meta property=\"og:url\" content=\"https:\/\/renaud-reynek.com\/cs\/catalogue-editorial\/suzanne-renaud-cs\/suzanne-renaud-henri-pourrat-correspondance-1947-1959-2001\/\" \/>\n<meta property=\"og:site_name\" content=\"Association Romarin\" \/>\n<meta property=\"article:modified_time\" content=\"2021-02-14T09:27:06+00:00\" \/>\n<meta property=\"og:image\" content=\"https:\/\/renaud-reynek.com\/wp-content\/uploads\/2020\/01\/SR_CorrespPourrat2001.jpg\" \/>\n\t<meta property=\"og:image:width\" content=\"1000\" \/>\n\t<meta property=\"og:image:height\" content=\"1544\" \/>\n\t<meta property=\"og:image:type\" content=\"image\/jpeg\" \/>\n<meta name=\"twitter:card\" content=\"summary_large_image\" \/>\n<script type=\"application\/ld+json\" class=\"yoast-schema-graph\">{\"@context\":\"https:\\\/\\\/schema.org\",\"@graph\":[{\"@type\":\"WebPage\",\"@id\":\"https:\\\/\\\/renaud-reynek.com\\\/cs\\\/catalogue-editorial\\\/suzanne-renaud-cs\\\/suzanne-renaud-henri-pourrat-correspondance-1947-1959-2001\\\/\",\"url\":\"https:\\\/\\\/renaud-reynek.com\\\/cs\\\/catalogue-editorial\\\/suzanne-renaud-cs\\\/suzanne-renaud-henri-pourrat-correspondance-1947-1959-2001\\\/\",\"name\":\"Association Romarin - Suzanne RENAUD, Henri POURRAT: Correspondance (1947-1959). 2001\",\"isPartOf\":{\"@id\":\"https:\\\/\\\/renaud-reynek.com\\\/cs\\\/#website\"},\"primaryImageOfPage\":{\"@id\":\"https:\\\/\\\/renaud-reynek.com\\\/cs\\\/catalogue-editorial\\\/suzanne-renaud-cs\\\/suzanne-renaud-henri-pourrat-correspondance-1947-1959-2001\\\/#primaryimage\"},\"image\":{\"@id\":\"https:\\\/\\\/renaud-reynek.com\\\/cs\\\/catalogue-editorial\\\/suzanne-renaud-cs\\\/suzanne-renaud-henri-pourrat-correspondance-1947-1959-2001\\\/#primaryimage\"},\"thumbnailUrl\":\"https:\\\/\\\/renaud-reynek.com\\\/wp-content\\\/uploads\\\/2020\\\/01\\\/SR_CorrespPourrat2001.jpg\",\"datePublished\":\"2020-01-09T23:58:17+00:00\",\"dateModified\":\"2021-02-14T09:27:06+00:00\",\"description\":\"Site de l'Association Romarin. D\u00e9couvrez les \u0153uvres du graveur tch\u00e8que Bohuslav Reynek et de Suzanne Renaud, po\u00e8te, son \u00e9pouse grenobloise.\",\"breadcrumb\":{\"@id\":\"https:\\\/\\\/renaud-reynek.com\\\/cs\\\/catalogue-editorial\\\/suzanne-renaud-cs\\\/suzanne-renaud-henri-pourrat-correspondance-1947-1959-2001\\\/#breadcrumb\"},\"inLanguage\":\"cs\",\"potentialAction\":[{\"@type\":\"ReadAction\",\"target\":[\"https:\\\/\\\/renaud-reynek.com\\\/cs\\\/catalogue-editorial\\\/suzanne-renaud-cs\\\/suzanne-renaud-henri-pourrat-correspondance-1947-1959-2001\\\/\"]}]},{\"@type\":\"ImageObject\",\"inLanguage\":\"cs\",\"@id\":\"https:\\\/\\\/renaud-reynek.com\\\/cs\\\/catalogue-editorial\\\/suzanne-renaud-cs\\\/suzanne-renaud-henri-pourrat-correspondance-1947-1959-2001\\\/#primaryimage\",\"url\":\"https:\\\/\\\/renaud-reynek.com\\\/wp-content\\\/uploads\\\/2020\\\/01\\\/SR_CorrespPourrat2001.jpg\",\"contentUrl\":\"https:\\\/\\\/renaud-reynek.com\\\/wp-content\\\/uploads\\\/2020\\\/01\\\/SR_CorrespPourrat2001.jpg\",\"width\":1000,\"height\":1544},{\"@type\":\"BreadcrumbList\",\"@id\":\"https:\\\/\\\/renaud-reynek.com\\\/cs\\\/catalogue-editorial\\\/suzanne-renaud-cs\\\/suzanne-renaud-henri-pourrat-correspondance-1947-1959-2001\\\/#breadcrumb\",\"itemListElement\":[{\"@type\":\"ListItem\",\"position\":1,\"name\":\"Accueil\",\"item\":\"https:\\\/\\\/renaud-reynek.com\\\/cs\\\/\"},{\"@type\":\"ListItem\",\"position\":2,\"name\":\"Produkty\",\"item\":\"https:\\\/\\\/renaud-reynek.com\\\/cs\\\/shop\\\/\"},{\"@type\":\"ListItem\",\"position\":3,\"name\":\"Suzanne RENAUD,Henri POURRAT:Correspondance (1947-1959).2001\"}]},{\"@type\":\"WebSite\",\"@id\":\"https:\\\/\\\/renaud-reynek.com\\\/cs\\\/#website\",\"url\":\"https:\\\/\\\/renaud-reynek.com\\\/cs\\\/\",\"name\":\"Association Romarin\",\"description\":\"Les Amis de Suzanne Renaud et Bohuslav Reynek\",\"potentialAction\":[{\"@type\":\"SearchAction\",\"target\":{\"@type\":\"EntryPoint\",\"urlTemplate\":\"https:\\\/\\\/renaud-reynek.com\\\/cs\\\/?s={search_term_string}\"},\"query-input\":{\"@type\":\"PropertyValueSpecification\",\"valueRequired\":true,\"valueName\":\"search_term_string\"}}],\"inLanguage\":\"cs\"}]}<\/script>\n<!-- \/ Yoast SEO plugin. -->","yoast_head_json":{"title":"Association Romarin - Suzanne RENAUD,Henri POURRAT:Correspondance (1947-1959).2001","description":"Site de l'Association Romarin. D\u00e9couvrez les \u0153uvres du graveur tch\u00e8que Bohuslav Reynek et de Suzanne Renaud, po\u00e8te, son \u00e9pouse grenobloise.","robots":{"index":"index","follow":"follow","max-snippet":"max-snippet:-1","max-image-preview":"max-image-preview:large","max-video-preview":"max-video-preview:-1"},"canonical":"https:\/\/renaud-reynek.com\/cs\/catalogue-editorial\/suzanne-renaud-cs\/suzanne-renaud-henri-pourrat-correspondance-1947-1959-2001\/","og_locale":"cs_CZ","og_type":"article","og_title":"Association Romarin - Suzanne RENAUD,Henri POURRAT:Correspondance (1947-1959).2001","og_description":"Site de l'Association Romarin. D\u00e9couvrez les \u0153uvres du graveur tch\u00e8que Bohuslav Reynek et de Suzanne Renaud, po\u00e8te, son \u00e9pouse grenobloise.","og_url":"https:\/\/renaud-reynek.com\/cs\/catalogue-editorial\/suzanne-renaud-cs\/suzanne-renaud-henri-pourrat-correspondance-1947-1959-2001\/","og_site_name":"Association Romarin","article_modified_time":"2021-02-14T09:27:06+00:00","og_image":[{"width":1000,"height":1544,"url":"https:\/\/renaud-reynek.com\/wp-content\/uploads\/2020\/01\/SR_CorrespPourrat2001.jpg","type":"image\/jpeg"}],"twitter_card":"summary_large_image","schema":{"@context":"https:\/\/schema.org","@graph":[{"@type":"WebPage","@id":"https:\/\/renaud-reynek.com\/cs\/catalogue-editorial\/suzanne-renaud-cs\/suzanne-renaud-henri-pourrat-correspondance-1947-1959-2001\/","url":"https:\/\/renaud-reynek.com\/cs\/catalogue-editorial\/suzanne-renaud-cs\/suzanne-renaud-henri-pourrat-correspondance-1947-1959-2001\/","name":"Association Romarin - Suzanne RENAUD, Henri POURRAT: Correspondance (1947-1959). 2001","isPartOf":{"@id":"https:\/\/renaud-reynek.com\/cs\/#website"},"primaryImageOfPage":{"@id":"https:\/\/renaud-reynek.com\/cs\/catalogue-editorial\/suzanne-renaud-cs\/suzanne-renaud-henri-pourrat-correspondance-1947-1959-2001\/#primaryimage"},"image":{"@id":"https:\/\/renaud-reynek.com\/cs\/catalogue-editorial\/suzanne-renaud-cs\/suzanne-renaud-henri-pourrat-correspondance-1947-1959-2001\/#primaryimage"},"thumbnailUrl":"https:\/\/renaud-reynek.com\/wp-content\/uploads\/2020\/01\/SR_CorrespPourrat2001.jpg","datePublished":"2020-01-09T23:58:17+00:00","dateModified":"2021-02-14T09:27:06+00:00","description":"Site de l'Association Romarin. D\u00e9couvrez les \u0153uvres du graveur tch\u00e8que Bohuslav Reynek et de Suzanne Renaud, po\u00e8te, son \u00e9pouse grenobloise.","breadcrumb":{"@id":"https:\/\/renaud-reynek.com\/cs\/catalogue-editorial\/suzanne-renaud-cs\/suzanne-renaud-henri-pourrat-correspondance-1947-1959-2001\/#breadcrumb"},"inLanguage":"cs","potentialAction":[{"@type":"ReadAction","target":["https:\/\/renaud-reynek.com\/cs\/catalogue-editorial\/suzanne-renaud-cs\/suzanne-renaud-henri-pourrat-correspondance-1947-1959-2001\/"]}]},{"@type":"ImageObject","inLanguage":"cs","@id":"https:\/\/renaud-reynek.com\/cs\/catalogue-editorial\/suzanne-renaud-cs\/suzanne-renaud-henri-pourrat-correspondance-1947-1959-2001\/#primaryimage","url":"https:\/\/renaud-reynek.com\/wp-content\/uploads\/2020\/01\/SR_CorrespPourrat2001.jpg","contentUrl":"https:\/\/renaud-reynek.com\/wp-content\/uploads\/2020\/01\/SR_CorrespPourrat2001.jpg","width":1000,"height":1544},{"@type":"BreadcrumbList","@id":"https:\/\/renaud-reynek.com\/cs\/catalogue-editorial\/suzanne-renaud-cs\/suzanne-renaud-henri-pourrat-correspondance-1947-1959-2001\/#breadcrumb","itemListElement":[{"@type":"ListItem","position":1,"name":"Accueil","item":"https:\/\/renaud-reynek.com\/cs\/"},{"@type":"ListItem","position":2,"name":"Produkty","item":"https:\/\/renaud-reynek.com\/cs\/shop\/"},{"@type":"ListItem","position":3,"name":"Suzanne RENAUD,Henri POURRAT:Correspondance (1947-1959).2001"}]},{"@type":"WebSite","@id":"https:\/\/renaud-reynek.com\/cs\/#website","url":"https:\/\/renaud-reynek.com\/cs\/","name":"Association Romarin","description":"Les Amis de Suzanne Renaud et Bohuslav Reynek","potentialAction":[{"@type":"SearchAction","target":{"@type":"EntryPoint","urlTemplate":"https:\/\/renaud-reynek.com\/cs\/?s={search_term_string}"},"query-input":{"@type":"PropertyValueSpecification","valueRequired":true,"valueName":"search_term_string"}}],"inLanguage":"cs"}]}},"_links":{"self":[{"href":"https:\/\/renaud-reynek.com\/cs\/wp-json\/wp\/v2\/product\/6565","targetHints":{"allow":["GET"]}}],"collection":[{"href":"https:\/\/renaud-reynek.com\/cs\/wp-json\/wp\/v2\/product"}],"about":[{"href":"https:\/\/renaud-reynek.com\/cs\/wp-json\/wp\/v2\/types\/product"}],"replies":[{"embeddable":true,"href":"https:\/\/renaud-reynek.com\/cs\/wp-json\/wp\/v2\/comments?post=6565"}],"wp:featuredmedia":[{"embeddable":true,"href":"https:\/\/renaud-reynek.com\/cs\/wp-json\/wp\/v2\/media\/1344"}],"wp:attachment":[{"href":"https:\/\/renaud-reynek.com\/cs\/wp-json\/wp\/v2\/media?parent=6565"}],"wp:term":[{"taxonomy":"product_brand","embeddable":true,"href":"https:\/\/renaud-reynek.com\/cs\/wp-json\/wp\/v2\/product_brand?post=6565"},{"taxonomy":"product_cat","embeddable":true,"href":"https:\/\/renaud-reynek.com\/cs\/wp-json\/wp\/v2\/product_cat?post=6565"},{"taxonomy":"product_tag","embeddable":true,"href":"https:\/\/renaud-reynek.com\/cs\/wp-json\/wp\/v2\/product_tag?post=6565"}],"curies":[{"name":"wp","href":"https:\/\/api.w.org\/{rel}","templated":true}]}}