{"id":6563,"date":"2020-01-10T00:59:58","date_gmt":"2020-01-09T23:59:58","guid":{"rendered":"https:\/\/renaud-reynek.com\/catalogue-editorial\/nezarazene\/romarin-ou-annette-et-jean-ballades-et-poesies-populaires-tcheques-et-moraves-2002-traduites-par-suzanne-renaud\/"},"modified":"2021-02-15T07:10:24","modified_gmt":"2021-02-15T06:10:24","slug":"romarin-ou-annette-et-jean-ballades-et-poesies-populaires-tcheques-et-moraves-2002-traduites-par-suzanne-renaud","status":"publish","type":"product","link":"https:\/\/renaud-reynek.com\/cs\/catalogue-editorial\/suzanne-renaud-cs\/romarin-ou-annette-et-jean-ballades-et-poesies-populaires-tcheques-et-moraves-2002-traduites-par-suzanne-renaud\/","title":{"rendered":"Kolektiv autor\u016f<br><i>Romarin ou Annette et Jean. <br>Ballades et po\u00e9sies populaires tch\u00e8ques et moraves<\/i>.<br><i>\u010cesk\u00e9 a moravsk\u00e9 lidov\u00e9 p\u00edsn\u011b <br>a balady<\/i>.<br>P\u0159eklad Suzanne Renaud.<br>2002"},"content":{"rendered":"<p><strong><em>Form\u00e1t 15 x 21 cm.<br \/>\n<\/em><\/strong><strong><em>320 stran. V\u00e1zan\u00e1, barevn\u00e1 ob\u00e1lka.<br \/>\n<\/em><\/strong><strong><em>ISBN : 2\u2013910544\u201310\u20139<\/em><\/strong><\/p>\n<p>Nakladatelstv\u00ed Romarin, Grenoble 2002.<br \/>\nDvojjazy\u010dn\u00e9 francouzsko-\u010desk\u00e9 vyd\u00e1n\u00ed.<br \/>\nP\u0159eklad a p\u0159edmluva Suzanne Renaudov\u00e1.<br \/>\nDoslov Annette Pourratov\u00e1.<br \/>\nIlustrace: \u010dty\u0159i d\u011bl Josef M\u00e1nes, \u010dty\u0159i faksimile rukopisu<br \/>\nS. Renaudov\u00e9. Pozn\u00e1mky a bibliographie.<br \/>\nVyd\u00e1n\u00ed p\u0159ipravili Annick Auzimourov\u00e1, Barbora Bukovinsk\u00e1<br \/>\na Petr Turek ve spolupr\u00e1ci s V\u011brou Tho\u0159ovou.<br \/>\nKniha vych\u00e1z\u00ed s laskavou podporou Ministerstva zahrani\u010dn\u00edch v\u011bc\u00ed \u010cesk\u00e9 republiky, Centre National du Livre, Pa\u0159\u00ed\u017e, a Conseil g\u00e9n\u00e9ral de l\u2019Is\u00e8re.<\/p>\n","protected":false},"excerpt":{"rendered":"<p>K adaptac\u00edm \u010desk\u00e9 lidov\u00e9 poezie, psan\u00fdm kr\u00e1tce po druh\u00e9 sv\u011btov\u00e9 v\u00e1lce, inspirovaly Suzanne Renaudovou texty shrom\u00e1\u017ed\u011bn\u00e9 v 19. stolet\u00ed spisovatelem K. J. Erbenem (1811-1870). Tento historik a lingvista posb\u00edral velk\u00e9 mno\u017estv\u00ed \u010desk\u00fdch a slovansk\u00fdch p\u00edsn\u00ed, po\u0159ekadel a poh\u00e1dek, kter\u00e9 vy\u0161ly ve t\u0159ech svazc\u00edch v roce 1840. Na jeho d\u00edlo nav\u00e1zali F. Su\u0161il a F. Barto\u0161. Korespondence Suzanne Renaudov\u00e9 s Henri Pourratem, vydan\u00e1 v knize <em>Correspondance (1947-1959)<\/em>, dokl\u00e1d\u00e1, \u017ee kolem roku 1952 chystali oba adres\u00e1ti vyd\u00e1n\u00ed t\u011bchto adaptac\u00ed lidov\u00e9 poezie. K vyd\u00e1n\u00ed tehdy nedo\u0161lo. Henri Pourrat p\u0159ipravil \u0159azen\u00ed jednotliv\u00fdch text\u016f, a toto vyd\u00e1n\u00ed jej respektuje. Do druh\u00e9 \u010d\u00e1sti knihy byly za\u0159azeny \u010desk\u00e9 origin\u00e1ly. Suzanne Renaudov\u00e1 byla nejen b\u00e1sn\u00ed\u0159kou, ale i hudebnic\u00ed, a dok\u00e1zala tak p\u0159ev\u00e9st do rodn\u00e9ho jazyka p\u00edsn\u011b, kter\u00e9 by bez jej\u00edho b\u00e1snick\u00e9ho p\u0159evodu, kter\u00fd zachov\u00e1v\u00e1 rytmus a melodii, ztr\u00e1cely smysl. \u201eTak jsem je milovala a natrhala. A\u010d jim chyb\u00ed n\u00e1p\u011bv, kter\u00fd je v\u017edy sleduje jako st\u00edn, jako v\u00edtr nebo bzukot v\u010del, p\u0159ece snad neztratily rytmus a barvu v dechu jin\u00e9 \u0159e\u010di. Dala jsem je do d\u017eb\u00e1nu, napln\u011bn\u00e9ho \u010derstvou vodou a postavila na okno, ot\u00e1\u010dej\u00ed se za sv\u011btlem d\u016fv\u011brn\u00e9ho obzoru.\u201c (Suzanne Renaudov\u00e1, p\u0159edmluva).<\/p>\n","protected":false},"featured_media":1352,"comment_status":"open","ping_status":"closed","template":"","meta":{"_acf_changed":false},"product_brand":[],"product_cat":[239,210],"product_tag":[],"class_list":{"0":"post-6563","1":"product","2":"type-product","3":"status-publish","4":"has-post-thumbnail","6":"product_cat-kolektivni-cs","7":"product_cat-suzanne-renaud-cs","9":"first","10":"instock","11":"shipping-taxable","12":"purchasable","13":"product-type-simple"},"acf":[],"yoast_head":"<!-- This site is optimized with the Yoast SEO plugin v27.6 - https:\/\/yoast.com\/product\/yoast-seo-wordpress\/ -->\n<title>Association Romarin - Kolektiv autor\u016fRomarin ou Annette et Jean. Ballades et po\u00e9sies populaires tch\u00e8ques et moraves.\u010cesk\u00e9 a moravsk\u00e9 lidov\u00e9 p\u00edsn\u011b a balady.P\u0159eklad Suzanne Renaud.2002<\/title>\n<meta name=\"description\" content=\"Site de l&#039;Association Romarin. D\u00e9couvrez les \u0153uvres du graveur tch\u00e8que Bohuslav Reynek et de Suzanne Renaud, po\u00e8te, son \u00e9pouse grenobloise.\" \/>\n<meta name=\"robots\" content=\"index, follow, max-snippet:-1, max-image-preview:large, max-video-preview:-1\" \/>\n<link rel=\"canonical\" href=\"https:\/\/renaud-reynek.com\/cs\/catalogue-editorial\/suzanne-renaud-cs\/romarin-ou-annette-et-jean-ballades-et-poesies-populaires-tcheques-et-moraves-2002-traduites-par-suzanne-renaud\/\" \/>\n<meta property=\"og:locale\" content=\"cs_CZ\" \/>\n<meta property=\"og:type\" content=\"article\" \/>\n<meta property=\"og:title\" content=\"Association Romarin - Kolektiv autor\u016fRomarin ou Annette et Jean. Ballades et po\u00e9sies populaires tch\u00e8ques et moraves.\u010cesk\u00e9 a moravsk\u00e9 lidov\u00e9 p\u00edsn\u011b a balady.P\u0159eklad Suzanne Renaud.2002\" \/>\n<meta property=\"og:description\" content=\"Site de l&#039;Association Romarin. D\u00e9couvrez les \u0153uvres du graveur tch\u00e8que Bohuslav Reynek et de Suzanne Renaud, po\u00e8te, son \u00e9pouse grenobloise.\" \/>\n<meta property=\"og:url\" content=\"https:\/\/renaud-reynek.com\/cs\/catalogue-editorial\/suzanne-renaud-cs\/romarin-ou-annette-et-jean-ballades-et-poesies-populaires-tcheques-et-moraves-2002-traduites-par-suzanne-renaud\/\" \/>\n<meta property=\"og:site_name\" content=\"Association Romarin\" \/>\n<meta property=\"article:modified_time\" content=\"2021-02-15T06:10:24+00:00\" \/>\n<meta property=\"og:image\" content=\"https:\/\/renaud-reynek.com\/wp-content\/uploads\/2020\/01\/RomarinOuAnnette2002.jpg\" \/>\n\t<meta property=\"og:image:width\" content=\"1000\" \/>\n\t<meta property=\"og:image:height\" content=\"1357\" \/>\n\t<meta property=\"og:image:type\" content=\"image\/jpeg\" \/>\n<meta name=\"twitter:card\" content=\"summary_large_image\" \/>\n<script type=\"application\/ld+json\" class=\"yoast-schema-graph\">{\"@context\":\"https:\\\/\\\/schema.org\",\"@graph\":[{\"@type\":\"WebPage\",\"@id\":\"https:\\\/\\\/renaud-reynek.com\\\/cs\\\/catalogue-editorial\\\/suzanne-renaud-cs\\\/romarin-ou-annette-et-jean-ballades-et-poesies-populaires-tcheques-et-moraves-2002-traduites-par-suzanne-renaud\\\/\",\"url\":\"https:\\\/\\\/renaud-reynek.com\\\/cs\\\/catalogue-editorial\\\/suzanne-renaud-cs\\\/romarin-ou-annette-et-jean-ballades-et-poesies-populaires-tcheques-et-moraves-2002-traduites-par-suzanne-renaud\\\/\",\"name\":\"Association Romarin - Kolektiv autor\u016f Romarin ou Annette et Jean. Ballades et po\u00e9sies populaires tch\u00e8ques et moraves. \u010cesk\u00e9 a moravsk\u00e9 lidov\u00e9 p\u00edsn\u011b a balady. P\u0159eklad Suzanne Renaud. 2002\",\"isPartOf\":{\"@id\":\"https:\\\/\\\/renaud-reynek.com\\\/cs\\\/#website\"},\"primaryImageOfPage\":{\"@id\":\"https:\\\/\\\/renaud-reynek.com\\\/cs\\\/catalogue-editorial\\\/suzanne-renaud-cs\\\/romarin-ou-annette-et-jean-ballades-et-poesies-populaires-tcheques-et-moraves-2002-traduites-par-suzanne-renaud\\\/#primaryimage\"},\"image\":{\"@id\":\"https:\\\/\\\/renaud-reynek.com\\\/cs\\\/catalogue-editorial\\\/suzanne-renaud-cs\\\/romarin-ou-annette-et-jean-ballades-et-poesies-populaires-tcheques-et-moraves-2002-traduites-par-suzanne-renaud\\\/#primaryimage\"},\"thumbnailUrl\":\"https:\\\/\\\/renaud-reynek.com\\\/wp-content\\\/uploads\\\/2020\\\/01\\\/RomarinOuAnnette2002.jpg\",\"datePublished\":\"2020-01-09T23:59:58+00:00\",\"dateModified\":\"2021-02-15T06:10:24+00:00\",\"description\":\"Site de l'Association Romarin. D\u00e9couvrez les \u0153uvres du graveur tch\u00e8que Bohuslav Reynek et de Suzanne Renaud, po\u00e8te, son \u00e9pouse grenobloise.\",\"breadcrumb\":{\"@id\":\"https:\\\/\\\/renaud-reynek.com\\\/cs\\\/catalogue-editorial\\\/suzanne-renaud-cs\\\/romarin-ou-annette-et-jean-ballades-et-poesies-populaires-tcheques-et-moraves-2002-traduites-par-suzanne-renaud\\\/#breadcrumb\"},\"inLanguage\":\"cs\",\"potentialAction\":[{\"@type\":\"ReadAction\",\"target\":[\"https:\\\/\\\/renaud-reynek.com\\\/cs\\\/catalogue-editorial\\\/suzanne-renaud-cs\\\/romarin-ou-annette-et-jean-ballades-et-poesies-populaires-tcheques-et-moraves-2002-traduites-par-suzanne-renaud\\\/\"]}]},{\"@type\":\"ImageObject\",\"inLanguage\":\"cs\",\"@id\":\"https:\\\/\\\/renaud-reynek.com\\\/cs\\\/catalogue-editorial\\\/suzanne-renaud-cs\\\/romarin-ou-annette-et-jean-ballades-et-poesies-populaires-tcheques-et-moraves-2002-traduites-par-suzanne-renaud\\\/#primaryimage\",\"url\":\"https:\\\/\\\/renaud-reynek.com\\\/wp-content\\\/uploads\\\/2020\\\/01\\\/RomarinOuAnnette2002.jpg\",\"contentUrl\":\"https:\\\/\\\/renaud-reynek.com\\\/wp-content\\\/uploads\\\/2020\\\/01\\\/RomarinOuAnnette2002.jpg\",\"width\":1000,\"height\":1357},{\"@type\":\"BreadcrumbList\",\"@id\":\"https:\\\/\\\/renaud-reynek.com\\\/cs\\\/catalogue-editorial\\\/suzanne-renaud-cs\\\/romarin-ou-annette-et-jean-ballades-et-poesies-populaires-tcheques-et-moraves-2002-traduites-par-suzanne-renaud\\\/#breadcrumb\",\"itemListElement\":[{\"@type\":\"ListItem\",\"position\":1,\"name\":\"Accueil\",\"item\":\"https:\\\/\\\/renaud-reynek.com\\\/cs\\\/\"},{\"@type\":\"ListItem\",\"position\":2,\"name\":\"Produkty\",\"item\":\"https:\\\/\\\/renaud-reynek.com\\\/cs\\\/shop\\\/\"},{\"@type\":\"ListItem\",\"position\":3,\"name\":\"Kolektiv autor\u016fRomarin ou Annette et Jean. Ballades et po\u00e9sies populaires tch\u00e8ques et moraves.\u010cesk\u00e9 a moravsk\u00e9 lidov\u00e9 p\u00edsn\u011b a balady.P\u0159eklad Suzanne Renaud.2002\"}]},{\"@type\":\"WebSite\",\"@id\":\"https:\\\/\\\/renaud-reynek.com\\\/cs\\\/#website\",\"url\":\"https:\\\/\\\/renaud-reynek.com\\\/cs\\\/\",\"name\":\"Association Romarin\",\"description\":\"Les Amis de Suzanne Renaud et Bohuslav Reynek\",\"potentialAction\":[{\"@type\":\"SearchAction\",\"target\":{\"@type\":\"EntryPoint\",\"urlTemplate\":\"https:\\\/\\\/renaud-reynek.com\\\/cs\\\/?s={search_term_string}\"},\"query-input\":{\"@type\":\"PropertyValueSpecification\",\"valueRequired\":true,\"valueName\":\"search_term_string\"}}],\"inLanguage\":\"cs\"}]}<\/script>\n<!-- \/ Yoast SEO plugin. -->","yoast_head_json":{"title":"Association Romarin - Kolektiv autor\u016fRomarin ou Annette et Jean. Ballades et po\u00e9sies populaires tch\u00e8ques et moraves.\u010cesk\u00e9 a moravsk\u00e9 lidov\u00e9 p\u00edsn\u011b a balady.P\u0159eklad Suzanne Renaud.2002","description":"Site de l'Association Romarin. D\u00e9couvrez les \u0153uvres du graveur tch\u00e8que Bohuslav Reynek et de Suzanne Renaud, po\u00e8te, son \u00e9pouse grenobloise.","robots":{"index":"index","follow":"follow","max-snippet":"max-snippet:-1","max-image-preview":"max-image-preview:large","max-video-preview":"max-video-preview:-1"},"canonical":"https:\/\/renaud-reynek.com\/cs\/catalogue-editorial\/suzanne-renaud-cs\/romarin-ou-annette-et-jean-ballades-et-poesies-populaires-tcheques-et-moraves-2002-traduites-par-suzanne-renaud\/","og_locale":"cs_CZ","og_type":"article","og_title":"Association Romarin - Kolektiv autor\u016fRomarin ou Annette et Jean. Ballades et po\u00e9sies populaires tch\u00e8ques et moraves.\u010cesk\u00e9 a moravsk\u00e9 lidov\u00e9 p\u00edsn\u011b a balady.P\u0159eklad Suzanne Renaud.2002","og_description":"Site de l'Association Romarin. D\u00e9couvrez les \u0153uvres du graveur tch\u00e8que Bohuslav Reynek et de Suzanne Renaud, po\u00e8te, son \u00e9pouse grenobloise.","og_url":"https:\/\/renaud-reynek.com\/cs\/catalogue-editorial\/suzanne-renaud-cs\/romarin-ou-annette-et-jean-ballades-et-poesies-populaires-tcheques-et-moraves-2002-traduites-par-suzanne-renaud\/","og_site_name":"Association Romarin","article_modified_time":"2021-02-15T06:10:24+00:00","og_image":[{"width":1000,"height":1357,"url":"https:\/\/renaud-reynek.com\/wp-content\/uploads\/2020\/01\/RomarinOuAnnette2002.jpg","type":"image\/jpeg"}],"twitter_card":"summary_large_image","schema":{"@context":"https:\/\/schema.org","@graph":[{"@type":"WebPage","@id":"https:\/\/renaud-reynek.com\/cs\/catalogue-editorial\/suzanne-renaud-cs\/romarin-ou-annette-et-jean-ballades-et-poesies-populaires-tcheques-et-moraves-2002-traduites-par-suzanne-renaud\/","url":"https:\/\/renaud-reynek.com\/cs\/catalogue-editorial\/suzanne-renaud-cs\/romarin-ou-annette-et-jean-ballades-et-poesies-populaires-tcheques-et-moraves-2002-traduites-par-suzanne-renaud\/","name":"Association Romarin - Kolektiv autor\u016f Romarin ou Annette et Jean. Ballades et po\u00e9sies populaires tch\u00e8ques et moraves. \u010cesk\u00e9 a moravsk\u00e9 lidov\u00e9 p\u00edsn\u011b a balady. P\u0159eklad Suzanne Renaud. 2002","isPartOf":{"@id":"https:\/\/renaud-reynek.com\/cs\/#website"},"primaryImageOfPage":{"@id":"https:\/\/renaud-reynek.com\/cs\/catalogue-editorial\/suzanne-renaud-cs\/romarin-ou-annette-et-jean-ballades-et-poesies-populaires-tcheques-et-moraves-2002-traduites-par-suzanne-renaud\/#primaryimage"},"image":{"@id":"https:\/\/renaud-reynek.com\/cs\/catalogue-editorial\/suzanne-renaud-cs\/romarin-ou-annette-et-jean-ballades-et-poesies-populaires-tcheques-et-moraves-2002-traduites-par-suzanne-renaud\/#primaryimage"},"thumbnailUrl":"https:\/\/renaud-reynek.com\/wp-content\/uploads\/2020\/01\/RomarinOuAnnette2002.jpg","datePublished":"2020-01-09T23:59:58+00:00","dateModified":"2021-02-15T06:10:24+00:00","description":"Site de l'Association Romarin. D\u00e9couvrez les \u0153uvres du graveur tch\u00e8que Bohuslav Reynek et de Suzanne Renaud, po\u00e8te, son \u00e9pouse grenobloise.","breadcrumb":{"@id":"https:\/\/renaud-reynek.com\/cs\/catalogue-editorial\/suzanne-renaud-cs\/romarin-ou-annette-et-jean-ballades-et-poesies-populaires-tcheques-et-moraves-2002-traduites-par-suzanne-renaud\/#breadcrumb"},"inLanguage":"cs","potentialAction":[{"@type":"ReadAction","target":["https:\/\/renaud-reynek.com\/cs\/catalogue-editorial\/suzanne-renaud-cs\/romarin-ou-annette-et-jean-ballades-et-poesies-populaires-tcheques-et-moraves-2002-traduites-par-suzanne-renaud\/"]}]},{"@type":"ImageObject","inLanguage":"cs","@id":"https:\/\/renaud-reynek.com\/cs\/catalogue-editorial\/suzanne-renaud-cs\/romarin-ou-annette-et-jean-ballades-et-poesies-populaires-tcheques-et-moraves-2002-traduites-par-suzanne-renaud\/#primaryimage","url":"https:\/\/renaud-reynek.com\/wp-content\/uploads\/2020\/01\/RomarinOuAnnette2002.jpg","contentUrl":"https:\/\/renaud-reynek.com\/wp-content\/uploads\/2020\/01\/RomarinOuAnnette2002.jpg","width":1000,"height":1357},{"@type":"BreadcrumbList","@id":"https:\/\/renaud-reynek.com\/cs\/catalogue-editorial\/suzanne-renaud-cs\/romarin-ou-annette-et-jean-ballades-et-poesies-populaires-tcheques-et-moraves-2002-traduites-par-suzanne-renaud\/#breadcrumb","itemListElement":[{"@type":"ListItem","position":1,"name":"Accueil","item":"https:\/\/renaud-reynek.com\/cs\/"},{"@type":"ListItem","position":2,"name":"Produkty","item":"https:\/\/renaud-reynek.com\/cs\/shop\/"},{"@type":"ListItem","position":3,"name":"Kolektiv autor\u016fRomarin ou Annette et Jean. Ballades et po\u00e9sies populaires tch\u00e8ques et moraves.\u010cesk\u00e9 a moravsk\u00e9 lidov\u00e9 p\u00edsn\u011b a balady.P\u0159eklad Suzanne Renaud.2002"}]},{"@type":"WebSite","@id":"https:\/\/renaud-reynek.com\/cs\/#website","url":"https:\/\/renaud-reynek.com\/cs\/","name":"Association Romarin","description":"Les Amis de Suzanne Renaud et Bohuslav Reynek","potentialAction":[{"@type":"SearchAction","target":{"@type":"EntryPoint","urlTemplate":"https:\/\/renaud-reynek.com\/cs\/?s={search_term_string}"},"query-input":{"@type":"PropertyValueSpecification","valueRequired":true,"valueName":"search_term_string"}}],"inLanguage":"cs"}]}},"_links":{"self":[{"href":"https:\/\/renaud-reynek.com\/cs\/wp-json\/wp\/v2\/product\/6563","targetHints":{"allow":["GET"]}}],"collection":[{"href":"https:\/\/renaud-reynek.com\/cs\/wp-json\/wp\/v2\/product"}],"about":[{"href":"https:\/\/renaud-reynek.com\/cs\/wp-json\/wp\/v2\/types\/product"}],"replies":[{"embeddable":true,"href":"https:\/\/renaud-reynek.com\/cs\/wp-json\/wp\/v2\/comments?post=6563"}],"wp:featuredmedia":[{"embeddable":true,"href":"https:\/\/renaud-reynek.com\/cs\/wp-json\/wp\/v2\/media\/1352"}],"wp:attachment":[{"href":"https:\/\/renaud-reynek.com\/cs\/wp-json\/wp\/v2\/media?parent=6563"}],"wp:term":[{"taxonomy":"product_brand","embeddable":true,"href":"https:\/\/renaud-reynek.com\/cs\/wp-json\/wp\/v2\/product_brand?post=6563"},{"taxonomy":"product_cat","embeddable":true,"href":"https:\/\/renaud-reynek.com\/cs\/wp-json\/wp\/v2\/product_cat?post=6563"},{"taxonomy":"product_tag","embeddable":true,"href":"https:\/\/renaud-reynek.com\/cs\/wp-json\/wp\/v2\/product_tag?post=6563"}],"curies":[{"name":"wp","href":"https:\/\/api.w.org\/{rel}","templated":true}]}}