{"id":6561,"date":"2020-01-10T01:03:14","date_gmt":"2020-01-10T00:03:14","guid":{"rendered":"https:\/\/renaud-reynek.com\/catalogue-editorial\/nezarazene\/collectif-bohuslav-reynek-estampes-des-annees-cinquante-catalogue-dexposition-saint-martin-duriage-fevrier-mars-2013\/"},"modified":"2021-02-15T05:57:17","modified_gmt":"2021-02-15T04:57:17","slug":"collectif-bohuslav-reynek-estampes-des-annees-cinquante-catalogue-dexposition-saint-martin-duriage-fevrier-mars-2013","status":"publish","type":"product","link":"https:\/\/renaud-reynek.com\/cs\/catalogue-editorial\/bohuslav-reynek-cs\/collectif-bohuslav-reynek-estampes-des-annees-cinquante-catalogue-dexposition-saint-martin-duriage-fevrier-mars-2013\/","title":{"rendered":"Kolektiv autor\u016f <br><i>Bohuslav Reynek (1892-1971)<br>Estampes des ann\u00e9es cinquante<\/i>.<br>[<i>Tisky z pades\u00e1t\u00fdch let<\/i>].<br>2013"},"content":{"rendered":"<p><strong><em>Form\u00e1t 21 x 21 cm.<br \/>\n<\/em><\/strong><strong><em>64 stran. Bro\u017eovan\u00e1, ilustrovan\u00e1 ob\u00e1lka.<br \/>\n<\/em><\/strong><strong><em>ISBN : 2\u2013910544\u201312\u20135<\/em><\/strong><\/p>\n<p>Nakladatelstv\u00ed Romarin, Grenoble 2013.<br \/>\nKatalog v\u00fdstavy <em>Bohuslav Reynek<\/em>, Saint-Martin-d\u2019Uriage, 1.02-10.03.2013.<br \/>\nJazyk: francouzsk\u00fd.<br \/>\nTexty A.\u00a0Auzimourov\u00e1, N.\u00a0Servonnat-Favierov\u00e1, O.\u00a0F\u00e9lix-Faure.<br \/>\nDopisy Suzanne Renaudov\u00e9 Gabrielle F\u00e9lix-Faurov\u00e9.<br \/>\nRozhovor s \u00c9lizabeth F\u011blix-Faurovou.<br \/>\nChronologie. Seznam vystaven\u00fdch d\u011bl. Grafick\u00e1 technika.<br \/>\nBarevn\u00e9 ilustrace : 26 d\u011bl Bohuslava Reynka.<br \/>\nVyd\u00e1n\u00ed p\u0159ipravily Annick Auzimourov\u00e1 a Nathalie Servonnat-Favierov\u00e1.<\/p>\n","protected":false},"excerpt":{"rendered":"<p>Bylo to pr\u00e1v\u011b ve Francii, mezi dv\u011bma v\u00e1lkami, kdy jm\u00e9no Bohuslava Reynka, tohoto \u201e\u010cecha z Grenoblu\u201c, poprv\u00e9 p\u0159il\u00e1kalo pozornost publika na v\u00fdstav\u011b jeho kreseb. P\u0159i dal\u0161\u00edch v\u00fdstav\u00e1ch v letech 1950, 1953 a 1960 p\u0159edstavil tak\u00e9 sv\u016fj grafick\u00fd talent. Katalog v\u00fdstavy je v\u011bnov\u00e1n jednomu konkr\u00e9tn\u00edmu obdob\u00ed Reynkovy tvorby, a to pades\u00e1t\u00fdm l\u00e9t\u016fm. Toto desetilet\u00ed podrobn\u011b prozkoumala a p\u0159edstavila histori\u010dka um\u011bn\u00ed Nathalie Servonnat-Favierov\u00e1. Jej\u00ed text Reynek a Francie, od Joba k Donu Quijotovi p\u0159in\u00e1\u0161\u00ed anal\u00fdzu v\u00fdvoje tohoto um\u011blce, jeho zachycov\u00e1n\u00ed krajin a biblick\u00fdch sc\u00e9n, a sleduje jeho cestu k pou\u017eit\u00ed barev a techniky monotypu v grafick\u00e9m d\u00edle. Tuto podrobnou studii dopl\u0148uje sv\u011bdectv\u00ed Elizabeth F\u00e9lix-Faurov\u00e9, s n\u00ed\u017e pojilo Bohuslava Reynka dlouholet\u00e9 p\u0159\u00e1telstv\u00ed, a kter\u00e1 se zab\u00fdv\u00e1 Reynkov\u00fdm \u201efrancouzsk\u00fdm\u201c obdob\u00edm, je\u017e je krom\u011b kraje Dauphin\u00e9 prakticky nezn\u00e1m\u00e9. <\/p>\n","protected":false},"featured_media":1364,"comment_status":"open","ping_status":"closed","template":"","meta":{"_acf_changed":false},"product_brand":[],"product_cat":[211,239],"product_tag":[],"class_list":{"0":"post-6561","1":"product","2":"type-product","3":"status-publish","4":"has-post-thumbnail","6":"product_cat-bohuslav-reynek-cs","7":"product_cat-kolektivni-cs","9":"first","10":"instock","11":"shipping-taxable","12":"purchasable","13":"product-type-simple"},"acf":[],"yoast_head":"<!-- This site is optimized with the Yoast SEO plugin v27.6 - https:\/\/yoast.com\/product\/yoast-seo-wordpress\/ -->\n<title>Association Romarin - Kolektiv autor\u016f Bohuslav Reynek (1892-1971)Estampes des ann\u00e9es cinquante.[Tisky z pades\u00e1t\u00fdch let].2013<\/title>\n<meta name=\"description\" content=\"Site de l&#039;Association Romarin. D\u00e9couvrez les \u0153uvres du graveur tch\u00e8que Bohuslav Reynek et de Suzanne Renaud, po\u00e8te, son \u00e9pouse grenobloise.\" \/>\n<meta name=\"robots\" content=\"index, follow, max-snippet:-1, max-image-preview:large, max-video-preview:-1\" \/>\n<link rel=\"canonical\" href=\"https:\/\/renaud-reynek.com\/cs\/catalogue-editorial\/bohuslav-reynek-cs\/collectif-bohuslav-reynek-estampes-des-annees-cinquante-catalogue-dexposition-saint-martin-duriage-fevrier-mars-2013\/\" \/>\n<meta property=\"og:locale\" content=\"cs_CZ\" \/>\n<meta property=\"og:type\" content=\"article\" \/>\n<meta property=\"og:title\" content=\"Association Romarin - Kolektiv autor\u016f Bohuslav Reynek (1892-1971)Estampes des ann\u00e9es cinquante.[Tisky z pades\u00e1t\u00fdch let].2013\" \/>\n<meta property=\"og:description\" content=\"Site de l&#039;Association Romarin. D\u00e9couvrez les \u0153uvres du graveur tch\u00e8que Bohuslav Reynek et de Suzanne Renaud, po\u00e8te, son \u00e9pouse grenobloise.\" \/>\n<meta property=\"og:url\" content=\"https:\/\/renaud-reynek.com\/cs\/catalogue-editorial\/bohuslav-reynek-cs\/collectif-bohuslav-reynek-estampes-des-annees-cinquante-catalogue-dexposition-saint-martin-duriage-fevrier-mars-2013\/\" \/>\n<meta property=\"og:site_name\" content=\"Association Romarin\" \/>\n<meta property=\"article:modified_time\" content=\"2021-02-15T04:57:17+00:00\" \/>\n<meta property=\"og:image\" content=\"https:\/\/renaud-reynek.com\/wp-content\/uploads\/2020\/01\/EstampesCinquante2013.jpg\" \/>\n\t<meta property=\"og:image:width\" content=\"1000\" \/>\n\t<meta property=\"og:image:height\" content=\"999\" \/>\n\t<meta property=\"og:image:type\" content=\"image\/jpeg\" \/>\n<meta name=\"twitter:card\" content=\"summary_large_image\" \/>\n<script type=\"application\/ld+json\" class=\"yoast-schema-graph\">{\"@context\":\"https:\\\/\\\/schema.org\",\"@graph\":[{\"@type\":\"WebPage\",\"@id\":\"https:\\\/\\\/renaud-reynek.com\\\/cs\\\/catalogue-editorial\\\/bohuslav-reynek-cs\\\/collectif-bohuslav-reynek-estampes-des-annees-cinquante-catalogue-dexposition-saint-martin-duriage-fevrier-mars-2013\\\/\",\"url\":\"https:\\\/\\\/renaud-reynek.com\\\/cs\\\/catalogue-editorial\\\/bohuslav-reynek-cs\\\/collectif-bohuslav-reynek-estampes-des-annees-cinquante-catalogue-dexposition-saint-martin-duriage-fevrier-mars-2013\\\/\",\"name\":\"Association Romarin - Kolektiv autor\u016f Bohuslav Reynek (1892-1971) Estampes des ann\u00e9es cinquante. [Tisky z pades\u00e1t\u00fdch let]. 2013\",\"isPartOf\":{\"@id\":\"https:\\\/\\\/renaud-reynek.com\\\/cs\\\/#website\"},\"primaryImageOfPage\":{\"@id\":\"https:\\\/\\\/renaud-reynek.com\\\/cs\\\/catalogue-editorial\\\/bohuslav-reynek-cs\\\/collectif-bohuslav-reynek-estampes-des-annees-cinquante-catalogue-dexposition-saint-martin-duriage-fevrier-mars-2013\\\/#primaryimage\"},\"image\":{\"@id\":\"https:\\\/\\\/renaud-reynek.com\\\/cs\\\/catalogue-editorial\\\/bohuslav-reynek-cs\\\/collectif-bohuslav-reynek-estampes-des-annees-cinquante-catalogue-dexposition-saint-martin-duriage-fevrier-mars-2013\\\/#primaryimage\"},\"thumbnailUrl\":\"https:\\\/\\\/renaud-reynek.com\\\/wp-content\\\/uploads\\\/2020\\\/01\\\/EstampesCinquante2013.jpg\",\"datePublished\":\"2020-01-10T00:03:14+00:00\",\"dateModified\":\"2021-02-15T04:57:17+00:00\",\"description\":\"Site de l'Association Romarin. D\u00e9couvrez les \u0153uvres du graveur tch\u00e8que Bohuslav Reynek et de Suzanne Renaud, po\u00e8te, son \u00e9pouse grenobloise.\",\"breadcrumb\":{\"@id\":\"https:\\\/\\\/renaud-reynek.com\\\/cs\\\/catalogue-editorial\\\/bohuslav-reynek-cs\\\/collectif-bohuslav-reynek-estampes-des-annees-cinquante-catalogue-dexposition-saint-martin-duriage-fevrier-mars-2013\\\/#breadcrumb\"},\"inLanguage\":\"cs\",\"potentialAction\":[{\"@type\":\"ReadAction\",\"target\":[\"https:\\\/\\\/renaud-reynek.com\\\/cs\\\/catalogue-editorial\\\/bohuslav-reynek-cs\\\/collectif-bohuslav-reynek-estampes-des-annees-cinquante-catalogue-dexposition-saint-martin-duriage-fevrier-mars-2013\\\/\"]}]},{\"@type\":\"ImageObject\",\"inLanguage\":\"cs\",\"@id\":\"https:\\\/\\\/renaud-reynek.com\\\/cs\\\/catalogue-editorial\\\/bohuslav-reynek-cs\\\/collectif-bohuslav-reynek-estampes-des-annees-cinquante-catalogue-dexposition-saint-martin-duriage-fevrier-mars-2013\\\/#primaryimage\",\"url\":\"https:\\\/\\\/renaud-reynek.com\\\/wp-content\\\/uploads\\\/2020\\\/01\\\/EstampesCinquante2013.jpg\",\"contentUrl\":\"https:\\\/\\\/renaud-reynek.com\\\/wp-content\\\/uploads\\\/2020\\\/01\\\/EstampesCinquante2013.jpg\",\"width\":1000,\"height\":999},{\"@type\":\"BreadcrumbList\",\"@id\":\"https:\\\/\\\/renaud-reynek.com\\\/cs\\\/catalogue-editorial\\\/bohuslav-reynek-cs\\\/collectif-bohuslav-reynek-estampes-des-annees-cinquante-catalogue-dexposition-saint-martin-duriage-fevrier-mars-2013\\\/#breadcrumb\",\"itemListElement\":[{\"@type\":\"ListItem\",\"position\":1,\"name\":\"Accueil\",\"item\":\"https:\\\/\\\/renaud-reynek.com\\\/cs\\\/\"},{\"@type\":\"ListItem\",\"position\":2,\"name\":\"Produkty\",\"item\":\"https:\\\/\\\/renaud-reynek.com\\\/cs\\\/shop\\\/\"},{\"@type\":\"ListItem\",\"position\":3,\"name\":\"Kolektiv autor\u016f Bohuslav Reynek (1892-1971)Estampes des ann\u00e9es cinquante.[Tisky z pades\u00e1t\u00fdch let].2013\"}]},{\"@type\":\"WebSite\",\"@id\":\"https:\\\/\\\/renaud-reynek.com\\\/cs\\\/#website\",\"url\":\"https:\\\/\\\/renaud-reynek.com\\\/cs\\\/\",\"name\":\"Association Romarin\",\"description\":\"Les Amis de Suzanne Renaud et Bohuslav Reynek\",\"potentialAction\":[{\"@type\":\"SearchAction\",\"target\":{\"@type\":\"EntryPoint\",\"urlTemplate\":\"https:\\\/\\\/renaud-reynek.com\\\/cs\\\/?s={search_term_string}\"},\"query-input\":{\"@type\":\"PropertyValueSpecification\",\"valueRequired\":true,\"valueName\":\"search_term_string\"}}],\"inLanguage\":\"cs\"}]}<\/script>\n<!-- \/ Yoast SEO plugin. -->","yoast_head_json":{"title":"Association Romarin - Kolektiv autor\u016f Bohuslav Reynek (1892-1971)Estampes des ann\u00e9es cinquante.[Tisky z pades\u00e1t\u00fdch let].2013","description":"Site de l'Association Romarin. D\u00e9couvrez les \u0153uvres du graveur tch\u00e8que Bohuslav Reynek et de Suzanne Renaud, po\u00e8te, son \u00e9pouse grenobloise.","robots":{"index":"index","follow":"follow","max-snippet":"max-snippet:-1","max-image-preview":"max-image-preview:large","max-video-preview":"max-video-preview:-1"},"canonical":"https:\/\/renaud-reynek.com\/cs\/catalogue-editorial\/bohuslav-reynek-cs\/collectif-bohuslav-reynek-estampes-des-annees-cinquante-catalogue-dexposition-saint-martin-duriage-fevrier-mars-2013\/","og_locale":"cs_CZ","og_type":"article","og_title":"Association Romarin - Kolektiv autor\u016f Bohuslav Reynek (1892-1971)Estampes des ann\u00e9es cinquante.[Tisky z pades\u00e1t\u00fdch let].2013","og_description":"Site de l'Association Romarin. D\u00e9couvrez les \u0153uvres du graveur tch\u00e8que Bohuslav Reynek et de Suzanne Renaud, po\u00e8te, son \u00e9pouse grenobloise.","og_url":"https:\/\/renaud-reynek.com\/cs\/catalogue-editorial\/bohuslav-reynek-cs\/collectif-bohuslav-reynek-estampes-des-annees-cinquante-catalogue-dexposition-saint-martin-duriage-fevrier-mars-2013\/","og_site_name":"Association Romarin","article_modified_time":"2021-02-15T04:57:17+00:00","og_image":[{"width":1000,"height":999,"url":"https:\/\/renaud-reynek.com\/wp-content\/uploads\/2020\/01\/EstampesCinquante2013.jpg","type":"image\/jpeg"}],"twitter_card":"summary_large_image","schema":{"@context":"https:\/\/schema.org","@graph":[{"@type":"WebPage","@id":"https:\/\/renaud-reynek.com\/cs\/catalogue-editorial\/bohuslav-reynek-cs\/collectif-bohuslav-reynek-estampes-des-annees-cinquante-catalogue-dexposition-saint-martin-duriage-fevrier-mars-2013\/","url":"https:\/\/renaud-reynek.com\/cs\/catalogue-editorial\/bohuslav-reynek-cs\/collectif-bohuslav-reynek-estampes-des-annees-cinquante-catalogue-dexposition-saint-martin-duriage-fevrier-mars-2013\/","name":"Association Romarin - Kolektiv autor\u016f Bohuslav Reynek (1892-1971) Estampes des ann\u00e9es cinquante. [Tisky z pades\u00e1t\u00fdch let]. 2013","isPartOf":{"@id":"https:\/\/renaud-reynek.com\/cs\/#website"},"primaryImageOfPage":{"@id":"https:\/\/renaud-reynek.com\/cs\/catalogue-editorial\/bohuslav-reynek-cs\/collectif-bohuslav-reynek-estampes-des-annees-cinquante-catalogue-dexposition-saint-martin-duriage-fevrier-mars-2013\/#primaryimage"},"image":{"@id":"https:\/\/renaud-reynek.com\/cs\/catalogue-editorial\/bohuslav-reynek-cs\/collectif-bohuslav-reynek-estampes-des-annees-cinquante-catalogue-dexposition-saint-martin-duriage-fevrier-mars-2013\/#primaryimage"},"thumbnailUrl":"https:\/\/renaud-reynek.com\/wp-content\/uploads\/2020\/01\/EstampesCinquante2013.jpg","datePublished":"2020-01-10T00:03:14+00:00","dateModified":"2021-02-15T04:57:17+00:00","description":"Site de l'Association Romarin. D\u00e9couvrez les \u0153uvres du graveur tch\u00e8que Bohuslav Reynek et de Suzanne Renaud, po\u00e8te, son \u00e9pouse grenobloise.","breadcrumb":{"@id":"https:\/\/renaud-reynek.com\/cs\/catalogue-editorial\/bohuslav-reynek-cs\/collectif-bohuslav-reynek-estampes-des-annees-cinquante-catalogue-dexposition-saint-martin-duriage-fevrier-mars-2013\/#breadcrumb"},"inLanguage":"cs","potentialAction":[{"@type":"ReadAction","target":["https:\/\/renaud-reynek.com\/cs\/catalogue-editorial\/bohuslav-reynek-cs\/collectif-bohuslav-reynek-estampes-des-annees-cinquante-catalogue-dexposition-saint-martin-duriage-fevrier-mars-2013\/"]}]},{"@type":"ImageObject","inLanguage":"cs","@id":"https:\/\/renaud-reynek.com\/cs\/catalogue-editorial\/bohuslav-reynek-cs\/collectif-bohuslav-reynek-estampes-des-annees-cinquante-catalogue-dexposition-saint-martin-duriage-fevrier-mars-2013\/#primaryimage","url":"https:\/\/renaud-reynek.com\/wp-content\/uploads\/2020\/01\/EstampesCinquante2013.jpg","contentUrl":"https:\/\/renaud-reynek.com\/wp-content\/uploads\/2020\/01\/EstampesCinquante2013.jpg","width":1000,"height":999},{"@type":"BreadcrumbList","@id":"https:\/\/renaud-reynek.com\/cs\/catalogue-editorial\/bohuslav-reynek-cs\/collectif-bohuslav-reynek-estampes-des-annees-cinquante-catalogue-dexposition-saint-martin-duriage-fevrier-mars-2013\/#breadcrumb","itemListElement":[{"@type":"ListItem","position":1,"name":"Accueil","item":"https:\/\/renaud-reynek.com\/cs\/"},{"@type":"ListItem","position":2,"name":"Produkty","item":"https:\/\/renaud-reynek.com\/cs\/shop\/"},{"@type":"ListItem","position":3,"name":"Kolektiv autor\u016f Bohuslav Reynek (1892-1971)Estampes des ann\u00e9es cinquante.[Tisky z pades\u00e1t\u00fdch let].2013"}]},{"@type":"WebSite","@id":"https:\/\/renaud-reynek.com\/cs\/#website","url":"https:\/\/renaud-reynek.com\/cs\/","name":"Association Romarin","description":"Les Amis de Suzanne Renaud et Bohuslav Reynek","potentialAction":[{"@type":"SearchAction","target":{"@type":"EntryPoint","urlTemplate":"https:\/\/renaud-reynek.com\/cs\/?s={search_term_string}"},"query-input":{"@type":"PropertyValueSpecification","valueRequired":true,"valueName":"search_term_string"}}],"inLanguage":"cs"}]}},"_links":{"self":[{"href":"https:\/\/renaud-reynek.com\/cs\/wp-json\/wp\/v2\/product\/6561","targetHints":{"allow":["GET"]}}],"collection":[{"href":"https:\/\/renaud-reynek.com\/cs\/wp-json\/wp\/v2\/product"}],"about":[{"href":"https:\/\/renaud-reynek.com\/cs\/wp-json\/wp\/v2\/types\/product"}],"replies":[{"embeddable":true,"href":"https:\/\/renaud-reynek.com\/cs\/wp-json\/wp\/v2\/comments?post=6561"}],"wp:featuredmedia":[{"embeddable":true,"href":"https:\/\/renaud-reynek.com\/cs\/wp-json\/wp\/v2\/media\/1364"}],"wp:attachment":[{"href":"https:\/\/renaud-reynek.com\/cs\/wp-json\/wp\/v2\/media?parent=6561"}],"wp:term":[{"taxonomy":"product_brand","embeddable":true,"href":"https:\/\/renaud-reynek.com\/cs\/wp-json\/wp\/v2\/product_brand?post=6561"},{"taxonomy":"product_cat","embeddable":true,"href":"https:\/\/renaud-reynek.com\/cs\/wp-json\/wp\/v2\/product_cat?post=6561"},{"taxonomy":"product_tag","embeddable":true,"href":"https:\/\/renaud-reynek.com\/cs\/wp-json\/wp\/v2\/product_tag?post=6561"}],"curies":[{"name":"wp","href":"https:\/\/api.w.org\/{rel}","templated":true}]}}