{"id":6518,"date":"2020-01-10T01:04:04","date_gmt":"2020-01-10T00:04:04","guid":{"rendered":"https:\/\/renaud-reynek.com\/catalogue-editorial\/nezarazene\/suzanne-renaud-lettres-a-suzon-dopisy-suzon-1947-1963-2014\/"},"modified":"2023-07-16T17:20:16","modified_gmt":"2023-07-16T15:20:16","slug":"suzanne-renaud-lettres-a-suzon-dopisy-suzon-1947-1963-2014","status":"publish","type":"product","link":"https:\/\/renaud-reynek.com\/cs\/catalogue-editorial\/suzanne-renaud-cs\/suzanne-renaud-lettres-a-suzon-dopisy-suzon-1947-1963-2014\/","title":{"rendered":"Suzanne RENAUD: <br><i>Lettres \u00e0 Suzon \u2013<br>Dopisy Suzon (1947-1963)<\/i><br>a <i>Souvenirs de famille<\/i><br>autor Magali Robert<br>2014"},"content":{"rendered":"<p><strong><em>Form\u00e1t 15 x 21 cm.<br \/>\n<\/em><\/strong><strong><em>332 stran. Bro\u017eovan\u00e1, ilustrovan\u00e1 ob\u00e1lka.<br \/>\n<\/em><\/strong><strong><em>ISBN : 2\u2013910544\u201314-1<\/em><\/strong><\/p>\n<p>Nakladatelstv\u00ed Romarin, Grenoble 2014.<br \/>\nDvojjazy\u010dn\u00e9 francouzsko-\u010desk\u00e9 vyd\u00e1n\u00ed.<br \/>\nZ francouz\u0161tiny p\u0159elo\u017eil Magdalena Hroz\u00ednkov\u00e1.<br \/>\nP\u0159edmluva Annick Auzimourov\u00e1.<br \/>\nPozn\u00e1mky, chronologie, genealogie.<br \/>\nTexty Magali Robertov\u00e1.<br \/>\nFrontispice Bohuslava Reynka.<br \/>\nBarevn\u00e9 ilustrace: deset kreseb Magali Robertov\u00e9.<br \/>\nFotografi\u00ed Daniela Reynka.<br \/>\nVyd\u00e1n\u00ed p\u0159ipravili Annick Auzimourov\u00e1, Magdalena Hroz\u00ednkov\u00e1<br \/>\na Magali Robertov\u00e1.<\/p>\n","protected":false},"excerpt":{"rendered":"<p>\u010cty\u0159icet p\u011bt dopis\u016f odeslan\u00fdch z Petrkova, \u010desk\u00e9 vesni\u010dky, v n\u00ed\u017e b\u00e1sn\u00ed\u0159ka Suzanne Renaudov\u00e1 \u017eila od roku 1936 po boku \u010desk\u00e9ho grafika Bohuslava Reynka, p\u0159edstavuje t\u00e9m\u011b\u0159 celou korespondenci, kterou b\u00e1sn\u00ed\u0159ka odeslala sv\u00e9 nete\u0159i Suzanne \u0159e\u010den\u00e9 Suzon, star\u0161\u00ed dce\u0159i jej\u00ed sestry Marcelle, s nimi\u017e se po roce 1947 kv\u016fli politick\u00e9mu v\u00fdvoji ji\u017e nikdy nesetkala. Kv\u016fli cenzu\u0159e i z ostychu nem\u016f\u017ee autorka p\u0159\u00edli\u0161 svobodn\u011b ps\u00e1t o ka\u017edodenn\u00edm \u017eivot\u011b. V korespondenci mluv\u00ed o sob\u011b pouze v n\u00e1znac\u00edch, se \u0161petkou humoru, aby dok\u00e1zala vzdorovat \u00fatlaku komunistick\u00e9ho re\u017eimu. Dopisy jsou naps\u00e1ny kr\u00e1sn\u00fdm b\u00e1snick\u00fdm jazykem, p\u0159edstavuj\u00ed zdroj \u017eivotopisn\u00fdch i liter\u00e1rn\u00edch informac\u00ed a umo\u017e\u0148uj\u00ed tak l\u00e9pe poznat osobnost Suzanne Renaudov\u00e9, jej\u00ed\u017e my\u0161lenky prozrazuj\u00ed v tichosti jistou moudrost. Vzhledem k tomu, \u017ee list\u016f, ve kter\u00fdch Suzon odpov\u00eddala, se dodnes na\u0161lo jen m\u00e1lo, doprov\u00e1zej\u00ed tuto korespondenciso <em>Souvenirs de famille<\/em> [<em>Rodinn\u00e9 vzpom\u00ednky<\/em>] z pera Magali Robertov\u00e9, Suzonniny sestry, kter\u00e9 osv\u011btluj\u00ed jej\u00ed kontext a obohacuj\u00ed ji.<\/p>\n","protected":false},"featured_media":1368,"comment_status":"open","ping_status":"closed","template":"","meta":{"_acf_changed":false},"product_brand":[],"product_cat":[210],"product_tag":[],"class_list":{"0":"post-6518","1":"product","2":"type-product","3":"status-publish","4":"has-post-thumbnail","6":"product_cat-suzanne-renaud-cs","8":"first","9":"instock","10":"shipping-taxable","11":"purchasable","12":"product-type-simple"},"acf":[],"yoast_head":"<!-- This site is optimized with the Yoast SEO plugin v27.4 - https:\/\/yoast.com\/product\/yoast-seo-wordpress\/ -->\n<title>Association Romarin - Suzanne RENAUD: Lettres \u00e0 Suzon \u2013Dopisy Suzon (1947-1963)a Souvenirs de familleautor Magali Robert2014<\/title>\n<meta name=\"description\" content=\"Site de l&#039;Association Romarin. D\u00e9couvrez les \u0153uvres du graveur tch\u00e8que Bohuslav Reynek et de Suzanne Renaud, po\u00e8te, son \u00e9pouse grenobloise.\" \/>\n<meta name=\"robots\" content=\"index, follow, max-snippet:-1, max-image-preview:large, max-video-preview:-1\" \/>\n<link rel=\"canonical\" href=\"https:\/\/renaud-reynek.com\/cs\/catalogue-editorial\/suzanne-renaud-cs\/suzanne-renaud-lettres-a-suzon-dopisy-suzon-1947-1963-2014\/\" \/>\n<meta property=\"og:locale\" content=\"cs_CZ\" \/>\n<meta property=\"og:type\" content=\"article\" \/>\n<meta property=\"og:title\" content=\"Association Romarin - Suzanne RENAUD: Lettres \u00e0 Suzon \u2013Dopisy Suzon (1947-1963)a Souvenirs de familleautor Magali Robert2014\" \/>\n<meta property=\"og:description\" content=\"Site de l&#039;Association Romarin. D\u00e9couvrez les \u0153uvres du graveur tch\u00e8que Bohuslav Reynek et de Suzanne Renaud, po\u00e8te, son \u00e9pouse grenobloise.\" \/>\n<meta property=\"og:url\" content=\"https:\/\/renaud-reynek.com\/cs\/catalogue-editorial\/suzanne-renaud-cs\/suzanne-renaud-lettres-a-suzon-dopisy-suzon-1947-1963-2014\/\" \/>\n<meta property=\"og:site_name\" content=\"Association Romarin\" \/>\n<meta property=\"article:modified_time\" content=\"2023-07-16T15:20:16+00:00\" \/>\n<meta property=\"og:image\" content=\"https:\/\/renaud-reynek.com\/wp-content\/uploads\/2020\/01\/SR_LettresSuzon2014.jpg\" \/>\n\t<meta property=\"og:image:width\" content=\"1000\" \/>\n\t<meta property=\"og:image:height\" content=\"1415\" \/>\n\t<meta property=\"og:image:type\" content=\"image\/jpeg\" \/>\n<meta name=\"twitter:card\" content=\"summary_large_image\" \/>\n<meta name=\"twitter:label1\" content=\"Odhadovan\u00e1 doba \u010dten\u00ed\" \/>\n\t<meta name=\"twitter:data1\" content=\"1 minuta\" \/>\n<script type=\"application\/ld+json\" class=\"yoast-schema-graph\">{\"@context\":\"https:\\\/\\\/schema.org\",\"@graph\":[{\"@type\":\"WebPage\",\"@id\":\"https:\\\/\\\/renaud-reynek.com\\\/cs\\\/catalogue-editorial\\\/suzanne-renaud-cs\\\/suzanne-renaud-lettres-a-suzon-dopisy-suzon-1947-1963-2014\\\/\",\"url\":\"https:\\\/\\\/renaud-reynek.com\\\/cs\\\/catalogue-editorial\\\/suzanne-renaud-cs\\\/suzanne-renaud-lettres-a-suzon-dopisy-suzon-1947-1963-2014\\\/\",\"name\":\"Association Romarin - Suzanne RENAUD: Lettres \u00e0 Suzon \u2013 Dopisy Suzon (1947-1963) a Souvenirs de famille autor Magali Robert 2014\",\"isPartOf\":{\"@id\":\"https:\\\/\\\/renaud-reynek.com\\\/cs\\\/#website\"},\"primaryImageOfPage\":{\"@id\":\"https:\\\/\\\/renaud-reynek.com\\\/cs\\\/catalogue-editorial\\\/suzanne-renaud-cs\\\/suzanne-renaud-lettres-a-suzon-dopisy-suzon-1947-1963-2014\\\/#primaryimage\"},\"image\":{\"@id\":\"https:\\\/\\\/renaud-reynek.com\\\/cs\\\/catalogue-editorial\\\/suzanne-renaud-cs\\\/suzanne-renaud-lettres-a-suzon-dopisy-suzon-1947-1963-2014\\\/#primaryimage\"},\"thumbnailUrl\":\"https:\\\/\\\/renaud-reynek.com\\\/wp-content\\\/uploads\\\/2020\\\/01\\\/SR_LettresSuzon2014.jpg\",\"datePublished\":\"2020-01-10T00:04:04+00:00\",\"dateModified\":\"2023-07-16T15:20:16+00:00\",\"description\":\"Site de l'Association Romarin. D\u00e9couvrez les \u0153uvres du graveur tch\u00e8que Bohuslav Reynek et de Suzanne Renaud, po\u00e8te, son \u00e9pouse grenobloise.\",\"breadcrumb\":{\"@id\":\"https:\\\/\\\/renaud-reynek.com\\\/cs\\\/catalogue-editorial\\\/suzanne-renaud-cs\\\/suzanne-renaud-lettres-a-suzon-dopisy-suzon-1947-1963-2014\\\/#breadcrumb\"},\"inLanguage\":\"cs\",\"potentialAction\":[{\"@type\":\"ReadAction\",\"target\":[\"https:\\\/\\\/renaud-reynek.com\\\/cs\\\/catalogue-editorial\\\/suzanne-renaud-cs\\\/suzanne-renaud-lettres-a-suzon-dopisy-suzon-1947-1963-2014\\\/\"]}]},{\"@type\":\"ImageObject\",\"inLanguage\":\"cs\",\"@id\":\"https:\\\/\\\/renaud-reynek.com\\\/cs\\\/catalogue-editorial\\\/suzanne-renaud-cs\\\/suzanne-renaud-lettres-a-suzon-dopisy-suzon-1947-1963-2014\\\/#primaryimage\",\"url\":\"https:\\\/\\\/renaud-reynek.com\\\/wp-content\\\/uploads\\\/2020\\\/01\\\/SR_LettresSuzon2014.jpg\",\"contentUrl\":\"https:\\\/\\\/renaud-reynek.com\\\/wp-content\\\/uploads\\\/2020\\\/01\\\/SR_LettresSuzon2014.jpg\",\"width\":1000,\"height\":1415},{\"@type\":\"BreadcrumbList\",\"@id\":\"https:\\\/\\\/renaud-reynek.com\\\/cs\\\/catalogue-editorial\\\/suzanne-renaud-cs\\\/suzanne-renaud-lettres-a-suzon-dopisy-suzon-1947-1963-2014\\\/#breadcrumb\",\"itemListElement\":[{\"@type\":\"ListItem\",\"position\":1,\"name\":\"Accueil\",\"item\":\"https:\\\/\\\/renaud-reynek.com\\\/cs\\\/\"},{\"@type\":\"ListItem\",\"position\":2,\"name\":\"Produkty\",\"item\":\"https:\\\/\\\/renaud-reynek.com\\\/cs\\\/shop\\\/\"},{\"@type\":\"ListItem\",\"position\":3,\"name\":\"Suzanne RENAUD: Lettres \u00e0 Suzon \u2013Dopisy Suzon (1947-1963)a Souvenirs de familleautor Magali Robert2014\"}]},{\"@type\":\"WebSite\",\"@id\":\"https:\\\/\\\/renaud-reynek.com\\\/cs\\\/#website\",\"url\":\"https:\\\/\\\/renaud-reynek.com\\\/cs\\\/\",\"name\":\"Association Romarin\",\"description\":\"Les Amis de Suzanne Renaud et Bohuslav Reynek\",\"potentialAction\":[{\"@type\":\"SearchAction\",\"target\":{\"@type\":\"EntryPoint\",\"urlTemplate\":\"https:\\\/\\\/renaud-reynek.com\\\/cs\\\/?s={search_term_string}\"},\"query-input\":{\"@type\":\"PropertyValueSpecification\",\"valueRequired\":true,\"valueName\":\"search_term_string\"}}],\"inLanguage\":\"cs\"}]}<\/script>\n<!-- \/ Yoast SEO plugin. -->","yoast_head_json":{"title":"Association Romarin - Suzanne RENAUD: Lettres \u00e0 Suzon \u2013Dopisy Suzon (1947-1963)a Souvenirs de familleautor Magali Robert2014","description":"Site de l'Association Romarin. D\u00e9couvrez les \u0153uvres du graveur tch\u00e8que Bohuslav Reynek et de Suzanne Renaud, po\u00e8te, son \u00e9pouse grenobloise.","robots":{"index":"index","follow":"follow","max-snippet":"max-snippet:-1","max-image-preview":"max-image-preview:large","max-video-preview":"max-video-preview:-1"},"canonical":"https:\/\/renaud-reynek.com\/cs\/catalogue-editorial\/suzanne-renaud-cs\/suzanne-renaud-lettres-a-suzon-dopisy-suzon-1947-1963-2014\/","og_locale":"cs_CZ","og_type":"article","og_title":"Association Romarin - Suzanne RENAUD: Lettres \u00e0 Suzon \u2013Dopisy Suzon (1947-1963)a Souvenirs de familleautor Magali Robert2014","og_description":"Site de l'Association Romarin. D\u00e9couvrez les \u0153uvres du graveur tch\u00e8que Bohuslav Reynek et de Suzanne Renaud, po\u00e8te, son \u00e9pouse grenobloise.","og_url":"https:\/\/renaud-reynek.com\/cs\/catalogue-editorial\/suzanne-renaud-cs\/suzanne-renaud-lettres-a-suzon-dopisy-suzon-1947-1963-2014\/","og_site_name":"Association Romarin","article_modified_time":"2023-07-16T15:20:16+00:00","og_image":[{"width":1000,"height":1415,"url":"https:\/\/renaud-reynek.com\/wp-content\/uploads\/2020\/01\/SR_LettresSuzon2014.jpg","type":"image\/jpeg"}],"twitter_card":"summary_large_image","twitter_misc":{"Odhadovan\u00e1 doba \u010dten\u00ed":"1 minuta"},"schema":{"@context":"https:\/\/schema.org","@graph":[{"@type":"WebPage","@id":"https:\/\/renaud-reynek.com\/cs\/catalogue-editorial\/suzanne-renaud-cs\/suzanne-renaud-lettres-a-suzon-dopisy-suzon-1947-1963-2014\/","url":"https:\/\/renaud-reynek.com\/cs\/catalogue-editorial\/suzanne-renaud-cs\/suzanne-renaud-lettres-a-suzon-dopisy-suzon-1947-1963-2014\/","name":"Association Romarin - Suzanne RENAUD: Lettres \u00e0 Suzon \u2013 Dopisy Suzon (1947-1963) a Souvenirs de famille autor Magali Robert 2014","isPartOf":{"@id":"https:\/\/renaud-reynek.com\/cs\/#website"},"primaryImageOfPage":{"@id":"https:\/\/renaud-reynek.com\/cs\/catalogue-editorial\/suzanne-renaud-cs\/suzanne-renaud-lettres-a-suzon-dopisy-suzon-1947-1963-2014\/#primaryimage"},"image":{"@id":"https:\/\/renaud-reynek.com\/cs\/catalogue-editorial\/suzanne-renaud-cs\/suzanne-renaud-lettres-a-suzon-dopisy-suzon-1947-1963-2014\/#primaryimage"},"thumbnailUrl":"https:\/\/renaud-reynek.com\/wp-content\/uploads\/2020\/01\/SR_LettresSuzon2014.jpg","datePublished":"2020-01-10T00:04:04+00:00","dateModified":"2023-07-16T15:20:16+00:00","description":"Site de l'Association Romarin. D\u00e9couvrez les \u0153uvres du graveur tch\u00e8que Bohuslav Reynek et de Suzanne Renaud, po\u00e8te, son \u00e9pouse grenobloise.","breadcrumb":{"@id":"https:\/\/renaud-reynek.com\/cs\/catalogue-editorial\/suzanne-renaud-cs\/suzanne-renaud-lettres-a-suzon-dopisy-suzon-1947-1963-2014\/#breadcrumb"},"inLanguage":"cs","potentialAction":[{"@type":"ReadAction","target":["https:\/\/renaud-reynek.com\/cs\/catalogue-editorial\/suzanne-renaud-cs\/suzanne-renaud-lettres-a-suzon-dopisy-suzon-1947-1963-2014\/"]}]},{"@type":"ImageObject","inLanguage":"cs","@id":"https:\/\/renaud-reynek.com\/cs\/catalogue-editorial\/suzanne-renaud-cs\/suzanne-renaud-lettres-a-suzon-dopisy-suzon-1947-1963-2014\/#primaryimage","url":"https:\/\/renaud-reynek.com\/wp-content\/uploads\/2020\/01\/SR_LettresSuzon2014.jpg","contentUrl":"https:\/\/renaud-reynek.com\/wp-content\/uploads\/2020\/01\/SR_LettresSuzon2014.jpg","width":1000,"height":1415},{"@type":"BreadcrumbList","@id":"https:\/\/renaud-reynek.com\/cs\/catalogue-editorial\/suzanne-renaud-cs\/suzanne-renaud-lettres-a-suzon-dopisy-suzon-1947-1963-2014\/#breadcrumb","itemListElement":[{"@type":"ListItem","position":1,"name":"Accueil","item":"https:\/\/renaud-reynek.com\/cs\/"},{"@type":"ListItem","position":2,"name":"Produkty","item":"https:\/\/renaud-reynek.com\/cs\/shop\/"},{"@type":"ListItem","position":3,"name":"Suzanne RENAUD: Lettres \u00e0 Suzon \u2013Dopisy Suzon (1947-1963)a Souvenirs de familleautor Magali Robert2014"}]},{"@type":"WebSite","@id":"https:\/\/renaud-reynek.com\/cs\/#website","url":"https:\/\/renaud-reynek.com\/cs\/","name":"Association Romarin","description":"Les Amis de Suzanne Renaud et Bohuslav Reynek","potentialAction":[{"@type":"SearchAction","target":{"@type":"EntryPoint","urlTemplate":"https:\/\/renaud-reynek.com\/cs\/?s={search_term_string}"},"query-input":{"@type":"PropertyValueSpecification","valueRequired":true,"valueName":"search_term_string"}}],"inLanguage":"cs"}]}},"_links":{"self":[{"href":"https:\/\/renaud-reynek.com\/cs\/wp-json\/wp\/v2\/product\/6518","targetHints":{"allow":["GET"]}}],"collection":[{"href":"https:\/\/renaud-reynek.com\/cs\/wp-json\/wp\/v2\/product"}],"about":[{"href":"https:\/\/renaud-reynek.com\/cs\/wp-json\/wp\/v2\/types\/product"}],"replies":[{"embeddable":true,"href":"https:\/\/renaud-reynek.com\/cs\/wp-json\/wp\/v2\/comments?post=6518"}],"wp:featuredmedia":[{"embeddable":true,"href":"https:\/\/renaud-reynek.com\/cs\/wp-json\/wp\/v2\/media\/1368"}],"wp:attachment":[{"href":"https:\/\/renaud-reynek.com\/cs\/wp-json\/wp\/v2\/media?parent=6518"}],"wp:term":[{"taxonomy":"product_brand","embeddable":true,"href":"https:\/\/renaud-reynek.com\/cs\/wp-json\/wp\/v2\/product_brand?post=6518"},{"taxonomy":"product_cat","embeddable":true,"href":"https:\/\/renaud-reynek.com\/cs\/wp-json\/wp\/v2\/product_cat?post=6518"},{"taxonomy":"product_tag","embeddable":true,"href":"https:\/\/renaud-reynek.com\/cs\/wp-json\/wp\/v2\/product_tag?post=6518"}],"curies":[{"name":"wp","href":"https:\/\/api.w.org\/{rel}","templated":true}]}}