{"id":6492,"date":"2020-01-10T01:04:47","date_gmt":"2020-01-10T00:04:47","guid":{"rendered":"https:\/\/renaud-reynek.com\/catalogue-editorial\/nezarazene\/annick-auzimour-jiri-serych-le-don-quichotte-de-reynek-reynkuv-don-quijote-suivi-de-il-y-a-bien-longtemps-je-to-uz-davno-2016\/"},"modified":"2023-07-16T17:15:00","modified_gmt":"2023-07-16T15:15:00","slug":"annick-auzimour-jiri-serych-le-don-quichotte-de-reynek-reynkuv-don-quijote-suivi-de-il-y-a-bien-longtemps-je-to-uz-davno-2016","status":"publish","type":"product","link":"https:\/\/renaud-reynek.com\/cs\/catalogue-editorial\/annick-auzimour-cs\/annick-auzimour-jiri-serych-le-don-quichotte-de-reynek-reynkuv-don-quijote-suivi-de-il-y-a-bien-longtemps-je-to-uz-davno-2016\/","title":{"rendered":"Annick AUZIMOUR, Ji\u0159\u00ed \u0160ER\u00ddCH: <br><i>Le Don Quichotte de Reynek \u2013 Reynk\u016fv Don Quijote<\/i>, <br>a <i>Il y a bien longtemps \u2013<br>Je to u\u017e d\u00e1vno<\/i>.<br>2016"},"content":{"rendered":"<p><strong><em>Form\u00e1t 21 x 21 cm.<br \/>\n<\/em><\/strong><strong><em>144 stran. Bro\u017eovan\u00e9, ob\u00e1lka s ilustrac\u00ed.<br \/>\n<\/em><\/strong><strong><em>ISBN : 2\u2013910544\u201316\u20134<\/em><\/strong><\/p>\n<p>Nakladatelstv\u00ed Romarin, Grenoble 2016.<br \/>\nDvojjazy\u010dn\u00e9 francouzsko-\u010desk\u00e9 vyd\u00e1n\u00ed.<br \/>\nTexty Annick Auzimourov\u00e1 a Ji\u0159\u00ed \u0160er\u00fdch.<br \/>\nP\u0159eklad do \u010de\u0161tiny Petr Turek, do francouz\u0161tiny Beno\u00eet Meunier.<br \/>\nBarevn\u00e9 ilustrace: 2 se\u0161ity, 16 a 32 stran, 34 reprodukc\u00ed v textu.<br \/>\nTato kniha vych\u00e1z\u00ed s laskavou pomoc\u00ed Ministerstva zahrani\u010dn\u00edch v\u011bc\u00ed \u010cesk\u00e9 republiky a Nadace Fonds de Dotation Renaud Reynek (Francie).<\/p>\n","protected":false},"excerpt":{"rendered":"<p>Album <em>Don Quichotte<\/em> Bohuslava Reynka (1892-1971) bylo p\u0159edstaveno ve\u0159ejnosti poprv\u00e9 7. listopadu 1960 v Grenoblu na v\u00fdstav\u011b uspo\u0159\u00e1dan\u00e9 knihkupcem Jeanem Damienem. \u010cesk\u00fd grafik se epopej\u00ed Cervantesova hrdiny zaob\u00edral ji\u017e dlouhou dobu. Cel\u00fd \u017eivot snil o ji\u017en\u00edch kraj\u00edch, such\u00fdch a pln\u00fdch v\u016fn\u00ed, a sv\u00fdm tich\u00fdm a laskav\u00fdm um\u011bn\u00edm vzdoroval obt\u00ed\u017e\u00edm, kter\u00fdm \u010delil ve sv\u00e9m bezprost\u0159edn\u00edm okol\u00ed v dob\u011b v\u00e1lky a za totalitn\u00edho re\u017eimu. S\u00e9rie \u010dtrn\u00e1cti grafik v\u011bnovan\u00fdch ryt\u00ed\u0159i smutn\u00e9 postavy, jedin\u00e9 um\u011blcovo d\u00edlo inspirovan\u00e9 liter\u00e1rn\u00edm t\u00e9matem, \u010dekalo ov\u0161em a\u017e na rok 1960, kdy znovuo\u017eilo ve Francii, jak si autor p\u0159\u00e1l. Album najde svou kone\u010dnou podobu a definitivn\u00ed kompozici v cyklu <em>Don Quijote<\/em>, kter\u00fd byl ve\u0159ejnosti p\u0159edstaven v Brn\u011b 2. dubna 1965 v r\u00e1mci v\u00fdjime\u010dn\u00e9 v\u00fdstavy, kter\u00e1 p\u0159edstavila um\u011blcovo d\u00edlo, opom\u00edjen\u00e9 v \u010ceskoslovensku zhruba \u010dty\u0159i desetilet\u00ed.<br \/>\nDva auto\u0159i a znalci jeho d\u00edla, kte\u0159\u00ed byli um\u011blci bl\u00edzc\u00ed za jeho \u017eivota, p\u0159in\u00e1\u0161ej\u00ed v tomto svazku p\u0159\u00edb\u011bh geneze tohoto Dona Quichotta, jeho\u017e jednotliv\u00e9 scen\u00e9rie o\u017e\u00edvaj\u00ed ve sv\u011bt\u011b Reynkovi dob\u0159e zn\u00e1m\u00e9m, v Petrkov\u011b na Vyso\u010din\u011b, kde um\u011blec \u017eije a kde zachycuje do grafik sv\u00e9 vize zasn\u011b\u017een\u00e9 st\u0159edoevropsk\u00e9 krajiny. P\u0159in\u00e1\u0161\u00edme je tedy dnes spolu s Reynkov\u00fdmi grafikami a nav\u00edc k nim p\u0159ipojujeme j\u00edmav\u00fd vzpom\u00ednkov\u00fd text historika um\u011bn\u00ed Ji\u0159\u00edho \u0160er\u00fdch <em>Je to u\u017e d\u00e1vno \u2013 Il y a bien longtemps<\/em>.<\/p>\n","protected":false},"featured_media":1372,"comment_status":"open","ping_status":"closed","template":"","meta":{"_acf_changed":false},"product_brand":[],"product_cat":[241,242],"product_tag":[],"class_list":{"0":"post-6492","1":"product","2":"type-product","3":"status-publish","4":"has-post-thumbnail","6":"product_cat-annick-auzimour-cs","7":"product_cat-jiri-serych-cs","9":"first","10":"instock","11":"shipping-taxable","12":"purchasable","13":"product-type-simple"},"acf":[],"yoast_head":"<!-- This site is optimized with the Yoast SEO plugin v27.4 - https:\/\/yoast.com\/product\/yoast-seo-wordpress\/ -->\n<title>Association Romarin - Annick AUZIMOUR, Ji\u0159\u00ed \u0160ER\u00ddCH: Le Don Quichotte de Reynek \u2013 Reynk\u016fv Don Quijote, a Il y a bien longtemps \u2013Je to u\u017e d\u00e1vno.2016<\/title>\n<meta name=\"description\" content=\"Site de l&#039;Association Romarin. D\u00e9couvrez les \u0153uvres du graveur tch\u00e8que Bohuslav Reynek et de Suzanne Renaud, po\u00e8te, son \u00e9pouse grenobloise.\" \/>\n<meta name=\"robots\" content=\"index, follow, max-snippet:-1, max-image-preview:large, max-video-preview:-1\" \/>\n<link rel=\"canonical\" href=\"https:\/\/renaud-reynek.com\/cs\/catalogue-editorial\/annick-auzimour-cs\/annick-auzimour-jiri-serych-le-don-quichotte-de-reynek-reynkuv-don-quijote-suivi-de-il-y-a-bien-longtemps-je-to-uz-davno-2016\/\" \/>\n<meta property=\"og:locale\" content=\"cs_CZ\" \/>\n<meta property=\"og:type\" content=\"article\" \/>\n<meta property=\"og:title\" content=\"Association Romarin - Annick AUZIMOUR, Ji\u0159\u00ed \u0160ER\u00ddCH: Le Don Quichotte de Reynek \u2013 Reynk\u016fv Don Quijote, a Il y a bien longtemps \u2013Je to u\u017e d\u00e1vno.2016\" \/>\n<meta property=\"og:description\" content=\"Site de l&#039;Association Romarin. D\u00e9couvrez les \u0153uvres du graveur tch\u00e8que Bohuslav Reynek et de Suzanne Renaud, po\u00e8te, son \u00e9pouse grenobloise.\" \/>\n<meta property=\"og:url\" content=\"https:\/\/renaud-reynek.com\/cs\/catalogue-editorial\/annick-auzimour-cs\/annick-auzimour-jiri-serych-le-don-quichotte-de-reynek-reynkuv-don-quijote-suivi-de-il-y-a-bien-longtemps-je-to-uz-davno-2016\/\" \/>\n<meta property=\"og:site_name\" content=\"Association Romarin\" \/>\n<meta property=\"article:modified_time\" content=\"2023-07-16T15:15:00+00:00\" \/>\n<meta property=\"og:image\" content=\"https:\/\/renaud-reynek.com\/wp-content\/uploads\/2020\/01\/AAJS_Don-Quichotte2016.jpg\" \/>\n\t<meta property=\"og:image:width\" content=\"1000\" \/>\n\t<meta property=\"og:image:height\" content=\"997\" \/>\n\t<meta property=\"og:image:type\" content=\"image\/jpeg\" \/>\n<meta name=\"twitter:card\" content=\"summary_large_image\" \/>\n<meta name=\"twitter:label1\" content=\"Odhadovan\u00e1 doba \u010dten\u00ed\" \/>\n\t<meta name=\"twitter:data1\" content=\"1 minuta\" \/>\n<script type=\"application\/ld+json\" class=\"yoast-schema-graph\">{\"@context\":\"https:\\\/\\\/schema.org\",\"@graph\":[{\"@type\":\"WebPage\",\"@id\":\"https:\\\/\\\/renaud-reynek.com\\\/cs\\\/catalogue-editorial\\\/annick-auzimour-cs\\\/annick-auzimour-jiri-serych-le-don-quichotte-de-reynek-reynkuv-don-quijote-suivi-de-il-y-a-bien-longtemps-je-to-uz-davno-2016\\\/\",\"url\":\"https:\\\/\\\/renaud-reynek.com\\\/cs\\\/catalogue-editorial\\\/annick-auzimour-cs\\\/annick-auzimour-jiri-serych-le-don-quichotte-de-reynek-reynkuv-don-quijote-suivi-de-il-y-a-bien-longtemps-je-to-uz-davno-2016\\\/\",\"name\":\"Association Romarin - Annick AUZIMOUR, Ji\u0159\u00ed \u0160ER\u00ddCH: Le Don Quichotte de Reynek \u2013 Reynk\u016fv Don Quijote, a Il y a bien longtemps \u2013 Je to u\u017e d\u00e1vno. 2016\",\"isPartOf\":{\"@id\":\"https:\\\/\\\/renaud-reynek.com\\\/cs\\\/#website\"},\"primaryImageOfPage\":{\"@id\":\"https:\\\/\\\/renaud-reynek.com\\\/cs\\\/catalogue-editorial\\\/annick-auzimour-cs\\\/annick-auzimour-jiri-serych-le-don-quichotte-de-reynek-reynkuv-don-quijote-suivi-de-il-y-a-bien-longtemps-je-to-uz-davno-2016\\\/#primaryimage\"},\"image\":{\"@id\":\"https:\\\/\\\/renaud-reynek.com\\\/cs\\\/catalogue-editorial\\\/annick-auzimour-cs\\\/annick-auzimour-jiri-serych-le-don-quichotte-de-reynek-reynkuv-don-quijote-suivi-de-il-y-a-bien-longtemps-je-to-uz-davno-2016\\\/#primaryimage\"},\"thumbnailUrl\":\"https:\\\/\\\/renaud-reynek.com\\\/wp-content\\\/uploads\\\/2020\\\/01\\\/AAJS_Don-Quichotte2016.jpg\",\"datePublished\":\"2020-01-10T00:04:47+00:00\",\"dateModified\":\"2023-07-16T15:15:00+00:00\",\"description\":\"Site de l'Association Romarin. D\u00e9couvrez les \u0153uvres du graveur tch\u00e8que Bohuslav Reynek et de Suzanne Renaud, po\u00e8te, son \u00e9pouse grenobloise.\",\"breadcrumb\":{\"@id\":\"https:\\\/\\\/renaud-reynek.com\\\/cs\\\/catalogue-editorial\\\/annick-auzimour-cs\\\/annick-auzimour-jiri-serych-le-don-quichotte-de-reynek-reynkuv-don-quijote-suivi-de-il-y-a-bien-longtemps-je-to-uz-davno-2016\\\/#breadcrumb\"},\"inLanguage\":\"cs\",\"potentialAction\":[{\"@type\":\"ReadAction\",\"target\":[\"https:\\\/\\\/renaud-reynek.com\\\/cs\\\/catalogue-editorial\\\/annick-auzimour-cs\\\/annick-auzimour-jiri-serych-le-don-quichotte-de-reynek-reynkuv-don-quijote-suivi-de-il-y-a-bien-longtemps-je-to-uz-davno-2016\\\/\"]}]},{\"@type\":\"ImageObject\",\"inLanguage\":\"cs\",\"@id\":\"https:\\\/\\\/renaud-reynek.com\\\/cs\\\/catalogue-editorial\\\/annick-auzimour-cs\\\/annick-auzimour-jiri-serych-le-don-quichotte-de-reynek-reynkuv-don-quijote-suivi-de-il-y-a-bien-longtemps-je-to-uz-davno-2016\\\/#primaryimage\",\"url\":\"https:\\\/\\\/renaud-reynek.com\\\/wp-content\\\/uploads\\\/2020\\\/01\\\/AAJS_Don-Quichotte2016.jpg\",\"contentUrl\":\"https:\\\/\\\/renaud-reynek.com\\\/wp-content\\\/uploads\\\/2020\\\/01\\\/AAJS_Don-Quichotte2016.jpg\",\"width\":1000,\"height\":997},{\"@type\":\"BreadcrumbList\",\"@id\":\"https:\\\/\\\/renaud-reynek.com\\\/cs\\\/catalogue-editorial\\\/annick-auzimour-cs\\\/annick-auzimour-jiri-serych-le-don-quichotte-de-reynek-reynkuv-don-quijote-suivi-de-il-y-a-bien-longtemps-je-to-uz-davno-2016\\\/#breadcrumb\",\"itemListElement\":[{\"@type\":\"ListItem\",\"position\":1,\"name\":\"Accueil\",\"item\":\"https:\\\/\\\/renaud-reynek.com\\\/cs\\\/\"},{\"@type\":\"ListItem\",\"position\":2,\"name\":\"Produkty\",\"item\":\"https:\\\/\\\/renaud-reynek.com\\\/cs\\\/shop\\\/\"},{\"@type\":\"ListItem\",\"position\":3,\"name\":\"Annick AUZIMOUR, Ji\u0159\u00ed \u0160ER\u00ddCH: Le Don Quichotte de Reynek \u2013 Reynk\u016fv Don Quijote, a Il y a bien longtemps \u2013Je to u\u017e d\u00e1vno.2016\"}]},{\"@type\":\"WebSite\",\"@id\":\"https:\\\/\\\/renaud-reynek.com\\\/cs\\\/#website\",\"url\":\"https:\\\/\\\/renaud-reynek.com\\\/cs\\\/\",\"name\":\"Association Romarin\",\"description\":\"Les Amis de Suzanne Renaud et Bohuslav Reynek\",\"potentialAction\":[{\"@type\":\"SearchAction\",\"target\":{\"@type\":\"EntryPoint\",\"urlTemplate\":\"https:\\\/\\\/renaud-reynek.com\\\/cs\\\/?s={search_term_string}\"},\"query-input\":{\"@type\":\"PropertyValueSpecification\",\"valueRequired\":true,\"valueName\":\"search_term_string\"}}],\"inLanguage\":\"cs\"}]}<\/script>\n<!-- \/ Yoast SEO plugin. -->","yoast_head_json":{"title":"Association Romarin - Annick AUZIMOUR, Ji\u0159\u00ed \u0160ER\u00ddCH: Le Don Quichotte de Reynek \u2013 Reynk\u016fv Don Quijote, a Il y a bien longtemps \u2013Je to u\u017e d\u00e1vno.2016","description":"Site de l'Association Romarin. D\u00e9couvrez les \u0153uvres du graveur tch\u00e8que Bohuslav Reynek et de Suzanne Renaud, po\u00e8te, son \u00e9pouse grenobloise.","robots":{"index":"index","follow":"follow","max-snippet":"max-snippet:-1","max-image-preview":"max-image-preview:large","max-video-preview":"max-video-preview:-1"},"canonical":"https:\/\/renaud-reynek.com\/cs\/catalogue-editorial\/annick-auzimour-cs\/annick-auzimour-jiri-serych-le-don-quichotte-de-reynek-reynkuv-don-quijote-suivi-de-il-y-a-bien-longtemps-je-to-uz-davno-2016\/","og_locale":"cs_CZ","og_type":"article","og_title":"Association Romarin - Annick AUZIMOUR, Ji\u0159\u00ed \u0160ER\u00ddCH: Le Don Quichotte de Reynek \u2013 Reynk\u016fv Don Quijote, a Il y a bien longtemps \u2013Je to u\u017e d\u00e1vno.2016","og_description":"Site de l'Association Romarin. D\u00e9couvrez les \u0153uvres du graveur tch\u00e8que Bohuslav Reynek et de Suzanne Renaud, po\u00e8te, son \u00e9pouse grenobloise.","og_url":"https:\/\/renaud-reynek.com\/cs\/catalogue-editorial\/annick-auzimour-cs\/annick-auzimour-jiri-serych-le-don-quichotte-de-reynek-reynkuv-don-quijote-suivi-de-il-y-a-bien-longtemps-je-to-uz-davno-2016\/","og_site_name":"Association Romarin","article_modified_time":"2023-07-16T15:15:00+00:00","og_image":[{"width":1000,"height":997,"url":"https:\/\/renaud-reynek.com\/wp-content\/uploads\/2020\/01\/AAJS_Don-Quichotte2016.jpg","type":"image\/jpeg"}],"twitter_card":"summary_large_image","twitter_misc":{"Odhadovan\u00e1 doba \u010dten\u00ed":"1 minuta"},"schema":{"@context":"https:\/\/schema.org","@graph":[{"@type":"WebPage","@id":"https:\/\/renaud-reynek.com\/cs\/catalogue-editorial\/annick-auzimour-cs\/annick-auzimour-jiri-serych-le-don-quichotte-de-reynek-reynkuv-don-quijote-suivi-de-il-y-a-bien-longtemps-je-to-uz-davno-2016\/","url":"https:\/\/renaud-reynek.com\/cs\/catalogue-editorial\/annick-auzimour-cs\/annick-auzimour-jiri-serych-le-don-quichotte-de-reynek-reynkuv-don-quijote-suivi-de-il-y-a-bien-longtemps-je-to-uz-davno-2016\/","name":"Association Romarin - Annick AUZIMOUR, Ji\u0159\u00ed \u0160ER\u00ddCH: Le Don Quichotte de Reynek \u2013 Reynk\u016fv Don Quijote, a Il y a bien longtemps \u2013 Je to u\u017e d\u00e1vno. 2016","isPartOf":{"@id":"https:\/\/renaud-reynek.com\/cs\/#website"},"primaryImageOfPage":{"@id":"https:\/\/renaud-reynek.com\/cs\/catalogue-editorial\/annick-auzimour-cs\/annick-auzimour-jiri-serych-le-don-quichotte-de-reynek-reynkuv-don-quijote-suivi-de-il-y-a-bien-longtemps-je-to-uz-davno-2016\/#primaryimage"},"image":{"@id":"https:\/\/renaud-reynek.com\/cs\/catalogue-editorial\/annick-auzimour-cs\/annick-auzimour-jiri-serych-le-don-quichotte-de-reynek-reynkuv-don-quijote-suivi-de-il-y-a-bien-longtemps-je-to-uz-davno-2016\/#primaryimage"},"thumbnailUrl":"https:\/\/renaud-reynek.com\/wp-content\/uploads\/2020\/01\/AAJS_Don-Quichotte2016.jpg","datePublished":"2020-01-10T00:04:47+00:00","dateModified":"2023-07-16T15:15:00+00:00","description":"Site de l'Association Romarin. D\u00e9couvrez les \u0153uvres du graveur tch\u00e8que Bohuslav Reynek et de Suzanne Renaud, po\u00e8te, son \u00e9pouse grenobloise.","breadcrumb":{"@id":"https:\/\/renaud-reynek.com\/cs\/catalogue-editorial\/annick-auzimour-cs\/annick-auzimour-jiri-serych-le-don-quichotte-de-reynek-reynkuv-don-quijote-suivi-de-il-y-a-bien-longtemps-je-to-uz-davno-2016\/#breadcrumb"},"inLanguage":"cs","potentialAction":[{"@type":"ReadAction","target":["https:\/\/renaud-reynek.com\/cs\/catalogue-editorial\/annick-auzimour-cs\/annick-auzimour-jiri-serych-le-don-quichotte-de-reynek-reynkuv-don-quijote-suivi-de-il-y-a-bien-longtemps-je-to-uz-davno-2016\/"]}]},{"@type":"ImageObject","inLanguage":"cs","@id":"https:\/\/renaud-reynek.com\/cs\/catalogue-editorial\/annick-auzimour-cs\/annick-auzimour-jiri-serych-le-don-quichotte-de-reynek-reynkuv-don-quijote-suivi-de-il-y-a-bien-longtemps-je-to-uz-davno-2016\/#primaryimage","url":"https:\/\/renaud-reynek.com\/wp-content\/uploads\/2020\/01\/AAJS_Don-Quichotte2016.jpg","contentUrl":"https:\/\/renaud-reynek.com\/wp-content\/uploads\/2020\/01\/AAJS_Don-Quichotte2016.jpg","width":1000,"height":997},{"@type":"BreadcrumbList","@id":"https:\/\/renaud-reynek.com\/cs\/catalogue-editorial\/annick-auzimour-cs\/annick-auzimour-jiri-serych-le-don-quichotte-de-reynek-reynkuv-don-quijote-suivi-de-il-y-a-bien-longtemps-je-to-uz-davno-2016\/#breadcrumb","itemListElement":[{"@type":"ListItem","position":1,"name":"Accueil","item":"https:\/\/renaud-reynek.com\/cs\/"},{"@type":"ListItem","position":2,"name":"Produkty","item":"https:\/\/renaud-reynek.com\/cs\/shop\/"},{"@type":"ListItem","position":3,"name":"Annick AUZIMOUR, Ji\u0159\u00ed \u0160ER\u00ddCH: Le Don Quichotte de Reynek \u2013 Reynk\u016fv Don Quijote, a Il y a bien longtemps \u2013Je to u\u017e d\u00e1vno.2016"}]},{"@type":"WebSite","@id":"https:\/\/renaud-reynek.com\/cs\/#website","url":"https:\/\/renaud-reynek.com\/cs\/","name":"Association Romarin","description":"Les Amis de Suzanne Renaud et Bohuslav Reynek","potentialAction":[{"@type":"SearchAction","target":{"@type":"EntryPoint","urlTemplate":"https:\/\/renaud-reynek.com\/cs\/?s={search_term_string}"},"query-input":{"@type":"PropertyValueSpecification","valueRequired":true,"valueName":"search_term_string"}}],"inLanguage":"cs"}]}},"_links":{"self":[{"href":"https:\/\/renaud-reynek.com\/cs\/wp-json\/wp\/v2\/product\/6492","targetHints":{"allow":["GET"]}}],"collection":[{"href":"https:\/\/renaud-reynek.com\/cs\/wp-json\/wp\/v2\/product"}],"about":[{"href":"https:\/\/renaud-reynek.com\/cs\/wp-json\/wp\/v2\/types\/product"}],"replies":[{"embeddable":true,"href":"https:\/\/renaud-reynek.com\/cs\/wp-json\/wp\/v2\/comments?post=6492"}],"wp:featuredmedia":[{"embeddable":true,"href":"https:\/\/renaud-reynek.com\/cs\/wp-json\/wp\/v2\/media\/1372"}],"wp:attachment":[{"href":"https:\/\/renaud-reynek.com\/cs\/wp-json\/wp\/v2\/media?parent=6492"}],"wp:term":[{"taxonomy":"product_brand","embeddable":true,"href":"https:\/\/renaud-reynek.com\/cs\/wp-json\/wp\/v2\/product_brand?post=6492"},{"taxonomy":"product_cat","embeddable":true,"href":"https:\/\/renaud-reynek.com\/cs\/wp-json\/wp\/v2\/product_cat?post=6492"},{"taxonomy":"product_tag","embeddable":true,"href":"https:\/\/renaud-reynek.com\/cs\/wp-json\/wp\/v2\/product_tag?post=6492"}],"curies":[{"name":"wp","href":"https:\/\/api.w.org\/{rel}","templated":true}]}}