{"id":6478,"date":"2020-01-10T01:06:20","date_gmt":"2020-01-10T00:06:20","guid":{"rendered":"https:\/\/renaud-reynek.com\/catalogue-editorial\/nezarazene\/bohuslav-reynek-podzimni-motyli-papillons-dautomne-2018\/"},"modified":"2021-02-15T04:39:39","modified_gmt":"2021-02-15T03:39:39","slug":"bohuslav-reynek-podzimni-motyli-papillons-dautomne-2018","status":"publish","type":"product","link":"https:\/\/renaud-reynek.com\/cs\/catalogue-editorial\/bohuslav-reynek-cs\/bohuslav-reynek-podzimni-motyli-papillons-dautomne-2018\/","title":{"rendered":"Bohuslav REYNEK: <br><i>Podzimn\u00ed moty\u0301li \u2013 <br>Papillons d\u2019automne<\/i>.<br>2018"},"content":{"rendered":"<p><strong><em>Form\u00e1t 12,5 x 19 cm.<br \/>\n<\/em><\/strong><strong><em>96 pages. Bro\u017eovan\u00e9, ilustrovan\u00e1 ob\u00e1lka.<br \/>\n<\/em><\/strong><strong><em>ISBN : 2\u2013910544\u201318\u20134<\/em><\/strong><\/p>\n<p>Nakladatelstv\u00ed Romarin, Grenoble 2018.<br \/>\nDvojjazy\u010dn\u00e9 francouzsko-\u010desk\u00e9 vyd\u00e1n\u00ed.<br \/>\nZ \u010de\u0161tiny p\u0159elo\u017eil Beno\u00eet Meunier.<br \/>\nDoslov Beno\u00eet Meunier.<br \/>\nBarevn\u00e9 ilustrace: jeden\u00e1ct rytin B. Reynka.<br \/>\nTato kniha vych\u00e1z\u00ed s laskavou pomoc\u00ed Ministerstva zahrani\u010dn\u00edch v\u011bc\u00ed a Ministerstva kultury \u010cesk\u00e9 republiky, a Nadace Fonds de Dotation Renaud Reynek (Francie).<\/p>\n","protected":false},"excerpt":{"rendered":"<p>Sb\u00edrka <em>Podzimn\u00ed mot\u00fdli<\/em> vy\u0161la v roce 1946 u \u010desk\u00e9ho nakladatele Zde\u0148ka \u0158ezn\u00ed\u010dka a do francouz\u0161tiny je p\u0159elo\u017eena poprv\u00e9. Vytvo\u0159it nov\u00fd sv\u011bt zvuk\u016f, rytm\u016f a obraz\u016f v r\u00fdmovan\u00fdch ver\u0161\u00edch, do kter\u00fdch je ve sv\u00e9 rodn\u00e9m jazyce uzav\u0159el Buhuslav Reynek, to je v\u00fdzva, kter\u00e9 se ujal Beno\u00eet Meunier: \u201eKdy\u017e \u010dten\u00e1\u0159 sleduje tyto <em>Podizmn\u00ed mot\u00fdli<\/em>, nen\u00ed sv\u011bdkem pouze prom\u011bny podzimn\u00ed krajiny. Jsou tady jasn\u00e9 znaky: v\u0161udyp\u0159\u00edtomnost pe\u010det\u00ed, nachov\u00e9 barvy, ob\u011bti a ber\u00e1nka, krve a smrti\u2026 Z\u00e1\u0159\u00edjov\u00ed mot\u00fdli, \u0159\u00edjnov\u00fd v\u00edtr a mlha, vzpom\u00ednky a sl\u00e1bnouc\u00ed slunce postupn\u011b ustupuj\u00ed a m\u00edsto nich p\u0159ich\u00e1z\u00ed prvn\u00ed listopadov\u00e9 j\u00edn\u00ed, h\u0159bitovy, zesnul\u00ed, litanie ke svat\u00fdm: cel\u00e1 sb\u00edrka sm\u011b\u0159uje k ohlu\u0161uj\u00edmu lomozu Apokalypsy z <em>Posledn\u00edho soudu<\/em>, a nakonec vrchol\u00ed v klidu a tichu, v podob\u011b jedin\u00e9 a lehounk\u00e9 <em>Stopy<\/em>, kterou zanechal ve sn\u011bhu pt\u00e1k: ten odlet\u011bl, snad s p\u0159\u00edslibem N\u00e1vratu.\u201c (Beno\u00eet Meunier, doslov).<\/p>\n","protected":false},"featured_media":1380,"comment_status":"open","ping_status":"closed","template":"","meta":{"_acf_changed":false},"product_brand":[],"product_cat":[211],"product_tag":[],"class_list":{"0":"post-6478","1":"product","2":"type-product","3":"status-publish","4":"has-post-thumbnail","6":"product_cat-bohuslav-reynek-cs","8":"first","9":"outofstock","10":"shipping-taxable","11":"purchasable","12":"product-type-simple"},"acf":[],"yoast_head":"<!-- This site is optimized with the Yoast SEO plugin v27.4 - https:\/\/yoast.com\/product\/yoast-seo-wordpress\/ -->\n<title>Association Romarin - Bohuslav REYNEK: Podzimn\u00ed moty\u0301li \u2013 Papillons d\u2019automne.2018<\/title>\n<meta name=\"description\" content=\"Site de l&#039;Association Romarin. D\u00e9couvrez les \u0153uvres du graveur tch\u00e8que Bohuslav Reynek et de Suzanne Renaud, po\u00e8te, son \u00e9pouse grenobloise.\" \/>\n<meta name=\"robots\" content=\"index, follow, max-snippet:-1, max-image-preview:large, max-video-preview:-1\" \/>\n<link rel=\"canonical\" href=\"https:\/\/renaud-reynek.com\/cs\/catalogue-editorial\/bohuslav-reynek-cs\/bohuslav-reynek-podzimni-motyli-papillons-dautomne-2018\/\" \/>\n<meta property=\"og:locale\" content=\"cs_CZ\" \/>\n<meta property=\"og:type\" content=\"article\" \/>\n<meta property=\"og:title\" content=\"Association Romarin - Bohuslav REYNEK: Podzimn\u00ed moty\u0301li \u2013 Papillons d\u2019automne.2018\" \/>\n<meta property=\"og:description\" content=\"Site de l&#039;Association Romarin. D\u00e9couvrez les \u0153uvres du graveur tch\u00e8que Bohuslav Reynek et de Suzanne Renaud, po\u00e8te, son \u00e9pouse grenobloise.\" \/>\n<meta property=\"og:url\" content=\"https:\/\/renaud-reynek.com\/cs\/catalogue-editorial\/bohuslav-reynek-cs\/bohuslav-reynek-podzimni-motyli-papillons-dautomne-2018\/\" \/>\n<meta property=\"og:site_name\" content=\"Association Romarin\" \/>\n<meta property=\"article:modified_time\" content=\"2021-02-15T03:39:39+00:00\" \/>\n<meta property=\"og:image\" content=\"https:\/\/renaud-reynek.com\/wp-content\/uploads\/2020\/01\/BR_Papillons2018.jpg\" \/>\n\t<meta property=\"og:image:width\" content=\"1000\" \/>\n\t<meta property=\"og:image:height\" content=\"1549\" \/>\n\t<meta property=\"og:image:type\" content=\"image\/jpeg\" \/>\n<meta name=\"twitter:card\" content=\"summary_large_image\" \/>\n<script type=\"application\/ld+json\" class=\"yoast-schema-graph\">{\"@context\":\"https:\\\/\\\/schema.org\",\"@graph\":[{\"@type\":\"WebPage\",\"@id\":\"https:\\\/\\\/renaud-reynek.com\\\/cs\\\/catalogue-editorial\\\/bohuslav-reynek-cs\\\/bohuslav-reynek-podzimni-motyli-papillons-dautomne-2018\\\/\",\"url\":\"https:\\\/\\\/renaud-reynek.com\\\/cs\\\/catalogue-editorial\\\/bohuslav-reynek-cs\\\/bohuslav-reynek-podzimni-motyli-papillons-dautomne-2018\\\/\",\"name\":\"Association Romarin - Bohuslav REYNEK: Podzimn\u00ed moty\u0301li \u2013 Papillons d\u2019automne. 2018\",\"isPartOf\":{\"@id\":\"https:\\\/\\\/renaud-reynek.com\\\/cs\\\/#website\"},\"primaryImageOfPage\":{\"@id\":\"https:\\\/\\\/renaud-reynek.com\\\/cs\\\/catalogue-editorial\\\/bohuslav-reynek-cs\\\/bohuslav-reynek-podzimni-motyli-papillons-dautomne-2018\\\/#primaryimage\"},\"image\":{\"@id\":\"https:\\\/\\\/renaud-reynek.com\\\/cs\\\/catalogue-editorial\\\/bohuslav-reynek-cs\\\/bohuslav-reynek-podzimni-motyli-papillons-dautomne-2018\\\/#primaryimage\"},\"thumbnailUrl\":\"https:\\\/\\\/renaud-reynek.com\\\/wp-content\\\/uploads\\\/2020\\\/01\\\/BR_Papillons2018.jpg\",\"datePublished\":\"2020-01-10T00:06:20+00:00\",\"dateModified\":\"2021-02-15T03:39:39+00:00\",\"description\":\"Site de l'Association Romarin. D\u00e9couvrez les \u0153uvres du graveur tch\u00e8que Bohuslav Reynek et de Suzanne Renaud, po\u00e8te, son \u00e9pouse grenobloise.\",\"breadcrumb\":{\"@id\":\"https:\\\/\\\/renaud-reynek.com\\\/cs\\\/catalogue-editorial\\\/bohuslav-reynek-cs\\\/bohuslav-reynek-podzimni-motyli-papillons-dautomne-2018\\\/#breadcrumb\"},\"inLanguage\":\"cs\",\"potentialAction\":[{\"@type\":\"ReadAction\",\"target\":[\"https:\\\/\\\/renaud-reynek.com\\\/cs\\\/catalogue-editorial\\\/bohuslav-reynek-cs\\\/bohuslav-reynek-podzimni-motyli-papillons-dautomne-2018\\\/\"]}]},{\"@type\":\"ImageObject\",\"inLanguage\":\"cs\",\"@id\":\"https:\\\/\\\/renaud-reynek.com\\\/cs\\\/catalogue-editorial\\\/bohuslav-reynek-cs\\\/bohuslav-reynek-podzimni-motyli-papillons-dautomne-2018\\\/#primaryimage\",\"url\":\"https:\\\/\\\/renaud-reynek.com\\\/wp-content\\\/uploads\\\/2020\\\/01\\\/BR_Papillons2018.jpg\",\"contentUrl\":\"https:\\\/\\\/renaud-reynek.com\\\/wp-content\\\/uploads\\\/2020\\\/01\\\/BR_Papillons2018.jpg\",\"width\":1000,\"height\":1549},{\"@type\":\"BreadcrumbList\",\"@id\":\"https:\\\/\\\/renaud-reynek.com\\\/cs\\\/catalogue-editorial\\\/bohuslav-reynek-cs\\\/bohuslav-reynek-podzimni-motyli-papillons-dautomne-2018\\\/#breadcrumb\",\"itemListElement\":[{\"@type\":\"ListItem\",\"position\":1,\"name\":\"Accueil\",\"item\":\"https:\\\/\\\/renaud-reynek.com\\\/cs\\\/\"},{\"@type\":\"ListItem\",\"position\":2,\"name\":\"Produkty\",\"item\":\"https:\\\/\\\/renaud-reynek.com\\\/cs\\\/shop\\\/\"},{\"@type\":\"ListItem\",\"position\":3,\"name\":\"Bohuslav REYNEK: Podzimn\u00ed moty\u0301li \u2013 Papillons d\u2019automne.2018\"}]},{\"@type\":\"WebSite\",\"@id\":\"https:\\\/\\\/renaud-reynek.com\\\/cs\\\/#website\",\"url\":\"https:\\\/\\\/renaud-reynek.com\\\/cs\\\/\",\"name\":\"Association Romarin\",\"description\":\"Les Amis de Suzanne Renaud et Bohuslav Reynek\",\"potentialAction\":[{\"@type\":\"SearchAction\",\"target\":{\"@type\":\"EntryPoint\",\"urlTemplate\":\"https:\\\/\\\/renaud-reynek.com\\\/cs\\\/?s={search_term_string}\"},\"query-input\":{\"@type\":\"PropertyValueSpecification\",\"valueRequired\":true,\"valueName\":\"search_term_string\"}}],\"inLanguage\":\"cs\"}]}<\/script>\n<!-- \/ Yoast SEO plugin. -->","yoast_head_json":{"title":"Association Romarin - Bohuslav REYNEK: Podzimn\u00ed moty\u0301li \u2013 Papillons d\u2019automne.2018","description":"Site de l'Association Romarin. D\u00e9couvrez les \u0153uvres du graveur tch\u00e8que Bohuslav Reynek et de Suzanne Renaud, po\u00e8te, son \u00e9pouse grenobloise.","robots":{"index":"index","follow":"follow","max-snippet":"max-snippet:-1","max-image-preview":"max-image-preview:large","max-video-preview":"max-video-preview:-1"},"canonical":"https:\/\/renaud-reynek.com\/cs\/catalogue-editorial\/bohuslav-reynek-cs\/bohuslav-reynek-podzimni-motyli-papillons-dautomne-2018\/","og_locale":"cs_CZ","og_type":"article","og_title":"Association Romarin - Bohuslav REYNEK: Podzimn\u00ed moty\u0301li \u2013 Papillons d\u2019automne.2018","og_description":"Site de l'Association Romarin. D\u00e9couvrez les \u0153uvres du graveur tch\u00e8que Bohuslav Reynek et de Suzanne Renaud, po\u00e8te, son \u00e9pouse grenobloise.","og_url":"https:\/\/renaud-reynek.com\/cs\/catalogue-editorial\/bohuslav-reynek-cs\/bohuslav-reynek-podzimni-motyli-papillons-dautomne-2018\/","og_site_name":"Association Romarin","article_modified_time":"2021-02-15T03:39:39+00:00","og_image":[{"width":1000,"height":1549,"url":"https:\/\/renaud-reynek.com\/wp-content\/uploads\/2020\/01\/BR_Papillons2018.jpg","type":"image\/jpeg"}],"twitter_card":"summary_large_image","schema":{"@context":"https:\/\/schema.org","@graph":[{"@type":"WebPage","@id":"https:\/\/renaud-reynek.com\/cs\/catalogue-editorial\/bohuslav-reynek-cs\/bohuslav-reynek-podzimni-motyli-papillons-dautomne-2018\/","url":"https:\/\/renaud-reynek.com\/cs\/catalogue-editorial\/bohuslav-reynek-cs\/bohuslav-reynek-podzimni-motyli-papillons-dautomne-2018\/","name":"Association Romarin - Bohuslav REYNEK: Podzimn\u00ed moty\u0301li \u2013 Papillons d\u2019automne. 2018","isPartOf":{"@id":"https:\/\/renaud-reynek.com\/cs\/#website"},"primaryImageOfPage":{"@id":"https:\/\/renaud-reynek.com\/cs\/catalogue-editorial\/bohuslav-reynek-cs\/bohuslav-reynek-podzimni-motyli-papillons-dautomne-2018\/#primaryimage"},"image":{"@id":"https:\/\/renaud-reynek.com\/cs\/catalogue-editorial\/bohuslav-reynek-cs\/bohuslav-reynek-podzimni-motyli-papillons-dautomne-2018\/#primaryimage"},"thumbnailUrl":"https:\/\/renaud-reynek.com\/wp-content\/uploads\/2020\/01\/BR_Papillons2018.jpg","datePublished":"2020-01-10T00:06:20+00:00","dateModified":"2021-02-15T03:39:39+00:00","description":"Site de l'Association Romarin. D\u00e9couvrez les \u0153uvres du graveur tch\u00e8que Bohuslav Reynek et de Suzanne Renaud, po\u00e8te, son \u00e9pouse grenobloise.","breadcrumb":{"@id":"https:\/\/renaud-reynek.com\/cs\/catalogue-editorial\/bohuslav-reynek-cs\/bohuslav-reynek-podzimni-motyli-papillons-dautomne-2018\/#breadcrumb"},"inLanguage":"cs","potentialAction":[{"@type":"ReadAction","target":["https:\/\/renaud-reynek.com\/cs\/catalogue-editorial\/bohuslav-reynek-cs\/bohuslav-reynek-podzimni-motyli-papillons-dautomne-2018\/"]}]},{"@type":"ImageObject","inLanguage":"cs","@id":"https:\/\/renaud-reynek.com\/cs\/catalogue-editorial\/bohuslav-reynek-cs\/bohuslav-reynek-podzimni-motyli-papillons-dautomne-2018\/#primaryimage","url":"https:\/\/renaud-reynek.com\/wp-content\/uploads\/2020\/01\/BR_Papillons2018.jpg","contentUrl":"https:\/\/renaud-reynek.com\/wp-content\/uploads\/2020\/01\/BR_Papillons2018.jpg","width":1000,"height":1549},{"@type":"BreadcrumbList","@id":"https:\/\/renaud-reynek.com\/cs\/catalogue-editorial\/bohuslav-reynek-cs\/bohuslav-reynek-podzimni-motyli-papillons-dautomne-2018\/#breadcrumb","itemListElement":[{"@type":"ListItem","position":1,"name":"Accueil","item":"https:\/\/renaud-reynek.com\/cs\/"},{"@type":"ListItem","position":2,"name":"Produkty","item":"https:\/\/renaud-reynek.com\/cs\/shop\/"},{"@type":"ListItem","position":3,"name":"Bohuslav REYNEK: Podzimn\u00ed moty\u0301li \u2013 Papillons d\u2019automne.2018"}]},{"@type":"WebSite","@id":"https:\/\/renaud-reynek.com\/cs\/#website","url":"https:\/\/renaud-reynek.com\/cs\/","name":"Association Romarin","description":"Les Amis de Suzanne Renaud et Bohuslav Reynek","potentialAction":[{"@type":"SearchAction","target":{"@type":"EntryPoint","urlTemplate":"https:\/\/renaud-reynek.com\/cs\/?s={search_term_string}"},"query-input":{"@type":"PropertyValueSpecification","valueRequired":true,"valueName":"search_term_string"}}],"inLanguage":"cs"}]}},"_links":{"self":[{"href":"https:\/\/renaud-reynek.com\/cs\/wp-json\/wp\/v2\/product\/6478","targetHints":{"allow":["GET"]}}],"collection":[{"href":"https:\/\/renaud-reynek.com\/cs\/wp-json\/wp\/v2\/product"}],"about":[{"href":"https:\/\/renaud-reynek.com\/cs\/wp-json\/wp\/v2\/types\/product"}],"replies":[{"embeddable":true,"href":"https:\/\/renaud-reynek.com\/cs\/wp-json\/wp\/v2\/comments?post=6478"}],"wp:featuredmedia":[{"embeddable":true,"href":"https:\/\/renaud-reynek.com\/cs\/wp-json\/wp\/v2\/media\/1380"}],"wp:attachment":[{"href":"https:\/\/renaud-reynek.com\/cs\/wp-json\/wp\/v2\/media?parent=6478"}],"wp:term":[{"taxonomy":"product_brand","embeddable":true,"href":"https:\/\/renaud-reynek.com\/cs\/wp-json\/wp\/v2\/product_brand?post=6478"},{"taxonomy":"product_cat","embeddable":true,"href":"https:\/\/renaud-reynek.com\/cs\/wp-json\/wp\/v2\/product_cat?post=6478"},{"taxonomy":"product_tag","embeddable":true,"href":"https:\/\/renaud-reynek.com\/cs\/wp-json\/wp\/v2\/product_tag?post=6478"}],"curies":[{"name":"wp","href":"https:\/\/api.w.org\/{rel}","templated":true}]}}