{"id":6199,"date":"2020-01-10T01:07:04","date_gmt":"2020-01-10T00:07:04","guid":{"rendered":"https:\/\/renaud-reynek.com\/catalogue-editorial\/nezarazene\/bohuslav-reynek-correspondance-jean-lebrau-andree-appercelle-2019\/"},"modified":"2023-07-16T17:09:56","modified_gmt":"2023-07-16T15:09:56","slug":"bohuslav-reynek-correspondance-jean-lebrau-andree-appercelle-2019","status":"publish","type":"product","link":"https:\/\/renaud-reynek.com\/cs\/catalogue-editorial\/suzanne-renaud-cs\/bohuslav-reynek-correspondance-jean-lebrau-andree-appercelle-2019\/","title":{"rendered":"Bohuslav REYNEK, <br>Suzanne RENAUD, Jean LEBRAU, <br>Andr\u00e9e APPERCELLE: <i>Correspondance \u2013 Korespondence<\/i>.<br>2019"},"content":{"rendered":"<p><strong><em>Form\u00e1t 12,5 x 19 cm.<br \/>\n<\/em><\/strong><strong><em>248 stran. Bro\u017eovan\u00e1, ilustrovan\u00e1 ob\u00e1lka.<br \/>\n<\/em><\/strong><strong><em>ISBN : 2\u2013910544\u201319\u20132<\/em><\/strong><\/p>\n<p>Nakladatelstv\u00ed Romarin, Grenoble 2019.<br \/>\nDvojjazy\u010dn\u00e9 francouzsko-\u010desk\u00e9 vyd\u00e1n\u00ed.<br \/>\nZ francouz\u0161tiny p\u0159elo\u017eil Petr \u0158ezn\u00ed\u010dek.<br \/>\nPozn\u00e1mky, chronologie, bibliographie.<br \/>\nJeden\u00e1ct barevn\u00fdch ilustrac\u00ed z d\u00edla B. Reynka.<br \/>\n\u010cernob\u00edl\u00e9 ilustrace v textu.<br \/>\nTato kniha vych\u00e1z\u00ed s laskavou pomoc\u00ed Ministerstva zahrani\u010dn\u00edch v\u011bc\u00ed<br \/>\na Ministerstva kultury \u010cesk\u00e9 republiky,<br \/>\na Nadace Fonds de Dotation Renaud Reynek (Francie).<\/p>\n","protected":false},"excerpt":{"rendered":"<p>Bohuslav Reynek (1892-1971) a jeho \u017eena Suzanne Renaudov\u00e1 (1889-1964) poslali z Petrkova v \u010ceskoslovensku, kde \u017eili, sv\u00fdm p\u0159\u00e1tel\u016fm do Francie, z nich\u017e n\u011bkte\u0159\u00ed byli spisovatel\u00e9 nebo um\u011blci, \u010detn\u00e9 dopisy. Tato liter\u00e1rn\u00ed korespondence je m\u00e1lo zn\u00e1m\u00e1. P\u0159ed vyd\u00e1n\u00edm p\u0159edkl\u00e1dan\u00e9 publikace vy\u0161ly, a to ve francouz\u0161tin\u011b, jedin\u011b dopisy mezi Suzanne Renaud a Henri Pourratem. Teprve a\u017e po druh\u00e9 sv\u011btov\u00e9 v\u00e1lce vstupuje dvojice Renaudov\u00e1-Reynek do p\u00edsemn\u00e9ho styku s Jeanem Lebrau (1891-1983) z Moux, kde se narodil i zem\u0159el, a s Andr\u00e9e Appercelleovou, narozenou v Grenoblu, kde tato i doposud \u017eije. Dva b\u00e1sn\u00edci, z nich\u017e jeden pob\u00fdval ve vesnici vina\u0159\u016f v Aude, zemi such\u00e9 a von\u00edc\u00ed, a druh\u00e1 ve m\u011bst\u011b sev\u0159en\u00e9m vysok\u00fdmi zasn\u011b\u017een\u00fdmi horami. B\u00e1sn\u00edk \u2013 vina\u0159, p\u0159esv\u011bd\u010den\u00fd katol\u00edk, Jean Lebrau, r\u00e1d nav\u0161t\u011bvuje mnichy z kl\u00e1\u0161tera d\u00b4En-Calcat. Andr\u00e9e Appercellov\u00e1 m\u00e1 r\u00e1da zv\u00ed\u0159ata, p\u0159ij\u00edm\u00e1 za sv\u00e9 my\u0161lenky komunismu a cestuje do \u010ceskoslovenska poststalinsk\u00fdch let. D\u00edky spole\u010dn\u00e9mu um\u011bn\u00ed a citu pro kr\u00e1su, tito \u010dty\u0159i b\u00e1sn\u00edci sd\u00edlej\u00ed l\u00e1sku k p\u0159\u00edrod\u011b a prost\u00fdm lidem, v\u00edru v lidskou du\u0161i, a t\u00e9\u017e sv\u00e9 modlitby za lep\u0161\u00ed sv\u011bt.<\/p>\n","protected":false},"featured_media":1384,"comment_status":"open","ping_status":"closed","template":"","meta":{"_acf_changed":false},"product_brand":[],"product_cat":[211,210],"product_tag":[],"class_list":{"0":"post-6199","1":"product","2":"type-product","3":"status-publish","4":"has-post-thumbnail","6":"product_cat-bohuslav-reynek-cs","7":"product_cat-suzanne-renaud-cs","9":"first","10":"instock","11":"shipping-taxable","12":"purchasable","13":"product-type-simple"},"acf":[],"yoast_head":"<!-- This site is optimized with the Yoast SEO plugin v27.4 - https:\/\/yoast.com\/product\/yoast-seo-wordpress\/ -->\n<title>Association Romarin - Bohuslav REYNEK, Suzanne RENAUD, Jean LEBRAU, Andr\u00e9e APPERCELLE: Correspondance \u2013 Korespondence.2019<\/title>\n<meta name=\"description\" content=\"Site de l&#039;Association Romarin. D\u00e9couvrez les \u0153uvres du graveur tch\u00e8que Bohuslav Reynek et de Suzanne Renaud, po\u00e8te, son \u00e9pouse grenobloise.\" \/>\n<meta name=\"robots\" content=\"index, follow, max-snippet:-1, max-image-preview:large, max-video-preview:-1\" \/>\n<link rel=\"canonical\" href=\"https:\/\/renaud-reynek.com\/cs\/catalogue-editorial\/suzanne-renaud-cs\/bohuslav-reynek-correspondance-jean-lebrau-andree-appercelle-2019\/\" \/>\n<meta property=\"og:locale\" content=\"cs_CZ\" \/>\n<meta property=\"og:type\" content=\"article\" \/>\n<meta property=\"og:title\" content=\"Association Romarin - Bohuslav REYNEK, Suzanne RENAUD, Jean LEBRAU, Andr\u00e9e APPERCELLE: Correspondance \u2013 Korespondence.2019\" \/>\n<meta property=\"og:description\" content=\"Site de l&#039;Association Romarin. D\u00e9couvrez les \u0153uvres du graveur tch\u00e8que Bohuslav Reynek et de Suzanne Renaud, po\u00e8te, son \u00e9pouse grenobloise.\" \/>\n<meta property=\"og:url\" content=\"https:\/\/renaud-reynek.com\/cs\/catalogue-editorial\/suzanne-renaud-cs\/bohuslav-reynek-correspondance-jean-lebrau-andree-appercelle-2019\/\" \/>\n<meta property=\"og:site_name\" content=\"Association Romarin\" \/>\n<meta property=\"article:modified_time\" content=\"2023-07-16T15:09:56+00:00\" \/>\n<meta property=\"og:image\" content=\"https:\/\/renaud-reynek.com\/wp-content\/uploads\/2020\/01\/BR_Lebrau2019.jpg\" \/>\n\t<meta property=\"og:image:width\" content=\"1000\" \/>\n\t<meta property=\"og:image:height\" content=\"1527\" \/>\n\t<meta property=\"og:image:type\" content=\"image\/jpeg\" \/>\n<meta name=\"twitter:card\" content=\"summary_large_image\" \/>\n<meta name=\"twitter:label1\" content=\"Odhadovan\u00e1 doba \u010dten\u00ed\" \/>\n\t<meta name=\"twitter:data1\" content=\"1 minuta\" \/>\n<script type=\"application\/ld+json\" class=\"yoast-schema-graph\">{\"@context\":\"https:\\\/\\\/schema.org\",\"@graph\":[{\"@type\":\"WebPage\",\"@id\":\"https:\\\/\\\/renaud-reynek.com\\\/cs\\\/catalogue-editorial\\\/suzanne-renaud-cs\\\/bohuslav-reynek-correspondance-jean-lebrau-andree-appercelle-2019\\\/\",\"url\":\"https:\\\/\\\/renaud-reynek.com\\\/cs\\\/catalogue-editorial\\\/suzanne-renaud-cs\\\/bohuslav-reynek-correspondance-jean-lebrau-andree-appercelle-2019\\\/\",\"name\":\"Association Romarin - Bohuslav REYNEK, Suzanne RENAUD, Jean LEBRAU, Andr\u00e9e APPERCELLE: Correspondance \u2013 Korespondence. 2019\",\"isPartOf\":{\"@id\":\"https:\\\/\\\/renaud-reynek.com\\\/cs\\\/#website\"},\"primaryImageOfPage\":{\"@id\":\"https:\\\/\\\/renaud-reynek.com\\\/cs\\\/catalogue-editorial\\\/suzanne-renaud-cs\\\/bohuslav-reynek-correspondance-jean-lebrau-andree-appercelle-2019\\\/#primaryimage\"},\"image\":{\"@id\":\"https:\\\/\\\/renaud-reynek.com\\\/cs\\\/catalogue-editorial\\\/suzanne-renaud-cs\\\/bohuslav-reynek-correspondance-jean-lebrau-andree-appercelle-2019\\\/#primaryimage\"},\"thumbnailUrl\":\"https:\\\/\\\/renaud-reynek.com\\\/wp-content\\\/uploads\\\/2020\\\/01\\\/BR_Lebrau2019.jpg\",\"datePublished\":\"2020-01-10T00:07:04+00:00\",\"dateModified\":\"2023-07-16T15:09:56+00:00\",\"description\":\"Site de l'Association Romarin. D\u00e9couvrez les \u0153uvres du graveur tch\u00e8que Bohuslav Reynek et de Suzanne Renaud, po\u00e8te, son \u00e9pouse grenobloise.\",\"breadcrumb\":{\"@id\":\"https:\\\/\\\/renaud-reynek.com\\\/cs\\\/catalogue-editorial\\\/suzanne-renaud-cs\\\/bohuslav-reynek-correspondance-jean-lebrau-andree-appercelle-2019\\\/#breadcrumb\"},\"inLanguage\":\"cs\",\"potentialAction\":[{\"@type\":\"ReadAction\",\"target\":[\"https:\\\/\\\/renaud-reynek.com\\\/cs\\\/catalogue-editorial\\\/suzanne-renaud-cs\\\/bohuslav-reynek-correspondance-jean-lebrau-andree-appercelle-2019\\\/\"]}]},{\"@type\":\"ImageObject\",\"inLanguage\":\"cs\",\"@id\":\"https:\\\/\\\/renaud-reynek.com\\\/cs\\\/catalogue-editorial\\\/suzanne-renaud-cs\\\/bohuslav-reynek-correspondance-jean-lebrau-andree-appercelle-2019\\\/#primaryimage\",\"url\":\"https:\\\/\\\/renaud-reynek.com\\\/wp-content\\\/uploads\\\/2020\\\/01\\\/BR_Lebrau2019.jpg\",\"contentUrl\":\"https:\\\/\\\/renaud-reynek.com\\\/wp-content\\\/uploads\\\/2020\\\/01\\\/BR_Lebrau2019.jpg\",\"width\":1000,\"height\":1527},{\"@type\":\"BreadcrumbList\",\"@id\":\"https:\\\/\\\/renaud-reynek.com\\\/cs\\\/catalogue-editorial\\\/suzanne-renaud-cs\\\/bohuslav-reynek-correspondance-jean-lebrau-andree-appercelle-2019\\\/#breadcrumb\",\"itemListElement\":[{\"@type\":\"ListItem\",\"position\":1,\"name\":\"Accueil\",\"item\":\"https:\\\/\\\/renaud-reynek.com\\\/cs\\\/\"},{\"@type\":\"ListItem\",\"position\":2,\"name\":\"Produkty\",\"item\":\"https:\\\/\\\/renaud-reynek.com\\\/cs\\\/shop\\\/\"},{\"@type\":\"ListItem\",\"position\":3,\"name\":\"Bohuslav REYNEK, Suzanne RENAUD, Jean LEBRAU, Andr\u00e9e APPERCELLE: Correspondance \u2013 Korespondence.2019\"}]},{\"@type\":\"WebSite\",\"@id\":\"https:\\\/\\\/renaud-reynek.com\\\/cs\\\/#website\",\"url\":\"https:\\\/\\\/renaud-reynek.com\\\/cs\\\/\",\"name\":\"Association Romarin\",\"description\":\"Les Amis de Suzanne Renaud et Bohuslav Reynek\",\"potentialAction\":[{\"@type\":\"SearchAction\",\"target\":{\"@type\":\"EntryPoint\",\"urlTemplate\":\"https:\\\/\\\/renaud-reynek.com\\\/cs\\\/?s={search_term_string}\"},\"query-input\":{\"@type\":\"PropertyValueSpecification\",\"valueRequired\":true,\"valueName\":\"search_term_string\"}}],\"inLanguage\":\"cs\"}]}<\/script>\n<!-- \/ Yoast SEO plugin. -->","yoast_head_json":{"title":"Association Romarin - Bohuslav REYNEK, Suzanne RENAUD, Jean LEBRAU, Andr\u00e9e APPERCELLE: Correspondance \u2013 Korespondence.2019","description":"Site de l'Association Romarin. D\u00e9couvrez les \u0153uvres du graveur tch\u00e8que Bohuslav Reynek et de Suzanne Renaud, po\u00e8te, son \u00e9pouse grenobloise.","robots":{"index":"index","follow":"follow","max-snippet":"max-snippet:-1","max-image-preview":"max-image-preview:large","max-video-preview":"max-video-preview:-1"},"canonical":"https:\/\/renaud-reynek.com\/cs\/catalogue-editorial\/suzanne-renaud-cs\/bohuslav-reynek-correspondance-jean-lebrau-andree-appercelle-2019\/","og_locale":"cs_CZ","og_type":"article","og_title":"Association Romarin - Bohuslav REYNEK, Suzanne RENAUD, Jean LEBRAU, Andr\u00e9e APPERCELLE: Correspondance \u2013 Korespondence.2019","og_description":"Site de l'Association Romarin. D\u00e9couvrez les \u0153uvres du graveur tch\u00e8que Bohuslav Reynek et de Suzanne Renaud, po\u00e8te, son \u00e9pouse grenobloise.","og_url":"https:\/\/renaud-reynek.com\/cs\/catalogue-editorial\/suzanne-renaud-cs\/bohuslav-reynek-correspondance-jean-lebrau-andree-appercelle-2019\/","og_site_name":"Association Romarin","article_modified_time":"2023-07-16T15:09:56+00:00","og_image":[{"width":1000,"height":1527,"url":"https:\/\/renaud-reynek.com\/wp-content\/uploads\/2020\/01\/BR_Lebrau2019.jpg","type":"image\/jpeg"}],"twitter_card":"summary_large_image","twitter_misc":{"Odhadovan\u00e1 doba \u010dten\u00ed":"1 minuta"},"schema":{"@context":"https:\/\/schema.org","@graph":[{"@type":"WebPage","@id":"https:\/\/renaud-reynek.com\/cs\/catalogue-editorial\/suzanne-renaud-cs\/bohuslav-reynek-correspondance-jean-lebrau-andree-appercelle-2019\/","url":"https:\/\/renaud-reynek.com\/cs\/catalogue-editorial\/suzanne-renaud-cs\/bohuslav-reynek-correspondance-jean-lebrau-andree-appercelle-2019\/","name":"Association Romarin - Bohuslav REYNEK, Suzanne RENAUD, Jean LEBRAU, Andr\u00e9e APPERCELLE: Correspondance \u2013 Korespondence. 2019","isPartOf":{"@id":"https:\/\/renaud-reynek.com\/cs\/#website"},"primaryImageOfPage":{"@id":"https:\/\/renaud-reynek.com\/cs\/catalogue-editorial\/suzanne-renaud-cs\/bohuslav-reynek-correspondance-jean-lebrau-andree-appercelle-2019\/#primaryimage"},"image":{"@id":"https:\/\/renaud-reynek.com\/cs\/catalogue-editorial\/suzanne-renaud-cs\/bohuslav-reynek-correspondance-jean-lebrau-andree-appercelle-2019\/#primaryimage"},"thumbnailUrl":"https:\/\/renaud-reynek.com\/wp-content\/uploads\/2020\/01\/BR_Lebrau2019.jpg","datePublished":"2020-01-10T00:07:04+00:00","dateModified":"2023-07-16T15:09:56+00:00","description":"Site de l'Association Romarin. D\u00e9couvrez les \u0153uvres du graveur tch\u00e8que Bohuslav Reynek et de Suzanne Renaud, po\u00e8te, son \u00e9pouse grenobloise.","breadcrumb":{"@id":"https:\/\/renaud-reynek.com\/cs\/catalogue-editorial\/suzanne-renaud-cs\/bohuslav-reynek-correspondance-jean-lebrau-andree-appercelle-2019\/#breadcrumb"},"inLanguage":"cs","potentialAction":[{"@type":"ReadAction","target":["https:\/\/renaud-reynek.com\/cs\/catalogue-editorial\/suzanne-renaud-cs\/bohuslav-reynek-correspondance-jean-lebrau-andree-appercelle-2019\/"]}]},{"@type":"ImageObject","inLanguage":"cs","@id":"https:\/\/renaud-reynek.com\/cs\/catalogue-editorial\/suzanne-renaud-cs\/bohuslav-reynek-correspondance-jean-lebrau-andree-appercelle-2019\/#primaryimage","url":"https:\/\/renaud-reynek.com\/wp-content\/uploads\/2020\/01\/BR_Lebrau2019.jpg","contentUrl":"https:\/\/renaud-reynek.com\/wp-content\/uploads\/2020\/01\/BR_Lebrau2019.jpg","width":1000,"height":1527},{"@type":"BreadcrumbList","@id":"https:\/\/renaud-reynek.com\/cs\/catalogue-editorial\/suzanne-renaud-cs\/bohuslav-reynek-correspondance-jean-lebrau-andree-appercelle-2019\/#breadcrumb","itemListElement":[{"@type":"ListItem","position":1,"name":"Accueil","item":"https:\/\/renaud-reynek.com\/cs\/"},{"@type":"ListItem","position":2,"name":"Produkty","item":"https:\/\/renaud-reynek.com\/cs\/shop\/"},{"@type":"ListItem","position":3,"name":"Bohuslav REYNEK, Suzanne RENAUD, Jean LEBRAU, Andr\u00e9e APPERCELLE: Correspondance \u2013 Korespondence.2019"}]},{"@type":"WebSite","@id":"https:\/\/renaud-reynek.com\/cs\/#website","url":"https:\/\/renaud-reynek.com\/cs\/","name":"Association Romarin","description":"Les Amis de Suzanne Renaud et Bohuslav Reynek","potentialAction":[{"@type":"SearchAction","target":{"@type":"EntryPoint","urlTemplate":"https:\/\/renaud-reynek.com\/cs\/?s={search_term_string}"},"query-input":{"@type":"PropertyValueSpecification","valueRequired":true,"valueName":"search_term_string"}}],"inLanguage":"cs"}]}},"_links":{"self":[{"href":"https:\/\/renaud-reynek.com\/cs\/wp-json\/wp\/v2\/product\/6199","targetHints":{"allow":["GET"]}}],"collection":[{"href":"https:\/\/renaud-reynek.com\/cs\/wp-json\/wp\/v2\/product"}],"about":[{"href":"https:\/\/renaud-reynek.com\/cs\/wp-json\/wp\/v2\/types\/product"}],"replies":[{"embeddable":true,"href":"https:\/\/renaud-reynek.com\/cs\/wp-json\/wp\/v2\/comments?post=6199"}],"wp:featuredmedia":[{"embeddable":true,"href":"https:\/\/renaud-reynek.com\/cs\/wp-json\/wp\/v2\/media\/1384"}],"wp:attachment":[{"href":"https:\/\/renaud-reynek.com\/cs\/wp-json\/wp\/v2\/media?parent=6199"}],"wp:term":[{"taxonomy":"product_brand","embeddable":true,"href":"https:\/\/renaud-reynek.com\/cs\/wp-json\/wp\/v2\/product_brand?post=6199"},{"taxonomy":"product_cat","embeddable":true,"href":"https:\/\/renaud-reynek.com\/cs\/wp-json\/wp\/v2\/product_cat?post=6199"},{"taxonomy":"product_tag","embeddable":true,"href":"https:\/\/renaud-reynek.com\/cs\/wp-json\/wp\/v2\/product_tag?post=6199"}],"curies":[{"name":"wp","href":"https:\/\/api.w.org\/{rel}","templated":true}]}}