{"id":4365,"date":"2020-01-07T22:06:13","date_gmt":"2020-01-07T21:06:13","guid":{"rendered":"https:\/\/renaud-reynek.com\/dotation-renaud-reynek\/"},"modified":"2024-09-17T14:04:36","modified_gmt":"2024-09-17T12:04:36","slug":"dotation-renaud-reynek","status":"publish","type":"page","link":"https:\/\/renaud-reynek.com\/cs\/dotation-renaud-reynek\/","title":{"rendered":"Nadace Renaud Reynek"},"content":{"rendered":"\t\t<div data-elementor-type=\"wp-page\" data-elementor-id=\"4365\" class=\"elementor elementor-4365 elementor-707\" data-elementor-post-type=\"page\">\n\t\t\t\t\t\t<section class=\"elementor-section elementor-top-section elementor-element elementor-element-81fe89a elementor-section-height-min-height elementor-section-boxed elementor-section-height-default elementor-section-items-middle\" data-id=\"81fe89a\" data-element_type=\"section\" data-e-type=\"section\" data-settings=\"{&quot;background_background&quot;:&quot;classic&quot;}\">\n\t\t\t\t\t\t<div class=\"elementor-container elementor-column-gap-default\">\n\t\t\t\t\t<div class=\"elementor-column elementor-col-100 elementor-top-column elementor-element elementor-element-d2f7328\" data-id=\"d2f7328\" data-element_type=\"column\" data-e-type=\"column\">\n\t\t\t<div class=\"elementor-widget-wrap elementor-element-populated\">\n\t\t\t\t\t\t<div class=\"elementor-element elementor-element-5f00180 elementor-align-left elementor-widget elementor-widget-breadcrumbs\" data-id=\"5f00180\" data-element_type=\"widget\" data-e-type=\"widget\" data-widget_type=\"breadcrumbs.default\">\n\t\t\t\t<div class=\"elementor-widget-container\">\n\t\t\t\t\t<p id=\"breadcrumbs\">\tVous \u00eates ici :\n<span><span><a href=\"https:\/\/renaud-reynek.com\/cs\/\">Accueil<\/a><\/span><\/span><\/p>\t\t\t\t<\/div>\n\t\t\t\t<\/div>\n\t\t\t\t<div class=\"elementor-element elementor-element-16fd92a elementor-widget elementor-widget-heading\" data-id=\"16fd92a\" data-element_type=\"widget\" data-e-type=\"widget\" data-widget_type=\"heading.default\">\n\t\t\t\t<div class=\"elementor-widget-container\">\n\t\t\t\t\t<h2 class=\"elementor-heading-title elementor-size-default\">Nadace Renaud Reynek<\/h2>\t\t\t\t<\/div>\n\t\t\t\t<\/div>\n\t\t\t\t<div class=\"elementor-element elementor-element-3ea4f6d elementor-widget elementor-widget-heading\" data-id=\"3ea4f6d\" data-element_type=\"widget\" data-e-type=\"widget\" data-widget_type=\"heading.default\">\n\t\t\t\t<div class=\"elementor-widget-container\">\n\t\t\t\t\t<h3 class=\"elementor-heading-title elementor-size-default\">DRR<\/h3>\t\t\t\t<\/div>\n\t\t\t\t<\/div>\n\t\t\t\t\t<\/div>\n\t\t<\/div>\n\t\t\t\t\t<\/div>\n\t\t<\/section>\n\t\t\t\t<section class=\"elementor-section elementor-top-section elementor-element elementor-element-97f212c elementor-section-boxed elementor-section-height-default elementor-section-height-default\" data-id=\"97f212c\" data-element_type=\"section\" data-e-type=\"section\">\n\t\t\t\t\t\t<div class=\"elementor-container elementor-column-gap-default\">\n\t\t\t\t\t<div class=\"elementor-column elementor-col-50 elementor-top-column elementor-element elementor-element-505068f\" data-id=\"505068f\" data-element_type=\"column\" data-e-type=\"column\">\n\t\t\t<div class=\"elementor-widget-wrap elementor-element-populated\">\n\t\t\t\t\t\t<div class=\"elementor-element elementor-element-d324a42 elementor-widget elementor-widget-global elementor-global-1129 elementor-widget-wp-widget-nav_menu\" data-id=\"d324a42\" data-element_type=\"widget\" data-e-type=\"widget\" data-widget_type=\"wp-widget-nav_menu.default\">\n\t\t\t\t<div class=\"elementor-widget-container\">\n\t\t\t\t\t<nav class=\"menu-menu-sidebar-tcheque-container\" aria-label=\"Menu\"><ul id=\"menu-menu-sidebar-tcheque\" class=\"menu\"><li id=\"menu-item-4418\" class=\"menu-item menu-item-type-post_type menu-item-object-page menu-item-has-children menu-item-4418\"><a href=\"https:\/\/renaud-reynek.com\/cs\/suzanne-renaud\/\"><span style=\"text-decoration: underline; color: #191970\">Suzanne RENAUD<\/span><\/a>\n<ul class=\"sub-menu\">\n\t<li id=\"menu-item-8837\" class=\"menu-item menu-item-type-post_type menu-item-object-page menu-item-8837\"><a href=\"https:\/\/renaud-reynek.com\/cs\/suzanne-renaud\/suzanne-renaud-zivotni-udaje\/\">Bibliografick\u00e9 \u00fadaje<\/a><\/li>\n\t<li id=\"menu-item-5446\" class=\"menu-item menu-item-type-post_type menu-item-object-page menu-item-5446\"><a href=\"https:\/\/renaud-reynek.com\/cs\/suzanne-renaud\/suzanne-renaud-literarni-dilo\/\">Liter\u00e1rn\u00ed d\u00edlo<\/a><\/li>\n\t<li id=\"menu-item-5551\" class=\"menu-item menu-item-type-post_type menu-item-object-page menu-item-5551\"><a href=\"https:\/\/renaud-reynek.com\/cs\/suzanne-renaud\/suzanne-renaud-basne\/\">B\u00e1sn\u011b<\/a><\/li>\n<\/ul>\n<\/li>\n<li id=\"menu-item-4419\" class=\"sidebar-titre menu-item menu-item-type-post_type menu-item-object-page menu-item-has-children menu-item-4419\"><a href=\"https:\/\/renaud-reynek.com\/cs\/bohuslav-reynek\/\"><span style=\"text-decoration: underline; color: #191970\">Bohuslav REYNEK<\/span><\/a>\n<ul class=\"sub-menu\">\n\t<li id=\"menu-item-5646\" class=\"menu-item menu-item-type-post_type menu-item-object-page menu-item-5646\"><a href=\"https:\/\/renaud-reynek.com\/cs\/bohuslav-reynek\/zivotni-udaje\/\">Bibliografick\u00e9 \u00fadaje<\/a><\/li>\n\t<li id=\"menu-item-5632\" class=\"menu-item menu-item-type-post_type menu-item-object-page menu-item-5632\"><a href=\"https:\/\/renaud-reynek.com\/cs\/bohuslav-reynek\/bohuslav-reynek-literarni-dilo\/\">Liter\u00e1rn\u00ed d\u00edlo<\/a><\/li>\n\t<li id=\"menu-item-5644\" class=\"menu-item menu-item-type-post_type menu-item-object-page menu-item-5644\"><a href=\"https:\/\/renaud-reynek.com\/cs\/bohuslav-reynek\/bohuslav-reynek-basne\/\">B\u00e1sn\u011b<\/a><\/li>\n\t<li id=\"menu-item-4420\" class=\"menu-item menu-item-type-post_type menu-item-object-page menu-item-4420\"><a href=\"https:\/\/renaud-reynek.com\/cs\/bohuslav-reynek\/bohuslav-reynek-graficke-dilo\/\">Grafick\u00e9 d\u00edlo<\/a><\/li>\n\t<li id=\"menu-item-4421\" class=\"menu-item menu-item-type-post_type menu-item-object-page menu-item-4421\"><a href=\"https:\/\/renaud-reynek.com\/cs\/bohuslav-reynek\/bohuslav-reynek-katalog-raisonne\/\">Katalog raisonn\u00e9<\/a><\/li>\n<\/ul>\n<\/li>\n<li id=\"menu-item-6144\" class=\"menu-item menu-item-type-post_type menu-item-object-page menu-item-6144\"><a href=\"https:\/\/renaud-reynek.com\/cs\/katalog-nakladatelstvi\/\"><span style=\"text-decoration: underline; color: #191970\">Katalog nakladatelstv\u00ed<\/span><\/a><\/li>\n<li id=\"menu-item-4426\" class=\"sidebar-titre menu-item menu-item-type-post_type menu-item-object-page menu-item-has-children menu-item-4426\"><a href=\"https:\/\/renaud-reynek.com\/cs\/aktuality\/\"><span style=\"text-decoration: underline; color: #191970\">Aktuality<\/span><\/a>\n<ul class=\"sub-menu\">\n\t<li id=\"menu-item-7711\" class=\"menu-item menu-item-type-post_type menu-item-object-page menu-item-7711\"><a href=\"https:\/\/renaud-reynek.com\/cs\/aktuality\/pripravujeme\/\">P\u0159ipravujeme<\/a><\/li>\n\t<li id=\"menu-item-7710\" class=\"menu-item menu-item-type-post_type menu-item-object-page menu-item-7710\"><a href=\"https:\/\/renaud-reynek.com\/cs\/aktuality\/aktuality\/\">Zpr\u00e1vy<\/a><\/li>\n<\/ul>\n<\/li>\n<li id=\"menu-item-4422\" class=\"sidebar-titre menu-item menu-item-type-post_type menu-item-object-page menu-item-has-children menu-item-4422\"><a href=\"https:\/\/renaud-reynek.com\/cs\/romarin\/\"><span style=\"text-decoration: underline; color: #191970\">Romarin<\/span><\/a>\n<ul class=\"sub-menu\">\n\t<li id=\"menu-item-4423\" class=\"menu-item menu-item-type-post_type menu-item-object-page menu-item-4423\"><a href=\"https:\/\/renaud-reynek.com\/cs\/romarin\/publikace-on-line\/\">Publikace on-line<\/a><\/li>\n\t<li id=\"menu-item-5660\" class=\"menu-item menu-item-type-post_type menu-item-object-page menu-item-5660\"><a href=\"https:\/\/renaud-reynek.com\/cs\/romarin\/archiv\/\">Archiv<\/a><\/li>\n\t<li id=\"menu-item-4424\" class=\"bulletin-adhesion menu-item menu-item-type-custom menu-item-object-custom menu-item-4424\"><a>St\u00e1t se \u010dlenem<\/a><\/li>\n<\/ul>\n<\/li>\n<li id=\"menu-item-4425\" class=\"sidebar-titre menu-item menu-item-type-post_type menu-item-object-page menu-item-has-children menu-item-4425\"><a href=\"https:\/\/renaud-reynek.com\/cs\/dotation-renaud-reynek\/\"><span style=\"text-decoration: underline; color: #191970\">Nadace Renaud Reynek<\/span><\/a>\n<ul class=\"sub-menu\">\n\t<li id=\"menu-item-5663\" class=\"menu-item menu-item-type-post_type menu-item-object-page menu-item-5663\"><a href=\"https:\/\/renaud-reynek.com\/cs\/dotation-renaud-reynek\/nadace-renaud-reynek-vystavy-drr-2013\/\">V\u00fdstavy DRR<\/a><\/li>\n\t<li id=\"menu-item-5661\" class=\"menu-item menu-item-type-post_type menu-item-object-page menu-item-5661\"><a href=\"https:\/\/renaud-reynek.com\/cs\/dotation-renaud-reynek\/nadace-renaud-reynek-fototeka-drr\/\">Fotot\u00e9ka DRR<\/a><\/li>\n\t<li id=\"menu-item-5662\" class=\"menu-item menu-item-type-post_type menu-item-object-page menu-item-5662\"><a href=\"https:\/\/renaud-reynek.com\/cs\/dotation-renaud-reynek\/nadace-renaud-reynek\/\">Knihovna DRR<\/a><\/li>\n<\/ul>\n<\/li>\n<li id=\"menu-item-4427\" class=\"sidebar-titre menu-item menu-item-type-post_type menu-item-object-page menu-item-4427\"><a href=\"https:\/\/renaud-reynek.com\/cs\/kontakt\/\"><span style=\"text-decoration: underline; color: #191970\">Kontakt<\/span><\/a><\/li>\n<li id=\"menu-item-4428\" class=\"sidebar-titre menu-item menu-item-type-custom menu-item-object-custom menu-item-4428\"><a><a style=\"text-decoration: underline; color: #191970;\" href=\"http:\/\/catalogue-bohuslavreynek.com\/fmi\/iwp\/cgi?dbpath=%2Ffmi%2Fiwp%2Fcgi%3F-db%3DCatalogue_Reynek%26-startsession&#038;acct=account&#038;name=Web&#038;password=Web&#038;login=Login&#038;-authdb\" target=\"_blank\" rel=\"noopener noreferrer\">Catalogue raisonn\u00e9 Reynek (P\u0159\u00edm\u00fd p\u0159\u00edstup)<\/a><\/a><\/li>\n<\/ul><\/nav>\t\t\t\t<\/div>\n\t\t\t\t<\/div>\n\t\t\t\t\t<\/div>\n\t\t<\/div>\n\t\t\t\t<div class=\"elementor-column elementor-col-50 elementor-top-column elementor-element elementor-element-24f3614\" data-id=\"24f3614\" data-element_type=\"column\" data-e-type=\"column\">\n\t\t\t<div class=\"elementor-widget-wrap elementor-element-populated\">\n\t\t\t\t\t\t<section class=\"elementor-section elementor-inner-section elementor-element elementor-element-de4c225 elementor-section-boxed elementor-section-height-default elementor-section-height-default\" data-id=\"de4c225\" data-element_type=\"section\" data-e-type=\"section\">\n\t\t\t\t\t\t<div class=\"elementor-container elementor-column-gap-default\">\n\t\t\t\t\t<div class=\"elementor-column elementor-col-50 elementor-inner-column elementor-element elementor-element-066a17f\" data-id=\"066a17f\" data-element_type=\"column\" data-e-type=\"column\">\n\t\t\t<div class=\"elementor-widget-wrap elementor-element-populated\">\n\t\t\t\t\t\t<div class=\"elementor-element elementor-element-d3eb401 elementor-widget elementor-widget-text-editor\" data-id=\"d3eb401\" data-element_type=\"widget\" data-e-type=\"widget\" data-widget_type=\"text-editor.default\">\n\t\t\t\t<div class=\"elementor-widget-container\">\n\t\t\t\t\t\t\t\t\t<p>Nada\u010dn\u00ed fond Dotation Renaud Reynek (DRR), pr\u00e1vn\u00ed organizace z\u0159\u00edzen\u00e1 podle z\u00e1kona \u010d. 2008-776 ze 4. srpna 2008, zvan\u00e9ho z\u00e1kon LME, vznikl v Meylanu (Francie) 3. prosince 2014 (\u00da\u0159. v\u011bst. \u010d. 2242). Zakladatel Annick Auzimour (<em>foto<\/em>). Jde o nev\u00fdd\u011ble\u010dnou pr\u00e1vnickou osobu soukrom\u00e9ho pr\u00e1va. Posl\u00e1n\u00edm t\u00e9to ve\u0159ejn\u011b prosp\u011b\u0161n\u00e9 instituce je kulturn\u00ed mecen\u00e1\u0161stv\u00ed. Fond spravuje v\u00fdznamnou nezcizitelnou a ned\u011blitelnou sb\u00edrku d\u011bl \u010desk\u00e9ho grafika Bohuslava Reynka a jeho man\u017eelky, francouzsk\u00e9 b<strong><\/strong>\u00e1sn\u00ed\u0159ky Suzanne Renaud. Dotation Renaud Reynek umo\u017e\u0148uje vstupovat do smluvn\u00edch vztah\u016f s\u00a0dal\u0161\u00edmi ve\u0159ejn\u00fdmi a soukrom\u00fdmi institucemi za \u00fa\u010delem podpory a zachov\u00e1n\u00ed spole\u010dn\u00e9ho d\u00edla obou um\u011blc\u016f, a to ve spolupr\u00e1ci se sdru\u017een\u00edm Romarin, kter\u00e9 zaji\u0161\u0165uje jeho propagaci ve Francii ji\u017e v\u00edce ne\u017e dvacet let.<\/p>\n\t\t\t\t\t\t\t\t<\/div>\n\t\t\t\t<\/div>\n\t\t\t\t\t<\/div>\n\t\t<\/div>\n\t\t\t\t<div class=\"elementor-column elementor-col-50 elementor-inner-column elementor-element elementor-element-0242e3a\" data-id=\"0242e3a\" data-element_type=\"column\" data-e-type=\"column\">\n\t\t\t<div class=\"elementor-widget-wrap elementor-element-populated\">\n\t\t\t\t\t\t<div class=\"elementor-element elementor-element-5d448b1 elementor-widget elementor-widget-image\" data-id=\"5d448b1\" data-element_type=\"widget\" data-e-type=\"widget\" data-widget_type=\"image.default\">\n\t\t\t\t<div class=\"elementor-widget-container\">\n\t\t\t\t\t\t\t\t\t\t\t\t\t\t\t<img fetchpriority=\"high\" decoding=\"async\" width=\"800\" height=\"863\" src=\"https:\/\/renaud-reynek.com\/wp-content\/uploads\/2024\/09\/Portrait-2017-2-site-949x1024.jpg\" class=\"attachment-large size-large wp-image-10395\" alt=\"\" srcset=\"https:\/\/renaud-reynek.com\/wp-content\/uploads\/2024\/09\/Portrait-2017-2-site-949x1024.jpg 949w, https:\/\/renaud-reynek.com\/wp-content\/uploads\/2024\/09\/Portrait-2017-2-site-278x300.jpg 278w, https:\/\/renaud-reynek.com\/wp-content\/uploads\/2024\/09\/Portrait-2017-2-site-768x828.jpg 768w, https:\/\/renaud-reynek.com\/wp-content\/uploads\/2024\/09\/Portrait-2017-2-site-1424x1536.jpg 1424w, https:\/\/renaud-reynek.com\/wp-content\/uploads\/2024\/09\/Portrait-2017-2-site-1899x2048.jpg 1899w, https:\/\/renaud-reynek.com\/wp-content\/uploads\/2024\/09\/Portrait-2017-2-site-600x647.jpg 600w\" sizes=\"(max-width: 800px) 100vw, 800px\" \/>\t\t\t\t\t\t\t\t\t\t\t\t\t\t\t<\/div>\n\t\t\t\t<\/div>\n\t\t\t\t\t<\/div>\n\t\t<\/div>\n\t\t\t\t\t<\/div>\n\t\t<\/section>\n\t\t\t\t<section class=\"elementor-section elementor-inner-section elementor-element elementor-element-cac90f9 elementor-section-boxed elementor-section-height-default elementor-section-height-default\" data-id=\"cac90f9\" data-element_type=\"section\" data-e-type=\"section\">\n\t\t\t\t\t\t<div class=\"elementor-container elementor-column-gap-default\">\n\t\t\t\t\t<div class=\"elementor-column elementor-col-100 elementor-inner-column elementor-element elementor-element-b0289e4\" data-id=\"b0289e4\" data-element_type=\"column\" data-e-type=\"column\">\n\t\t\t<div class=\"elementor-widget-wrap elementor-element-populated\">\n\t\t\t\t\t\t<div class=\"elementor-element elementor-element-440a1ae elementor-icon-list--layout-traditional elementor-list-item-link-full_width elementor-widget elementor-widget-icon-list\" data-id=\"440a1ae\" data-element_type=\"widget\" data-e-type=\"widget\" data-widget_type=\"icon-list.default\">\n\t\t\t\t<div class=\"elementor-widget-container\">\n\t\t\t\t\t\t\t<ul class=\"elementor-icon-list-items\">\n\t\t\t\t\t\t\t<li class=\"elementor-icon-list-item\">\n\t\t\t\t\t\t\t\t\t\t\t<a href=\"https:\/\/auzimour.com\/wp-content\/uploads\/2020\/01\/DRR-statuts-extrait.pdf\" target=\"_blank\">\n\n\t\t\t\t\t\t\t\t\t\t\t<span class=\"elementor-icon-list-text\">V\u00fd\u0148atek ze stanov fondu DRR (nep\u0159elo\u017eeno)<\/span>\n\t\t\t\t\t\t\t\t\t\t\t<\/a>\n\t\t\t\t\t\t\t\t\t<\/li>\n\t\t\t\t\t\t<\/ul>\n\t\t\t\t\t\t<\/div>\n\t\t\t\t<\/div>\n\t\t\t\t\t<\/div>\n\t\t<\/div>\n\t\t\t\t\t<\/div>\n\t\t<\/section>\n\t\t\t\t<section class=\"elementor-section elementor-inner-section elementor-element elementor-element-a183a6a elementor-section-boxed elementor-section-height-default elementor-section-height-default\" data-id=\"a183a6a\" data-element_type=\"section\" data-e-type=\"section\">\n\t\t\t\t\t\t<div class=\"elementor-container elementor-column-gap-default\">\n\t\t\t\t\t<div class=\"elementor-column elementor-col-100 elementor-inner-column elementor-element elementor-element-bfc248b\" data-id=\"bfc248b\" data-element_type=\"column\" data-e-type=\"column\">\n\t\t\t<div class=\"elementor-widget-wrap elementor-element-populated\">\n\t\t\t\t\t\t<div class=\"elementor-element elementor-element-0f09722 elementor-widget elementor-widget-spacer\" data-id=\"0f09722\" data-element_type=\"widget\" data-e-type=\"widget\" data-widget_type=\"spacer.default\">\n\t\t\t\t<div class=\"elementor-widget-container\">\n\t\t\t\t\t\t\t<div class=\"elementor-spacer\">\n\t\t\t<div class=\"elementor-spacer-inner\"><\/div>\n\t\t<\/div>\n\t\t\t\t\t\t<\/div>\n\t\t\t\t<\/div>\n\t\t\t\t\t<\/div>\n\t\t<\/div>\n\t\t\t\t\t<\/div>\n\t\t<\/section>\n\t\t\t\t\t<\/div>\n\t\t<\/div>\n\t\t\t\t\t<\/div>\n\t\t<\/section>\n\t\t\t\t<\/div>\n\t\t","protected":false},"excerpt":{"rendered":"<p>Nadace Renaud Reynek DRR Nada\u010dn\u00ed fond Dotation Renaud Reynek (DRR), pr\u00e1vn\u00ed organizace z\u0159\u00edzen\u00e1 podle z\u00e1kona \u010d. 2008-776 ze 4. srpna 2008, zvan\u00e9ho z\u00e1kon LME, vznikl v Meylanu (Francie) 3. prosince 2014 (\u00da\u0159. v\u011bst. \u010d. 2242). Zakladatel Annick Auzimour (foto). Jde o nev\u00fdd\u011ble\u010dnou pr\u00e1vnickou osobu soukrom\u00e9ho pr\u00e1va. Posl\u00e1n\u00edm t\u00e9to ve\u0159ejn\u011b prosp\u011b\u0161n\u00e9 instituce je kulturn\u00ed mecen\u00e1\u0161stv\u00ed. Fond [&#8230;]<\/p>\n","protected":false},"author":1,"featured_media":0,"parent":0,"menu_order":0,"comment_status":"closed","ping_status":"closed","template":"","meta":{"_acf_changed":false,"footnotes":""},"class_list":["post-4365","page","type-page","status-publish","hentry"],"acf":[],"yoast_head":"<!-- This site is optimized with the Yoast SEO plugin v27.4 - https:\/\/yoast.com\/product\/yoast-seo-wordpress\/ -->\n<title>Les Amis de Suzanne Renaud &amp; Bohuslav Reynek - Nadace Renaud Reynek<\/title>\n<meta name=\"description\" content=\"Site de l&#039;Association Romarin. D\u00e9couvrez les \u0153uvres du graveur tch\u00e8que Bohuslav Reynek et de Suzanne Renaud, po\u00e8te, son \u00e9pouse grenobloise.\" \/>\n<meta name=\"robots\" content=\"index, follow, max-snippet:-1, max-image-preview:large, max-video-preview:-1\" \/>\n<link rel=\"canonical\" href=\"https:\/\/renaud-reynek.com\/cs\/dotation-renaud-reynek\/\" \/>\n<meta property=\"og:locale\" content=\"cs_CZ\" \/>\n<meta property=\"og:type\" content=\"article\" \/>\n<meta property=\"og:title\" content=\"Les Amis de Suzanne Renaud &amp; Bohuslav Reynek - Nadace Renaud Reynek\" \/>\n<meta property=\"og:description\" content=\"Site de l&#039;Association Romarin. D\u00e9couvrez les \u0153uvres du graveur tch\u00e8que Bohuslav Reynek et de Suzanne Renaud, po\u00e8te, son \u00e9pouse grenobloise.\" \/>\n<meta property=\"og:url\" content=\"https:\/\/renaud-reynek.com\/cs\/dotation-renaud-reynek\/\" \/>\n<meta property=\"og:site_name\" content=\"Association Romarin\" \/>\n<meta property=\"article:modified_time\" content=\"2024-09-17T12:04:36+00:00\" \/>\n<meta property=\"og:image\" content=\"https:\/\/renaud-reynek.com\/wp-content\/uploads\/2024\/09\/Portrait-2017-2-site-949x1024.jpg\" \/>\n<meta name=\"twitter:card\" content=\"summary_large_image\" \/>\n<meta name=\"twitter:label1\" content=\"Odhadovan\u00e1 doba \u010dten\u00ed\" \/>\n\t<meta name=\"twitter:data1\" content=\"1 minuta\" \/>\n<script type=\"application\/ld+json\" class=\"yoast-schema-graph\">{\"@context\":\"https:\\\/\\\/schema.org\",\"@graph\":[{\"@type\":\"WebPage\",\"@id\":\"https:\\\/\\\/renaud-reynek.com\\\/cs\\\/dotation-renaud-reynek\\\/\",\"url\":\"https:\\\/\\\/renaud-reynek.com\\\/cs\\\/dotation-renaud-reynek\\\/\",\"name\":\"Les Amis de Suzanne Renaud & Bohuslav Reynek - Nadace Renaud Reynek\",\"isPartOf\":{\"@id\":\"https:\\\/\\\/renaud-reynek.com\\\/cs\\\/#website\"},\"primaryImageOfPage\":{\"@id\":\"https:\\\/\\\/renaud-reynek.com\\\/cs\\\/dotation-renaud-reynek\\\/#primaryimage\"},\"image\":{\"@id\":\"https:\\\/\\\/renaud-reynek.com\\\/cs\\\/dotation-renaud-reynek\\\/#primaryimage\"},\"thumbnailUrl\":\"https:\\\/\\\/renaud-reynek.com\\\/wp-content\\\/uploads\\\/2024\\\/09\\\/Portrait-2017-2-site-949x1024.jpg\",\"datePublished\":\"2020-01-07T21:06:13+00:00\",\"dateModified\":\"2024-09-17T12:04:36+00:00\",\"description\":\"Site de l'Association Romarin. D\u00e9couvrez les \u0153uvres du graveur tch\u00e8que Bohuslav Reynek et de Suzanne Renaud, po\u00e8te, son \u00e9pouse grenobloise.\",\"breadcrumb\":{\"@id\":\"https:\\\/\\\/renaud-reynek.com\\\/cs\\\/dotation-renaud-reynek\\\/#breadcrumb\"},\"inLanguage\":\"cs\",\"potentialAction\":[{\"@type\":\"ReadAction\",\"target\":[\"https:\\\/\\\/renaud-reynek.com\\\/cs\\\/dotation-renaud-reynek\\\/\"]}]},{\"@type\":\"ImageObject\",\"inLanguage\":\"cs\",\"@id\":\"https:\\\/\\\/renaud-reynek.com\\\/cs\\\/dotation-renaud-reynek\\\/#primaryimage\",\"url\":\"https:\\\/\\\/renaud-reynek.com\\\/wp-content\\\/uploads\\\/2024\\\/09\\\/Portrait-2017-2-site-949x1024.jpg\",\"contentUrl\":\"https:\\\/\\\/renaud-reynek.com\\\/wp-content\\\/uploads\\\/2024\\\/09\\\/Portrait-2017-2-site-949x1024.jpg\"},{\"@type\":\"BreadcrumbList\",\"@id\":\"https:\\\/\\\/renaud-reynek.com\\\/cs\\\/dotation-renaud-reynek\\\/#breadcrumb\",\"itemListElement\":[{\"@type\":\"ListItem\",\"position\":1,\"name\":\"Accueil\",\"item\":\"https:\\\/\\\/renaud-reynek.com\\\/cs\\\/\"},{\"@type\":\"ListItem\",\"position\":2,\"name\":\"Nadace Renaud Reynek\"}]},{\"@type\":\"WebSite\",\"@id\":\"https:\\\/\\\/renaud-reynek.com\\\/cs\\\/#website\",\"url\":\"https:\\\/\\\/renaud-reynek.com\\\/cs\\\/\",\"name\":\"Association Romarin\",\"description\":\"Les Amis de Suzanne Renaud et Bohuslav Reynek\",\"potentialAction\":[{\"@type\":\"SearchAction\",\"target\":{\"@type\":\"EntryPoint\",\"urlTemplate\":\"https:\\\/\\\/renaud-reynek.com\\\/cs\\\/?s={search_term_string}\"},\"query-input\":{\"@type\":\"PropertyValueSpecification\",\"valueRequired\":true,\"valueName\":\"search_term_string\"}}],\"inLanguage\":\"cs\"}]}<\/script>\n<!-- \/ Yoast SEO plugin. -->","yoast_head_json":{"title":"Les Amis de Suzanne Renaud & Bohuslav Reynek - Nadace Renaud Reynek","description":"Site de l'Association Romarin. D\u00e9couvrez les \u0153uvres du graveur tch\u00e8que Bohuslav Reynek et de Suzanne Renaud, po\u00e8te, son \u00e9pouse grenobloise.","robots":{"index":"index","follow":"follow","max-snippet":"max-snippet:-1","max-image-preview":"max-image-preview:large","max-video-preview":"max-video-preview:-1"},"canonical":"https:\/\/renaud-reynek.com\/cs\/dotation-renaud-reynek\/","og_locale":"cs_CZ","og_type":"article","og_title":"Les Amis de Suzanne Renaud & Bohuslav Reynek - Nadace Renaud Reynek","og_description":"Site de l'Association Romarin. D\u00e9couvrez les \u0153uvres du graveur tch\u00e8que Bohuslav Reynek et de Suzanne Renaud, po\u00e8te, son \u00e9pouse grenobloise.","og_url":"https:\/\/renaud-reynek.com\/cs\/dotation-renaud-reynek\/","og_site_name":"Association Romarin","article_modified_time":"2024-09-17T12:04:36+00:00","og_image":[{"url":"https:\/\/renaud-reynek.com\/wp-content\/uploads\/2024\/09\/Portrait-2017-2-site-949x1024.jpg","type":"","width":"","height":""}],"twitter_card":"summary_large_image","twitter_misc":{"Odhadovan\u00e1 doba \u010dten\u00ed":"1 minuta"},"schema":{"@context":"https:\/\/schema.org","@graph":[{"@type":"WebPage","@id":"https:\/\/renaud-reynek.com\/cs\/dotation-renaud-reynek\/","url":"https:\/\/renaud-reynek.com\/cs\/dotation-renaud-reynek\/","name":"Les Amis de Suzanne Renaud & Bohuslav Reynek - Nadace Renaud Reynek","isPartOf":{"@id":"https:\/\/renaud-reynek.com\/cs\/#website"},"primaryImageOfPage":{"@id":"https:\/\/renaud-reynek.com\/cs\/dotation-renaud-reynek\/#primaryimage"},"image":{"@id":"https:\/\/renaud-reynek.com\/cs\/dotation-renaud-reynek\/#primaryimage"},"thumbnailUrl":"https:\/\/renaud-reynek.com\/wp-content\/uploads\/2024\/09\/Portrait-2017-2-site-949x1024.jpg","datePublished":"2020-01-07T21:06:13+00:00","dateModified":"2024-09-17T12:04:36+00:00","description":"Site de l'Association Romarin. D\u00e9couvrez les \u0153uvres du graveur tch\u00e8que Bohuslav Reynek et de Suzanne Renaud, po\u00e8te, son \u00e9pouse grenobloise.","breadcrumb":{"@id":"https:\/\/renaud-reynek.com\/cs\/dotation-renaud-reynek\/#breadcrumb"},"inLanguage":"cs","potentialAction":[{"@type":"ReadAction","target":["https:\/\/renaud-reynek.com\/cs\/dotation-renaud-reynek\/"]}]},{"@type":"ImageObject","inLanguage":"cs","@id":"https:\/\/renaud-reynek.com\/cs\/dotation-renaud-reynek\/#primaryimage","url":"https:\/\/renaud-reynek.com\/wp-content\/uploads\/2024\/09\/Portrait-2017-2-site-949x1024.jpg","contentUrl":"https:\/\/renaud-reynek.com\/wp-content\/uploads\/2024\/09\/Portrait-2017-2-site-949x1024.jpg"},{"@type":"BreadcrumbList","@id":"https:\/\/renaud-reynek.com\/cs\/dotation-renaud-reynek\/#breadcrumb","itemListElement":[{"@type":"ListItem","position":1,"name":"Accueil","item":"https:\/\/renaud-reynek.com\/cs\/"},{"@type":"ListItem","position":2,"name":"Nadace Renaud Reynek"}]},{"@type":"WebSite","@id":"https:\/\/renaud-reynek.com\/cs\/#website","url":"https:\/\/renaud-reynek.com\/cs\/","name":"Association Romarin","description":"Les Amis de Suzanne Renaud et Bohuslav Reynek","potentialAction":[{"@type":"SearchAction","target":{"@type":"EntryPoint","urlTemplate":"https:\/\/renaud-reynek.com\/cs\/?s={search_term_string}"},"query-input":{"@type":"PropertyValueSpecification","valueRequired":true,"valueName":"search_term_string"}}],"inLanguage":"cs"}]}},"_links":{"self":[{"href":"https:\/\/renaud-reynek.com\/cs\/wp-json\/wp\/v2\/pages\/4365","targetHints":{"allow":["GET"]}}],"collection":[{"href":"https:\/\/renaud-reynek.com\/cs\/wp-json\/wp\/v2\/pages"}],"about":[{"href":"https:\/\/renaud-reynek.com\/cs\/wp-json\/wp\/v2\/types\/page"}],"author":[{"embeddable":true,"href":"https:\/\/renaud-reynek.com\/cs\/wp-json\/wp\/v2\/users\/1"}],"replies":[{"embeddable":true,"href":"https:\/\/renaud-reynek.com\/cs\/wp-json\/wp\/v2\/comments?post=4365"}],"version-history":[{"count":5,"href":"https:\/\/renaud-reynek.com\/cs\/wp-json\/wp\/v2\/pages\/4365\/revisions"}],"predecessor-version":[{"id":10400,"href":"https:\/\/renaud-reynek.com\/cs\/wp-json\/wp\/v2\/pages\/4365\/revisions\/10400"}],"wp:attachment":[{"href":"https:\/\/renaud-reynek.com\/cs\/wp-json\/wp\/v2\/media?parent=4365"}],"curies":[{"name":"wp","href":"https:\/\/api.w.org\/{rel}","templated":true}]}}