{"id":4361,"date":"2020-01-07T12:26:39","date_gmt":"2020-01-07T11:26:39","guid":{"rendered":"https:\/\/renaud-reynek.com\/romarin\/"},"modified":"2024-03-18T20:04:59","modified_gmt":"2024-03-18T19:04:59","slug":"romarin","status":"publish","type":"page","link":"https:\/\/renaud-reynek.com\/cs\/romarin\/","title":{"rendered":"Romarin"},"content":{"rendered":"\t\t<div data-elementor-type=\"wp-page\" data-elementor-id=\"4361\" class=\"elementor elementor-4361 elementor-597\" data-elementor-post-type=\"page\">\n\t\t\t\t\t\t<section class=\"elementor-section elementor-top-section elementor-element elementor-element-81fe89a elementor-section-height-min-height elementor-section-boxed elementor-section-height-default elementor-section-items-middle\" data-id=\"81fe89a\" data-element_type=\"section\" data-e-type=\"section\" data-settings=\"{&quot;background_background&quot;:&quot;classic&quot;}\">\n\t\t\t\t\t\t<div class=\"elementor-container elementor-column-gap-default\">\n\t\t\t\t\t<div class=\"elementor-column elementor-col-100 elementor-top-column elementor-element elementor-element-d2f7328\" data-id=\"d2f7328\" data-element_type=\"column\" data-e-type=\"column\">\n\t\t\t<div class=\"elementor-widget-wrap elementor-element-populated\">\n\t\t\t\t\t\t<div class=\"elementor-element elementor-element-5f00180 elementor-align-left elementor-widget elementor-widget-breadcrumbs\" data-id=\"5f00180\" data-element_type=\"widget\" data-e-type=\"widget\" data-widget_type=\"breadcrumbs.default\">\n\t\t\t\t<div class=\"elementor-widget-container\">\n\t\t\t\t\t<p id=\"breadcrumbs\">\tVous \u00eates ici :\n<span><span><a href=\"https:\/\/renaud-reynek.com\/cs\/\">Accueil<\/a><\/span><\/span><\/p>\t\t\t\t<\/div>\n\t\t\t\t<\/div>\n\t\t\t\t<div class=\"elementor-element elementor-element-16fd92a elementor-widget elementor-widget-heading\" data-id=\"16fd92a\" data-element_type=\"widget\" data-e-type=\"widget\" data-widget_type=\"heading.default\">\n\t\t\t\t<div class=\"elementor-widget-container\">\n\t\t\t\t\t<h2 class=\"elementor-heading-title elementor-size-default\">Romarin<\/h2>\t\t\t\t<\/div>\n\t\t\t\t<\/div>\n\t\t\t\t<div class=\"elementor-element elementor-element-3ea4f6d elementor-widget elementor-widget-heading\" data-id=\"3ea4f6d\" data-element_type=\"widget\" data-e-type=\"widget\" data-widget_type=\"heading.default\">\n\t\t\t\t<div class=\"elementor-widget-container\">\n\t\t\t\t\t<h3 class=\"elementor-heading-title elementor-size-default\">P\u0159\u00e1tel\u00e9 Suzanne Renaudov\u00e9 a Bohuslava Reynka<\/h3>\t\t\t\t<\/div>\n\t\t\t\t<\/div>\n\t\t\t\t\t<\/div>\n\t\t<\/div>\n\t\t\t\t\t<\/div>\n\t\t<\/section>\n\t\t\t\t<section class=\"elementor-section elementor-top-section elementor-element elementor-element-115e6ca elementor-section-boxed elementor-section-height-default elementor-section-height-default\" data-id=\"115e6ca\" data-element_type=\"section\" data-e-type=\"section\">\n\t\t\t\t\t\t<div class=\"elementor-container elementor-column-gap-default\">\n\t\t\t\t\t<div class=\"elementor-column elementor-col-50 elementor-top-column elementor-element elementor-element-ca13fb7\" data-id=\"ca13fb7\" data-element_type=\"column\" data-e-type=\"column\" id=\"sticky\">\n\t\t\t<div class=\"elementor-widget-wrap elementor-element-populated\">\n\t\t\t\t\t\t<div class=\"elementor-element elementor-element-3bd0c07 elementor-widget elementor-widget-global elementor-global-1129 elementor-widget-wp-widget-nav_menu\" data-id=\"3bd0c07\" data-element_type=\"widget\" data-e-type=\"widget\" data-widget_type=\"wp-widget-nav_menu.default\">\n\t\t\t\t<div class=\"elementor-widget-container\">\n\t\t\t\t\t<nav class=\"menu-menu-sidebar-tcheque-container\" aria-label=\"Menu\"><ul id=\"menu-menu-sidebar-tcheque\" class=\"menu\"><li id=\"menu-item-4418\" class=\"menu-item menu-item-type-post_type menu-item-object-page menu-item-has-children menu-item-4418\"><a href=\"https:\/\/renaud-reynek.com\/cs\/suzanne-renaud\/\"><span style=\"text-decoration: underline; color: #191970\">Suzanne RENAUD<\/span><\/a>\n<ul class=\"sub-menu\">\n\t<li id=\"menu-item-8837\" class=\"menu-item menu-item-type-post_type menu-item-object-page menu-item-8837\"><a href=\"https:\/\/renaud-reynek.com\/cs\/suzanne-renaud\/suzanne-renaud-zivotni-udaje\/\">Bibliografick\u00e9 \u00fadaje<\/a><\/li>\n\t<li id=\"menu-item-5446\" class=\"menu-item menu-item-type-post_type menu-item-object-page menu-item-5446\"><a href=\"https:\/\/renaud-reynek.com\/cs\/suzanne-renaud\/suzanne-renaud-literarni-dilo\/\">Liter\u00e1rn\u00ed d\u00edlo<\/a><\/li>\n\t<li id=\"menu-item-5551\" class=\"menu-item menu-item-type-post_type menu-item-object-page menu-item-5551\"><a href=\"https:\/\/renaud-reynek.com\/cs\/suzanne-renaud\/suzanne-renaud-basne\/\">B\u00e1sn\u011b<\/a><\/li>\n<\/ul>\n<\/li>\n<li id=\"menu-item-4419\" class=\"sidebar-titre menu-item menu-item-type-post_type menu-item-object-page menu-item-has-children menu-item-4419\"><a href=\"https:\/\/renaud-reynek.com\/cs\/bohuslav-reynek\/\"><span style=\"text-decoration: underline; color: #191970\">Bohuslav REYNEK<\/span><\/a>\n<ul class=\"sub-menu\">\n\t<li id=\"menu-item-5646\" class=\"menu-item menu-item-type-post_type menu-item-object-page menu-item-5646\"><a href=\"https:\/\/renaud-reynek.com\/cs\/bohuslav-reynek\/zivotni-udaje\/\">Bibliografick\u00e9 \u00fadaje<\/a><\/li>\n\t<li id=\"menu-item-5632\" class=\"menu-item menu-item-type-post_type menu-item-object-page menu-item-5632\"><a href=\"https:\/\/renaud-reynek.com\/cs\/bohuslav-reynek\/bohuslav-reynek-literarni-dilo\/\">Liter\u00e1rn\u00ed d\u00edlo<\/a><\/li>\n\t<li id=\"menu-item-5644\" class=\"menu-item menu-item-type-post_type menu-item-object-page menu-item-5644\"><a href=\"https:\/\/renaud-reynek.com\/cs\/bohuslav-reynek\/bohuslav-reynek-basne\/\">B\u00e1sn\u011b<\/a><\/li>\n\t<li id=\"menu-item-4420\" class=\"menu-item menu-item-type-post_type menu-item-object-page menu-item-4420\"><a href=\"https:\/\/renaud-reynek.com\/cs\/bohuslav-reynek\/bohuslav-reynek-graficke-dilo\/\">Grafick\u00e9 d\u00edlo<\/a><\/li>\n\t<li id=\"menu-item-4421\" class=\"menu-item menu-item-type-post_type menu-item-object-page menu-item-4421\"><a href=\"https:\/\/renaud-reynek.com\/cs\/bohuslav-reynek\/bohuslav-reynek-katalog-raisonne\/\">Katalog raisonn\u00e9<\/a><\/li>\n<\/ul>\n<\/li>\n<li id=\"menu-item-6144\" class=\"menu-item menu-item-type-post_type menu-item-object-page menu-item-6144\"><a href=\"https:\/\/renaud-reynek.com\/cs\/katalog-nakladatelstvi\/\"><span style=\"text-decoration: underline; color: #191970\">Katalog nakladatelstv\u00ed<\/span><\/a><\/li>\n<li id=\"menu-item-4426\" class=\"sidebar-titre menu-item menu-item-type-post_type menu-item-object-page menu-item-has-children menu-item-4426\"><a href=\"https:\/\/renaud-reynek.com\/cs\/aktuality\/\"><span style=\"text-decoration: underline; color: #191970\">Aktuality<\/span><\/a>\n<ul class=\"sub-menu\">\n\t<li id=\"menu-item-7711\" class=\"menu-item menu-item-type-post_type menu-item-object-page menu-item-7711\"><a href=\"https:\/\/renaud-reynek.com\/cs\/aktuality\/pripravujeme\/\">P\u0159ipravujeme<\/a><\/li>\n\t<li id=\"menu-item-7710\" class=\"menu-item menu-item-type-post_type menu-item-object-page menu-item-7710\"><a href=\"https:\/\/renaud-reynek.com\/cs\/aktuality\/aktuality\/\">Zpr\u00e1vy<\/a><\/li>\n<\/ul>\n<\/li>\n<li id=\"menu-item-4422\" class=\"sidebar-titre menu-item menu-item-type-post_type menu-item-object-page menu-item-has-children menu-item-4422\"><a href=\"https:\/\/renaud-reynek.com\/cs\/romarin\/\"><span style=\"text-decoration: underline; color: #191970\">Romarin<\/span><\/a>\n<ul class=\"sub-menu\">\n\t<li id=\"menu-item-4423\" class=\"menu-item menu-item-type-post_type menu-item-object-page menu-item-4423\"><a href=\"https:\/\/renaud-reynek.com\/cs\/romarin\/publikace-on-line\/\">Publikace on-line<\/a><\/li>\n\t<li id=\"menu-item-5660\" class=\"menu-item menu-item-type-post_type menu-item-object-page menu-item-5660\"><a href=\"https:\/\/renaud-reynek.com\/cs\/romarin\/archiv\/\">Archiv<\/a><\/li>\n\t<li id=\"menu-item-4424\" class=\"bulletin-adhesion menu-item menu-item-type-custom menu-item-object-custom menu-item-4424\"><a>St\u00e1t se \u010dlenem<\/a><\/li>\n<\/ul>\n<\/li>\n<li id=\"menu-item-4425\" class=\"sidebar-titre menu-item menu-item-type-post_type menu-item-object-page menu-item-has-children menu-item-4425\"><a href=\"https:\/\/renaud-reynek.com\/cs\/dotation-renaud-reynek\/\"><span style=\"text-decoration: underline; color: #191970\">Nadace Renaud Reynek<\/span><\/a>\n<ul class=\"sub-menu\">\n\t<li id=\"menu-item-5663\" class=\"menu-item menu-item-type-post_type menu-item-object-page menu-item-5663\"><a href=\"https:\/\/renaud-reynek.com\/cs\/dotation-renaud-reynek\/nadace-renaud-reynek-vystavy-drr-2013\/\">V\u00fdstavy DRR<\/a><\/li>\n\t<li id=\"menu-item-5661\" class=\"menu-item menu-item-type-post_type menu-item-object-page menu-item-5661\"><a href=\"https:\/\/renaud-reynek.com\/cs\/dotation-renaud-reynek\/nadace-renaud-reynek-fototeka-drr\/\">Fotot\u00e9ka DRR<\/a><\/li>\n\t<li id=\"menu-item-5662\" class=\"menu-item menu-item-type-post_type menu-item-object-page menu-item-5662\"><a href=\"https:\/\/renaud-reynek.com\/cs\/dotation-renaud-reynek\/nadace-renaud-reynek\/\">Knihovna DRR<\/a><\/li>\n<\/ul>\n<\/li>\n<li id=\"menu-item-4427\" class=\"sidebar-titre menu-item menu-item-type-post_type menu-item-object-page menu-item-4427\"><a href=\"https:\/\/renaud-reynek.com\/cs\/kontakt\/\"><span style=\"text-decoration: underline; color: #191970\">Kontakt<\/span><\/a><\/li>\n<li id=\"menu-item-4428\" class=\"sidebar-titre menu-item menu-item-type-custom menu-item-object-custom menu-item-4428\"><a><a style=\"text-decoration: underline; color: #191970;\" href=\"http:\/\/catalogue-bohuslavreynek.com\/fmi\/iwp\/cgi?dbpath=%2Ffmi%2Fiwp%2Fcgi%3F-db%3DCatalogue_Reynek%26-startsession&#038;acct=account&#038;name=Web&#038;password=Web&#038;login=Login&#038;-authdb\" target=\"_blank\" rel=\"noopener noreferrer\">Catalogue raisonn\u00e9 Reynek (P\u0159\u00edm\u00fd p\u0159\u00edstup)<\/a><\/a><\/li>\n<\/ul><\/nav>\t\t\t\t<\/div>\n\t\t\t\t<\/div>\n\t\t\t\t\t<\/div>\n\t\t<\/div>\n\t\t\t\t<div class=\"elementor-column elementor-col-50 elementor-top-column elementor-element elementor-element-9ed03c8\" data-id=\"9ed03c8\" data-element_type=\"column\" data-e-type=\"column\">\n\t\t\t<div class=\"elementor-widget-wrap elementor-element-populated\">\n\t\t\t\t\t\t<section class=\"elementor-section elementor-inner-section elementor-element elementor-element-b0ab09d elementor-section-boxed elementor-section-height-default elementor-section-height-default\" data-id=\"b0ab09d\" data-element_type=\"section\" data-e-type=\"section\">\n\t\t\t\t\t\t<div class=\"elementor-container elementor-column-gap-default\">\n\t\t\t\t\t<div class=\"elementor-column elementor-col-50 elementor-inner-column elementor-element elementor-element-b8fffb5\" data-id=\"b8fffb5\" data-element_type=\"column\" data-e-type=\"column\">\n\t\t\t<div class=\"elementor-widget-wrap elementor-element-populated\">\n\t\t\t\t\t\t<div class=\"elementor-element elementor-element-e363f8c elementor-widget elementor-widget-text-editor\" data-id=\"e363f8c\" data-element_type=\"widget\" data-e-type=\"widget\" data-widget_type=\"text-editor.default\">\n\t\t\t\t<div class=\"elementor-widget-container\">\n\t\t\t\t\t\t\t\t\t<p>Neziskov\u00e1 spole\u010dnost zalo\u017een\u00e1 v Grenoblu v prosinci 1993 m\u00e1 za c\u00edl uchov\u00e1vat a objevovat grafick\u00e9 a b\u00e1snick\u00e9 d\u00edlo \u010desk\u00e9ho grafika Bohuslava Reynka a b\u00e1snick\u00e9 d\u00edlo jeho grenobelsk\u00e9 man\u017eelky Suzanne Renaudov\u00e9.<\/p>\n<p>Jej\u00edmi \u010dleny jsou sb\u011bratel\u00e9 a badatel\u00e9. Spole\u010dnost umo\u017e\u0148uje v\u00fdm\u011bnu informac\u00ed a b\u00e1d\u00e1n\u00ed v\u0161em osob\u00e1m, kter\u00e9 se zab\u00fdvaj\u00ed d\u00edlem obou t\u011bchto um\u011blc\u016f.<\/p>\n<p>Hlavn\u00edm posl\u00e1n\u00edm Romarinu je \u010dinnost vydavatelsk\u00e1. K z\u00e1sadn\u00edm po\u010din\u016fm spole\u010dnosti pat\u0159\u00ed:<br \/>\n\u2022 dvousvazkov\u00e9 kritick\u00e9 vyd\u00e1n\u00ed souborn\u00e9ho b\u00e1snick\u00e9ho d\u00edla Suzanne Renaudov\u00e9;<br \/>\n\u2022 on-line zve\u0159ejn\u011bn\u00ed Katalogu raisonn\u00e9 v\u00fdtvarn\u00e9ho d\u00edla Bohuslava Reynka.<\/p>\n<p>Tuto edi\u010dn\u00ed \u010dinnost dopl\u0148uje Romarin \u0159adou r\u016fzn\u00fdch aktivit: organizov\u00e1n\u00edm v\u00fdstav, p\u0159edn\u00e1\u0161ek, liter\u00e1rn\u00edch ve\u010der\u016f, a to za podpory nejr\u016fzn\u011bj\u0161\u00edch instituc\u00ed.<\/p>\n\t\t\t\t\t\t\t\t<\/div>\n\t\t\t\t<\/div>\n\t\t\t\t\t<\/div>\n\t\t<\/div>\n\t\t\t\t<div class=\"elementor-column elementor-col-50 elementor-inner-column elementor-element elementor-element-94366f3\" data-id=\"94366f3\" data-element_type=\"column\" data-e-type=\"column\">\n\t\t\t<div class=\"elementor-widget-wrap elementor-element-populated\">\n\t\t\t\t\t\t<div class=\"elementor-element elementor-element-36af88b elementor-widget elementor-widget-image\" data-id=\"36af88b\" data-element_type=\"widget\" data-e-type=\"widget\" data-widget_type=\"image.default\">\n\t\t\t\t<div class=\"elementor-widget-container\">\n\t\t\t\t\t\t\t\t\t\t\t\t\t\t\t<img fetchpriority=\"high\" decoding=\"async\" width=\"300\" height=\"298\" src=\"https:\/\/renaud-reynek.com\/wp-content\/uploads\/2020\/01\/image-asso-romarin.jpg\" class=\"attachment-large size-large wp-image-602\" alt=\"\" srcset=\"https:\/\/renaud-reynek.com\/wp-content\/uploads\/2020\/01\/image-asso-romarin.jpg 300w, https:\/\/renaud-reynek.com\/wp-content\/uploads\/2020\/01\/image-asso-romarin-100x100.jpg 100w, https:\/\/renaud-reynek.com\/wp-content\/uploads\/2020\/01\/image-asso-romarin-150x150.jpg 150w\" sizes=\"(max-width: 300px) 100vw, 300px\" \/>\t\t\t\t\t\t\t\t\t\t\t\t\t\t\t<\/div>\n\t\t\t\t<\/div>\n\t\t\t\t<div class=\"elementor-element elementor-element-12de778 elementor-widget elementor-widget-heading\" data-id=\"12de778\" data-element_type=\"widget\" data-e-type=\"widget\" data-widget_type=\"heading.default\">\n\t\t\t\t<div class=\"elementor-widget-container\">\n\t\t\t\t\t<h4 class=\"elementor-heading-title elementor-size-default\">Petrkov je \u00fato\u010di\u0161t\u011bm <br>v\u011bc\u00ed duchovn\u00edch<\/h4>\t\t\t\t<\/div>\n\t\t\t\t<\/div>\n\t\t\t\t\t<\/div>\n\t\t<\/div>\n\t\t\t\t\t<\/div>\n\t\t<\/section>\n\t\t\t\t<section class=\"elementor-section elementor-inner-section elementor-element elementor-element-174ca2b elementor-section-boxed elementor-section-height-default elementor-section-height-default\" data-id=\"174ca2b\" data-element_type=\"section\" data-e-type=\"section\">\n\t\t\t\t\t\t<div class=\"elementor-container elementor-column-gap-default\">\n\t\t\t\t\t<div class=\"elementor-column elementor-col-100 elementor-inner-column elementor-element elementor-element-74e513e\" data-id=\"74e513e\" data-element_type=\"column\" data-e-type=\"column\">\n\t\t\t<div class=\"elementor-widget-wrap elementor-element-populated\">\n\t\t\t\t\t\t<div class=\"elementor-element elementor-element-8e57cbd elementor-widget elementor-widget-text-editor\" data-id=\"8e57cbd\" data-element_type=\"widget\" data-e-type=\"widget\" data-widget_type=\"text-editor.default\">\n\t\t\t\t<div class=\"elementor-widget-container\">\n\t\t\t\t\t\t\t\t\t<a href=\"https:\/\/renaud-reynek.com\/wp-content\/uploads\/2024\/03\/Expositions-en-France-2023-cs.pdf\" target=\"_blank\" rel=\"noopener\">V\u00fdstavy ve Francii<\/a>\r\n<br> \r\n<a href=\"https:\/\/renaud-reynek.com\/wp-content\/uploads\/2024\/03\/Publications-en-France-2023-cs.pdf\" target=\"_blank\" rel=\"noopener\">Publikace ve Francii<\/a>\r\n<br> \r\n<a href=\" https:\/\/renaud-reynek.com\/wp-content\/uploads\/2024\/03\/Animations-en-France-cs.pdf\" target=\"_blank\" rel=\"noopener\">Animace ve Francii<\/a>\r\n<br> \r\n<a href=\"https:\/\/auzimour.com\/wp-content\/uploads\/2020\/09\/STATUTS_2020.pdf\" target=\"_blank\" rel=\"noopener\">Nahl\u00e9dnout do stanov sdru\u017een\u00ed<\/a> <em>(nep\u0159elo\u017eeno)<\/em>\t\t\t\t\t\t\t\t<\/div>\n\t\t\t\t<\/div>\n\t\t\t\t\t<\/div>\n\t\t<\/div>\n\t\t\t\t\t<\/div>\n\t\t<\/section>\n\t\t\t\t<section class=\"elementor-section elementor-inner-section elementor-element elementor-element-ca06716 elementor-section-boxed elementor-section-height-default elementor-section-height-default\" data-id=\"ca06716\" data-element_type=\"section\" data-e-type=\"section\">\n\t\t\t\t\t\t<div class=\"elementor-container elementor-column-gap-default\">\n\t\t\t\t\t<div class=\"elementor-column elementor-col-100 elementor-inner-column elementor-element elementor-element-3527d81\" data-id=\"3527d81\" data-element_type=\"column\" data-e-type=\"column\">\n\t\t\t<div class=\"elementor-widget-wrap elementor-element-populated\">\n\t\t\t\t\t\t<div class=\"elementor-element elementor-element-87d9c2f elementor-widget elementor-widget-spacer\" data-id=\"87d9c2f\" data-element_type=\"widget\" data-e-type=\"widget\" data-widget_type=\"spacer.default\">\n\t\t\t\t<div class=\"elementor-widget-container\">\n\t\t\t\t\t\t\t<div class=\"elementor-spacer\">\n\t\t\t<div class=\"elementor-spacer-inner\"><\/div>\n\t\t<\/div>\n\t\t\t\t\t\t<\/div>\n\t\t\t\t<\/div>\n\t\t\t\t\t<\/div>\n\t\t<\/div>\n\t\t\t\t\t<\/div>\n\t\t<\/section>\n\t\t\t\t\t<\/div>\n\t\t<\/div>\n\t\t\t\t\t<\/div>\n\t\t<\/section>\n\t\t\t\t<\/div>\n\t\t","protected":false},"excerpt":{"rendered":"<p>Romarin P\u0159\u00e1tel\u00e9 Suzanne Renaudov\u00e9 a Bohuslava Reynka Neziskov\u00e1 spole\u010dnost zalo\u017een\u00e1 v Grenoblu v prosinci 1993 m\u00e1 za c\u00edl uchov\u00e1vat a objevovat grafick\u00e9 a b\u00e1snick\u00e9 d\u00edlo \u010desk\u00e9ho grafika Bohuslava Reynka a b\u00e1snick\u00e9 d\u00edlo jeho grenobelsk\u00e9 man\u017eelky Suzanne Renaudov\u00e9. Jej\u00edmi \u010dleny jsou sb\u011bratel\u00e9 a badatel\u00e9. Spole\u010dnost umo\u017e\u0148uje v\u00fdm\u011bnu informac\u00ed a b\u00e1d\u00e1n\u00ed v\u0161em osob\u00e1m, kter\u00e9 se zab\u00fdvaj\u00ed d\u00edlem [&#8230;]<\/p>\n","protected":false},"author":1,"featured_media":0,"parent":0,"menu_order":0,"comment_status":"closed","ping_status":"closed","template":"","meta":{"_acf_changed":false,"footnotes":""},"class_list":["post-4361","page","type-page","status-publish","hentry"],"acf":[],"yoast_head":"<!-- This site is optimized with the Yoast SEO plugin v27.4 - https:\/\/yoast.com\/product\/yoast-seo-wordpress\/ -->\n<title>Les Amis de Suzanne Renaud &amp; Bohuslav Reynek - Romarin<\/title>\n<meta name=\"description\" content=\"Site de l&#039;Association Romarin. D\u00e9couvrez les \u0153uvres du graveur tch\u00e8que Bohuslav Reynek et de Suzanne Renaud, po\u00e8te, son \u00e9pouse grenobloise.\" \/>\n<meta name=\"robots\" content=\"index, follow, max-snippet:-1, max-image-preview:large, max-video-preview:-1\" \/>\n<link rel=\"canonical\" href=\"https:\/\/renaud-reynek.com\/cs\/romarin\/\" \/>\n<meta property=\"og:locale\" content=\"cs_CZ\" \/>\n<meta property=\"og:type\" content=\"article\" \/>\n<meta property=\"og:title\" content=\"Les Amis de Suzanne Renaud &amp; Bohuslav Reynek - Romarin\" \/>\n<meta property=\"og:description\" content=\"Site de l&#039;Association Romarin. D\u00e9couvrez les \u0153uvres du graveur tch\u00e8que Bohuslav Reynek et de Suzanne Renaud, po\u00e8te, son \u00e9pouse grenobloise.\" \/>\n<meta property=\"og:url\" content=\"https:\/\/renaud-reynek.com\/cs\/romarin\/\" \/>\n<meta property=\"og:site_name\" content=\"Association Romarin\" \/>\n<meta property=\"article:modified_time\" content=\"2024-03-18T19:04:59+00:00\" \/>\n<meta property=\"og:image\" content=\"https:\/\/renaud-reynek.com\/wp-content\/uploads\/2020\/01\/image-asso-romarin.jpg\" \/>\n<meta name=\"twitter:card\" content=\"summary_large_image\" \/>\n<meta name=\"twitter:label1\" content=\"Odhadovan\u00e1 doba \u010dten\u00ed\" \/>\n\t<meta name=\"twitter:data1\" content=\"1 minuta\" \/>\n<script type=\"application\/ld+json\" class=\"yoast-schema-graph\">{\"@context\":\"https:\\\/\\\/schema.org\",\"@graph\":[{\"@type\":\"WebPage\",\"@id\":\"https:\\\/\\\/renaud-reynek.com\\\/cs\\\/romarin\\\/\",\"url\":\"https:\\\/\\\/renaud-reynek.com\\\/cs\\\/romarin\\\/\",\"name\":\"Les Amis de Suzanne Renaud & Bohuslav Reynek - Romarin\",\"isPartOf\":{\"@id\":\"https:\\\/\\\/renaud-reynek.com\\\/cs\\\/#website\"},\"primaryImageOfPage\":{\"@id\":\"https:\\\/\\\/renaud-reynek.com\\\/cs\\\/romarin\\\/#primaryimage\"},\"image\":{\"@id\":\"https:\\\/\\\/renaud-reynek.com\\\/cs\\\/romarin\\\/#primaryimage\"},\"thumbnailUrl\":\"https:\\\/\\\/renaud-reynek.com\\\/wp-content\\\/uploads\\\/2020\\\/01\\\/image-asso-romarin.jpg\",\"datePublished\":\"2020-01-07T11:26:39+00:00\",\"dateModified\":\"2024-03-18T19:04:59+00:00\",\"description\":\"Site de l'Association Romarin. D\u00e9couvrez les \u0153uvres du graveur tch\u00e8que Bohuslav Reynek et de Suzanne Renaud, po\u00e8te, son \u00e9pouse grenobloise.\",\"breadcrumb\":{\"@id\":\"https:\\\/\\\/renaud-reynek.com\\\/cs\\\/romarin\\\/#breadcrumb\"},\"inLanguage\":\"cs\",\"potentialAction\":[{\"@type\":\"ReadAction\",\"target\":[\"https:\\\/\\\/renaud-reynek.com\\\/cs\\\/romarin\\\/\"]}]},{\"@type\":\"ImageObject\",\"inLanguage\":\"cs\",\"@id\":\"https:\\\/\\\/renaud-reynek.com\\\/cs\\\/romarin\\\/#primaryimage\",\"url\":\"https:\\\/\\\/renaud-reynek.com\\\/wp-content\\\/uploads\\\/2020\\\/01\\\/image-asso-romarin.jpg\",\"contentUrl\":\"https:\\\/\\\/renaud-reynek.com\\\/wp-content\\\/uploads\\\/2020\\\/01\\\/image-asso-romarin.jpg\"},{\"@type\":\"BreadcrumbList\",\"@id\":\"https:\\\/\\\/renaud-reynek.com\\\/cs\\\/romarin\\\/#breadcrumb\",\"itemListElement\":[{\"@type\":\"ListItem\",\"position\":1,\"name\":\"Accueil\",\"item\":\"https:\\\/\\\/renaud-reynek.com\\\/cs\\\/\"},{\"@type\":\"ListItem\",\"position\":2,\"name\":\"Romarin\"}]},{\"@type\":\"WebSite\",\"@id\":\"https:\\\/\\\/renaud-reynek.com\\\/cs\\\/#website\",\"url\":\"https:\\\/\\\/renaud-reynek.com\\\/cs\\\/\",\"name\":\"Association Romarin\",\"description\":\"Les Amis de Suzanne Renaud et Bohuslav Reynek\",\"potentialAction\":[{\"@type\":\"SearchAction\",\"target\":{\"@type\":\"EntryPoint\",\"urlTemplate\":\"https:\\\/\\\/renaud-reynek.com\\\/cs\\\/?s={search_term_string}\"},\"query-input\":{\"@type\":\"PropertyValueSpecification\",\"valueRequired\":true,\"valueName\":\"search_term_string\"}}],\"inLanguage\":\"cs\"}]}<\/script>\n<!-- \/ Yoast SEO plugin. -->","yoast_head_json":{"title":"Les Amis de Suzanne Renaud & Bohuslav Reynek - Romarin","description":"Site de l'Association Romarin. D\u00e9couvrez les \u0153uvres du graveur tch\u00e8que Bohuslav Reynek et de Suzanne Renaud, po\u00e8te, son \u00e9pouse grenobloise.","robots":{"index":"index","follow":"follow","max-snippet":"max-snippet:-1","max-image-preview":"max-image-preview:large","max-video-preview":"max-video-preview:-1"},"canonical":"https:\/\/renaud-reynek.com\/cs\/romarin\/","og_locale":"cs_CZ","og_type":"article","og_title":"Les Amis de Suzanne Renaud & Bohuslav Reynek - Romarin","og_description":"Site de l'Association Romarin. D\u00e9couvrez les \u0153uvres du graveur tch\u00e8que Bohuslav Reynek et de Suzanne Renaud, po\u00e8te, son \u00e9pouse grenobloise.","og_url":"https:\/\/renaud-reynek.com\/cs\/romarin\/","og_site_name":"Association Romarin","article_modified_time":"2024-03-18T19:04:59+00:00","og_image":[{"url":"https:\/\/renaud-reynek.com\/wp-content\/uploads\/2020\/01\/image-asso-romarin.jpg","type":"","width":"","height":""}],"twitter_card":"summary_large_image","twitter_misc":{"Odhadovan\u00e1 doba \u010dten\u00ed":"1 minuta"},"schema":{"@context":"https:\/\/schema.org","@graph":[{"@type":"WebPage","@id":"https:\/\/renaud-reynek.com\/cs\/romarin\/","url":"https:\/\/renaud-reynek.com\/cs\/romarin\/","name":"Les Amis de Suzanne Renaud & Bohuslav Reynek - Romarin","isPartOf":{"@id":"https:\/\/renaud-reynek.com\/cs\/#website"},"primaryImageOfPage":{"@id":"https:\/\/renaud-reynek.com\/cs\/romarin\/#primaryimage"},"image":{"@id":"https:\/\/renaud-reynek.com\/cs\/romarin\/#primaryimage"},"thumbnailUrl":"https:\/\/renaud-reynek.com\/wp-content\/uploads\/2020\/01\/image-asso-romarin.jpg","datePublished":"2020-01-07T11:26:39+00:00","dateModified":"2024-03-18T19:04:59+00:00","description":"Site de l'Association Romarin. D\u00e9couvrez les \u0153uvres du graveur tch\u00e8que Bohuslav Reynek et de Suzanne Renaud, po\u00e8te, son \u00e9pouse grenobloise.","breadcrumb":{"@id":"https:\/\/renaud-reynek.com\/cs\/romarin\/#breadcrumb"},"inLanguage":"cs","potentialAction":[{"@type":"ReadAction","target":["https:\/\/renaud-reynek.com\/cs\/romarin\/"]}]},{"@type":"ImageObject","inLanguage":"cs","@id":"https:\/\/renaud-reynek.com\/cs\/romarin\/#primaryimage","url":"https:\/\/renaud-reynek.com\/wp-content\/uploads\/2020\/01\/image-asso-romarin.jpg","contentUrl":"https:\/\/renaud-reynek.com\/wp-content\/uploads\/2020\/01\/image-asso-romarin.jpg"},{"@type":"BreadcrumbList","@id":"https:\/\/renaud-reynek.com\/cs\/romarin\/#breadcrumb","itemListElement":[{"@type":"ListItem","position":1,"name":"Accueil","item":"https:\/\/renaud-reynek.com\/cs\/"},{"@type":"ListItem","position":2,"name":"Romarin"}]},{"@type":"WebSite","@id":"https:\/\/renaud-reynek.com\/cs\/#website","url":"https:\/\/renaud-reynek.com\/cs\/","name":"Association Romarin","description":"Les Amis de Suzanne Renaud et Bohuslav Reynek","potentialAction":[{"@type":"SearchAction","target":{"@type":"EntryPoint","urlTemplate":"https:\/\/renaud-reynek.com\/cs\/?s={search_term_string}"},"query-input":{"@type":"PropertyValueSpecification","valueRequired":true,"valueName":"search_term_string"}}],"inLanguage":"cs"}]}},"_links":{"self":[{"href":"https:\/\/renaud-reynek.com\/cs\/wp-json\/wp\/v2\/pages\/4361","targetHints":{"allow":["GET"]}}],"collection":[{"href":"https:\/\/renaud-reynek.com\/cs\/wp-json\/wp\/v2\/pages"}],"about":[{"href":"https:\/\/renaud-reynek.com\/cs\/wp-json\/wp\/v2\/types\/page"}],"author":[{"embeddable":true,"href":"https:\/\/renaud-reynek.com\/cs\/wp-json\/wp\/v2\/users\/1"}],"replies":[{"embeddable":true,"href":"https:\/\/renaud-reynek.com\/cs\/wp-json\/wp\/v2\/comments?post=4361"}],"version-history":[{"count":5,"href":"https:\/\/renaud-reynek.com\/cs\/wp-json\/wp\/v2\/pages\/4361\/revisions"}],"predecessor-version":[{"id":10111,"href":"https:\/\/renaud-reynek.com\/cs\/wp-json\/wp\/v2\/pages\/4361\/revisions\/10111"}],"wp:attachment":[{"href":"https:\/\/renaud-reynek.com\/cs\/wp-json\/wp\/v2\/media?parent=4361"}],"curies":[{"name":"wp","href":"https:\/\/api.w.org\/{rel}","templated":true}]}}