{"id":4349,"date":"2020-08-07T14:53:55","date_gmt":"2020-08-07T12:53:55","guid":{"rendered":"https:\/\/renaud-reynek.com\/bohuslav-reynek\/"},"modified":"2020-08-07T14:53:56","modified_gmt":"2020-08-07T12:53:56","slug":"bohuslav-reynek","status":"publish","type":"page","link":"https:\/\/renaud-reynek.com\/cs\/bohuslav-reynek\/","title":{"rendered":"Bohuslav REYNEK"},"content":{"rendered":"\t\t<div data-elementor-type=\"wp-page\" data-elementor-id=\"4349\" class=\"elementor elementor-4349 elementor-433\" data-elementor-post-type=\"page\">\n\t\t\t\t\t\t<section class=\"elementor-section elementor-top-section elementor-element elementor-element-d0e6667 elementor-section-height-min-height elementor-section-boxed elementor-section-height-default elementor-section-items-middle\" data-id=\"d0e6667\" data-element_type=\"section\" data-e-type=\"section\" data-settings=\"{&quot;background_background&quot;:&quot;classic&quot;}\">\n\t\t\t\t\t\t<div class=\"elementor-container elementor-column-gap-default\">\n\t\t\t\t\t<div class=\"elementor-column elementor-col-100 elementor-top-column elementor-element elementor-element-05ad88a\" data-id=\"05ad88a\" data-element_type=\"column\" data-e-type=\"column\">\n\t\t\t<div class=\"elementor-widget-wrap elementor-element-populated\">\n\t\t\t\t\t\t<div class=\"elementor-element elementor-element-1418a38 elementor-align-left elementor-widget elementor-widget-breadcrumbs\" data-id=\"1418a38\" data-element_type=\"widget\" data-e-type=\"widget\" data-widget_type=\"breadcrumbs.default\">\n\t\t\t\t<div class=\"elementor-widget-container\">\n\t\t\t\t\t<p id=\"breadcrumbs\">\tVous \u00eates ici :\n<span><span><a href=\"https:\/\/renaud-reynek.com\/cs\/\">Accueil<\/a><\/span><\/span><\/p>\t\t\t\t<\/div>\n\t\t\t\t<\/div>\n\t\t\t\t<div class=\"elementor-element elementor-element-18e65c1 elementor-widget elementor-widget-heading\" data-id=\"18e65c1\" data-element_type=\"widget\" data-e-type=\"widget\" data-widget_type=\"heading.default\">\n\t\t\t\t<div class=\"elementor-widget-container\">\n\t\t\t\t\t<h2 class=\"elementor-heading-title elementor-size-default\">Bohuslav Reynek<\/h2>\t\t\t\t<\/div>\n\t\t\t\t<\/div>\n\t\t\t\t<div class=\"elementor-element elementor-element-1bcad02 elementor-widget elementor-widget-heading\" data-id=\"1bcad02\" data-element_type=\"widget\" data-e-type=\"widget\" data-widget_type=\"heading.default\">\n\t\t\t\t<div class=\"elementor-widget-container\">\n\t\t\t\t\t<h3 class=\"elementor-heading-title elementor-size-default\">Petrkov 1892 - Petrkov 1971<\/h3>\t\t\t\t<\/div>\n\t\t\t\t<\/div>\n\t\t\t\t\t<\/div>\n\t\t<\/div>\n\t\t\t\t\t<\/div>\n\t\t<\/section>\n\t\t\t\t<section class=\"elementor-section elementor-top-section elementor-element elementor-element-115e6ca elementor-section-boxed elementor-section-height-default elementor-section-height-default\" data-id=\"115e6ca\" data-element_type=\"section\" data-e-type=\"section\">\n\t\t\t\t\t\t<div class=\"elementor-container elementor-column-gap-default\">\n\t\t\t\t\t<div class=\"elementor-column elementor-col-50 elementor-top-column elementor-element elementor-element-ca13fb7\" data-id=\"ca13fb7\" data-element_type=\"column\" data-e-type=\"column\" id=\"sticky\">\n\t\t\t<div class=\"elementor-widget-wrap elementor-element-populated\">\n\t\t\t\t\t\t<div class=\"elementor-element elementor-element-1ec5202 elementor-widget elementor-widget-global elementor-global-1129 elementor-widget-wp-widget-nav_menu\" data-id=\"1ec5202\" data-element_type=\"widget\" data-e-type=\"widget\" data-widget_type=\"wp-widget-nav_menu.default\">\n\t\t\t\t<div class=\"elementor-widget-container\">\n\t\t\t\t\t<nav class=\"menu-menu-sidebar-tcheque-container\" aria-label=\"Menu\"><ul id=\"menu-menu-sidebar-tcheque\" class=\"menu\"><li id=\"menu-item-4418\" class=\"menu-item menu-item-type-post_type menu-item-object-page menu-item-has-children menu-item-4418\"><a href=\"https:\/\/renaud-reynek.com\/cs\/suzanne-renaud\/\"><span style=\"text-decoration: underline; color: #191970\">Suzanne RENAUD<\/span><\/a>\n<ul class=\"sub-menu\">\n\t<li id=\"menu-item-8837\" class=\"menu-item menu-item-type-post_type menu-item-object-page menu-item-8837\"><a href=\"https:\/\/renaud-reynek.com\/cs\/suzanne-renaud\/suzanne-renaud-zivotni-udaje\/\">Bibliografick\u00e9 \u00fadaje<\/a><\/li>\n\t<li id=\"menu-item-5446\" class=\"menu-item menu-item-type-post_type menu-item-object-page menu-item-5446\"><a href=\"https:\/\/renaud-reynek.com\/cs\/suzanne-renaud\/suzanne-renaud-literarni-dilo\/\">Liter\u00e1rn\u00ed d\u00edlo<\/a><\/li>\n\t<li id=\"menu-item-5551\" class=\"menu-item menu-item-type-post_type menu-item-object-page menu-item-5551\"><a href=\"https:\/\/renaud-reynek.com\/cs\/suzanne-renaud\/suzanne-renaud-basne\/\">B\u00e1sn\u011b<\/a><\/li>\n<\/ul>\n<\/li>\n<li id=\"menu-item-4419\" class=\"sidebar-titre menu-item menu-item-type-post_type menu-item-object-page menu-item-has-children menu-item-4419\"><a href=\"https:\/\/renaud-reynek.com\/cs\/bohuslav-reynek\/\"><span style=\"text-decoration: underline; color: #191970\">Bohuslav REYNEK<\/span><\/a>\n<ul class=\"sub-menu\">\n\t<li id=\"menu-item-5646\" class=\"menu-item menu-item-type-post_type menu-item-object-page menu-item-5646\"><a href=\"https:\/\/renaud-reynek.com\/cs\/bohuslav-reynek\/zivotni-udaje\/\">Bibliografick\u00e9 \u00fadaje<\/a><\/li>\n\t<li id=\"menu-item-5632\" class=\"menu-item menu-item-type-post_type menu-item-object-page menu-item-5632\"><a href=\"https:\/\/renaud-reynek.com\/cs\/bohuslav-reynek\/bohuslav-reynek-literarni-dilo\/\">Liter\u00e1rn\u00ed d\u00edlo<\/a><\/li>\n\t<li id=\"menu-item-5644\" class=\"menu-item menu-item-type-post_type menu-item-object-page menu-item-5644\"><a href=\"https:\/\/renaud-reynek.com\/cs\/bohuslav-reynek\/bohuslav-reynek-basne\/\">B\u00e1sn\u011b<\/a><\/li>\n\t<li id=\"menu-item-4420\" class=\"menu-item menu-item-type-post_type menu-item-object-page menu-item-4420\"><a href=\"https:\/\/renaud-reynek.com\/cs\/bohuslav-reynek\/bohuslav-reynek-graficke-dilo\/\">Grafick\u00e9 d\u00edlo<\/a><\/li>\n\t<li id=\"menu-item-4421\" class=\"menu-item menu-item-type-post_type menu-item-object-page menu-item-4421\"><a href=\"https:\/\/renaud-reynek.com\/cs\/bohuslav-reynek\/bohuslav-reynek-katalog-raisonne\/\">Katalog raisonn\u00e9<\/a><\/li>\n<\/ul>\n<\/li>\n<li id=\"menu-item-6144\" class=\"menu-item menu-item-type-post_type menu-item-object-page menu-item-6144\"><a href=\"https:\/\/renaud-reynek.com\/cs\/katalog-nakladatelstvi\/\"><span style=\"text-decoration: underline; color: #191970\">Katalog nakladatelstv\u00ed<\/span><\/a><\/li>\n<li id=\"menu-item-4426\" class=\"sidebar-titre menu-item menu-item-type-post_type menu-item-object-page menu-item-has-children menu-item-4426\"><a href=\"https:\/\/renaud-reynek.com\/cs\/aktuality\/\"><span style=\"text-decoration: underline; color: #191970\">Aktuality<\/span><\/a>\n<ul class=\"sub-menu\">\n\t<li id=\"menu-item-7711\" class=\"menu-item menu-item-type-post_type menu-item-object-page menu-item-7711\"><a href=\"https:\/\/renaud-reynek.com\/cs\/aktuality\/pripravujeme\/\">P\u0159ipravujeme<\/a><\/li>\n\t<li id=\"menu-item-7710\" class=\"menu-item menu-item-type-post_type menu-item-object-page menu-item-7710\"><a href=\"https:\/\/renaud-reynek.com\/cs\/aktuality\/aktuality\/\">Zpr\u00e1vy<\/a><\/li>\n<\/ul>\n<\/li>\n<li id=\"menu-item-4422\" class=\"sidebar-titre menu-item menu-item-type-post_type menu-item-object-page menu-item-has-children menu-item-4422\"><a href=\"https:\/\/renaud-reynek.com\/cs\/romarin\/\"><span style=\"text-decoration: underline; color: #191970\">Romarin<\/span><\/a>\n<ul class=\"sub-menu\">\n\t<li id=\"menu-item-4423\" class=\"menu-item menu-item-type-post_type menu-item-object-page menu-item-4423\"><a href=\"https:\/\/renaud-reynek.com\/cs\/romarin\/publikace-on-line\/\">Publikace on-line<\/a><\/li>\n\t<li id=\"menu-item-5660\" class=\"menu-item menu-item-type-post_type menu-item-object-page menu-item-5660\"><a href=\"https:\/\/renaud-reynek.com\/cs\/romarin\/archiv\/\">Archiv<\/a><\/li>\n\t<li id=\"menu-item-4424\" class=\"bulletin-adhesion menu-item menu-item-type-custom menu-item-object-custom menu-item-4424\"><a>St\u00e1t se \u010dlenem<\/a><\/li>\n<\/ul>\n<\/li>\n<li id=\"menu-item-4425\" class=\"sidebar-titre menu-item menu-item-type-post_type menu-item-object-page menu-item-has-children menu-item-4425\"><a href=\"https:\/\/renaud-reynek.com\/cs\/dotation-renaud-reynek\/\"><span style=\"text-decoration: underline; color: #191970\">Nadace Renaud Reynek<\/span><\/a>\n<ul class=\"sub-menu\">\n\t<li id=\"menu-item-5663\" class=\"menu-item menu-item-type-post_type menu-item-object-page menu-item-5663\"><a href=\"https:\/\/renaud-reynek.com\/cs\/dotation-renaud-reynek\/nadace-renaud-reynek-vystavy-drr-2013\/\">V\u00fdstavy DRR<\/a><\/li>\n\t<li id=\"menu-item-5661\" class=\"menu-item menu-item-type-post_type menu-item-object-page menu-item-5661\"><a href=\"https:\/\/renaud-reynek.com\/cs\/dotation-renaud-reynek\/nadace-renaud-reynek-fototeka-drr\/\">Fotot\u00e9ka DRR<\/a><\/li>\n\t<li id=\"menu-item-5662\" class=\"menu-item menu-item-type-post_type menu-item-object-page menu-item-5662\"><a href=\"https:\/\/renaud-reynek.com\/cs\/dotation-renaud-reynek\/nadace-renaud-reynek\/\">Knihovna DRR<\/a><\/li>\n<\/ul>\n<\/li>\n<li id=\"menu-item-4427\" class=\"sidebar-titre menu-item menu-item-type-post_type menu-item-object-page menu-item-4427\"><a href=\"https:\/\/renaud-reynek.com\/cs\/kontakt\/\"><span style=\"text-decoration: underline; color: #191970\">Kontakt<\/span><\/a><\/li>\n<li id=\"menu-item-4428\" class=\"sidebar-titre menu-item menu-item-type-custom menu-item-object-custom menu-item-4428\"><a><a style=\"text-decoration: underline; color: #191970;\" href=\"http:\/\/catalogue-bohuslavreynek.com\/fmi\/iwp\/cgi?dbpath=%2Ffmi%2Fiwp%2Fcgi%3F-db%3DCatalogue_Reynek%26-startsession&#038;acct=account&#038;name=Web&#038;password=Web&#038;login=Login&#038;-authdb\" target=\"_blank\" rel=\"noopener noreferrer\">Catalogue raisonn\u00e9 Reynek (P\u0159\u00edm\u00fd p\u0159\u00edstup)<\/a><\/a><\/li>\n<\/ul><\/nav>\t\t\t\t<\/div>\n\t\t\t\t<\/div>\n\t\t\t\t\t<\/div>\n\t\t<\/div>\n\t\t\t\t<div class=\"elementor-column elementor-col-50 elementor-top-column elementor-element elementor-element-9ed03c8\" data-id=\"9ed03c8\" data-element_type=\"column\" data-e-type=\"column\">\n\t\t\t<div class=\"elementor-widget-wrap elementor-element-populated\">\n\t\t\t\t\t\t<section class=\"elementor-section elementor-inner-section elementor-element elementor-element-b0ab09d elementor-section-boxed elementor-section-height-default elementor-section-height-default\" data-id=\"b0ab09d\" data-element_type=\"section\" data-e-type=\"section\">\n\t\t\t\t\t\t<div class=\"elementor-container elementor-column-gap-default\">\n\t\t\t\t\t<div class=\"elementor-column elementor-col-50 elementor-inner-column elementor-element elementor-element-b8fffb5\" data-id=\"b8fffb5\" data-element_type=\"column\" data-e-type=\"column\">\n\t\t\t<div class=\"elementor-widget-wrap elementor-element-populated\">\n\t\t\t\t\t\t<div class=\"elementor-element elementor-element-e363f8c elementor-widget elementor-widget-text-editor\" data-id=\"e363f8c\" data-element_type=\"widget\" data-e-type=\"widget\" data-widget_type=\"text-editor.default\">\n\t\t\t\t<div class=\"elementor-widget-container\">\n\t\t\t\t\t\t\t\t\t<p><img decoding=\"async\" class=\"alignright wp-image-1106\" src=\"http:\/\/www.ancien.bohuslav-reynek.com\/wp-content\/uploads\/2014\/11\/B_Reynek.jpg\" alt=\"Bohuslav Reynek\" width=\"141\" height=\"194\" \/>Bohuslav Reynek, b\u00e1sn\u00edk, grafik, p\u0159ekladatel francouzsk\u00e9 poezie a pr\u00f3zy, je autorem rozs\u00e1hl\u00e9ho d\u00edla. Spolu s Holanem a Halasem pat\u0159\u00ed k v\u00fdznamn\u00e9 generaci \u010desk\u00fdch b\u00e1sn\u00edk\u016f, kte\u0159\u00ed se prosadili v obdob\u00ed mezi dv\u011bma sv\u011btov\u00fdmi v\u00e1lkami.<\/p>\n<p>Od roku 1914 byl ve styku se staro\u0159\u00ed\u0161sk\u00fdm Josefem Florianem, zakladatelem Dobr\u00e9ho d\u00edla. V letech 1918 \u2013 1969 vydal dvan\u00e1ct b\u00e1snick\u00fdch sb\u00edrek. Jeho t\u0159in\u00e1ct\u00e1 a posledn\u00ed sb\u00edrka,\u00a0<em>Odlet vla\u0161tovek<\/em>, vy\u0161la a\u017e v roce 1989, kdy\u017e bylo p\u0159edt\u00edm v roce 1972 znemo\u017en\u011bno jej\u00ed vyd\u00e1n\u00ed. Reynkovy souborn\u00e9\u00a0<em>B\u00e1snick\u00e9 spisy<\/em>\u00a0vy\u0161ly v \u010cesk\u00e9 republice v letech 1995 a 2009.<\/p>\n\t\t\t\t\t\t\t\t<\/div>\n\t\t\t\t<\/div>\n\t\t\t\t\t<\/div>\n\t\t<\/div>\n\t\t\t\t<div class=\"elementor-column elementor-col-50 elementor-inner-column elementor-element elementor-element-94366f3\" data-id=\"94366f3\" data-element_type=\"column\" data-e-type=\"column\">\n\t\t\t<div class=\"elementor-widget-wrap elementor-element-populated\">\n\t\t\t\t\t\t<div class=\"elementor-element elementor-element-36af88b elementor-widget elementor-widget-image\" data-id=\"36af88b\" data-element_type=\"widget\" data-e-type=\"widget\" data-widget_type=\"image.default\">\n\t\t\t\t<div class=\"elementor-widget-container\">\n\t\t\t\t\t\t\t\t\t\t\t\t\t\t\t\t<a href=\"https:\/\/renaud-reynek.com\/wp-content\/uploads\/2020\/01\/B.Reynek-chaton1.jpg\" data-elementor-open-lightbox=\"yes\" data-e-action-hash=\"#elementor-action%3Aaction%3Dlightbox%26settings%3DeyJpZCI6MTg3NiwidXJsIjoiaHR0cHM6XC9cL3JlbmF1ZC1yZXluZWsuY29tXC93cC1jb250ZW50XC91cGxvYWRzXC8yMDIwXC8wMVwvQi5SZXluZWstY2hhdG9uMS5qcGcifQ%3D%3D\">\n\t\t\t\t\t\t\t<img fetchpriority=\"high\" decoding=\"async\" width=\"767\" height=\"1024\" src=\"https:\/\/renaud-reynek.com\/wp-content\/uploads\/2020\/01\/B.Reynek-chaton1-767x1024.jpg\" class=\"attachment-large size-large wp-image-1876\" alt=\"\" srcset=\"https:\/\/renaud-reynek.com\/wp-content\/uploads\/2020\/01\/B.Reynek-chaton1-767x1024.jpg 767w, https:\/\/renaud-reynek.com\/wp-content\/uploads\/2020\/01\/B.Reynek-chaton1-600x801.jpg 600w, https:\/\/renaud-reynek.com\/wp-content\/uploads\/2020\/01\/B.Reynek-chaton1-225x300.jpg 225w, https:\/\/renaud-reynek.com\/wp-content\/uploads\/2020\/01\/B.Reynek-chaton1-768x1025.jpg 768w, https:\/\/renaud-reynek.com\/wp-content\/uploads\/2020\/01\/B.Reynek-chaton1-1151x1536.jpg 1151w, https:\/\/renaud-reynek.com\/wp-content\/uploads\/2020\/01\/B.Reynek-chaton1.jpg 1439w\" sizes=\"(max-width: 767px) 100vw, 767px\" \/>\t\t\t\t\t\t\t\t<\/a>\n\t\t\t\t\t\t\t\t\t\t\t\t\t\t\t<\/div>\n\t\t\t\t<\/div>\n\t\t\t\t\t<\/div>\n\t\t<\/div>\n\t\t\t\t\t<\/div>\n\t\t<\/section>\n\t\t\t\t<section class=\"elementor-section elementor-inner-section elementor-element elementor-element-b430d68 elementor-section-boxed elementor-section-height-default elementor-section-height-default\" data-id=\"b430d68\" data-element_type=\"section\" data-e-type=\"section\">\n\t\t\t\t\t\t<div class=\"elementor-container elementor-column-gap-default\">\n\t\t\t\t\t<div class=\"elementor-column elementor-col-100 elementor-inner-column elementor-element elementor-element-473eb8e\" data-id=\"473eb8e\" data-element_type=\"column\" data-e-type=\"column\">\n\t\t\t<div class=\"elementor-widget-wrap elementor-element-populated\">\n\t\t\t\t\t\t<div class=\"elementor-element elementor-element-8916d4f elementor-widget elementor-widget-text-editor\" data-id=\"8916d4f\" data-element_type=\"widget\" data-e-type=\"widget\" data-widget_type=\"text-editor.default\">\n\t\t\t\t<div class=\"elementor-widget-container\">\n\t\t\t\t\t\t\t\t\t<p>Jeho mal\u00ed\u0159sk\u00e9 a grafick\u00e9 d\u00edlo ve\u0161lo ve zn\u00e1most ve t\u0159ic\u00e1t\u00fdch letech v Grenoblu, kde v letech 1926 a\u017e 1936 pob\u00fdval po sv\u00e9m s\u0148atku se Suzanne Renaudovou. V roce 1968 objevila \u010desk\u00e1 ve\u0159ejnost jeho lepty z pades\u00e1t\u00fdch let, jejich\u017e velmi osobit\u00e1 technika a originalita ho proslavila v jeho rodn\u00e9 zemi i v zahrani\u010d\u00ed.<\/p>\n\t\t\t\t\t\t\t\t<\/div>\n\t\t\t\t<\/div>\n\t\t\t\t\t<\/div>\n\t\t<\/div>\n\t\t\t\t\t<\/div>\n\t\t<\/section>\n\t\t\t\t\t<\/div>\n\t\t<\/div>\n\t\t\t\t\t<\/div>\n\t\t<\/section>\n\t\t\t\t<\/div>\n\t\t","protected":false},"excerpt":{"rendered":"<p>Bohuslav Reynek Petrkov 1892 &#8211; Petrkov 1971 Bohuslav Reynek, b\u00e1sn\u00edk, grafik, p\u0159ekladatel francouzsk\u00e9 poezie a pr\u00f3zy, je autorem rozs\u00e1hl\u00e9ho d\u00edla. Spolu s Holanem a Halasem pat\u0159\u00ed k v\u00fdznamn\u00e9 generaci \u010desk\u00fdch b\u00e1sn\u00edk\u016f, kte\u0159\u00ed se prosadili v obdob\u00ed mezi dv\u011bma sv\u011btov\u00fdmi v\u00e1lkami. Od roku 1914 byl ve styku se staro\u0159\u00ed\u0161sk\u00fdm Josefem Florianem, zakladatelem Dobr\u00e9ho d\u00edla. V letech [&#8230;]<\/p>\n","protected":false},"author":1,"featured_media":0,"parent":0,"menu_order":0,"comment_status":"closed","ping_status":"closed","template":"","meta":{"_acf_changed":false,"footnotes":""},"class_list":["post-4349","page","type-page","status-publish","hentry"],"acf":[],"yoast_head":"<!-- This site is optimized with the Yoast SEO plugin v27.4 - https:\/\/yoast.com\/product\/yoast-seo-wordpress\/ -->\n<title>Les Amis de Suzanne Renaud &amp; Bohuslav Reynek - Bohuslav REYNEK<\/title>\n<meta name=\"description\" content=\"Site de l&#039;Association Romarin. D\u00e9couvrez les \u0153uvres du graveur tch\u00e8que Bohuslav Reynek et de Suzanne Renaud, po\u00e8te, son \u00e9pouse grenobloise.\" \/>\n<meta name=\"robots\" content=\"index, follow, max-snippet:-1, max-image-preview:large, max-video-preview:-1\" \/>\n<link rel=\"canonical\" href=\"https:\/\/renaud-reynek.com\/cs\/bohuslav-reynek\/\" \/>\n<meta property=\"og:locale\" content=\"cs_CZ\" \/>\n<meta property=\"og:type\" content=\"article\" \/>\n<meta property=\"og:title\" content=\"Les Amis de Suzanne Renaud &amp; Bohuslav Reynek - Bohuslav REYNEK\" \/>\n<meta property=\"og:description\" content=\"Site de l&#039;Association Romarin. D\u00e9couvrez les \u0153uvres du graveur tch\u00e8que Bohuslav Reynek et de Suzanne Renaud, po\u00e8te, son \u00e9pouse grenobloise.\" \/>\n<meta property=\"og:url\" content=\"https:\/\/renaud-reynek.com\/cs\/bohuslav-reynek\/\" \/>\n<meta property=\"og:site_name\" content=\"Association Romarin\" \/>\n<meta property=\"article:modified_time\" content=\"2020-08-07T12:53:56+00:00\" \/>\n<meta property=\"og:image\" content=\"http:\/\/www.ancien.bohuslav-reynek.com\/wp-content\/uploads\/2014\/11\/B_Reynek.jpg\" \/>\n<meta name=\"twitter:card\" content=\"summary_large_image\" \/>\n<meta name=\"twitter:label1\" content=\"Odhadovan\u00e1 doba \u010dten\u00ed\" \/>\n\t<meta name=\"twitter:data1\" content=\"1 minuta\" \/>\n<script type=\"application\/ld+json\" class=\"yoast-schema-graph\">{\"@context\":\"https:\\\/\\\/schema.org\",\"@graph\":[{\"@type\":\"WebPage\",\"@id\":\"https:\\\/\\\/renaud-reynek.com\\\/cs\\\/bohuslav-reynek\\\/\",\"url\":\"https:\\\/\\\/renaud-reynek.com\\\/cs\\\/bohuslav-reynek\\\/\",\"name\":\"Les Amis de Suzanne Renaud & Bohuslav Reynek - Bohuslav REYNEK\",\"isPartOf\":{\"@id\":\"https:\\\/\\\/renaud-reynek.com\\\/cs\\\/#website\"},\"primaryImageOfPage\":{\"@id\":\"https:\\\/\\\/renaud-reynek.com\\\/cs\\\/bohuslav-reynek\\\/#primaryimage\"},\"image\":{\"@id\":\"https:\\\/\\\/renaud-reynek.com\\\/cs\\\/bohuslav-reynek\\\/#primaryimage\"},\"thumbnailUrl\":\"http:\\\/\\\/www.ancien.bohuslav-reynek.com\\\/wp-content\\\/uploads\\\/2014\\\/11\\\/B_Reynek.jpg\",\"datePublished\":\"2020-08-07T12:53:55+00:00\",\"dateModified\":\"2020-08-07T12:53:56+00:00\",\"description\":\"Site de l'Association Romarin. D\u00e9couvrez les \u0153uvres du graveur tch\u00e8que Bohuslav Reynek et de Suzanne Renaud, po\u00e8te, son \u00e9pouse grenobloise.\",\"breadcrumb\":{\"@id\":\"https:\\\/\\\/renaud-reynek.com\\\/cs\\\/bohuslav-reynek\\\/#breadcrumb\"},\"inLanguage\":\"cs\",\"potentialAction\":[{\"@type\":\"ReadAction\",\"target\":[\"https:\\\/\\\/renaud-reynek.com\\\/cs\\\/bohuslav-reynek\\\/\"]}]},{\"@type\":\"ImageObject\",\"inLanguage\":\"cs\",\"@id\":\"https:\\\/\\\/renaud-reynek.com\\\/cs\\\/bohuslav-reynek\\\/#primaryimage\",\"url\":\"http:\\\/\\\/www.ancien.bohuslav-reynek.com\\\/wp-content\\\/uploads\\\/2014\\\/11\\\/B_Reynek.jpg\",\"contentUrl\":\"http:\\\/\\\/www.ancien.bohuslav-reynek.com\\\/wp-content\\\/uploads\\\/2014\\\/11\\\/B_Reynek.jpg\"},{\"@type\":\"BreadcrumbList\",\"@id\":\"https:\\\/\\\/renaud-reynek.com\\\/cs\\\/bohuslav-reynek\\\/#breadcrumb\",\"itemListElement\":[{\"@type\":\"ListItem\",\"position\":1,\"name\":\"Accueil\",\"item\":\"https:\\\/\\\/renaud-reynek.com\\\/cs\\\/\"},{\"@type\":\"ListItem\",\"position\":2,\"name\":\"Bohuslav REYNEK\"}]},{\"@type\":\"WebSite\",\"@id\":\"https:\\\/\\\/renaud-reynek.com\\\/cs\\\/#website\",\"url\":\"https:\\\/\\\/renaud-reynek.com\\\/cs\\\/\",\"name\":\"Association Romarin\",\"description\":\"Les Amis de Suzanne Renaud et Bohuslav Reynek\",\"potentialAction\":[{\"@type\":\"SearchAction\",\"target\":{\"@type\":\"EntryPoint\",\"urlTemplate\":\"https:\\\/\\\/renaud-reynek.com\\\/cs\\\/?s={search_term_string}\"},\"query-input\":{\"@type\":\"PropertyValueSpecification\",\"valueRequired\":true,\"valueName\":\"search_term_string\"}}],\"inLanguage\":\"cs\"}]}<\/script>\n<!-- \/ Yoast SEO plugin. -->","yoast_head_json":{"title":"Les Amis de Suzanne Renaud & Bohuslav Reynek - Bohuslav REYNEK","description":"Site de l'Association Romarin. D\u00e9couvrez les \u0153uvres du graveur tch\u00e8que Bohuslav Reynek et de Suzanne Renaud, po\u00e8te, son \u00e9pouse grenobloise.","robots":{"index":"index","follow":"follow","max-snippet":"max-snippet:-1","max-image-preview":"max-image-preview:large","max-video-preview":"max-video-preview:-1"},"canonical":"https:\/\/renaud-reynek.com\/cs\/bohuslav-reynek\/","og_locale":"cs_CZ","og_type":"article","og_title":"Les Amis de Suzanne Renaud & Bohuslav Reynek - Bohuslav REYNEK","og_description":"Site de l'Association Romarin. D\u00e9couvrez les \u0153uvres du graveur tch\u00e8que Bohuslav Reynek et de Suzanne Renaud, po\u00e8te, son \u00e9pouse grenobloise.","og_url":"https:\/\/renaud-reynek.com\/cs\/bohuslav-reynek\/","og_site_name":"Association Romarin","article_modified_time":"2020-08-07T12:53:56+00:00","og_image":[{"url":"http:\/\/www.ancien.bohuslav-reynek.com\/wp-content\/uploads\/2014\/11\/B_Reynek.jpg","type":"","width":"","height":""}],"twitter_card":"summary_large_image","twitter_misc":{"Odhadovan\u00e1 doba \u010dten\u00ed":"1 minuta"},"schema":{"@context":"https:\/\/schema.org","@graph":[{"@type":"WebPage","@id":"https:\/\/renaud-reynek.com\/cs\/bohuslav-reynek\/","url":"https:\/\/renaud-reynek.com\/cs\/bohuslav-reynek\/","name":"Les Amis de Suzanne Renaud & Bohuslav Reynek - Bohuslav REYNEK","isPartOf":{"@id":"https:\/\/renaud-reynek.com\/cs\/#website"},"primaryImageOfPage":{"@id":"https:\/\/renaud-reynek.com\/cs\/bohuslav-reynek\/#primaryimage"},"image":{"@id":"https:\/\/renaud-reynek.com\/cs\/bohuslav-reynek\/#primaryimage"},"thumbnailUrl":"http:\/\/www.ancien.bohuslav-reynek.com\/wp-content\/uploads\/2014\/11\/B_Reynek.jpg","datePublished":"2020-08-07T12:53:55+00:00","dateModified":"2020-08-07T12:53:56+00:00","description":"Site de l'Association Romarin. D\u00e9couvrez les \u0153uvres du graveur tch\u00e8que Bohuslav Reynek et de Suzanne Renaud, po\u00e8te, son \u00e9pouse grenobloise.","breadcrumb":{"@id":"https:\/\/renaud-reynek.com\/cs\/bohuslav-reynek\/#breadcrumb"},"inLanguage":"cs","potentialAction":[{"@type":"ReadAction","target":["https:\/\/renaud-reynek.com\/cs\/bohuslav-reynek\/"]}]},{"@type":"ImageObject","inLanguage":"cs","@id":"https:\/\/renaud-reynek.com\/cs\/bohuslav-reynek\/#primaryimage","url":"http:\/\/www.ancien.bohuslav-reynek.com\/wp-content\/uploads\/2014\/11\/B_Reynek.jpg","contentUrl":"http:\/\/www.ancien.bohuslav-reynek.com\/wp-content\/uploads\/2014\/11\/B_Reynek.jpg"},{"@type":"BreadcrumbList","@id":"https:\/\/renaud-reynek.com\/cs\/bohuslav-reynek\/#breadcrumb","itemListElement":[{"@type":"ListItem","position":1,"name":"Accueil","item":"https:\/\/renaud-reynek.com\/cs\/"},{"@type":"ListItem","position":2,"name":"Bohuslav REYNEK"}]},{"@type":"WebSite","@id":"https:\/\/renaud-reynek.com\/cs\/#website","url":"https:\/\/renaud-reynek.com\/cs\/","name":"Association Romarin","description":"Les Amis de Suzanne Renaud et Bohuslav Reynek","potentialAction":[{"@type":"SearchAction","target":{"@type":"EntryPoint","urlTemplate":"https:\/\/renaud-reynek.com\/cs\/?s={search_term_string}"},"query-input":{"@type":"PropertyValueSpecification","valueRequired":true,"valueName":"search_term_string"}}],"inLanguage":"cs"}]}},"_links":{"self":[{"href":"https:\/\/renaud-reynek.com\/cs\/wp-json\/wp\/v2\/pages\/4349","targetHints":{"allow":["GET"]}}],"collection":[{"href":"https:\/\/renaud-reynek.com\/cs\/wp-json\/wp\/v2\/pages"}],"about":[{"href":"https:\/\/renaud-reynek.com\/cs\/wp-json\/wp\/v2\/types\/page"}],"author":[{"embeddable":true,"href":"https:\/\/renaud-reynek.com\/cs\/wp-json\/wp\/v2\/users\/1"}],"replies":[{"embeddable":true,"href":"https:\/\/renaud-reynek.com\/cs\/wp-json\/wp\/v2\/comments?post=4349"}],"version-history":[{"count":0,"href":"https:\/\/renaud-reynek.com\/cs\/wp-json\/wp\/v2\/pages\/4349\/revisions"}],"wp:attachment":[{"href":"https:\/\/renaud-reynek.com\/cs\/wp-json\/wp\/v2\/media?parent=4349"}],"curies":[{"name":"wp","href":"https:\/\/api.w.org\/{rel}","templated":true}]}}