{"id":2141,"date":"2020-02-17T11:13:46","date_gmt":"2020-02-17T10:13:46","guid":{"rendered":"https:\/\/renaud-reynek.com\/suzanne-renaud\/"},"modified":"2020-08-07T14:49:30","modified_gmt":"2020-08-07T12:49:30","slug":"suzanne-renaud","status":"publish","type":"page","link":"https:\/\/renaud-reynek.com\/cs\/suzanne-renaud\/","title":{"rendered":"Suzanne RENAUD"},"content":{"rendered":"\t\t<div data-elementor-type=\"wp-page\" data-elementor-id=\"2141\" class=\"elementor elementor-2141 elementor-217\" data-elementor-post-type=\"page\">\n\t\t\t\t\t\t<section class=\"elementor-section elementor-top-section elementor-element elementor-element-81fe89a elementor-section-height-min-height elementor-section-boxed elementor-section-height-default elementor-section-items-middle\" data-id=\"81fe89a\" data-element_type=\"section\" data-e-type=\"section\" data-settings=\"{&quot;background_background&quot;:&quot;classic&quot;}\">\n\t\t\t\t\t\t<div class=\"elementor-container elementor-column-gap-default\">\n\t\t\t\t\t<div class=\"elementor-column elementor-col-100 elementor-top-column elementor-element elementor-element-d2f7328\" data-id=\"d2f7328\" data-element_type=\"column\" data-e-type=\"column\">\n\t\t\t<div class=\"elementor-widget-wrap elementor-element-populated\">\n\t\t\t\t\t\t<div class=\"elementor-element elementor-element-5f00180 elementor-align-left elementor-widget elementor-widget-breadcrumbs\" data-id=\"5f00180\" data-element_type=\"widget\" data-e-type=\"widget\" data-widget_type=\"breadcrumbs.default\">\n\t\t\t\t<div class=\"elementor-widget-container\">\n\t\t\t\t\t<p id=\"breadcrumbs\">\tVous \u00eates ici :\n<span><span><a href=\"https:\/\/renaud-reynek.com\/cs\/\">Accueil<\/a><\/span><\/span><\/p>\t\t\t\t<\/div>\n\t\t\t\t<\/div>\n\t\t\t\t<div class=\"elementor-element elementor-element-16fd92a elementor-widget elementor-widget-heading\" data-id=\"16fd92a\" data-element_type=\"widget\" data-e-type=\"widget\" data-widget_type=\"heading.default\">\n\t\t\t\t<div class=\"elementor-widget-container\">\n\t\t\t\t\t<h2 class=\"elementor-heading-title elementor-size-default\">Suzanne Renaud<\/h2>\t\t\t\t<\/div>\n\t\t\t\t<\/div>\n\t\t\t\t<div class=\"elementor-element elementor-element-3ea4f6d elementor-widget elementor-widget-heading\" data-id=\"3ea4f6d\" data-element_type=\"widget\" data-e-type=\"widget\" data-widget_type=\"heading.default\">\n\t\t\t\t<div class=\"elementor-widget-container\">\n\t\t\t\t\t<h3 class=\"elementor-heading-title elementor-size-default\">Lyon 1889 - Havl\u00ed\u010dk\u016fv Brod 1964<\/h3>\t\t\t\t<\/div>\n\t\t\t\t<\/div>\n\t\t\t\t\t<\/div>\n\t\t<\/div>\n\t\t\t\t\t<\/div>\n\t\t<\/section>\n\t\t\t\t<section class=\"elementor-section elementor-top-section elementor-element elementor-element-115e6ca elementor-section-boxed elementor-section-height-default elementor-section-height-default\" data-id=\"115e6ca\" data-element_type=\"section\" data-e-type=\"section\">\n\t\t\t\t\t\t<div class=\"elementor-container elementor-column-gap-default\">\n\t\t\t\t\t<div class=\"elementor-column elementor-col-50 elementor-top-column elementor-element elementor-element-ca13fb7\" data-id=\"ca13fb7\" data-element_type=\"column\" data-e-type=\"column\" id=\"sticky\">\n\t\t\t<div class=\"elementor-widget-wrap elementor-element-populated\">\n\t\t\t\t\t\t<div class=\"elementor-element elementor-element-5525283 elementor-widget elementor-widget-global elementor-global-1129 elementor-widget-wp-widget-nav_menu\" data-id=\"5525283\" data-element_type=\"widget\" data-e-type=\"widget\" data-widget_type=\"wp-widget-nav_menu.default\">\n\t\t\t\t<div class=\"elementor-widget-container\">\n\t\t\t\t\t<nav class=\"menu-menu-sidebar-tcheque-container\" aria-label=\"Menu\"><ul id=\"menu-menu-sidebar-tcheque\" class=\"menu\"><li id=\"menu-item-4418\" class=\"menu-item menu-item-type-post_type menu-item-object-page menu-item-has-children menu-item-4418\"><a href=\"https:\/\/renaud-reynek.com\/cs\/suzanne-renaud\/\"><span style=\"text-decoration: underline; color: #191970\">Suzanne RENAUD<\/span><\/a>\n<ul class=\"sub-menu\">\n\t<li id=\"menu-item-8837\" class=\"menu-item menu-item-type-post_type menu-item-object-page menu-item-8837\"><a href=\"https:\/\/renaud-reynek.com\/cs\/suzanne-renaud\/suzanne-renaud-zivotni-udaje\/\">Bibliografick\u00e9 \u00fadaje<\/a><\/li>\n\t<li id=\"menu-item-5446\" class=\"menu-item menu-item-type-post_type menu-item-object-page menu-item-5446\"><a href=\"https:\/\/renaud-reynek.com\/cs\/suzanne-renaud\/suzanne-renaud-literarni-dilo\/\">Liter\u00e1rn\u00ed d\u00edlo<\/a><\/li>\n\t<li id=\"menu-item-5551\" class=\"menu-item menu-item-type-post_type menu-item-object-page menu-item-5551\"><a href=\"https:\/\/renaud-reynek.com\/cs\/suzanne-renaud\/suzanne-renaud-basne\/\">B\u00e1sn\u011b<\/a><\/li>\n<\/ul>\n<\/li>\n<li id=\"menu-item-4419\" class=\"sidebar-titre menu-item menu-item-type-post_type menu-item-object-page menu-item-has-children menu-item-4419\"><a href=\"https:\/\/renaud-reynek.com\/cs\/bohuslav-reynek\/\"><span style=\"text-decoration: underline; color: #191970\">Bohuslav REYNEK<\/span><\/a>\n<ul class=\"sub-menu\">\n\t<li id=\"menu-item-5646\" class=\"menu-item menu-item-type-post_type menu-item-object-page menu-item-5646\"><a href=\"https:\/\/renaud-reynek.com\/cs\/bohuslav-reynek\/zivotni-udaje\/\">Bibliografick\u00e9 \u00fadaje<\/a><\/li>\n\t<li id=\"menu-item-5632\" class=\"menu-item menu-item-type-post_type menu-item-object-page menu-item-5632\"><a href=\"https:\/\/renaud-reynek.com\/cs\/bohuslav-reynek\/bohuslav-reynek-literarni-dilo\/\">Liter\u00e1rn\u00ed d\u00edlo<\/a><\/li>\n\t<li id=\"menu-item-5644\" class=\"menu-item menu-item-type-post_type menu-item-object-page menu-item-5644\"><a href=\"https:\/\/renaud-reynek.com\/cs\/bohuslav-reynek\/bohuslav-reynek-basne\/\">B\u00e1sn\u011b<\/a><\/li>\n\t<li id=\"menu-item-4420\" class=\"menu-item menu-item-type-post_type menu-item-object-page menu-item-4420\"><a href=\"https:\/\/renaud-reynek.com\/cs\/bohuslav-reynek\/bohuslav-reynek-graficke-dilo\/\">Grafick\u00e9 d\u00edlo<\/a><\/li>\n\t<li id=\"menu-item-4421\" class=\"menu-item menu-item-type-post_type menu-item-object-page menu-item-4421\"><a href=\"https:\/\/renaud-reynek.com\/cs\/bohuslav-reynek\/bohuslav-reynek-katalog-raisonne\/\">Katalog raisonn\u00e9<\/a><\/li>\n<\/ul>\n<\/li>\n<li id=\"menu-item-6144\" class=\"menu-item menu-item-type-post_type menu-item-object-page menu-item-6144\"><a href=\"https:\/\/renaud-reynek.com\/cs\/katalog-nakladatelstvi\/\"><span style=\"text-decoration: underline; color: #191970\">Katalog nakladatelstv\u00ed<\/span><\/a><\/li>\n<li id=\"menu-item-4426\" class=\"sidebar-titre menu-item menu-item-type-post_type menu-item-object-page menu-item-has-children menu-item-4426\"><a href=\"https:\/\/renaud-reynek.com\/cs\/aktuality\/\"><span style=\"text-decoration: underline; color: #191970\">Aktuality<\/span><\/a>\n<ul class=\"sub-menu\">\n\t<li id=\"menu-item-7711\" class=\"menu-item menu-item-type-post_type menu-item-object-page menu-item-7711\"><a href=\"https:\/\/renaud-reynek.com\/cs\/aktuality\/pripravujeme\/\">P\u0159ipravujeme<\/a><\/li>\n\t<li id=\"menu-item-7710\" class=\"menu-item menu-item-type-post_type menu-item-object-page menu-item-7710\"><a href=\"https:\/\/renaud-reynek.com\/cs\/aktuality\/aktuality\/\">Zpr\u00e1vy<\/a><\/li>\n<\/ul>\n<\/li>\n<li id=\"menu-item-4422\" class=\"sidebar-titre menu-item menu-item-type-post_type menu-item-object-page menu-item-has-children menu-item-4422\"><a href=\"https:\/\/renaud-reynek.com\/cs\/romarin\/\"><span style=\"text-decoration: underline; color: #191970\">Romarin<\/span><\/a>\n<ul class=\"sub-menu\">\n\t<li id=\"menu-item-4423\" class=\"menu-item menu-item-type-post_type menu-item-object-page menu-item-4423\"><a href=\"https:\/\/renaud-reynek.com\/cs\/romarin\/publikace-on-line\/\">Publikace on-line<\/a><\/li>\n\t<li id=\"menu-item-5660\" class=\"menu-item menu-item-type-post_type menu-item-object-page menu-item-5660\"><a href=\"https:\/\/renaud-reynek.com\/cs\/romarin\/archiv\/\">Archiv<\/a><\/li>\n\t<li id=\"menu-item-4424\" class=\"bulletin-adhesion menu-item menu-item-type-custom menu-item-object-custom menu-item-4424\"><a>St\u00e1t se \u010dlenem<\/a><\/li>\n<\/ul>\n<\/li>\n<li id=\"menu-item-4425\" class=\"sidebar-titre menu-item menu-item-type-post_type menu-item-object-page menu-item-has-children menu-item-4425\"><a href=\"https:\/\/renaud-reynek.com\/cs\/dotation-renaud-reynek\/\"><span style=\"text-decoration: underline; color: #191970\">Nadace Renaud Reynek<\/span><\/a>\n<ul class=\"sub-menu\">\n\t<li id=\"menu-item-5663\" class=\"menu-item menu-item-type-post_type menu-item-object-page menu-item-5663\"><a href=\"https:\/\/renaud-reynek.com\/cs\/dotation-renaud-reynek\/nadace-renaud-reynek-vystavy-drr-2013\/\">V\u00fdstavy DRR<\/a><\/li>\n\t<li id=\"menu-item-5661\" class=\"menu-item menu-item-type-post_type menu-item-object-page menu-item-5661\"><a href=\"https:\/\/renaud-reynek.com\/cs\/dotation-renaud-reynek\/nadace-renaud-reynek-fototeka-drr\/\">Fotot\u00e9ka DRR<\/a><\/li>\n\t<li id=\"menu-item-5662\" class=\"menu-item menu-item-type-post_type menu-item-object-page menu-item-5662\"><a href=\"https:\/\/renaud-reynek.com\/cs\/dotation-renaud-reynek\/nadace-renaud-reynek\/\">Knihovna DRR<\/a><\/li>\n<\/ul>\n<\/li>\n<li id=\"menu-item-4427\" class=\"sidebar-titre menu-item menu-item-type-post_type menu-item-object-page menu-item-4427\"><a href=\"https:\/\/renaud-reynek.com\/cs\/kontakt\/\"><span style=\"text-decoration: underline; color: #191970\">Kontakt<\/span><\/a><\/li>\n<li id=\"menu-item-4428\" class=\"sidebar-titre menu-item menu-item-type-custom menu-item-object-custom menu-item-4428\"><a><a style=\"text-decoration: underline; color: #191970;\" href=\"http:\/\/catalogue-bohuslavreynek.com\/fmi\/iwp\/cgi?dbpath=%2Ffmi%2Fiwp%2Fcgi%3F-db%3DCatalogue_Reynek%26-startsession&#038;acct=account&#038;name=Web&#038;password=Web&#038;login=Login&#038;-authdb\" target=\"_blank\" rel=\"noopener noreferrer\">Catalogue raisonn\u00e9 Reynek (P\u0159\u00edm\u00fd p\u0159\u00edstup)<\/a><\/a><\/li>\n<\/ul><\/nav>\t\t\t\t<\/div>\n\t\t\t\t<\/div>\n\t\t\t\t\t<\/div>\n\t\t<\/div>\n\t\t\t\t<div class=\"elementor-column elementor-col-50 elementor-top-column elementor-element elementor-element-9ed03c8\" data-id=\"9ed03c8\" data-element_type=\"column\" data-e-type=\"column\">\n\t\t\t<div class=\"elementor-widget-wrap elementor-element-populated\">\n\t\t\t\t\t\t<section class=\"elementor-section elementor-inner-section elementor-element elementor-element-b0ab09d elementor-section-boxed elementor-section-height-default elementor-section-height-default\" data-id=\"b0ab09d\" data-element_type=\"section\" data-e-type=\"section\">\n\t\t\t\t\t\t<div class=\"elementor-container elementor-column-gap-default\">\n\t\t\t\t\t<div class=\"elementor-column elementor-col-50 elementor-inner-column elementor-element elementor-element-b8fffb5\" data-id=\"b8fffb5\" data-element_type=\"column\" data-e-type=\"column\">\n\t\t\t<div class=\"elementor-widget-wrap elementor-element-populated\">\n\t\t\t\t\t\t<div class=\"elementor-element elementor-element-e363f8c elementor-widget elementor-widget-text-editor\" data-id=\"e363f8c\" data-element_type=\"widget\" data-e-type=\"widget\" data-widget_type=\"text-editor.default\">\n\t\t\t\t<div class=\"elementor-widget-container\">\n\t\t\t\t\t\t\t\t\t<p>Suzanne Renaudov\u00e1, francouzsk\u00e1 b\u00e1sn\u00ed\u0159ka, man\u017eelka \u010desk\u00e9ho b\u00e1sn\u00edka a grafika Bohuslava Reynka, \u017eila a\u017e do roku 1936 v Grenoblu, pot\u00e9 pob\u00fdvala a\u017e do sv\u00e9 smrti v Petrkov\u011b v \u010cech\u00e1ch. Jej\u00ed b\u00e1snick\u00e9 d\u00edlo bylo z velk\u00e9 \u010d\u00e1sti publikov\u00e1no za jej\u00edho \u017eivota v \u010ceskoslovensku v p\u0159ekladu jej\u00edho man\u017eela a s doprovodem jeho v\u00fdtvarn\u00e9ho d\u00edla:\u00a0<em>K\u0159\u00eddla z popele<\/em>\u00a0(1932),\u00a0<em>Chv\u00e1la ob\u011bti<\/em>\u00a0(1939),\u00a0<em>Dve\u0159e v p\u0159\u00edtm\u00ed<\/em>\u00a0(1947). Pozd\u011bji vy\u0161ly nov\u00e9 p\u0159eklady do \u010de\u0161tiny:\u00a0<em>Tu\u0161en\u00fd \u00fasvit<\/em>\u00a0(1982),\u00a0<em>K podzimu<\/em>\u00a0(1992).<\/p>\n<p>Ve Francii dnes objevujeme tuto velmi \u010distou francouzskou poezii, kter\u00e1 byla dlouh\u00e1 des\u00edtilet\u00ed ukryta za \u201e\u017deleznou oponou\u201c. Nakladatelstv\u00ed Romarin vydalo souborn\u00e9 b\u00e1snick\u00e9 d\u00edlo Suzanne Renaudov\u00e9 ve dvou svazc\u00edch v letech 1995 (<em>\u0152uvres \u2013 D\u00edlo<\/em>) a 1999 (<em>\u0152uvres. Les gonds du silence<\/em>) [D\u00edlo. St\u011b\u017eeje ticha].<\/p>\n\t\t\t\t\t\t\t\t<\/div>\n\t\t\t\t<\/div>\n\t\t\t\t\t<\/div>\n\t\t<\/div>\n\t\t\t\t<div class=\"elementor-column elementor-col-50 elementor-inner-column elementor-element elementor-element-94366f3\" data-id=\"94366f3\" data-element_type=\"column\" data-e-type=\"column\">\n\t\t\t<div class=\"elementor-widget-wrap elementor-element-populated\">\n\t\t\t\t\t\t<div class=\"elementor-element elementor-element-36af88b elementor-widget elementor-widget-image\" data-id=\"36af88b\" data-element_type=\"widget\" data-e-type=\"widget\" data-widget_type=\"image.default\">\n\t\t\t\t<div class=\"elementor-widget-container\">\n\t\t\t\t\t\t\t\t\t\t\t\t\t\t\t\t<a href=\"https:\/\/renaud-reynek.com\/wp-content\/uploads\/2020\/01\/S.Renaud-1950.jpg\" data-elementor-open-lightbox=\"yes\" data-e-action-hash=\"#elementor-action%3Aaction%3Dlightbox%26settings%3DeyJpZCI6MTg3OSwidXJsIjoiaHR0cHM6XC9cL3JlbmF1ZC1yZXluZWsuY29tXC93cC1jb250ZW50XC91cGxvYWRzXC8yMDIwXC8wMVwvUy5SZW5hdWQtMTk1MC5qcGcifQ%3D%3D\">\n\t\t\t\t\t\t\t<img fetchpriority=\"high\" decoding=\"async\" width=\"725\" height=\"1024\" src=\"https:\/\/renaud-reynek.com\/wp-content\/uploads\/2020\/01\/S.Renaud-1950-725x1024.jpg\" class=\"attachment-large size-large wp-image-1879\" alt=\"\" srcset=\"https:\/\/renaud-reynek.com\/wp-content\/uploads\/2020\/01\/S.Renaud-1950-725x1024.jpg 725w, https:\/\/renaud-reynek.com\/wp-content\/uploads\/2020\/01\/S.Renaud-1950-600x847.jpg 600w, https:\/\/renaud-reynek.com\/wp-content\/uploads\/2020\/01\/S.Renaud-1950-213x300.jpg 213w, https:\/\/renaud-reynek.com\/wp-content\/uploads\/2020\/01\/S.Renaud-1950-768x1084.jpg 768w, https:\/\/renaud-reynek.com\/wp-content\/uploads\/2020\/01\/S.Renaud-1950-1088x1536.jpg 1088w, https:\/\/renaud-reynek.com\/wp-content\/uploads\/2020\/01\/S.Renaud-1950.jpg 1360w\" sizes=\"(max-width: 725px) 100vw, 725px\" \/>\t\t\t\t\t\t\t\t<\/a>\n\t\t\t\t\t\t\t\t\t\t\t\t\t\t\t<\/div>\n\t\t\t\t<\/div>\n\t\t\t\t\t<\/div>\n\t\t<\/div>\n\t\t\t\t\t<\/div>\n\t\t<\/section>\n\t\t\t\t<section class=\"elementor-section elementor-inner-section elementor-element elementor-element-b430d68 elementor-section-boxed elementor-section-height-default elementor-section-height-default\" data-id=\"b430d68\" data-element_type=\"section\" data-e-type=\"section\">\n\t\t\t\t\t\t<div class=\"elementor-container elementor-column-gap-default\">\n\t\t\t\t\t<div class=\"elementor-column elementor-col-100 elementor-inner-column elementor-element elementor-element-473eb8e\" data-id=\"473eb8e\" data-element_type=\"column\" data-e-type=\"column\">\n\t\t\t<div class=\"elementor-widget-wrap elementor-element-populated\">\n\t\t\t\t\t\t<div class=\"elementor-element elementor-element-8916d4f elementor-widget elementor-widget-text-editor\" data-id=\"8916d4f\" data-element_type=\"widget\" data-e-type=\"widget\" data-widget_type=\"text-editor.default\">\n\t\t\t\t<div class=\"elementor-widget-container\">\n\t\t\t\t\t\t\t\t\t<p>Suzanne Renaudov\u00e1 rovn\u011b\u017e p\u0159elo\u017eila do francouz\u0161tiny \u010desk\u00e9 lidov\u00e9 p\u00edsn\u011b a b\u00e1sn\u011b, kter\u00e9 pak byly vyd\u00e1ny v Grenoblu v roce 1992. V roce 2002 vy\u0161lo jejich druh\u00e9, dvojjazy\u010dn\u00e9 vyd\u00e1n\u00ed pod n\u00e1zvem\u00a0<em>Romarin ou Annette et Jean<\/em>\u00a0[Rozmar\u00fdn aneb Ani\u010dka a Jan\u00ed\u010dek]. Nakladatelstv\u00ed Romarin vydalo pod n\u00e1zvem\u00a0<em>Un po<\/em><em>\u00e8<\/em><em>te parle aux enfants<\/em>\u00a0[B\u00e1sn\u00edk vypr\u00e1v\u00ed d\u011btem] i jej\u00ed p\u0159eklady b\u00e1sn\u00ed Franti\u0161ka Halase.<\/p>\n\t\t\t\t\t\t\t\t<\/div>\n\t\t\t\t<\/div>\n\t\t\t\t\t<\/div>\n\t\t<\/div>\n\t\t\t\t\t<\/div>\n\t\t<\/section>\n\t\t\t\t\t<\/div>\n\t\t<\/div>\n\t\t\t\t\t<\/div>\n\t\t<\/section>\n\t\t\t\t<\/div>\n\t\t","protected":false},"excerpt":{"rendered":"<p>Suzanne Renaud Lyon 1889 &#8211; Havl\u00ed\u010dk\u016fv Brod 1964 Suzanne Renaudov\u00e1, francouzsk\u00e1 b\u00e1sn\u00ed\u0159ka, man\u017eelka \u010desk\u00e9ho b\u00e1sn\u00edka a grafika Bohuslava Reynka, \u017eila a\u017e do roku 1936 v Grenoblu, pot\u00e9 pob\u00fdvala a\u017e do sv\u00e9 smrti v Petrkov\u011b v \u010cech\u00e1ch. Jej\u00ed b\u00e1snick\u00e9 d\u00edlo bylo z velk\u00e9 \u010d\u00e1sti publikov\u00e1no za jej\u00edho \u017eivota v \u010ceskoslovensku v p\u0159ekladu jej\u00edho man\u017eela a s [&#8230;]<\/p>\n","protected":false},"author":1,"featured_media":0,"parent":0,"menu_order":0,"comment_status":"closed","ping_status":"closed","template":"","meta":{"_acf_changed":false,"footnotes":""},"class_list":["post-2141","page","type-page","status-publish","hentry"],"acf":[],"yoast_head":"<!-- This site is optimized with the Yoast SEO plugin v27.4 - https:\/\/yoast.com\/product\/yoast-seo-wordpress\/ -->\n<title>Les Amis de Suzanne Renaud &amp; Bohuslav Reynek - Suzanne RENAUD<\/title>\n<meta name=\"description\" content=\"Site de l&#039;Association Romarin. D\u00e9couvrez les \u0153uvres du graveur tch\u00e8que Bohuslav Reynek et de Suzanne Renaud, po\u00e8te, son \u00e9pouse grenobloise.\" \/>\n<meta name=\"robots\" content=\"index, follow, max-snippet:-1, max-image-preview:large, max-video-preview:-1\" \/>\n<link rel=\"canonical\" href=\"https:\/\/renaud-reynek.com\/cs\/suzanne-renaud\/\" \/>\n<meta property=\"og:locale\" content=\"cs_CZ\" \/>\n<meta property=\"og:type\" content=\"article\" \/>\n<meta property=\"og:title\" content=\"Les Amis de Suzanne Renaud &amp; Bohuslav Reynek - Suzanne RENAUD\" \/>\n<meta property=\"og:description\" content=\"Site de l&#039;Association Romarin. D\u00e9couvrez les \u0153uvres du graveur tch\u00e8que Bohuslav Reynek et de Suzanne Renaud, po\u00e8te, son \u00e9pouse grenobloise.\" \/>\n<meta property=\"og:url\" content=\"https:\/\/renaud-reynek.com\/cs\/suzanne-renaud\/\" \/>\n<meta property=\"og:site_name\" content=\"Association Romarin\" \/>\n<meta property=\"article:modified_time\" content=\"2020-08-07T12:49:30+00:00\" \/>\n<meta property=\"og:image\" content=\"https:\/\/renaud-reynek.com\/wp-content\/uploads\/2020\/01\/S.Renaud-1950-725x1024.jpg\" \/>\n<meta name=\"twitter:card\" content=\"summary_large_image\" \/>\n<meta name=\"twitter:label1\" content=\"Odhadovan\u00e1 doba \u010dten\u00ed\" \/>\n\t<meta name=\"twitter:data1\" content=\"1 minuta\" \/>\n<script type=\"application\/ld+json\" class=\"yoast-schema-graph\">{\"@context\":\"https:\\\/\\\/schema.org\",\"@graph\":[{\"@type\":\"WebPage\",\"@id\":\"https:\\\/\\\/renaud-reynek.com\\\/cs\\\/suzanne-renaud\\\/\",\"url\":\"https:\\\/\\\/renaud-reynek.com\\\/cs\\\/suzanne-renaud\\\/\",\"name\":\"Les Amis de Suzanne Renaud & Bohuslav Reynek - Suzanne RENAUD\",\"isPartOf\":{\"@id\":\"https:\\\/\\\/renaud-reynek.com\\\/cs\\\/#website\"},\"primaryImageOfPage\":{\"@id\":\"https:\\\/\\\/renaud-reynek.com\\\/cs\\\/suzanne-renaud\\\/#primaryimage\"},\"image\":{\"@id\":\"https:\\\/\\\/renaud-reynek.com\\\/cs\\\/suzanne-renaud\\\/#primaryimage\"},\"thumbnailUrl\":\"https:\\\/\\\/renaud-reynek.com\\\/wp-content\\\/uploads\\\/2020\\\/01\\\/S.Renaud-1950-725x1024.jpg\",\"datePublished\":\"2020-02-17T10:13:46+00:00\",\"dateModified\":\"2020-08-07T12:49:30+00:00\",\"description\":\"Site de l'Association Romarin. D\u00e9couvrez les \u0153uvres du graveur tch\u00e8que Bohuslav Reynek et de Suzanne Renaud, po\u00e8te, son \u00e9pouse grenobloise.\",\"breadcrumb\":{\"@id\":\"https:\\\/\\\/renaud-reynek.com\\\/cs\\\/suzanne-renaud\\\/#breadcrumb\"},\"inLanguage\":\"cs\",\"potentialAction\":[{\"@type\":\"ReadAction\",\"target\":[\"https:\\\/\\\/renaud-reynek.com\\\/cs\\\/suzanne-renaud\\\/\"]}]},{\"@type\":\"ImageObject\",\"inLanguage\":\"cs\",\"@id\":\"https:\\\/\\\/renaud-reynek.com\\\/cs\\\/suzanne-renaud\\\/#primaryimage\",\"url\":\"https:\\\/\\\/renaud-reynek.com\\\/wp-content\\\/uploads\\\/2020\\\/01\\\/S.Renaud-1950-725x1024.jpg\",\"contentUrl\":\"https:\\\/\\\/renaud-reynek.com\\\/wp-content\\\/uploads\\\/2020\\\/01\\\/S.Renaud-1950-725x1024.jpg\"},{\"@type\":\"BreadcrumbList\",\"@id\":\"https:\\\/\\\/renaud-reynek.com\\\/cs\\\/suzanne-renaud\\\/#breadcrumb\",\"itemListElement\":[{\"@type\":\"ListItem\",\"position\":1,\"name\":\"Accueil\",\"item\":\"https:\\\/\\\/renaud-reynek.com\\\/cs\\\/\"},{\"@type\":\"ListItem\",\"position\":2,\"name\":\"Suzanne RENAUD\"}]},{\"@type\":\"WebSite\",\"@id\":\"https:\\\/\\\/renaud-reynek.com\\\/cs\\\/#website\",\"url\":\"https:\\\/\\\/renaud-reynek.com\\\/cs\\\/\",\"name\":\"Association Romarin\",\"description\":\"Les Amis de Suzanne Renaud et Bohuslav Reynek\",\"potentialAction\":[{\"@type\":\"SearchAction\",\"target\":{\"@type\":\"EntryPoint\",\"urlTemplate\":\"https:\\\/\\\/renaud-reynek.com\\\/cs\\\/?s={search_term_string}\"},\"query-input\":{\"@type\":\"PropertyValueSpecification\",\"valueRequired\":true,\"valueName\":\"search_term_string\"}}],\"inLanguage\":\"cs\"}]}<\/script>\n<!-- \/ Yoast SEO plugin. -->","yoast_head_json":{"title":"Les Amis de Suzanne Renaud & Bohuslav Reynek - Suzanne RENAUD","description":"Site de l'Association Romarin. D\u00e9couvrez les \u0153uvres du graveur tch\u00e8que Bohuslav Reynek et de Suzanne Renaud, po\u00e8te, son \u00e9pouse grenobloise.","robots":{"index":"index","follow":"follow","max-snippet":"max-snippet:-1","max-image-preview":"max-image-preview:large","max-video-preview":"max-video-preview:-1"},"canonical":"https:\/\/renaud-reynek.com\/cs\/suzanne-renaud\/","og_locale":"cs_CZ","og_type":"article","og_title":"Les Amis de Suzanne Renaud & Bohuslav Reynek - Suzanne RENAUD","og_description":"Site de l'Association Romarin. D\u00e9couvrez les \u0153uvres du graveur tch\u00e8que Bohuslav Reynek et de Suzanne Renaud, po\u00e8te, son \u00e9pouse grenobloise.","og_url":"https:\/\/renaud-reynek.com\/cs\/suzanne-renaud\/","og_site_name":"Association Romarin","article_modified_time":"2020-08-07T12:49:30+00:00","og_image":[{"url":"https:\/\/renaud-reynek.com\/wp-content\/uploads\/2020\/01\/S.Renaud-1950-725x1024.jpg","type":"","width":"","height":""}],"twitter_card":"summary_large_image","twitter_misc":{"Odhadovan\u00e1 doba \u010dten\u00ed":"1 minuta"},"schema":{"@context":"https:\/\/schema.org","@graph":[{"@type":"WebPage","@id":"https:\/\/renaud-reynek.com\/cs\/suzanne-renaud\/","url":"https:\/\/renaud-reynek.com\/cs\/suzanne-renaud\/","name":"Les Amis de Suzanne Renaud & Bohuslav Reynek - Suzanne RENAUD","isPartOf":{"@id":"https:\/\/renaud-reynek.com\/cs\/#website"},"primaryImageOfPage":{"@id":"https:\/\/renaud-reynek.com\/cs\/suzanne-renaud\/#primaryimage"},"image":{"@id":"https:\/\/renaud-reynek.com\/cs\/suzanne-renaud\/#primaryimage"},"thumbnailUrl":"https:\/\/renaud-reynek.com\/wp-content\/uploads\/2020\/01\/S.Renaud-1950-725x1024.jpg","datePublished":"2020-02-17T10:13:46+00:00","dateModified":"2020-08-07T12:49:30+00:00","description":"Site de l'Association Romarin. D\u00e9couvrez les \u0153uvres du graveur tch\u00e8que Bohuslav Reynek et de Suzanne Renaud, po\u00e8te, son \u00e9pouse grenobloise.","breadcrumb":{"@id":"https:\/\/renaud-reynek.com\/cs\/suzanne-renaud\/#breadcrumb"},"inLanguage":"cs","potentialAction":[{"@type":"ReadAction","target":["https:\/\/renaud-reynek.com\/cs\/suzanne-renaud\/"]}]},{"@type":"ImageObject","inLanguage":"cs","@id":"https:\/\/renaud-reynek.com\/cs\/suzanne-renaud\/#primaryimage","url":"https:\/\/renaud-reynek.com\/wp-content\/uploads\/2020\/01\/S.Renaud-1950-725x1024.jpg","contentUrl":"https:\/\/renaud-reynek.com\/wp-content\/uploads\/2020\/01\/S.Renaud-1950-725x1024.jpg"},{"@type":"BreadcrumbList","@id":"https:\/\/renaud-reynek.com\/cs\/suzanne-renaud\/#breadcrumb","itemListElement":[{"@type":"ListItem","position":1,"name":"Accueil","item":"https:\/\/renaud-reynek.com\/cs\/"},{"@type":"ListItem","position":2,"name":"Suzanne RENAUD"}]},{"@type":"WebSite","@id":"https:\/\/renaud-reynek.com\/cs\/#website","url":"https:\/\/renaud-reynek.com\/cs\/","name":"Association Romarin","description":"Les Amis de Suzanne Renaud et Bohuslav Reynek","potentialAction":[{"@type":"SearchAction","target":{"@type":"EntryPoint","urlTemplate":"https:\/\/renaud-reynek.com\/cs\/?s={search_term_string}"},"query-input":{"@type":"PropertyValueSpecification","valueRequired":true,"valueName":"search_term_string"}}],"inLanguage":"cs"}]}},"_links":{"self":[{"href":"https:\/\/renaud-reynek.com\/cs\/wp-json\/wp\/v2\/pages\/2141","targetHints":{"allow":["GET"]}}],"collection":[{"href":"https:\/\/renaud-reynek.com\/cs\/wp-json\/wp\/v2\/pages"}],"about":[{"href":"https:\/\/renaud-reynek.com\/cs\/wp-json\/wp\/v2\/types\/page"}],"author":[{"embeddable":true,"href":"https:\/\/renaud-reynek.com\/cs\/wp-json\/wp\/v2\/users\/1"}],"replies":[{"embeddable":true,"href":"https:\/\/renaud-reynek.com\/cs\/wp-json\/wp\/v2\/comments?post=2141"}],"version-history":[{"count":0,"href":"https:\/\/renaud-reynek.com\/cs\/wp-json\/wp\/v2\/pages\/2141\/revisions"}],"wp:attachment":[{"href":"https:\/\/renaud-reynek.com\/cs\/wp-json\/wp\/v2\/media?parent=2141"}],"curies":[{"name":"wp","href":"https:\/\/api.w.org\/{rel}","templated":true}]}}